{"id":78161,"date":"2020-08-14T12:43:08","date_gmt":"2020-08-14T10:43:08","guid":{"rendered":"https:\/\/coelectrix.com\/politica-de-privacidade"},"modified":"2025-08-19T06:36:31","modified_gmt":"2025-08-19T04:36:31","slug":"politica-de-privacidade","status":"publish","type":"page","link":"https:\/\/coelectrix.com\/pt-pt\/politica-de-privacidade","title":{"rendered":"Pol\u00edtica de privacidade"},"content":{"rendered":"\n<p><strong>CONTROLADOR DE DADOS<\/strong><\/p>\n\n<p>COELECTRIX.COM (RINAFILS, S.L.) B62610357, com endere\u00e7o em C\/ Pica d&#8217;Estats, 44, 08272, Sant Fruit\u00f3s de Bages Telefone 938736324 e correio eletr\u00f3nico <a href=\"mailto:info@coelectrix.com\" rel=\"nofollow\">info@coelectrix.com<\/a><\/p>\n\n<p><strong>OBJECTIVO<\/strong><\/p>\n\n<p>A finalidade da cria\u00e7\u00e3o, exist\u00eancia e manuten\u00e7\u00e3o \u00e9 o tratamento de dados com o \u00fanico objetivo de cumprir a nossa rela\u00e7\u00e3o comercial, e efetuar a fatura\u00e7\u00e3o da mesma.<\/p>\n\n<p><strong>LEGITIMIDADE<\/strong><\/p>\n\n<p>A base jur\u00eddica para o tratamento dos seus dados \u00e9 a execu\u00e7\u00e3o da rela\u00e7\u00e3o comercial entre a pessoa em causa e o respons\u00e1vel pelo tratamento de dados e essas informa\u00e7\u00f5es pessoais ser\u00e3o conservadas enquanto se mantiver a rela\u00e7\u00e3o comercial\/contratual ou enquanto for estritamente necess\u00e1rio para cumprir obriga\u00e7\u00f5es legais.<\/p>\n\n<p><strong>COMUNICA\u00c7\u00d5ES COMERCIAIS<\/strong><\/p>\n\n<p>Do mesmo modo, e com base no seu consentimento afirmativo e expresso, autoriza-nos a enviar-lhe informa\u00e7\u00f5es comerciais sobre os nossos produtos e novidades por correio eletr\u00f3nico. Este consentimento pode ser revogado em qualquer altura, enviando uma mensagem de correio eletr\u00f3nico para info@coelectrix.com.<\/p>\n\n<p><strong>PER\u00cdODO DE RETEN\u00c7\u00c3O<\/strong><\/p>\n\n<p>Os dados fornecidos ser\u00e3o conservados durante a vig\u00eancia da rela\u00e7\u00e3o comercial ou durante os anos necess\u00e1rios para cumprir as obriga\u00e7\u00f5es legais.<\/p>\n\n<p><strong>ALVO<\/strong><\/p>\n\n<p>A RINAFILS, S.L. n\u00e3o ceder\u00e1 os dados a terceiros durante o per\u00edodo de tratamento dos dados do interessado, exceto se for legalmente obrigada a faz\u00ea-lo.<\/p>\n\n<p>Nos casos em que se recorra aos servi\u00e7os de terceiros para efetuar tratamentos administrativos, fiscais, contabil\u00edsticos e\/ou comerciais, o contrato obrigat\u00f3rio de subcontrata\u00e7\u00e3o deve ser devidamente formalizado, de modo a garantir a seguran\u00e7a e a confidencialidade dos dados da pessoa em causa em rela\u00e7\u00e3o a terceiros.<\/p>\n\n<p><strong>DIREITOS<\/strong><\/p>\n\n<p>As partes interessadas t\u00eam o direito de aceder aos seus dados pessoais, bem como de solicitar a retifica\u00e7\u00e3o dos dados inexactos ou, se for caso disso, solicitar o seu apagamento quando, entre outros motivos, os dados j\u00e1 n\u00e3o forem necess\u00e1rios para a finalidade para a qual foram fornecidos, bem como de retirar o consentimento dado. O exerc\u00edcio da oposi\u00e7\u00e3o ao tratamento dos seus dados para o envio de informa\u00e7\u00f5es publicit\u00e1rias por meios electr\u00f3nicos. Pode tamb\u00e9m exercer o seu direito \u00e0 limita\u00e7\u00e3o do tratamento, de modo a que os seus dados n\u00e3o sejam eliminados, mas o seu tratamento seja sujeito a limita\u00e7\u00f5es.<\/p>\n\n<p>Os exerc\u00edcios de portabilidade e de automatiza\u00e7\u00e3o da decis\u00e3o n\u00e3o se aplicam neste caso devido ao tipo de dados e ao seu tratamento.<\/p>\n","protected":false},"excerpt":{"rendered":"<p>CONTROLADOR DE DADOS COELECTRIX.COM (RINAFILS, S.L.) B62610357, com endere\u00e7o em C\/ Pica d&#8217;Estats, 44, 08272, Sant Fruit\u00f3s de Bages Telefone 938736324 e correio eletr\u00f3nico info@coelectrix.com OBJECTIVO A finalidade da cria\u00e7\u00e3o, exist\u00eancia e manuten\u00e7\u00e3o \u00e9 o tratamento de dados com o \u00fanico objetivo de cumprir a nossa rela\u00e7\u00e3o comercial, e efetuar a fatura\u00e7\u00e3o da mesma. LEGITIMIDADE [&hellip;]<\/p>\n","protected":false},"author":5630,"featured_media":0,"parent":0,"menu_order":0,"comment_status":"closed","ping_status":"closed","template":"","meta":{"_acf_changed":false,"footnotes":""},"class_list":["post-78161","page","type-page","status-publish","hentry"],"acf":[],"yoast_head":"<!-- This site is optimized with the Yoast SEO plugin v27.2 - https:\/\/yoast.com\/product\/yoast-seo-wordpress\/ -->\n<title>Pol\u00edtica de privacidade | Coelectrix<\/title>\n<meta name=\"robots\" content=\"noindex, follow\" \/>\n<meta property=\"og:locale\" content=\"pt_PT\" \/>\n<meta property=\"og:type\" content=\"article\" \/>\n<meta property=\"og:title\" content=\"Pol\u00edtica de privacidade | Coelectrix\" \/>\n<meta property=\"og:description\" content=\"CONTROLADOR DE DADOS COELECTRIX.COM (RINAFILS, S.L.) B62610357, com endere\u00e7o em C\/ Pica d&#8217;Estats, 44, 08272, Sant Fruit\u00f3s de Bages Telefone 938736324 e correio eletr\u00f3nico info@coelectrix.com OBJECTIVO A finalidade da cria\u00e7\u00e3o, exist\u00eancia e manuten\u00e7\u00e3o \u00e9 o tratamento de dados com o \u00fanico objetivo de cumprir a nossa rela\u00e7\u00e3o comercial, e efetuar a fatura\u00e7\u00e3o da mesma. LEGITIMIDADE [&hellip;]\" \/>\n<meta property=\"og:url\" content=\"https:\/\/coelectrix.com\/pt-pt\/politica-de-privacidade\" \/>\n<meta property=\"og:site_name\" content=\"Coelectrix\" \/>\n<meta property=\"article:modified_time\" content=\"2025-08-19T04:36:31+00:00\" \/>\n<meta name=\"twitter:card\" content=\"summary_large_image\" \/>\n<meta name=\"twitter:label1\" content=\"Tempo estimado de leitura\" \/>\n\t<meta name=\"twitter:data1\" content=\"2 minutos\" \/>\n<script type=\"application\/ld+json\" class=\"yoast-schema-graph\">{\"@context\":\"https:\/\/schema.org\",\"@graph\":[{\"@type\":\"WebPage\",\"@id\":\"https:\/\/coelectrix.com\/pt-pt\/politica-de-privacidade\",\"url\":\"https:\/\/coelectrix.com\/pt-pt\/politica-de-privacidade\",\"name\":\"Pol\u00edtica de privacidade | Coelectrix\",\"isPartOf\":{\"@id\":\"https:\/\/coelectrix.com\/pt-pt\/#website\"},\"datePublished\":\"2020-08-14T10:43:08+00:00\",\"dateModified\":\"2025-08-19T04:36:31+00:00\",\"breadcrumb\":{\"@id\":\"https:\/\/coelectrix.com\/pt-pt\/politica-de-privacidade#breadcrumb\"},\"inLanguage\":\"pt-PT\",\"potentialAction\":[{\"@type\":\"ReadAction\",\"target\":[\"https:\/\/coelectrix.com\/pt-pt\/politica-de-privacidade\"]}]},{\"@type\":\"BreadcrumbList\",\"@id\":\"https:\/\/coelectrix.com\/pt-pt\/politica-de-privacidade#breadcrumb\",\"itemListElement\":[{\"@type\":\"ListItem\",\"position\":1,\"name\":\"Portada\",\"item\":\"https:\/\/coelectrix.com\/\"},{\"@type\":\"ListItem\",\"position\":2,\"name\":\"Pol\u00edtica de privacidade\"}]},{\"@type\":\"WebSite\",\"@id\":\"https:\/\/coelectrix.com\/pt-pt\/#website\",\"url\":\"https:\/\/coelectrix.com\/pt-pt\/\",\"name\":\"Coelectrix\",\"description\":\"Componentes el\u00e9ctricos\",\"publisher\":{\"@id\":\"https:\/\/coelectrix.com\/pt-pt\/#organization\"},\"potentialAction\":[{\"@type\":\"SearchAction\",\"target\":{\"@type\":\"EntryPoint\",\"urlTemplate\":\"https:\/\/coelectrix.com\/pt-pt\/?s={search_term_string}\"},\"query-input\":{\"@type\":\"PropertyValueSpecification\",\"valueRequired\":true,\"valueName\":\"search_term_string\"}}],\"inLanguage\":\"pt-PT\"},{\"@type\":\"Organization\",\"@id\":\"https:\/\/coelectrix.com\/pt-pt\/#organization\",\"name\":\"coelectrix.com\",\"url\":\"https:\/\/coelectrix.com\/pt-pt\/\",\"logo\":{\"@type\":\"ImageObject\",\"inLanguage\":\"pt-PT\",\"@id\":\"https:\/\/coelectrix.com\/pt-pt\/#\/schema\/logo\/image\/\",\"url\":\"https:\/\/coelectrix.com\/wp-content\/uploads\/2018\/05\/logo-coelectrix-400x400.jpg\",\"contentUrl\":\"https:\/\/coelectrix.com\/wp-content\/uploads\/2018\/05\/logo-coelectrix-400x400.jpg\",\"width\":300,\"height\":300,\"caption\":\"coelectrix.com\"},\"image\":{\"@id\":\"https:\/\/coelectrix.com\/pt-pt\/#\/schema\/logo\/image\/\"}}]}<\/script>\n<!-- \/ Yoast SEO plugin. -->","yoast_head_json":{"title":"Pol\u00edtica de privacidade | Coelectrix","robots":{"index":"noindex","follow":"follow"},"og_locale":"pt_PT","og_type":"article","og_title":"Pol\u00edtica de privacidade | Coelectrix","og_description":"CONTROLADOR DE DADOS COELECTRIX.COM (RINAFILS, S.L.) B62610357, com endere\u00e7o em C\/ Pica d&#8217;Estats, 44, 08272, Sant Fruit\u00f3s de Bages Telefone 938736324 e correio eletr\u00f3nico info@coelectrix.com OBJECTIVO A finalidade da cria\u00e7\u00e3o, exist\u00eancia e manuten\u00e7\u00e3o \u00e9 o tratamento de dados com o \u00fanico objetivo de cumprir a nossa rela\u00e7\u00e3o comercial, e efetuar a fatura\u00e7\u00e3o da mesma. LEGITIMIDADE [&hellip;]","og_url":"https:\/\/coelectrix.com\/pt-pt\/politica-de-privacidade","og_site_name":"Coelectrix","article_modified_time":"2025-08-19T04:36:31+00:00","twitter_card":"summary_large_image","twitter_misc":{"Tempo estimado de leitura":"2 minutos"},"schema":{"@context":"https:\/\/schema.org","@graph":[{"@type":"WebPage","@id":"https:\/\/coelectrix.com\/pt-pt\/politica-de-privacidade","url":"https:\/\/coelectrix.com\/pt-pt\/politica-de-privacidade","name":"Pol\u00edtica de privacidade | Coelectrix","isPartOf":{"@id":"https:\/\/coelectrix.com\/pt-pt\/#website"},"datePublished":"2020-08-14T10:43:08+00:00","dateModified":"2025-08-19T04:36:31+00:00","breadcrumb":{"@id":"https:\/\/coelectrix.com\/pt-pt\/politica-de-privacidade#breadcrumb"},"inLanguage":"pt-PT","potentialAction":[{"@type":"ReadAction","target":["https:\/\/coelectrix.com\/pt-pt\/politica-de-privacidade"]}]},{"@type":"BreadcrumbList","@id":"https:\/\/coelectrix.com\/pt-pt\/politica-de-privacidade#breadcrumb","itemListElement":[{"@type":"ListItem","position":1,"name":"Portada","item":"https:\/\/coelectrix.com\/"},{"@type":"ListItem","position":2,"name":"Pol\u00edtica de privacidade"}]},{"@type":"WebSite","@id":"https:\/\/coelectrix.com\/pt-pt\/#website","url":"https:\/\/coelectrix.com\/pt-pt\/","name":"Coelectrix","description":"Componentes el\u00e9ctricos","publisher":{"@id":"https:\/\/coelectrix.com\/pt-pt\/#organization"},"potentialAction":[{"@type":"SearchAction","target":{"@type":"EntryPoint","urlTemplate":"https:\/\/coelectrix.com\/pt-pt\/?s={search_term_string}"},"query-input":{"@type":"PropertyValueSpecification","valueRequired":true,"valueName":"search_term_string"}}],"inLanguage":"pt-PT"},{"@type":"Organization","@id":"https:\/\/coelectrix.com\/pt-pt\/#organization","name":"coelectrix.com","url":"https:\/\/coelectrix.com\/pt-pt\/","logo":{"@type":"ImageObject","inLanguage":"pt-PT","@id":"https:\/\/coelectrix.com\/pt-pt\/#\/schema\/logo\/image\/","url":"https:\/\/coelectrix.com\/wp-content\/uploads\/2018\/05\/logo-coelectrix-400x400.jpg","contentUrl":"https:\/\/coelectrix.com\/wp-content\/uploads\/2018\/05\/logo-coelectrix-400x400.jpg","width":300,"height":300,"caption":"coelectrix.com"},"image":{"@id":"https:\/\/coelectrix.com\/pt-pt\/#\/schema\/logo\/image\/"}}]}},"_links":{"self":[{"href":"https:\/\/coelectrix.com\/pt-pt\/wp-json\/wp\/v2\/pages\/78161","targetHints":{"allow":["GET"]}}],"collection":[{"href":"https:\/\/coelectrix.com\/pt-pt\/wp-json\/wp\/v2\/pages"}],"about":[{"href":"https:\/\/coelectrix.com\/pt-pt\/wp-json\/wp\/v2\/types\/page"}],"author":[{"embeddable":true,"href":"https:\/\/coelectrix.com\/pt-pt\/wp-json\/wp\/v2\/users\/5630"}],"replies":[{"embeddable":true,"href":"https:\/\/coelectrix.com\/pt-pt\/wp-json\/wp\/v2\/comments?post=78161"}],"version-history":[{"count":1,"href":"https:\/\/coelectrix.com\/pt-pt\/wp-json\/wp\/v2\/pages\/78161\/revisions"}],"predecessor-version":[{"id":78162,"href":"https:\/\/coelectrix.com\/pt-pt\/wp-json\/wp\/v2\/pages\/78161\/revisions\/78162"}],"wp:attachment":[{"href":"https:\/\/coelectrix.com\/pt-pt\/wp-json\/wp\/v2\/media?parent=78161"}],"curies":[{"name":"wp","href":"https:\/\/api.w.org\/{rel}","templated":true}]}}