{"id":78163,"date":"2020-06-14T20:31:56","date_gmt":"2020-06-14T18:31:56","guid":{"rendered":"https:\/\/coelectrix.com\/tutorial-em-video-instalacao-do-painel-solar-e-do-controlador-na-caravana-ou-autocaravana"},"modified":"2025-08-19T06:36:38","modified_gmt":"2025-08-19T04:36:38","slug":"tutorial-em-video-instalacao-do-painel-solar-e-do-controlador-na-caravana-ou-autocaravana","status":"publish","type":"page","link":"https:\/\/coelectrix.com\/pt-pt\/video-tutorial-de-instalacao-de-um-painel-e-de-um-regulador-solar","title":{"rendered":"Tutorial em v\u00eddeo Instala\u00e7\u00e3o do painel solar e do controlador na caravana ou autocaravana"},"content":{"rendered":"\n<figure class=\"wp-block-video aligncenter\"><video height=\"1080\" style=\"aspect-ratio: 1920 \/ 1080;\" width=\"1920\" controls=\"\" src=\"https:\/\/coelectrix.com\/wp-content\/uploads\/2020\/06\/Coelectrix-Tutorial-FB-INS-1.mp4\"><\/video><\/figure>\n\n<div style=\"height:69px\" aria-hidden=\"true\" class=\"wp-block-spacer\"><\/div>\n\n<p>A instala\u00e7\u00e3o dos pain\u00e9is solares com o regulador de carga e a sua liga\u00e7\u00e3o \u00e0 bateria n\u00e3o \u00e9 uma tarefa muito complicada, mas \u00e9 necess\u00e1rio ter alguns conceitos muito claros.<\/p>\n\n<p>A primeira coisa a fazer \u00e9 fixar a placa ao tejadilho, o que varia consoante o tipo de placa a instalar ou a forma ou necessidades de cada um, mas basicamente \u00e9 fixar a placa de forma segura, quer com colas de poliuretano como o Sikaflex, quer com o m\u00e9todo que cada um achar mais adequado. Al\u00e9m disso, ser\u00e1 necess\u00e1rio perfurar o tejadilho para passar os cabos para o interior do ve\u00edculo.<\/p>\n\n<p>A partir da placa existem 2 cabos marcados como (+) positivo e (-) negativo com <strong>conectores estanques normalmente do tipo MC4<\/strong>, a partir da\u00ed, puxaremos a cablagem para o interior do ve\u00edculo com um <strong>cabo el\u00e9trico de 6mm2 de<\/strong> sec\u00e7\u00e3o atrav\u00e9s do orif\u00edcio no qual montaremos um bucim estanque para vedar perfeitamente.<\/p>\n\n<p>Quando os cabos estiverem no s\u00edtio, \u00e9 altura de ligar o regulador e a bateria.<\/p>\n\n<p>Normalmente, as liga\u00e7\u00f5es ao regulador s\u00e3o as que se podem ver na imagem. Painel | Bateria | Consumo 12v.<br\/>S\u00f3 tem de ligar cada coisa no seu lugar, mas tenha cuidado, tem de seguir uma ordem de liga\u00e7\u00e3o para evitar danificar o regulador.<\/p>\n\n<h3 class=\"wp-block-heading\">Liga\u00e7\u00e3o ao m\u00f3dulo de controlo solar<\/h3>\n\n<p>\u00c9 muito simples, mas <strong>tem de seguir uma ordem<\/strong>, caso contr\u00e1rio <strong>pode danificar o regulador<\/strong>.<\/p>\n\n<p>A primeira coisa a ligar \u00e9 sempre a bateria, \u00e9 muito importante alimentar o regulador antes de ligar os pain\u00e9is.<br\/><strong>Vamos ligar primeiro o negativo da bateria e depois o positivo.<\/strong><\/p>\n\n<p>Nesta altura, o regulador ter\u00e1 energia e indicar\u00e1 que est\u00e1 ligado e, se tiver um visor, veremos as indica\u00e7\u00f5es de que est\u00e1 a funcionar.<\/p>\n\n<p>Agora podemos ligar os fios do(s) painel(is) pela mesma ordem, primeiro o negativo e depois o positivo.<\/p>\n\n<p>Agora j\u00e1 temos tudo ligado e a funcionar. Aqui depender\u00e1 de cada regulador que podemos verificar a corrente que est\u00e1 a vir dos pain\u00e9is com mais ou menos informa\u00e7\u00e3o que o regulador nos oferecer\u00e1, mas as liga\u00e7\u00f5es ser\u00e3o bem feitas com uma cablagem de sec\u00e7\u00e3o suficiente (sec\u00e7\u00e3o de 6mm2).<\/p>\n\n<p>H\u00e1 mais algumas coisas para falar, como o consumo, as diferentes pot\u00eancias de pain\u00e9is que existem e a carga que cada um deles nos pode dar, mas vamos deixar isto para outro post. Mas vamos deixar isso para outro post.<br\/>Como sempre, terei todo o gosto em responder a quaisquer quest\u00f5es que possam ter.<\/p>\n","protected":false},"excerpt":{"rendered":"<p>A instala\u00e7\u00e3o dos pain\u00e9is solares com o regulador de carga e a sua liga\u00e7\u00e3o \u00e0 bateria n\u00e3o \u00e9 uma tarefa muito complicada, mas \u00e9 necess\u00e1rio ter alguns conceitos muito claros. A primeira coisa a fazer \u00e9 fixar a placa ao tejadilho, o que varia consoante o tipo de placa a instalar ou a forma ou [&hellip;]<\/p>\n","protected":false},"author":5630,"featured_media":0,"parent":0,"menu_order":0,"comment_status":"closed","ping_status":"closed","template":"","meta":{"_acf_changed":false,"footnotes":""},"class_list":["post-78163","page","type-page","status-publish","hentry"],"acf":[],"yoast_head":"<!-- This site is optimized with the Yoast SEO plugin v27.2 - https:\/\/yoast.com\/product\/yoast-seo-wordpress\/ -->\n<title>Tutorial em v\u00eddeo Instala\u00e7\u00e3o do painel solar e do controlador na caravana ou autocaravana | Coelectrix<\/title>\n<meta name=\"robots\" content=\"index, follow, max-snippet:-1, max-image-preview:large, max-video-preview:-1\" \/>\n<link rel=\"canonical\" href=\"https:\/\/coelectrix.com\/pt-pt\/video-tutorial-de-instalacao-de-um-painel-e-de-um-regulador-solar\" \/>\n<meta property=\"og:locale\" content=\"pt_PT\" \/>\n<meta property=\"og:type\" content=\"article\" \/>\n<meta property=\"og:title\" content=\"Tutorial em v\u00eddeo Instala\u00e7\u00e3o do painel solar e do controlador na caravana ou autocaravana | Coelectrix\" \/>\n<meta property=\"og:description\" content=\"A instala\u00e7\u00e3o dos pain\u00e9is solares com o regulador de carga e a sua liga\u00e7\u00e3o \u00e0 bateria n\u00e3o \u00e9 uma tarefa muito complicada, mas \u00e9 necess\u00e1rio ter alguns conceitos muito claros. A primeira coisa a fazer \u00e9 fixar a placa ao tejadilho, o que varia consoante o tipo de placa a instalar ou a forma ou [&hellip;]\" \/>\n<meta property=\"og:url\" content=\"https:\/\/coelectrix.com\/pt-pt\/video-tutorial-de-instalacao-de-um-painel-e-de-um-regulador-solar\" \/>\n<meta property=\"og:site_name\" content=\"Coelectrix\" \/>\n<meta property=\"article:modified_time\" content=\"2025-08-19T04:36:38+00:00\" \/>\n<meta name=\"twitter:card\" content=\"summary_large_image\" \/>\n<meta name=\"twitter:label1\" content=\"Tempo estimado de leitura\" \/>\n\t<meta name=\"twitter:data1\" content=\"2 minutos\" \/>\n<script type=\"application\/ld+json\" class=\"yoast-schema-graph\">{\"@context\":\"https:\/\/schema.org\",\"@graph\":[{\"@type\":\"WebPage\",\"@id\":\"https:\/\/coelectrix.com\/pt-pt\/video-tutorial-de-instalacao-de-um-painel-e-de-um-regulador-solar\",\"url\":\"https:\/\/coelectrix.com\/pt-pt\/video-tutorial-de-instalacao-de-um-painel-e-de-um-regulador-solar\",\"name\":\"Tutorial em v\u00eddeo Instala\u00e7\u00e3o do painel solar e do controlador na caravana ou autocaravana | Coelectrix\",\"isPartOf\":{\"@id\":\"https:\/\/coelectrix.com\/pt-pt\/#website\"},\"datePublished\":\"2020-06-14T18:31:56+00:00\",\"dateModified\":\"2025-08-19T04:36:38+00:00\",\"breadcrumb\":{\"@id\":\"https:\/\/coelectrix.com\/pt-pt\/video-tutorial-de-instalacao-de-um-painel-e-de-um-regulador-solar#breadcrumb\"},\"inLanguage\":\"pt-PT\",\"potentialAction\":[{\"@type\":\"ReadAction\",\"target\":[\"https:\/\/coelectrix.com\/pt-pt\/video-tutorial-de-instalacao-de-um-painel-e-de-um-regulador-solar\"]}]},{\"@type\":\"BreadcrumbList\",\"@id\":\"https:\/\/coelectrix.com\/pt-pt\/video-tutorial-de-instalacao-de-um-painel-e-de-um-regulador-solar#breadcrumb\",\"itemListElement\":[{\"@type\":\"ListItem\",\"position\":1,\"name\":\"Portada\",\"item\":\"https:\/\/coelectrix.com\/\"},{\"@type\":\"ListItem\",\"position\":2,\"name\":\"Tutorial em v\u00eddeo Instala\u00e7\u00e3o do painel solar e do controlador na caravana ou autocaravana\"}]},{\"@type\":\"WebSite\",\"@id\":\"https:\/\/coelectrix.com\/pt-pt\/#website\",\"url\":\"https:\/\/coelectrix.com\/pt-pt\/\",\"name\":\"Coelectrix\",\"description\":\"Componentes el\u00e9ctricos\",\"publisher\":{\"@id\":\"https:\/\/coelectrix.com\/pt-pt\/#organization\"},\"potentialAction\":[{\"@type\":\"SearchAction\",\"target\":{\"@type\":\"EntryPoint\",\"urlTemplate\":\"https:\/\/coelectrix.com\/pt-pt\/?s={search_term_string}\"},\"query-input\":{\"@type\":\"PropertyValueSpecification\",\"valueRequired\":true,\"valueName\":\"search_term_string\"}}],\"inLanguage\":\"pt-PT\"},{\"@type\":\"Organization\",\"@id\":\"https:\/\/coelectrix.com\/pt-pt\/#organization\",\"name\":\"coelectrix.com\",\"url\":\"https:\/\/coelectrix.com\/pt-pt\/\",\"logo\":{\"@type\":\"ImageObject\",\"inLanguage\":\"pt-PT\",\"@id\":\"https:\/\/coelectrix.com\/pt-pt\/#\/schema\/logo\/image\/\",\"url\":\"https:\/\/coelectrix.com\/wp-content\/uploads\/2018\/05\/logo-coelectrix-400x400.jpg\",\"contentUrl\":\"https:\/\/coelectrix.com\/wp-content\/uploads\/2018\/05\/logo-coelectrix-400x400.jpg\",\"width\":300,\"height\":300,\"caption\":\"coelectrix.com\"},\"image\":{\"@id\":\"https:\/\/coelectrix.com\/pt-pt\/#\/schema\/logo\/image\/\"}}]}<\/script>\n<!-- \/ Yoast SEO plugin. -->","yoast_head_json":{"title":"Tutorial em v\u00eddeo Instala\u00e7\u00e3o do painel solar e do controlador na caravana ou autocaravana | Coelectrix","robots":{"index":"index","follow":"follow","max-snippet":"max-snippet:-1","max-image-preview":"max-image-preview:large","max-video-preview":"max-video-preview:-1"},"canonical":"https:\/\/coelectrix.com\/pt-pt\/video-tutorial-de-instalacao-de-um-painel-e-de-um-regulador-solar","og_locale":"pt_PT","og_type":"article","og_title":"Tutorial em v\u00eddeo Instala\u00e7\u00e3o do painel solar e do controlador na caravana ou autocaravana | Coelectrix","og_description":"A instala\u00e7\u00e3o dos pain\u00e9is solares com o regulador de carga e a sua liga\u00e7\u00e3o \u00e0 bateria n\u00e3o \u00e9 uma tarefa muito complicada, mas \u00e9 necess\u00e1rio ter alguns conceitos muito claros. A primeira coisa a fazer \u00e9 fixar a placa ao tejadilho, o que varia consoante o tipo de placa a instalar ou a forma ou [&hellip;]","og_url":"https:\/\/coelectrix.com\/pt-pt\/video-tutorial-de-instalacao-de-um-painel-e-de-um-regulador-solar","og_site_name":"Coelectrix","article_modified_time":"2025-08-19T04:36:38+00:00","twitter_card":"summary_large_image","twitter_misc":{"Tempo estimado de leitura":"2 minutos"},"schema":{"@context":"https:\/\/schema.org","@graph":[{"@type":"WebPage","@id":"https:\/\/coelectrix.com\/pt-pt\/video-tutorial-de-instalacao-de-um-painel-e-de-um-regulador-solar","url":"https:\/\/coelectrix.com\/pt-pt\/video-tutorial-de-instalacao-de-um-painel-e-de-um-regulador-solar","name":"Tutorial em v\u00eddeo Instala\u00e7\u00e3o do painel solar e do controlador na caravana ou autocaravana | Coelectrix","isPartOf":{"@id":"https:\/\/coelectrix.com\/pt-pt\/#website"},"datePublished":"2020-06-14T18:31:56+00:00","dateModified":"2025-08-19T04:36:38+00:00","breadcrumb":{"@id":"https:\/\/coelectrix.com\/pt-pt\/video-tutorial-de-instalacao-de-um-painel-e-de-um-regulador-solar#breadcrumb"},"inLanguage":"pt-PT","potentialAction":[{"@type":"ReadAction","target":["https:\/\/coelectrix.com\/pt-pt\/video-tutorial-de-instalacao-de-um-painel-e-de-um-regulador-solar"]}]},{"@type":"BreadcrumbList","@id":"https:\/\/coelectrix.com\/pt-pt\/video-tutorial-de-instalacao-de-um-painel-e-de-um-regulador-solar#breadcrumb","itemListElement":[{"@type":"ListItem","position":1,"name":"Portada","item":"https:\/\/coelectrix.com\/"},{"@type":"ListItem","position":2,"name":"Tutorial em v\u00eddeo Instala\u00e7\u00e3o do painel solar e do controlador na caravana ou autocaravana"}]},{"@type":"WebSite","@id":"https:\/\/coelectrix.com\/pt-pt\/#website","url":"https:\/\/coelectrix.com\/pt-pt\/","name":"Coelectrix","description":"Componentes el\u00e9ctricos","publisher":{"@id":"https:\/\/coelectrix.com\/pt-pt\/#organization"},"potentialAction":[{"@type":"SearchAction","target":{"@type":"EntryPoint","urlTemplate":"https:\/\/coelectrix.com\/pt-pt\/?s={search_term_string}"},"query-input":{"@type":"PropertyValueSpecification","valueRequired":true,"valueName":"search_term_string"}}],"inLanguage":"pt-PT"},{"@type":"Organization","@id":"https:\/\/coelectrix.com\/pt-pt\/#organization","name":"coelectrix.com","url":"https:\/\/coelectrix.com\/pt-pt\/","logo":{"@type":"ImageObject","inLanguage":"pt-PT","@id":"https:\/\/coelectrix.com\/pt-pt\/#\/schema\/logo\/image\/","url":"https:\/\/coelectrix.com\/wp-content\/uploads\/2018\/05\/logo-coelectrix-400x400.jpg","contentUrl":"https:\/\/coelectrix.com\/wp-content\/uploads\/2018\/05\/logo-coelectrix-400x400.jpg","width":300,"height":300,"caption":"coelectrix.com"},"image":{"@id":"https:\/\/coelectrix.com\/pt-pt\/#\/schema\/logo\/image\/"}}]}},"_links":{"self":[{"href":"https:\/\/coelectrix.com\/pt-pt\/wp-json\/wp\/v2\/pages\/78163","targetHints":{"allow":["GET"]}}],"collection":[{"href":"https:\/\/coelectrix.com\/pt-pt\/wp-json\/wp\/v2\/pages"}],"about":[{"href":"https:\/\/coelectrix.com\/pt-pt\/wp-json\/wp\/v2\/types\/page"}],"author":[{"embeddable":true,"href":"https:\/\/coelectrix.com\/pt-pt\/wp-json\/wp\/v2\/users\/5630"}],"replies":[{"embeddable":true,"href":"https:\/\/coelectrix.com\/pt-pt\/wp-json\/wp\/v2\/comments?post=78163"}],"version-history":[{"count":1,"href":"https:\/\/coelectrix.com\/pt-pt\/wp-json\/wp\/v2\/pages\/78163\/revisions"}],"predecessor-version":[{"id":78164,"href":"https:\/\/coelectrix.com\/pt-pt\/wp-json\/wp\/v2\/pages\/78163\/revisions\/78164"}],"wp:attachment":[{"href":"https:\/\/coelectrix.com\/pt-pt\/wp-json\/wp\/v2\/media?parent=78163"}],"curies":[{"name":"wp","href":"https:\/\/api.w.org\/{rel}","templated":true}]}}