{"id":78167,"date":"2020-01-26T16:35:07","date_gmt":"2020-01-26T15:35:07","guid":{"rendered":"https:\/\/coelectrix.com\/cabo-da-bateria-50mm"},"modified":"2025-08-19T06:36:48","modified_gmt":"2025-08-19T04:36:48","slug":"cabo-da-bateria-50mm","status":"publish","type":"page","link":"https:\/\/coelectrix.com\/pt-pt\/cabo-de-bateria-50mm","title":{"rendered":"Cabo da bateria 50mm"},"content":{"rendered":"\n<p>Cabo de bateria com 50 mm de sec\u00e7\u00e3o em vermelho ou preto.<br\/>Cabos H07V-K para liga\u00e7\u00f5es de bateria ou qualquer outro trabalho que necessite desta sec\u00e7\u00e3o de cabo.<\/p>\n\n<p>Um cabo de bateria com uma sec\u00e7\u00e3o transversal de 50 mm tem uma espessura exterior de 12,6 mm, incluindo PVC. Consulte a tabela abaixo para conhecer todas as dimens\u00f5es exteriores e do cabo de cobre.<\/p>\n\n<h2 class=\"wp-block-heading\">Sec\u00e7\u00e3o transversal do cabo 50mm2<\/h2>\n\n<p>Na nossa <a href=\"https:\/\/coelectrix.com\/pt-pt\">loja online<\/a>, dispomos de todos os cabos para autom\u00f3veis e baterias, incluindo o cabo de 50 mm.<\/p>\n\n<p>Esta \u00e9 uma pergunta muito comum que nos \u00e9 feita quase todos os dias pelos clientes da nossa loja online de cablagens.<\/p>\n\n<p>H\u00e1 muita confus\u00e3o sobre o tamanho dos cabos em geral, porque muitas pessoas pensam que quando dizemos cabo de 50 mm2 queremos dizer que o cabo tem 50 mm de di\u00e2metro, o que n\u00e3o \u00e9 o caso.<\/p>\n\n<p>A medida de 50mm2 ou 10mm2 ou qualquer que seja a medida do cabo a que chamamos sec\u00e7\u00e3o, \u00e9 uma medida universal que os fabricantes de cabos t\u00eam para indicar o valor ou grau de condutividade do cabo.<\/p>\n\n<p>\u00c9 muito comum que esta medida seja confundida com o di\u00e2metro do cabo, que nunca \u00e9 indicado na etiqueta do produto ou nas fichas t\u00e9cnicas, da\u00ed a confus\u00e3o.<\/p>\n\n<p>Deixo-vos o link para um post que acab\u00e1mos de publicar sobre este tema, caso estejam interessados.<\/p>\n\n<p><a href=\"https:\/\/www.coelectrix.com\/seccion-de-un-cable-electrico\">Como saber a sec\u00e7\u00e3o transversal de um cabo el\u00e9trico<\/a><\/p>\n\n<p>Pode tamb\u00e9m encontrar uma imagem da tabela para a convers\u00e3o de &#8220;sec\u00e7\u00e3o&#8221; para &#8220;di\u00e2metro&#8221; como guia.<\/p>\n\n<p>Note-se que a medida em mm s\u00f3 \u00e9 indicada para a parte de cobre sem revestimento de PVC.<\/p>\n\n<h2 class=\"wp-block-heading\">Como reconhecer o tamanho de um cabo de bateria<\/h2>\n\n<div class=\"wp-block-image\"><figure class=\"aligncenter size-large is-resized\"><img fetchpriority=\"high\" decoding=\"async\" src=\"https:\/\/coelectrix.com\/wp-content\/uploads\/2016\/02\/GUIA-MEDIDAS-CABLES-BATER&#xCD;A.jpg\" alt=\"medi&#xE7;&#xF5;es de um cabo\" class=\"wp-image-23224\" width=\"455\" height=\"303\"\/><\/figure><\/div>\n\n<p><\/p>\n","protected":false},"excerpt":{"rendered":"<p>Cabo de bateria com 50 mm de sec\u00e7\u00e3o em vermelho ou preto.Cabos H07V-K para liga\u00e7\u00f5es de bateria ou qualquer outro trabalho que necessite desta sec\u00e7\u00e3o de cabo. Um cabo de bateria com uma sec\u00e7\u00e3o transversal de 50 mm tem uma espessura exterior de 12,6 mm, incluindo PVC. Consulte a tabela abaixo para conhecer todas as [&hellip;]<\/p>\n","protected":false},"author":5630,"featured_media":73217,"parent":0,"menu_order":0,"comment_status":"closed","ping_status":"closed","template":"","meta":{"_acf_changed":false,"footnotes":""},"class_list":["post-78167","page","type-page","status-publish","has-post-thumbnail","hentry"],"acf":[],"yoast_head":"<!-- This site is optimized with the Yoast SEO plugin v27.2 - https:\/\/yoast.com\/product\/yoast-seo-wordpress\/ -->\n<title>Cabo de bateria 50mm | Loja online de cabos de bateria<\/title>\n<meta name=\"description\" content=\"Cabo de bateria de 50mm, dizemos-lhe como medi-lo e ligamos \u00e0 nossa loja online de cabos de bateria | coelectrix.com loja de cabos online\" \/>\n<meta name=\"robots\" content=\"index, follow, max-snippet:-1, max-image-preview:large, max-video-preview:-1\" \/>\n<link rel=\"canonical\" href=\"https:\/\/coelectrix.com\/pt-pt\/cabo-de-bateria-50mm\" \/>\n<meta property=\"og:locale\" content=\"pt_PT\" \/>\n<meta property=\"og:type\" content=\"article\" \/>\n<meta property=\"og:title\" content=\"Cabo de bateria 50mm | Loja online de cabos de bateria\" \/>\n<meta property=\"og:description\" content=\"Cabo de bateria de 50mm, dizemos-lhe como medi-lo e ligamos \u00e0 nossa loja online de cabos de bateria | coelectrix.com loja de cabos online\" \/>\n<meta property=\"og:url\" content=\"https:\/\/coelectrix.com\/pt-pt\/cabo-de-bateria-50mm\" \/>\n<meta property=\"og:site_name\" content=\"Coelectrix\" \/>\n<meta property=\"article:modified_time\" content=\"2025-08-19T04:36:48+00:00\" \/>\n<meta property=\"og:image\" content=\"https:\/\/coelectrix.com\/wp-content\/uploads\/2020\/01\/medidas-de-un-cable.jpg\" \/>\n\t<meta property=\"og:image:width\" content=\"500\" \/>\n\t<meta property=\"og:image:height\" content=\"250\" \/>\n\t<meta property=\"og:image:type\" content=\"image\/jpeg\" \/>\n<meta name=\"twitter:card\" content=\"summary_large_image\" \/>\n<meta name=\"twitter:label1\" content=\"Tempo estimado de leitura\" \/>\n\t<meta name=\"twitter:data1\" content=\"1 minuto\" \/>\n<script type=\"application\/ld+json\" class=\"yoast-schema-graph\">{\"@context\":\"https:\/\/schema.org\",\"@graph\":[{\"@type\":\"WebPage\",\"@id\":\"https:\/\/coelectrix.com\/pt-pt\/cabo-de-bateria-50mm\",\"url\":\"https:\/\/coelectrix.com\/pt-pt\/cabo-de-bateria-50mm\",\"name\":\"Cabo de bateria 50mm | Loja online de cabos de bateria\",\"isPartOf\":{\"@id\":\"https:\/\/coelectrix.com\/pt-pt\/#website\"},\"primaryImageOfPage\":{\"@id\":\"https:\/\/coelectrix.com\/pt-pt\/cabo-de-bateria-50mm#primaryimage\"},\"image\":{\"@id\":\"https:\/\/coelectrix.com\/pt-pt\/cabo-de-bateria-50mm#primaryimage\"},\"thumbnailUrl\":\"https:\/\/coelectrix.com\/wp-content\/uploads\/2020\/01\/medidas-de-un-cable.jpg\",\"datePublished\":\"2020-01-26T15:35:07+00:00\",\"dateModified\":\"2025-08-19T04:36:48+00:00\",\"description\":\"Cabo de bateria de 50mm, dizemos-lhe como medi-lo e ligamos \u00e0 nossa loja online de cabos de bateria | coelectrix.com loja de cabos online\",\"breadcrumb\":{\"@id\":\"https:\/\/coelectrix.com\/pt-pt\/cabo-de-bateria-50mm#breadcrumb\"},\"inLanguage\":\"pt-PT\",\"potentialAction\":[{\"@type\":\"ReadAction\",\"target\":[\"https:\/\/coelectrix.com\/pt-pt\/cabo-de-bateria-50mm\"]}]},{\"@type\":\"ImageObject\",\"inLanguage\":\"pt-PT\",\"@id\":\"https:\/\/coelectrix.com\/pt-pt\/cabo-de-bateria-50mm#primaryimage\",\"url\":\"https:\/\/coelectrix.com\/wp-content\/uploads\/2020\/01\/medidas-de-un-cable.jpg\",\"contentUrl\":\"https:\/\/coelectrix.com\/wp-content\/uploads\/2020\/01\/medidas-de-un-cable.jpg\",\"width\":500,\"height\":250,\"caption\":\"Cable 50mm\"},{\"@type\":\"BreadcrumbList\",\"@id\":\"https:\/\/coelectrix.com\/pt-pt\/cabo-de-bateria-50mm#breadcrumb\",\"itemListElement\":[{\"@type\":\"ListItem\",\"position\":1,\"name\":\"Portada\",\"item\":\"https:\/\/coelectrix.com\/\"},{\"@type\":\"ListItem\",\"position\":2,\"name\":\"Cabo da bateria 50mm\"}]},{\"@type\":\"WebSite\",\"@id\":\"https:\/\/coelectrix.com\/pt-pt\/#website\",\"url\":\"https:\/\/coelectrix.com\/pt-pt\/\",\"name\":\"Coelectrix\",\"description\":\"Componentes el\u00e9ctricos\",\"publisher\":{\"@id\":\"https:\/\/coelectrix.com\/pt-pt\/#organization\"},\"potentialAction\":[{\"@type\":\"SearchAction\",\"target\":{\"@type\":\"EntryPoint\",\"urlTemplate\":\"https:\/\/coelectrix.com\/pt-pt\/?s={search_term_string}\"},\"query-input\":{\"@type\":\"PropertyValueSpecification\",\"valueRequired\":true,\"valueName\":\"search_term_string\"}}],\"inLanguage\":\"pt-PT\"},{\"@type\":\"Organization\",\"@id\":\"https:\/\/coelectrix.com\/pt-pt\/#organization\",\"name\":\"coelectrix.com\",\"url\":\"https:\/\/coelectrix.com\/pt-pt\/\",\"logo\":{\"@type\":\"ImageObject\",\"inLanguage\":\"pt-PT\",\"@id\":\"https:\/\/coelectrix.com\/pt-pt\/#\/schema\/logo\/image\/\",\"url\":\"https:\/\/coelectrix.com\/wp-content\/uploads\/2018\/05\/logo-coelectrix-400x400.jpg\",\"contentUrl\":\"https:\/\/coelectrix.com\/wp-content\/uploads\/2018\/05\/logo-coelectrix-400x400.jpg\",\"width\":300,\"height\":300,\"caption\":\"coelectrix.com\"},\"image\":{\"@id\":\"https:\/\/coelectrix.com\/pt-pt\/#\/schema\/logo\/image\/\"}}]}<\/script>\n<!-- \/ Yoast SEO plugin. -->","yoast_head_json":{"title":"Cabo de bateria 50mm | Loja online de cabos de bateria","description":"Cabo de bateria de 50mm, dizemos-lhe como medi-lo e ligamos \u00e0 nossa loja online de cabos de bateria | coelectrix.com loja de cabos online","robots":{"index":"index","follow":"follow","max-snippet":"max-snippet:-1","max-image-preview":"max-image-preview:large","max-video-preview":"max-video-preview:-1"},"canonical":"https:\/\/coelectrix.com\/pt-pt\/cabo-de-bateria-50mm","og_locale":"pt_PT","og_type":"article","og_title":"Cabo de bateria 50mm | Loja online de cabos de bateria","og_description":"Cabo de bateria de 50mm, dizemos-lhe como medi-lo e ligamos \u00e0 nossa loja online de cabos de bateria | coelectrix.com loja de cabos online","og_url":"https:\/\/coelectrix.com\/pt-pt\/cabo-de-bateria-50mm","og_site_name":"Coelectrix","article_modified_time":"2025-08-19T04:36:48+00:00","og_image":[{"width":500,"height":250,"url":"https:\/\/coelectrix.com\/wp-content\/uploads\/2020\/01\/medidas-de-un-cable.jpg","type":"image\/jpeg"}],"twitter_card":"summary_large_image","twitter_misc":{"Tempo estimado de leitura":"1 minuto"},"schema":{"@context":"https:\/\/schema.org","@graph":[{"@type":"WebPage","@id":"https:\/\/coelectrix.com\/pt-pt\/cabo-de-bateria-50mm","url":"https:\/\/coelectrix.com\/pt-pt\/cabo-de-bateria-50mm","name":"Cabo de bateria 50mm | Loja online de cabos de bateria","isPartOf":{"@id":"https:\/\/coelectrix.com\/pt-pt\/#website"},"primaryImageOfPage":{"@id":"https:\/\/coelectrix.com\/pt-pt\/cabo-de-bateria-50mm#primaryimage"},"image":{"@id":"https:\/\/coelectrix.com\/pt-pt\/cabo-de-bateria-50mm#primaryimage"},"thumbnailUrl":"https:\/\/coelectrix.com\/wp-content\/uploads\/2020\/01\/medidas-de-un-cable.jpg","datePublished":"2020-01-26T15:35:07+00:00","dateModified":"2025-08-19T04:36:48+00:00","description":"Cabo de bateria de 50mm, dizemos-lhe como medi-lo e ligamos \u00e0 nossa loja online de cabos de bateria | coelectrix.com loja de cabos online","breadcrumb":{"@id":"https:\/\/coelectrix.com\/pt-pt\/cabo-de-bateria-50mm#breadcrumb"},"inLanguage":"pt-PT","potentialAction":[{"@type":"ReadAction","target":["https:\/\/coelectrix.com\/pt-pt\/cabo-de-bateria-50mm"]}]},{"@type":"ImageObject","inLanguage":"pt-PT","@id":"https:\/\/coelectrix.com\/pt-pt\/cabo-de-bateria-50mm#primaryimage","url":"https:\/\/coelectrix.com\/wp-content\/uploads\/2020\/01\/medidas-de-un-cable.jpg","contentUrl":"https:\/\/coelectrix.com\/wp-content\/uploads\/2020\/01\/medidas-de-un-cable.jpg","width":500,"height":250,"caption":"Cable 50mm"},{"@type":"BreadcrumbList","@id":"https:\/\/coelectrix.com\/pt-pt\/cabo-de-bateria-50mm#breadcrumb","itemListElement":[{"@type":"ListItem","position":1,"name":"Portada","item":"https:\/\/coelectrix.com\/"},{"@type":"ListItem","position":2,"name":"Cabo da bateria 50mm"}]},{"@type":"WebSite","@id":"https:\/\/coelectrix.com\/pt-pt\/#website","url":"https:\/\/coelectrix.com\/pt-pt\/","name":"Coelectrix","description":"Componentes el\u00e9ctricos","publisher":{"@id":"https:\/\/coelectrix.com\/pt-pt\/#organization"},"potentialAction":[{"@type":"SearchAction","target":{"@type":"EntryPoint","urlTemplate":"https:\/\/coelectrix.com\/pt-pt\/?s={search_term_string}"},"query-input":{"@type":"PropertyValueSpecification","valueRequired":true,"valueName":"search_term_string"}}],"inLanguage":"pt-PT"},{"@type":"Organization","@id":"https:\/\/coelectrix.com\/pt-pt\/#organization","name":"coelectrix.com","url":"https:\/\/coelectrix.com\/pt-pt\/","logo":{"@type":"ImageObject","inLanguage":"pt-PT","@id":"https:\/\/coelectrix.com\/pt-pt\/#\/schema\/logo\/image\/","url":"https:\/\/coelectrix.com\/wp-content\/uploads\/2018\/05\/logo-coelectrix-400x400.jpg","contentUrl":"https:\/\/coelectrix.com\/wp-content\/uploads\/2018\/05\/logo-coelectrix-400x400.jpg","width":300,"height":300,"caption":"coelectrix.com"},"image":{"@id":"https:\/\/coelectrix.com\/pt-pt\/#\/schema\/logo\/image\/"}}]}},"_links":{"self":[{"href":"https:\/\/coelectrix.com\/pt-pt\/wp-json\/wp\/v2\/pages\/78167","targetHints":{"allow":["GET"]}}],"collection":[{"href":"https:\/\/coelectrix.com\/pt-pt\/wp-json\/wp\/v2\/pages"}],"about":[{"href":"https:\/\/coelectrix.com\/pt-pt\/wp-json\/wp\/v2\/types\/page"}],"author":[{"embeddable":true,"href":"https:\/\/coelectrix.com\/pt-pt\/wp-json\/wp\/v2\/users\/5630"}],"replies":[{"embeddable":true,"href":"https:\/\/coelectrix.com\/pt-pt\/wp-json\/wp\/v2\/comments?post=78167"}],"version-history":[{"count":1,"href":"https:\/\/coelectrix.com\/pt-pt\/wp-json\/wp\/v2\/pages\/78167\/revisions"}],"predecessor-version":[{"id":78168,"href":"https:\/\/coelectrix.com\/pt-pt\/wp-json\/wp\/v2\/pages\/78167\/revisions\/78168"}],"wp:featuredmedia":[{"embeddable":true,"href":"https:\/\/coelectrix.com\/pt-pt\/wp-json\/wp\/v2\/media\/73217"}],"wp:attachment":[{"href":"https:\/\/coelectrix.com\/pt-pt\/wp-json\/wp\/v2\/media?parent=78167"}],"curies":[{"name":"wp","href":"https:\/\/api.w.org\/{rel}","templated":true}]}}