{"id":78174,"date":"2018-11-25T18:13:17","date_gmt":"2018-11-25T17:13:17","guid":{"rendered":"https:\/\/coelectrix.com\/custos-de-envio"},"modified":"2018-11-25T18:13:17","modified_gmt":"2018-11-25T17:13:17","slug":"custos-de-envio","status":"publish","type":"page","link":"https:\/\/coelectrix.com\/pt-pt\/custos-de-entrega","title":{"rendered":"Custos de envio"},"content":{"rendered":"<p>Na Coelectrix temos como regra geral uma taxa fixa de <strong>5,50\u20ac<\/strong> para os custos de envio na pen\u00ednsula espanhola. Estes custos de envio cobrem um envio por uma empresa de transporte que normalmente ser\u00e1 ENVIALIA, TIPSA ou CORREOS com entrega em 24\/48 horas.<\/p>\n<p>Para as Ilhas Baleares, as empresas de transporte ser\u00e3o as mesmas, mas o pre\u00e7o ser\u00e1 de 9<strong>,50 euros<\/strong> e as entregas ser\u00e3o normalmente efectuadas em 48 horas.<\/p>\n<p>Para as Ilhas Can\u00e1rias, s\u00f3 podemos enviar por CORREOS e com o servi\u00e7o ordin\u00e1rio ou certificado por <strong>11\u20ac.<\/strong><\/p>\n<p>Para encomendas de valor final inferior a 7\u20ac oferecemos tamb\u00e9m a entrega por correio normal por <strong>2,20\u20ac<\/strong>, este m\u00e9todo de entrega tem um prazo aproximado de entrega entre 3 e 7 dias \u00fateis.<\/p>\n","protected":false},"excerpt":{"rendered":"<p>Na Coelectrix temos como regra geral uma taxa fixa de 5,50\u20ac para os custos de envio na pen\u00ednsula espanhola. Estes custos de envio cobrem um envio por uma empresa de transporte que normalmente ser\u00e1 ENVIALIA, TIPSA ou CORREOS com entrega em 24\/48 horas. Para as Ilhas Baleares, as empresas de transporte ser\u00e3o as mesmas, mas [&hellip;]<\/p>\n","protected":false},"author":5630,"featured_media":0,"parent":0,"menu_order":0,"comment_status":"closed","ping_status":"closed","template":"","meta":{"_acf_changed":false,"footnotes":""},"class_list":["post-78174","page","type-page","status-publish","hentry"],"acf":[],"yoast_head":"<!-- This site is optimized with the Yoast SEO plugin v27.2 - https:\/\/yoast.com\/product\/yoast-seo-wordpress\/ -->\n<title>Custos de envio | Coelectrix<\/title>\n<meta name=\"robots\" content=\"noindex, follow\" \/>\n<meta property=\"og:locale\" content=\"pt_PT\" \/>\n<meta property=\"og:type\" content=\"article\" \/>\n<meta property=\"og:title\" content=\"Custos de envio | Coelectrix\" \/>\n<meta property=\"og:description\" content=\"Na Coelectrix temos como regra geral uma taxa fixa de 5,50\u20ac para os custos de envio na pen\u00ednsula espanhola. Estes custos de envio cobrem um envio por uma empresa de transporte que normalmente ser\u00e1 ENVIALIA, TIPSA ou CORREOS com entrega em 24\/48 horas. Para as Ilhas Baleares, as empresas de transporte ser\u00e3o as mesmas, mas [&hellip;]\" \/>\n<meta property=\"og:url\" content=\"https:\/\/coelectrix.com\/pt-pt\/custos-de-entrega\" \/>\n<meta property=\"og:site_name\" content=\"Coelectrix\" \/>\n<meta name=\"twitter:card\" content=\"summary_large_image\" \/>\n<meta name=\"twitter:label1\" content=\"Tempo estimado de leitura\" \/>\n\t<meta name=\"twitter:data1\" content=\"1 minuto\" \/>\n<script type=\"application\/ld+json\" class=\"yoast-schema-graph\">{\"@context\":\"https:\/\/schema.org\",\"@graph\":[{\"@type\":\"WebPage\",\"@id\":\"https:\/\/coelectrix.com\/pt-pt\/custos-de-entrega\",\"url\":\"https:\/\/coelectrix.com\/pt-pt\/custos-de-entrega\",\"name\":\"Custos de envio | Coelectrix\",\"isPartOf\":{\"@id\":\"https:\/\/coelectrix.com\/pt-pt\/#website\"},\"datePublished\":\"2018-11-25T17:13:17+00:00\",\"breadcrumb\":{\"@id\":\"https:\/\/coelectrix.com\/pt-pt\/custos-de-entrega#breadcrumb\"},\"inLanguage\":\"pt-PT\",\"potentialAction\":[{\"@type\":\"ReadAction\",\"target\":[\"https:\/\/coelectrix.com\/pt-pt\/custos-de-entrega\"]}]},{\"@type\":\"BreadcrumbList\",\"@id\":\"https:\/\/coelectrix.com\/pt-pt\/custos-de-entrega#breadcrumb\",\"itemListElement\":[{\"@type\":\"ListItem\",\"position\":1,\"name\":\"Portada\",\"item\":\"https:\/\/coelectrix.com\/\"},{\"@type\":\"ListItem\",\"position\":2,\"name\":\"Custos de envio\"}]},{\"@type\":\"WebSite\",\"@id\":\"https:\/\/coelectrix.com\/pt-pt\/#website\",\"url\":\"https:\/\/coelectrix.com\/pt-pt\/\",\"name\":\"Coelectrix\",\"description\":\"Componentes el\u00e9ctricos\",\"publisher\":{\"@id\":\"https:\/\/coelectrix.com\/pt-pt\/#organization\"},\"potentialAction\":[{\"@type\":\"SearchAction\",\"target\":{\"@type\":\"EntryPoint\",\"urlTemplate\":\"https:\/\/coelectrix.com\/pt-pt\/?s={search_term_string}\"},\"query-input\":{\"@type\":\"PropertyValueSpecification\",\"valueRequired\":true,\"valueName\":\"search_term_string\"}}],\"inLanguage\":\"pt-PT\"},{\"@type\":\"Organization\",\"@id\":\"https:\/\/coelectrix.com\/pt-pt\/#organization\",\"name\":\"coelectrix.com\",\"url\":\"https:\/\/coelectrix.com\/pt-pt\/\",\"logo\":{\"@type\":\"ImageObject\",\"inLanguage\":\"pt-PT\",\"@id\":\"https:\/\/coelectrix.com\/pt-pt\/#\/schema\/logo\/image\/\",\"url\":\"https:\/\/coelectrix.com\/wp-content\/uploads\/2018\/05\/logo-coelectrix-400x400.jpg\",\"contentUrl\":\"https:\/\/coelectrix.com\/wp-content\/uploads\/2018\/05\/logo-coelectrix-400x400.jpg\",\"width\":300,\"height\":300,\"caption\":\"coelectrix.com\"},\"image\":{\"@id\":\"https:\/\/coelectrix.com\/pt-pt\/#\/schema\/logo\/image\/\"}}]}<\/script>\n<!-- \/ Yoast SEO plugin. -->","yoast_head_json":{"title":"Custos de envio | Coelectrix","robots":{"index":"noindex","follow":"follow"},"og_locale":"pt_PT","og_type":"article","og_title":"Custos de envio | Coelectrix","og_description":"Na Coelectrix temos como regra geral uma taxa fixa de 5,50\u20ac para os custos de envio na pen\u00ednsula espanhola. Estes custos de envio cobrem um envio por uma empresa de transporte que normalmente ser\u00e1 ENVIALIA, TIPSA ou CORREOS com entrega em 24\/48 horas. Para as Ilhas Baleares, as empresas de transporte ser\u00e3o as mesmas, mas [&hellip;]","og_url":"https:\/\/coelectrix.com\/pt-pt\/custos-de-entrega","og_site_name":"Coelectrix","twitter_card":"summary_large_image","twitter_misc":{"Tempo estimado de leitura":"1 minuto"},"schema":{"@context":"https:\/\/schema.org","@graph":[{"@type":"WebPage","@id":"https:\/\/coelectrix.com\/pt-pt\/custos-de-entrega","url":"https:\/\/coelectrix.com\/pt-pt\/custos-de-entrega","name":"Custos de envio | Coelectrix","isPartOf":{"@id":"https:\/\/coelectrix.com\/pt-pt\/#website"},"datePublished":"2018-11-25T17:13:17+00:00","breadcrumb":{"@id":"https:\/\/coelectrix.com\/pt-pt\/custos-de-entrega#breadcrumb"},"inLanguage":"pt-PT","potentialAction":[{"@type":"ReadAction","target":["https:\/\/coelectrix.com\/pt-pt\/custos-de-entrega"]}]},{"@type":"BreadcrumbList","@id":"https:\/\/coelectrix.com\/pt-pt\/custos-de-entrega#breadcrumb","itemListElement":[{"@type":"ListItem","position":1,"name":"Portada","item":"https:\/\/coelectrix.com\/"},{"@type":"ListItem","position":2,"name":"Custos de envio"}]},{"@type":"WebSite","@id":"https:\/\/coelectrix.com\/pt-pt\/#website","url":"https:\/\/coelectrix.com\/pt-pt\/","name":"Coelectrix","description":"Componentes el\u00e9ctricos","publisher":{"@id":"https:\/\/coelectrix.com\/pt-pt\/#organization"},"potentialAction":[{"@type":"SearchAction","target":{"@type":"EntryPoint","urlTemplate":"https:\/\/coelectrix.com\/pt-pt\/?s={search_term_string}"},"query-input":{"@type":"PropertyValueSpecification","valueRequired":true,"valueName":"search_term_string"}}],"inLanguage":"pt-PT"},{"@type":"Organization","@id":"https:\/\/coelectrix.com\/pt-pt\/#organization","name":"coelectrix.com","url":"https:\/\/coelectrix.com\/pt-pt\/","logo":{"@type":"ImageObject","inLanguage":"pt-PT","@id":"https:\/\/coelectrix.com\/pt-pt\/#\/schema\/logo\/image\/","url":"https:\/\/coelectrix.com\/wp-content\/uploads\/2018\/05\/logo-coelectrix-400x400.jpg","contentUrl":"https:\/\/coelectrix.com\/wp-content\/uploads\/2018\/05\/logo-coelectrix-400x400.jpg","width":300,"height":300,"caption":"coelectrix.com"},"image":{"@id":"https:\/\/coelectrix.com\/pt-pt\/#\/schema\/logo\/image\/"}}]}},"_links":{"self":[{"href":"https:\/\/coelectrix.com\/pt-pt\/wp-json\/wp\/v2\/pages\/78174","targetHints":{"allow":["GET"]}}],"collection":[{"href":"https:\/\/coelectrix.com\/pt-pt\/wp-json\/wp\/v2\/pages"}],"about":[{"href":"https:\/\/coelectrix.com\/pt-pt\/wp-json\/wp\/v2\/types\/page"}],"author":[{"embeddable":true,"href":"https:\/\/coelectrix.com\/pt-pt\/wp-json\/wp\/v2\/users\/5630"}],"replies":[{"embeddable":true,"href":"https:\/\/coelectrix.com\/pt-pt\/wp-json\/wp\/v2\/comments?post=78174"}],"version-history":[{"count":0,"href":"https:\/\/coelectrix.com\/pt-pt\/wp-json\/wp\/v2\/pages\/78174\/revisions"}],"wp:attachment":[{"href":"https:\/\/coelectrix.com\/pt-pt\/wp-json\/wp\/v2\/media?parent=78174"}],"curies":[{"name":"wp","href":"https:\/\/api.w.org\/{rel}","templated":true}]}}