{"id":78195,"date":"2016-04-21T08:34:02","date_gmt":"2016-04-21T06:34:02","guid":{"rendered":"https:\/\/coelectrix.com\/termos-e-condicoes-de-compra"},"modified":"2016-04-21T08:34:02","modified_gmt":"2016-04-21T06:34:02","slug":"termos-e-condicoes-de-compra","status":"publish","type":"page","link":"https:\/\/coelectrix.com\/pt-pt\/termos-condicoes-compra","title":{"rendered":"Termos e condi\u00e7\u00f5es de compra"},"content":{"rendered":"<p><strong>Termos e condi\u00e7\u00f5es gerais<\/strong><\/p>\n<p><strong>1-CONDI\u00c7\u00d5ES GERAIS DE COMPRA E SUA ACEITA\u00c7\u00c3O.<\/strong><\/p>\n<p>Esta p\u00e1gina est\u00e1 configurada como uma loja virtual, sob o nome de www.coelectrix.com com o objetivo de expor a sua gama de produtos para conhecimento do cliente e compra de produtos. Pode contactar-nos atrav\u00e9s do formul\u00e1rio de contacto ou por telefone 93.8736324 e watsapp 628124030 para efetuar a compra. A compra e o seu processo ser\u00e3o regulados pelas presentes Condi\u00e7\u00f5es Gerais de Contrata\u00e7\u00e3o, abaixo indicadas:<\/p>\n<p><strong>CONDI\u00c7\u00d5ES GERAIS<\/strong><br \/>\nO propriet\u00e1rio e vendedor \u00e9 Jordi Fernandez Rodriguez que facturar\u00e1 atrav\u00e9s da empresa rinafils s.l. cif. B-62610357 e com sede social em Pica d&#8217;Estats 126, C\u00f3digo Postal: 08272- Sant Fruitos de Bages, na prov\u00edncia de Barcelona.<\/p>\n<p>As presentes Condi\u00e7\u00f5es Gerais vinculam o propriet\u00e1rio do s\u00edtio Web e o comprador (Cliente), conferindo-lhes uma s\u00e9rie de direitos e obriga\u00e7\u00f5es, a partir do momento em que este \u00faltimo efectua e aceita uma encomenda atrav\u00e9s deste s\u00edtio Web. S\u00e3o de cumprimento e conhecimento obrigat\u00f3rio por ambas as partes, pelo que a sua aceita\u00e7\u00e3o \u00e9 imprescind\u00edvel para poder formalizar uma encomenda. Por conseguinte, o Cliente deve ler atentamente as presentes condi\u00e7\u00f5es.<\/p>\n<p>Para efeitos de notifica\u00e7\u00f5es, requerimentos e escritos de qualquer tipo a que o presente contrato d\u00ea origem, o endere\u00e7o da EMPRESA ser\u00e1 entendido como o indicado nas presentes Condi\u00e7\u00f5es Gerais.<\/p>\n<p>As presentes condi\u00e7\u00f5es gerais de compra regulam a aquisi\u00e7\u00e3o, atrav\u00e9s de www.coelectrix.com e afectam os produtos oferecidos atrav\u00e9s desta LOJA VIRTUAL.<\/p>\n<p><strong>VENDEDOR:<\/strong><\/p>\n<p>coelectrix.com, com C.I.F.: b-62610357 , e com sede social em Pica d&#8217;estats 126, C\u00f3digo Postal: 08272- Sant Fruitos de Bages, na prov\u00edncia de Barcelona, Telefone: 938736324 e e-mail: info@coelectrix.com<br \/>\n<strong>COMPRADOR\/CLIENTE:<\/strong><\/p>\n<p>O utilizador que se regista, introduzindo voluntariamente os seus dados pessoais no formul\u00e1rio de compra, uma vez aceites as condi\u00e7\u00f5es gerais de compra.<\/p>\n<p>Todos os dados do cliente ser\u00e3o armazenados numa base de dados da nossa propriedade, em conformidade com o disposto na Lei 15\/1999, de 13 de dezembro.<\/p>\n<p><strong>PAGAMENTOS:<\/strong><\/p>\n<p>Aceitamos as seguintes formas de pagamento:<\/p>\n<p>PAYPAL que ser\u00e1 um pagamento r\u00e1pido e seguro.<\/p>\n<p>Cart\u00e3o de cr\u00e9dito ou d\u00e9bito atrav\u00e9s do portal de pagamento seguro Stripe.<\/p>\n<p>Transfer\u00eancia banc\u00e1ria atrav\u00e9s da nossa conta no Banco Santander.<\/p>\n","protected":false},"excerpt":{"rendered":"<p>Termos e condi\u00e7\u00f5es gerais 1-CONDI\u00c7\u00d5ES GERAIS DE COMPRA E SUA ACEITA\u00c7\u00c3O. Esta p\u00e1gina est\u00e1 configurada como uma loja virtual, sob o nome de www.coelectrix.com com o objetivo de expor a sua gama de produtos para conhecimento do cliente e compra de produtos. Pode contactar-nos atrav\u00e9s do formul\u00e1rio de contacto ou por telefone 93.8736324 e watsapp [&hellip;]<\/p>\n","protected":false},"author":1,"featured_media":0,"parent":0,"menu_order":0,"comment_status":"closed","ping_status":"closed","template":"","meta":{"_acf_changed":false,"footnotes":""},"class_list":["post-78195","page","type-page","status-publish","hentry"],"acf":[],"yoast_head":"<!-- This site is optimized with the Yoast SEO plugin v27.2 - https:\/\/yoast.com\/product\/yoast-seo-wordpress\/ -->\n<title>Termos e condi\u00e7\u00f5es de compra | Coelectrix<\/title>\n<meta name=\"robots\" content=\"noindex, nofollow\" \/>\n<meta property=\"og:locale\" content=\"pt_PT\" \/>\n<meta property=\"og:type\" content=\"article\" \/>\n<meta property=\"og:title\" content=\"Termos e condi\u00e7\u00f5es de compra | Coelectrix\" \/>\n<meta property=\"og:description\" content=\"Termos e condi\u00e7\u00f5es gerais 1-CONDI\u00c7\u00d5ES GERAIS DE COMPRA E SUA ACEITA\u00c7\u00c3O. Esta p\u00e1gina est\u00e1 configurada como uma loja virtual, sob o nome de www.coelectrix.com com o objetivo de expor a sua gama de produtos para conhecimento do cliente e compra de produtos. Pode contactar-nos atrav\u00e9s do formul\u00e1rio de contacto ou por telefone 93.8736324 e watsapp [&hellip;]\" \/>\n<meta property=\"og:url\" content=\"https:\/\/coelectrix.com\/pt-pt\/termos-condicoes-compra\" \/>\n<meta property=\"og:site_name\" content=\"Coelectrix\" \/>\n<meta name=\"twitter:card\" content=\"summary_large_image\" \/>\n<meta name=\"twitter:label1\" content=\"Tempo estimado de leitura\" \/>\n\t<meta name=\"twitter:data1\" content=\"2 minutos\" \/>\n<script type=\"application\/ld+json\" class=\"yoast-schema-graph\">{\"@context\":\"https:\/\/schema.org\",\"@graph\":[{\"@type\":\"WebPage\",\"@id\":\"https:\/\/coelectrix.com\/pt-pt\/termos-condicoes-compra\",\"url\":\"https:\/\/coelectrix.com\/pt-pt\/termos-condicoes-compra\",\"name\":\"Termos e condi\u00e7\u00f5es de compra | Coelectrix\",\"isPartOf\":{\"@id\":\"https:\/\/coelectrix.com\/pt-pt\/#website\"},\"datePublished\":\"2016-04-21T06:34:02+00:00\",\"breadcrumb\":{\"@id\":\"https:\/\/coelectrix.com\/pt-pt\/termos-condicoes-compra#breadcrumb\"},\"inLanguage\":\"pt-PT\",\"potentialAction\":[{\"@type\":\"ReadAction\",\"target\":[\"https:\/\/coelectrix.com\/pt-pt\/termos-condicoes-compra\"]}]},{\"@type\":\"BreadcrumbList\",\"@id\":\"https:\/\/coelectrix.com\/pt-pt\/termos-condicoes-compra#breadcrumb\",\"itemListElement\":[{\"@type\":\"ListItem\",\"position\":1,\"name\":\"Portada\",\"item\":\"https:\/\/coelectrix.com\/\"},{\"@type\":\"ListItem\",\"position\":2,\"name\":\"Termos e condi\u00e7\u00f5es de compra\"}]},{\"@type\":\"WebSite\",\"@id\":\"https:\/\/coelectrix.com\/pt-pt\/#website\",\"url\":\"https:\/\/coelectrix.com\/pt-pt\/\",\"name\":\"Coelectrix\",\"description\":\"Componentes el\u00e9ctricos\",\"publisher\":{\"@id\":\"https:\/\/coelectrix.com\/pt-pt\/#organization\"},\"potentialAction\":[{\"@type\":\"SearchAction\",\"target\":{\"@type\":\"EntryPoint\",\"urlTemplate\":\"https:\/\/coelectrix.com\/pt-pt\/?s={search_term_string}\"},\"query-input\":{\"@type\":\"PropertyValueSpecification\",\"valueRequired\":true,\"valueName\":\"search_term_string\"}}],\"inLanguage\":\"pt-PT\"},{\"@type\":\"Organization\",\"@id\":\"https:\/\/coelectrix.com\/pt-pt\/#organization\",\"name\":\"coelectrix.com\",\"url\":\"https:\/\/coelectrix.com\/pt-pt\/\",\"logo\":{\"@type\":\"ImageObject\",\"inLanguage\":\"pt-PT\",\"@id\":\"https:\/\/coelectrix.com\/pt-pt\/#\/schema\/logo\/image\/\",\"url\":\"https:\/\/coelectrix.com\/wp-content\/uploads\/2018\/05\/logo-coelectrix-400x400.jpg\",\"contentUrl\":\"https:\/\/coelectrix.com\/wp-content\/uploads\/2018\/05\/logo-coelectrix-400x400.jpg\",\"width\":300,\"height\":300,\"caption\":\"coelectrix.com\"},\"image\":{\"@id\":\"https:\/\/coelectrix.com\/pt-pt\/#\/schema\/logo\/image\/\"}}]}<\/script>\n<!-- \/ Yoast SEO plugin. -->","yoast_head_json":{"title":"Termos e condi\u00e7\u00f5es de compra | Coelectrix","robots":{"index":"noindex","follow":"nofollow"},"og_locale":"pt_PT","og_type":"article","og_title":"Termos e condi\u00e7\u00f5es de compra | Coelectrix","og_description":"Termos e condi\u00e7\u00f5es gerais 1-CONDI\u00c7\u00d5ES GERAIS DE COMPRA E SUA ACEITA\u00c7\u00c3O. Esta p\u00e1gina est\u00e1 configurada como uma loja virtual, sob o nome de www.coelectrix.com com o objetivo de expor a sua gama de produtos para conhecimento do cliente e compra de produtos. Pode contactar-nos atrav\u00e9s do formul\u00e1rio de contacto ou por telefone 93.8736324 e watsapp [&hellip;]","og_url":"https:\/\/coelectrix.com\/pt-pt\/termos-condicoes-compra","og_site_name":"Coelectrix","twitter_card":"summary_large_image","twitter_misc":{"Tempo estimado de leitura":"2 minutos"},"schema":{"@context":"https:\/\/schema.org","@graph":[{"@type":"WebPage","@id":"https:\/\/coelectrix.com\/pt-pt\/termos-condicoes-compra","url":"https:\/\/coelectrix.com\/pt-pt\/termos-condicoes-compra","name":"Termos e condi\u00e7\u00f5es de compra | Coelectrix","isPartOf":{"@id":"https:\/\/coelectrix.com\/pt-pt\/#website"},"datePublished":"2016-04-21T06:34:02+00:00","breadcrumb":{"@id":"https:\/\/coelectrix.com\/pt-pt\/termos-condicoes-compra#breadcrumb"},"inLanguage":"pt-PT","potentialAction":[{"@type":"ReadAction","target":["https:\/\/coelectrix.com\/pt-pt\/termos-condicoes-compra"]}]},{"@type":"BreadcrumbList","@id":"https:\/\/coelectrix.com\/pt-pt\/termos-condicoes-compra#breadcrumb","itemListElement":[{"@type":"ListItem","position":1,"name":"Portada","item":"https:\/\/coelectrix.com\/"},{"@type":"ListItem","position":2,"name":"Termos e condi\u00e7\u00f5es de compra"}]},{"@type":"WebSite","@id":"https:\/\/coelectrix.com\/pt-pt\/#website","url":"https:\/\/coelectrix.com\/pt-pt\/","name":"Coelectrix","description":"Componentes el\u00e9ctricos","publisher":{"@id":"https:\/\/coelectrix.com\/pt-pt\/#organization"},"potentialAction":[{"@type":"SearchAction","target":{"@type":"EntryPoint","urlTemplate":"https:\/\/coelectrix.com\/pt-pt\/?s={search_term_string}"},"query-input":{"@type":"PropertyValueSpecification","valueRequired":true,"valueName":"search_term_string"}}],"inLanguage":"pt-PT"},{"@type":"Organization","@id":"https:\/\/coelectrix.com\/pt-pt\/#organization","name":"coelectrix.com","url":"https:\/\/coelectrix.com\/pt-pt\/","logo":{"@type":"ImageObject","inLanguage":"pt-PT","@id":"https:\/\/coelectrix.com\/pt-pt\/#\/schema\/logo\/image\/","url":"https:\/\/coelectrix.com\/wp-content\/uploads\/2018\/05\/logo-coelectrix-400x400.jpg","contentUrl":"https:\/\/coelectrix.com\/wp-content\/uploads\/2018\/05\/logo-coelectrix-400x400.jpg","width":300,"height":300,"caption":"coelectrix.com"},"image":{"@id":"https:\/\/coelectrix.com\/pt-pt\/#\/schema\/logo\/image\/"}}]}},"_links":{"self":[{"href":"https:\/\/coelectrix.com\/pt-pt\/wp-json\/wp\/v2\/pages\/78195","targetHints":{"allow":["GET"]}}],"collection":[{"href":"https:\/\/coelectrix.com\/pt-pt\/wp-json\/wp\/v2\/pages"}],"about":[{"href":"https:\/\/coelectrix.com\/pt-pt\/wp-json\/wp\/v2\/types\/page"}],"author":[{"embeddable":true,"href":"https:\/\/coelectrix.com\/pt-pt\/wp-json\/wp\/v2\/users\/1"}],"replies":[{"embeddable":true,"href":"https:\/\/coelectrix.com\/pt-pt\/wp-json\/wp\/v2\/comments?post=78195"}],"version-history":[{"count":0,"href":"https:\/\/coelectrix.com\/pt-pt\/wp-json\/wp\/v2\/pages\/78195\/revisions"}],"wp:attachment":[{"href":"https:\/\/coelectrix.com\/pt-pt\/wp-json\/wp\/v2\/media?parent=78195"}],"curies":[{"name":"wp","href":"https:\/\/api.w.org\/{rel}","templated":true}]}}