{"id":78196,"date":"2016-04-21T07:41:21","date_gmt":"2016-04-21T05:41:21","guid":{"rendered":"https:\/\/coelectrix.com\/quem-somos"},"modified":"2016-04-21T07:41:21","modified_gmt":"2016-04-21T05:41:21","slug":"quem-somos","status":"publish","type":"page","link":"https:\/\/coelectrix.com\/pt-pt\/quem-somos","title":{"rendered":"Quem somos"},"content":{"rendered":"<p style=\"text-align: left;\"><strong>Coelectrix.com<\/strong> \u00e9 uma loja online especialmente concebida para satisfazer as necessidades dos nossos clientes e especializada 100% em <strong>componentes el\u00e9ctricos e electr\u00f3nicos.<\/strong><\/p>\n<p>Nasceu com a inten\u00e7\u00e3o de fazer chegar a qualquer lugar produtos que n\u00e3o s\u00e3o f\u00e1ceis de adquirir na maioria das lojas e dar a oportunidade de os oferecer aos clientes que por comodidade ou dificuldade os queiram comprar a um pre\u00e7o muito acess\u00edvel e entregues \u00e0 porta de casa por uma ag\u00eancia de transportes.<\/p>\n<p><strong>Coelectrix<\/strong> \u00e9 uma sucursal da empresa <a href=\"http:\/\/www.rinafils.com\">Rinafils s.l.<\/a> dedicada h\u00e1 mais de 20 anos ao fabrico de cablagem industrial \u00e0 medida, pelo que dispomos de uma vasta experi\u00eancia e conhecimento do mercado.<\/p>\n<p>Na <strong>coelectrix.com<\/strong> levamos muito a s\u00e9rio a qualidade dos produtos que vendemos, por isso, trabalhamos diretamente com fabricantes espanh\u00f3is e, em alguns produtos espec\u00edficos, com importadores espanh\u00f3is com longa experi\u00eancia no mercado.<\/p>\n<p>Com o desejo de facilitar as coisas, cortamos <strong>\u00e0 medida<\/strong> uma grande variedade de produtos, que temos em bobinas industriais, tais como <strong>cabo autom\u00f3vel, cabo de bateria, tubo termorretr\u00e1ctil, tubo ondulado&#8230;.<\/strong><\/p>\n<p><strong>Enviamos a sua compra GRATUITAMENTE<\/strong> para todas as encomendas superiores a 90\u20ac e o destino \u00e9 Peninsular. Envios para as Ilhas Baleares, Ilhas Can\u00e1rias, Ceuta e Melilla o cliente ter\u00e1 de compensar o custo log\u00edstico extra.<\/p>\n<p><strong>Servi\u00e7o de apoio ao cliente<\/strong>. \u00c9 muito f\u00e1cil contactar-nos, respondemos sempre e gostamos muito de oferecer um servi\u00e7o excecional e personalizado ao cliente.<\/p>\n<p>Utilizamos todos os meios de comunica\u00e7\u00e3o poss\u00edveis: e-mail, formul\u00e1rio de contacto, telefone, watsapp&#8230; sempre dispon\u00edveis para qualquer consulta !!!!<\/p>\n","protected":false},"excerpt":{"rendered":"<p>Coelectrix.com \u00e9 uma loja online especialmente concebida para satisfazer as necessidades dos nossos clientes e especializada 100% em componentes el\u00e9ctricos e electr\u00f3nicos. Nasceu com a inten\u00e7\u00e3o de fazer chegar a qualquer lugar produtos que n\u00e3o s\u00e3o f\u00e1ceis de adquirir na maioria das lojas e dar a oportunidade de os oferecer aos clientes que por comodidade [&hellip;]<\/p>\n","protected":false},"author":1,"featured_media":0,"parent":0,"menu_order":0,"comment_status":"closed","ping_status":"closed","template":"","meta":{"_acf_changed":false,"footnotes":""},"class_list":["post-78196","page","type-page","status-publish","hentry"],"acf":[],"yoast_head":"<!-- This site is optimized with the Yoast SEO plugin v27.2 - https:\/\/yoast.com\/product\/yoast-seo-wordpress\/ -->\n<title>Quem somos | Coelectrix<\/title>\n<meta name=\"description\" content=\"Coelectrix.com \u00e9 uma loja online especialmente concebida para responder \u00e0s necessidades dos nossos clientes e especializada 100% em componentes el\u00e9ctricos.\" \/>\n<meta name=\"robots\" content=\"index, follow, max-snippet:-1, max-image-preview:large, max-video-preview:-1\" \/>\n<link rel=\"canonical\" href=\"https:\/\/coelectrix.com\/pt-pt\/quem-somos\" \/>\n<meta property=\"og:locale\" content=\"pt_PT\" \/>\n<meta property=\"og:type\" content=\"article\" \/>\n<meta property=\"og:title\" content=\"Quem somos | Coelectrix\" \/>\n<meta property=\"og:description\" content=\"Coelectrix.com \u00e9 uma loja online especialmente concebida para responder \u00e0s necessidades dos nossos clientes e especializada 100% em componentes el\u00e9ctricos.\" \/>\n<meta property=\"og:url\" content=\"https:\/\/coelectrix.com\/pt-pt\/quem-somos\" \/>\n<meta property=\"og:site_name\" content=\"Coelectrix\" \/>\n<meta name=\"twitter:card\" content=\"summary_large_image\" \/>\n<meta name=\"twitter:label1\" content=\"Tempo estimado de leitura\" \/>\n\t<meta name=\"twitter:data1\" content=\"1 minuto\" \/>\n<script type=\"application\/ld+json\" class=\"yoast-schema-graph\">{\"@context\":\"https:\/\/schema.org\",\"@graph\":[{\"@type\":\"WebPage\",\"@id\":\"https:\/\/coelectrix.com\/pt-pt\/quem-somos\",\"url\":\"https:\/\/coelectrix.com\/pt-pt\/quem-somos\",\"name\":\"Quem somos | Coelectrix\",\"isPartOf\":{\"@id\":\"https:\/\/coelectrix.com\/pt-pt\/#website\"},\"datePublished\":\"2016-04-21T05:41:21+00:00\",\"description\":\"Coelectrix.com \u00e9 uma loja online especialmente concebida para responder \u00e0s necessidades dos nossos clientes e especializada 100% em componentes el\u00e9ctricos.\",\"breadcrumb\":{\"@id\":\"https:\/\/coelectrix.com\/pt-pt\/quem-somos#breadcrumb\"},\"inLanguage\":\"pt-PT\",\"potentialAction\":[{\"@type\":\"ReadAction\",\"target\":[\"https:\/\/coelectrix.com\/pt-pt\/quem-somos\"]}]},{\"@type\":\"BreadcrumbList\",\"@id\":\"https:\/\/coelectrix.com\/pt-pt\/quem-somos#breadcrumb\",\"itemListElement\":[{\"@type\":\"ListItem\",\"position\":1,\"name\":\"Portada\",\"item\":\"https:\/\/coelectrix.com\/\"},{\"@type\":\"ListItem\",\"position\":2,\"name\":\"Quem somos\"}]},{\"@type\":\"WebSite\",\"@id\":\"https:\/\/coelectrix.com\/pt-pt\/#website\",\"url\":\"https:\/\/coelectrix.com\/pt-pt\/\",\"name\":\"Coelectrix\",\"description\":\"Componentes el\u00e9ctricos\",\"publisher\":{\"@id\":\"https:\/\/coelectrix.com\/pt-pt\/#organization\"},\"potentialAction\":[{\"@type\":\"SearchAction\",\"target\":{\"@type\":\"EntryPoint\",\"urlTemplate\":\"https:\/\/coelectrix.com\/pt-pt\/?s={search_term_string}\"},\"query-input\":{\"@type\":\"PropertyValueSpecification\",\"valueRequired\":true,\"valueName\":\"search_term_string\"}}],\"inLanguage\":\"pt-PT\"},{\"@type\":\"Organization\",\"@id\":\"https:\/\/coelectrix.com\/pt-pt\/#organization\",\"name\":\"coelectrix.com\",\"url\":\"https:\/\/coelectrix.com\/pt-pt\/\",\"logo\":{\"@type\":\"ImageObject\",\"inLanguage\":\"pt-PT\",\"@id\":\"https:\/\/coelectrix.com\/pt-pt\/#\/schema\/logo\/image\/\",\"url\":\"https:\/\/coelectrix.com\/wp-content\/uploads\/2018\/05\/logo-coelectrix-400x400.jpg\",\"contentUrl\":\"https:\/\/coelectrix.com\/wp-content\/uploads\/2018\/05\/logo-coelectrix-400x400.jpg\",\"width\":300,\"height\":300,\"caption\":\"coelectrix.com\"},\"image\":{\"@id\":\"https:\/\/coelectrix.com\/pt-pt\/#\/schema\/logo\/image\/\"}}]}<\/script>\n<!-- \/ Yoast SEO plugin. -->","yoast_head_json":{"title":"Quem somos | Coelectrix","description":"Coelectrix.com \u00e9 uma loja online especialmente concebida para responder \u00e0s necessidades dos nossos clientes e especializada 100% em componentes el\u00e9ctricos.","robots":{"index":"index","follow":"follow","max-snippet":"max-snippet:-1","max-image-preview":"max-image-preview:large","max-video-preview":"max-video-preview:-1"},"canonical":"https:\/\/coelectrix.com\/pt-pt\/quem-somos","og_locale":"pt_PT","og_type":"article","og_title":"Quem somos | Coelectrix","og_description":"Coelectrix.com \u00e9 uma loja online especialmente concebida para responder \u00e0s necessidades dos nossos clientes e especializada 100% em componentes el\u00e9ctricos.","og_url":"https:\/\/coelectrix.com\/pt-pt\/quem-somos","og_site_name":"Coelectrix","twitter_card":"summary_large_image","twitter_misc":{"Tempo estimado de leitura":"1 minuto"},"schema":{"@context":"https:\/\/schema.org","@graph":[{"@type":"WebPage","@id":"https:\/\/coelectrix.com\/pt-pt\/quem-somos","url":"https:\/\/coelectrix.com\/pt-pt\/quem-somos","name":"Quem somos | Coelectrix","isPartOf":{"@id":"https:\/\/coelectrix.com\/pt-pt\/#website"},"datePublished":"2016-04-21T05:41:21+00:00","description":"Coelectrix.com \u00e9 uma loja online especialmente concebida para responder \u00e0s necessidades dos nossos clientes e especializada 100% em componentes el\u00e9ctricos.","breadcrumb":{"@id":"https:\/\/coelectrix.com\/pt-pt\/quem-somos#breadcrumb"},"inLanguage":"pt-PT","potentialAction":[{"@type":"ReadAction","target":["https:\/\/coelectrix.com\/pt-pt\/quem-somos"]}]},{"@type":"BreadcrumbList","@id":"https:\/\/coelectrix.com\/pt-pt\/quem-somos#breadcrumb","itemListElement":[{"@type":"ListItem","position":1,"name":"Portada","item":"https:\/\/coelectrix.com\/"},{"@type":"ListItem","position":2,"name":"Quem somos"}]},{"@type":"WebSite","@id":"https:\/\/coelectrix.com\/pt-pt\/#website","url":"https:\/\/coelectrix.com\/pt-pt\/","name":"Coelectrix","description":"Componentes el\u00e9ctricos","publisher":{"@id":"https:\/\/coelectrix.com\/pt-pt\/#organization"},"potentialAction":[{"@type":"SearchAction","target":{"@type":"EntryPoint","urlTemplate":"https:\/\/coelectrix.com\/pt-pt\/?s={search_term_string}"},"query-input":{"@type":"PropertyValueSpecification","valueRequired":true,"valueName":"search_term_string"}}],"inLanguage":"pt-PT"},{"@type":"Organization","@id":"https:\/\/coelectrix.com\/pt-pt\/#organization","name":"coelectrix.com","url":"https:\/\/coelectrix.com\/pt-pt\/","logo":{"@type":"ImageObject","inLanguage":"pt-PT","@id":"https:\/\/coelectrix.com\/pt-pt\/#\/schema\/logo\/image\/","url":"https:\/\/coelectrix.com\/wp-content\/uploads\/2018\/05\/logo-coelectrix-400x400.jpg","contentUrl":"https:\/\/coelectrix.com\/wp-content\/uploads\/2018\/05\/logo-coelectrix-400x400.jpg","width":300,"height":300,"caption":"coelectrix.com"},"image":{"@id":"https:\/\/coelectrix.com\/pt-pt\/#\/schema\/logo\/image\/"}}]}},"_links":{"self":[{"href":"https:\/\/coelectrix.com\/pt-pt\/wp-json\/wp\/v2\/pages\/78196","targetHints":{"allow":["GET"]}}],"collection":[{"href":"https:\/\/coelectrix.com\/pt-pt\/wp-json\/wp\/v2\/pages"}],"about":[{"href":"https:\/\/coelectrix.com\/pt-pt\/wp-json\/wp\/v2\/types\/page"}],"author":[{"embeddable":true,"href":"https:\/\/coelectrix.com\/pt-pt\/wp-json\/wp\/v2\/users\/1"}],"replies":[{"embeddable":true,"href":"https:\/\/coelectrix.com\/pt-pt\/wp-json\/wp\/v2\/comments?post=78196"}],"version-history":[{"count":0,"href":"https:\/\/coelectrix.com\/pt-pt\/wp-json\/wp\/v2\/pages\/78196\/revisions"}],"wp:attachment":[{"href":"https:\/\/coelectrix.com\/pt-pt\/wp-json\/wp\/v2\/media?parent=78196"}],"curies":[{"name":"wp","href":"https:\/\/api.w.org\/{rel}","templated":true}]}}