{"id":74748,"date":"2024-10-31T11:32:12","date_gmt":"2024-10-31T10:32:12","guid":{"rendered":"https:\/\/coelectrix.com\/producto\/caixa-para-magnetotermics-3-modulos"},"modified":"2025-08-19T05:57:08","modified_gmt":"2025-08-19T03:57:08","slug":"caixa-para-magnetotermics-3-modulos","status":"publish","type":"product","link":"https:\/\/coelectrix.com\/pt-pt\/produto\/box-for-magneto-thermals-3-modules","title":{"rendered":"Caixa para Magnetotermics 3 M\u00f3dulos"},"content":{"rendered":"<ul>\n<li>Tipo de caixa: Para dispositivos modulares<\/li>\n<li>Classe de impermeabilidade: IP20<\/li>\n<li>Fixa\u00e7\u00e3o: montagem na parede, montagem embutida<\/li>\n<li>Cor da caixa: branco<\/li>\n<li>N\u00famero de m\u00f3dulos: 3<\/li>\n<li>N\u00famero de filas: 1<\/li>\n<li>Material da caixa: poliestireno<\/li>\n<li>Disposi\u00e7\u00e3o dos m\u00f3dulos: 3<\/li>\n<li>S\u00e9rie da caixa: MINI<\/li>\n<li>Temperatura de funcionamento: -20&#8230;70\u00b0C<\/li>\n<li>Tens\u00e3o de funcionamento: 400V<\/li>\n<li>Resist\u00eancia \u00e0 vibra\u00e7\u00e3o mec\u00e2nica: IK05<\/li>\n<li>Classe de prote\u00e7\u00e3o: II<\/li>\n<li>Dimens\u00e3o Y: 140mm<\/li>\n<li>Dimens\u00e3o X: 82mm<\/li>\n<li>Dimens\u00e3o Z: 84mm<\/li>\n<\/ul>\n<div class=\"kfiWC \" tabindex=\"0\" role=\"button\" data-css-scope=\"\" aria-label=\"specification.additionalParameterDescription\">\n<div class=\"lyFLQ js-tooltip-modal-wrapper\" data-css-is-calculated=\"true\" data-css-scope=\"\">\n<div class=\"BuN4M \">\n<div class=\"kfTk4 \" data-css-margin=\"medium\">\n<div class=\"De00z \">\n<div>\n<div align=\"center\"><img decoding=\"async\" class=\"alignleft\" src=\"https:\/\/www.tme.eu\/u\/parameters_info\/enclosures_dimensions.gif\" alt=\"Enclosures dimensions\" width=\"139\" height=\"170\" \/><\/div>\n<\/div>\n<\/div>\n<\/div>\n<\/div>\n<\/div>\n<\/div>\n","protected":false},"excerpt":{"rendered":"<p>Caixa de disjuntores de alta qualidade, ideal para proteger e organizar as suas instala\u00e7\u00f5es el\u00e9ctricas. Fabricada em material resistente, permite uma montagem f\u00e1cil e segura dos disjuntores. Com capacidade modular, prote\u00e7\u00e3o IP e tampa articulada, \u00e9 perfeita para uso residencial e industrial, garantindo uma instala\u00e7\u00e3o limpa e arrumada.<\/p>\n<p>Para 3 m\u00f3dulos.<\/p>\n<p>Tamanho: 140mm. x 82mm. profundidade: 84mm.<\/p>\n","protected":false},"featured_media":74555,"template":"","meta":{"_acf_changed":false},"product_brand":[],"product_cat":[1254,1388],"product_tag":[],"class_list":{"0":"post-74748","1":"product","2":"type-product","3":"status-publish","4":"has-post-thumbnail","6":"product_cat-acessorios-220v","7":"product_cat-porta-fusiveis","9":"first","10":"instock","11":"taxable","12":"shipping-taxable","13":"purchasable","14":"product-type-simple"},"acf":[],"yoast_head":"<!-- This site is optimized with the Yoast SEO plugin v27.2 - https:\/\/yoast.com\/product\/yoast-seo-wordpress\/ -->\n<title>\u25b7 Caixa para Magnetotermics 3 M\u00f3dulos | Coelectrix.com<\/title>\n<meta name=\"description\" content=\"Caixa de disjuntores f\u00e1cil de instalar e robusta. Ideal para organizar e proteger os seus circuitos el\u00e9ctricos em ambientes residenciais ou industriais.\" \/>\n<meta name=\"robots\" content=\"index, follow, max-snippet:-1, max-image-preview:large, max-video-preview:-1\" \/>\n<link rel=\"canonical\" href=\"https:\/\/coelectrix.com\/pt-pt\/produto\/box-for-magneto-thermals-3-modules\" \/>\n<meta property=\"og:locale\" content=\"pt_PT\" \/>\n<meta property=\"og:type\" content=\"article\" \/>\n<meta property=\"og:title\" content=\"\u25b7 Caixa para Magnetotermics 3 M\u00f3dulos | Coelectrix.com\" \/>\n<meta property=\"og:description\" content=\"Caixa de disjuntores f\u00e1cil de instalar e robusta. Ideal para organizar e proteger os seus circuitos el\u00e9ctricos em ambientes residenciais ou industriais.\" \/>\n<meta property=\"og:url\" content=\"https:\/\/coelectrix.com\/pt-pt\/produto\/box-for-magneto-thermals-3-modules\" \/>\n<meta property=\"og:site_name\" content=\"Coelectrix\" \/>\n<meta property=\"article:modified_time\" content=\"2025-08-19T03:57:08+00:00\" \/>\n<meta property=\"og:image\" content=\"https:\/\/coelectrix.com\/wp-content\/uploads\/2024\/10\/Caja-para-Magnetotermicos-3-Modulos.png\" \/>\n\t<meta property=\"og:image:width\" content=\"600\" \/>\n\t<meta property=\"og:image:height\" content=\"600\" \/>\n\t<meta property=\"og:image:type\" content=\"image\/png\" \/>\n<meta name=\"twitter:card\" content=\"summary_large_image\" \/>\n<script type=\"application\/ld+json\" class=\"yoast-schema-graph\">{\"@context\":\"https:\/\/schema.org\",\"@graph\":[{\"@type\":\"WebPage\",\"@id\":\"https:\/\/coelectrix.com\/pt-pt\/produto\/box-for-magneto-thermals-3-modules\",\"url\":\"https:\/\/coelectrix.com\/pt-pt\/produto\/box-for-magneto-thermals-3-modules\",\"name\":\"\u25b7 Caixa para Magnetotermics 3 M\u00f3dulos | Coelectrix.com\",\"isPartOf\":{\"@id\":\"https:\/\/coelectrix.com\/pt-pt\/#website\"},\"primaryImageOfPage\":{\"@id\":\"https:\/\/coelectrix.com\/pt-pt\/produto\/box-for-magneto-thermals-3-modules#primaryimage\"},\"image\":{\"@id\":\"https:\/\/coelectrix.com\/pt-pt\/produto\/box-for-magneto-thermals-3-modules#primaryimage\"},\"thumbnailUrl\":\"https:\/\/coelectrix.com\/wp-content\/uploads\/2024\/10\/Caja-para-Magnetotermicos-3-Modulos.png\",\"datePublished\":\"2024-10-31T10:32:12+00:00\",\"dateModified\":\"2025-08-19T03:57:08+00:00\",\"description\":\"Caixa de disjuntores f\u00e1cil de instalar e robusta. Ideal para organizar e proteger os seus circuitos el\u00e9ctricos em ambientes residenciais ou industriais.\",\"breadcrumb\":{\"@id\":\"https:\/\/coelectrix.com\/pt-pt\/produto\/box-for-magneto-thermals-3-modules#breadcrumb\"},\"inLanguage\":\"pt-PT\",\"potentialAction\":[{\"@type\":\"ReadAction\",\"target\":[\"https:\/\/coelectrix.com\/pt-pt\/produto\/box-for-magneto-thermals-3-modules\"]}]},{\"@type\":\"ImageObject\",\"inLanguage\":\"pt-PT\",\"@id\":\"https:\/\/coelectrix.com\/pt-pt\/produto\/box-for-magneto-thermals-3-modules#primaryimage\",\"url\":\"https:\/\/coelectrix.com\/wp-content\/uploads\/2024\/10\/Caja-para-Magnetotermicos-3-Modulos.png\",\"contentUrl\":\"https:\/\/coelectrix.com\/wp-content\/uploads\/2024\/10\/Caja-para-Magnetotermicos-3-Modulos.png\",\"width\":600,\"height\":600,\"caption\":\"Caixa para Magnetotermics 3 M\u00f3dulos\"},{\"@type\":\"BreadcrumbList\",\"@id\":\"https:\/\/coelectrix.com\/pt-pt\/produto\/box-for-magneto-thermals-3-modules#breadcrumb\",\"itemListElement\":[{\"@type\":\"ListItem\",\"position\":1,\"name\":\"Portada\",\"item\":\"https:\/\/coelectrix.com\/\"},{\"@type\":\"ListItem\",\"position\":2,\"name\":\"Loja\",\"item\":\"https:\/\/coelectrix.com\/pt-pt\/loja\"},{\"@type\":\"ListItem\",\"position\":3,\"name\":\"Caixa para Magnetotermics 3 M\u00f3dulos\"}]},{\"@type\":\"WebSite\",\"@id\":\"https:\/\/coelectrix.com\/pt-pt\/#website\",\"url\":\"https:\/\/coelectrix.com\/pt-pt\/\",\"name\":\"Coelectrix\",\"description\":\"Componentes el\u00e9ctricos\",\"publisher\":{\"@id\":\"https:\/\/coelectrix.com\/pt-pt\/#organization\"},\"potentialAction\":[{\"@type\":\"SearchAction\",\"target\":{\"@type\":\"EntryPoint\",\"urlTemplate\":\"https:\/\/coelectrix.com\/pt-pt\/?s={search_term_string}\"},\"query-input\":{\"@type\":\"PropertyValueSpecification\",\"valueRequired\":true,\"valueName\":\"search_term_string\"}}],\"inLanguage\":\"pt-PT\"},{\"@type\":\"Organization\",\"@id\":\"https:\/\/coelectrix.com\/pt-pt\/#organization\",\"name\":\"coelectrix.com\",\"url\":\"https:\/\/coelectrix.com\/pt-pt\/\",\"logo\":{\"@type\":\"ImageObject\",\"inLanguage\":\"pt-PT\",\"@id\":\"https:\/\/coelectrix.com\/pt-pt\/#\/schema\/logo\/image\/\",\"url\":\"https:\/\/coelectrix.com\/wp-content\/uploads\/2018\/05\/logo-coelectrix-400x400.jpg\",\"contentUrl\":\"https:\/\/coelectrix.com\/wp-content\/uploads\/2018\/05\/logo-coelectrix-400x400.jpg\",\"width\":300,\"height\":300,\"caption\":\"coelectrix.com\"},\"image\":{\"@id\":\"https:\/\/coelectrix.com\/pt-pt\/#\/schema\/logo\/image\/\"}}]}<\/script>\n<!-- \/ Yoast SEO plugin. -->","yoast_head_json":{"title":"\u25b7 Caixa para Magnetotermics 3 M\u00f3dulos | Coelectrix.com","description":"Caixa de disjuntores f\u00e1cil de instalar e robusta. Ideal para organizar e proteger os seus circuitos el\u00e9ctricos em ambientes residenciais ou industriais.","robots":{"index":"index","follow":"follow","max-snippet":"max-snippet:-1","max-image-preview":"max-image-preview:large","max-video-preview":"max-video-preview:-1"},"canonical":"https:\/\/coelectrix.com\/pt-pt\/produto\/box-for-magneto-thermals-3-modules","og_locale":"pt_PT","og_type":"article","og_title":"\u25b7 Caixa para Magnetotermics 3 M\u00f3dulos | Coelectrix.com","og_description":"Caixa de disjuntores f\u00e1cil de instalar e robusta. Ideal para organizar e proteger os seus circuitos el\u00e9ctricos em ambientes residenciais ou industriais.","og_url":"https:\/\/coelectrix.com\/pt-pt\/produto\/box-for-magneto-thermals-3-modules","og_site_name":"Coelectrix","article_modified_time":"2025-08-19T03:57:08+00:00","og_image":[{"width":600,"height":600,"url":"https:\/\/coelectrix.com\/wp-content\/uploads\/2024\/10\/Caja-para-Magnetotermicos-3-Modulos.png","type":"image\/png"}],"twitter_card":"summary_large_image","schema":{"@context":"https:\/\/schema.org","@graph":[{"@type":"WebPage","@id":"https:\/\/coelectrix.com\/pt-pt\/produto\/box-for-magneto-thermals-3-modules","url":"https:\/\/coelectrix.com\/pt-pt\/produto\/box-for-magneto-thermals-3-modules","name":"\u25b7 Caixa para Magnetotermics 3 M\u00f3dulos | Coelectrix.com","isPartOf":{"@id":"https:\/\/coelectrix.com\/pt-pt\/#website"},"primaryImageOfPage":{"@id":"https:\/\/coelectrix.com\/pt-pt\/produto\/box-for-magneto-thermals-3-modules#primaryimage"},"image":{"@id":"https:\/\/coelectrix.com\/pt-pt\/produto\/box-for-magneto-thermals-3-modules#primaryimage"},"thumbnailUrl":"https:\/\/coelectrix.com\/wp-content\/uploads\/2024\/10\/Caja-para-Magnetotermicos-3-Modulos.png","datePublished":"2024-10-31T10:32:12+00:00","dateModified":"2025-08-19T03:57:08+00:00","description":"Caixa de disjuntores f\u00e1cil de instalar e robusta. Ideal para organizar e proteger os seus circuitos el\u00e9ctricos em ambientes residenciais ou industriais.","breadcrumb":{"@id":"https:\/\/coelectrix.com\/pt-pt\/produto\/box-for-magneto-thermals-3-modules#breadcrumb"},"inLanguage":"pt-PT","potentialAction":[{"@type":"ReadAction","target":["https:\/\/coelectrix.com\/pt-pt\/produto\/box-for-magneto-thermals-3-modules"]}]},{"@type":"ImageObject","inLanguage":"pt-PT","@id":"https:\/\/coelectrix.com\/pt-pt\/produto\/box-for-magneto-thermals-3-modules#primaryimage","url":"https:\/\/coelectrix.com\/wp-content\/uploads\/2024\/10\/Caja-para-Magnetotermicos-3-Modulos.png","contentUrl":"https:\/\/coelectrix.com\/wp-content\/uploads\/2024\/10\/Caja-para-Magnetotermicos-3-Modulos.png","width":600,"height":600,"caption":"Caixa para Magnetotermics 3 M\u00f3dulos"},{"@type":"BreadcrumbList","@id":"https:\/\/coelectrix.com\/pt-pt\/produto\/box-for-magneto-thermals-3-modules#breadcrumb","itemListElement":[{"@type":"ListItem","position":1,"name":"Portada","item":"https:\/\/coelectrix.com\/"},{"@type":"ListItem","position":2,"name":"Loja","item":"https:\/\/coelectrix.com\/pt-pt\/loja"},{"@type":"ListItem","position":3,"name":"Caixa para Magnetotermics 3 M\u00f3dulos"}]},{"@type":"WebSite","@id":"https:\/\/coelectrix.com\/pt-pt\/#website","url":"https:\/\/coelectrix.com\/pt-pt\/","name":"Coelectrix","description":"Componentes el\u00e9ctricos","publisher":{"@id":"https:\/\/coelectrix.com\/pt-pt\/#organization"},"potentialAction":[{"@type":"SearchAction","target":{"@type":"EntryPoint","urlTemplate":"https:\/\/coelectrix.com\/pt-pt\/?s={search_term_string}"},"query-input":{"@type":"PropertyValueSpecification","valueRequired":true,"valueName":"search_term_string"}}],"inLanguage":"pt-PT"},{"@type":"Organization","@id":"https:\/\/coelectrix.com\/pt-pt\/#organization","name":"coelectrix.com","url":"https:\/\/coelectrix.com\/pt-pt\/","logo":{"@type":"ImageObject","inLanguage":"pt-PT","@id":"https:\/\/coelectrix.com\/pt-pt\/#\/schema\/logo\/image\/","url":"https:\/\/coelectrix.com\/wp-content\/uploads\/2018\/05\/logo-coelectrix-400x400.jpg","contentUrl":"https:\/\/coelectrix.com\/wp-content\/uploads\/2018\/05\/logo-coelectrix-400x400.jpg","width":300,"height":300,"caption":"coelectrix.com"},"image":{"@id":"https:\/\/coelectrix.com\/pt-pt\/#\/schema\/logo\/image\/"}}]}},"_links":{"self":[{"href":"https:\/\/coelectrix.com\/pt-pt\/wp-json\/wp\/v2\/product\/74748","targetHints":{"allow":["GET"]}}],"collection":[{"href":"https:\/\/coelectrix.com\/pt-pt\/wp-json\/wp\/v2\/product"}],"about":[{"href":"https:\/\/coelectrix.com\/pt-pt\/wp-json\/wp\/v2\/types\/product"}],"version-history":[{"count":1,"href":"https:\/\/coelectrix.com\/pt-pt\/wp-json\/wp\/v2\/product\/74748\/revisions"}],"predecessor-version":[{"id":74772,"href":"https:\/\/coelectrix.com\/pt-pt\/wp-json\/wp\/v2\/product\/74748\/revisions\/74772"}],"wp:featuredmedia":[{"embeddable":true,"href":"https:\/\/coelectrix.com\/pt-pt\/wp-json\/wp\/v2\/media\/74555"}],"wp:attachment":[{"href":"https:\/\/coelectrix.com\/pt-pt\/wp-json\/wp\/v2\/media?parent=74748"}],"wp:term":[{"taxonomy":"product_brand","embeddable":true,"href":"https:\/\/coelectrix.com\/pt-pt\/wp-json\/wp\/v2\/product_brand?post=74748"},{"taxonomy":"product_cat","embeddable":true,"href":"https:\/\/coelectrix.com\/pt-pt\/wp-json\/wp\/v2\/product_cat?post=74748"},{"taxonomy":"product_tag","embeddable":true,"href":"https:\/\/coelectrix.com\/pt-pt\/wp-json\/wp\/v2\/product_tag?post=74748"}],"curies":[{"name":"wp","href":"https:\/\/api.w.org\/{rel}","templated":true}]}}