{"id":74756,"date":"2021-10-30T10:25:32","date_gmt":"2021-10-30T08:25:32","guid":{"rendered":"https:\/\/coelectrix.com\/producto\/cabo-solar-6mm2-com-conectores-mc4"},"modified":"2025-08-19T06:03:06","modified_gmt":"2025-08-19T04:03:06","slug":"cabo-solar-6mm2-com-conectores-mc4","status":"publish","type":"product","link":"https:\/\/coelectrix.com\/pt-pt\/produto\/cabo-solar-6mm2-com-conectores-mc4","title":{"rendered":"Cabo solar 6mm2 com conectores MC4"},"content":{"rendered":"<h2><strong>Cabo solar 6mm2 com conectores MC4<\/strong><\/h2>\n<p>Cabo especial H1Z2Z2-K para instala\u00e7\u00f5es fotovoltaicas de sec\u00e7\u00e3o 6mm2 com conectores MC4 j\u00e1 instalados e prontos a serem ligados diretamente ao painel solar.<\/p>\n<p>Trata-se de um cabo muito flex\u00edvel, especialmente indicado<strong> para a liga\u00e7\u00e3o entre pain\u00e9is fotovoltaicos<\/strong>, e dos pain\u00e9is ao inversor, sendo compat\u00edvel com a maioria dos conectores. Gra\u00e7as ao desempenho dos seus materiais, pode ser <strong>instalado no exterior<\/strong> ou diretamente no subsolo com todas as garantias.<\/p>\n<p>Este cabo \u00e9 fornecido com conectores solares universais MC4 integrados para liga\u00e7\u00e3o direta ao painel. Estes conectores s\u00e3o compat\u00edveis com os conectores de qualquer painel de qualquer marca.<\/p>\n<p><img fetchpriority=\"high\" decoding=\"async\" class=\"alignnone size-medium wp-image-35008\" src=\"https:\/\/coelectrix.com\/wp-content\/uploads\/2021\/10\/cable-solar-con-conectores-2-300x300.jpg\" alt=\"\" width=\"300\" height=\"300\" srcset=\"https:\/\/coelectrix.com\/wp-content\/uploads\/2021\/10\/cable-solar-con-conectores-2-300x300.jpg 300w, https:\/\/coelectrix.com\/wp-content\/uploads\/2021\/10\/cable-solar-con-conectores-2-196x196.jpg 196w, https:\/\/coelectrix.com\/wp-content\/uploads\/2021\/10\/cable-solar-con-conectores-2-100x100.jpg 100w, https:\/\/coelectrix.com\/wp-content\/uploads\/2021\/10\/cable-solar-con-conectores-2-416x416.jpg 416w, https:\/\/coelectrix.com\/wp-content\/uploads\/2021\/10\/cable-solar-con-conectores-2-64x64.jpg 64w, https:\/\/coelectrix.com\/wp-content\/uploads\/2021\/10\/cable-solar-con-conectores-2-150x150.jpg 150w, https:\/\/coelectrix.com\/wp-content\/uploads\/2021\/10\/cable-solar-con-conectores-2-768x768.jpg 768w, https:\/\/coelectrix.com\/wp-content\/uploads\/2021\/10\/cable-solar-con-conectores-2.jpg 800w\" sizes=\"(max-width: 300px) 100vw, 300px\" \/><\/p>\n<p>Dispon\u00edvel em tamanhos de 3 metros e 6 metros.<\/p>\n","protected":false},"excerpt":{"rendered":"<p>Cabo solar de 6 mm2 com conectores MC4 inclu\u00eddos numa extremidade.<\/p>\n<p><strong><span style=\"color: #333399;\">Formatos dispon\u00edveis:<\/span><\/strong><br \/>\n<strong>3 metros<\/strong> <strong>de cabo<\/strong><strong>Solar Vermelho<\/strong> + <strong>3 metros de cabo Solar Preto<\/strong> com conetor numa das extremidades.<br \/>\n<strong>6 metros<\/strong><strong> de cabo Solar Vermelho<\/strong> + 6<strong> metros de cabo Solar Preto<\/strong> com conetor numa das extremidades.<\/p>\n","protected":false},"featured_media":73645,"template":"","meta":{"_acf_changed":false},"product_brand":[],"product_cat":[1255,1354,1341],"product_tag":[],"class_list":{"0":"post-74756","1":"product","2":"type-product","3":"status-publish","4":"has-post-thumbnail","6":"product_cat-acessorios-de-montagem","7":"product_cat-cabo-solar-h1z2z2-k","8":"product_cat-paineis-solares","10":"first","11":"instock","12":"taxable","13":"shipping-taxable","14":"purchasable","15":"product-type-variable"},"acf":[],"yoast_head":"<!-- This site is optimized with the Yoast SEO plugin v27.2 - https:\/\/yoast.com\/product\/yoast-seo-wordpress\/ -->\n<title>\u25b7 Cabo solar 6mm2 com conectores MC4 | Coelectrix.com<\/title>\n<meta name=\"description\" content=\"Cabo especial H1Z2Z2-K para instala\u00e7\u00f5es fotovoltaicas, sec\u00e7\u00e3o transversal de 6 mm2, com conectores MC4 j\u00e1 instalados e prontos a ligar.\" \/>\n<meta name=\"robots\" content=\"index, follow, max-snippet:-1, max-image-preview:large, max-video-preview:-1\" \/>\n<link rel=\"canonical\" href=\"https:\/\/coelectrix.com\/pt-pt\/produto\/cabo-solar-6mm2-com-conectores-mc4\" \/>\n<meta property=\"og:locale\" content=\"pt_PT\" \/>\n<meta property=\"og:type\" content=\"article\" \/>\n<meta property=\"og:title\" content=\"\u25b7 Cabo solar 6mm2 com conectores MC4 | Coelectrix.com\" \/>\n<meta property=\"og:description\" content=\"Cabo especial H1Z2Z2-K para instala\u00e7\u00f5es fotovoltaicas, sec\u00e7\u00e3o transversal de 6 mm2, com conectores MC4 j\u00e1 instalados e prontos a ligar.\" \/>\n<meta property=\"og:url\" content=\"https:\/\/coelectrix.com\/pt-pt\/produto\/cabo-solar-6mm2-com-conectores-mc4\" \/>\n<meta property=\"og:site_name\" content=\"Coelectrix\" \/>\n<meta property=\"article:modified_time\" content=\"2025-08-19T04:03:06+00:00\" \/>\n<meta property=\"og:image\" content=\"https:\/\/coelectrix.com\/wp-content\/uploads\/2021\/10\/Cable-solar-6mm2-con-Conectores.jpg\" \/>\n\t<meta property=\"og:image:width\" content=\"800\" \/>\n\t<meta property=\"og:image:height\" content=\"800\" \/>\n\t<meta property=\"og:image:type\" content=\"image\/jpeg\" \/>\n<meta name=\"twitter:card\" content=\"summary_large_image\" \/>\n<meta name=\"twitter:label1\" content=\"Tempo estimado de leitura\" \/>\n\t<meta name=\"twitter:data1\" content=\"1 minuto\" \/>\n<script type=\"application\/ld+json\" class=\"yoast-schema-graph\">{\"@context\":\"https:\/\/schema.org\",\"@graph\":[{\"@type\":\"WebPage\",\"@id\":\"https:\/\/coelectrix.com\/pt-pt\/produto\/cabo-solar-6mm2-com-conectores-mc4\",\"url\":\"https:\/\/coelectrix.com\/pt-pt\/produto\/cabo-solar-6mm2-com-conectores-mc4\",\"name\":\"\u25b7 Cabo solar 6mm2 com conectores MC4 | Coelectrix.com\",\"isPartOf\":{\"@id\":\"https:\/\/coelectrix.com\/pt-pt\/#website\"},\"primaryImageOfPage\":{\"@id\":\"https:\/\/coelectrix.com\/pt-pt\/produto\/cabo-solar-6mm2-com-conectores-mc4#primaryimage\"},\"image\":{\"@id\":\"https:\/\/coelectrix.com\/pt-pt\/produto\/cabo-solar-6mm2-com-conectores-mc4#primaryimage\"},\"thumbnailUrl\":\"https:\/\/coelectrix.com\/wp-content\/uploads\/2021\/10\/Cable-solar-6mm2-con-Conectores.jpg\",\"datePublished\":\"2021-10-30T08:25:32+00:00\",\"dateModified\":\"2025-08-19T04:03:06+00:00\",\"description\":\"Cabo especial H1Z2Z2-K para instala\u00e7\u00f5es fotovoltaicas, sec\u00e7\u00e3o transversal de 6 mm2, com conectores MC4 j\u00e1 instalados e prontos a ligar.\",\"breadcrumb\":{\"@id\":\"https:\/\/coelectrix.com\/pt-pt\/produto\/cabo-solar-6mm2-com-conectores-mc4#breadcrumb\"},\"inLanguage\":\"pt-PT\",\"potentialAction\":[{\"@type\":\"ReadAction\",\"target\":[\"https:\/\/coelectrix.com\/pt-pt\/produto\/cabo-solar-6mm2-com-conectores-mc4\"]}]},{\"@type\":\"ImageObject\",\"inLanguage\":\"pt-PT\",\"@id\":\"https:\/\/coelectrix.com\/pt-pt\/produto\/cabo-solar-6mm2-com-conectores-mc4#primaryimage\",\"url\":\"https:\/\/coelectrix.com\/wp-content\/uploads\/2021\/10\/Cable-solar-6mm2-con-Conectores.jpg\",\"contentUrl\":\"https:\/\/coelectrix.com\/wp-content\/uploads\/2021\/10\/Cable-solar-6mm2-con-Conectores.jpg\",\"width\":800,\"height\":800,\"caption\":\"Cabo solar 6mm2 com conectores MC4\"},{\"@type\":\"BreadcrumbList\",\"@id\":\"https:\/\/coelectrix.com\/pt-pt\/produto\/cabo-solar-6mm2-com-conectores-mc4#breadcrumb\",\"itemListElement\":[{\"@type\":\"ListItem\",\"position\":1,\"name\":\"Portada\",\"item\":\"https:\/\/coelectrix.com\/\"},{\"@type\":\"ListItem\",\"position\":2,\"name\":\"Loja\",\"item\":\"https:\/\/coelectrix.com\/pt-pt\/loja\"},{\"@type\":\"ListItem\",\"position\":3,\"name\":\"Cabo solar 6mm2 com conectores MC4\"}]},{\"@type\":\"WebSite\",\"@id\":\"https:\/\/coelectrix.com\/pt-pt\/#website\",\"url\":\"https:\/\/coelectrix.com\/pt-pt\/\",\"name\":\"Coelectrix\",\"description\":\"Componentes el\u00e9ctricos\",\"publisher\":{\"@id\":\"https:\/\/coelectrix.com\/pt-pt\/#organization\"},\"potentialAction\":[{\"@type\":\"SearchAction\",\"target\":{\"@type\":\"EntryPoint\",\"urlTemplate\":\"https:\/\/coelectrix.com\/pt-pt\/?s={search_term_string}\"},\"query-input\":{\"@type\":\"PropertyValueSpecification\",\"valueRequired\":true,\"valueName\":\"search_term_string\"}}],\"inLanguage\":\"pt-PT\"},{\"@type\":\"Organization\",\"@id\":\"https:\/\/coelectrix.com\/pt-pt\/#organization\",\"name\":\"coelectrix.com\",\"url\":\"https:\/\/coelectrix.com\/pt-pt\/\",\"logo\":{\"@type\":\"ImageObject\",\"inLanguage\":\"pt-PT\",\"@id\":\"https:\/\/coelectrix.com\/pt-pt\/#\/schema\/logo\/image\/\",\"url\":\"https:\/\/coelectrix.com\/wp-content\/uploads\/2018\/05\/logo-coelectrix-400x400.jpg\",\"contentUrl\":\"https:\/\/coelectrix.com\/wp-content\/uploads\/2018\/05\/logo-coelectrix-400x400.jpg\",\"width\":300,\"height\":300,\"caption\":\"coelectrix.com\"},\"image\":{\"@id\":\"https:\/\/coelectrix.com\/pt-pt\/#\/schema\/logo\/image\/\"}}]}<\/script>\n<!-- \/ Yoast SEO plugin. -->","yoast_head_json":{"title":"\u25b7 Cabo solar 6mm2 com conectores MC4 | Coelectrix.com","description":"Cabo especial H1Z2Z2-K para instala\u00e7\u00f5es fotovoltaicas, sec\u00e7\u00e3o transversal de 6 mm2, com conectores MC4 j\u00e1 instalados e prontos a ligar.","robots":{"index":"index","follow":"follow","max-snippet":"max-snippet:-1","max-image-preview":"max-image-preview:large","max-video-preview":"max-video-preview:-1"},"canonical":"https:\/\/coelectrix.com\/pt-pt\/produto\/cabo-solar-6mm2-com-conectores-mc4","og_locale":"pt_PT","og_type":"article","og_title":"\u25b7 Cabo solar 6mm2 com conectores MC4 | Coelectrix.com","og_description":"Cabo especial H1Z2Z2-K para instala\u00e7\u00f5es fotovoltaicas, sec\u00e7\u00e3o transversal de 6 mm2, com conectores MC4 j\u00e1 instalados e prontos a ligar.","og_url":"https:\/\/coelectrix.com\/pt-pt\/produto\/cabo-solar-6mm2-com-conectores-mc4","og_site_name":"Coelectrix","article_modified_time":"2025-08-19T04:03:06+00:00","og_image":[{"width":800,"height":800,"url":"https:\/\/coelectrix.com\/wp-content\/uploads\/2021\/10\/Cable-solar-6mm2-con-Conectores.jpg","type":"image\/jpeg"}],"twitter_card":"summary_large_image","twitter_misc":{"Tempo estimado de leitura":"1 minuto"},"schema":{"@context":"https:\/\/schema.org","@graph":[{"@type":"WebPage","@id":"https:\/\/coelectrix.com\/pt-pt\/produto\/cabo-solar-6mm2-com-conectores-mc4","url":"https:\/\/coelectrix.com\/pt-pt\/produto\/cabo-solar-6mm2-com-conectores-mc4","name":"\u25b7 Cabo solar 6mm2 com conectores MC4 | Coelectrix.com","isPartOf":{"@id":"https:\/\/coelectrix.com\/pt-pt\/#website"},"primaryImageOfPage":{"@id":"https:\/\/coelectrix.com\/pt-pt\/produto\/cabo-solar-6mm2-com-conectores-mc4#primaryimage"},"image":{"@id":"https:\/\/coelectrix.com\/pt-pt\/produto\/cabo-solar-6mm2-com-conectores-mc4#primaryimage"},"thumbnailUrl":"https:\/\/coelectrix.com\/wp-content\/uploads\/2021\/10\/Cable-solar-6mm2-con-Conectores.jpg","datePublished":"2021-10-30T08:25:32+00:00","dateModified":"2025-08-19T04:03:06+00:00","description":"Cabo especial H1Z2Z2-K para instala\u00e7\u00f5es fotovoltaicas, sec\u00e7\u00e3o transversal de 6 mm2, com conectores MC4 j\u00e1 instalados e prontos a ligar.","breadcrumb":{"@id":"https:\/\/coelectrix.com\/pt-pt\/produto\/cabo-solar-6mm2-com-conectores-mc4#breadcrumb"},"inLanguage":"pt-PT","potentialAction":[{"@type":"ReadAction","target":["https:\/\/coelectrix.com\/pt-pt\/produto\/cabo-solar-6mm2-com-conectores-mc4"]}]},{"@type":"ImageObject","inLanguage":"pt-PT","@id":"https:\/\/coelectrix.com\/pt-pt\/produto\/cabo-solar-6mm2-com-conectores-mc4#primaryimage","url":"https:\/\/coelectrix.com\/wp-content\/uploads\/2021\/10\/Cable-solar-6mm2-con-Conectores.jpg","contentUrl":"https:\/\/coelectrix.com\/wp-content\/uploads\/2021\/10\/Cable-solar-6mm2-con-Conectores.jpg","width":800,"height":800,"caption":"Cabo solar 6mm2 com conectores MC4"},{"@type":"BreadcrumbList","@id":"https:\/\/coelectrix.com\/pt-pt\/produto\/cabo-solar-6mm2-com-conectores-mc4#breadcrumb","itemListElement":[{"@type":"ListItem","position":1,"name":"Portada","item":"https:\/\/coelectrix.com\/"},{"@type":"ListItem","position":2,"name":"Loja","item":"https:\/\/coelectrix.com\/pt-pt\/loja"},{"@type":"ListItem","position":3,"name":"Cabo solar 6mm2 com conectores MC4"}]},{"@type":"WebSite","@id":"https:\/\/coelectrix.com\/pt-pt\/#website","url":"https:\/\/coelectrix.com\/pt-pt\/","name":"Coelectrix","description":"Componentes el\u00e9ctricos","publisher":{"@id":"https:\/\/coelectrix.com\/pt-pt\/#organization"},"potentialAction":[{"@type":"SearchAction","target":{"@type":"EntryPoint","urlTemplate":"https:\/\/coelectrix.com\/pt-pt\/?s={search_term_string}"},"query-input":{"@type":"PropertyValueSpecification","valueRequired":true,"valueName":"search_term_string"}}],"inLanguage":"pt-PT"},{"@type":"Organization","@id":"https:\/\/coelectrix.com\/pt-pt\/#organization","name":"coelectrix.com","url":"https:\/\/coelectrix.com\/pt-pt\/","logo":{"@type":"ImageObject","inLanguage":"pt-PT","@id":"https:\/\/coelectrix.com\/pt-pt\/#\/schema\/logo\/image\/","url":"https:\/\/coelectrix.com\/wp-content\/uploads\/2018\/05\/logo-coelectrix-400x400.jpg","contentUrl":"https:\/\/coelectrix.com\/wp-content\/uploads\/2018\/05\/logo-coelectrix-400x400.jpg","width":300,"height":300,"caption":"coelectrix.com"},"image":{"@id":"https:\/\/coelectrix.com\/pt-pt\/#\/schema\/logo\/image\/"}}]}},"_links":{"self":[{"href":"https:\/\/coelectrix.com\/pt-pt\/wp-json\/wp\/v2\/product\/74756","targetHints":{"allow":["GET"]}}],"collection":[{"href":"https:\/\/coelectrix.com\/pt-pt\/wp-json\/wp\/v2\/product"}],"about":[{"href":"https:\/\/coelectrix.com\/pt-pt\/wp-json\/wp\/v2\/types\/product"}],"version-history":[{"count":1,"href":"https:\/\/coelectrix.com\/pt-pt\/wp-json\/wp\/v2\/product\/74756\/revisions"}],"predecessor-version":[{"id":74780,"href":"https:\/\/coelectrix.com\/pt-pt\/wp-json\/wp\/v2\/product\/74756\/revisions\/74780"}],"wp:featuredmedia":[{"embeddable":true,"href":"https:\/\/coelectrix.com\/pt-pt\/wp-json\/wp\/v2\/media\/73645"}],"wp:attachment":[{"href":"https:\/\/coelectrix.com\/pt-pt\/wp-json\/wp\/v2\/media?parent=74756"}],"wp:term":[{"taxonomy":"product_brand","embeddable":true,"href":"https:\/\/coelectrix.com\/pt-pt\/wp-json\/wp\/v2\/product_brand?post=74756"},{"taxonomy":"product_cat","embeddable":true,"href":"https:\/\/coelectrix.com\/pt-pt\/wp-json\/wp\/v2\/product_cat?post=74756"},{"taxonomy":"product_tag","embeddable":true,"href":"https:\/\/coelectrix.com\/pt-pt\/wp-json\/wp\/v2\/product_tag?post=74756"}],"curies":[{"name":"wp","href":"https:\/\/api.w.org\/{rel}","templated":true}]}}