{"id":74762,"date":"2021-06-02T14:08:57","date_gmt":"2021-06-02T12:08:57","guid":{"rendered":"https:\/\/coelectrix.com\/producto\/cabo-solar-h1z2z2-k-6mm2-a-metros"},"modified":"2025-08-19T06:03:36","modified_gmt":"2025-08-19T04:03:36","slug":"cabo-solar-h1z2z2-k-6mm2-a-metros","status":"publish","type":"product","link":"https:\/\/coelectrix.com\/pt-pt\/produto\/cabo-solar-h1z2z2-k-6mm2","title":{"rendered":"Cabo Solar H1Z2Z2-K 6mm2 a Metros"},"content":{"rendered":"<h2><strong>Cabo para instala\u00e7\u00f5es fotovoltaicas norma H1Z2Z2-K<\/strong><\/h2>\n<p>Cabo solar certificado pela TUV e pela EN, adequado para sistemas fotovoltaicos, tanto em instala\u00e7\u00f5es m\u00f3veis como fixas, certificado pela T\u00dcV de acordo com as normas IEC 62930 e EN 50618, \u00e9 adequado para sistemas solares, tanto em instala\u00e7\u00f5es fixas como m\u00f3veis (parques solares, caravanas, instala\u00e7\u00e3o em telhados solares -rooftop-, autoconsumo e centrais flutuantes).<\/p>\n<p>\u00c9 um cabo muito flex\u00edvel, especialmente indicado<strong> para a liga\u00e7\u00e3o entre pain\u00e9is fotovoltaicos<\/strong>, e dos pain\u00e9is ao inversor, sendo compat\u00edvel com a maioria dos conectores. Gra\u00e7as ao desempenho dos seus materiais, pode ser <strong>instalado no exterior<\/strong> ou diretamente no subsolo com todas as garantias.<\/p>\n<h3><strong>Carater\u00edsticas do cabo solar H1Z2Z2-K<\/strong><\/h3>\n<div class=\"dan-main-content\">\n<p class=\"p1\"><b>Carater\u00edsticas el\u00e9ctricas<\/b><br \/>\nBAIXA TENS\u00c3O<span class=\"Apple-converted-space\">  <\/span>1,5\/1,5<span class=\"Apple-converted-space\"> kV-<\/span><span class=\"Apple-converted-space\">  <\/span>( 1,8) kV.  1,0\/1,0<span class=\"Apple-converted-space\"> kV-<\/span><span class=\"Apple-converted-space\">  <\/span>( U0\/U).<\/p>\n<\/div>\n<div class=\"dan-extended-content\">\n<p class=\"p1\"><b>Norma de refer\u00eancia<br \/>\n<\/b><span class=\"s1\">EN 50618\/ IEC 62930 \/ UTE C 32-502<\/span><\/p>\n<p class=\"p2\"><span class=\"s1\"><b>Certificados<br \/>\n<\/b><\/span><span class=\"s1\">T\u00dcV \/ RETIE \/ <\/span>RoHS \/ CE<\/p>\n<p class=\"p2\"><b>CPR Regulamento de Produtos de Constru\u00e7\u00e3o<br \/>\n<\/b><span class=\"s1\"><sub>Cca -s1b,d2,a1<\/sub><\/span><\/p>\n<p class=\"p1\"><b>Carater\u00edsticas t\u00e9rmicas<br \/>\n<\/b><span class=\"s1\">Temperatura m\u00e1xima do condutor: 120\u00baC.<br \/>\n<\/span><span class=\"s1\">Temperatura m\u00e1xima de curto-circuito: 250\u00baC (m\u00e1ximo 5 s).<br \/>\n<\/span><span class=\"s1\">Temperatura m\u00ednima de servi\u00e7o: -40\u00baC.<\/span><\/p>\n<p class=\"p1\"><b>Carater\u00edsticas de inc\u00eandio<br \/>\n<\/b><span class=\"s1\">N\u00e3o propaga\u00e7\u00e3o da chama de acordo com UNE-EN 60332-1 <\/span><span class=\"s1\">e IEC 60332-1.<br \/>\n<\/span><span class=\"s1\">Sem halog\u00e9neos de acordo com UNE-EN 60754 e IEC 60754.<br \/>\n<\/span><span class=\"s1\">Baixa emiss\u00e3o de fumos de acordo com a UNE-EN 61034 <\/span><span class=\"s1\">e IEC 61034. Transmit\u00e2ncia luminosa &gt; 60%.<br \/>\n<\/span><span class=\"s1\">Baixa emiss\u00e3o de gases corrosivos de acordo com a UNE-EN 60754-2 <\/span><span class=\"s1\">e IEC 60754-2.<br \/>\n<\/span><span class=\"s1\">Rea\u00e7\u00e3o ao fogo CPR, C<\/span><span class=\"s2\"><sub>ca <\/sub><\/span><span class=\"s1\">s1b, d2, a1 de acordo com a norma EN 50575.<\/span><\/p>\n<p class=\"p1\"><b>Carater\u00edsticas mec\u00e2nicas<br \/>\n<\/b><span class=\"s1\">Raio de curvatura: 5 x di\u00e2metro exterior.<br \/>\n<\/span><span class=\"s1\">Resist\u00eancia ao impacto: AG2 M\u00e9dio.<\/span><\/p>\n<p class=\"p1\"><b>Carater\u00edsticas qu\u00edmicas<\/b><br \/>\n<span class=\"s1\">Resist\u00eancia \u00e0 gordura e ao \u00f3leo: excelente.<\/span><br \/>\n<span class=\"s1\">Resist\u00eancia ao ataque qu\u00edmico: excelente.<\/span><br \/>\nResist\u00eancia ao ozono de acordo com a norma <span class=\"s1\">EN 50618.<\/span><br \/>\n<span class=\"s1\">Resist\u00eancia aos raios ultravioleta de acordo com a norma EN 50618. <\/span><\/p>\n<p class=\"p1\"><b>Presen\u00e7a de \u00e1gua<br \/>\n<\/b><span class=\"s1\">Presen\u00e7a de \u00e1gua: AD8 submerso.<\/span><\/p>\n<p class=\"p1\"><b>Prazo de validade<\/b><br \/>\n<span class=\"s1\">Vida \u00fatil 30 anos: de acordo com a norma UNE-EN 50618.<\/span><br \/>\nOpcional: anti-roedor e anti-termite.<\/p>\n<p class=\"p1\"><b>Outros<br \/>\n<\/b><span class=\"s1\">Marca\u00e7\u00e3o: metro a metro.<\/span><\/p>\n<p class=\"p1\"><b>Condi\u00e7\u00f5es de instala\u00e7\u00e3o<br \/>\n<\/b><span class=\"s1\">No exterior.<br \/>\n<\/span><span class=\"s1\">No subsolo.<\/span><\/p>\n<p><a href=\"https:\/\/coelectrix.com\/wp-content\/uploads\/2021\/06\/CABLE-SOLAR.pdf\" target=\"_blank\" rel=\"noopener\">Descarregar a ficha t\u00e9cnica em PDF<\/a><\/p>\n<\/div>\n","protected":false},"excerpt":{"rendered":"<p><strong>Cabo solar<\/strong> com certifica\u00e7\u00e3o TUV e EN, adequado para instala\u00e7\u00f5es fotovoltaicas, tanto em servi\u00e7o m\u00f3vel como em instala\u00e7\u00e3o fixa.<br \/>\nTrata-se de um cabo muito flex\u00edvel, especialmente indicado<strong> para a liga\u00e7\u00e3o entre pain\u00e9is fotovoltaicos<\/strong> e dos pain\u00e9is ao inversor, sendo compat\u00edvel com a maioria dos conectores. Gra\u00e7as ao desempenho dos seus materiais, pode ser <strong>instalado no exterior<\/strong> ou diretamente no subsolo com todas as garantias.<\/p>\n<p><strong>Sec\u00e7\u00e3o transversal:<\/strong> 6mm2<\/p>\n<p><strong>Vendemo-lo ao metro<\/strong>, escolha tantas unidades quantos os metros de que necessita e n\u00f3s cortamo-lo numa s\u00f3 pe\u00e7a.<\/p>\n<p>Se precisar de um pre\u00e7o para quantidades maiores, contacte-nos para obter a melhor oferta.<\/p>\n","protected":false},"featured_media":73545,"template":"","meta":{"_acf_changed":false},"product_brand":[],"product_cat":[1255,1353,1354,1341],"product_tag":[],"class_list":{"0":"post-74762","1":"product","2":"type-product","3":"status-publish","4":"has-post-thumbnail","6":"product_cat-acessorios-de-montagem","7":"product_cat-cabo-eletrico","8":"product_cat-cabo-solar-h1z2z2-k","9":"product_cat-paineis-solares","11":"first","12":"instock","13":"taxable","14":"shipping-taxable","15":"purchasable","16":"product-type-variable"},"acf":[],"yoast_head":"<!-- This site is optimized with the Yoast SEO plugin v27.2 - https:\/\/yoast.com\/product\/yoast-seo-wordpress\/ -->\n<title>\u25b7 Cabo Solar H1Z2Z2-K 6mm2 a Metros | Coelectrix.com<\/title>\n<meta name=\"description\" content=\"Cabo solar com certifica\u00e7\u00e3o TUV e EN, adequado para sistemas fotovoltaicos, tanto em instala\u00e7\u00f5es m\u00f3veis como fixas.\" \/>\n<meta name=\"robots\" content=\"index, follow, max-snippet:-1, max-image-preview:large, max-video-preview:-1\" \/>\n<link rel=\"canonical\" href=\"https:\/\/coelectrix.com\/pt-pt\/produto\/cabo-solar-h1z2z2-k-6mm2\" \/>\n<meta property=\"og:locale\" content=\"pt_PT\" \/>\n<meta property=\"og:type\" content=\"article\" \/>\n<meta property=\"og:title\" content=\"\u25b7 Cabo Solar H1Z2Z2-K 6mm2 a Metros | Coelectrix.com\" \/>\n<meta property=\"og:description\" content=\"Cabo solar com certifica\u00e7\u00e3o TUV e EN, adequado para sistemas fotovoltaicos, tanto em instala\u00e7\u00f5es m\u00f3veis como fixas.\" \/>\n<meta property=\"og:url\" content=\"https:\/\/coelectrix.com\/pt-pt\/produto\/cabo-solar-h1z2z2-k-6mm2\" \/>\n<meta property=\"og:site_name\" content=\"Coelectrix\" \/>\n<meta property=\"article:modified_time\" content=\"2025-08-19T04:03:36+00:00\" \/>\n<meta property=\"og:image\" content=\"https:\/\/coelectrix.com\/wp-content\/uploads\/2021\/05\/cable-solar-h1z2z2-k.jpg\" \/>\n\t<meta property=\"og:image:width\" content=\"800\" \/>\n\t<meta property=\"og:image:height\" content=\"600\" \/>\n\t<meta property=\"og:image:type\" content=\"image\/jpeg\" \/>\n<meta name=\"twitter:card\" content=\"summary_large_image\" \/>\n<meta name=\"twitter:label1\" content=\"Tempo estimado de leitura\" \/>\n\t<meta name=\"twitter:data1\" content=\"2 minutos\" \/>\n<script type=\"application\/ld+json\" class=\"yoast-schema-graph\">{\"@context\":\"https:\/\/schema.org\",\"@graph\":[{\"@type\":\"WebPage\",\"@id\":\"https:\/\/coelectrix.com\/pt-pt\/produto\/cabo-solar-h1z2z2-k-6mm2\",\"url\":\"https:\/\/coelectrix.com\/pt-pt\/produto\/cabo-solar-h1z2z2-k-6mm2\",\"name\":\"\u25b7 Cabo Solar H1Z2Z2-K 6mm2 a Metros | Coelectrix.com\",\"isPartOf\":{\"@id\":\"https:\/\/coelectrix.com\/pt-pt\/#website\"},\"primaryImageOfPage\":{\"@id\":\"https:\/\/coelectrix.com\/pt-pt\/produto\/cabo-solar-h1z2z2-k-6mm2#primaryimage\"},\"image\":{\"@id\":\"https:\/\/coelectrix.com\/pt-pt\/produto\/cabo-solar-h1z2z2-k-6mm2#primaryimage\"},\"thumbnailUrl\":\"https:\/\/coelectrix.com\/wp-content\/uploads\/2021\/05\/cable-solar-h1z2z2-k.jpg\",\"datePublished\":\"2021-06-02T12:08:57+00:00\",\"dateModified\":\"2025-08-19T04:03:36+00:00\",\"description\":\"Cabo solar com certifica\u00e7\u00e3o TUV e EN, adequado para sistemas fotovoltaicos, tanto em instala\u00e7\u00f5es m\u00f3veis como fixas.\",\"breadcrumb\":{\"@id\":\"https:\/\/coelectrix.com\/pt-pt\/produto\/cabo-solar-h1z2z2-k-6mm2#breadcrumb\"},\"inLanguage\":\"pt-PT\",\"potentialAction\":[{\"@type\":\"ReadAction\",\"target\":[\"https:\/\/coelectrix.com\/pt-pt\/produto\/cabo-solar-h1z2z2-k-6mm2\"]}]},{\"@type\":\"ImageObject\",\"inLanguage\":\"pt-PT\",\"@id\":\"https:\/\/coelectrix.com\/pt-pt\/produto\/cabo-solar-h1z2z2-k-6mm2#primaryimage\",\"url\":\"https:\/\/coelectrix.com\/wp-content\/uploads\/2021\/05\/cable-solar-h1z2z2-k.jpg\",\"contentUrl\":\"https:\/\/coelectrix.com\/wp-content\/uploads\/2021\/05\/cable-solar-h1z2z2-k.jpg\",\"width\":800,\"height\":600,\"caption\":\"cabo-solar-h1z2z2-k\"},{\"@type\":\"BreadcrumbList\",\"@id\":\"https:\/\/coelectrix.com\/pt-pt\/produto\/cabo-solar-h1z2z2-k-6mm2#breadcrumb\",\"itemListElement\":[{\"@type\":\"ListItem\",\"position\":1,\"name\":\"Portada\",\"item\":\"https:\/\/coelectrix.com\/\"},{\"@type\":\"ListItem\",\"position\":2,\"name\":\"Loja\",\"item\":\"https:\/\/coelectrix.com\/pt-pt\/loja\"},{\"@type\":\"ListItem\",\"position\":3,\"name\":\"Cabo Solar H1Z2Z2-K 6mm2 a Metros\"}]},{\"@type\":\"WebSite\",\"@id\":\"https:\/\/coelectrix.com\/pt-pt\/#website\",\"url\":\"https:\/\/coelectrix.com\/pt-pt\/\",\"name\":\"Coelectrix\",\"description\":\"Componentes el\u00e9ctricos\",\"publisher\":{\"@id\":\"https:\/\/coelectrix.com\/pt-pt\/#organization\"},\"potentialAction\":[{\"@type\":\"SearchAction\",\"target\":{\"@type\":\"EntryPoint\",\"urlTemplate\":\"https:\/\/coelectrix.com\/pt-pt\/?s={search_term_string}\"},\"query-input\":{\"@type\":\"PropertyValueSpecification\",\"valueRequired\":true,\"valueName\":\"search_term_string\"}}],\"inLanguage\":\"pt-PT\"},{\"@type\":\"Organization\",\"@id\":\"https:\/\/coelectrix.com\/pt-pt\/#organization\",\"name\":\"coelectrix.com\",\"url\":\"https:\/\/coelectrix.com\/pt-pt\/\",\"logo\":{\"@type\":\"ImageObject\",\"inLanguage\":\"pt-PT\",\"@id\":\"https:\/\/coelectrix.com\/pt-pt\/#\/schema\/logo\/image\/\",\"url\":\"https:\/\/coelectrix.com\/wp-content\/uploads\/2018\/05\/logo-coelectrix-400x400.jpg\",\"contentUrl\":\"https:\/\/coelectrix.com\/wp-content\/uploads\/2018\/05\/logo-coelectrix-400x400.jpg\",\"width\":300,\"height\":300,\"caption\":\"coelectrix.com\"},\"image\":{\"@id\":\"https:\/\/coelectrix.com\/pt-pt\/#\/schema\/logo\/image\/\"}}]}<\/script>\n<!-- \/ Yoast SEO plugin. -->","yoast_head_json":{"title":"\u25b7 Cabo Solar H1Z2Z2-K 6mm2 a Metros | Coelectrix.com","description":"Cabo solar com certifica\u00e7\u00e3o TUV e EN, adequado para sistemas fotovoltaicos, tanto em instala\u00e7\u00f5es m\u00f3veis como fixas.","robots":{"index":"index","follow":"follow","max-snippet":"max-snippet:-1","max-image-preview":"max-image-preview:large","max-video-preview":"max-video-preview:-1"},"canonical":"https:\/\/coelectrix.com\/pt-pt\/produto\/cabo-solar-h1z2z2-k-6mm2","og_locale":"pt_PT","og_type":"article","og_title":"\u25b7 Cabo Solar H1Z2Z2-K 6mm2 a Metros | Coelectrix.com","og_description":"Cabo solar com certifica\u00e7\u00e3o TUV e EN, adequado para sistemas fotovoltaicos, tanto em instala\u00e7\u00f5es m\u00f3veis como fixas.","og_url":"https:\/\/coelectrix.com\/pt-pt\/produto\/cabo-solar-h1z2z2-k-6mm2","og_site_name":"Coelectrix","article_modified_time":"2025-08-19T04:03:36+00:00","og_image":[{"width":800,"height":600,"url":"https:\/\/coelectrix.com\/wp-content\/uploads\/2021\/05\/cable-solar-h1z2z2-k.jpg","type":"image\/jpeg"}],"twitter_card":"summary_large_image","twitter_misc":{"Tempo estimado de leitura":"2 minutos"},"schema":{"@context":"https:\/\/schema.org","@graph":[{"@type":"WebPage","@id":"https:\/\/coelectrix.com\/pt-pt\/produto\/cabo-solar-h1z2z2-k-6mm2","url":"https:\/\/coelectrix.com\/pt-pt\/produto\/cabo-solar-h1z2z2-k-6mm2","name":"\u25b7 Cabo Solar H1Z2Z2-K 6mm2 a Metros | Coelectrix.com","isPartOf":{"@id":"https:\/\/coelectrix.com\/pt-pt\/#website"},"primaryImageOfPage":{"@id":"https:\/\/coelectrix.com\/pt-pt\/produto\/cabo-solar-h1z2z2-k-6mm2#primaryimage"},"image":{"@id":"https:\/\/coelectrix.com\/pt-pt\/produto\/cabo-solar-h1z2z2-k-6mm2#primaryimage"},"thumbnailUrl":"https:\/\/coelectrix.com\/wp-content\/uploads\/2021\/05\/cable-solar-h1z2z2-k.jpg","datePublished":"2021-06-02T12:08:57+00:00","dateModified":"2025-08-19T04:03:36+00:00","description":"Cabo solar com certifica\u00e7\u00e3o TUV e EN, adequado para sistemas fotovoltaicos, tanto em instala\u00e7\u00f5es m\u00f3veis como fixas.","breadcrumb":{"@id":"https:\/\/coelectrix.com\/pt-pt\/produto\/cabo-solar-h1z2z2-k-6mm2#breadcrumb"},"inLanguage":"pt-PT","potentialAction":[{"@type":"ReadAction","target":["https:\/\/coelectrix.com\/pt-pt\/produto\/cabo-solar-h1z2z2-k-6mm2"]}]},{"@type":"ImageObject","inLanguage":"pt-PT","@id":"https:\/\/coelectrix.com\/pt-pt\/produto\/cabo-solar-h1z2z2-k-6mm2#primaryimage","url":"https:\/\/coelectrix.com\/wp-content\/uploads\/2021\/05\/cable-solar-h1z2z2-k.jpg","contentUrl":"https:\/\/coelectrix.com\/wp-content\/uploads\/2021\/05\/cable-solar-h1z2z2-k.jpg","width":800,"height":600,"caption":"cabo-solar-h1z2z2-k"},{"@type":"BreadcrumbList","@id":"https:\/\/coelectrix.com\/pt-pt\/produto\/cabo-solar-h1z2z2-k-6mm2#breadcrumb","itemListElement":[{"@type":"ListItem","position":1,"name":"Portada","item":"https:\/\/coelectrix.com\/"},{"@type":"ListItem","position":2,"name":"Loja","item":"https:\/\/coelectrix.com\/pt-pt\/loja"},{"@type":"ListItem","position":3,"name":"Cabo Solar H1Z2Z2-K 6mm2 a Metros"}]},{"@type":"WebSite","@id":"https:\/\/coelectrix.com\/pt-pt\/#website","url":"https:\/\/coelectrix.com\/pt-pt\/","name":"Coelectrix","description":"Componentes el\u00e9ctricos","publisher":{"@id":"https:\/\/coelectrix.com\/pt-pt\/#organization"},"potentialAction":[{"@type":"SearchAction","target":{"@type":"EntryPoint","urlTemplate":"https:\/\/coelectrix.com\/pt-pt\/?s={search_term_string}"},"query-input":{"@type":"PropertyValueSpecification","valueRequired":true,"valueName":"search_term_string"}}],"inLanguage":"pt-PT"},{"@type":"Organization","@id":"https:\/\/coelectrix.com\/pt-pt\/#organization","name":"coelectrix.com","url":"https:\/\/coelectrix.com\/pt-pt\/","logo":{"@type":"ImageObject","inLanguage":"pt-PT","@id":"https:\/\/coelectrix.com\/pt-pt\/#\/schema\/logo\/image\/","url":"https:\/\/coelectrix.com\/wp-content\/uploads\/2018\/05\/logo-coelectrix-400x400.jpg","contentUrl":"https:\/\/coelectrix.com\/wp-content\/uploads\/2018\/05\/logo-coelectrix-400x400.jpg","width":300,"height":300,"caption":"coelectrix.com"},"image":{"@id":"https:\/\/coelectrix.com\/pt-pt\/#\/schema\/logo\/image\/"}}]}},"_links":{"self":[{"href":"https:\/\/coelectrix.com\/pt-pt\/wp-json\/wp\/v2\/product\/74762","targetHints":{"allow":["GET"]}}],"collection":[{"href":"https:\/\/coelectrix.com\/pt-pt\/wp-json\/wp\/v2\/product"}],"about":[{"href":"https:\/\/coelectrix.com\/pt-pt\/wp-json\/wp\/v2\/types\/product"}],"version-history":[{"count":1,"href":"https:\/\/coelectrix.com\/pt-pt\/wp-json\/wp\/v2\/product\/74762\/revisions"}],"predecessor-version":[{"id":74782,"href":"https:\/\/coelectrix.com\/pt-pt\/wp-json\/wp\/v2\/product\/74762\/revisions\/74782"}],"wp:featuredmedia":[{"embeddable":true,"href":"https:\/\/coelectrix.com\/pt-pt\/wp-json\/wp\/v2\/media\/73545"}],"wp:attachment":[{"href":"https:\/\/coelectrix.com\/pt-pt\/wp-json\/wp\/v2\/media?parent=74762"}],"wp:term":[{"taxonomy":"product_brand","embeddable":true,"href":"https:\/\/coelectrix.com\/pt-pt\/wp-json\/wp\/v2\/product_brand?post=74762"},{"taxonomy":"product_cat","embeddable":true,"href":"https:\/\/coelectrix.com\/pt-pt\/wp-json\/wp\/v2\/product_cat?post=74762"},{"taxonomy":"product_tag","embeddable":true,"href":"https:\/\/coelectrix.com\/pt-pt\/wp-json\/wp\/v2\/product_tag?post=74762"}],"curies":[{"name":"wp","href":"https:\/\/api.w.org\/{rel}","templated":true}]}}