{"id":74766,"date":"2020-05-31T18:25:39","date_gmt":"2020-05-31T16:25:39","guid":{"rendered":"https:\/\/coelectrix.com\/producto\/conectores-mc4-macho-femea-para-ligacao-ao-painel-solar"},"modified":"2025-08-19T06:04:10","modified_gmt":"2025-08-19T04:04:10","slug":"conectores-mc4-macho-femea-para-ligacao-ao-painel-solar","status":"publish","type":"product","link":"https:\/\/coelectrix.com\/pt-pt\/produto\/mc4-macho-feminino-mc4-conectores-para-ligacao-depaineis-solares","title":{"rendered":"Conectores MC4 macho + f\u00eamea para liga\u00e7\u00e3o ao painel solar"},"content":{"rendered":"<h2>Comprar conectores MC4 macho + f\u00eamea + terminais<\/h2>\n<p>Para ligar os pain\u00e9is solares entre si, crie um cabo de extens\u00e3o com uma extens\u00e3o MC4 numa extremidade para transportar a eletricidade produzida pelos pain\u00e9is solares para o controlador solar.<\/p>\n<p>Preparado para ligar cabos de 4mm a 10mm.<\/p>\n<p>Os conectores MC4 s\u00e3o uma norma <strong>comummente utilizada no mundo da energia solar<\/strong> para ligar as c\u00e9lulas solares aos pain\u00e9is solares. Estes conectores s\u00e3o compostos por duas partes: o conetor <strong>macho<\/strong> e o <strong>conetor f\u00eamea<\/strong>. O conetor macho tem dois pinos que entram em contacto com os terminais do conetor f\u00eamea, criando uma liga\u00e7\u00e3o el\u00e9ctrica segura.<\/p>\n<p>Os terminais dos conectores MC4 s\u00e3o <strong>feitos de cobre e revestidos com uma camada de liga de n\u00edquel<\/strong> para os proteger da corros\u00e3o e aumentar a sua durabilidade. Os terminais tamb\u00e9m foram concebidos para aceitar uma vasta gama de di\u00e2metros de fios, tornando-os f\u00e1ceis de utilizar com diferentes sistemas de pain\u00e9is solares.<\/p>\n<p>Em geral, os conectores MC4 s\u00e3o <strong>\u00e0 prova de intemp\u00e9ries<\/strong>, seguros e f\u00e1ceis de ligar, e podem suportar uma vasta gama de corrente e tens\u00e3o, facilitando a interliga\u00e7\u00e3o de m\u00f3dulos fotovoltaicos num sistema. Estes conectores tamb\u00e9m s\u00e3o selados para evitar a entrada de \u00e1gua e poeira.<\/p>\n<p>\u00c9 importante notar que devem ser ligados de forma correta e segura para evitar problemas el\u00e9ctricos e falhas no sistema.<\/p>\n","protected":false},"excerpt":{"rendered":"<p>Para ligar os pain\u00e9is solares uns aos outros, crie um cabo de extens\u00e3o com uma extens\u00e3o MC4 numa extremidade para transportar a eletricidade produzida pelos pain\u00e9is solares para o controlador solar.<\/p>\n<p>O pre\u00e7o inclui 1 conetor macho + f\u00eamea + os 2 terminais.<\/p>\n","protected":false},"featured_media":73333,"template":"","meta":{"_acf_changed":false},"product_brand":[],"product_cat":[1255,1364,1341],"product_tag":[],"class_list":{"0":"post-74766","1":"product","2":"type-product","3":"status-publish","4":"has-post-thumbnail","6":"product_cat-acessorios-de-montagem","7":"product_cat-conectores-pt","8":"product_cat-paineis-solares","10":"first","11":"instock","12":"taxable","13":"shipping-taxable","14":"purchasable","15":"product-type-simple"},"acf":[],"yoast_head":"<!-- This site is optimized with the Yoast SEO plugin v27.2 - https:\/\/yoast.com\/product\/yoast-seo-wordpress\/ -->\n<title>\u25b7 Conectores MC4 para Pain\u00e9is Solares | Coelectrix.com<\/title>\n<meta name=\"description\" content=\"Conectores MC4 macho e f\u00eamea: Para ligar os pain\u00e9is solares uns aos outros: Com entrega 24\/48 horas \u27a4 Melhor pre\u00e7o online.\" \/>\n<meta name=\"robots\" content=\"index, follow, max-snippet:-1, max-image-preview:large, max-video-preview:-1\" \/>\n<link rel=\"canonical\" href=\"https:\/\/coelectrix.com\/pt-pt\/produto\/mc4-macho-feminino-mc4-conectores-para-ligacao-depaineis-solares\" \/>\n<meta property=\"og:locale\" content=\"pt_PT\" \/>\n<meta property=\"og:type\" content=\"article\" \/>\n<meta property=\"og:title\" content=\"\u25b7 Conectores MC4 para Pain\u00e9is Solares | Coelectrix.com\" \/>\n<meta property=\"og:description\" content=\"Conectores MC4 macho e f\u00eamea: Para ligar os pain\u00e9is solares uns aos outros: Com entrega 24\/48 horas \u27a4 Melhor pre\u00e7o online.\" \/>\n<meta property=\"og:url\" content=\"https:\/\/coelectrix.com\/pt-pt\/produto\/mc4-macho-feminino-mc4-conectores-para-ligacao-depaineis-solares\" \/>\n<meta property=\"og:site_name\" content=\"Coelectrix\" \/>\n<meta property=\"article:modified_time\" content=\"2025-08-19T04:04:10+00:00\" \/>\n<meta property=\"og:image\" content=\"https:\/\/coelectrix.com\/wp-content\/uploads\/2020\/05\/conector-solar-macho-y-hembra.jpg\" \/>\n\t<meta property=\"og:image:width\" content=\"800\" \/>\n\t<meta property=\"og:image:height\" content=\"800\" \/>\n\t<meta property=\"og:image:type\" content=\"image\/jpeg\" \/>\n<meta name=\"twitter:card\" content=\"summary_large_image\" \/>\n<meta name=\"twitter:label1\" content=\"Tempo estimado de leitura\" \/>\n\t<meta name=\"twitter:data1\" content=\"1 minuto\" \/>\n<script type=\"application\/ld+json\" class=\"yoast-schema-graph\">{\"@context\":\"https:\/\/schema.org\",\"@graph\":[{\"@type\":\"WebPage\",\"@id\":\"https:\/\/coelectrix.com\/pt-pt\/produto\/mc4-macho-feminino-mc4-conectores-para-ligacao-depaineis-solares\",\"url\":\"https:\/\/coelectrix.com\/pt-pt\/produto\/mc4-macho-feminino-mc4-conectores-para-ligacao-depaineis-solares\",\"name\":\"\u25b7 Conectores MC4 para Pain\u00e9is Solares | Coelectrix.com\",\"isPartOf\":{\"@id\":\"https:\/\/coelectrix.com\/pt-pt\/#website\"},\"primaryImageOfPage\":{\"@id\":\"https:\/\/coelectrix.com\/pt-pt\/produto\/mc4-macho-feminino-mc4-conectores-para-ligacao-depaineis-solares#primaryimage\"},\"image\":{\"@id\":\"https:\/\/coelectrix.com\/pt-pt\/produto\/mc4-macho-feminino-mc4-conectores-para-ligacao-depaineis-solares#primaryimage\"},\"thumbnailUrl\":\"https:\/\/coelectrix.com\/wp-content\/uploads\/2020\/05\/conector-solar-macho-y-hembra.jpg\",\"datePublished\":\"2020-05-31T16:25:39+00:00\",\"dateModified\":\"2025-08-19T04:04:10+00:00\",\"description\":\"Conectores MC4 macho e f\u00eamea: Para ligar os pain\u00e9is solares uns aos outros: Com entrega 24\/48 horas \u27a4 Melhor pre\u00e7o online.\",\"breadcrumb\":{\"@id\":\"https:\/\/coelectrix.com\/pt-pt\/produto\/mc4-macho-feminino-mc4-conectores-para-ligacao-depaineis-solares#breadcrumb\"},\"inLanguage\":\"pt-PT\",\"potentialAction\":[{\"@type\":\"ReadAction\",\"target\":[\"https:\/\/coelectrix.com\/pt-pt\/produto\/mc4-macho-feminino-mc4-conectores-para-ligacao-depaineis-solares\"]}]},{\"@type\":\"ImageObject\",\"inLanguage\":\"pt-PT\",\"@id\":\"https:\/\/coelectrix.com\/pt-pt\/produto\/mc4-macho-feminino-mc4-conectores-para-ligacao-depaineis-solares#primaryimage\",\"url\":\"https:\/\/coelectrix.com\/wp-content\/uploads\/2020\/05\/conector-solar-macho-y-hembra.jpg\",\"contentUrl\":\"https:\/\/coelectrix.com\/wp-content\/uploads\/2020\/05\/conector-solar-macho-y-hembra.jpg\",\"width\":800,\"height\":800,\"caption\":\"comprar conectores MC4 macho e f\u00eamea\"},{\"@type\":\"BreadcrumbList\",\"@id\":\"https:\/\/coelectrix.com\/pt-pt\/produto\/mc4-macho-feminino-mc4-conectores-para-ligacao-depaineis-solares#breadcrumb\",\"itemListElement\":[{\"@type\":\"ListItem\",\"position\":1,\"name\":\"Portada\",\"item\":\"https:\/\/coelectrix.com\/\"},{\"@type\":\"ListItem\",\"position\":2,\"name\":\"Loja\",\"item\":\"https:\/\/coelectrix.com\/pt-pt\/loja\"},{\"@type\":\"ListItem\",\"position\":3,\"name\":\"Conectores MC4 macho + f\u00eamea para liga\u00e7\u00e3o ao painel solar\"}]},{\"@type\":\"WebSite\",\"@id\":\"https:\/\/coelectrix.com\/pt-pt\/#website\",\"url\":\"https:\/\/coelectrix.com\/pt-pt\/\",\"name\":\"Coelectrix\",\"description\":\"Componentes el\u00e9ctricos\",\"publisher\":{\"@id\":\"https:\/\/coelectrix.com\/pt-pt\/#organization\"},\"potentialAction\":[{\"@type\":\"SearchAction\",\"target\":{\"@type\":\"EntryPoint\",\"urlTemplate\":\"https:\/\/coelectrix.com\/pt-pt\/?s={search_term_string}\"},\"query-input\":{\"@type\":\"PropertyValueSpecification\",\"valueRequired\":true,\"valueName\":\"search_term_string\"}}],\"inLanguage\":\"pt-PT\"},{\"@type\":\"Organization\",\"@id\":\"https:\/\/coelectrix.com\/pt-pt\/#organization\",\"name\":\"coelectrix.com\",\"url\":\"https:\/\/coelectrix.com\/pt-pt\/\",\"logo\":{\"@type\":\"ImageObject\",\"inLanguage\":\"pt-PT\",\"@id\":\"https:\/\/coelectrix.com\/pt-pt\/#\/schema\/logo\/image\/\",\"url\":\"https:\/\/coelectrix.com\/wp-content\/uploads\/2018\/05\/logo-coelectrix-400x400.jpg\",\"contentUrl\":\"https:\/\/coelectrix.com\/wp-content\/uploads\/2018\/05\/logo-coelectrix-400x400.jpg\",\"width\":300,\"height\":300,\"caption\":\"coelectrix.com\"},\"image\":{\"@id\":\"https:\/\/coelectrix.com\/pt-pt\/#\/schema\/logo\/image\/\"}}]}<\/script>\n<!-- \/ Yoast SEO plugin. -->","yoast_head_json":{"title":"\u25b7 Conectores MC4 para Pain\u00e9is Solares | Coelectrix.com","description":"Conectores MC4 macho e f\u00eamea: Para ligar os pain\u00e9is solares uns aos outros: Com entrega 24\/48 horas \u27a4 Melhor pre\u00e7o online.","robots":{"index":"index","follow":"follow","max-snippet":"max-snippet:-1","max-image-preview":"max-image-preview:large","max-video-preview":"max-video-preview:-1"},"canonical":"https:\/\/coelectrix.com\/pt-pt\/produto\/mc4-macho-feminino-mc4-conectores-para-ligacao-depaineis-solares","og_locale":"pt_PT","og_type":"article","og_title":"\u25b7 Conectores MC4 para Pain\u00e9is Solares | Coelectrix.com","og_description":"Conectores MC4 macho e f\u00eamea: Para ligar os pain\u00e9is solares uns aos outros: Com entrega 24\/48 horas \u27a4 Melhor pre\u00e7o online.","og_url":"https:\/\/coelectrix.com\/pt-pt\/produto\/mc4-macho-feminino-mc4-conectores-para-ligacao-depaineis-solares","og_site_name":"Coelectrix","article_modified_time":"2025-08-19T04:04:10+00:00","og_image":[{"width":800,"height":800,"url":"https:\/\/coelectrix.com\/wp-content\/uploads\/2020\/05\/conector-solar-macho-y-hembra.jpg","type":"image\/jpeg"}],"twitter_card":"summary_large_image","twitter_misc":{"Tempo estimado de leitura":"1 minuto"},"schema":{"@context":"https:\/\/schema.org","@graph":[{"@type":"WebPage","@id":"https:\/\/coelectrix.com\/pt-pt\/produto\/mc4-macho-feminino-mc4-conectores-para-ligacao-depaineis-solares","url":"https:\/\/coelectrix.com\/pt-pt\/produto\/mc4-macho-feminino-mc4-conectores-para-ligacao-depaineis-solares","name":"\u25b7 Conectores MC4 para Pain\u00e9is Solares | Coelectrix.com","isPartOf":{"@id":"https:\/\/coelectrix.com\/pt-pt\/#website"},"primaryImageOfPage":{"@id":"https:\/\/coelectrix.com\/pt-pt\/produto\/mc4-macho-feminino-mc4-conectores-para-ligacao-depaineis-solares#primaryimage"},"image":{"@id":"https:\/\/coelectrix.com\/pt-pt\/produto\/mc4-macho-feminino-mc4-conectores-para-ligacao-depaineis-solares#primaryimage"},"thumbnailUrl":"https:\/\/coelectrix.com\/wp-content\/uploads\/2020\/05\/conector-solar-macho-y-hembra.jpg","datePublished":"2020-05-31T16:25:39+00:00","dateModified":"2025-08-19T04:04:10+00:00","description":"Conectores MC4 macho e f\u00eamea: Para ligar os pain\u00e9is solares uns aos outros: Com entrega 24\/48 horas \u27a4 Melhor pre\u00e7o online.","breadcrumb":{"@id":"https:\/\/coelectrix.com\/pt-pt\/produto\/mc4-macho-feminino-mc4-conectores-para-ligacao-depaineis-solares#breadcrumb"},"inLanguage":"pt-PT","potentialAction":[{"@type":"ReadAction","target":["https:\/\/coelectrix.com\/pt-pt\/produto\/mc4-macho-feminino-mc4-conectores-para-ligacao-depaineis-solares"]}]},{"@type":"ImageObject","inLanguage":"pt-PT","@id":"https:\/\/coelectrix.com\/pt-pt\/produto\/mc4-macho-feminino-mc4-conectores-para-ligacao-depaineis-solares#primaryimage","url":"https:\/\/coelectrix.com\/wp-content\/uploads\/2020\/05\/conector-solar-macho-y-hembra.jpg","contentUrl":"https:\/\/coelectrix.com\/wp-content\/uploads\/2020\/05\/conector-solar-macho-y-hembra.jpg","width":800,"height":800,"caption":"comprar conectores MC4 macho e f\u00eamea"},{"@type":"BreadcrumbList","@id":"https:\/\/coelectrix.com\/pt-pt\/produto\/mc4-macho-feminino-mc4-conectores-para-ligacao-depaineis-solares#breadcrumb","itemListElement":[{"@type":"ListItem","position":1,"name":"Portada","item":"https:\/\/coelectrix.com\/"},{"@type":"ListItem","position":2,"name":"Loja","item":"https:\/\/coelectrix.com\/pt-pt\/loja"},{"@type":"ListItem","position":3,"name":"Conectores MC4 macho + f\u00eamea para liga\u00e7\u00e3o ao painel solar"}]},{"@type":"WebSite","@id":"https:\/\/coelectrix.com\/pt-pt\/#website","url":"https:\/\/coelectrix.com\/pt-pt\/","name":"Coelectrix","description":"Componentes el\u00e9ctricos","publisher":{"@id":"https:\/\/coelectrix.com\/pt-pt\/#organization"},"potentialAction":[{"@type":"SearchAction","target":{"@type":"EntryPoint","urlTemplate":"https:\/\/coelectrix.com\/pt-pt\/?s={search_term_string}"},"query-input":{"@type":"PropertyValueSpecification","valueRequired":true,"valueName":"search_term_string"}}],"inLanguage":"pt-PT"},{"@type":"Organization","@id":"https:\/\/coelectrix.com\/pt-pt\/#organization","name":"coelectrix.com","url":"https:\/\/coelectrix.com\/pt-pt\/","logo":{"@type":"ImageObject","inLanguage":"pt-PT","@id":"https:\/\/coelectrix.com\/pt-pt\/#\/schema\/logo\/image\/","url":"https:\/\/coelectrix.com\/wp-content\/uploads\/2018\/05\/logo-coelectrix-400x400.jpg","contentUrl":"https:\/\/coelectrix.com\/wp-content\/uploads\/2018\/05\/logo-coelectrix-400x400.jpg","width":300,"height":300,"caption":"coelectrix.com"},"image":{"@id":"https:\/\/coelectrix.com\/pt-pt\/#\/schema\/logo\/image\/"}}]}},"_links":{"self":[{"href":"https:\/\/coelectrix.com\/pt-pt\/wp-json\/wp\/v2\/product\/74766","targetHints":{"allow":["GET"]}}],"collection":[{"href":"https:\/\/coelectrix.com\/pt-pt\/wp-json\/wp\/v2\/product"}],"about":[{"href":"https:\/\/coelectrix.com\/pt-pt\/wp-json\/wp\/v2\/types\/product"}],"version-history":[{"count":1,"href":"https:\/\/coelectrix.com\/pt-pt\/wp-json\/wp\/v2\/product\/74766\/revisions"}],"predecessor-version":[{"id":74784,"href":"https:\/\/coelectrix.com\/pt-pt\/wp-json\/wp\/v2\/product\/74766\/revisions\/74784"}],"wp:featuredmedia":[{"embeddable":true,"href":"https:\/\/coelectrix.com\/pt-pt\/wp-json\/wp\/v2\/media\/73333"}],"wp:attachment":[{"href":"https:\/\/coelectrix.com\/pt-pt\/wp-json\/wp\/v2\/media?parent=74766"}],"wp:term":[{"taxonomy":"product_brand","embeddable":true,"href":"https:\/\/coelectrix.com\/pt-pt\/wp-json\/wp\/v2\/product_brand?post=74766"},{"taxonomy":"product_cat","embeddable":true,"href":"https:\/\/coelectrix.com\/pt-pt\/wp-json\/wp\/v2\/product_cat?post=74766"},{"taxonomy":"product_tag","embeddable":true,"href":"https:\/\/coelectrix.com\/pt-pt\/wp-json\/wp\/v2\/product_tag?post=74766"}],"curies":[{"name":"wp","href":"https:\/\/api.w.org\/{rel}","templated":true}]}}