{"id":74767,"date":"2020-05-31T17:14:37","date_gmt":"2020-05-31T15:14:37","guid":{"rendered":"https:\/\/coelectrix.com\/producto\/controlador-smartsolar-mppt-75-15-bluetoth"},"modified":"2025-08-19T06:04:10","modified_gmt":"2025-08-19T04:04:10","slug":"controlador-smartsolar-mppt-75-15-bluetoth","status":"publish","type":"product","link":"https:\/\/coelectrix.com\/pt-pt\/produto\/regulador-smartsolar-mppt-75-15","title":{"rendered":"Controlador SmartSolar MPPT 75\/15 Bluetoth"},"content":{"rendered":"<h2><strong>Controlador SmartSolar MPPT 75\/15<\/strong><\/h2>\n<p>Controlador de carga solar Victron Energy SmartSolar at\u00e9 15Amp controlado a partir de telem\u00f3vel ou tablet atrav\u00e9s de Bluetoth. A solu\u00e7\u00e3o sem fios para configurar, controlar, atualizar e sincronizar os controladores de carga SmartSolar.<\/p>\n<h2><strong>Seguimento ultrarr\u00e1pido do ponto de pot\u00eancia m\u00e1xima (MPPT)<\/strong><\/h2>\n<p>Especialmente sob c\u00e9u nublado, quando a intensidade da luz muda continuamente, um controlador MPPT ultrarr\u00e1pido melhora a capta\u00e7\u00e3o de energia at\u00e9 30% em compara\u00e7\u00e3o com os controladores de carga PWM e at\u00e9 10% em compara\u00e7\u00e3o com os controladores MPPT mais lentos.<\/p>\n<h2><strong>BatteryLife: gest\u00e3o inteligente da bateria<\/strong><\/h2>\n<p>Se um controlador de carga solar n\u00e3o for capaz de recarregar a bateria at\u00e9 \u00e0 sua capacidade total num dia, o que acontece \u00e9 que a bateria alterna continuamente entre os estados &#8220;parcialmente carregada&#8221; e &#8220;fim de descarga&#8221;. Este modo de funcionamento (sem recarga completa peri\u00f3dica) destruir\u00e1 uma bateria de chumbo-\u00e1cido em semanas ou meses.<br \/>\nO algoritmo BatteryLife monitorizar\u00e1 o estado de carga da bateria e, se necess\u00e1rio, aumentar\u00e1 o n\u00edvel de desconex\u00e3o da carga dia ap\u00f3s dia (ou seja, desconectar\u00e1 a carga mais cedo) at\u00e9 que a energia solar recolhida seja suficiente para recarregar a bateria at\u00e9 quase 100%. A partir desse momento, o n\u00edvel de desconex\u00e3o da carga ser\u00e1 modulado de modo a que se atinja uma recarga pr\u00f3xima dos 100% cerca de uma vez por semana.<\/p>\n<h2><strong>Temporizador dia\/noite e op\u00e7\u00e3o de regula\u00e7\u00e3o da luminosidade<\/strong><\/h2>\n<p>Para mais informa\u00e7\u00f5es, consulte a sec\u00e7\u00e3o Suporte e Transfer\u00eancias &gt; Software do nosso s\u00edtio Web.<\/p>\n<h2><strong>Sensor de temperatura interna<\/strong><\/h2>\n<p>Compensa a absor\u00e7\u00e3o e a tens\u00e3o de carga do flutuador em fun\u00e7\u00e3o da temperatura.<\/p>\n<h2><strong>Fun\u00e7\u00e3o de recupera\u00e7\u00e3o de bateria totalmente descarregada<\/strong><\/h2>\n<p>Come\u00e7a a carregar mesmo que a bateria esteja descarregada at\u00e9 zero volts.<br \/>\nVolta a ligar a uma bateria de i\u00f5es de l\u00edtio totalmente descarregada com fun\u00e7\u00e3o de desconex\u00e3o interna.<\/p>\n<h5><strong>Especifica\u00e7\u00f5es t\u00e9cnicas<\/strong><\/h5>\n<table>\n<tbody>\n<tr>\n<td>Peso l\u00edquido<\/td>\n<td>0,5 kg<\/td>\n<\/tr>\n<tr>\n<td>Dimens\u00f5es<\/td>\n<td>100 x 113 x 40 mm<\/td>\n<\/tr>\n<tr>\n<td>Tens\u00e3o da bateria<\/td>\n<td>12 \/ 24 V<\/td>\n<\/tr>\n<tr>\n<td>Corrente nominal de carga<\/td>\n<td>15 A<\/td>\n<\/tr>\n<tr>\n<td>Sele\u00e7\u00e3o autom\u00e1tica da tens\u00e3o<\/td>\n<td>Sim<\/td>\n<\/tr>\n<tr>\n<td>MPPT (Seguimento do ponto de pot\u00eancia m\u00e1xima)<\/td>\n<td>Sim<\/td>\n<\/tr>\n<tr>\n<td>VE. direto<\/td>\n<\/tr>\n<\/tbody>\n<\/table>\n","protected":false},"excerpt":{"rendered":"<h2>Controlador de carga SmartSolar MPPT 75\/15 Bluetoth<\/h2>\n<p>Controlador de carga solar Victron Energy SmartSolar at\u00e9 15Amp controlado a partir de telem\u00f3vel ou tablet atrav\u00e9s de Bluetoth. A solu\u00e7\u00e3o sem fios para configurar, controlar, atualizar e sincronizar os controladores de carga SmartSolar.<\/p>\n<p>Com este controlador solar, pode obter a m\u00e1xima efici\u00eancia do painel solar.<\/p>\n","protected":false},"featured_media":73452,"template":"","meta":{"_acf_changed":false},"product_brand":[],"product_cat":[1255,1341,1338],"product_tag":[],"class_list":{"0":"post-74767","1":"product","2":"type-product","3":"status-publish","4":"has-post-thumbnail","6":"product_cat-acessorios-de-montagem","7":"product_cat-paineis-solares","8":"product_cat-victron-energia","10":"first","11":"instock","12":"sale","13":"taxable","14":"shipping-taxable","15":"purchasable","16":"product-type-simple"},"acf":[],"yoast_head":"<!-- This site is optimized with the Yoast SEO plugin v27.2 - https:\/\/yoast.com\/product\/yoast-seo-wordpress\/ -->\n<title>\ud83e\udd47Controlador SmartSolar MPPT 75\/15 Bluetoth | Coelectrix% Coelectrix%.<\/title>\n<meta name=\"description\" content=\"Controlador de carga solar Victron Energy SmartSolar at\u00e9 15Amp controlado a partir de telem\u00f3vel ou tablet atrav\u00e9s de Bluetoth.\" \/>\n<meta name=\"robots\" content=\"index, follow, max-snippet:-1, max-image-preview:large, max-video-preview:-1\" \/>\n<link rel=\"canonical\" href=\"https:\/\/coelectrix.com\/pt-pt\/produto\/regulador-smartsolar-mppt-75-15\" \/>\n<meta property=\"og:locale\" content=\"pt_PT\" \/>\n<meta property=\"og:type\" content=\"article\" \/>\n<meta property=\"og:title\" content=\"\ud83e\udd47Controlador SmartSolar MPPT 75\/15 Bluetoth | Coelectrix% Coelectrix%.\" \/>\n<meta property=\"og:description\" content=\"Controlador de carga solar Victron Energy SmartSolar at\u00e9 15Amp controlado a partir de telem\u00f3vel ou tablet atrav\u00e9s de Bluetoth.\" \/>\n<meta property=\"og:url\" content=\"https:\/\/coelectrix.com\/pt-pt\/produto\/regulador-smartsolar-mppt-75-15\" \/>\n<meta property=\"og:site_name\" content=\"Coelectrix\" \/>\n<meta property=\"article:modified_time\" content=\"2025-08-19T04:04:10+00:00\" \/>\n<meta property=\"og:image\" content=\"https:\/\/coelectrix.com\/wp-content\/uploads\/2020\/05\/smartsolar-mppt-75-12.jpg\" \/>\n\t<meta property=\"og:image:width\" content=\"800\" \/>\n\t<meta property=\"og:image:height\" content=\"600\" \/>\n\t<meta property=\"og:image:type\" content=\"image\/jpeg\" \/>\n<meta name=\"twitter:card\" content=\"summary_large_image\" \/>\n<meta name=\"twitter:label1\" content=\"Tempo estimado de leitura\" \/>\n\t<meta name=\"twitter:data1\" content=\"2 minutos\" \/>\n<script type=\"application\/ld+json\" class=\"yoast-schema-graph\">{\"@context\":\"https:\/\/schema.org\",\"@graph\":[{\"@type\":\"WebPage\",\"@id\":\"https:\/\/coelectrix.com\/pt-pt\/produto\/regulador-smartsolar-mppt-75-15\",\"url\":\"https:\/\/coelectrix.com\/pt-pt\/produto\/regulador-smartsolar-mppt-75-15\",\"name\":\"\ud83e\udd47Controlador SmartSolar MPPT 75\/15 Bluetoth | Coelectrix% Coelectrix%.\",\"isPartOf\":{\"@id\":\"https:\/\/coelectrix.com\/pt-pt\/#website\"},\"primaryImageOfPage\":{\"@id\":\"https:\/\/coelectrix.com\/pt-pt\/produto\/regulador-smartsolar-mppt-75-15#primaryimage\"},\"image\":{\"@id\":\"https:\/\/coelectrix.com\/pt-pt\/produto\/regulador-smartsolar-mppt-75-15#primaryimage\"},\"thumbnailUrl\":\"https:\/\/coelectrix.com\/wp-content\/uploads\/2020\/05\/smartsolar-mppt-75-12.jpg\",\"datePublished\":\"2020-05-31T15:14:37+00:00\",\"dateModified\":\"2025-08-19T04:04:10+00:00\",\"description\":\"Controlador de carga solar Victron Energy SmartSolar at\u00e9 15Amp controlado a partir de telem\u00f3vel ou tablet atrav\u00e9s de Bluetoth.\",\"breadcrumb\":{\"@id\":\"https:\/\/coelectrix.com\/pt-pt\/produto\/regulador-smartsolar-mppt-75-15#breadcrumb\"},\"inLanguage\":\"pt-PT\",\"potentialAction\":[{\"@type\":\"ReadAction\",\"target\":[\"https:\/\/coelectrix.com\/pt-pt\/produto\/regulador-smartsolar-mppt-75-15\"]}]},{\"@type\":\"ImageObject\",\"inLanguage\":\"pt-PT\",\"@id\":\"https:\/\/coelectrix.com\/pt-pt\/produto\/regulador-smartsolar-mppt-75-15#primaryimage\",\"url\":\"https:\/\/coelectrix.com\/wp-content\/uploads\/2020\/05\/smartsolar-mppt-75-12.jpg\",\"contentUrl\":\"https:\/\/coelectrix.com\/wp-content\/uploads\/2020\/05\/smartsolar-mppt-75-12.jpg\",\"width\":800,\"height\":600,\"caption\":\"SmartSolar 75\/15\"},{\"@type\":\"BreadcrumbList\",\"@id\":\"https:\/\/coelectrix.com\/pt-pt\/produto\/regulador-smartsolar-mppt-75-15#breadcrumb\",\"itemListElement\":[{\"@type\":\"ListItem\",\"position\":1,\"name\":\"Portada\",\"item\":\"https:\/\/coelectrix.com\/\"},{\"@type\":\"ListItem\",\"position\":2,\"name\":\"Loja\",\"item\":\"https:\/\/coelectrix.com\/pt-pt\/loja\"},{\"@type\":\"ListItem\",\"position\":3,\"name\":\"Controlador SmartSolar MPPT 75\/15 Bluetoth\"}]},{\"@type\":\"WebSite\",\"@id\":\"https:\/\/coelectrix.com\/pt-pt\/#website\",\"url\":\"https:\/\/coelectrix.com\/pt-pt\/\",\"name\":\"Coelectrix\",\"description\":\"Componentes el\u00e9ctricos\",\"publisher\":{\"@id\":\"https:\/\/coelectrix.com\/pt-pt\/#organization\"},\"potentialAction\":[{\"@type\":\"SearchAction\",\"target\":{\"@type\":\"EntryPoint\",\"urlTemplate\":\"https:\/\/coelectrix.com\/pt-pt\/?s={search_term_string}\"},\"query-input\":{\"@type\":\"PropertyValueSpecification\",\"valueRequired\":true,\"valueName\":\"search_term_string\"}}],\"inLanguage\":\"pt-PT\"},{\"@type\":\"Organization\",\"@id\":\"https:\/\/coelectrix.com\/pt-pt\/#organization\",\"name\":\"coelectrix.com\",\"url\":\"https:\/\/coelectrix.com\/pt-pt\/\",\"logo\":{\"@type\":\"ImageObject\",\"inLanguage\":\"pt-PT\",\"@id\":\"https:\/\/coelectrix.com\/pt-pt\/#\/schema\/logo\/image\/\",\"url\":\"https:\/\/coelectrix.com\/wp-content\/uploads\/2018\/05\/logo-coelectrix-400x400.jpg\",\"contentUrl\":\"https:\/\/coelectrix.com\/wp-content\/uploads\/2018\/05\/logo-coelectrix-400x400.jpg\",\"width\":300,\"height\":300,\"caption\":\"coelectrix.com\"},\"image\":{\"@id\":\"https:\/\/coelectrix.com\/pt-pt\/#\/schema\/logo\/image\/\"}}]}<\/script>\n<!-- \/ Yoast SEO plugin. -->","yoast_head_json":{"title":"\ud83e\udd47Controlador SmartSolar MPPT 75\/15 Bluetoth | Coelectrix% Coelectrix%.","description":"Controlador de carga solar Victron Energy SmartSolar at\u00e9 15Amp controlado a partir de telem\u00f3vel ou tablet atrav\u00e9s de Bluetoth.","robots":{"index":"index","follow":"follow","max-snippet":"max-snippet:-1","max-image-preview":"max-image-preview:large","max-video-preview":"max-video-preview:-1"},"canonical":"https:\/\/coelectrix.com\/pt-pt\/produto\/regulador-smartsolar-mppt-75-15","og_locale":"pt_PT","og_type":"article","og_title":"\ud83e\udd47Controlador SmartSolar MPPT 75\/15 Bluetoth | Coelectrix% Coelectrix%.","og_description":"Controlador de carga solar Victron Energy SmartSolar at\u00e9 15Amp controlado a partir de telem\u00f3vel ou tablet atrav\u00e9s de Bluetoth.","og_url":"https:\/\/coelectrix.com\/pt-pt\/produto\/regulador-smartsolar-mppt-75-15","og_site_name":"Coelectrix","article_modified_time":"2025-08-19T04:04:10+00:00","og_image":[{"width":800,"height":600,"url":"https:\/\/coelectrix.com\/wp-content\/uploads\/2020\/05\/smartsolar-mppt-75-12.jpg","type":"image\/jpeg"}],"twitter_card":"summary_large_image","twitter_misc":{"Tempo estimado de leitura":"2 minutos"},"schema":{"@context":"https:\/\/schema.org","@graph":[{"@type":"WebPage","@id":"https:\/\/coelectrix.com\/pt-pt\/produto\/regulador-smartsolar-mppt-75-15","url":"https:\/\/coelectrix.com\/pt-pt\/produto\/regulador-smartsolar-mppt-75-15","name":"\ud83e\udd47Controlador SmartSolar MPPT 75\/15 Bluetoth | Coelectrix% Coelectrix%.","isPartOf":{"@id":"https:\/\/coelectrix.com\/pt-pt\/#website"},"primaryImageOfPage":{"@id":"https:\/\/coelectrix.com\/pt-pt\/produto\/regulador-smartsolar-mppt-75-15#primaryimage"},"image":{"@id":"https:\/\/coelectrix.com\/pt-pt\/produto\/regulador-smartsolar-mppt-75-15#primaryimage"},"thumbnailUrl":"https:\/\/coelectrix.com\/wp-content\/uploads\/2020\/05\/smartsolar-mppt-75-12.jpg","datePublished":"2020-05-31T15:14:37+00:00","dateModified":"2025-08-19T04:04:10+00:00","description":"Controlador de carga solar Victron Energy SmartSolar at\u00e9 15Amp controlado a partir de telem\u00f3vel ou tablet atrav\u00e9s de Bluetoth.","breadcrumb":{"@id":"https:\/\/coelectrix.com\/pt-pt\/produto\/regulador-smartsolar-mppt-75-15#breadcrumb"},"inLanguage":"pt-PT","potentialAction":[{"@type":"ReadAction","target":["https:\/\/coelectrix.com\/pt-pt\/produto\/regulador-smartsolar-mppt-75-15"]}]},{"@type":"ImageObject","inLanguage":"pt-PT","@id":"https:\/\/coelectrix.com\/pt-pt\/produto\/regulador-smartsolar-mppt-75-15#primaryimage","url":"https:\/\/coelectrix.com\/wp-content\/uploads\/2020\/05\/smartsolar-mppt-75-12.jpg","contentUrl":"https:\/\/coelectrix.com\/wp-content\/uploads\/2020\/05\/smartsolar-mppt-75-12.jpg","width":800,"height":600,"caption":"SmartSolar 75\/15"},{"@type":"BreadcrumbList","@id":"https:\/\/coelectrix.com\/pt-pt\/produto\/regulador-smartsolar-mppt-75-15#breadcrumb","itemListElement":[{"@type":"ListItem","position":1,"name":"Portada","item":"https:\/\/coelectrix.com\/"},{"@type":"ListItem","position":2,"name":"Loja","item":"https:\/\/coelectrix.com\/pt-pt\/loja"},{"@type":"ListItem","position":3,"name":"Controlador SmartSolar MPPT 75\/15 Bluetoth"}]},{"@type":"WebSite","@id":"https:\/\/coelectrix.com\/pt-pt\/#website","url":"https:\/\/coelectrix.com\/pt-pt\/","name":"Coelectrix","description":"Componentes el\u00e9ctricos","publisher":{"@id":"https:\/\/coelectrix.com\/pt-pt\/#organization"},"potentialAction":[{"@type":"SearchAction","target":{"@type":"EntryPoint","urlTemplate":"https:\/\/coelectrix.com\/pt-pt\/?s={search_term_string}"},"query-input":{"@type":"PropertyValueSpecification","valueRequired":true,"valueName":"search_term_string"}}],"inLanguage":"pt-PT"},{"@type":"Organization","@id":"https:\/\/coelectrix.com\/pt-pt\/#organization","name":"coelectrix.com","url":"https:\/\/coelectrix.com\/pt-pt\/","logo":{"@type":"ImageObject","inLanguage":"pt-PT","@id":"https:\/\/coelectrix.com\/pt-pt\/#\/schema\/logo\/image\/","url":"https:\/\/coelectrix.com\/wp-content\/uploads\/2018\/05\/logo-coelectrix-400x400.jpg","contentUrl":"https:\/\/coelectrix.com\/wp-content\/uploads\/2018\/05\/logo-coelectrix-400x400.jpg","width":300,"height":300,"caption":"coelectrix.com"},"image":{"@id":"https:\/\/coelectrix.com\/pt-pt\/#\/schema\/logo\/image\/"}}]}},"_links":{"self":[{"href":"https:\/\/coelectrix.com\/pt-pt\/wp-json\/wp\/v2\/product\/74767","targetHints":{"allow":["GET"]}}],"collection":[{"href":"https:\/\/coelectrix.com\/pt-pt\/wp-json\/wp\/v2\/product"}],"about":[{"href":"https:\/\/coelectrix.com\/pt-pt\/wp-json\/wp\/v2\/types\/product"}],"version-history":[{"count":1,"href":"https:\/\/coelectrix.com\/pt-pt\/wp-json\/wp\/v2\/product\/74767\/revisions"}],"predecessor-version":[{"id":74785,"href":"https:\/\/coelectrix.com\/pt-pt\/wp-json\/wp\/v2\/product\/74767\/revisions\/74785"}],"wp:featuredmedia":[{"embeddable":true,"href":"https:\/\/coelectrix.com\/pt-pt\/wp-json\/wp\/v2\/media\/73452"}],"wp:attachment":[{"href":"https:\/\/coelectrix.com\/pt-pt\/wp-json\/wp\/v2\/media?parent=74767"}],"wp:term":[{"taxonomy":"product_brand","embeddable":true,"href":"https:\/\/coelectrix.com\/pt-pt\/wp-json\/wp\/v2\/product_brand?post=74767"},{"taxonomy":"product_cat","embeddable":true,"href":"https:\/\/coelectrix.com\/pt-pt\/wp-json\/wp\/v2\/product_cat?post=74767"},{"taxonomy":"product_tag","embeddable":true,"href":"https:\/\/coelectrix.com\/pt-pt\/wp-json\/wp\/v2\/product_tag?post=74767"}],"curies":[{"name":"wp","href":"https:\/\/api.w.org\/{rel}","templated":true}]}}