{"id":74769,"date":"2020-05-31T09:06:26","date_gmt":"2020-05-31T07:06:26","guid":{"rendered":"https:\/\/coelectrix.com\/producto\/suporte-de-montagem-em-telhado-para-painel-solar-6-pecas"},"modified":"2025-08-19T06:04:10","modified_gmt":"2025-08-19T04:04:10","slug":"suporte-de-montagem-em-telhado-para-painel-solar-6-pecas","status":"publish","type":"product","link":"https:\/\/coelectrix.com\/pt-pt\/produto\/suporte-para-montagem-de-paineis-solares-em-telhados","title":{"rendered":"Suporte de montagem em telhado para painel solar 6 pe\u00e7as"},"content":{"rendered":"<h2><strong>Suporte de montagem de painel solar no telhado<\/strong><\/h2>\n<p>Conjunto de 6 pe\u00e7as para montagem de pain\u00e9is solares no tejadilho de autocaravanas ou caravanas<\/p>\n<p>Material: pl\u00e1stico ABS<\/p>\n<ul class=\" list-paddingleft-2\">\n<li>F\u00e1cil de instalar com adesivo e sem perfura\u00e7\u00e3o.<\/li>\n<li>O suporte para cantos de pain\u00e9is protege os cantos dos pain\u00e9is solares contra danos.<\/li>\n<li>Reduz os cantos afiados do painel solar.<\/li>\n<li>O revestimento antirreflexo melhora a absor\u00e7\u00e3o da luz.<\/li>\n<li>Adequado para caravanas, autocaravanas e barcos de recreio.<\/li>\n<\/ul>\n<table style=\"height: 106px;\" width=\"117\" align=\"\">\n<tbody>\n<tr>\n<td>Material<\/td>\n<td>Pl\u00e1stico ABS duro e duradouro<\/td>\n<\/tr>\n<tr>\n<td>Tamanho do canto<\/td>\n<td>150 * 150 * 40 mm<\/td>\n<\/tr>\n<tr>\n<td>Tamanho do lado<\/td>\n<td>200 * 100 * 40 mm<\/td>\n<\/tr>\n<tr>\n<td><\/td>\n<td><\/td>\n<\/tr>\n<\/tbody>\n<\/table>\n<p><strong style=\"font-size: 1.618em;\">Dimens\u00f5es reais do suporte de montagem em telhado para painel solar<\/strong><\/p>\n<p><img fetchpriority=\"high\" decoding=\"async\" class=\"alignnone wp-image-37138\" src=\"https:\/\/coelectrix.com\/wp-content\/uploads\/2020\/05\/soporte-medidas-1-300x300.jpg\" alt=\"\" width=\"558\" height=\"558\" srcset=\"https:\/\/coelectrix.com\/wp-content\/uploads\/2020\/05\/soporte-medidas-1-300x300.jpg 300w, https:\/\/coelectrix.com\/wp-content\/uploads\/2020\/05\/soporte-medidas-1-150x150.jpg 150w, https:\/\/coelectrix.com\/wp-content\/uploads\/2020\/05\/soporte-medidas-1-196x196.jpg 196w, https:\/\/coelectrix.com\/wp-content\/uploads\/2020\/05\/soporte-medidas-1-416x416.jpg 416w, https:\/\/coelectrix.com\/wp-content\/uploads\/2020\/05\/soporte-medidas-1-100x100.jpg 100w, https:\/\/coelectrix.com\/wp-content\/uploads\/2020\/05\/soporte-medidas-1-64x64.jpg 64w, https:\/\/coelectrix.com\/wp-content\/uploads\/2020\/05\/soporte-medidas-1.jpg 600w\" sizes=\"(max-width: 558px) 100vw, 558px\" \/><\/p>\n<p><img decoding=\"async\" class=\"alignnone wp-image-37137\" src=\"https:\/\/coelectrix.com\/wp-content\/uploads\/2020\/05\/soporte-medidas-300x300.jpg\" alt=\"\" width=\"563\" height=\"563\" srcset=\"https:\/\/coelectrix.com\/wp-content\/uploads\/2020\/05\/soporte-medidas-300x300.jpg 300w, https:\/\/coelectrix.com\/wp-content\/uploads\/2020\/05\/soporte-medidas-150x150.jpg 150w, https:\/\/coelectrix.com\/wp-content\/uploads\/2020\/05\/soporte-medidas-196x196.jpg 196w, https:\/\/coelectrix.com\/wp-content\/uploads\/2020\/05\/soporte-medidas-416x416.jpg 416w, https:\/\/coelectrix.com\/wp-content\/uploads\/2020\/05\/soporte-medidas-100x100.jpg 100w, https:\/\/coelectrix.com\/wp-content\/uploads\/2020\/05\/soporte-medidas-64x64.jpg 64w, https:\/\/coelectrix.com\/wp-content\/uploads\/2020\/05\/soporte-medidas.jpg 600w\" sizes=\"(max-width: 563px) 100vw, 563px\" \/><\/p>\n<p><img decoding=\"async\" class=\"alignnone wp-image-37141\" src=\"https:\/\/coelectrix.com\/wp-content\/uploads\/2020\/05\/soporte-panel-medidas-2-300x300.jpg\" alt=\"Soporte para Montaje Panel Solar en Techo\" width=\"563\" height=\"563\" srcset=\"https:\/\/coelectrix.com\/wp-content\/uploads\/2020\/05\/soporte-panel-medidas-2-300x300.jpg 300w, https:\/\/coelectrix.com\/wp-content\/uploads\/2020\/05\/soporte-panel-medidas-2-150x150.jpg 150w, https:\/\/coelectrix.com\/wp-content\/uploads\/2020\/05\/soporte-panel-medidas-2-196x196.jpg 196w, https:\/\/coelectrix.com\/wp-content\/uploads\/2020\/05\/soporte-panel-medidas-2-416x416.jpg 416w, https:\/\/coelectrix.com\/wp-content\/uploads\/2020\/05\/soporte-panel-medidas-2-100x100.jpg 100w, https:\/\/coelectrix.com\/wp-content\/uploads\/2020\/05\/soporte-panel-medidas-2-64x64.jpg 64w, https:\/\/coelectrix.com\/wp-content\/uploads\/2020\/05\/soporte-panel-medidas-2.jpg 600w\" sizes=\"(max-width: 563px) 100vw, 563px\" \/><\/p>\n","protected":false},"excerpt":{"rendered":"<p>Suporte de montagem de painel solar no telhado<\/p>\n<p>Conjunto de 6 pe\u00e7as para montagem de pain\u00e9is solares no tejadilho de uma caravana ou autocaravana.<\/p>\n<p>Fabricado em pl\u00e1stico ABS dur\u00e1vel<\/p>\n","protected":false},"featured_media":73737,"template":"","meta":{"_acf_changed":false},"product_brand":[],"product_cat":[1255,1341],"product_tag":[],"class_list":{"0":"post-74769","1":"product","2":"type-product","3":"status-publish","4":"has-post-thumbnail","6":"product_cat-acessorios-de-montagem","7":"product_cat-paineis-solares","9":"first","10":"outofstock","11":"taxable","12":"shipping-taxable","13":"purchasable","14":"product-type-simple"},"acf":[],"yoast_head":"<!-- This site is optimized with the Yoast SEO plugin v27.2 - https:\/\/yoast.com\/product\/yoast-seo-wordpress\/ -->\n<title>\ud83e\udd47 Suporte de montagem em telhado para painel solar 6 pe\u00e7as | Coelectrix% Coelectrix%.<\/title>\n<meta name=\"description\" content=\"Conjunto de 6 pe\u00e7as para fixar pain\u00e9is solares no tejadilho de uma autocaravana ou caravana \u2705 Pl\u00e1stico dur\u00e1vel e refletor.\" \/>\n<meta name=\"robots\" content=\"index, follow, max-snippet:-1, max-image-preview:large, max-video-preview:-1\" \/>\n<link rel=\"canonical\" href=\"https:\/\/coelectrix.com\/pt-pt\/produto\/suporte-para-montagem-de-paineis-solares-em-telhados\" \/>\n<meta property=\"og:locale\" content=\"pt_PT\" \/>\n<meta property=\"og:type\" content=\"article\" \/>\n<meta property=\"og:title\" content=\"\ud83e\udd47 Suporte de montagem em telhado para painel solar 6 pe\u00e7as | Coelectrix% Coelectrix%.\" \/>\n<meta property=\"og:description\" content=\"Conjunto de 6 pe\u00e7as para fixar pain\u00e9is solares no tejadilho de uma autocaravana ou caravana \u2705 Pl\u00e1stico dur\u00e1vel e refletor.\" \/>\n<meta property=\"og:url\" content=\"https:\/\/coelectrix.com\/pt-pt\/produto\/suporte-para-montagem-de-paineis-solares-em-telhados\" \/>\n<meta property=\"og:site_name\" content=\"Coelectrix\" \/>\n<meta property=\"article:modified_time\" content=\"2025-08-19T04:04:10+00:00\" \/>\n<meta property=\"og:image\" content=\"https:\/\/coelectrix.com\/wp-content\/uploads\/2020\/05\/soporte-panel-solar-para-techo-camper-7-piezas.jpg\" \/>\n\t<meta property=\"og:image:width\" content=\"600\" \/>\n\t<meta property=\"og:image:height\" content=\"600\" \/>\n\t<meta property=\"og:image:type\" content=\"image\/jpeg\" \/>\n<meta name=\"twitter:card\" content=\"summary_large_image\" \/>\n<meta name=\"twitter:label1\" content=\"Tempo estimado de leitura\" \/>\n\t<meta name=\"twitter:data1\" content=\"1 minuto\" \/>\n<script type=\"application\/ld+json\" class=\"yoast-schema-graph\">{\"@context\":\"https:\/\/schema.org\",\"@graph\":[{\"@type\":\"WebPage\",\"@id\":\"https:\/\/coelectrix.com\/pt-pt\/produto\/suporte-para-montagem-de-paineis-solares-em-telhados\",\"url\":\"https:\/\/coelectrix.com\/pt-pt\/produto\/suporte-para-montagem-de-paineis-solares-em-telhados\",\"name\":\"\ud83e\udd47 Suporte de montagem em telhado para painel solar 6 pe\u00e7as | Coelectrix% Coelectrix%.\",\"isPartOf\":{\"@id\":\"https:\/\/coelectrix.com\/pt-pt\/#website\"},\"primaryImageOfPage\":{\"@id\":\"https:\/\/coelectrix.com\/pt-pt\/produto\/suporte-para-montagem-de-paineis-solares-em-telhados#primaryimage\"},\"image\":{\"@id\":\"https:\/\/coelectrix.com\/pt-pt\/produto\/suporte-para-montagem-de-paineis-solares-em-telhados#primaryimage\"},\"thumbnailUrl\":\"https:\/\/coelectrix.com\/wp-content\/uploads\/2020\/05\/soporte-panel-solar-para-techo-camper-7-piezas.jpg\",\"datePublished\":\"2020-05-31T07:06:26+00:00\",\"dateModified\":\"2025-08-19T04:04:10+00:00\",\"description\":\"Conjunto de 6 pe\u00e7as para fixar pain\u00e9is solares no tejadilho de uma autocaravana ou caravana \u2705 Pl\u00e1stico dur\u00e1vel e refletor.\",\"breadcrumb\":{\"@id\":\"https:\/\/coelectrix.com\/pt-pt\/produto\/suporte-para-montagem-de-paineis-solares-em-telhados#breadcrumb\"},\"inLanguage\":\"pt-PT\",\"potentialAction\":[{\"@type\":\"ReadAction\",\"target\":[\"https:\/\/coelectrix.com\/pt-pt\/produto\/suporte-para-montagem-de-paineis-solares-em-telhados\"]}]},{\"@type\":\"ImageObject\",\"inLanguage\":\"pt-PT\",\"@id\":\"https:\/\/coelectrix.com\/pt-pt\/produto\/suporte-para-montagem-de-paineis-solares-em-telhados#primaryimage\",\"url\":\"https:\/\/coelectrix.com\/wp-content\/uploads\/2020\/05\/soporte-panel-solar-para-techo-camper-7-piezas.jpg\",\"contentUrl\":\"https:\/\/coelectrix.com\/wp-content\/uploads\/2020\/05\/soporte-panel-solar-para-techo-camper-7-piezas.jpg\",\"width\":600,\"height\":600},{\"@type\":\"BreadcrumbList\",\"@id\":\"https:\/\/coelectrix.com\/pt-pt\/produto\/suporte-para-montagem-de-paineis-solares-em-telhados#breadcrumb\",\"itemListElement\":[{\"@type\":\"ListItem\",\"position\":1,\"name\":\"Portada\",\"item\":\"https:\/\/coelectrix.com\/\"},{\"@type\":\"ListItem\",\"position\":2,\"name\":\"Loja\",\"item\":\"https:\/\/coelectrix.com\/pt-pt\/loja\"},{\"@type\":\"ListItem\",\"position\":3,\"name\":\"Suporte de montagem em telhado para painel solar 6 pe\u00e7as\"}]},{\"@type\":\"WebSite\",\"@id\":\"https:\/\/coelectrix.com\/pt-pt\/#website\",\"url\":\"https:\/\/coelectrix.com\/pt-pt\/\",\"name\":\"Coelectrix\",\"description\":\"Componentes el\u00e9ctricos\",\"publisher\":{\"@id\":\"https:\/\/coelectrix.com\/pt-pt\/#organization\"},\"potentialAction\":[{\"@type\":\"SearchAction\",\"target\":{\"@type\":\"EntryPoint\",\"urlTemplate\":\"https:\/\/coelectrix.com\/pt-pt\/?s={search_term_string}\"},\"query-input\":{\"@type\":\"PropertyValueSpecification\",\"valueRequired\":true,\"valueName\":\"search_term_string\"}}],\"inLanguage\":\"pt-PT\"},{\"@type\":\"Organization\",\"@id\":\"https:\/\/coelectrix.com\/pt-pt\/#organization\",\"name\":\"coelectrix.com\",\"url\":\"https:\/\/coelectrix.com\/pt-pt\/\",\"logo\":{\"@type\":\"ImageObject\",\"inLanguage\":\"pt-PT\",\"@id\":\"https:\/\/coelectrix.com\/pt-pt\/#\/schema\/logo\/image\/\",\"url\":\"https:\/\/coelectrix.com\/wp-content\/uploads\/2018\/05\/logo-coelectrix-400x400.jpg\",\"contentUrl\":\"https:\/\/coelectrix.com\/wp-content\/uploads\/2018\/05\/logo-coelectrix-400x400.jpg\",\"width\":300,\"height\":300,\"caption\":\"coelectrix.com\"},\"image\":{\"@id\":\"https:\/\/coelectrix.com\/pt-pt\/#\/schema\/logo\/image\/\"}}]}<\/script>\n<!-- \/ Yoast SEO plugin. -->","yoast_head_json":{"title":"\ud83e\udd47 Suporte de montagem em telhado para painel solar 6 pe\u00e7as | Coelectrix% Coelectrix%.","description":"Conjunto de 6 pe\u00e7as para fixar pain\u00e9is solares no tejadilho de uma autocaravana ou caravana \u2705 Pl\u00e1stico dur\u00e1vel e refletor.","robots":{"index":"index","follow":"follow","max-snippet":"max-snippet:-1","max-image-preview":"max-image-preview:large","max-video-preview":"max-video-preview:-1"},"canonical":"https:\/\/coelectrix.com\/pt-pt\/produto\/suporte-para-montagem-de-paineis-solares-em-telhados","og_locale":"pt_PT","og_type":"article","og_title":"\ud83e\udd47 Suporte de montagem em telhado para painel solar 6 pe\u00e7as | Coelectrix% Coelectrix%.","og_description":"Conjunto de 6 pe\u00e7as para fixar pain\u00e9is solares no tejadilho de uma autocaravana ou caravana \u2705 Pl\u00e1stico dur\u00e1vel e refletor.","og_url":"https:\/\/coelectrix.com\/pt-pt\/produto\/suporte-para-montagem-de-paineis-solares-em-telhados","og_site_name":"Coelectrix","article_modified_time":"2025-08-19T04:04:10+00:00","og_image":[{"width":600,"height":600,"url":"https:\/\/coelectrix.com\/wp-content\/uploads\/2020\/05\/soporte-panel-solar-para-techo-camper-7-piezas.jpg","type":"image\/jpeg"}],"twitter_card":"summary_large_image","twitter_misc":{"Tempo estimado de leitura":"1 minuto"},"schema":{"@context":"https:\/\/schema.org","@graph":[{"@type":"WebPage","@id":"https:\/\/coelectrix.com\/pt-pt\/produto\/suporte-para-montagem-de-paineis-solares-em-telhados","url":"https:\/\/coelectrix.com\/pt-pt\/produto\/suporte-para-montagem-de-paineis-solares-em-telhados","name":"\ud83e\udd47 Suporte de montagem em telhado para painel solar 6 pe\u00e7as | Coelectrix% Coelectrix%.","isPartOf":{"@id":"https:\/\/coelectrix.com\/pt-pt\/#website"},"primaryImageOfPage":{"@id":"https:\/\/coelectrix.com\/pt-pt\/produto\/suporte-para-montagem-de-paineis-solares-em-telhados#primaryimage"},"image":{"@id":"https:\/\/coelectrix.com\/pt-pt\/produto\/suporte-para-montagem-de-paineis-solares-em-telhados#primaryimage"},"thumbnailUrl":"https:\/\/coelectrix.com\/wp-content\/uploads\/2020\/05\/soporte-panel-solar-para-techo-camper-7-piezas.jpg","datePublished":"2020-05-31T07:06:26+00:00","dateModified":"2025-08-19T04:04:10+00:00","description":"Conjunto de 6 pe\u00e7as para fixar pain\u00e9is solares no tejadilho de uma autocaravana ou caravana \u2705 Pl\u00e1stico dur\u00e1vel e refletor.","breadcrumb":{"@id":"https:\/\/coelectrix.com\/pt-pt\/produto\/suporte-para-montagem-de-paineis-solares-em-telhados#breadcrumb"},"inLanguage":"pt-PT","potentialAction":[{"@type":"ReadAction","target":["https:\/\/coelectrix.com\/pt-pt\/produto\/suporte-para-montagem-de-paineis-solares-em-telhados"]}]},{"@type":"ImageObject","inLanguage":"pt-PT","@id":"https:\/\/coelectrix.com\/pt-pt\/produto\/suporte-para-montagem-de-paineis-solares-em-telhados#primaryimage","url":"https:\/\/coelectrix.com\/wp-content\/uploads\/2020\/05\/soporte-panel-solar-para-techo-camper-7-piezas.jpg","contentUrl":"https:\/\/coelectrix.com\/wp-content\/uploads\/2020\/05\/soporte-panel-solar-para-techo-camper-7-piezas.jpg","width":600,"height":600},{"@type":"BreadcrumbList","@id":"https:\/\/coelectrix.com\/pt-pt\/produto\/suporte-para-montagem-de-paineis-solares-em-telhados#breadcrumb","itemListElement":[{"@type":"ListItem","position":1,"name":"Portada","item":"https:\/\/coelectrix.com\/"},{"@type":"ListItem","position":2,"name":"Loja","item":"https:\/\/coelectrix.com\/pt-pt\/loja"},{"@type":"ListItem","position":3,"name":"Suporte de montagem em telhado para painel solar 6 pe\u00e7as"}]},{"@type":"WebSite","@id":"https:\/\/coelectrix.com\/pt-pt\/#website","url":"https:\/\/coelectrix.com\/pt-pt\/","name":"Coelectrix","description":"Componentes el\u00e9ctricos","publisher":{"@id":"https:\/\/coelectrix.com\/pt-pt\/#organization"},"potentialAction":[{"@type":"SearchAction","target":{"@type":"EntryPoint","urlTemplate":"https:\/\/coelectrix.com\/pt-pt\/?s={search_term_string}"},"query-input":{"@type":"PropertyValueSpecification","valueRequired":true,"valueName":"search_term_string"}}],"inLanguage":"pt-PT"},{"@type":"Organization","@id":"https:\/\/coelectrix.com\/pt-pt\/#organization","name":"coelectrix.com","url":"https:\/\/coelectrix.com\/pt-pt\/","logo":{"@type":"ImageObject","inLanguage":"pt-PT","@id":"https:\/\/coelectrix.com\/pt-pt\/#\/schema\/logo\/image\/","url":"https:\/\/coelectrix.com\/wp-content\/uploads\/2018\/05\/logo-coelectrix-400x400.jpg","contentUrl":"https:\/\/coelectrix.com\/wp-content\/uploads\/2018\/05\/logo-coelectrix-400x400.jpg","width":300,"height":300,"caption":"coelectrix.com"},"image":{"@id":"https:\/\/coelectrix.com\/pt-pt\/#\/schema\/logo\/image\/"}}]}},"_links":{"self":[{"href":"https:\/\/coelectrix.com\/pt-pt\/wp-json\/wp\/v2\/product\/74769","targetHints":{"allow":["GET"]}}],"collection":[{"href":"https:\/\/coelectrix.com\/pt-pt\/wp-json\/wp\/v2\/product"}],"about":[{"href":"https:\/\/coelectrix.com\/pt-pt\/wp-json\/wp\/v2\/types\/product"}],"version-history":[{"count":1,"href":"https:\/\/coelectrix.com\/pt-pt\/wp-json\/wp\/v2\/product\/74769\/revisions"}],"predecessor-version":[{"id":74787,"href":"https:\/\/coelectrix.com\/pt-pt\/wp-json\/wp\/v2\/product\/74769\/revisions\/74787"}],"wp:featuredmedia":[{"embeddable":true,"href":"https:\/\/coelectrix.com\/pt-pt\/wp-json\/wp\/v2\/media\/73737"}],"wp:attachment":[{"href":"https:\/\/coelectrix.com\/pt-pt\/wp-json\/wp\/v2\/media?parent=74769"}],"wp:term":[{"taxonomy":"product_brand","embeddable":true,"href":"https:\/\/coelectrix.com\/pt-pt\/wp-json\/wp\/v2\/product_brand?post=74769"},{"taxonomy":"product_cat","embeddable":true,"href":"https:\/\/coelectrix.com\/pt-pt\/wp-json\/wp\/v2\/product_cat?post=74769"},{"taxonomy":"product_tag","embeddable":true,"href":"https:\/\/coelectrix.com\/pt-pt\/wp-json\/wp\/v2\/product_tag?post=74769"}],"curies":[{"name":"wp","href":"https:\/\/api.w.org\/{rel}","templated":true}]}}