{"id":74791,"date":"2022-09-23T09:54:27","date_gmt":"2022-09-23T07:54:27","guid":{"rendered":"https:\/\/coelectrix.com\/producto\/base-de-fixacao-aparafusada-hc1-para-flanges-7x15mm"},"modified":"2025-08-19T06:02:31","modified_gmt":"2025-08-19T04:02:31","slug":"base-de-fixacao-aparafusada-hc1-para-flanges-7x15mm","status":"publish","type":"product","link":"https:\/\/coelectrix.com\/pt-pt\/produto\/fixacao-de-parafusos-base-hc1-para-flanges","title":{"rendered":"Base de fixa\u00e7\u00e3o aparafusada HC1 para flanges 7x15mm."},"content":{"rendered":"<h2>Base de fixa\u00e7\u00e3o com parafusos HC1 para abra\u00e7adeiras de 7x15mm.<\/h2>\n<p>O seu design especial oferece a m\u00e1xima estabilidade \u00e0 cablagem.<br \/>\nF\u00e1cil de montar com parafusos.<\/p>\n<p>Material: Nylon 66 aprovado.<\/p>\n<p>Medidas:<br \/>\nAltura: 7mm<br \/>\nLargura: 15mm<br \/>\nPasso do flange: at\u00e9 5mm<\/p>\n","protected":false},"excerpt":{"rendered":"<p>Bases de fixa\u00e7\u00e3o de cabos<br \/>\nO design especial oferece a m\u00e1xima estabilidade \u00e0 cablagem.<br \/>\nMontagem f\u00e1cil com parafusos.<br \/>\nDispon\u00edvel em preto ou branco.<br \/>\nPara flanges de 5 mm, no m\u00e1ximo.<\/p>\n","protected":false},"featured_media":73390,"template":"","meta":{"_acf_changed":false},"product_brand":[],"product_cat":[1258,1343],"product_tag":[],"class_list":{"0":"post-74791","1":"product","2":"type-product","3":"status-publish","4":"has-post-thumbnail","6":"product_cat-bases-de-montagem-para-flanges","7":"product_cat-prensa-cabos-abracadeiras-abracadeiras-abracadeiras","9":"first","10":"instock","11":"taxable","12":"shipping-taxable","13":"purchasable","14":"product-type-variable"},"acf":[],"yoast_head":"<!-- This site is optimized with the Yoast SEO plugin v27.2 - https:\/\/yoast.com\/product\/yoast-seo-wordpress\/ -->\n<title>\u25b7 Base de fixa\u00e7\u00e3o aparafusada HC1 para flanges 7x15mm. | Coelectrix.com<\/title>\n<meta name=\"description\" content=\"Bases de fixa\u00e7\u00e3o de cabos. O seu design especial oferece a m\u00e1xima estabilidade \u00e0 cablagem.\" \/>\n<meta name=\"robots\" content=\"index, follow, max-snippet:-1, max-image-preview:large, max-video-preview:-1\" \/>\n<link rel=\"canonical\" href=\"https:\/\/coelectrix.com\/pt-pt\/produto\/fixacao-de-parafusos-base-hc1-para-flanges\" \/>\n<meta property=\"og:locale\" content=\"pt_PT\" \/>\n<meta property=\"og:type\" content=\"article\" \/>\n<meta property=\"og:title\" content=\"\u25b7 Base de fixa\u00e7\u00e3o aparafusada HC1 para flanges 7x15mm. | Coelectrix.com\" \/>\n<meta property=\"og:description\" content=\"Bases de fixa\u00e7\u00e3o de cabos. O seu design especial oferece a m\u00e1xima estabilidade \u00e0 cablagem.\" \/>\n<meta property=\"og:url\" content=\"https:\/\/coelectrix.com\/pt-pt\/produto\/fixacao-de-parafusos-base-hc1-para-flanges\" \/>\n<meta property=\"og:site_name\" content=\"Coelectrix\" \/>\n<meta property=\"article:modified_time\" content=\"2025-08-19T04:02:31+00:00\" \/>\n<meta property=\"og:image\" content=\"https:\/\/coelectrix.com\/wp-content\/uploads\/2020\/09\/soporte-pasabridas-negro.jpg\" \/>\n\t<meta property=\"og:image:width\" content=\"800\" \/>\n\t<meta property=\"og:image:height\" content=\"600\" \/>\n\t<meta property=\"og:image:type\" content=\"image\/jpeg\" \/>\n<meta name=\"twitter:card\" content=\"summary_large_image\" \/>\n<script type=\"application\/ld+json\" class=\"yoast-schema-graph\">{\"@context\":\"https:\/\/schema.org\",\"@graph\":[{\"@type\":\"WebPage\",\"@id\":\"https:\/\/coelectrix.com\/pt-pt\/produto\/fixacao-de-parafusos-base-hc1-para-flanges\",\"url\":\"https:\/\/coelectrix.com\/pt-pt\/produto\/fixacao-de-parafusos-base-hc1-para-flanges\",\"name\":\"\u25b7 Base de fixa\u00e7\u00e3o aparafusada HC1 para flanges 7x15mm. | Coelectrix.com\",\"isPartOf\":{\"@id\":\"https:\/\/coelectrix.com\/pt-pt\/#website\"},\"primaryImageOfPage\":{\"@id\":\"https:\/\/coelectrix.com\/pt-pt\/produto\/fixacao-de-parafusos-base-hc1-para-flanges#primaryimage\"},\"image\":{\"@id\":\"https:\/\/coelectrix.com\/pt-pt\/produto\/fixacao-de-parafusos-base-hc1-para-flanges#primaryimage\"},\"thumbnailUrl\":\"https:\/\/coelectrix.com\/wp-content\/uploads\/2020\/09\/soporte-pasabridas-negro.jpg\",\"datePublished\":\"2022-09-23T07:54:27+00:00\",\"dateModified\":\"2025-08-19T04:02:31+00:00\",\"description\":\"Bases de fixa\u00e7\u00e3o de cabos. O seu design especial oferece a m\u00e1xima estabilidade \u00e0 cablagem.\",\"breadcrumb\":{\"@id\":\"https:\/\/coelectrix.com\/pt-pt\/produto\/fixacao-de-parafusos-base-hc1-para-flanges#breadcrumb\"},\"inLanguage\":\"pt-PT\",\"potentialAction\":[{\"@type\":\"ReadAction\",\"target\":[\"https:\/\/coelectrix.com\/pt-pt\/produto\/fixacao-de-parafusos-base-hc1-para-flanges\"]}]},{\"@type\":\"ImageObject\",\"inLanguage\":\"pt-PT\",\"@id\":\"https:\/\/coelectrix.com\/pt-pt\/produto\/fixacao-de-parafusos-base-hc1-para-flanges#primaryimage\",\"url\":\"https:\/\/coelectrix.com\/wp-content\/uploads\/2020\/09\/soporte-pasabridas-negro.jpg\",\"contentUrl\":\"https:\/\/coelectrix.com\/wp-content\/uploads\/2020\/09\/soporte-pasabridas-negro.jpg\",\"width\":800,\"height\":600,\"caption\":\"Base de fixa\u00e7\u00e3o aparafusada HC2 para flanges 9x23mm.\"},{\"@type\":\"BreadcrumbList\",\"@id\":\"https:\/\/coelectrix.com\/pt-pt\/produto\/fixacao-de-parafusos-base-hc1-para-flanges#breadcrumb\",\"itemListElement\":[{\"@type\":\"ListItem\",\"position\":1,\"name\":\"Portada\",\"item\":\"https:\/\/coelectrix.com\/\"},{\"@type\":\"ListItem\",\"position\":2,\"name\":\"Loja\",\"item\":\"https:\/\/coelectrix.com\/pt-pt\/loja\"},{\"@type\":\"ListItem\",\"position\":3,\"name\":\"Base de fixa\u00e7\u00e3o aparafusada HC1 para flanges 7x15mm.\"}]},{\"@type\":\"WebSite\",\"@id\":\"https:\/\/coelectrix.com\/pt-pt\/#website\",\"url\":\"https:\/\/coelectrix.com\/pt-pt\/\",\"name\":\"Coelectrix\",\"description\":\"Componentes el\u00e9ctricos\",\"publisher\":{\"@id\":\"https:\/\/coelectrix.com\/pt-pt\/#organization\"},\"potentialAction\":[{\"@type\":\"SearchAction\",\"target\":{\"@type\":\"EntryPoint\",\"urlTemplate\":\"https:\/\/coelectrix.com\/pt-pt\/?s={search_term_string}\"},\"query-input\":{\"@type\":\"PropertyValueSpecification\",\"valueRequired\":true,\"valueName\":\"search_term_string\"}}],\"inLanguage\":\"pt-PT\"},{\"@type\":\"Organization\",\"@id\":\"https:\/\/coelectrix.com\/pt-pt\/#organization\",\"name\":\"coelectrix.com\",\"url\":\"https:\/\/coelectrix.com\/pt-pt\/\",\"logo\":{\"@type\":\"ImageObject\",\"inLanguage\":\"pt-PT\",\"@id\":\"https:\/\/coelectrix.com\/pt-pt\/#\/schema\/logo\/image\/\",\"url\":\"https:\/\/coelectrix.com\/wp-content\/uploads\/2018\/05\/logo-coelectrix-400x400.jpg\",\"contentUrl\":\"https:\/\/coelectrix.com\/wp-content\/uploads\/2018\/05\/logo-coelectrix-400x400.jpg\",\"width\":300,\"height\":300,\"caption\":\"coelectrix.com\"},\"image\":{\"@id\":\"https:\/\/coelectrix.com\/pt-pt\/#\/schema\/logo\/image\/\"}}]}<\/script>\n<!-- \/ Yoast SEO plugin. -->","yoast_head_json":{"title":"\u25b7 Base de fixa\u00e7\u00e3o aparafusada HC1 para flanges 7x15mm. | Coelectrix.com","description":"Bases de fixa\u00e7\u00e3o de cabos. O seu design especial oferece a m\u00e1xima estabilidade \u00e0 cablagem.","robots":{"index":"index","follow":"follow","max-snippet":"max-snippet:-1","max-image-preview":"max-image-preview:large","max-video-preview":"max-video-preview:-1"},"canonical":"https:\/\/coelectrix.com\/pt-pt\/produto\/fixacao-de-parafusos-base-hc1-para-flanges","og_locale":"pt_PT","og_type":"article","og_title":"\u25b7 Base de fixa\u00e7\u00e3o aparafusada HC1 para flanges 7x15mm. | Coelectrix.com","og_description":"Bases de fixa\u00e7\u00e3o de cabos. O seu design especial oferece a m\u00e1xima estabilidade \u00e0 cablagem.","og_url":"https:\/\/coelectrix.com\/pt-pt\/produto\/fixacao-de-parafusos-base-hc1-para-flanges","og_site_name":"Coelectrix","article_modified_time":"2025-08-19T04:02:31+00:00","og_image":[{"width":800,"height":600,"url":"https:\/\/coelectrix.com\/wp-content\/uploads\/2020\/09\/soporte-pasabridas-negro.jpg","type":"image\/jpeg"}],"twitter_card":"summary_large_image","schema":{"@context":"https:\/\/schema.org","@graph":[{"@type":"WebPage","@id":"https:\/\/coelectrix.com\/pt-pt\/produto\/fixacao-de-parafusos-base-hc1-para-flanges","url":"https:\/\/coelectrix.com\/pt-pt\/produto\/fixacao-de-parafusos-base-hc1-para-flanges","name":"\u25b7 Base de fixa\u00e7\u00e3o aparafusada HC1 para flanges 7x15mm. | Coelectrix.com","isPartOf":{"@id":"https:\/\/coelectrix.com\/pt-pt\/#website"},"primaryImageOfPage":{"@id":"https:\/\/coelectrix.com\/pt-pt\/produto\/fixacao-de-parafusos-base-hc1-para-flanges#primaryimage"},"image":{"@id":"https:\/\/coelectrix.com\/pt-pt\/produto\/fixacao-de-parafusos-base-hc1-para-flanges#primaryimage"},"thumbnailUrl":"https:\/\/coelectrix.com\/wp-content\/uploads\/2020\/09\/soporte-pasabridas-negro.jpg","datePublished":"2022-09-23T07:54:27+00:00","dateModified":"2025-08-19T04:02:31+00:00","description":"Bases de fixa\u00e7\u00e3o de cabos. O seu design especial oferece a m\u00e1xima estabilidade \u00e0 cablagem.","breadcrumb":{"@id":"https:\/\/coelectrix.com\/pt-pt\/produto\/fixacao-de-parafusos-base-hc1-para-flanges#breadcrumb"},"inLanguage":"pt-PT","potentialAction":[{"@type":"ReadAction","target":["https:\/\/coelectrix.com\/pt-pt\/produto\/fixacao-de-parafusos-base-hc1-para-flanges"]}]},{"@type":"ImageObject","inLanguage":"pt-PT","@id":"https:\/\/coelectrix.com\/pt-pt\/produto\/fixacao-de-parafusos-base-hc1-para-flanges#primaryimage","url":"https:\/\/coelectrix.com\/wp-content\/uploads\/2020\/09\/soporte-pasabridas-negro.jpg","contentUrl":"https:\/\/coelectrix.com\/wp-content\/uploads\/2020\/09\/soporte-pasabridas-negro.jpg","width":800,"height":600,"caption":"Base de fixa\u00e7\u00e3o aparafusada HC2 para flanges 9x23mm."},{"@type":"BreadcrumbList","@id":"https:\/\/coelectrix.com\/pt-pt\/produto\/fixacao-de-parafusos-base-hc1-para-flanges#breadcrumb","itemListElement":[{"@type":"ListItem","position":1,"name":"Portada","item":"https:\/\/coelectrix.com\/"},{"@type":"ListItem","position":2,"name":"Loja","item":"https:\/\/coelectrix.com\/pt-pt\/loja"},{"@type":"ListItem","position":3,"name":"Base de fixa\u00e7\u00e3o aparafusada HC1 para flanges 7x15mm."}]},{"@type":"WebSite","@id":"https:\/\/coelectrix.com\/pt-pt\/#website","url":"https:\/\/coelectrix.com\/pt-pt\/","name":"Coelectrix","description":"Componentes el\u00e9ctricos","publisher":{"@id":"https:\/\/coelectrix.com\/pt-pt\/#organization"},"potentialAction":[{"@type":"SearchAction","target":{"@type":"EntryPoint","urlTemplate":"https:\/\/coelectrix.com\/pt-pt\/?s={search_term_string}"},"query-input":{"@type":"PropertyValueSpecification","valueRequired":true,"valueName":"search_term_string"}}],"inLanguage":"pt-PT"},{"@type":"Organization","@id":"https:\/\/coelectrix.com\/pt-pt\/#organization","name":"coelectrix.com","url":"https:\/\/coelectrix.com\/pt-pt\/","logo":{"@type":"ImageObject","inLanguage":"pt-PT","@id":"https:\/\/coelectrix.com\/pt-pt\/#\/schema\/logo\/image\/","url":"https:\/\/coelectrix.com\/wp-content\/uploads\/2018\/05\/logo-coelectrix-400x400.jpg","contentUrl":"https:\/\/coelectrix.com\/wp-content\/uploads\/2018\/05\/logo-coelectrix-400x400.jpg","width":300,"height":300,"caption":"coelectrix.com"},"image":{"@id":"https:\/\/coelectrix.com\/pt-pt\/#\/schema\/logo\/image\/"}}]}},"_links":{"self":[{"href":"https:\/\/coelectrix.com\/pt-pt\/wp-json\/wp\/v2\/product\/74791","targetHints":{"allow":["GET"]}}],"collection":[{"href":"https:\/\/coelectrix.com\/pt-pt\/wp-json\/wp\/v2\/product"}],"about":[{"href":"https:\/\/coelectrix.com\/pt-pt\/wp-json\/wp\/v2\/types\/product"}],"version-history":[{"count":1,"href":"https:\/\/coelectrix.com\/pt-pt\/wp-json\/wp\/v2\/product\/74791\/revisions"}],"predecessor-version":[{"id":75331,"href":"https:\/\/coelectrix.com\/pt-pt\/wp-json\/wp\/v2\/product\/74791\/revisions\/75331"}],"wp:featuredmedia":[{"embeddable":true,"href":"https:\/\/coelectrix.com\/pt-pt\/wp-json\/wp\/v2\/media\/73390"}],"wp:attachment":[{"href":"https:\/\/coelectrix.com\/pt-pt\/wp-json\/wp\/v2\/media?parent=74791"}],"wp:term":[{"taxonomy":"product_brand","embeddable":true,"href":"https:\/\/coelectrix.com\/pt-pt\/wp-json\/wp\/v2\/product_brand?post=74791"},{"taxonomy":"product_cat","embeddable":true,"href":"https:\/\/coelectrix.com\/pt-pt\/wp-json\/wp\/v2\/product_cat?post=74791"},{"taxonomy":"product_tag","embeddable":true,"href":"https:\/\/coelectrix.com\/pt-pt\/wp-json\/wp\/v2\/product_tag?post=74791"}],"curies":[{"name":"wp","href":"https:\/\/api.w.org\/{rel}","templated":true}]}}