{"id":74796,"date":"2022-05-27T16:51:57","date_gmt":"2022-05-27T14:51:57","guid":{"rendered":"https:\/\/coelectrix.com\/producto\/base-de-montagem-de-bracadeiras-para-abracadeiras-hc-0"},"modified":"2025-08-19T06:02:33","modified_gmt":"2025-08-19T04:02:33","slug":"base-de-montagem-de-bracadeiras-para-abracadeiras-hc-0","status":"publish","type":"product","link":"https:\/\/coelectrix.com\/pt-pt\/produto\/base-de-fixacao-para-fixadores-para-flanges-hc-0","title":{"rendered":"Base de montagem de bra\u00e7adeiras para abra\u00e7adeiras HC-0"},"content":{"rendered":"<h2><strong>Base de montagem da abra\u00e7adeira HC-0 para abra\u00e7adeiras HC-0<\/strong><\/h2>\n<p>O seu design especial oferece a m\u00e1xima estabilidade \u00e0 cablagem.<br \/>\nMontagem f\u00e1cil com parafusos.<\/p>\n<p>Cor: Branco-natural<br \/>\nMaterial: Nylon 66<br \/>\nAprovado 94V-2<\/p>\n<p><img fetchpriority=\"high\" decoding=\"async\" class=\"alignnone size-medium wp-image-40006\" src=\"https:\/\/coelectrix.com\/wp-content\/uploads\/2022\/05\/BASE-SOPORTE-PARA-BRIDAS-HC-C-MEDIDAS-300x300.jpg\" alt=\"\" width=\"300\" height=\"300\" srcset=\"https:\/\/coelectrix.com\/wp-content\/uploads\/2022\/05\/BASE-SOPORTE-PARA-BRIDAS-HC-C-MEDIDAS-300x300.jpg 300w, https:\/\/coelectrix.com\/wp-content\/uploads\/2022\/05\/BASE-SOPORTE-PARA-BRIDAS-HC-C-MEDIDAS-150x150.jpg 150w, https:\/\/coelectrix.com\/wp-content\/uploads\/2022\/05\/BASE-SOPORTE-PARA-BRIDAS-HC-C-MEDIDAS-196x196.jpg 196w, https:\/\/coelectrix.com\/wp-content\/uploads\/2022\/05\/BASE-SOPORTE-PARA-BRIDAS-HC-C-MEDIDAS-416x416.jpg 416w, https:\/\/coelectrix.com\/wp-content\/uploads\/2022\/05\/BASE-SOPORTE-PARA-BRIDAS-HC-C-MEDIDAS-100x100.jpg 100w, https:\/\/coelectrix.com\/wp-content\/uploads\/2022\/05\/BASE-SOPORTE-PARA-BRIDAS-HC-C-MEDIDAS-64x64.jpg 64w, https:\/\/coelectrix.com\/wp-content\/uploads\/2022\/05\/BASE-SOPORTE-PARA-BRIDAS-HC-C-MEDIDAS.jpg 600w\" sizes=\"(max-width: 300px) 100vw, 300px\" \/>Dimens\u00f5es em mm.<\/p>\n","protected":false},"excerpt":{"rendered":"<p>Base com fixa\u00e7\u00e3o roscada para flanges de sela.<\/p>\n<p>Cor: Branco natural<br \/>\nVer dimens\u00f5es do produto na descri\u00e7\u00e3o.<\/p>\n","protected":false},"featured_media":73883,"template":"","meta":{"_acf_changed":false},"product_brand":[],"product_cat":[1258,1343],"product_tag":[],"class_list":{"0":"post-74796","1":"product","2":"type-product","3":"status-publish","4":"has-post-thumbnail","6":"product_cat-bases-de-montagem-para-flanges","7":"product_cat-prensa-cabos-abracadeiras-abracadeiras-abracadeiras","9":"first","10":"instock","11":"taxable","12":"shipping-taxable","13":"purchasable","14":"product-type-variable"},"acf":[],"yoast_head":"<!-- This site is optimized with the Yoast SEO plugin v27.2 - https:\/\/yoast.com\/product\/yoast-seo-wordpress\/ -->\n<title>\u25b7 Base de montagem de bra\u00e7adeiras para abra\u00e7adeiras HC-0 | Coelectrix.com<\/title>\n<meta name=\"description\" content=\"Base de fixa\u00e7\u00e3o tipo sela HC-0 para grampos de parafuso. Vasta gama de fixadores de abra\u00e7adeiras para cablagem autom\u00f3vel.\" \/>\n<meta name=\"robots\" content=\"index, follow, max-snippet:-1, max-image-preview:large, max-video-preview:-1\" \/>\n<link rel=\"canonical\" href=\"https:\/\/coelectrix.com\/pt-pt\/produto\/base-de-fixacao-para-fixadores-para-flanges-hc-0\" \/>\n<meta property=\"og:locale\" content=\"pt_PT\" \/>\n<meta property=\"og:type\" content=\"article\" \/>\n<meta property=\"og:title\" content=\"\u25b7 Base de montagem de bra\u00e7adeiras para abra\u00e7adeiras HC-0 | Coelectrix.com\" \/>\n<meta property=\"og:description\" content=\"Base de fixa\u00e7\u00e3o tipo sela HC-0 para grampos de parafuso. Vasta gama de fixadores de abra\u00e7adeiras para cablagem autom\u00f3vel.\" \/>\n<meta property=\"og:url\" content=\"https:\/\/coelectrix.com\/pt-pt\/produto\/base-de-fixacao-para-fixadores-para-flanges-hc-0\" \/>\n<meta property=\"og:site_name\" content=\"Coelectrix\" \/>\n<meta property=\"article:modified_time\" content=\"2025-08-19T04:02:33+00:00\" \/>\n<meta property=\"og:image\" content=\"https:\/\/coelectrix.com\/wp-content\/uploads\/2022\/05\/BASE-SOPORTE-PARA-BRIDAS-HC-C.jpg\" \/>\n\t<meta property=\"og:image:width\" content=\"600\" \/>\n\t<meta property=\"og:image:height\" content=\"600\" \/>\n\t<meta property=\"og:image:type\" content=\"image\/jpeg\" \/>\n<meta name=\"twitter:card\" content=\"summary_large_image\" \/>\n<script type=\"application\/ld+json\" class=\"yoast-schema-graph\">{\"@context\":\"https:\/\/schema.org\",\"@graph\":[{\"@type\":\"WebPage\",\"@id\":\"https:\/\/coelectrix.com\/pt-pt\/produto\/base-de-fixacao-para-fixadores-para-flanges-hc-0\",\"url\":\"https:\/\/coelectrix.com\/pt-pt\/produto\/base-de-fixacao-para-fixadores-para-flanges-hc-0\",\"name\":\"\u25b7 Base de montagem de bra\u00e7adeiras para abra\u00e7adeiras HC-0 | Coelectrix.com\",\"isPartOf\":{\"@id\":\"https:\/\/coelectrix.com\/pt-pt\/#website\"},\"primaryImageOfPage\":{\"@id\":\"https:\/\/coelectrix.com\/pt-pt\/produto\/base-de-fixacao-para-fixadores-para-flanges-hc-0#primaryimage\"},\"image\":{\"@id\":\"https:\/\/coelectrix.com\/pt-pt\/produto\/base-de-fixacao-para-fixadores-para-flanges-hc-0#primaryimage\"},\"thumbnailUrl\":\"https:\/\/coelectrix.com\/wp-content\/uploads\/2022\/05\/BASE-SOPORTE-PARA-BRIDAS-HC-C.jpg\",\"datePublished\":\"2022-05-27T14:51:57+00:00\",\"dateModified\":\"2025-08-19T04:02:33+00:00\",\"description\":\"Base de fixa\u00e7\u00e3o tipo sela HC-0 para grampos de parafuso. Vasta gama de fixadores de abra\u00e7adeiras para cablagem autom\u00f3vel.\",\"breadcrumb\":{\"@id\":\"https:\/\/coelectrix.com\/pt-pt\/produto\/base-de-fixacao-para-fixadores-para-flanges-hc-0#breadcrumb\"},\"inLanguage\":\"pt-PT\",\"potentialAction\":[{\"@type\":\"ReadAction\",\"target\":[\"https:\/\/coelectrix.com\/pt-pt\/produto\/base-de-fixacao-para-fixadores-para-flanges-hc-0\"]}]},{\"@type\":\"ImageObject\",\"inLanguage\":\"pt-PT\",\"@id\":\"https:\/\/coelectrix.com\/pt-pt\/produto\/base-de-fixacao-para-fixadores-para-flanges-hc-0#primaryimage\",\"url\":\"https:\/\/coelectrix.com\/wp-content\/uploads\/2022\/05\/BASE-SOPORTE-PARA-BRIDAS-HC-C.jpg\",\"contentUrl\":\"https:\/\/coelectrix.com\/wp-content\/uploads\/2022\/05\/BASE-SOPORTE-PARA-BRIDAS-HC-C.jpg\",\"width\":600,\"height\":600,\"caption\":\"Base de fixa\u00e7\u00e3o Tonillo para Bidas HC-0\"},{\"@type\":\"BreadcrumbList\",\"@id\":\"https:\/\/coelectrix.com\/pt-pt\/produto\/base-de-fixacao-para-fixadores-para-flanges-hc-0#breadcrumb\",\"itemListElement\":[{\"@type\":\"ListItem\",\"position\":1,\"name\":\"Portada\",\"item\":\"https:\/\/coelectrix.com\/\"},{\"@type\":\"ListItem\",\"position\":2,\"name\":\"Loja\",\"item\":\"https:\/\/coelectrix.com\/pt-pt\/loja\"},{\"@type\":\"ListItem\",\"position\":3,\"name\":\"Base de montagem de bra\u00e7adeiras para abra\u00e7adeiras HC-0\"}]},{\"@type\":\"WebSite\",\"@id\":\"https:\/\/coelectrix.com\/pt-pt\/#website\",\"url\":\"https:\/\/coelectrix.com\/pt-pt\/\",\"name\":\"Coelectrix\",\"description\":\"Componentes el\u00e9ctricos\",\"publisher\":{\"@id\":\"https:\/\/coelectrix.com\/pt-pt\/#organization\"},\"potentialAction\":[{\"@type\":\"SearchAction\",\"target\":{\"@type\":\"EntryPoint\",\"urlTemplate\":\"https:\/\/coelectrix.com\/pt-pt\/?s={search_term_string}\"},\"query-input\":{\"@type\":\"PropertyValueSpecification\",\"valueRequired\":true,\"valueName\":\"search_term_string\"}}],\"inLanguage\":\"pt-PT\"},{\"@type\":\"Organization\",\"@id\":\"https:\/\/coelectrix.com\/pt-pt\/#organization\",\"name\":\"coelectrix.com\",\"url\":\"https:\/\/coelectrix.com\/pt-pt\/\",\"logo\":{\"@type\":\"ImageObject\",\"inLanguage\":\"pt-PT\",\"@id\":\"https:\/\/coelectrix.com\/pt-pt\/#\/schema\/logo\/image\/\",\"url\":\"https:\/\/coelectrix.com\/wp-content\/uploads\/2018\/05\/logo-coelectrix-400x400.jpg\",\"contentUrl\":\"https:\/\/coelectrix.com\/wp-content\/uploads\/2018\/05\/logo-coelectrix-400x400.jpg\",\"width\":300,\"height\":300,\"caption\":\"coelectrix.com\"},\"image\":{\"@id\":\"https:\/\/coelectrix.com\/pt-pt\/#\/schema\/logo\/image\/\"}}]}<\/script>\n<!-- \/ Yoast SEO plugin. -->","yoast_head_json":{"title":"\u25b7 Base de montagem de bra\u00e7adeiras para abra\u00e7adeiras HC-0 | Coelectrix.com","description":"Base de fixa\u00e7\u00e3o tipo sela HC-0 para grampos de parafuso. Vasta gama de fixadores de abra\u00e7adeiras para cablagem autom\u00f3vel.","robots":{"index":"index","follow":"follow","max-snippet":"max-snippet:-1","max-image-preview":"max-image-preview:large","max-video-preview":"max-video-preview:-1"},"canonical":"https:\/\/coelectrix.com\/pt-pt\/produto\/base-de-fixacao-para-fixadores-para-flanges-hc-0","og_locale":"pt_PT","og_type":"article","og_title":"\u25b7 Base de montagem de bra\u00e7adeiras para abra\u00e7adeiras HC-0 | Coelectrix.com","og_description":"Base de fixa\u00e7\u00e3o tipo sela HC-0 para grampos de parafuso. Vasta gama de fixadores de abra\u00e7adeiras para cablagem autom\u00f3vel.","og_url":"https:\/\/coelectrix.com\/pt-pt\/produto\/base-de-fixacao-para-fixadores-para-flanges-hc-0","og_site_name":"Coelectrix","article_modified_time":"2025-08-19T04:02:33+00:00","og_image":[{"width":600,"height":600,"url":"https:\/\/coelectrix.com\/wp-content\/uploads\/2022\/05\/BASE-SOPORTE-PARA-BRIDAS-HC-C.jpg","type":"image\/jpeg"}],"twitter_card":"summary_large_image","schema":{"@context":"https:\/\/schema.org","@graph":[{"@type":"WebPage","@id":"https:\/\/coelectrix.com\/pt-pt\/produto\/base-de-fixacao-para-fixadores-para-flanges-hc-0","url":"https:\/\/coelectrix.com\/pt-pt\/produto\/base-de-fixacao-para-fixadores-para-flanges-hc-0","name":"\u25b7 Base de montagem de bra\u00e7adeiras para abra\u00e7adeiras HC-0 | Coelectrix.com","isPartOf":{"@id":"https:\/\/coelectrix.com\/pt-pt\/#website"},"primaryImageOfPage":{"@id":"https:\/\/coelectrix.com\/pt-pt\/produto\/base-de-fixacao-para-fixadores-para-flanges-hc-0#primaryimage"},"image":{"@id":"https:\/\/coelectrix.com\/pt-pt\/produto\/base-de-fixacao-para-fixadores-para-flanges-hc-0#primaryimage"},"thumbnailUrl":"https:\/\/coelectrix.com\/wp-content\/uploads\/2022\/05\/BASE-SOPORTE-PARA-BRIDAS-HC-C.jpg","datePublished":"2022-05-27T14:51:57+00:00","dateModified":"2025-08-19T04:02:33+00:00","description":"Base de fixa\u00e7\u00e3o tipo sela HC-0 para grampos de parafuso. Vasta gama de fixadores de abra\u00e7adeiras para cablagem autom\u00f3vel.","breadcrumb":{"@id":"https:\/\/coelectrix.com\/pt-pt\/produto\/base-de-fixacao-para-fixadores-para-flanges-hc-0#breadcrumb"},"inLanguage":"pt-PT","potentialAction":[{"@type":"ReadAction","target":["https:\/\/coelectrix.com\/pt-pt\/produto\/base-de-fixacao-para-fixadores-para-flanges-hc-0"]}]},{"@type":"ImageObject","inLanguage":"pt-PT","@id":"https:\/\/coelectrix.com\/pt-pt\/produto\/base-de-fixacao-para-fixadores-para-flanges-hc-0#primaryimage","url":"https:\/\/coelectrix.com\/wp-content\/uploads\/2022\/05\/BASE-SOPORTE-PARA-BRIDAS-HC-C.jpg","contentUrl":"https:\/\/coelectrix.com\/wp-content\/uploads\/2022\/05\/BASE-SOPORTE-PARA-BRIDAS-HC-C.jpg","width":600,"height":600,"caption":"Base de fixa\u00e7\u00e3o Tonillo para Bidas HC-0"},{"@type":"BreadcrumbList","@id":"https:\/\/coelectrix.com\/pt-pt\/produto\/base-de-fixacao-para-fixadores-para-flanges-hc-0#breadcrumb","itemListElement":[{"@type":"ListItem","position":1,"name":"Portada","item":"https:\/\/coelectrix.com\/"},{"@type":"ListItem","position":2,"name":"Loja","item":"https:\/\/coelectrix.com\/pt-pt\/loja"},{"@type":"ListItem","position":3,"name":"Base de montagem de bra\u00e7adeiras para abra\u00e7adeiras HC-0"}]},{"@type":"WebSite","@id":"https:\/\/coelectrix.com\/pt-pt\/#website","url":"https:\/\/coelectrix.com\/pt-pt\/","name":"Coelectrix","description":"Componentes el\u00e9ctricos","publisher":{"@id":"https:\/\/coelectrix.com\/pt-pt\/#organization"},"potentialAction":[{"@type":"SearchAction","target":{"@type":"EntryPoint","urlTemplate":"https:\/\/coelectrix.com\/pt-pt\/?s={search_term_string}"},"query-input":{"@type":"PropertyValueSpecification","valueRequired":true,"valueName":"search_term_string"}}],"inLanguage":"pt-PT"},{"@type":"Organization","@id":"https:\/\/coelectrix.com\/pt-pt\/#organization","name":"coelectrix.com","url":"https:\/\/coelectrix.com\/pt-pt\/","logo":{"@type":"ImageObject","inLanguage":"pt-PT","@id":"https:\/\/coelectrix.com\/pt-pt\/#\/schema\/logo\/image\/","url":"https:\/\/coelectrix.com\/wp-content\/uploads\/2018\/05\/logo-coelectrix-400x400.jpg","contentUrl":"https:\/\/coelectrix.com\/wp-content\/uploads\/2018\/05\/logo-coelectrix-400x400.jpg","width":300,"height":300,"caption":"coelectrix.com"},"image":{"@id":"https:\/\/coelectrix.com\/pt-pt\/#\/schema\/logo\/image\/"}}]}},"_links":{"self":[{"href":"https:\/\/coelectrix.com\/pt-pt\/wp-json\/wp\/v2\/product\/74796","targetHints":{"allow":["GET"]}}],"collection":[{"href":"https:\/\/coelectrix.com\/pt-pt\/wp-json\/wp\/v2\/product"}],"about":[{"href":"https:\/\/coelectrix.com\/pt-pt\/wp-json\/wp\/v2\/types\/product"}],"version-history":[{"count":1,"href":"https:\/\/coelectrix.com\/pt-pt\/wp-json\/wp\/v2\/product\/74796\/revisions"}],"predecessor-version":[{"id":75334,"href":"https:\/\/coelectrix.com\/pt-pt\/wp-json\/wp\/v2\/product\/74796\/revisions\/75334"}],"wp:featuredmedia":[{"embeddable":true,"href":"https:\/\/coelectrix.com\/pt-pt\/wp-json\/wp\/v2\/media\/73883"}],"wp:attachment":[{"href":"https:\/\/coelectrix.com\/pt-pt\/wp-json\/wp\/v2\/media?parent=74796"}],"wp:term":[{"taxonomy":"product_brand","embeddable":true,"href":"https:\/\/coelectrix.com\/pt-pt\/wp-json\/wp\/v2\/product_brand?post=74796"},{"taxonomy":"product_cat","embeddable":true,"href":"https:\/\/coelectrix.com\/pt-pt\/wp-json\/wp\/v2\/product_cat?post=74796"},{"taxonomy":"product_tag","embeddable":true,"href":"https:\/\/coelectrix.com\/pt-pt\/wp-json\/wp\/v2\/product_tag?post=74796"}],"curies":[{"name":"wp","href":"https:\/\/api.w.org\/{rel}","templated":true}]}}