{"id":74811,"date":"2018-11-09T12:32:18","date_gmt":"2018-11-09T11:32:18","guid":{"rendered":"https:\/\/coelectrix.com\/producto\/base-de-rele-de-potencia-automovel"},"modified":"2025-08-19T06:05:17","modified_gmt":"2025-08-19T04:05:17","slug":"base-de-rele-de-potencia-automovel","status":"publish","type":"product","link":"https:\/\/coelectrix.com\/pt-pt\/produto\/base-de-rele-de-potencia","title":{"rendered":"Base de rel\u00e9 de pot\u00eancia autom\u00f3vel"},"content":{"rendered":"<h1>Base para rel\u00e9 de pot\u00eancia<\/h1>\n<p>Base ou tomada para rel\u00e9 de pot\u00eancia<\/p>\n","protected":false},"excerpt":{"rendered":"<h2>Base ou Conector para rel\u00e9s de pot\u00eancia<\/h2>\n<p>Conector para rel\u00e9s de pot\u00eancia<\/p>\n<p>Liga\u00e7\u00e3o atrav\u00e9s de terminais Faston de 6,3 mm e 9,6 mm n\u00e3o inclu\u00eddos<\/p>\n<p><img decoding=\"async\" class=\"alignnone size-full wp-image-715\" src=\"https:\/\/www.coelectrix.com\/wp-content\/uploads\/2016\/09\/payment-logo-1.png\" alt=\"\" width=\"245\" height=\"62\" srcset=\"https:\/\/coelectrix.com\/wp-content\/uploads\/2016\/09\/payment-logo-1.png 245w, https:\/\/coelectrix.com\/wp-content\/uploads\/2016\/09\/payment-logo-1-64x16.png 64w\" sizes=\"(max-width: 245px) 100vw, 245px\" \/><\/p>\n","protected":false},"featured_media":72827,"template":"","meta":{"_acf_changed":false},"product_brand":[],"product_cat":[1375,1259,1383],"product_tag":[],"class_list":{"0":"post-74811","1":"product","2":"type-product","3":"status-publish","4":"has-post-thumbnail","6":"product_cat-base-do-rele","7":"product_cat-bases-de-rele-2","8":"product_cat-reles-pt","10":"first","11":"instock","12":"taxable","13":"shipping-taxable","14":"purchasable","15":"product-type-simple"},"acf":[],"yoast_head":"<!-- This site is optimized with the Yoast SEO plugin v27.2 - https:\/\/yoast.com\/product\/yoast-seo-wordpress\/ -->\n<title>\u25b7 Base de rel\u00e9 de pot\u00eancia autom\u00f3vel | Coelectrix.com<\/title>\n<meta name=\"description\" content=\"Tomada de rel\u00e9 de pot\u00eancia de 5 pinos para rel\u00e9 de pot\u00eancia do tipo autom\u00f3vel, Faston connection | Loja online de conectores e cabos para autom\u00f3veis.\" \/>\n<meta name=\"robots\" content=\"index, follow, max-snippet:-1, max-image-preview:large, max-video-preview:-1\" \/>\n<link rel=\"canonical\" href=\"https:\/\/coelectrix.com\/pt-pt\/produto\/base-de-rele-de-potencia\" \/>\n<meta property=\"og:locale\" content=\"pt_PT\" \/>\n<meta property=\"og:type\" content=\"article\" \/>\n<meta property=\"og:title\" content=\"\u25b7 Base de rel\u00e9 de pot\u00eancia autom\u00f3vel | Coelectrix.com\" \/>\n<meta property=\"og:description\" content=\"Tomada de rel\u00e9 de pot\u00eancia de 5 pinos para rel\u00e9 de pot\u00eancia do tipo autom\u00f3vel, Faston connection | Loja online de conectores e cabos para autom\u00f3veis.\" \/>\n<meta property=\"og:url\" content=\"https:\/\/coelectrix.com\/pt-pt\/produto\/base-de-rele-de-potencia\" \/>\n<meta property=\"og:site_name\" content=\"Coelectrix\" \/>\n<meta property=\"article:modified_time\" content=\"2025-08-19T04:05:17+00:00\" \/>\n<meta property=\"og:image\" content=\"https:\/\/coelectrix.com\/wp-content\/uploads\/2018\/11\/20181108_130544.jpg\" \/>\n\t<meta property=\"og:image:width\" content=\"2140\" \/>\n\t<meta property=\"og:image:height\" content=\"2196\" \/>\n\t<meta property=\"og:image:type\" content=\"image\/jpeg\" \/>\n<meta name=\"twitter:card\" content=\"summary_large_image\" \/>\n<script type=\"application\/ld+json\" class=\"yoast-schema-graph\">{\"@context\":\"https:\/\/schema.org\",\"@graph\":[{\"@type\":\"WebPage\",\"@id\":\"https:\/\/coelectrix.com\/pt-pt\/produto\/base-de-rele-de-potencia\",\"url\":\"https:\/\/coelectrix.com\/pt-pt\/produto\/base-de-rele-de-potencia\",\"name\":\"\u25b7 Base de rel\u00e9 de pot\u00eancia autom\u00f3vel | Coelectrix.com\",\"isPartOf\":{\"@id\":\"https:\/\/coelectrix.com\/pt-pt\/#website\"},\"primaryImageOfPage\":{\"@id\":\"https:\/\/coelectrix.com\/pt-pt\/produto\/base-de-rele-de-potencia#primaryimage\"},\"image\":{\"@id\":\"https:\/\/coelectrix.com\/pt-pt\/produto\/base-de-rele-de-potencia#primaryimage\"},\"thumbnailUrl\":\"https:\/\/coelectrix.com\/wp-content\/uploads\/2018\/11\/20181108_130544.jpg\",\"datePublished\":\"2018-11-09T11:32:18+00:00\",\"dateModified\":\"2025-08-19T04:05:17+00:00\",\"description\":\"Tomada de rel\u00e9 de pot\u00eancia de 5 pinos para rel\u00e9 de pot\u00eancia do tipo autom\u00f3vel, Faston connection | Loja online de conectores e cabos para autom\u00f3veis.\",\"breadcrumb\":{\"@id\":\"https:\/\/coelectrix.com\/pt-pt\/produto\/base-de-rele-de-potencia#breadcrumb\"},\"inLanguage\":\"pt-PT\",\"potentialAction\":[{\"@type\":\"ReadAction\",\"target\":[\"https:\/\/coelectrix.com\/pt-pt\/produto\/base-de-rele-de-potencia\"]}]},{\"@type\":\"ImageObject\",\"inLanguage\":\"pt-PT\",\"@id\":\"https:\/\/coelectrix.com\/pt-pt\/produto\/base-de-rele-de-potencia#primaryimage\",\"url\":\"https:\/\/coelectrix.com\/wp-content\/uploads\/2018\/11\/20181108_130544.jpg\",\"contentUrl\":\"https:\/\/coelectrix.com\/wp-content\/uploads\/2018\/11\/20181108_130544.jpg\",\"width\":2140,\"height\":2196,\"caption\":\"base do conetor do rel\u00e9\"},{\"@type\":\"BreadcrumbList\",\"@id\":\"https:\/\/coelectrix.com\/pt-pt\/produto\/base-de-rele-de-potencia#breadcrumb\",\"itemListElement\":[{\"@type\":\"ListItem\",\"position\":1,\"name\":\"Portada\",\"item\":\"https:\/\/coelectrix.com\/\"},{\"@type\":\"ListItem\",\"position\":2,\"name\":\"Loja\",\"item\":\"https:\/\/coelectrix.com\/pt-pt\/loja\"},{\"@type\":\"ListItem\",\"position\":3,\"name\":\"Base de rel\u00e9 de pot\u00eancia autom\u00f3vel\"}]},{\"@type\":\"WebSite\",\"@id\":\"https:\/\/coelectrix.com\/pt-pt\/#website\",\"url\":\"https:\/\/coelectrix.com\/pt-pt\/\",\"name\":\"Coelectrix\",\"description\":\"Componentes el\u00e9ctricos\",\"publisher\":{\"@id\":\"https:\/\/coelectrix.com\/pt-pt\/#organization\"},\"potentialAction\":[{\"@type\":\"SearchAction\",\"target\":{\"@type\":\"EntryPoint\",\"urlTemplate\":\"https:\/\/coelectrix.com\/pt-pt\/?s={search_term_string}\"},\"query-input\":{\"@type\":\"PropertyValueSpecification\",\"valueRequired\":true,\"valueName\":\"search_term_string\"}}],\"inLanguage\":\"pt-PT\"},{\"@type\":\"Organization\",\"@id\":\"https:\/\/coelectrix.com\/pt-pt\/#organization\",\"name\":\"coelectrix.com\",\"url\":\"https:\/\/coelectrix.com\/pt-pt\/\",\"logo\":{\"@type\":\"ImageObject\",\"inLanguage\":\"pt-PT\",\"@id\":\"https:\/\/coelectrix.com\/pt-pt\/#\/schema\/logo\/image\/\",\"url\":\"https:\/\/coelectrix.com\/wp-content\/uploads\/2018\/05\/logo-coelectrix-400x400.jpg\",\"contentUrl\":\"https:\/\/coelectrix.com\/wp-content\/uploads\/2018\/05\/logo-coelectrix-400x400.jpg\",\"width\":300,\"height\":300,\"caption\":\"coelectrix.com\"},\"image\":{\"@id\":\"https:\/\/coelectrix.com\/pt-pt\/#\/schema\/logo\/image\/\"}}]}<\/script>\n<!-- \/ Yoast SEO plugin. -->","yoast_head_json":{"title":"\u25b7 Base de rel\u00e9 de pot\u00eancia autom\u00f3vel | Coelectrix.com","description":"Tomada de rel\u00e9 de pot\u00eancia de 5 pinos para rel\u00e9 de pot\u00eancia do tipo autom\u00f3vel, Faston connection | Loja online de conectores e cabos para autom\u00f3veis.","robots":{"index":"index","follow":"follow","max-snippet":"max-snippet:-1","max-image-preview":"max-image-preview:large","max-video-preview":"max-video-preview:-1"},"canonical":"https:\/\/coelectrix.com\/pt-pt\/produto\/base-de-rele-de-potencia","og_locale":"pt_PT","og_type":"article","og_title":"\u25b7 Base de rel\u00e9 de pot\u00eancia autom\u00f3vel | Coelectrix.com","og_description":"Tomada de rel\u00e9 de pot\u00eancia de 5 pinos para rel\u00e9 de pot\u00eancia do tipo autom\u00f3vel, Faston connection | Loja online de conectores e cabos para autom\u00f3veis.","og_url":"https:\/\/coelectrix.com\/pt-pt\/produto\/base-de-rele-de-potencia","og_site_name":"Coelectrix","article_modified_time":"2025-08-19T04:05:17+00:00","og_image":[{"width":2140,"height":2196,"url":"https:\/\/coelectrix.com\/wp-content\/uploads\/2018\/11\/20181108_130544.jpg","type":"image\/jpeg"}],"twitter_card":"summary_large_image","schema":{"@context":"https:\/\/schema.org","@graph":[{"@type":"WebPage","@id":"https:\/\/coelectrix.com\/pt-pt\/produto\/base-de-rele-de-potencia","url":"https:\/\/coelectrix.com\/pt-pt\/produto\/base-de-rele-de-potencia","name":"\u25b7 Base de rel\u00e9 de pot\u00eancia autom\u00f3vel | Coelectrix.com","isPartOf":{"@id":"https:\/\/coelectrix.com\/pt-pt\/#website"},"primaryImageOfPage":{"@id":"https:\/\/coelectrix.com\/pt-pt\/produto\/base-de-rele-de-potencia#primaryimage"},"image":{"@id":"https:\/\/coelectrix.com\/pt-pt\/produto\/base-de-rele-de-potencia#primaryimage"},"thumbnailUrl":"https:\/\/coelectrix.com\/wp-content\/uploads\/2018\/11\/20181108_130544.jpg","datePublished":"2018-11-09T11:32:18+00:00","dateModified":"2025-08-19T04:05:17+00:00","description":"Tomada de rel\u00e9 de pot\u00eancia de 5 pinos para rel\u00e9 de pot\u00eancia do tipo autom\u00f3vel, Faston connection | Loja online de conectores e cabos para autom\u00f3veis.","breadcrumb":{"@id":"https:\/\/coelectrix.com\/pt-pt\/produto\/base-de-rele-de-potencia#breadcrumb"},"inLanguage":"pt-PT","potentialAction":[{"@type":"ReadAction","target":["https:\/\/coelectrix.com\/pt-pt\/produto\/base-de-rele-de-potencia"]}]},{"@type":"ImageObject","inLanguage":"pt-PT","@id":"https:\/\/coelectrix.com\/pt-pt\/produto\/base-de-rele-de-potencia#primaryimage","url":"https:\/\/coelectrix.com\/wp-content\/uploads\/2018\/11\/20181108_130544.jpg","contentUrl":"https:\/\/coelectrix.com\/wp-content\/uploads\/2018\/11\/20181108_130544.jpg","width":2140,"height":2196,"caption":"base do conetor do rel\u00e9"},{"@type":"BreadcrumbList","@id":"https:\/\/coelectrix.com\/pt-pt\/produto\/base-de-rele-de-potencia#breadcrumb","itemListElement":[{"@type":"ListItem","position":1,"name":"Portada","item":"https:\/\/coelectrix.com\/"},{"@type":"ListItem","position":2,"name":"Loja","item":"https:\/\/coelectrix.com\/pt-pt\/loja"},{"@type":"ListItem","position":3,"name":"Base de rel\u00e9 de pot\u00eancia autom\u00f3vel"}]},{"@type":"WebSite","@id":"https:\/\/coelectrix.com\/pt-pt\/#website","url":"https:\/\/coelectrix.com\/pt-pt\/","name":"Coelectrix","description":"Componentes el\u00e9ctricos","publisher":{"@id":"https:\/\/coelectrix.com\/pt-pt\/#organization"},"potentialAction":[{"@type":"SearchAction","target":{"@type":"EntryPoint","urlTemplate":"https:\/\/coelectrix.com\/pt-pt\/?s={search_term_string}"},"query-input":{"@type":"PropertyValueSpecification","valueRequired":true,"valueName":"search_term_string"}}],"inLanguage":"pt-PT"},{"@type":"Organization","@id":"https:\/\/coelectrix.com\/pt-pt\/#organization","name":"coelectrix.com","url":"https:\/\/coelectrix.com\/pt-pt\/","logo":{"@type":"ImageObject","inLanguage":"pt-PT","@id":"https:\/\/coelectrix.com\/pt-pt\/#\/schema\/logo\/image\/","url":"https:\/\/coelectrix.com\/wp-content\/uploads\/2018\/05\/logo-coelectrix-400x400.jpg","contentUrl":"https:\/\/coelectrix.com\/wp-content\/uploads\/2018\/05\/logo-coelectrix-400x400.jpg","width":300,"height":300,"caption":"coelectrix.com"},"image":{"@id":"https:\/\/coelectrix.com\/pt-pt\/#\/schema\/logo\/image\/"}}]}},"_links":{"self":[{"href":"https:\/\/coelectrix.com\/pt-pt\/wp-json\/wp\/v2\/product\/74811","targetHints":{"allow":["GET"]}}],"collection":[{"href":"https:\/\/coelectrix.com\/pt-pt\/wp-json\/wp\/v2\/product"}],"about":[{"href":"https:\/\/coelectrix.com\/pt-pt\/wp-json\/wp\/v2\/types\/product"}],"version-history":[{"count":1,"href":"https:\/\/coelectrix.com\/pt-pt\/wp-json\/wp\/v2\/product\/74811\/revisions"}],"predecessor-version":[{"id":75372,"href":"https:\/\/coelectrix.com\/pt-pt\/wp-json\/wp\/v2\/product\/74811\/revisions\/75372"}],"wp:featuredmedia":[{"embeddable":true,"href":"https:\/\/coelectrix.com\/pt-pt\/wp-json\/wp\/v2\/media\/72827"}],"wp:attachment":[{"href":"https:\/\/coelectrix.com\/pt-pt\/wp-json\/wp\/v2\/media?parent=74811"}],"wp:term":[{"taxonomy":"product_brand","embeddable":true,"href":"https:\/\/coelectrix.com\/pt-pt\/wp-json\/wp\/v2\/product_brand?post=74811"},{"taxonomy":"product_cat","embeddable":true,"href":"https:\/\/coelectrix.com\/pt-pt\/wp-json\/wp\/v2\/product_cat?post=74811"},{"taxonomy":"product_tag","embeddable":true,"href":"https:\/\/coelectrix.com\/pt-pt\/wp-json\/wp\/v2\/product_tag?post=74811"}],"curies":[{"name":"wp","href":"https:\/\/api.w.org\/{rel}","templated":true}]}}