{"id":74812,"date":"2017-08-24T12:03:06","date_gmt":"2017-08-24T10:03:06","guid":{"rendered":"https:\/\/coelectrix.com\/producto\/base-para-rele-automovel-ate-5-pinos"},"modified":"2025-08-19T06:05:22","modified_gmt":"2025-08-19T04:05:22","slug":"base-para-rele-automovel-ate-5-pinos","status":"publish","type":"product","link":"https:\/\/coelectrix.com\/pt-pt\/produto\/automotive-relay-base-5-pins","title":{"rendered":"Base para rel\u00e9 autom\u00f3vel at\u00e9 5 pinos"},"content":{"rendered":"<h1>Base para rel\u00e9 autom\u00f3vel de 5 pinos<\/h1>\n<p>Base ou soquete para rel\u00e9 automotivo de at\u00e9 5 pinos<\/p>\n","protected":false},"excerpt":{"rendered":"<h2>Base ou conetor para rel\u00e9s para autom\u00f3veis<\/h2>\n<p>Conector para rel\u00e9s at\u00e9 5 pinos<\/p>\n<p>Liga\u00e7\u00e3o atrav\u00e9s de terminais Faston de 6,3 mm<\/p>\n<p><img decoding=\"async\" class=\"alignnone size-full wp-image-715\" src=\"https:\/\/www.coelectrix.com\/wp-content\/uploads\/2016\/09\/payment-logo-1.png\" alt=\"\" width=\"245\" height=\"62\" srcset=\"https:\/\/coelectrix.com\/wp-content\/uploads\/2016\/09\/payment-logo-1.png 245w, https:\/\/coelectrix.com\/wp-content\/uploads\/2016\/09\/payment-logo-1-64x16.png 64w\" sizes=\"(max-width: 245px) 100vw, 245px\" \/><\/p>\n","protected":false},"featured_media":72660,"template":"","meta":{"_acf_changed":false},"product_brand":[],"product_cat":[1375,1259,1383],"product_tag":[],"class_list":{"0":"post-74812","1":"product","2":"type-product","3":"status-publish","4":"has-post-thumbnail","6":"product_cat-base-do-rele","7":"product_cat-bases-de-rele-2","8":"product_cat-reles-pt","10":"first","11":"instock","12":"taxable","13":"shipping-taxable","14":"purchasable","15":"product-type-simple"},"acf":[],"yoast_head":"<!-- This site is optimized with the Yoast SEO plugin v27.2 - https:\/\/yoast.com\/product\/yoast-seo-wordpress\/ -->\n<title>\u25b7 Base para rel\u00e9 autom\u00f3vel at\u00e9 5 pinos | Coelectrix.com<\/title>\n<meta name=\"description\" content=\"Comprar tomada de rel\u00e9 autom\u00f3vel de 5 pinos, Faston connection | Loja online de conectores e cabos para autom\u00f3veis.\" \/>\n<meta name=\"robots\" content=\"index, follow, max-snippet:-1, max-image-preview:large, max-video-preview:-1\" \/>\n<link rel=\"canonical\" href=\"https:\/\/coelectrix.com\/pt-pt\/produto\/automotive-relay-base-5-pins\" \/>\n<meta property=\"og:locale\" content=\"pt_PT\" \/>\n<meta property=\"og:type\" content=\"article\" \/>\n<meta property=\"og:title\" content=\"\u25b7 Base para rel\u00e9 autom\u00f3vel at\u00e9 5 pinos | Coelectrix.com\" \/>\n<meta property=\"og:description\" content=\"Comprar tomada de rel\u00e9 autom\u00f3vel de 5 pinos, Faston connection | Loja online de conectores e cabos para autom\u00f3veis.\" \/>\n<meta property=\"og:url\" content=\"https:\/\/coelectrix.com\/pt-pt\/produto\/automotive-relay-base-5-pins\" \/>\n<meta property=\"og:site_name\" content=\"Coelectrix\" \/>\n<meta property=\"article:modified_time\" content=\"2025-08-19T04:05:22+00:00\" \/>\n<meta property=\"og:image\" content=\"https:\/\/coelectrix.com\/wp-content\/uploads\/2017\/08\/BASE-PARA-RELE.jpg\" \/>\n\t<meta property=\"og:image:width\" content=\"300\" \/>\n\t<meta property=\"og:image:height\" content=\"300\" \/>\n\t<meta property=\"og:image:type\" content=\"image\/jpeg\" \/>\n<meta name=\"twitter:card\" content=\"summary_large_image\" \/>\n<script type=\"application\/ld+json\" class=\"yoast-schema-graph\">{\"@context\":\"https:\/\/schema.org\",\"@graph\":[{\"@type\":\"WebPage\",\"@id\":\"https:\/\/coelectrix.com\/pt-pt\/produto\/automotive-relay-base-5-pins\",\"url\":\"https:\/\/coelectrix.com\/pt-pt\/produto\/automotive-relay-base-5-pins\",\"name\":\"\u25b7 Base para rel\u00e9 autom\u00f3vel at\u00e9 5 pinos | Coelectrix.com\",\"isPartOf\":{\"@id\":\"https:\/\/coelectrix.com\/pt-pt\/#website\"},\"primaryImageOfPage\":{\"@id\":\"https:\/\/coelectrix.com\/pt-pt\/produto\/automotive-relay-base-5-pins#primaryimage\"},\"image\":{\"@id\":\"https:\/\/coelectrix.com\/pt-pt\/produto\/automotive-relay-base-5-pins#primaryimage\"},\"thumbnailUrl\":\"https:\/\/coelectrix.com\/wp-content\/uploads\/2017\/08\/BASE-PARA-RELE.jpg\",\"datePublished\":\"2017-08-24T10:03:06+00:00\",\"dateModified\":\"2025-08-19T04:05:22+00:00\",\"description\":\"Comprar tomada de rel\u00e9 autom\u00f3vel de 5 pinos, Faston connection | Loja online de conectores e cabos para autom\u00f3veis.\",\"breadcrumb\":{\"@id\":\"https:\/\/coelectrix.com\/pt-pt\/produto\/automotive-relay-base-5-pins#breadcrumb\"},\"inLanguage\":\"pt-PT\",\"potentialAction\":[{\"@type\":\"ReadAction\",\"target\":[\"https:\/\/coelectrix.com\/pt-pt\/produto\/automotive-relay-base-5-pins\"]}]},{\"@type\":\"ImageObject\",\"inLanguage\":\"pt-PT\",\"@id\":\"https:\/\/coelectrix.com\/pt-pt\/produto\/automotive-relay-base-5-pins#primaryimage\",\"url\":\"https:\/\/coelectrix.com\/wp-content\/uploads\/2017\/08\/BASE-PARA-RELE.jpg\",\"contentUrl\":\"https:\/\/coelectrix.com\/wp-content\/uploads\/2017\/08\/BASE-PARA-RELE.jpg\",\"width\":300,\"height\":300,\"caption\":\"base do rel\u00e9\"},{\"@type\":\"BreadcrumbList\",\"@id\":\"https:\/\/coelectrix.com\/pt-pt\/produto\/automotive-relay-base-5-pins#breadcrumb\",\"itemListElement\":[{\"@type\":\"ListItem\",\"position\":1,\"name\":\"Portada\",\"item\":\"https:\/\/coelectrix.com\/\"},{\"@type\":\"ListItem\",\"position\":2,\"name\":\"Loja\",\"item\":\"https:\/\/coelectrix.com\/pt-pt\/loja\"},{\"@type\":\"ListItem\",\"position\":3,\"name\":\"Base para rel\u00e9 autom\u00f3vel at\u00e9 5 pinos\"}]},{\"@type\":\"WebSite\",\"@id\":\"https:\/\/coelectrix.com\/pt-pt\/#website\",\"url\":\"https:\/\/coelectrix.com\/pt-pt\/\",\"name\":\"Coelectrix\",\"description\":\"Componentes el\u00e9ctricos\",\"publisher\":{\"@id\":\"https:\/\/coelectrix.com\/pt-pt\/#organization\"},\"potentialAction\":[{\"@type\":\"SearchAction\",\"target\":{\"@type\":\"EntryPoint\",\"urlTemplate\":\"https:\/\/coelectrix.com\/pt-pt\/?s={search_term_string}\"},\"query-input\":{\"@type\":\"PropertyValueSpecification\",\"valueRequired\":true,\"valueName\":\"search_term_string\"}}],\"inLanguage\":\"pt-PT\"},{\"@type\":\"Organization\",\"@id\":\"https:\/\/coelectrix.com\/pt-pt\/#organization\",\"name\":\"coelectrix.com\",\"url\":\"https:\/\/coelectrix.com\/pt-pt\/\",\"logo\":{\"@type\":\"ImageObject\",\"inLanguage\":\"pt-PT\",\"@id\":\"https:\/\/coelectrix.com\/pt-pt\/#\/schema\/logo\/image\/\",\"url\":\"https:\/\/coelectrix.com\/wp-content\/uploads\/2018\/05\/logo-coelectrix-400x400.jpg\",\"contentUrl\":\"https:\/\/coelectrix.com\/wp-content\/uploads\/2018\/05\/logo-coelectrix-400x400.jpg\",\"width\":300,\"height\":300,\"caption\":\"coelectrix.com\"},\"image\":{\"@id\":\"https:\/\/coelectrix.com\/pt-pt\/#\/schema\/logo\/image\/\"}}]}<\/script>\n<!-- \/ Yoast SEO plugin. -->","yoast_head_json":{"title":"\u25b7 Base para rel\u00e9 autom\u00f3vel at\u00e9 5 pinos | Coelectrix.com","description":"Comprar tomada de rel\u00e9 autom\u00f3vel de 5 pinos, Faston connection | Loja online de conectores e cabos para autom\u00f3veis.","robots":{"index":"index","follow":"follow","max-snippet":"max-snippet:-1","max-image-preview":"max-image-preview:large","max-video-preview":"max-video-preview:-1"},"canonical":"https:\/\/coelectrix.com\/pt-pt\/produto\/automotive-relay-base-5-pins","og_locale":"pt_PT","og_type":"article","og_title":"\u25b7 Base para rel\u00e9 autom\u00f3vel at\u00e9 5 pinos | Coelectrix.com","og_description":"Comprar tomada de rel\u00e9 autom\u00f3vel de 5 pinos, Faston connection | Loja online de conectores e cabos para autom\u00f3veis.","og_url":"https:\/\/coelectrix.com\/pt-pt\/produto\/automotive-relay-base-5-pins","og_site_name":"Coelectrix","article_modified_time":"2025-08-19T04:05:22+00:00","og_image":[{"width":300,"height":300,"url":"https:\/\/coelectrix.com\/wp-content\/uploads\/2017\/08\/BASE-PARA-RELE.jpg","type":"image\/jpeg"}],"twitter_card":"summary_large_image","schema":{"@context":"https:\/\/schema.org","@graph":[{"@type":"WebPage","@id":"https:\/\/coelectrix.com\/pt-pt\/produto\/automotive-relay-base-5-pins","url":"https:\/\/coelectrix.com\/pt-pt\/produto\/automotive-relay-base-5-pins","name":"\u25b7 Base para rel\u00e9 autom\u00f3vel at\u00e9 5 pinos | Coelectrix.com","isPartOf":{"@id":"https:\/\/coelectrix.com\/pt-pt\/#website"},"primaryImageOfPage":{"@id":"https:\/\/coelectrix.com\/pt-pt\/produto\/automotive-relay-base-5-pins#primaryimage"},"image":{"@id":"https:\/\/coelectrix.com\/pt-pt\/produto\/automotive-relay-base-5-pins#primaryimage"},"thumbnailUrl":"https:\/\/coelectrix.com\/wp-content\/uploads\/2017\/08\/BASE-PARA-RELE.jpg","datePublished":"2017-08-24T10:03:06+00:00","dateModified":"2025-08-19T04:05:22+00:00","description":"Comprar tomada de rel\u00e9 autom\u00f3vel de 5 pinos, Faston connection | Loja online de conectores e cabos para autom\u00f3veis.","breadcrumb":{"@id":"https:\/\/coelectrix.com\/pt-pt\/produto\/automotive-relay-base-5-pins#breadcrumb"},"inLanguage":"pt-PT","potentialAction":[{"@type":"ReadAction","target":["https:\/\/coelectrix.com\/pt-pt\/produto\/automotive-relay-base-5-pins"]}]},{"@type":"ImageObject","inLanguage":"pt-PT","@id":"https:\/\/coelectrix.com\/pt-pt\/produto\/automotive-relay-base-5-pins#primaryimage","url":"https:\/\/coelectrix.com\/wp-content\/uploads\/2017\/08\/BASE-PARA-RELE.jpg","contentUrl":"https:\/\/coelectrix.com\/wp-content\/uploads\/2017\/08\/BASE-PARA-RELE.jpg","width":300,"height":300,"caption":"base do rel\u00e9"},{"@type":"BreadcrumbList","@id":"https:\/\/coelectrix.com\/pt-pt\/produto\/automotive-relay-base-5-pins#breadcrumb","itemListElement":[{"@type":"ListItem","position":1,"name":"Portada","item":"https:\/\/coelectrix.com\/"},{"@type":"ListItem","position":2,"name":"Loja","item":"https:\/\/coelectrix.com\/pt-pt\/loja"},{"@type":"ListItem","position":3,"name":"Base para rel\u00e9 autom\u00f3vel at\u00e9 5 pinos"}]},{"@type":"WebSite","@id":"https:\/\/coelectrix.com\/pt-pt\/#website","url":"https:\/\/coelectrix.com\/pt-pt\/","name":"Coelectrix","description":"Componentes el\u00e9ctricos","publisher":{"@id":"https:\/\/coelectrix.com\/pt-pt\/#organization"},"potentialAction":[{"@type":"SearchAction","target":{"@type":"EntryPoint","urlTemplate":"https:\/\/coelectrix.com\/pt-pt\/?s={search_term_string}"},"query-input":{"@type":"PropertyValueSpecification","valueRequired":true,"valueName":"search_term_string"}}],"inLanguage":"pt-PT"},{"@type":"Organization","@id":"https:\/\/coelectrix.com\/pt-pt\/#organization","name":"coelectrix.com","url":"https:\/\/coelectrix.com\/pt-pt\/","logo":{"@type":"ImageObject","inLanguage":"pt-PT","@id":"https:\/\/coelectrix.com\/pt-pt\/#\/schema\/logo\/image\/","url":"https:\/\/coelectrix.com\/wp-content\/uploads\/2018\/05\/logo-coelectrix-400x400.jpg","contentUrl":"https:\/\/coelectrix.com\/wp-content\/uploads\/2018\/05\/logo-coelectrix-400x400.jpg","width":300,"height":300,"caption":"coelectrix.com"},"image":{"@id":"https:\/\/coelectrix.com\/pt-pt\/#\/schema\/logo\/image\/"}}]}},"_links":{"self":[{"href":"https:\/\/coelectrix.com\/pt-pt\/wp-json\/wp\/v2\/product\/74812","targetHints":{"allow":["GET"]}}],"collection":[{"href":"https:\/\/coelectrix.com\/pt-pt\/wp-json\/wp\/v2\/product"}],"about":[{"href":"https:\/\/coelectrix.com\/pt-pt\/wp-json\/wp\/v2\/types\/product"}],"version-history":[{"count":1,"href":"https:\/\/coelectrix.com\/pt-pt\/wp-json\/wp\/v2\/product\/74812\/revisions"}],"predecessor-version":[{"id":75376,"href":"https:\/\/coelectrix.com\/pt-pt\/wp-json\/wp\/v2\/product\/74812\/revisions\/75376"}],"wp:featuredmedia":[{"embeddable":true,"href":"https:\/\/coelectrix.com\/pt-pt\/wp-json\/wp\/v2\/media\/72660"}],"wp:attachment":[{"href":"https:\/\/coelectrix.com\/pt-pt\/wp-json\/wp\/v2\/media?parent=74812"}],"wp:term":[{"taxonomy":"product_brand","embeddable":true,"href":"https:\/\/coelectrix.com\/pt-pt\/wp-json\/wp\/v2\/product_brand?post=74812"},{"taxonomy":"product_cat","embeddable":true,"href":"https:\/\/coelectrix.com\/pt-pt\/wp-json\/wp\/v2\/product_cat?post=74812"},{"taxonomy":"product_tag","embeddable":true,"href":"https:\/\/coelectrix.com\/pt-pt\/wp-json\/wp\/v2\/product_tag?post=74812"}],"curies":[{"name":"wp","href":"https:\/\/api.w.org\/{rel}","templated":true}]}}