{"id":74814,"date":"2023-04-01T10:40:17","date_gmt":"2023-04-01T08:40:17","guid":{"rendered":"https:\/\/coelectrix.com\/producto\/bateria-agm-90ah-12v-de-ciclo-profundo-victron-energy"},"modified":"2025-08-19T06:01:57","modified_gmt":"2025-08-19T04:01:57","slug":"bateria-agm-90ah-12v-de-ciclo-profundo-victron-energy","status":"publish","type":"product","link":"https:\/\/coelectrix.com\/pt-pt\/produto\/bateria-agm-90ah-12v-deep-cycle-victron-energy","title":{"rendered":"Bateria AGM 90Ah 12v de ciclo profundo Victron Energy"},"content":{"rendered":"<h2><strong>Bateria 90Ah 12V. Ciclo profundo AGM Victron Energy<\/strong><\/h2>\n<div>A<strong> bateria AGM 12V 90Ah da Victron Energy<\/strong> \u00e9 uma tens\u00e3o de 12V, do tipo monobloco selado e, por conseguinte, isenta de manuten\u00e7\u00e3o, ideal para alimentar dispositivos de baixa pot\u00eancia, tais como: alarmes, ilumina\u00e7\u00e3o, sistemas de telecomunica\u00e7\u00f5es, televis\u00e3o, computador port\u00e1til, frigor\u00edfico pequeno, carregador de telem\u00f3vel, r\u00e1dio, etc. e, por conseguinte, ideal para utiliza\u00e7\u00e3o em caravanas e pequenas instala\u00e7\u00f5es fotovoltaicas.<\/div>\n<div><\/div>\n<div>A tecnologia AGM (Absorbed Glass Mat) significa que a bateria pode ser utilizada sem o risco de derrame de eletr\u00f3lito devido a movimento ou desloca\u00e7\u00e3o. A bateria AGM 12V 165Ah <a href=\"https:\/\/coelectrix.com\/pt-pt\/victron-energia\">da Victron Energy<\/a> n\u00e3o emite gases, uma vez que o eletr\u00f3lito est\u00e1 embebido numa membrana em vez de estar no estado l\u00edquido, o que a torna uma bateria muito segura para qualquer utiliza\u00e7\u00e3o e para utiliza\u00e7\u00e3o no interior em espa\u00e7os pouco ventilados.<\/div>\n<div><\/div>\n<div>A <strong>bateria Victron Energy AGM 12V 90Ah<\/strong> tem uma vida \u00fatil aproximada de 1200 ciclos com descargas de 30%, o que a torna numa das baterias mais duradouras em compara\u00e7\u00e3o com outros modelos de capacidade semelhante. Por outro lado, se a descarregarmos a mais de 50%, reduzimos o seu n\u00famero de ciclos para menos de metade. \u00c9 preciso ter sempre em conta que os ciclos de vida da bateria est\u00e3o diretamente relacionados com a profundidade de descarga da bateria.<\/div>\n<div><\/div>\n<h3><strong>Como utilizar a bateria AGM 90Ah da Victron Energy<\/strong><\/h3>\n<div>A bateria Victron Energy AGM 12V 90Ah <strong>n\u00e3o necessita de manuten\u00e7\u00e3o<\/strong>. Como \u00e9 uma bateria selada, n\u00e3o \u00e9 necess\u00e1rio monitorizar o n\u00edvel de \u00e1gua, como \u00e9 o caso das baterias de chumbo-\u00e1cido abertas. A bateria AGM 12V 90Ah Victron Energy recombina os gases que s\u00e3o gerados, evitando assim a necessidade de a reabastecer com \u00e1gua de vez em quando.<\/div>\n<div><\/div>\n<div>Se a Bateria AGM 12V 90Ah Victron Energy for carregada atrav\u00e9s de um sistema de energia solar ou atrav\u00e9s de um kit solar fora da rede, a instala\u00e7\u00e3o solar deve ser corretamente dimensionada para que a bateria possa ter uma longa vida \u00fatil. Se a bateria for carregada utilizando um carregador de bateria convencional, o carregador n\u00e3o deve exceder 15% da capacidade da bateria. Por exemplo, se for uma bateria de 100Ah, o carregador de bateria n\u00e3o deve exceder 15Ah de corrente. Desta forma, evita-se a forma\u00e7\u00e3o excessiva de g\u00e1s no interior da bateria, o que poderia levar \u00e0 deforma\u00e7\u00e3o do contentor.<\/div>\n<div><\/div>\n<div>Carregue sempre a bateria Victron Energy AGM 12V 90Ah <strong>atrav\u00e9s de um regulador de carga<\/strong> ou carregador de bateria para manter a tens\u00e3o dentro dos n\u00edveis adequados, neste caso entre 13,6 e 13,8V na fase de flutua\u00e7\u00e3o. Estas baterias AGM n\u00e3o requerem equaliza\u00e7\u00e3o, pelo que tem de ter em conta que a bateria n\u00e3o deve exceder 14,4 V no processo de carregamento.<\/div>\n<div><\/div>\n<div>Ao instalar a Bateria AGM 12V 90Ah da Victron Energy, certifique-se de que os cabos de liga\u00e7\u00e3o fazem <strong>um bom contacto com os terminais<\/strong> da bateria. Para o fazer, aperte os parafusos que v\u00eam na caixa. Existem modelos de baterias que possuem um terminal equivalente ao encontrado nas baterias de ve\u00edculos, pelo que ser\u00e1 necess\u00e1rio ter alguns terminais. Se n\u00e3o for esse o caso, pode adquiri-los no nosso s\u00edtio Web, nesta liga\u00e7\u00e3o.<\/div>\n<div><\/div>\n<div><strong>\u00c9 aconselh\u00e1vel n\u00e3o descarregar mais de 60% da capacidade da bateria ou abaixo de 11,5v, caso contr\u00e1rio a bateria estar\u00e1 a perder capacidade de forma precipitada. Para evitar isto, recomendamos a instala\u00e7\u00e3o de um <a href=\"https:\/\/coelectrix.com\/pt-pt?post_type=product&#038;p=74840\" target=\"_blank\" rel=\"noopener\">protetor de bateria<\/a> e a limita\u00e7\u00e3o da utiliza\u00e7\u00e3o abaixo dos 11,5v.<\/strong><\/div>\n<div><\/div>\n<p>Dimens\u00f5es: L350 x W167 x H183mm<br \/>\nPeso: 27kg.<br \/>\nGarantia: 2 anos<br \/>\nTerminais planos de cobre com pinos M8<\/p>\n<p><a href=\"https:\/\/coelectrix.com\/wp-content\/uploads\/2022\/03\/Datasheet-GEL-and-AGM-Batteries-ES.pdf\" target=\"_blank\" rel=\"noopener\">Descarregar ficha de dados 1<\/a><br \/>\n<a href=\"https:\/\/coelectrix.com\/wp-content\/uploads\/2022\/03\/Datasheet_GEL_and_AGM_Batteries_ES_db2b.pdf\" target=\"_blank\" rel=\"noopener\">Descarregar ficha de dados 2<\/a><\/p>\n<p><strong>Bateria AGM 90Ah 12v Deep Cycle Victron Energy 12v<\/strong> ideal como bateria de servi\u00e7o em Camper, caravana, 4&#215;4 ou energia solar.<\/p>\n","protected":false},"excerpt":{"rendered":"<p><strong>Bateria Victron Energy AGM 90Ah 12v Ciclo Profundo 12v<\/strong><\/p>\n<p>A Bateria AGM 12V 90Ah Victron Energy AGM \u00e9 uma bateria perfeita para muitos tipos de utiliza\u00e7\u00e3o, uma vez que a tecnologia AGM (Absorbed Glass Mat) permite que seja utilizada sem o perigo de derrame de eletr\u00f3lito causado por movimento ou deslocamento. A Bateria AGM 12V 90Ah Victron Energy n\u00e3o emite gases, uma vez que o eletr\u00f3lito est\u00e1 embebido numa membrana em vez de estar em estado l\u00edquido, o que a torna uma bateria muito segura para qualquer utiliza\u00e7\u00e3o e para estar dentro de casa em espa\u00e7os pouco ventilados.<\/p>\n","protected":false},"featured_media":74138,"template":"","meta":{"_acf_changed":false},"product_brand":[],"product_cat":[1260,1346,1338],"product_tag":[1445],"class_list":{"0":"post-74814","1":"product","2":"type-product","3":"status-publish","4":"has-post-thumbnail","6":"product_cat-baterias-agm-2","7":"product_cat-baterias-agm-e-de-litio","8":"product_cat-victron-energia","9":"product_tag-victron-pt","10":"product_shipping_class-baterias","12":"first","13":"instock","14":"taxable","15":"shipping-taxable","16":"purchasable","17":"product-type-simple"},"acf":[],"yoast_head":"<!-- This site is optimized with the Yoast SEO plugin v27.2 - https:\/\/yoast.com\/product\/yoast-seo-wordpress\/ -->\n<title>\u25b7 Bateria AGM 90Ah 12v de ciclo profundo Victron Energy % % %%.<\/title>\n<meta name=\"description\" content=\"Bateria AGM 90Ah 12v Deep Cycle Victron Energy 12v para caravana, autocaravana, solar, caravana \u27a4 Sem manuten\u00e7\u00e3o \u27a4 Entrega em 24\/48 horas.\" \/>\n<meta name=\"robots\" content=\"index, follow, max-snippet:-1, max-image-preview:large, max-video-preview:-1\" \/>\n<link rel=\"canonical\" href=\"https:\/\/coelectrix.com\/pt-pt\/produto\/bateria-agm-90ah-12v-deep-cycle-victron-energy\" \/>\n<meta property=\"og:locale\" content=\"pt_PT\" \/>\n<meta property=\"og:type\" content=\"article\" \/>\n<meta property=\"og:title\" content=\"\u25b7 Bateria AGM 90Ah 12v de ciclo profundo Victron Energy % % %%.\" \/>\n<meta property=\"og:description\" content=\"Bateria AGM 90Ah 12v Deep Cycle Victron Energy 12v para caravana, autocaravana, solar, caravana \u27a4 Sem manuten\u00e7\u00e3o \u27a4 Entrega em 24\/48 horas.\" \/>\n<meta property=\"og:url\" content=\"https:\/\/coelectrix.com\/pt-pt\/produto\/bateria-agm-90ah-12v-deep-cycle-victron-energy\" \/>\n<meta property=\"og:site_name\" content=\"Coelectrix\" \/>\n<meta property=\"article:modified_time\" content=\"2025-08-19T04:01:57+00:00\" \/>\n<meta property=\"og:image\" content=\"https:\/\/coelectrix.com\/wp-content\/uploads\/2023\/04\/bateria-agm-90ah-victron-energy.jpg\" \/>\n\t<meta property=\"og:image:width\" content=\"600\" \/>\n\t<meta property=\"og:image:height\" content=\"600\" \/>\n\t<meta property=\"og:image:type\" content=\"image\/jpeg\" \/>\n<meta name=\"twitter:card\" content=\"summary_large_image\" \/>\n<meta name=\"twitter:label1\" content=\"Tempo estimado de leitura\" \/>\n\t<meta name=\"twitter:data1\" content=\"3 minutos\" \/>\n<script type=\"application\/ld+json\" class=\"yoast-schema-graph\">{\"@context\":\"https:\/\/schema.org\",\"@graph\":[{\"@type\":\"WebPage\",\"@id\":\"https:\/\/coelectrix.com\/pt-pt\/produto\/bateria-agm-90ah-12v-deep-cycle-victron-energy\",\"url\":\"https:\/\/coelectrix.com\/pt-pt\/produto\/bateria-agm-90ah-12v-deep-cycle-victron-energy\",\"name\":\"\u25b7 Bateria AGM 90Ah 12v de ciclo profundo Victron Energy % % %%.\",\"isPartOf\":{\"@id\":\"https:\/\/coelectrix.com\/pt-pt\/#website\"},\"primaryImageOfPage\":{\"@id\":\"https:\/\/coelectrix.com\/pt-pt\/produto\/bateria-agm-90ah-12v-deep-cycle-victron-energy#primaryimage\"},\"image\":{\"@id\":\"https:\/\/coelectrix.com\/pt-pt\/produto\/bateria-agm-90ah-12v-deep-cycle-victron-energy#primaryimage\"},\"thumbnailUrl\":\"https:\/\/coelectrix.com\/wp-content\/uploads\/2023\/04\/bateria-agm-90ah-victron-energy.jpg\",\"datePublished\":\"2023-04-01T08:40:17+00:00\",\"dateModified\":\"2025-08-19T04:01:57+00:00\",\"description\":\"Bateria AGM 90Ah 12v Deep Cycle Victron Energy 12v para caravana, autocaravana, solar, caravana \u27a4 Sem manuten\u00e7\u00e3o \u27a4 Entrega em 24\/48 horas.\",\"breadcrumb\":{\"@id\":\"https:\/\/coelectrix.com\/pt-pt\/produto\/bateria-agm-90ah-12v-deep-cycle-victron-energy#breadcrumb\"},\"inLanguage\":\"pt-PT\",\"potentialAction\":[{\"@type\":\"ReadAction\",\"target\":[\"https:\/\/coelectrix.com\/pt-pt\/produto\/bateria-agm-90ah-12v-deep-cycle-victron-energy\"]}]},{\"@type\":\"ImageObject\",\"inLanguage\":\"pt-PT\",\"@id\":\"https:\/\/coelectrix.com\/pt-pt\/produto\/bateria-agm-90ah-12v-deep-cycle-victron-energy#primaryimage\",\"url\":\"https:\/\/coelectrix.com\/wp-content\/uploads\/2023\/04\/bateria-agm-90ah-victron-energy.jpg\",\"contentUrl\":\"https:\/\/coelectrix.com\/wp-content\/uploads\/2023\/04\/bateria-agm-90ah-victron-energy.jpg\",\"width\":600,\"height\":600,\"caption\":\"comprar bateria AGM 12V 90Ah Victron Energy\"},{\"@type\":\"BreadcrumbList\",\"@id\":\"https:\/\/coelectrix.com\/pt-pt\/produto\/bateria-agm-90ah-12v-deep-cycle-victron-energy#breadcrumb\",\"itemListElement\":[{\"@type\":\"ListItem\",\"position\":1,\"name\":\"Portada\",\"item\":\"https:\/\/coelectrix.com\/\"},{\"@type\":\"ListItem\",\"position\":2,\"name\":\"Loja\",\"item\":\"https:\/\/coelectrix.com\/pt-pt\/loja\"},{\"@type\":\"ListItem\",\"position\":3,\"name\":\"Bateria AGM 90Ah 12v de ciclo profundo Victron Energy\"}]},{\"@type\":\"WebSite\",\"@id\":\"https:\/\/coelectrix.com\/pt-pt\/#website\",\"url\":\"https:\/\/coelectrix.com\/pt-pt\/\",\"name\":\"Coelectrix\",\"description\":\"Componentes el\u00e9ctricos\",\"publisher\":{\"@id\":\"https:\/\/coelectrix.com\/pt-pt\/#organization\"},\"potentialAction\":[{\"@type\":\"SearchAction\",\"target\":{\"@type\":\"EntryPoint\",\"urlTemplate\":\"https:\/\/coelectrix.com\/pt-pt\/?s={search_term_string}\"},\"query-input\":{\"@type\":\"PropertyValueSpecification\",\"valueRequired\":true,\"valueName\":\"search_term_string\"}}],\"inLanguage\":\"pt-PT\"},{\"@type\":\"Organization\",\"@id\":\"https:\/\/coelectrix.com\/pt-pt\/#organization\",\"name\":\"coelectrix.com\",\"url\":\"https:\/\/coelectrix.com\/pt-pt\/\",\"logo\":{\"@type\":\"ImageObject\",\"inLanguage\":\"pt-PT\",\"@id\":\"https:\/\/coelectrix.com\/pt-pt\/#\/schema\/logo\/image\/\",\"url\":\"https:\/\/coelectrix.com\/wp-content\/uploads\/2018\/05\/logo-coelectrix-400x400.jpg\",\"contentUrl\":\"https:\/\/coelectrix.com\/wp-content\/uploads\/2018\/05\/logo-coelectrix-400x400.jpg\",\"width\":300,\"height\":300,\"caption\":\"coelectrix.com\"},\"image\":{\"@id\":\"https:\/\/coelectrix.com\/pt-pt\/#\/schema\/logo\/image\/\"}}]}<\/script>\n<!-- \/ Yoast SEO plugin. -->","yoast_head_json":{"title":"\u25b7 Bateria AGM 90Ah 12v de ciclo profundo Victron Energy % % %%.","description":"Bateria AGM 90Ah 12v Deep Cycle Victron Energy 12v para caravana, autocaravana, solar, caravana \u27a4 Sem manuten\u00e7\u00e3o \u27a4 Entrega em 24\/48 horas.","robots":{"index":"index","follow":"follow","max-snippet":"max-snippet:-1","max-image-preview":"max-image-preview:large","max-video-preview":"max-video-preview:-1"},"canonical":"https:\/\/coelectrix.com\/pt-pt\/produto\/bateria-agm-90ah-12v-deep-cycle-victron-energy","og_locale":"pt_PT","og_type":"article","og_title":"\u25b7 Bateria AGM 90Ah 12v de ciclo profundo Victron Energy % % %%.","og_description":"Bateria AGM 90Ah 12v Deep Cycle Victron Energy 12v para caravana, autocaravana, solar, caravana \u27a4 Sem manuten\u00e7\u00e3o \u27a4 Entrega em 24\/48 horas.","og_url":"https:\/\/coelectrix.com\/pt-pt\/produto\/bateria-agm-90ah-12v-deep-cycle-victron-energy","og_site_name":"Coelectrix","article_modified_time":"2025-08-19T04:01:57+00:00","og_image":[{"width":600,"height":600,"url":"https:\/\/coelectrix.com\/wp-content\/uploads\/2023\/04\/bateria-agm-90ah-victron-energy.jpg","type":"image\/jpeg"}],"twitter_card":"summary_large_image","twitter_misc":{"Tempo estimado de leitura":"3 minutos"},"schema":{"@context":"https:\/\/schema.org","@graph":[{"@type":"WebPage","@id":"https:\/\/coelectrix.com\/pt-pt\/produto\/bateria-agm-90ah-12v-deep-cycle-victron-energy","url":"https:\/\/coelectrix.com\/pt-pt\/produto\/bateria-agm-90ah-12v-deep-cycle-victron-energy","name":"\u25b7 Bateria AGM 90Ah 12v de ciclo profundo Victron Energy % % %%.","isPartOf":{"@id":"https:\/\/coelectrix.com\/pt-pt\/#website"},"primaryImageOfPage":{"@id":"https:\/\/coelectrix.com\/pt-pt\/produto\/bateria-agm-90ah-12v-deep-cycle-victron-energy#primaryimage"},"image":{"@id":"https:\/\/coelectrix.com\/pt-pt\/produto\/bateria-agm-90ah-12v-deep-cycle-victron-energy#primaryimage"},"thumbnailUrl":"https:\/\/coelectrix.com\/wp-content\/uploads\/2023\/04\/bateria-agm-90ah-victron-energy.jpg","datePublished":"2023-04-01T08:40:17+00:00","dateModified":"2025-08-19T04:01:57+00:00","description":"Bateria AGM 90Ah 12v Deep Cycle Victron Energy 12v para caravana, autocaravana, solar, caravana \u27a4 Sem manuten\u00e7\u00e3o \u27a4 Entrega em 24\/48 horas.","breadcrumb":{"@id":"https:\/\/coelectrix.com\/pt-pt\/produto\/bateria-agm-90ah-12v-deep-cycle-victron-energy#breadcrumb"},"inLanguage":"pt-PT","potentialAction":[{"@type":"ReadAction","target":["https:\/\/coelectrix.com\/pt-pt\/produto\/bateria-agm-90ah-12v-deep-cycle-victron-energy"]}]},{"@type":"ImageObject","inLanguage":"pt-PT","@id":"https:\/\/coelectrix.com\/pt-pt\/produto\/bateria-agm-90ah-12v-deep-cycle-victron-energy#primaryimage","url":"https:\/\/coelectrix.com\/wp-content\/uploads\/2023\/04\/bateria-agm-90ah-victron-energy.jpg","contentUrl":"https:\/\/coelectrix.com\/wp-content\/uploads\/2023\/04\/bateria-agm-90ah-victron-energy.jpg","width":600,"height":600,"caption":"comprar bateria AGM 12V 90Ah Victron Energy"},{"@type":"BreadcrumbList","@id":"https:\/\/coelectrix.com\/pt-pt\/produto\/bateria-agm-90ah-12v-deep-cycle-victron-energy#breadcrumb","itemListElement":[{"@type":"ListItem","position":1,"name":"Portada","item":"https:\/\/coelectrix.com\/"},{"@type":"ListItem","position":2,"name":"Loja","item":"https:\/\/coelectrix.com\/pt-pt\/loja"},{"@type":"ListItem","position":3,"name":"Bateria AGM 90Ah 12v de ciclo profundo Victron Energy"}]},{"@type":"WebSite","@id":"https:\/\/coelectrix.com\/pt-pt\/#website","url":"https:\/\/coelectrix.com\/pt-pt\/","name":"Coelectrix","description":"Componentes el\u00e9ctricos","publisher":{"@id":"https:\/\/coelectrix.com\/pt-pt\/#organization"},"potentialAction":[{"@type":"SearchAction","target":{"@type":"EntryPoint","urlTemplate":"https:\/\/coelectrix.com\/pt-pt\/?s={search_term_string}"},"query-input":{"@type":"PropertyValueSpecification","valueRequired":true,"valueName":"search_term_string"}}],"inLanguage":"pt-PT"},{"@type":"Organization","@id":"https:\/\/coelectrix.com\/pt-pt\/#organization","name":"coelectrix.com","url":"https:\/\/coelectrix.com\/pt-pt\/","logo":{"@type":"ImageObject","inLanguage":"pt-PT","@id":"https:\/\/coelectrix.com\/pt-pt\/#\/schema\/logo\/image\/","url":"https:\/\/coelectrix.com\/wp-content\/uploads\/2018\/05\/logo-coelectrix-400x400.jpg","contentUrl":"https:\/\/coelectrix.com\/wp-content\/uploads\/2018\/05\/logo-coelectrix-400x400.jpg","width":300,"height":300,"caption":"coelectrix.com"},"image":{"@id":"https:\/\/coelectrix.com\/pt-pt\/#\/schema\/logo\/image\/"}}]}},"_links":{"self":[{"href":"https:\/\/coelectrix.com\/pt-pt\/wp-json\/wp\/v2\/product\/74814","targetHints":{"allow":["GET"]}}],"collection":[{"href":"https:\/\/coelectrix.com\/pt-pt\/wp-json\/wp\/v2\/product"}],"about":[{"href":"https:\/\/coelectrix.com\/pt-pt\/wp-json\/wp\/v2\/types\/product"}],"version-history":[{"count":3,"href":"https:\/\/coelectrix.com\/pt-pt\/wp-json\/wp\/v2\/product\/74814\/revisions"}],"predecessor-version":[{"id":76667,"href":"https:\/\/coelectrix.com\/pt-pt\/wp-json\/wp\/v2\/product\/74814\/revisions\/76667"}],"wp:featuredmedia":[{"embeddable":true,"href":"https:\/\/coelectrix.com\/pt-pt\/wp-json\/wp\/v2\/media\/74138"}],"wp:attachment":[{"href":"https:\/\/coelectrix.com\/pt-pt\/wp-json\/wp\/v2\/media?parent=74814"}],"wp:term":[{"taxonomy":"product_brand","embeddable":true,"href":"https:\/\/coelectrix.com\/pt-pt\/wp-json\/wp\/v2\/product_brand?post=74814"},{"taxonomy":"product_cat","embeddable":true,"href":"https:\/\/coelectrix.com\/pt-pt\/wp-json\/wp\/v2\/product_cat?post=74814"},{"taxonomy":"product_tag","embeddable":true,"href":"https:\/\/coelectrix.com\/pt-pt\/wp-json\/wp\/v2\/product_tag?post=74814"}],"curies":[{"name":"wp","href":"https:\/\/api.w.org\/{rel}","templated":true}]}}