{"id":74817,"date":"2022-03-26T08:13:49","date_gmt":"2022-03-26T07:13:49","guid":{"rendered":"https:\/\/coelectrix.com\/producto\/bateria-de-ciclo-profundo-agm-110ah-12v-victron-energy"},"modified":"2025-08-19T06:03:03","modified_gmt":"2025-08-19T04:03:03","slug":"bateria-de-ciclo-profundo-agm-110ah-12v-victron-energy","status":"publish","type":"product","link":"https:\/\/coelectrix.com\/pt-pt\/produto\/bateria-agm-110ah-12v-deep-cycle-victron-energy-12v","title":{"rendered":"Bateria de ciclo profundo AGM 110Ah 12v Victron Energy"},"content":{"rendered":"<h2><strong>Bateria 110Ah 12V. Ciclo profundo AGM Victron Energy<\/strong><\/h2>\n<p><strong>Bateria com tecnologia VRLA.<\/strong><br \/>\nVRLA significa Valve Regulated Lead Acid (\u00e1cido de chumbo regulado por v\u00e1lvula), o que significa que a bateria \u00e9 herm\u00e9tica.<br \/>\nHaver\u00e1 fuga de g\u00e1s nas v\u00e1lvulas de seguran\u00e7a apenas em caso de sobrecarga ou falha de componentes.<br \/>\nAs baterias VRLA n\u00e3o requerem qualquer manuten\u00e7\u00e3o.<\/p>\n<p><strong>Bateria selada AGM (VRLA).<\/strong><br \/>\nAGM significa Absorbent Glass Mat (tapete de vidro absorvente). Nestas baterias, o eletr\u00f3lito \u00e9 absorvido por a\u00e7\u00e3o capilar num tapete de fibra de vidro entre as placas. As baterias AGM s\u00e3o mais adequadas para fornecer correntes muito elevadas durante per\u00edodos curtos (arranque) do que as baterias de gel.<\/p>\n<p><strong>Baixa auto-descarga.<\/strong><br \/>\nGra\u00e7as \u00e0 utiliza\u00e7\u00e3o de grelhas de chumbo-c\u00e1lcio e materiais de elevada pureza, as baterias Victron VRLA podem ser armazenadas durante longos per\u00edodos sem recarga. A taxa de auto-descarga \u00e9 inferior a 2% por m\u00eas a 20\u00baC. A auto-descarga duplica por cada 10\u00b0C de aumento na temperatura. Num ambiente fresco, as baterias Victron VRLA podem ser armazenadas durante um ano sem recarga.<\/p>\n<p>Devido \u00e0 utiliza\u00e7\u00e3o de materiais de elevada pureza e grelhas de chumbo-c\u00e1lcio, as<strong> baterias AGM e GEL<\/strong> t\u00eam uma auto-descarga muito baixa, permitindo longos per\u00edodos de armazenamento sem carregamento. Ambas as gamas t\u00eam terminais planos de cobre com parafusos M8, assegurando o melhor contacto poss\u00edvel e eliminando a necessidade de terminais de bateria. As baterias est\u00e3o em conformidade com as normas CE e UL com contentores ABS resistentes ao fogo e incluem a garantia de dois anos da Victron Energy com cobertura mundial.<\/p>\n<p><strong>\u00c9 aconselh\u00e1vel n\u00e3o descarregar mais de 60% da capacidade da bateria ou abaixo de 11,5 V, caso contr\u00e1rio a bateria estar\u00e1 a perder capacidade de forma abrupta. Para evitar isto, recomendamos a instala\u00e7\u00e3o de um <a href=\"https:\/\/coelectrix.com\/pt-pt?post_type=product&#038;p=74840\" target=\"_blank\" rel=\"noopener\">protetor de bateria<\/a> e a limita\u00e7\u00e3o da utiliza\u00e7\u00e3o abaixo dos 11,5 V.<\/strong><\/p>\n<p>Dimens\u00f5es: 330*17*22cm.<br \/>\nPeso: 32kg.<br \/>\nGarantia: 2 anos<br \/>\nTerminais planos de cobre com parafusos M8<\/p>\n<p><a href=\"https:\/\/coelectrix.com\/wp-content\/uploads\/2022\/03\/Datasheet_AGM_Super_Cycle_battery_ES_8fea.pdf\" target=\"_blank\" rel=\"noopener\">Descarregar a ficha t\u00e9cnica 1<\/a><br \/>\n<a href=\"https:\/\/coelectrix.com\/wp-content\/uploads\/2022\/03\/Datasheet_GEL_and_AGM_Batteries_ES_db2b.pdf\" target=\"_blank\" rel=\"noopener\">Descarregar a ficha t\u00e9cnica 2<\/a><\/p>\n<p><strong>Bateria AGM 110Ah 12v Deep Cycle Victron Energy 12v<\/strong> ideal como bateria de servi\u00e7o em Camper, caravana, 4&#215;4 ou energia solar.<\/p>\n","protected":false},"excerpt":{"rendered":"<p><strong>Bateria AGM 110Ah 12v de ciclo profundo Victron Energy 12v<\/strong><\/p>\n<p>A gama AGM tem uma resist\u00eancia interna muito baixa, o que as torna muito adequadas para aplica\u00e7\u00f5es de corrente de descarga elevada, como inversores, boosters e motores de arranque. A gama GEL oferece a melhor durabilidade de ciclo profundo e a vida mais longa. Devido \u00e0 utiliza\u00e7\u00e3o de materiais de elevada pureza e grelhas de chumbo-c\u00e1lcio, as baterias AGM e GEL t\u00eam uma auto-descarga muito baixa, permitindo longos per\u00edodos de armazenamento sem carregamento. Ambas as gamas t\u00eam terminais planos de cobre com parafusos M8, garantindo o melhor contacto poss\u00edvel e eliminando a necessidade de terminais de bateria. As baterias est\u00e3o em conformidade com as normas CE e UL com contentores ABS resistentes ao fogo e incluem a garantia de dois anos da Victron Energy com cobertura mundial.<\/p>\n","protected":false},"featured_media":73791,"template":"","meta":{"_acf_changed":false},"product_brand":[],"product_cat":[1260,1346,1338],"product_tag":[1445],"class_list":{"0":"post-74817","1":"product","2":"type-product","3":"status-publish","4":"has-post-thumbnail","6":"product_cat-baterias-agm-2","7":"product_cat-baterias-agm-e-de-litio","8":"product_cat-victron-energia","9":"product_tag-victron-pt","10":"product_shipping_class-baterias","12":"first","13":"instock","14":"taxable","15":"shipping-taxable","16":"purchasable","17":"product-type-simple"},"acf":[],"yoast_head":"<!-- This site is optimized with the Yoast SEO plugin v27.2 - https:\/\/yoast.com\/product\/yoast-seo-wordpress\/ -->\n<title>\u25b7 Bateria de ciclo profundo AGM 110Ah 12v Victron Energy | Coelectrix.com<\/title>\n<meta name=\"description\" content=\"Bateria AGM 110Ah 12v Deep Cycle Victron Energy 12v AGM para caravana, autocaravana, solar. Sem manuten\u00e7\u00e3o.\" \/>\n<meta name=\"robots\" content=\"index, follow, max-snippet:-1, max-image-preview:large, max-video-preview:-1\" \/>\n<link rel=\"canonical\" href=\"https:\/\/coelectrix.com\/pt-pt\/produto\/bateria-agm-110ah-12v-deep-cycle-victron-energy-12v\" \/>\n<meta property=\"og:locale\" content=\"pt_PT\" \/>\n<meta property=\"og:type\" content=\"article\" \/>\n<meta property=\"og:title\" content=\"\u25b7 Bateria de ciclo profundo AGM 110Ah 12v Victron Energy | Coelectrix.com\" \/>\n<meta property=\"og:description\" content=\"Bateria AGM 110Ah 12v Deep Cycle Victron Energy 12v AGM para caravana, autocaravana, solar. Sem manuten\u00e7\u00e3o.\" \/>\n<meta property=\"og:url\" content=\"https:\/\/coelectrix.com\/pt-pt\/produto\/bateria-agm-110ah-12v-deep-cycle-victron-energy-12v\" \/>\n<meta property=\"og:site_name\" content=\"Coelectrix\" \/>\n<meta property=\"article:modified_time\" content=\"2025-08-19T04:03:03+00:00\" \/>\n<meta property=\"og:image\" content=\"https:\/\/coelectrix.com\/wp-content\/uploads\/2022\/03\/Bateria-AGM-Ciclo-Profundo-110Ah-Victron-Energy.jpg\" \/>\n\t<meta property=\"og:image:width\" content=\"600\" \/>\n\t<meta property=\"og:image:height\" content=\"600\" \/>\n\t<meta property=\"og:image:type\" content=\"image\/jpeg\" \/>\n<meta name=\"twitter:card\" content=\"summary_large_image\" \/>\n<meta name=\"twitter:label1\" content=\"Tempo estimado de leitura\" \/>\n\t<meta name=\"twitter:data1\" content=\"2 minutos\" \/>\n<script type=\"application\/ld+json\" class=\"yoast-schema-graph\">{\"@context\":\"https:\/\/schema.org\",\"@graph\":[{\"@type\":\"WebPage\",\"@id\":\"https:\/\/coelectrix.com\/pt-pt\/produto\/bateria-agm-110ah-12v-deep-cycle-victron-energy-12v\",\"url\":\"https:\/\/coelectrix.com\/pt-pt\/produto\/bateria-agm-110ah-12v-deep-cycle-victron-energy-12v\",\"name\":\"\u25b7 Bateria de ciclo profundo AGM 110Ah 12v Victron Energy | Coelectrix.com\",\"isPartOf\":{\"@id\":\"https:\/\/coelectrix.com\/pt-pt\/#website\"},\"primaryImageOfPage\":{\"@id\":\"https:\/\/coelectrix.com\/pt-pt\/produto\/bateria-agm-110ah-12v-deep-cycle-victron-energy-12v#primaryimage\"},\"image\":{\"@id\":\"https:\/\/coelectrix.com\/pt-pt\/produto\/bateria-agm-110ah-12v-deep-cycle-victron-energy-12v#primaryimage\"},\"thumbnailUrl\":\"https:\/\/coelectrix.com\/wp-content\/uploads\/2022\/03\/Bateria-AGM-Ciclo-Profundo-110Ah-Victron-Energy.jpg\",\"datePublished\":\"2022-03-26T07:13:49+00:00\",\"dateModified\":\"2025-08-19T04:03:03+00:00\",\"description\":\"Bateria AGM 110Ah 12v Deep Cycle Victron Energy 12v AGM para caravana, autocaravana, solar. Sem manuten\u00e7\u00e3o.\",\"breadcrumb\":{\"@id\":\"https:\/\/coelectrix.com\/pt-pt\/produto\/bateria-agm-110ah-12v-deep-cycle-victron-energy-12v#breadcrumb\"},\"inLanguage\":\"pt-PT\",\"potentialAction\":[{\"@type\":\"ReadAction\",\"target\":[\"https:\/\/coelectrix.com\/pt-pt\/produto\/bateria-agm-110ah-12v-deep-cycle-victron-energy-12v\"]}]},{\"@type\":\"ImageObject\",\"inLanguage\":\"pt-PT\",\"@id\":\"https:\/\/coelectrix.com\/pt-pt\/produto\/bateria-agm-110ah-12v-deep-cycle-victron-energy-12v#primaryimage\",\"url\":\"https:\/\/coelectrix.com\/wp-content\/uploads\/2022\/03\/Bateria-AGM-Ciclo-Profundo-110Ah-Victron-Energy.jpg\",\"contentUrl\":\"https:\/\/coelectrix.com\/wp-content\/uploads\/2022\/03\/Bateria-AGM-Ciclo-Profundo-110Ah-Victron-Energy.jpg\",\"width\":600,\"height\":600,\"caption\":\"Bateria AGM 110Ah 12v de ciclo profundo Victron Energy 12v\"},{\"@type\":\"BreadcrumbList\",\"@id\":\"https:\/\/coelectrix.com\/pt-pt\/produto\/bateria-agm-110ah-12v-deep-cycle-victron-energy-12v#breadcrumb\",\"itemListElement\":[{\"@type\":\"ListItem\",\"position\":1,\"name\":\"Portada\",\"item\":\"https:\/\/coelectrix.com\/\"},{\"@type\":\"ListItem\",\"position\":2,\"name\":\"Loja\",\"item\":\"https:\/\/coelectrix.com\/pt-pt\/loja\"},{\"@type\":\"ListItem\",\"position\":3,\"name\":\"Bateria de ciclo profundo AGM 110Ah 12v Victron Energy\"}]},{\"@type\":\"WebSite\",\"@id\":\"https:\/\/coelectrix.com\/pt-pt\/#website\",\"url\":\"https:\/\/coelectrix.com\/pt-pt\/\",\"name\":\"Coelectrix\",\"description\":\"Componentes el\u00e9ctricos\",\"publisher\":{\"@id\":\"https:\/\/coelectrix.com\/pt-pt\/#organization\"},\"potentialAction\":[{\"@type\":\"SearchAction\",\"target\":{\"@type\":\"EntryPoint\",\"urlTemplate\":\"https:\/\/coelectrix.com\/pt-pt\/?s={search_term_string}\"},\"query-input\":{\"@type\":\"PropertyValueSpecification\",\"valueRequired\":true,\"valueName\":\"search_term_string\"}}],\"inLanguage\":\"pt-PT\"},{\"@type\":\"Organization\",\"@id\":\"https:\/\/coelectrix.com\/pt-pt\/#organization\",\"name\":\"coelectrix.com\",\"url\":\"https:\/\/coelectrix.com\/pt-pt\/\",\"logo\":{\"@type\":\"ImageObject\",\"inLanguage\":\"pt-PT\",\"@id\":\"https:\/\/coelectrix.com\/pt-pt\/#\/schema\/logo\/image\/\",\"url\":\"https:\/\/coelectrix.com\/wp-content\/uploads\/2018\/05\/logo-coelectrix-400x400.jpg\",\"contentUrl\":\"https:\/\/coelectrix.com\/wp-content\/uploads\/2018\/05\/logo-coelectrix-400x400.jpg\",\"width\":300,\"height\":300,\"caption\":\"coelectrix.com\"},\"image\":{\"@id\":\"https:\/\/coelectrix.com\/pt-pt\/#\/schema\/logo\/image\/\"}}]}<\/script>\n<!-- \/ Yoast SEO plugin. -->","yoast_head_json":{"title":"\u25b7 Bateria de ciclo profundo AGM 110Ah 12v Victron Energy | Coelectrix.com","description":"Bateria AGM 110Ah 12v Deep Cycle Victron Energy 12v AGM para caravana, autocaravana, solar. Sem manuten\u00e7\u00e3o.","robots":{"index":"index","follow":"follow","max-snippet":"max-snippet:-1","max-image-preview":"max-image-preview:large","max-video-preview":"max-video-preview:-1"},"canonical":"https:\/\/coelectrix.com\/pt-pt\/produto\/bateria-agm-110ah-12v-deep-cycle-victron-energy-12v","og_locale":"pt_PT","og_type":"article","og_title":"\u25b7 Bateria de ciclo profundo AGM 110Ah 12v Victron Energy | Coelectrix.com","og_description":"Bateria AGM 110Ah 12v Deep Cycle Victron Energy 12v AGM para caravana, autocaravana, solar. Sem manuten\u00e7\u00e3o.","og_url":"https:\/\/coelectrix.com\/pt-pt\/produto\/bateria-agm-110ah-12v-deep-cycle-victron-energy-12v","og_site_name":"Coelectrix","article_modified_time":"2025-08-19T04:03:03+00:00","og_image":[{"width":600,"height":600,"url":"https:\/\/coelectrix.com\/wp-content\/uploads\/2022\/03\/Bateria-AGM-Ciclo-Profundo-110Ah-Victron-Energy.jpg","type":"image\/jpeg"}],"twitter_card":"summary_large_image","twitter_misc":{"Tempo estimado de leitura":"2 minutos"},"schema":{"@context":"https:\/\/schema.org","@graph":[{"@type":"WebPage","@id":"https:\/\/coelectrix.com\/pt-pt\/produto\/bateria-agm-110ah-12v-deep-cycle-victron-energy-12v","url":"https:\/\/coelectrix.com\/pt-pt\/produto\/bateria-agm-110ah-12v-deep-cycle-victron-energy-12v","name":"\u25b7 Bateria de ciclo profundo AGM 110Ah 12v Victron Energy | Coelectrix.com","isPartOf":{"@id":"https:\/\/coelectrix.com\/pt-pt\/#website"},"primaryImageOfPage":{"@id":"https:\/\/coelectrix.com\/pt-pt\/produto\/bateria-agm-110ah-12v-deep-cycle-victron-energy-12v#primaryimage"},"image":{"@id":"https:\/\/coelectrix.com\/pt-pt\/produto\/bateria-agm-110ah-12v-deep-cycle-victron-energy-12v#primaryimage"},"thumbnailUrl":"https:\/\/coelectrix.com\/wp-content\/uploads\/2022\/03\/Bateria-AGM-Ciclo-Profundo-110Ah-Victron-Energy.jpg","datePublished":"2022-03-26T07:13:49+00:00","dateModified":"2025-08-19T04:03:03+00:00","description":"Bateria AGM 110Ah 12v Deep Cycle Victron Energy 12v AGM para caravana, autocaravana, solar. Sem manuten\u00e7\u00e3o.","breadcrumb":{"@id":"https:\/\/coelectrix.com\/pt-pt\/produto\/bateria-agm-110ah-12v-deep-cycle-victron-energy-12v#breadcrumb"},"inLanguage":"pt-PT","potentialAction":[{"@type":"ReadAction","target":["https:\/\/coelectrix.com\/pt-pt\/produto\/bateria-agm-110ah-12v-deep-cycle-victron-energy-12v"]}]},{"@type":"ImageObject","inLanguage":"pt-PT","@id":"https:\/\/coelectrix.com\/pt-pt\/produto\/bateria-agm-110ah-12v-deep-cycle-victron-energy-12v#primaryimage","url":"https:\/\/coelectrix.com\/wp-content\/uploads\/2022\/03\/Bateria-AGM-Ciclo-Profundo-110Ah-Victron-Energy.jpg","contentUrl":"https:\/\/coelectrix.com\/wp-content\/uploads\/2022\/03\/Bateria-AGM-Ciclo-Profundo-110Ah-Victron-Energy.jpg","width":600,"height":600,"caption":"Bateria AGM 110Ah 12v de ciclo profundo Victron Energy 12v"},{"@type":"BreadcrumbList","@id":"https:\/\/coelectrix.com\/pt-pt\/produto\/bateria-agm-110ah-12v-deep-cycle-victron-energy-12v#breadcrumb","itemListElement":[{"@type":"ListItem","position":1,"name":"Portada","item":"https:\/\/coelectrix.com\/"},{"@type":"ListItem","position":2,"name":"Loja","item":"https:\/\/coelectrix.com\/pt-pt\/loja"},{"@type":"ListItem","position":3,"name":"Bateria de ciclo profundo AGM 110Ah 12v Victron Energy"}]},{"@type":"WebSite","@id":"https:\/\/coelectrix.com\/pt-pt\/#website","url":"https:\/\/coelectrix.com\/pt-pt\/","name":"Coelectrix","description":"Componentes el\u00e9ctricos","publisher":{"@id":"https:\/\/coelectrix.com\/pt-pt\/#organization"},"potentialAction":[{"@type":"SearchAction","target":{"@type":"EntryPoint","urlTemplate":"https:\/\/coelectrix.com\/pt-pt\/?s={search_term_string}"},"query-input":{"@type":"PropertyValueSpecification","valueRequired":true,"valueName":"search_term_string"}}],"inLanguage":"pt-PT"},{"@type":"Organization","@id":"https:\/\/coelectrix.com\/pt-pt\/#organization","name":"coelectrix.com","url":"https:\/\/coelectrix.com\/pt-pt\/","logo":{"@type":"ImageObject","inLanguage":"pt-PT","@id":"https:\/\/coelectrix.com\/pt-pt\/#\/schema\/logo\/image\/","url":"https:\/\/coelectrix.com\/wp-content\/uploads\/2018\/05\/logo-coelectrix-400x400.jpg","contentUrl":"https:\/\/coelectrix.com\/wp-content\/uploads\/2018\/05\/logo-coelectrix-400x400.jpg","width":300,"height":300,"caption":"coelectrix.com"},"image":{"@id":"https:\/\/coelectrix.com\/pt-pt\/#\/schema\/logo\/image\/"}}]}},"_links":{"self":[{"href":"https:\/\/coelectrix.com\/pt-pt\/wp-json\/wp\/v2\/product\/74817","targetHints":{"allow":["GET"]}}],"collection":[{"href":"https:\/\/coelectrix.com\/pt-pt\/wp-json\/wp\/v2\/product"}],"about":[{"href":"https:\/\/coelectrix.com\/pt-pt\/wp-json\/wp\/v2\/types\/product"}],"version-history":[{"count":2,"href":"https:\/\/coelectrix.com\/pt-pt\/wp-json\/wp\/v2\/product\/74817\/revisions"}],"predecessor-version":[{"id":76733,"href":"https:\/\/coelectrix.com\/pt-pt\/wp-json\/wp\/v2\/product\/74817\/revisions\/76733"}],"wp:featuredmedia":[{"embeddable":true,"href":"https:\/\/coelectrix.com\/pt-pt\/wp-json\/wp\/v2\/media\/73791"}],"wp:attachment":[{"href":"https:\/\/coelectrix.com\/pt-pt\/wp-json\/wp\/v2\/media?parent=74817"}],"wp:term":[{"taxonomy":"product_brand","embeddable":true,"href":"https:\/\/coelectrix.com\/pt-pt\/wp-json\/wp\/v2\/product_brand?post=74817"},{"taxonomy":"product_cat","embeddable":true,"href":"https:\/\/coelectrix.com\/pt-pt\/wp-json\/wp\/v2\/product_cat?post=74817"},{"taxonomy":"product_tag","embeddable":true,"href":"https:\/\/coelectrix.com\/pt-pt\/wp-json\/wp\/v2\/product_tag?post=74817"}],"curies":[{"name":"wp","href":"https:\/\/api.w.org\/{rel}","templated":true}]}}