{"id":74818,"date":"2017-03-04T17:39:05","date_gmt":"2017-03-04T16:39:05","guid":{"rendered":"https:\/\/coelectrix.com\/producto\/bateria-95ah-magneti-marelli-agm-850a-12v"},"modified":"2025-08-19T06:05:49","modified_gmt":"2025-08-19T04:05:49","slug":"bateria-95ah-magneti-marelli-agm-850a-12v","status":"publish","type":"product","link":"https:\/\/coelectrix.com\/pt-pt\/produto\/bateria-95ah-magnetica-mareli-agm","title":{"rendered":"Bateria 95Ah Magneti Marelli AGM 850A 12v."},"content":{"rendered":"<h2>Bateria Magneti Marelli 95Ah AGM<\/h2>\n<p>Bateria Magneti Marelli AGM 95 Ah 850A<\/p>\n<p>modelo: AGM95R<\/p>\n<p>Dimens\u00f5es da bateria: CxLxA: 353 x 175 x 190<\/p>\n<p><span lang=\"es\"> <b>O tapete<\/b> <b>de vidro<\/b><b>absorvente<\/b><\/span> <span lang=\"es\">(AGM) \u00e9 um tecido de fibra de vidro absorvente que cont\u00e9m o \u00e1cido da bateria. As baterias de chumbo-\u00e1cido do tipo AGM s\u00e3o mais seguras e mais leves e, por isso, mais avan\u00e7adas.<\/span><br \/>\nAs baterias AGM t\u00eam uma fina fibra de vidro comprimida com a apar\u00eancia de um feltro, que protege os problemas contra poss\u00edveis derrames de \u00e1cido em caso de rutura. Estas baterias s\u00e3o muito mais seguras contra vibra\u00e7\u00f5es e poss\u00edveis rupturas e, por esta raz\u00e3o, s\u00e3o frequentemente escolhidas para ve\u00edculos de competi\u00e7\u00e3o.<\/p>\n<p>As baterias AGM s\u00e3o concebidas para satisfazer as mais elevadas exig\u00eancias dos fabricantes de ve\u00edculos modernos.<\/p>\n<p>O seu sistema interno de fibra de vidro absorvente impede qualquer fuga de \u00e1cido.<\/p>\n<h3>Outras carater\u00edsticas das baterias AGM<\/h3>\n<ul>\n<li>Base de fibra de vidro absorvente para absor\u00e7\u00e3o de \u00e1cido<\/li>\n<li>Vida \u00fatil mais longa devido \u00e0 elimina\u00e7\u00e3o do material ativo.<\/li>\n<li>Maior valor de arranque a frio.<\/li>\n<li>\u00c0 prova de fugas e derrames<\/li>\n<li>Especialmente concebido para satisfazer as exig\u00eancias dos actuais construtores de ve\u00edculos.<\/li>\n<li>Compat\u00edvel com os sistemas Start-Stop<\/li>\n<\/ul>\n","protected":false},"excerpt":{"rendered":"<h2 style=\"text-align: left;\">Bateria Magneti Marelli AGM 95Ah<\/h2>\n<p style=\"text-align: left;\">Modelo do fabricante AMG95R<\/p>\n<p style=\"text-align: left;\">Capacidade: 95ah &#8211; 850A<\/p>\n<p style=\"text-align: left;\">Dimens\u00f5es da bateria: CxLxA: 353 x 175 x 190<\/p>\n<ul>\n<li style=\"text-align: left;\">Adequada para sistemas start-stop para ve\u00edculos micro-h\u00edbridos com sistema de travagem regenerativa<\/li>\n<li style=\"text-align: left;\">Durabilidade extrema, o ciclo de vida \u00e9 3 vezes superior ao de uma bateria normal<\/li>\n<li style=\"text-align: left;\">Ideal para ve\u00edculos com o maior n\u00famero de consumidores el\u00e9ctricos<\/li>\n<li style=\"text-align: left;\">Seguran\u00e7a \u00f3ptima quando instalada no compartimento dos passageiros<\/li>\n<li style=\"text-align: left;\">Desempenho comprovado e melhorado<\/li>\n<li style=\"text-align: left;\">Montada profissionalmente, enchida, carregada e pronta a utilizar<\/li>\n<li style=\"text-align: left;\">Completamente livre de manuten\u00e7\u00e3o<\/li>\n<li style=\"text-align: left;\">Sistema hermeticamente fechado com v\u00e1lvula de seguran\u00e7a (VRLA) e excelente recombina\u00e7\u00e3o de g\u00e1s.<\/li>\n<\/ul>\n<p><img decoding=\"async\" class=\"alignnone size-full wp-image-715\" src=\"http:\/\/www.coelectrix.com\/wp-content\/uploads\/2016\/09\/payment-logo-1.png\" alt=\"\" width=\"245\" height=\"62\" srcset=\"https:\/\/coelectrix.com\/wp-content\/uploads\/2016\/09\/payment-logo-1.png 245w, https:\/\/coelectrix.com\/wp-content\/uploads\/2016\/09\/payment-logo-1-64x16.png 64w\" sizes=\"(max-width: 245px) 100vw, 245px\" \/><\/p>\n","protected":false},"featured_media":72615,"template":"","meta":{"_acf_changed":false},"product_brand":[],"product_cat":[1260,1346],"product_tag":[],"class_list":{"0":"post-74818","1":"product","2":"type-product","3":"status-publish","4":"has-post-thumbnail","6":"product_cat-baterias-agm-2","7":"product_cat-baterias-agm-e-de-litio","9":"first","10":"instock","11":"sale","12":"taxable","13":"shipping-taxable","14":"purchasable","15":"product-type-simple"},"acf":[],"yoast_head":"<!-- This site is optimized with the Yoast SEO plugin v27.2 - https:\/\/yoast.com\/product\/yoast-seo-wordpress\/ -->\n<title>\u25b7 Bateria 95Ah Magneti Marelli AGM 850A 12v. | Coelectrix.com<\/title>\n<meta name=\"description\" content=\"Bateria AGM800A 95Ah Magneti Marelli AGM A bateria AGM l\u00edder no mercado e em coelectrix.com com pre\u00e7os super baixos.Ref. AGM95R\" \/>\n<meta name=\"robots\" content=\"index, follow, max-snippet:-1, max-image-preview:large, max-video-preview:-1\" \/>\n<link rel=\"canonical\" href=\"https:\/\/coelectrix.com\/pt-pt\/produto\/bateria-95ah-magnetica-mareli-agm\" \/>\n<meta property=\"og:locale\" content=\"pt_PT\" \/>\n<meta property=\"og:type\" content=\"article\" \/>\n<meta property=\"og:title\" content=\"\u25b7 Bateria 95Ah Magneti Marelli AGM 850A 12v. | Coelectrix.com\" \/>\n<meta property=\"og:description\" content=\"Bateria AGM800A 95Ah Magneti Marelli AGM A bateria AGM l\u00edder no mercado e em coelectrix.com com pre\u00e7os super baixos.Ref. AGM95R\" \/>\n<meta property=\"og:url\" content=\"https:\/\/coelectrix.com\/pt-pt\/produto\/bateria-95ah-magnetica-mareli-agm\" \/>\n<meta property=\"og:site_name\" content=\"Coelectrix\" \/>\n<meta property=\"article:modified_time\" content=\"2025-08-19T04:05:49+00:00\" \/>\n<meta property=\"og:image\" content=\"https:\/\/coelectrix.com\/wp-content\/uploads\/2017\/03\/bateria-95ah.jpg\" \/>\n\t<meta property=\"og:image:width\" content=\"600\" \/>\n\t<meta property=\"og:image:height\" content=\"600\" \/>\n\t<meta property=\"og:image:type\" content=\"image\/jpeg\" \/>\n<meta name=\"twitter:card\" content=\"summary_large_image\" \/>\n<meta name=\"twitter:label1\" content=\"Tempo estimado de leitura\" \/>\n\t<meta name=\"twitter:data1\" content=\"1 minuto\" \/>\n<script type=\"application\/ld+json\" class=\"yoast-schema-graph\">{\"@context\":\"https:\/\/schema.org\",\"@graph\":[{\"@type\":\"WebPage\",\"@id\":\"https:\/\/coelectrix.com\/pt-pt\/produto\/bateria-95ah-magnetica-mareli-agm\",\"url\":\"https:\/\/coelectrix.com\/pt-pt\/produto\/bateria-95ah-magnetica-mareli-agm\",\"name\":\"\u25b7 Bateria 95Ah Magneti Marelli AGM 850A 12v. | Coelectrix.com\",\"isPartOf\":{\"@id\":\"https:\/\/coelectrix.com\/pt-pt\/#website\"},\"primaryImageOfPage\":{\"@id\":\"https:\/\/coelectrix.com\/pt-pt\/produto\/bateria-95ah-magnetica-mareli-agm#primaryimage\"},\"image\":{\"@id\":\"https:\/\/coelectrix.com\/pt-pt\/produto\/bateria-95ah-magnetica-mareli-agm#primaryimage\"},\"thumbnailUrl\":\"https:\/\/coelectrix.com\/wp-content\/uploads\/2017\/03\/bateria-95ah.jpg\",\"datePublished\":\"2017-03-04T16:39:05+00:00\",\"dateModified\":\"2025-08-19T04:05:49+00:00\",\"description\":\"Bateria AGM800A 95Ah Magneti Marelli AGM A bateria AGM l\u00edder no mercado e em coelectrix.com com pre\u00e7os super baixos.Ref. AGM95R\",\"breadcrumb\":{\"@id\":\"https:\/\/coelectrix.com\/pt-pt\/produto\/bateria-95ah-magnetica-mareli-agm#breadcrumb\"},\"inLanguage\":\"pt-PT\",\"potentialAction\":[{\"@type\":\"ReadAction\",\"target\":[\"https:\/\/coelectrix.com\/pt-pt\/produto\/bateria-95ah-magnetica-mareli-agm\"]}]},{\"@type\":\"ImageObject\",\"inLanguage\":\"pt-PT\",\"@id\":\"https:\/\/coelectrix.com\/pt-pt\/produto\/bateria-95ah-magnetica-mareli-agm#primaryimage\",\"url\":\"https:\/\/coelectrix.com\/wp-content\/uploads\/2017\/03\/bateria-95ah.jpg\",\"contentUrl\":\"https:\/\/coelectrix.com\/wp-content\/uploads\/2017\/03\/bateria-95ah.jpg\",\"width\":600,\"height\":600,\"caption\":\"Bateria de 95ah\"},{\"@type\":\"BreadcrumbList\",\"@id\":\"https:\/\/coelectrix.com\/pt-pt\/produto\/bateria-95ah-magnetica-mareli-agm#breadcrumb\",\"itemListElement\":[{\"@type\":\"ListItem\",\"position\":1,\"name\":\"Portada\",\"item\":\"https:\/\/coelectrix.com\/\"},{\"@type\":\"ListItem\",\"position\":2,\"name\":\"Loja\",\"item\":\"https:\/\/coelectrix.com\/pt-pt\/loja\"},{\"@type\":\"ListItem\",\"position\":3,\"name\":\"Bateria 95Ah Magneti Marelli AGM 850A 12v.\"}]},{\"@type\":\"WebSite\",\"@id\":\"https:\/\/coelectrix.com\/pt-pt\/#website\",\"url\":\"https:\/\/coelectrix.com\/pt-pt\/\",\"name\":\"Coelectrix\",\"description\":\"Componentes el\u00e9ctricos\",\"publisher\":{\"@id\":\"https:\/\/coelectrix.com\/pt-pt\/#organization\"},\"potentialAction\":[{\"@type\":\"SearchAction\",\"target\":{\"@type\":\"EntryPoint\",\"urlTemplate\":\"https:\/\/coelectrix.com\/pt-pt\/?s={search_term_string}\"},\"query-input\":{\"@type\":\"PropertyValueSpecification\",\"valueRequired\":true,\"valueName\":\"search_term_string\"}}],\"inLanguage\":\"pt-PT\"},{\"@type\":\"Organization\",\"@id\":\"https:\/\/coelectrix.com\/pt-pt\/#organization\",\"name\":\"coelectrix.com\",\"url\":\"https:\/\/coelectrix.com\/pt-pt\/\",\"logo\":{\"@type\":\"ImageObject\",\"inLanguage\":\"pt-PT\",\"@id\":\"https:\/\/coelectrix.com\/pt-pt\/#\/schema\/logo\/image\/\",\"url\":\"https:\/\/coelectrix.com\/wp-content\/uploads\/2018\/05\/logo-coelectrix-400x400.jpg\",\"contentUrl\":\"https:\/\/coelectrix.com\/wp-content\/uploads\/2018\/05\/logo-coelectrix-400x400.jpg\",\"width\":300,\"height\":300,\"caption\":\"coelectrix.com\"},\"image\":{\"@id\":\"https:\/\/coelectrix.com\/pt-pt\/#\/schema\/logo\/image\/\"}}]}<\/script>\n<!-- \/ Yoast SEO plugin. -->","yoast_head_json":{"title":"\u25b7 Bateria 95Ah Magneti Marelli AGM 850A 12v. | Coelectrix.com","description":"Bateria AGM800A 95Ah Magneti Marelli AGM A bateria AGM l\u00edder no mercado e em coelectrix.com com pre\u00e7os super baixos.Ref. AGM95R","robots":{"index":"index","follow":"follow","max-snippet":"max-snippet:-1","max-image-preview":"max-image-preview:large","max-video-preview":"max-video-preview:-1"},"canonical":"https:\/\/coelectrix.com\/pt-pt\/produto\/bateria-95ah-magnetica-mareli-agm","og_locale":"pt_PT","og_type":"article","og_title":"\u25b7 Bateria 95Ah Magneti Marelli AGM 850A 12v. | Coelectrix.com","og_description":"Bateria AGM800A 95Ah Magneti Marelli AGM A bateria AGM l\u00edder no mercado e em coelectrix.com com pre\u00e7os super baixos.Ref. AGM95R","og_url":"https:\/\/coelectrix.com\/pt-pt\/produto\/bateria-95ah-magnetica-mareli-agm","og_site_name":"Coelectrix","article_modified_time":"2025-08-19T04:05:49+00:00","og_image":[{"width":600,"height":600,"url":"https:\/\/coelectrix.com\/wp-content\/uploads\/2017\/03\/bateria-95ah.jpg","type":"image\/jpeg"}],"twitter_card":"summary_large_image","twitter_misc":{"Tempo estimado de leitura":"1 minuto"},"schema":{"@context":"https:\/\/schema.org","@graph":[{"@type":"WebPage","@id":"https:\/\/coelectrix.com\/pt-pt\/produto\/bateria-95ah-magnetica-mareli-agm","url":"https:\/\/coelectrix.com\/pt-pt\/produto\/bateria-95ah-magnetica-mareli-agm","name":"\u25b7 Bateria 95Ah Magneti Marelli AGM 850A 12v. | Coelectrix.com","isPartOf":{"@id":"https:\/\/coelectrix.com\/pt-pt\/#website"},"primaryImageOfPage":{"@id":"https:\/\/coelectrix.com\/pt-pt\/produto\/bateria-95ah-magnetica-mareli-agm#primaryimage"},"image":{"@id":"https:\/\/coelectrix.com\/pt-pt\/produto\/bateria-95ah-magnetica-mareli-agm#primaryimage"},"thumbnailUrl":"https:\/\/coelectrix.com\/wp-content\/uploads\/2017\/03\/bateria-95ah.jpg","datePublished":"2017-03-04T16:39:05+00:00","dateModified":"2025-08-19T04:05:49+00:00","description":"Bateria AGM800A 95Ah Magneti Marelli AGM A bateria AGM l\u00edder no mercado e em coelectrix.com com pre\u00e7os super baixos.Ref. AGM95R","breadcrumb":{"@id":"https:\/\/coelectrix.com\/pt-pt\/produto\/bateria-95ah-magnetica-mareli-agm#breadcrumb"},"inLanguage":"pt-PT","potentialAction":[{"@type":"ReadAction","target":["https:\/\/coelectrix.com\/pt-pt\/produto\/bateria-95ah-magnetica-mareli-agm"]}]},{"@type":"ImageObject","inLanguage":"pt-PT","@id":"https:\/\/coelectrix.com\/pt-pt\/produto\/bateria-95ah-magnetica-mareli-agm#primaryimage","url":"https:\/\/coelectrix.com\/wp-content\/uploads\/2017\/03\/bateria-95ah.jpg","contentUrl":"https:\/\/coelectrix.com\/wp-content\/uploads\/2017\/03\/bateria-95ah.jpg","width":600,"height":600,"caption":"Bateria de 95ah"},{"@type":"BreadcrumbList","@id":"https:\/\/coelectrix.com\/pt-pt\/produto\/bateria-95ah-magnetica-mareli-agm#breadcrumb","itemListElement":[{"@type":"ListItem","position":1,"name":"Portada","item":"https:\/\/coelectrix.com\/"},{"@type":"ListItem","position":2,"name":"Loja","item":"https:\/\/coelectrix.com\/pt-pt\/loja"},{"@type":"ListItem","position":3,"name":"Bateria 95Ah Magneti Marelli AGM 850A 12v."}]},{"@type":"WebSite","@id":"https:\/\/coelectrix.com\/pt-pt\/#website","url":"https:\/\/coelectrix.com\/pt-pt\/","name":"Coelectrix","description":"Componentes el\u00e9ctricos","publisher":{"@id":"https:\/\/coelectrix.com\/pt-pt\/#organization"},"potentialAction":[{"@type":"SearchAction","target":{"@type":"EntryPoint","urlTemplate":"https:\/\/coelectrix.com\/pt-pt\/?s={search_term_string}"},"query-input":{"@type":"PropertyValueSpecification","valueRequired":true,"valueName":"search_term_string"}}],"inLanguage":"pt-PT"},{"@type":"Organization","@id":"https:\/\/coelectrix.com\/pt-pt\/#organization","name":"coelectrix.com","url":"https:\/\/coelectrix.com\/pt-pt\/","logo":{"@type":"ImageObject","inLanguage":"pt-PT","@id":"https:\/\/coelectrix.com\/pt-pt\/#\/schema\/logo\/image\/","url":"https:\/\/coelectrix.com\/wp-content\/uploads\/2018\/05\/logo-coelectrix-400x400.jpg","contentUrl":"https:\/\/coelectrix.com\/wp-content\/uploads\/2018\/05\/logo-coelectrix-400x400.jpg","width":300,"height":300,"caption":"coelectrix.com"},"image":{"@id":"https:\/\/coelectrix.com\/pt-pt\/#\/schema\/logo\/image\/"}}]}},"_links":{"self":[{"href":"https:\/\/coelectrix.com\/pt-pt\/wp-json\/wp\/v2\/product\/74818","targetHints":{"allow":["GET"]}}],"collection":[{"href":"https:\/\/coelectrix.com\/pt-pt\/wp-json\/wp\/v2\/product"}],"about":[{"href":"https:\/\/coelectrix.com\/pt-pt\/wp-json\/wp\/v2\/types\/product"}],"version-history":[{"count":1,"href":"https:\/\/coelectrix.com\/pt-pt\/wp-json\/wp\/v2\/product\/74818\/revisions"}],"predecessor-version":[{"id":74841,"href":"https:\/\/coelectrix.com\/pt-pt\/wp-json\/wp\/v2\/product\/74818\/revisions\/74841"}],"wp:featuredmedia":[{"embeddable":true,"href":"https:\/\/coelectrix.com\/pt-pt\/wp-json\/wp\/v2\/media\/72615"}],"wp:attachment":[{"href":"https:\/\/coelectrix.com\/pt-pt\/wp-json\/wp\/v2\/media?parent=74818"}],"wp:term":[{"taxonomy":"product_brand","embeddable":true,"href":"https:\/\/coelectrix.com\/pt-pt\/wp-json\/wp\/v2\/product_brand?post=74818"},{"taxonomy":"product_cat","embeddable":true,"href":"https:\/\/coelectrix.com\/pt-pt\/wp-json\/wp\/v2\/product_cat?post=74818"},{"taxonomy":"product_tag","embeddable":true,"href":"https:\/\/coelectrix.com\/pt-pt\/wp-json\/wp\/v2\/product_tag?post=74818"}],"curies":[{"name":"wp","href":"https:\/\/api.w.org\/{rel}","templated":true}]}}