{"id":74825,"date":"2023-05-13T08:40:01","date_gmt":"2023-05-13T06:40:01","guid":{"rendered":"https:\/\/coelectrix.com\/producto\/bateria-gel-12v-90ah-victron-energy"},"modified":"2025-08-19T06:01:56","modified_gmt":"2025-08-19T04:01:56","slug":"bateria-gel-12v-90ah-victron-energy","status":"publish","type":"product","link":"https:\/\/coelectrix.com\/pt-pt\/produto\/bateria-gel-12v-90ah-victron-energy","title":{"rendered":"Bateria GEL 12v 90Ah Victron Energy"},"content":{"rendered":"<h2><strong>Bateria GEL 12v 90Ah Victron Energy<\/strong><\/h2>\n<p>A gama GEL oferece a melhor durabilidade de ciclo profundo e a vida mais longa. Devido \u00e0 utiliza\u00e7\u00e3o de materiais de elevada pureza e grelhas de chumbo-c\u00e1lcio, as baterias AGM e GEL t\u00eam uma auto-descarga muito baixa, permitindo longos per\u00edodos de armazenamento sem carregamento. Ambas as gamas t\u00eam terminais planos de cobre com parafusos M8, assegurando o melhor contacto poss\u00edvel e eliminando a necessidade de terminais de bateria. As baterias est\u00e3o em conformidade com as normas CE e UL com contentores ABS resistentes ao fogo e incluem a garantia de dois anos da Victron Energy com cobertura mundial.<\/p>\n<p>As c\u00e9lulas da <strong><u>Bateria GEL 12V 90Ah Victron Energy<\/u><\/strong> As c\u00e9lulas da bateria GEL s\u00e3o refor\u00e7adas com grelhas e isolamento especial, minimizando a evapora\u00e7\u00e3o, que \u00e9 redireccionada de volta para a bateria. Por este motivo, quando uma bateria de gel est\u00e1 a ser utilizada, a posi\u00e7\u00e3o de trabalho da bateria \u00e9 muito importante, normalmente com os terminais na parte superior. Por vezes, pensa-se que, como est\u00e1 selada e n\u00e3o tem fugas, n\u00e3o importa a sua posi\u00e7\u00e3o, mas n\u00e3o \u00e9 esse o caso.<\/p>\n<p>A <strong><em>Bateria GEL 12V 90Ah Victron Energy<\/em><\/strong> \u00e9 uma bateria selada e, por conseguinte, isenta de manuten\u00e7\u00e3o, ideal para alimentar dispositivos que requerem uma elevada autonomia, tais como: sistemas de telecomunica\u00e7\u00f5es, alarmes, sistemas de sinaliza\u00e7\u00e3o, repetidores, etc&#8230; . A bateria de gel monobloco tamb\u00e9m \u00e9 v\u00e1lida para alimentar qualquer outro aparelho dom\u00e9stico de baixa pot\u00eancia, como um televisor, um pequeno frigor\u00edfico, um computador, um r\u00e1dio, etc&#8230; no \u00e2mbito de uma pequena instala\u00e7\u00e3o fotovoltaica.<\/p>\n<p><a href=\"https:\/\/coelectrix.com\/wp-content\/uploads\/2023\/05\/Datasheet-GEL-and-AGM-Batteries-ES.pdf\" target=\"_blank\" rel=\"noopener\"><strong>FICHA T\u00c9CNICA DA BATERIA DE GEL VICTRON ENERGY<\/strong><\/a><\/p>\n","protected":false},"excerpt":{"rendered":"<p>Bateria solar VICTRON Energy GEL 12V &#8211; 90Ah \/C100. Grande durabilidade em ciclo profundo e vida \u00fatil mais longa. Estas baterias n\u00e3o necessitam de manuten\u00e7\u00e3o.<\/p>\n<ul>\n<li>Tens\u00e3o da bateria 12 V<\/li>\n<li>Amperagem da bateria 50-100 Ah<\/li>\n<li>Peso da bateria 26 Kg<\/li>\n<li>Dimens\u00f5es da bateria 350 x 167 x 183 mm<\/li>\n<li>Capacidade 90 Ah<\/li>\n<li>Vida \u00fatil da bateria aprox. 12 anos (20\u00ba)<\/li>\n<li>Tens\u00e3o da bateria 12 V<\/li>\n<li>Garantia 2 anos<\/li>\n<li>Manuten\u00e7\u00e3o Bateria Sem manuten\u00e7\u00e3o<\/li>\n<\/ul>\n","protected":false},"featured_media":74174,"template":"","meta":{"_acf_changed":false},"product_brand":[],"product_cat":[1346,1338],"product_tag":[1445],"class_list":{"0":"post-74825","1":"product","2":"type-product","3":"status-publish","4":"has-post-thumbnail","6":"product_cat-baterias-agm-e-de-litio","7":"product_cat-victron-energia","8":"product_tag-victron-pt","9":"product_shipping_class-baterias","11":"first","12":"instock","13":"taxable","14":"shipping-taxable","15":"purchasable","16":"product-type-simple"},"acf":[],"yoast_head":"<!-- This site is optimized with the Yoast SEO plugin v27.2 - https:\/\/yoast.com\/product\/yoast-seo-wordpress\/ -->\n<title>\u25b7 Bateria GEL 12v 90Ah Victron Energy | Coelectrix.com<\/title>\n<meta name=\"description\" content=\"Bateria solar VICTRON Energy GEL 12V - 90Ah \/C100. Grande durabilidade em ciclo profundo e vida \u00fatil mais longa. Estas baterias n\u00e3o necessitam de manuten\u00e7\u00e3o.\" \/>\n<meta name=\"robots\" content=\"index, follow, max-snippet:-1, max-image-preview:large, max-video-preview:-1\" \/>\n<link rel=\"canonical\" href=\"https:\/\/coelectrix.com\/pt-pt\/produto\/bateria-gel-12v-90ah-victron-energy\" \/>\n<meta property=\"og:locale\" content=\"pt_PT\" \/>\n<meta property=\"og:type\" content=\"article\" \/>\n<meta property=\"og:title\" content=\"\u25b7 Bateria GEL 12v 90Ah Victron Energy | Coelectrix.com\" \/>\n<meta property=\"og:description\" content=\"Bateria solar VICTRON Energy GEL 12V - 90Ah \/C100. Grande durabilidade em ciclo profundo e vida \u00fatil mais longa. Estas baterias n\u00e3o necessitam de manuten\u00e7\u00e3o.\" \/>\n<meta property=\"og:url\" content=\"https:\/\/coelectrix.com\/pt-pt\/produto\/bateria-gel-12v-90ah-victron-energy\" \/>\n<meta property=\"og:site_name\" content=\"Coelectrix\" \/>\n<meta property=\"article:modified_time\" content=\"2025-08-19T04:01:56+00:00\" \/>\n<meta property=\"og:image\" content=\"https:\/\/coelectrix.com\/wp-content\/uploads\/2023\/05\/Bateria-GEL-12v-90Ah-Victron-Energy.jpg\" \/>\n\t<meta property=\"og:image:width\" content=\"600\" \/>\n\t<meta property=\"og:image:height\" content=\"600\" \/>\n\t<meta property=\"og:image:type\" content=\"image\/jpeg\" \/>\n<meta name=\"twitter:card\" content=\"summary_large_image\" \/>\n<meta name=\"twitter:label1\" content=\"Tempo estimado de leitura\" \/>\n\t<meta name=\"twitter:data1\" content=\"1 minuto\" \/>\n<script type=\"application\/ld+json\" class=\"yoast-schema-graph\">{\"@context\":\"https:\/\/schema.org\",\"@graph\":[{\"@type\":\"WebPage\",\"@id\":\"https:\/\/coelectrix.com\/pt-pt\/produto\/bateria-gel-12v-90ah-victron-energy\",\"url\":\"https:\/\/coelectrix.com\/pt-pt\/produto\/bateria-gel-12v-90ah-victron-energy\",\"name\":\"\u25b7 Bateria GEL 12v 90Ah Victron Energy | Coelectrix.com\",\"isPartOf\":{\"@id\":\"https:\/\/coelectrix.com\/pt-pt\/#website\"},\"primaryImageOfPage\":{\"@id\":\"https:\/\/coelectrix.com\/pt-pt\/produto\/bateria-gel-12v-90ah-victron-energy#primaryimage\"},\"image\":{\"@id\":\"https:\/\/coelectrix.com\/pt-pt\/produto\/bateria-gel-12v-90ah-victron-energy#primaryimage\"},\"thumbnailUrl\":\"https:\/\/coelectrix.com\/wp-content\/uploads\/2023\/05\/Bateria-GEL-12v-90Ah-Victron-Energy.jpg\",\"datePublished\":\"2023-05-13T06:40:01+00:00\",\"dateModified\":\"2025-08-19T04:01:56+00:00\",\"description\":\"Bateria solar VICTRON Energy GEL 12V - 90Ah \/C100. Grande durabilidade em ciclo profundo e vida \u00fatil mais longa. Estas baterias n\u00e3o necessitam de manuten\u00e7\u00e3o.\",\"breadcrumb\":{\"@id\":\"https:\/\/coelectrix.com\/pt-pt\/produto\/bateria-gel-12v-90ah-victron-energy#breadcrumb\"},\"inLanguage\":\"pt-PT\",\"potentialAction\":[{\"@type\":\"ReadAction\",\"target\":[\"https:\/\/coelectrix.com\/pt-pt\/produto\/bateria-gel-12v-90ah-victron-energy\"]}]},{\"@type\":\"ImageObject\",\"inLanguage\":\"pt-PT\",\"@id\":\"https:\/\/coelectrix.com\/pt-pt\/produto\/bateria-gel-12v-90ah-victron-energy#primaryimage\",\"url\":\"https:\/\/coelectrix.com\/wp-content\/uploads\/2023\/05\/Bateria-GEL-12v-90Ah-Victron-Energy.jpg\",\"contentUrl\":\"https:\/\/coelectrix.com\/wp-content\/uploads\/2023\/05\/Bateria-GEL-12v-90Ah-Victron-Energy.jpg\",\"width\":600,\"height\":600,\"caption\":\"Bateria 12v 90Ah GEL Victron Energy\"},{\"@type\":\"BreadcrumbList\",\"@id\":\"https:\/\/coelectrix.com\/pt-pt\/produto\/bateria-gel-12v-90ah-victron-energy#breadcrumb\",\"itemListElement\":[{\"@type\":\"ListItem\",\"position\":1,\"name\":\"Portada\",\"item\":\"https:\/\/coelectrix.com\/\"},{\"@type\":\"ListItem\",\"position\":2,\"name\":\"Loja\",\"item\":\"https:\/\/coelectrix.com\/pt-pt\/loja\"},{\"@type\":\"ListItem\",\"position\":3,\"name\":\"Bateria GEL 12v 90Ah Victron Energy\"}]},{\"@type\":\"WebSite\",\"@id\":\"https:\/\/coelectrix.com\/pt-pt\/#website\",\"url\":\"https:\/\/coelectrix.com\/pt-pt\/\",\"name\":\"Coelectrix\",\"description\":\"Componentes el\u00e9ctricos\",\"publisher\":{\"@id\":\"https:\/\/coelectrix.com\/pt-pt\/#organization\"},\"potentialAction\":[{\"@type\":\"SearchAction\",\"target\":{\"@type\":\"EntryPoint\",\"urlTemplate\":\"https:\/\/coelectrix.com\/pt-pt\/?s={search_term_string}\"},\"query-input\":{\"@type\":\"PropertyValueSpecification\",\"valueRequired\":true,\"valueName\":\"search_term_string\"}}],\"inLanguage\":\"pt-PT\"},{\"@type\":\"Organization\",\"@id\":\"https:\/\/coelectrix.com\/pt-pt\/#organization\",\"name\":\"coelectrix.com\",\"url\":\"https:\/\/coelectrix.com\/pt-pt\/\",\"logo\":{\"@type\":\"ImageObject\",\"inLanguage\":\"pt-PT\",\"@id\":\"https:\/\/coelectrix.com\/pt-pt\/#\/schema\/logo\/image\/\",\"url\":\"https:\/\/coelectrix.com\/wp-content\/uploads\/2018\/05\/logo-coelectrix-400x400.jpg\",\"contentUrl\":\"https:\/\/coelectrix.com\/wp-content\/uploads\/2018\/05\/logo-coelectrix-400x400.jpg\",\"width\":300,\"height\":300,\"caption\":\"coelectrix.com\"},\"image\":{\"@id\":\"https:\/\/coelectrix.com\/pt-pt\/#\/schema\/logo\/image\/\"}}]}<\/script>\n<!-- \/ Yoast SEO plugin. -->","yoast_head_json":{"title":"\u25b7 Bateria GEL 12v 90Ah Victron Energy | Coelectrix.com","description":"Bateria solar VICTRON Energy GEL 12V - 90Ah \/C100. Grande durabilidade em ciclo profundo e vida \u00fatil mais longa. Estas baterias n\u00e3o necessitam de manuten\u00e7\u00e3o.","robots":{"index":"index","follow":"follow","max-snippet":"max-snippet:-1","max-image-preview":"max-image-preview:large","max-video-preview":"max-video-preview:-1"},"canonical":"https:\/\/coelectrix.com\/pt-pt\/produto\/bateria-gel-12v-90ah-victron-energy","og_locale":"pt_PT","og_type":"article","og_title":"\u25b7 Bateria GEL 12v 90Ah Victron Energy | Coelectrix.com","og_description":"Bateria solar VICTRON Energy GEL 12V - 90Ah \/C100. Grande durabilidade em ciclo profundo e vida \u00fatil mais longa. Estas baterias n\u00e3o necessitam de manuten\u00e7\u00e3o.","og_url":"https:\/\/coelectrix.com\/pt-pt\/produto\/bateria-gel-12v-90ah-victron-energy","og_site_name":"Coelectrix","article_modified_time":"2025-08-19T04:01:56+00:00","og_image":[{"width":600,"height":600,"url":"https:\/\/coelectrix.com\/wp-content\/uploads\/2023\/05\/Bateria-GEL-12v-90Ah-Victron-Energy.jpg","type":"image\/jpeg"}],"twitter_card":"summary_large_image","twitter_misc":{"Tempo estimado de leitura":"1 minuto"},"schema":{"@context":"https:\/\/schema.org","@graph":[{"@type":"WebPage","@id":"https:\/\/coelectrix.com\/pt-pt\/produto\/bateria-gel-12v-90ah-victron-energy","url":"https:\/\/coelectrix.com\/pt-pt\/produto\/bateria-gel-12v-90ah-victron-energy","name":"\u25b7 Bateria GEL 12v 90Ah Victron Energy | Coelectrix.com","isPartOf":{"@id":"https:\/\/coelectrix.com\/pt-pt\/#website"},"primaryImageOfPage":{"@id":"https:\/\/coelectrix.com\/pt-pt\/produto\/bateria-gel-12v-90ah-victron-energy#primaryimage"},"image":{"@id":"https:\/\/coelectrix.com\/pt-pt\/produto\/bateria-gel-12v-90ah-victron-energy#primaryimage"},"thumbnailUrl":"https:\/\/coelectrix.com\/wp-content\/uploads\/2023\/05\/Bateria-GEL-12v-90Ah-Victron-Energy.jpg","datePublished":"2023-05-13T06:40:01+00:00","dateModified":"2025-08-19T04:01:56+00:00","description":"Bateria solar VICTRON Energy GEL 12V - 90Ah \/C100. Grande durabilidade em ciclo profundo e vida \u00fatil mais longa. Estas baterias n\u00e3o necessitam de manuten\u00e7\u00e3o.","breadcrumb":{"@id":"https:\/\/coelectrix.com\/pt-pt\/produto\/bateria-gel-12v-90ah-victron-energy#breadcrumb"},"inLanguage":"pt-PT","potentialAction":[{"@type":"ReadAction","target":["https:\/\/coelectrix.com\/pt-pt\/produto\/bateria-gel-12v-90ah-victron-energy"]}]},{"@type":"ImageObject","inLanguage":"pt-PT","@id":"https:\/\/coelectrix.com\/pt-pt\/produto\/bateria-gel-12v-90ah-victron-energy#primaryimage","url":"https:\/\/coelectrix.com\/wp-content\/uploads\/2023\/05\/Bateria-GEL-12v-90Ah-Victron-Energy.jpg","contentUrl":"https:\/\/coelectrix.com\/wp-content\/uploads\/2023\/05\/Bateria-GEL-12v-90Ah-Victron-Energy.jpg","width":600,"height":600,"caption":"Bateria 12v 90Ah GEL Victron Energy"},{"@type":"BreadcrumbList","@id":"https:\/\/coelectrix.com\/pt-pt\/produto\/bateria-gel-12v-90ah-victron-energy#breadcrumb","itemListElement":[{"@type":"ListItem","position":1,"name":"Portada","item":"https:\/\/coelectrix.com\/"},{"@type":"ListItem","position":2,"name":"Loja","item":"https:\/\/coelectrix.com\/pt-pt\/loja"},{"@type":"ListItem","position":3,"name":"Bateria GEL 12v 90Ah Victron Energy"}]},{"@type":"WebSite","@id":"https:\/\/coelectrix.com\/pt-pt\/#website","url":"https:\/\/coelectrix.com\/pt-pt\/","name":"Coelectrix","description":"Componentes el\u00e9ctricos","publisher":{"@id":"https:\/\/coelectrix.com\/pt-pt\/#organization"},"potentialAction":[{"@type":"SearchAction","target":{"@type":"EntryPoint","urlTemplate":"https:\/\/coelectrix.com\/pt-pt\/?s={search_term_string}"},"query-input":{"@type":"PropertyValueSpecification","valueRequired":true,"valueName":"search_term_string"}}],"inLanguage":"pt-PT"},{"@type":"Organization","@id":"https:\/\/coelectrix.com\/pt-pt\/#organization","name":"coelectrix.com","url":"https:\/\/coelectrix.com\/pt-pt\/","logo":{"@type":"ImageObject","inLanguage":"pt-PT","@id":"https:\/\/coelectrix.com\/pt-pt\/#\/schema\/logo\/image\/","url":"https:\/\/coelectrix.com\/wp-content\/uploads\/2018\/05\/logo-coelectrix-400x400.jpg","contentUrl":"https:\/\/coelectrix.com\/wp-content\/uploads\/2018\/05\/logo-coelectrix-400x400.jpg","width":300,"height":300,"caption":"coelectrix.com"},"image":{"@id":"https:\/\/coelectrix.com\/pt-pt\/#\/schema\/logo\/image\/"}}]}},"_links":{"self":[{"href":"https:\/\/coelectrix.com\/pt-pt\/wp-json\/wp\/v2\/product\/74825","targetHints":{"allow":["GET"]}}],"collection":[{"href":"https:\/\/coelectrix.com\/pt-pt\/wp-json\/wp\/v2\/product"}],"about":[{"href":"https:\/\/coelectrix.com\/pt-pt\/wp-json\/wp\/v2\/types\/product"}],"version-history":[{"count":1,"href":"https:\/\/coelectrix.com\/pt-pt\/wp-json\/wp\/v2\/product\/74825\/revisions"}],"predecessor-version":[{"id":75319,"href":"https:\/\/coelectrix.com\/pt-pt\/wp-json\/wp\/v2\/product\/74825\/revisions\/75319"}],"wp:featuredmedia":[{"embeddable":true,"href":"https:\/\/coelectrix.com\/pt-pt\/wp-json\/wp\/v2\/media\/74174"}],"wp:attachment":[{"href":"https:\/\/coelectrix.com\/pt-pt\/wp-json\/wp\/v2\/media?parent=74825"}],"wp:term":[{"taxonomy":"product_brand","embeddable":true,"href":"https:\/\/coelectrix.com\/pt-pt\/wp-json\/wp\/v2\/product_brand?post=74825"},{"taxonomy":"product_cat","embeddable":true,"href":"https:\/\/coelectrix.com\/pt-pt\/wp-json\/wp\/v2\/product_cat?post=74825"},{"taxonomy":"product_tag","embeddable":true,"href":"https:\/\/coelectrix.com\/pt-pt\/wp-json\/wp\/v2\/product_tag?post=74825"}],"curies":[{"name":"wp","href":"https:\/\/api.w.org\/{rel}","templated":true}]}}