{"id":74826,"date":"2023-05-13T07:52:17","date_gmt":"2023-05-13T05:52:17","guid":{"rendered":"https:\/\/coelectrix.com\/producto\/smart-battery-sense-victron-energy"},"modified":"2025-08-19T06:01:56","modified_gmt":"2025-08-19T04:01:56","slug":"smart-battery-sense-victron-energy","status":"publish","type":"product","link":"https:\/\/coelectrix.com\/pt-pt\/produto\/smart-battery-sense-victron-energy","title":{"rendered":"SMART BATTERY SENSE Victron Energy"},"content":{"rendered":"<h2><strong>SMART BATTERY SENSE Victron Energy<\/strong><\/h2>\n<p>Este pequeno dispositivo inteligente de dete\u00e7\u00e3o de bateria pode ser utilizado simplesmente para saber a tens\u00e3o e a temperatura exactas da bateria atrav\u00e9s de bluettoth atrav\u00e9s da aplica\u00e7\u00e3o VictronConect, mas \u00e9 utilizado principalmente para melhorar o desempenho, por exemplo, do MPPT, uma vez que comunica com o MPPT para transmitir dados exactos de tens\u00e3o e temperatura sem a perda de quedas de tens\u00e3o e, assim, melhorar o desempenho, aumentar a efici\u00eancia de carregamento e prolongar a vida \u00fatil da bateria.<\/p>\n<h3><strong>Melhora o carregamento da bateria<\/strong><\/h3>\n<p>Ao medir a tens\u00e3o nos terminais do banco de baterias, evitam-se os erros resultantes da perda de tens\u00e3o devido \u00e0 resist\u00eancia dos cabos, garantindo uma tens\u00e3o de carga correta.<\/p>\n<p>Nas baterias de chumbo-\u00e1cido, a informa\u00e7\u00e3o sobre a temperatura da bateria \u00e9 utilizada para ajustar as tens\u00f5es de carga: as baterias frias necessitam de uma tens\u00e3o de carga mais elevada e as baterias quentes necessitam de uma tens\u00e3o de carga mais baixa. No caso das baterias de l\u00edtio, a informa\u00e7\u00e3o sobre a temperatura \u00e9 utilizada para desativar o carregamento quando est\u00e1 frio: carregar baterias de l\u00edtio a temperaturas pr\u00f3ximas ou abaixo de zero provoca danos permanentes nas c\u00e9lulas.<\/p>\n<p>A liga\u00e7\u00e3o entre o Smart Battery Sense e um ou mais carregadores solares \u00e9 feita sem fios: \u00e9 utilizada a VE.Smart Network &#8211; uma tecnologia sem fios baseada no Bluetooth Smart.<\/p>\n<p>A informa\u00e7\u00e3o transmitida pode ser utilizada simultaneamente por um, dois ou mais carregadores solares ligados ao mesmo banco de baterias de 12V, 24V e 48V. A Smart Network \u00e9 configurada com a aplica\u00e7\u00e3o VictronConnect.<\/p>\n<p>A instala\u00e7\u00e3o \u00e9 simples, r\u00e1pida e limpa. Ligue as duas ranhuras da unidade aos terminais da bateria e fixe a unidade Smart Battery Sense diretamente ao corpo da bateria com a sua fita autocolante.<\/p>\n<p><img fetchpriority=\"high\" decoding=\"async\" class=\"alignnone size-medium wp-image-50987\" src=\"https:\/\/coelectrix.com\/wp-content\/uploads\/2023\/05\/smart-battery-sense-instalacion-300x300.jpg\" alt=\"\" width=\"300\" height=\"300\" srcset=\"https:\/\/coelectrix.com\/wp-content\/uploads\/2023\/05\/smart-battery-sense-instalacion-300x300.jpg 300w, https:\/\/coelectrix.com\/wp-content\/uploads\/2023\/05\/smart-battery-sense-instalacion-150x150.jpg 150w, https:\/\/coelectrix.com\/wp-content\/uploads\/2023\/05\/smart-battery-sense-instalacion-196x196.jpg 196w, https:\/\/coelectrix.com\/wp-content\/uploads\/2023\/05\/smart-battery-sense-instalacion-416x416.jpg 416w, https:\/\/coelectrix.com\/wp-content\/uploads\/2023\/05\/smart-battery-sense-instalacion-100x100.jpg 100w, https:\/\/coelectrix.com\/wp-content\/uploads\/2023\/05\/smart-battery-sense-instalacion-50x50.jpg 50w, https:\/\/coelectrix.com\/wp-content\/uploads\/2023\/05\/smart-battery-sense-instalacion-64x64.jpg 64w, https:\/\/coelectrix.com\/wp-content\/uploads\/2023\/05\/smart-battery-sense-instalacion.jpg 600w\" sizes=\"(max-width: 300px) 100vw, 300px\" \/><\/p>\n<p><iframe title=\"Introducing the Smart Battery Sense\" width=\"980\" height=\"551\" src=\"https:\/\/www.youtube.com\/embed\/v62wCfXaWXY?feature=oembed&#038;enablejsapi=1&#038;origin=https:\/\/coelectrix.com\" frameborder=\"0\" allow=\"accelerometer; autoplay; clipboard-write; encrypted-media; gyroscope; picture-in-picture; web-share\" referrerpolicy=\"strict-origin-when-cross-origin\" allowfullscreen><\/iframe><\/p>\n","protected":false},"excerpt":{"rendered":"<p>O Smart Battery Sense da Victron Energy \u00e9 um sensor de tens\u00e3o e temperatura de bateria sem fios para utiliza\u00e7\u00e3o como monitor de bateria ou em combina\u00e7\u00e3o com carregadores solares MPPT Victron e outros equipamentos.<br \/>\nCom o sensor de tens\u00e3o e temperatura, as baterias ser\u00e3o melhor carregadas, a efici\u00eancia de carregamento aumentar\u00e1 e a vida \u00fatil da bateria ser\u00e1 prolongada.<\/p>\n","protected":false},"featured_media":74171,"template":"","meta":{"_acf_changed":false},"product_brand":[],"product_cat":[1346,1341,128,1338,1352],"product_tag":[1445],"class_list":{"0":"post-74826","1":"product","2":"type-product","3":"status-publish","4":"has-post-thumbnail","6":"product_cat-baterias-agm-e-de-litio","7":"product_cat-paineis-solares","8":"product_cat-paneles-de-control-y-carga","9":"product_cat-victron-energia","10":"product_cat-voltimetros-pt","11":"product_tag-victron-pt","13":"first","14":"instock","15":"taxable","16":"shipping-taxable","17":"purchasable","18":"product-type-simple"},"acf":[],"yoast_head":"<!-- This site is optimized with the Yoast SEO plugin v27.2 - https:\/\/yoast.com\/product\/yoast-seo-wordpress\/ -->\n<title>\u25b7 SMART BATTERY SENSE Victron Energy | Coelectrix.com<\/title>\n<meta name=\"robots\" content=\"index, follow, max-snippet:-1, max-image-preview:large, max-video-preview:-1\" \/>\n<link rel=\"canonical\" href=\"https:\/\/coelectrix.com\/pt-pt\/produto\/smart-battery-sense-victron-energy\" \/>\n<meta property=\"og:locale\" content=\"pt_PT\" \/>\n<meta property=\"og:type\" content=\"article\" \/>\n<meta property=\"og:title\" content=\"\u25b7 SMART BATTERY SENSE Victron Energy | Coelectrix.com\" \/>\n<meta property=\"og:description\" content=\"O Smart Battery Sense da Victron Energy \u00e9 um sensor de tens\u00e3o e temperatura de bateria sem fios para utiliza\u00e7\u00e3o como monitor de bateria ou em combina\u00e7\u00e3o com carregadores solares MPPT Victron e outros equipamentos. Com o sensor de tens\u00e3o e temperatura, as baterias ser\u00e3o melhor carregadas, a efici\u00eancia de carregamento aumentar\u00e1 e a vida \u00fatil da bateria ser\u00e1 prolongada.\" \/>\n<meta property=\"og:url\" content=\"https:\/\/coelectrix.com\/pt-pt\/produto\/smart-battery-sense-victron-energy\" \/>\n<meta property=\"og:site_name\" content=\"Coelectrix\" \/>\n<meta property=\"article:modified_time\" content=\"2025-08-19T04:01:56+00:00\" \/>\n<meta property=\"og:image\" content=\"https:\/\/coelectrix.com\/wp-content\/uploads\/2023\/05\/Smart-BatterySense-victron.jpg\" \/>\n\t<meta property=\"og:image:width\" content=\"600\" \/>\n\t<meta property=\"og:image:height\" content=\"600\" \/>\n\t<meta property=\"og:image:type\" content=\"image\/jpeg\" \/>\n<meta name=\"twitter:card\" content=\"summary_large_image\" \/>\n<meta name=\"twitter:label1\" content=\"Tempo estimado de leitura\" \/>\n\t<meta name=\"twitter:data1\" content=\"2 minutos\" \/>\n<script type=\"application\/ld+json\" class=\"yoast-schema-graph\">{\"@context\":\"https:\/\/schema.org\",\"@graph\":[{\"@type\":\"WebPage\",\"@id\":\"https:\/\/coelectrix.com\/pt-pt\/produto\/smart-battery-sense-victron-energy\",\"url\":\"https:\/\/coelectrix.com\/pt-pt\/produto\/smart-battery-sense-victron-energy\",\"name\":\"\u25b7 SMART BATTERY SENSE Victron Energy | Coelectrix.com\",\"isPartOf\":{\"@id\":\"https:\/\/coelectrix.com\/pt-pt\/#website\"},\"primaryImageOfPage\":{\"@id\":\"https:\/\/coelectrix.com\/pt-pt\/produto\/smart-battery-sense-victron-energy#primaryimage\"},\"image\":{\"@id\":\"https:\/\/coelectrix.com\/pt-pt\/produto\/smart-battery-sense-victron-energy#primaryimage\"},\"thumbnailUrl\":\"https:\/\/coelectrix.com\/wp-content\/uploads\/2023\/05\/Smart-BatterySense-victron.jpg\",\"datePublished\":\"2023-05-13T05:52:17+00:00\",\"dateModified\":\"2025-08-19T04:01:56+00:00\",\"breadcrumb\":{\"@id\":\"https:\/\/coelectrix.com\/pt-pt\/produto\/smart-battery-sense-victron-energy#breadcrumb\"},\"inLanguage\":\"pt-PT\",\"potentialAction\":[{\"@type\":\"ReadAction\",\"target\":[\"https:\/\/coelectrix.com\/pt-pt\/produto\/smart-battery-sense-victron-energy\"]}]},{\"@type\":\"ImageObject\",\"inLanguage\":\"pt-PT\",\"@id\":\"https:\/\/coelectrix.com\/pt-pt\/produto\/smart-battery-sense-victron-energy#primaryimage\",\"url\":\"https:\/\/coelectrix.com\/wp-content\/uploads\/2023\/05\/Smart-BatterySense-victron.jpg\",\"contentUrl\":\"https:\/\/coelectrix.com\/wp-content\/uploads\/2023\/05\/Smart-BatterySense-victron.jpg\",\"width\":600,\"height\":600,\"caption\":\"SMART BATTERY SENSE Victron Energy\"},{\"@type\":\"BreadcrumbList\",\"@id\":\"https:\/\/coelectrix.com\/pt-pt\/produto\/smart-battery-sense-victron-energy#breadcrumb\",\"itemListElement\":[{\"@type\":\"ListItem\",\"position\":1,\"name\":\"Portada\",\"item\":\"https:\/\/coelectrix.com\/\"},{\"@type\":\"ListItem\",\"position\":2,\"name\":\"Loja\",\"item\":\"https:\/\/coelectrix.com\/pt-pt\/loja\"},{\"@type\":\"ListItem\",\"position\":3,\"name\":\"SMART BATTERY SENSE Victron Energy\"}]},{\"@type\":\"WebSite\",\"@id\":\"https:\/\/coelectrix.com\/pt-pt\/#website\",\"url\":\"https:\/\/coelectrix.com\/pt-pt\/\",\"name\":\"Coelectrix\",\"description\":\"Componentes el\u00e9ctricos\",\"publisher\":{\"@id\":\"https:\/\/coelectrix.com\/pt-pt\/#organization\"},\"potentialAction\":[{\"@type\":\"SearchAction\",\"target\":{\"@type\":\"EntryPoint\",\"urlTemplate\":\"https:\/\/coelectrix.com\/pt-pt\/?s={search_term_string}\"},\"query-input\":{\"@type\":\"PropertyValueSpecification\",\"valueRequired\":true,\"valueName\":\"search_term_string\"}}],\"inLanguage\":\"pt-PT\"},{\"@type\":\"Organization\",\"@id\":\"https:\/\/coelectrix.com\/pt-pt\/#organization\",\"name\":\"coelectrix.com\",\"url\":\"https:\/\/coelectrix.com\/pt-pt\/\",\"logo\":{\"@type\":\"ImageObject\",\"inLanguage\":\"pt-PT\",\"@id\":\"https:\/\/coelectrix.com\/pt-pt\/#\/schema\/logo\/image\/\",\"url\":\"https:\/\/coelectrix.com\/wp-content\/uploads\/2018\/05\/logo-coelectrix-400x400.jpg\",\"contentUrl\":\"https:\/\/coelectrix.com\/wp-content\/uploads\/2018\/05\/logo-coelectrix-400x400.jpg\",\"width\":300,\"height\":300,\"caption\":\"coelectrix.com\"},\"image\":{\"@id\":\"https:\/\/coelectrix.com\/pt-pt\/#\/schema\/logo\/image\/\"}}]}<\/script>\n<!-- \/ Yoast SEO plugin. -->","yoast_head_json":{"title":"\u25b7 SMART BATTERY SENSE Victron Energy | Coelectrix.com","robots":{"index":"index","follow":"follow","max-snippet":"max-snippet:-1","max-image-preview":"max-image-preview:large","max-video-preview":"max-video-preview:-1"},"canonical":"https:\/\/coelectrix.com\/pt-pt\/produto\/smart-battery-sense-victron-energy","og_locale":"pt_PT","og_type":"article","og_title":"\u25b7 SMART BATTERY SENSE Victron Energy | Coelectrix.com","og_description":"O Smart Battery Sense da Victron Energy \u00e9 um sensor de tens\u00e3o e temperatura de bateria sem fios para utiliza\u00e7\u00e3o como monitor de bateria ou em combina\u00e7\u00e3o com carregadores solares MPPT Victron e outros equipamentos. Com o sensor de tens\u00e3o e temperatura, as baterias ser\u00e3o melhor carregadas, a efici\u00eancia de carregamento aumentar\u00e1 e a vida \u00fatil da bateria ser\u00e1 prolongada.","og_url":"https:\/\/coelectrix.com\/pt-pt\/produto\/smart-battery-sense-victron-energy","og_site_name":"Coelectrix","article_modified_time":"2025-08-19T04:01:56+00:00","og_image":[{"width":600,"height":600,"url":"https:\/\/coelectrix.com\/wp-content\/uploads\/2023\/05\/Smart-BatterySense-victron.jpg","type":"image\/jpeg"}],"twitter_card":"summary_large_image","twitter_misc":{"Tempo estimado de leitura":"2 minutos"},"schema":{"@context":"https:\/\/schema.org","@graph":[{"@type":"WebPage","@id":"https:\/\/coelectrix.com\/pt-pt\/produto\/smart-battery-sense-victron-energy","url":"https:\/\/coelectrix.com\/pt-pt\/produto\/smart-battery-sense-victron-energy","name":"\u25b7 SMART BATTERY SENSE Victron Energy | Coelectrix.com","isPartOf":{"@id":"https:\/\/coelectrix.com\/pt-pt\/#website"},"primaryImageOfPage":{"@id":"https:\/\/coelectrix.com\/pt-pt\/produto\/smart-battery-sense-victron-energy#primaryimage"},"image":{"@id":"https:\/\/coelectrix.com\/pt-pt\/produto\/smart-battery-sense-victron-energy#primaryimage"},"thumbnailUrl":"https:\/\/coelectrix.com\/wp-content\/uploads\/2023\/05\/Smart-BatterySense-victron.jpg","datePublished":"2023-05-13T05:52:17+00:00","dateModified":"2025-08-19T04:01:56+00:00","breadcrumb":{"@id":"https:\/\/coelectrix.com\/pt-pt\/produto\/smart-battery-sense-victron-energy#breadcrumb"},"inLanguage":"pt-PT","potentialAction":[{"@type":"ReadAction","target":["https:\/\/coelectrix.com\/pt-pt\/produto\/smart-battery-sense-victron-energy"]}]},{"@type":"ImageObject","inLanguage":"pt-PT","@id":"https:\/\/coelectrix.com\/pt-pt\/produto\/smart-battery-sense-victron-energy#primaryimage","url":"https:\/\/coelectrix.com\/wp-content\/uploads\/2023\/05\/Smart-BatterySense-victron.jpg","contentUrl":"https:\/\/coelectrix.com\/wp-content\/uploads\/2023\/05\/Smart-BatterySense-victron.jpg","width":600,"height":600,"caption":"SMART BATTERY SENSE Victron Energy"},{"@type":"BreadcrumbList","@id":"https:\/\/coelectrix.com\/pt-pt\/produto\/smart-battery-sense-victron-energy#breadcrumb","itemListElement":[{"@type":"ListItem","position":1,"name":"Portada","item":"https:\/\/coelectrix.com\/"},{"@type":"ListItem","position":2,"name":"Loja","item":"https:\/\/coelectrix.com\/pt-pt\/loja"},{"@type":"ListItem","position":3,"name":"SMART BATTERY SENSE Victron Energy"}]},{"@type":"WebSite","@id":"https:\/\/coelectrix.com\/pt-pt\/#website","url":"https:\/\/coelectrix.com\/pt-pt\/","name":"Coelectrix","description":"Componentes el\u00e9ctricos","publisher":{"@id":"https:\/\/coelectrix.com\/pt-pt\/#organization"},"potentialAction":[{"@type":"SearchAction","target":{"@type":"EntryPoint","urlTemplate":"https:\/\/coelectrix.com\/pt-pt\/?s={search_term_string}"},"query-input":{"@type":"PropertyValueSpecification","valueRequired":true,"valueName":"search_term_string"}}],"inLanguage":"pt-PT"},{"@type":"Organization","@id":"https:\/\/coelectrix.com\/pt-pt\/#organization","name":"coelectrix.com","url":"https:\/\/coelectrix.com\/pt-pt\/","logo":{"@type":"ImageObject","inLanguage":"pt-PT","@id":"https:\/\/coelectrix.com\/pt-pt\/#\/schema\/logo\/image\/","url":"https:\/\/coelectrix.com\/wp-content\/uploads\/2018\/05\/logo-coelectrix-400x400.jpg","contentUrl":"https:\/\/coelectrix.com\/wp-content\/uploads\/2018\/05\/logo-coelectrix-400x400.jpg","width":300,"height":300,"caption":"coelectrix.com"},"image":{"@id":"https:\/\/coelectrix.com\/pt-pt\/#\/schema\/logo\/image\/"}}]}},"_links":{"self":[{"href":"https:\/\/coelectrix.com\/pt-pt\/wp-json\/wp\/v2\/product\/74826","targetHints":{"allow":["GET"]}}],"collection":[{"href":"https:\/\/coelectrix.com\/pt-pt\/wp-json\/wp\/v2\/product"}],"about":[{"href":"https:\/\/coelectrix.com\/pt-pt\/wp-json\/wp\/v2\/types\/product"}],"version-history":[{"count":1,"href":"https:\/\/coelectrix.com\/pt-pt\/wp-json\/wp\/v2\/product\/74826\/revisions"}],"predecessor-version":[{"id":75320,"href":"https:\/\/coelectrix.com\/pt-pt\/wp-json\/wp\/v2\/product\/74826\/revisions\/75320"}],"wp:featuredmedia":[{"embeddable":true,"href":"https:\/\/coelectrix.com\/pt-pt\/wp-json\/wp\/v2\/media\/74171"}],"wp:attachment":[{"href":"https:\/\/coelectrix.com\/pt-pt\/wp-json\/wp\/v2\/media?parent=74826"}],"wp:term":[{"taxonomy":"product_brand","embeddable":true,"href":"https:\/\/coelectrix.com\/pt-pt\/wp-json\/wp\/v2\/product_brand?post=74826"},{"taxonomy":"product_cat","embeddable":true,"href":"https:\/\/coelectrix.com\/pt-pt\/wp-json\/wp\/v2\/product_cat?post=74826"},{"taxonomy":"product_tag","embeddable":true,"href":"https:\/\/coelectrix.com\/pt-pt\/wp-json\/wp\/v2\/product_tag?post=74826"}],"curies":[{"name":"wp","href":"https:\/\/api.w.org\/{rel}","templated":true}]}}