{"id":74831,"date":"2022-09-28T13:20:35","date_gmt":"2022-09-28T11:20:35","guid":{"rendered":"https:\/\/coelectrix.com\/producto\/correia-de-nylon-para-segurar-as-pilhas"},"modified":"2025-08-19T06:02:30","modified_gmt":"2025-08-19T04:02:30","slug":"correia-de-nylon-para-segurar-as-pilhas","status":"publish","type":"product","link":"https:\/\/coelectrix.com\/pt-pt\/produto\/cinto-de-retencao-da-bateria","title":{"rendered":"Correia de nylon para segurar as pilhas"},"content":{"rendered":"<h2><strong>Correia de nylon para segurar as pilhas<\/strong><\/h2>\n<figure id=\"attachment_45535\" aria-describedby=\"caption-attachment-45535\" style=\"width: 426px\" class=\"wp-caption alignnone\"><img fetchpriority=\"high\" decoding=\"async\" class=\" wp-image-45535\" src=\"https:\/\/coelectrix.com\/wp-content\/uploads\/2022\/09\/Cincha-para-sujetar-baterias_2-300x300.jpg\" alt=\"Cincha para sujetar baterias\" width=\"426\" height=\"426\" srcset=\"https:\/\/coelectrix.com\/wp-content\/uploads\/2022\/09\/Cincha-para-sujetar-baterias_2-300x300.jpg 300w, https:\/\/coelectrix.com\/wp-content\/uploads\/2022\/09\/Cincha-para-sujetar-baterias_2-150x150.jpg 150w, https:\/\/coelectrix.com\/wp-content\/uploads\/2022\/09\/Cincha-para-sujetar-baterias_2-768x768.jpg 768w, https:\/\/coelectrix.com\/wp-content\/uploads\/2022\/09\/Cincha-para-sujetar-baterias_2-196x196.jpg 196w, https:\/\/coelectrix.com\/wp-content\/uploads\/2022\/09\/Cincha-para-sujetar-baterias_2-416x416.jpg 416w, https:\/\/coelectrix.com\/wp-content\/uploads\/2022\/09\/Cincha-para-sujetar-baterias_2-100x100.jpg 100w, https:\/\/coelectrix.com\/wp-content\/uploads\/2022\/09\/Cincha-para-sujetar-baterias_2-50x50.jpg 50w, https:\/\/coelectrix.com\/wp-content\/uploads\/2022\/09\/Cincha-para-sujetar-baterias_2-64x64.jpg 64w, https:\/\/coelectrix.com\/wp-content\/uploads\/2022\/09\/Cincha-para-sujetar-baterias_2.jpg 1000w\" sizes=\"(max-width: 426px) 100vw, 426px\" \/><figcaption id=\"caption-attachment-45535\" class=\"wp-caption-text\">Correia para pilhas<\/figcaption><\/figure>\n","protected":false},"excerpt":{"rendered":"<p>Kit para fixar as baterias, incluindo fixadores de a\u00e7o inoxid\u00e1vel e cinta de nylon de 1 metro,<\/p>\n<p>Inclui fixa\u00e7\u00f5es e parafusos em a\u00e7o inoxid\u00e1vel.<\/p>\n<p>Cinta de 100 cm<\/p>\n","protected":false},"featured_media":74006,"template":"","meta":{"_acf_changed":false},"product_brand":[],"product_cat":[1346],"product_tag":[],"class_list":{"0":"post-74831","1":"product","2":"type-product","3":"status-publish","4":"has-post-thumbnail","6":"product_cat-baterias-agm-e-de-litio","8":"first","9":"instock","10":"taxable","11":"shipping-taxable","12":"purchasable","13":"product-type-simple"},"acf":[],"yoast_head":"<!-- This site is optimized with the Yoast SEO plugin v27.2 - https:\/\/yoast.com\/product\/yoast-seo-wordpress\/ -->\n<title>\u25b7 Correia de nylon para segurar as pilhas | Coelectrix.com<\/title>\n<meta name=\"description\" content=\"Kit de montagem da bateria para ve\u00edculo, incluindo 1 metro de fita de nylon e 2 fixadores de a\u00e7o inoxid\u00e1vel com parafusos.\" \/>\n<meta name=\"robots\" content=\"index, follow, max-snippet:-1, max-image-preview:large, max-video-preview:-1\" \/>\n<link rel=\"canonical\" href=\"https:\/\/coelectrix.com\/pt-pt\/produto\/cinto-de-retencao-da-bateria\" \/>\n<meta property=\"og:locale\" content=\"pt_PT\" \/>\n<meta property=\"og:type\" content=\"article\" \/>\n<meta property=\"og:title\" content=\"\u25b7 Correia de nylon para segurar as pilhas | Coelectrix.com\" \/>\n<meta property=\"og:description\" content=\"Kit de montagem da bateria para ve\u00edculo, incluindo 1 metro de fita de nylon e 2 fixadores de a\u00e7o inoxid\u00e1vel com parafusos.\" \/>\n<meta property=\"og:url\" content=\"https:\/\/coelectrix.com\/pt-pt\/produto\/cinto-de-retencao-da-bateria\" \/>\n<meta property=\"og:site_name\" content=\"Coelectrix\" \/>\n<meta property=\"article:modified_time\" content=\"2025-08-19T04:02:30+00:00\" \/>\n<meta property=\"og:image\" content=\"https:\/\/coelectrix.com\/wp-content\/uploads\/2022\/09\/Moeller-Cincha-Caja-de-Baterias.jpg\" \/>\n\t<meta property=\"og:image:width\" content=\"1000\" \/>\n\t<meta property=\"og:image:height\" content=\"1000\" \/>\n\t<meta property=\"og:image:type\" content=\"image\/jpeg\" \/>\n<meta name=\"twitter:card\" content=\"summary_large_image\" \/>\n<script type=\"application\/ld+json\" class=\"yoast-schema-graph\">{\"@context\":\"https:\/\/schema.org\",\"@graph\":[{\"@type\":\"WebPage\",\"@id\":\"https:\/\/coelectrix.com\/pt-pt\/produto\/cinto-de-retencao-da-bateria\",\"url\":\"https:\/\/coelectrix.com\/pt-pt\/produto\/cinto-de-retencao-da-bateria\",\"name\":\"\u25b7 Correia de nylon para segurar as pilhas | Coelectrix.com\",\"isPartOf\":{\"@id\":\"https:\/\/coelectrix.com\/pt-pt\/#website\"},\"primaryImageOfPage\":{\"@id\":\"https:\/\/coelectrix.com\/pt-pt\/produto\/cinto-de-retencao-da-bateria#primaryimage\"},\"image\":{\"@id\":\"https:\/\/coelectrix.com\/pt-pt\/produto\/cinto-de-retencao-da-bateria#primaryimage\"},\"thumbnailUrl\":\"https:\/\/coelectrix.com\/wp-content\/uploads\/2022\/09\/Moeller-Cincha-Caja-de-Baterias.jpg\",\"datePublished\":\"2022-09-28T11:20:35+00:00\",\"dateModified\":\"2025-08-19T04:02:30+00:00\",\"description\":\"Kit de montagem da bateria para ve\u00edculo, incluindo 1 metro de fita de nylon e 2 fixadores de a\u00e7o inoxid\u00e1vel com parafusos.\",\"breadcrumb\":{\"@id\":\"https:\/\/coelectrix.com\/pt-pt\/produto\/cinto-de-retencao-da-bateria#breadcrumb\"},\"inLanguage\":\"pt-PT\",\"potentialAction\":[{\"@type\":\"ReadAction\",\"target\":[\"https:\/\/coelectrix.com\/pt-pt\/produto\/cinto-de-retencao-da-bateria\"]}]},{\"@type\":\"ImageObject\",\"inLanguage\":\"pt-PT\",\"@id\":\"https:\/\/coelectrix.com\/pt-pt\/produto\/cinto-de-retencao-da-bateria#primaryimage\",\"url\":\"https:\/\/coelectrix.com\/wp-content\/uploads\/2022\/09\/Moeller-Cincha-Caja-de-Baterias.jpg\",\"contentUrl\":\"https:\/\/coelectrix.com\/wp-content\/uploads\/2022\/09\/Moeller-Cincha-Caja-de-Baterias.jpg\",\"width\":1000,\"height\":1000,\"caption\":\"Correia da bateria\"},{\"@type\":\"BreadcrumbList\",\"@id\":\"https:\/\/coelectrix.com\/pt-pt\/produto\/cinto-de-retencao-da-bateria#breadcrumb\",\"itemListElement\":[{\"@type\":\"ListItem\",\"position\":1,\"name\":\"Portada\",\"item\":\"https:\/\/coelectrix.com\/\"},{\"@type\":\"ListItem\",\"position\":2,\"name\":\"Loja\",\"item\":\"https:\/\/coelectrix.com\/pt-pt\/loja\"},{\"@type\":\"ListItem\",\"position\":3,\"name\":\"Correia de nylon para segurar as pilhas\"}]},{\"@type\":\"WebSite\",\"@id\":\"https:\/\/coelectrix.com\/pt-pt\/#website\",\"url\":\"https:\/\/coelectrix.com\/pt-pt\/\",\"name\":\"Coelectrix\",\"description\":\"Componentes el\u00e9ctricos\",\"publisher\":{\"@id\":\"https:\/\/coelectrix.com\/pt-pt\/#organization\"},\"potentialAction\":[{\"@type\":\"SearchAction\",\"target\":{\"@type\":\"EntryPoint\",\"urlTemplate\":\"https:\/\/coelectrix.com\/pt-pt\/?s={search_term_string}\"},\"query-input\":{\"@type\":\"PropertyValueSpecification\",\"valueRequired\":true,\"valueName\":\"search_term_string\"}}],\"inLanguage\":\"pt-PT\"},{\"@type\":\"Organization\",\"@id\":\"https:\/\/coelectrix.com\/pt-pt\/#organization\",\"name\":\"coelectrix.com\",\"url\":\"https:\/\/coelectrix.com\/pt-pt\/\",\"logo\":{\"@type\":\"ImageObject\",\"inLanguage\":\"pt-PT\",\"@id\":\"https:\/\/coelectrix.com\/pt-pt\/#\/schema\/logo\/image\/\",\"url\":\"https:\/\/coelectrix.com\/wp-content\/uploads\/2018\/05\/logo-coelectrix-400x400.jpg\",\"contentUrl\":\"https:\/\/coelectrix.com\/wp-content\/uploads\/2018\/05\/logo-coelectrix-400x400.jpg\",\"width\":300,\"height\":300,\"caption\":\"coelectrix.com\"},\"image\":{\"@id\":\"https:\/\/coelectrix.com\/pt-pt\/#\/schema\/logo\/image\/\"}}]}<\/script>\n<!-- \/ Yoast SEO plugin. -->","yoast_head_json":{"title":"\u25b7 Correia de nylon para segurar as pilhas | Coelectrix.com","description":"Kit de montagem da bateria para ve\u00edculo, incluindo 1 metro de fita de nylon e 2 fixadores de a\u00e7o inoxid\u00e1vel com parafusos.","robots":{"index":"index","follow":"follow","max-snippet":"max-snippet:-1","max-image-preview":"max-image-preview:large","max-video-preview":"max-video-preview:-1"},"canonical":"https:\/\/coelectrix.com\/pt-pt\/produto\/cinto-de-retencao-da-bateria","og_locale":"pt_PT","og_type":"article","og_title":"\u25b7 Correia de nylon para segurar as pilhas | Coelectrix.com","og_description":"Kit de montagem da bateria para ve\u00edculo, incluindo 1 metro de fita de nylon e 2 fixadores de a\u00e7o inoxid\u00e1vel com parafusos.","og_url":"https:\/\/coelectrix.com\/pt-pt\/produto\/cinto-de-retencao-da-bateria","og_site_name":"Coelectrix","article_modified_time":"2025-08-19T04:02:30+00:00","og_image":[{"width":1000,"height":1000,"url":"https:\/\/coelectrix.com\/wp-content\/uploads\/2022\/09\/Moeller-Cincha-Caja-de-Baterias.jpg","type":"image\/jpeg"}],"twitter_card":"summary_large_image","schema":{"@context":"https:\/\/schema.org","@graph":[{"@type":"WebPage","@id":"https:\/\/coelectrix.com\/pt-pt\/produto\/cinto-de-retencao-da-bateria","url":"https:\/\/coelectrix.com\/pt-pt\/produto\/cinto-de-retencao-da-bateria","name":"\u25b7 Correia de nylon para segurar as pilhas | Coelectrix.com","isPartOf":{"@id":"https:\/\/coelectrix.com\/pt-pt\/#website"},"primaryImageOfPage":{"@id":"https:\/\/coelectrix.com\/pt-pt\/produto\/cinto-de-retencao-da-bateria#primaryimage"},"image":{"@id":"https:\/\/coelectrix.com\/pt-pt\/produto\/cinto-de-retencao-da-bateria#primaryimage"},"thumbnailUrl":"https:\/\/coelectrix.com\/wp-content\/uploads\/2022\/09\/Moeller-Cincha-Caja-de-Baterias.jpg","datePublished":"2022-09-28T11:20:35+00:00","dateModified":"2025-08-19T04:02:30+00:00","description":"Kit de montagem da bateria para ve\u00edculo, incluindo 1 metro de fita de nylon e 2 fixadores de a\u00e7o inoxid\u00e1vel com parafusos.","breadcrumb":{"@id":"https:\/\/coelectrix.com\/pt-pt\/produto\/cinto-de-retencao-da-bateria#breadcrumb"},"inLanguage":"pt-PT","potentialAction":[{"@type":"ReadAction","target":["https:\/\/coelectrix.com\/pt-pt\/produto\/cinto-de-retencao-da-bateria"]}]},{"@type":"ImageObject","inLanguage":"pt-PT","@id":"https:\/\/coelectrix.com\/pt-pt\/produto\/cinto-de-retencao-da-bateria#primaryimage","url":"https:\/\/coelectrix.com\/wp-content\/uploads\/2022\/09\/Moeller-Cincha-Caja-de-Baterias.jpg","contentUrl":"https:\/\/coelectrix.com\/wp-content\/uploads\/2022\/09\/Moeller-Cincha-Caja-de-Baterias.jpg","width":1000,"height":1000,"caption":"Correia da bateria"},{"@type":"BreadcrumbList","@id":"https:\/\/coelectrix.com\/pt-pt\/produto\/cinto-de-retencao-da-bateria#breadcrumb","itemListElement":[{"@type":"ListItem","position":1,"name":"Portada","item":"https:\/\/coelectrix.com\/"},{"@type":"ListItem","position":2,"name":"Loja","item":"https:\/\/coelectrix.com\/pt-pt\/loja"},{"@type":"ListItem","position":3,"name":"Correia de nylon para segurar as pilhas"}]},{"@type":"WebSite","@id":"https:\/\/coelectrix.com\/pt-pt\/#website","url":"https:\/\/coelectrix.com\/pt-pt\/","name":"Coelectrix","description":"Componentes el\u00e9ctricos","publisher":{"@id":"https:\/\/coelectrix.com\/pt-pt\/#organization"},"potentialAction":[{"@type":"SearchAction","target":{"@type":"EntryPoint","urlTemplate":"https:\/\/coelectrix.com\/pt-pt\/?s={search_term_string}"},"query-input":{"@type":"PropertyValueSpecification","valueRequired":true,"valueName":"search_term_string"}}],"inLanguage":"pt-PT"},{"@type":"Organization","@id":"https:\/\/coelectrix.com\/pt-pt\/#organization","name":"coelectrix.com","url":"https:\/\/coelectrix.com\/pt-pt\/","logo":{"@type":"ImageObject","inLanguage":"pt-PT","@id":"https:\/\/coelectrix.com\/pt-pt\/#\/schema\/logo\/image\/","url":"https:\/\/coelectrix.com\/wp-content\/uploads\/2018\/05\/logo-coelectrix-400x400.jpg","contentUrl":"https:\/\/coelectrix.com\/wp-content\/uploads\/2018\/05\/logo-coelectrix-400x400.jpg","width":300,"height":300,"caption":"coelectrix.com"},"image":{"@id":"https:\/\/coelectrix.com\/pt-pt\/#\/schema\/logo\/image\/"}}]}},"_links":{"self":[{"href":"https:\/\/coelectrix.com\/pt-pt\/wp-json\/wp\/v2\/product\/74831","targetHints":{"allow":["GET"]}}],"collection":[{"href":"https:\/\/coelectrix.com\/pt-pt\/wp-json\/wp\/v2\/product"}],"about":[{"href":"https:\/\/coelectrix.com\/pt-pt\/wp-json\/wp\/v2\/types\/product"}],"version-history":[{"count":1,"href":"https:\/\/coelectrix.com\/pt-pt\/wp-json\/wp\/v2\/product\/74831\/revisions"}],"predecessor-version":[{"id":75330,"href":"https:\/\/coelectrix.com\/pt-pt\/wp-json\/wp\/v2\/product\/74831\/revisions\/75330"}],"wp:featuredmedia":[{"embeddable":true,"href":"https:\/\/coelectrix.com\/pt-pt\/wp-json\/wp\/v2\/media\/74006"}],"wp:attachment":[{"href":"https:\/\/coelectrix.com\/pt-pt\/wp-json\/wp\/v2\/media?parent=74831"}],"wp:term":[{"taxonomy":"product_brand","embeddable":true,"href":"https:\/\/coelectrix.com\/pt-pt\/wp-json\/wp\/v2\/product_brand?post=74831"},{"taxonomy":"product_cat","embeddable":true,"href":"https:\/\/coelectrix.com\/pt-pt\/wp-json\/wp\/v2\/product_cat?post=74831"},{"taxonomy":"product_tag","embeddable":true,"href":"https:\/\/coelectrix.com\/pt-pt\/wp-json\/wp\/v2\/product_tag?post=74831"}],"curies":[{"name":"wp","href":"https:\/\/api.w.org\/{rel}","templated":true}]}}