{"id":74835,"date":"2022-03-21T06:48:21","date_gmt":"2022-03-21T05:48:21","guid":{"rendered":"https:\/\/coelectrix.com\/producto\/protetor-de-bateria-inteligente-65a-victron"},"modified":"2025-08-19T06:03:03","modified_gmt":"2025-08-19T04:03:03","slug":"protetor-de-bateria-inteligente-65a-victron","status":"publish","type":"product","link":"https:\/\/coelectrix.com\/pt-pt\/produto\/protetor-de-bateria-smart-battery-protect-65a-victron","title":{"rendered":"Protetor de bateria inteligente 65A Victron"},"content":{"rendered":"<h2><strong>Protetor de bateria Smart Battery Protect 65A<\/strong><\/h2>\n<p>O <strong>protetor de bateria<\/strong> \u00e9 um dispositivo program\u00e1vel que <em>desliga as cargas da bateria antes de a bateria estar totalmente descarregada<\/em>, evitando assim a descarga profunda da bateria e o seu efeito prejudicial na vida \u00fatil da bateria.<\/p>\n<p>O<strong>Victron<\/strong> <strong>Smart Battery Protect <\/strong><strong>65A<\/strong> tem as seguintes carater\u00edsticas:<\/p>\n<p><strong>Bluetooth &#8211; programa\u00e7\u00e3o simples.<\/strong><br \/>\nAo programar o Smart BatteryProtect atrav\u00e9s de Bluetooth, pode definir os n\u00edveis desejados de ativa\u00e7\u00e3o\/desativa\u00e7\u00e3o.<br \/>\nOs n\u00edveis de ativa\u00e7\u00e3o\/desativa\u00e7\u00e3o podem ser definidos atrav\u00e9s de Bluetooth.<br \/>\nEm alternativa, o pino de programa\u00e7\u00e3o pode ser utilizado para definir um dos nove n\u00edveis de ativa\u00e7\u00e3o\/desativa\u00e7\u00e3o (ver manual).<br \/>\n(ver manual).<br \/>\nSe necess\u00e1rio, o Bluetooth pode ser desativado.<\/p>\n<ul>\n<li>12\/24v Autorregulador: detecta apenas a tens\u00e3o do sistema.<\/li>\n<li>8 programas configur\u00e1veis para ligar\/desligar a v\u00e1rias tens\u00f5es diferentes.<\/li>\n<li>Prote\u00e7\u00e3o contra sobretens\u00e3o.<\/li>\n<li>Liga\u00e7\u00e3o para instalar um interrutor de ligar\/desligar \u00e0 dist\u00e2ncia.<\/li>\n<\/ul>\n<p>Prote\u00e7\u00e3o contra inc\u00eandios, sem rel\u00e9s mas com interruptores MOSFET, portanto sem fa\u00edscas e sem risco de inc\u00eandio.<\/p>\n<h2><strong>Protetor de descarga profunda da bateria<\/strong><\/h2>\n<p>Quer se trate da bateria principal do nosso ve\u00edculo ou <strong>de baterias auxiliares em caravanas, autocaravanas, 4&#215;4 ou barcos<\/strong>, as baterias podem sofrer uma descarga profunda por terem deixado um consumo ligado ou um consumo permitido mas continuado levando a esgotar a bateria.<\/p>\n<p>Lembramos que deixar as baterias descarregar completamente, o que chamamos de descarga profunda, encurta a vida da bateria e, pelo custo de um protetor de bateria, acreditamos que vale a pena. Todos sabemos o valor das baterias, sejam elas AGM, Gel ou L\u00edtio.<\/p>\n<h2><b>O que faz exatamente<\/b><strong> exatamente o que faz um protetor de bateria?<\/strong><\/h2>\n<p>Um <strong>protetor de bateria<\/strong> \u00e9 programado de acordo com defini\u00e7\u00f5es para cortar a alimenta\u00e7\u00e3o se a bateria atingir um n\u00edvel de descarga espec\u00edfico, cada modelo e fabricante pode atuar em valores diferentes.<br \/>\nO <strong>Victron Smart Battery Protect<\/strong> incorpora 8 programas pr\u00e9-definidos de 1 a 8 e cada um destes programas define o valor m\u00e1ximo e m\u00ednimo para o qual queremos proteger a nossa bateria.<br \/>\nUma vez escolhido o programa, n\u00e3o h\u00e1 mais nada a fazer, o sistema s\u00f3 proteger\u00e1 a bateria se os n\u00edveis programados forem ultrapassados.<\/p>\n<p>A desconex\u00e3o da carga no caso de atuar o protetor, f\u00e1-lo de forma retardada 90 segundos depois de detetar o n\u00edvel baixo, desta forma evitar\u00e1 erros de falha devido por exemplo ao arranque do motor do carro.<\/p>\n<p>Adicionalmente, um avisador luminoso ou ac\u00fastico \u00e9 ligado a uma das sa\u00eddas para nos avisar que a bateria est\u00e1 a atingir n\u00edveis baixos e o protetor desliga o consumo.<\/p>\n","protected":false},"excerpt":{"rendered":"<p><strong>Protetor de bateria Victron Smart Battery Protect 65A<\/strong><\/p>\n<p>Desliga cargas n\u00e3o essenciais da bateria para evitar que esta se descarregue totalmente (o que danificaria a bateria) ou antes de ficar sem carga para ligar o motor.<\/p>\n<ul>\n<li>12\/24v Autorregulador: apenas detecta a tens\u00e3o no sistema.<\/li>\n<li>8 programas configur\u00e1veis para ligar\/desligar a v\u00e1rias tens\u00f5es diferentes.<\/li>\n<li>Prote\u00e7\u00e3o contra sobretens\u00e3o.<\/li>\n<li>Liga\u00e7\u00e3o para instalar um interrutor remoto para ligar\/desligar.<\/li>\n<li>Program\u00e1vel a partir da aplica\u00e7\u00e3o via Bluetooth.<\/li>\n<\/ul>\n","protected":false},"featured_media":73775,"template":"","meta":{"_acf_changed":false},"product_brand":[],"product_cat":[1346,1342,1320,1383,1338],"product_tag":[],"class_list":{"0":"post-74835","1":"product","2":"type-product","3":"status-publish","4":"has-post-thumbnail","6":"product_cat-baterias-agm-e-de-litio","7":"product_cat-carregadores-de-bateria","8":"product_cat-protectores-de-bateria-protectores-de-bateria","9":"product_cat-reles-pt","10":"product_cat-victron-energia","12":"first","13":"instock","14":"taxable","15":"shipping-taxable","16":"purchasable","17":"product-type-simple"},"acf":[],"yoast_head":"<!-- This site is optimized with the Yoast SEO plugin v27.2 - https:\/\/yoast.com\/product\/yoast-seo-wordpress\/ -->\n<title>\u25b7 Protetor de bateria inteligente 65A Victron | Coelectrix.com<\/title>\n<meta name=\"description\" content=\"Protetor de bateria Victron smart battert protect 65A 12\/24v Evita que a bateria se descarregue completamente, prolongando assim a vida \u00fatil da bateria.\" \/>\n<meta name=\"robots\" content=\"index, follow, max-snippet:-1, max-image-preview:large, max-video-preview:-1\" \/>\n<link rel=\"canonical\" href=\"https:\/\/coelectrix.com\/pt-pt\/produto\/protetor-de-bateria-smart-battery-protect-65a-victron\" \/>\n<meta property=\"og:locale\" content=\"pt_PT\" \/>\n<meta property=\"og:type\" content=\"article\" \/>\n<meta property=\"og:title\" content=\"\u25b7 Protetor de bateria inteligente 65A Victron | Coelectrix.com\" \/>\n<meta property=\"og:description\" content=\"Protetor de bateria Victron smart battert protect 65A 12\/24v Evita que a bateria se descarregue completamente, prolongando assim a vida \u00fatil da bateria.\" \/>\n<meta property=\"og:url\" content=\"https:\/\/coelectrix.com\/pt-pt\/produto\/protetor-de-bateria-smart-battery-protect-65a-victron\" \/>\n<meta property=\"og:site_name\" content=\"Coelectrix\" \/>\n<meta property=\"article:modified_time\" content=\"2025-08-19T04:03:03+00:00\" \/>\n<meta property=\"og:image\" content=\"https:\/\/coelectrix.com\/wp-content\/uploads\/2022\/03\/smart-battery-protect-65A.jpg\" \/>\n\t<meta property=\"og:image:width\" content=\"600\" \/>\n\t<meta property=\"og:image:height\" content=\"600\" \/>\n\t<meta property=\"og:image:type\" content=\"image\/jpeg\" \/>\n<meta name=\"twitter:card\" content=\"summary_large_image\" \/>\n<meta name=\"twitter:label1\" content=\"Tempo estimado de leitura\" \/>\n\t<meta name=\"twitter:data1\" content=\"2 minutos\" \/>\n<script type=\"application\/ld+json\" class=\"yoast-schema-graph\">{\"@context\":\"https:\/\/schema.org\",\"@graph\":[{\"@type\":\"WebPage\",\"@id\":\"https:\/\/coelectrix.com\/pt-pt\/produto\/protetor-de-bateria-smart-battery-protect-65a-victron\",\"url\":\"https:\/\/coelectrix.com\/pt-pt\/produto\/protetor-de-bateria-smart-battery-protect-65a-victron\",\"name\":\"\u25b7 Protetor de bateria inteligente 65A Victron | Coelectrix.com\",\"isPartOf\":{\"@id\":\"https:\/\/coelectrix.com\/pt-pt\/#website\"},\"primaryImageOfPage\":{\"@id\":\"https:\/\/coelectrix.com\/pt-pt\/produto\/protetor-de-bateria-smart-battery-protect-65a-victron#primaryimage\"},\"image\":{\"@id\":\"https:\/\/coelectrix.com\/pt-pt\/produto\/protetor-de-bateria-smart-battery-protect-65a-victron#primaryimage\"},\"thumbnailUrl\":\"https:\/\/coelectrix.com\/wp-content\/uploads\/2022\/03\/smart-battery-protect-65A.jpg\",\"datePublished\":\"2022-03-21T05:48:21+00:00\",\"dateModified\":\"2025-08-19T04:03:03+00:00\",\"description\":\"Protetor de bateria Victron smart battert protect 65A 12\/24v Evita que a bateria se descarregue completamente, prolongando assim a vida \u00fatil da bateria.\",\"breadcrumb\":{\"@id\":\"https:\/\/coelectrix.com\/pt-pt\/produto\/protetor-de-bateria-smart-battery-protect-65a-victron#breadcrumb\"},\"inLanguage\":\"pt-PT\",\"potentialAction\":[{\"@type\":\"ReadAction\",\"target\":[\"https:\/\/coelectrix.com\/pt-pt\/produto\/protetor-de-bateria-smart-battery-protect-65a-victron\"]}]},{\"@type\":\"ImageObject\",\"inLanguage\":\"pt-PT\",\"@id\":\"https:\/\/coelectrix.com\/pt-pt\/produto\/protetor-de-bateria-smart-battery-protect-65a-victron#primaryimage\",\"url\":\"https:\/\/coelectrix.com\/wp-content\/uploads\/2022\/03\/smart-battery-protect-65A.jpg\",\"contentUrl\":\"https:\/\/coelectrix.com\/wp-content\/uploads\/2022\/03\/smart-battery-protect-65A.jpg\",\"width\":600,\"height\":600,\"caption\":\"Prote\u00e7\u00e3o da bateria inteligente-65A\"},{\"@type\":\"BreadcrumbList\",\"@id\":\"https:\/\/coelectrix.com\/pt-pt\/produto\/protetor-de-bateria-smart-battery-protect-65a-victron#breadcrumb\",\"itemListElement\":[{\"@type\":\"ListItem\",\"position\":1,\"name\":\"Portada\",\"item\":\"https:\/\/coelectrix.com\/\"},{\"@type\":\"ListItem\",\"position\":2,\"name\":\"Loja\",\"item\":\"https:\/\/coelectrix.com\/pt-pt\/loja\"},{\"@type\":\"ListItem\",\"position\":3,\"name\":\"Protetor de bateria inteligente 65A Victron\"}]},{\"@type\":\"WebSite\",\"@id\":\"https:\/\/coelectrix.com\/pt-pt\/#website\",\"url\":\"https:\/\/coelectrix.com\/pt-pt\/\",\"name\":\"Coelectrix\",\"description\":\"Componentes el\u00e9ctricos\",\"publisher\":{\"@id\":\"https:\/\/coelectrix.com\/pt-pt\/#organization\"},\"potentialAction\":[{\"@type\":\"SearchAction\",\"target\":{\"@type\":\"EntryPoint\",\"urlTemplate\":\"https:\/\/coelectrix.com\/pt-pt\/?s={search_term_string}\"},\"query-input\":{\"@type\":\"PropertyValueSpecification\",\"valueRequired\":true,\"valueName\":\"search_term_string\"}}],\"inLanguage\":\"pt-PT\"},{\"@type\":\"Organization\",\"@id\":\"https:\/\/coelectrix.com\/pt-pt\/#organization\",\"name\":\"coelectrix.com\",\"url\":\"https:\/\/coelectrix.com\/pt-pt\/\",\"logo\":{\"@type\":\"ImageObject\",\"inLanguage\":\"pt-PT\",\"@id\":\"https:\/\/coelectrix.com\/pt-pt\/#\/schema\/logo\/image\/\",\"url\":\"https:\/\/coelectrix.com\/wp-content\/uploads\/2018\/05\/logo-coelectrix-400x400.jpg\",\"contentUrl\":\"https:\/\/coelectrix.com\/wp-content\/uploads\/2018\/05\/logo-coelectrix-400x400.jpg\",\"width\":300,\"height\":300,\"caption\":\"coelectrix.com\"},\"image\":{\"@id\":\"https:\/\/coelectrix.com\/pt-pt\/#\/schema\/logo\/image\/\"}}]}<\/script>\n<!-- \/ Yoast SEO plugin. -->","yoast_head_json":{"title":"\u25b7 Protetor de bateria inteligente 65A Victron | Coelectrix.com","description":"Protetor de bateria Victron smart battert protect 65A 12\/24v Evita que a bateria se descarregue completamente, prolongando assim a vida \u00fatil da bateria.","robots":{"index":"index","follow":"follow","max-snippet":"max-snippet:-1","max-image-preview":"max-image-preview:large","max-video-preview":"max-video-preview:-1"},"canonical":"https:\/\/coelectrix.com\/pt-pt\/produto\/protetor-de-bateria-smart-battery-protect-65a-victron","og_locale":"pt_PT","og_type":"article","og_title":"\u25b7 Protetor de bateria inteligente 65A Victron | Coelectrix.com","og_description":"Protetor de bateria Victron smart battert protect 65A 12\/24v Evita que a bateria se descarregue completamente, prolongando assim a vida \u00fatil da bateria.","og_url":"https:\/\/coelectrix.com\/pt-pt\/produto\/protetor-de-bateria-smart-battery-protect-65a-victron","og_site_name":"Coelectrix","article_modified_time":"2025-08-19T04:03:03+00:00","og_image":[{"width":600,"height":600,"url":"https:\/\/coelectrix.com\/wp-content\/uploads\/2022\/03\/smart-battery-protect-65A.jpg","type":"image\/jpeg"}],"twitter_card":"summary_large_image","twitter_misc":{"Tempo estimado de leitura":"2 minutos"},"schema":{"@context":"https:\/\/schema.org","@graph":[{"@type":"WebPage","@id":"https:\/\/coelectrix.com\/pt-pt\/produto\/protetor-de-bateria-smart-battery-protect-65a-victron","url":"https:\/\/coelectrix.com\/pt-pt\/produto\/protetor-de-bateria-smart-battery-protect-65a-victron","name":"\u25b7 Protetor de bateria inteligente 65A Victron | Coelectrix.com","isPartOf":{"@id":"https:\/\/coelectrix.com\/pt-pt\/#website"},"primaryImageOfPage":{"@id":"https:\/\/coelectrix.com\/pt-pt\/produto\/protetor-de-bateria-smart-battery-protect-65a-victron#primaryimage"},"image":{"@id":"https:\/\/coelectrix.com\/pt-pt\/produto\/protetor-de-bateria-smart-battery-protect-65a-victron#primaryimage"},"thumbnailUrl":"https:\/\/coelectrix.com\/wp-content\/uploads\/2022\/03\/smart-battery-protect-65A.jpg","datePublished":"2022-03-21T05:48:21+00:00","dateModified":"2025-08-19T04:03:03+00:00","description":"Protetor de bateria Victron smart battert protect 65A 12\/24v Evita que a bateria se descarregue completamente, prolongando assim a vida \u00fatil da bateria.","breadcrumb":{"@id":"https:\/\/coelectrix.com\/pt-pt\/produto\/protetor-de-bateria-smart-battery-protect-65a-victron#breadcrumb"},"inLanguage":"pt-PT","potentialAction":[{"@type":"ReadAction","target":["https:\/\/coelectrix.com\/pt-pt\/produto\/protetor-de-bateria-smart-battery-protect-65a-victron"]}]},{"@type":"ImageObject","inLanguage":"pt-PT","@id":"https:\/\/coelectrix.com\/pt-pt\/produto\/protetor-de-bateria-smart-battery-protect-65a-victron#primaryimage","url":"https:\/\/coelectrix.com\/wp-content\/uploads\/2022\/03\/smart-battery-protect-65A.jpg","contentUrl":"https:\/\/coelectrix.com\/wp-content\/uploads\/2022\/03\/smart-battery-protect-65A.jpg","width":600,"height":600,"caption":"Prote\u00e7\u00e3o da bateria inteligente-65A"},{"@type":"BreadcrumbList","@id":"https:\/\/coelectrix.com\/pt-pt\/produto\/protetor-de-bateria-smart-battery-protect-65a-victron#breadcrumb","itemListElement":[{"@type":"ListItem","position":1,"name":"Portada","item":"https:\/\/coelectrix.com\/"},{"@type":"ListItem","position":2,"name":"Loja","item":"https:\/\/coelectrix.com\/pt-pt\/loja"},{"@type":"ListItem","position":3,"name":"Protetor de bateria inteligente 65A Victron"}]},{"@type":"WebSite","@id":"https:\/\/coelectrix.com\/pt-pt\/#website","url":"https:\/\/coelectrix.com\/pt-pt\/","name":"Coelectrix","description":"Componentes el\u00e9ctricos","publisher":{"@id":"https:\/\/coelectrix.com\/pt-pt\/#organization"},"potentialAction":[{"@type":"SearchAction","target":{"@type":"EntryPoint","urlTemplate":"https:\/\/coelectrix.com\/pt-pt\/?s={search_term_string}"},"query-input":{"@type":"PropertyValueSpecification","valueRequired":true,"valueName":"search_term_string"}}],"inLanguage":"pt-PT"},{"@type":"Organization","@id":"https:\/\/coelectrix.com\/pt-pt\/#organization","name":"coelectrix.com","url":"https:\/\/coelectrix.com\/pt-pt\/","logo":{"@type":"ImageObject","inLanguage":"pt-PT","@id":"https:\/\/coelectrix.com\/pt-pt\/#\/schema\/logo\/image\/","url":"https:\/\/coelectrix.com\/wp-content\/uploads\/2018\/05\/logo-coelectrix-400x400.jpg","contentUrl":"https:\/\/coelectrix.com\/wp-content\/uploads\/2018\/05\/logo-coelectrix-400x400.jpg","width":300,"height":300,"caption":"coelectrix.com"},"image":{"@id":"https:\/\/coelectrix.com\/pt-pt\/#\/schema\/logo\/image\/"}}]}},"_links":{"self":[{"href":"https:\/\/coelectrix.com\/pt-pt\/wp-json\/wp\/v2\/product\/74835","targetHints":{"allow":["GET"]}}],"collection":[{"href":"https:\/\/coelectrix.com\/pt-pt\/wp-json\/wp\/v2\/product"}],"about":[{"href":"https:\/\/coelectrix.com\/pt-pt\/wp-json\/wp\/v2\/types\/product"}],"version-history":[{"count":1,"href":"https:\/\/coelectrix.com\/pt-pt\/wp-json\/wp\/v2\/product\/74835\/revisions"}],"predecessor-version":[{"id":75259,"href":"https:\/\/coelectrix.com\/pt-pt\/wp-json\/wp\/v2\/product\/74835\/revisions\/75259"}],"wp:featuredmedia":[{"embeddable":true,"href":"https:\/\/coelectrix.com\/pt-pt\/wp-json\/wp\/v2\/media\/73775"}],"wp:attachment":[{"href":"https:\/\/coelectrix.com\/pt-pt\/wp-json\/wp\/v2\/media?parent=74835"}],"wp:term":[{"taxonomy":"product_brand","embeddable":true,"href":"https:\/\/coelectrix.com\/pt-pt\/wp-json\/wp\/v2\/product_brand?post=74835"},{"taxonomy":"product_cat","embeddable":true,"href":"https:\/\/coelectrix.com\/pt-pt\/wp-json\/wp\/v2\/product_cat?post=74835"},{"taxonomy":"product_tag","embeddable":true,"href":"https:\/\/coelectrix.com\/pt-pt\/wp-json\/wp\/v2\/product_tag?post=74835"}],"curies":[{"name":"wp","href":"https:\/\/api.w.org\/{rel}","templated":true}]}}