{"id":74836,"date":"2021-06-12T07:02:35","date_gmt":"2021-06-12T05:02:35","guid":{"rendered":"https:\/\/coelectrix.com\/producto\/victron-smart-battery-protect-100a-com-bluetooth"},"modified":"2025-08-19T06:03:36","modified_gmt":"2025-08-19T04:03:36","slug":"victron-smart-battery-protect-100a-com-bluetooth","status":"publish","type":"product","link":"https:\/\/coelectrix.com\/pt-pt\/produto\/smart-battery-protect-100a-victron-com-bluetooth","title":{"rendered":"Victron Smart Battery Protect 100A com Bluetooth"},"content":{"rendered":"<h2><strong>Prote\u00e7\u00e3o de bateria inteligente 100A Victron <\/strong><\/h2>\n<p>O <strong>protetor de bateria<\/strong> \u00e9 um dispositivo program\u00e1vel que <em>desliga as cargas da bateria antes de a bateria estar completamente descarregada<\/em>, evitando assim uma descarga profunda da bateria, o que \u00e9 prejudicial para a vida \u00fatil da bateria.<\/p>\n<p>O <strong>Protetor de Bateria Victron Smart 12\/24V 100A<\/strong> foi concebido para desligar cargas n\u00e3o priorit\u00e1rias antes que a bateria possa sofrer problemas que afectem diretamente a sua efici\u00eancia ou vida \u00fatil, como a descarga completa do acumulador ou antes que a energia necess\u00e1ria para ligar o motor se esgote.<\/p>\n<p>Prote\u00e7\u00e3o contra inc\u00eandios, sem rel\u00e9s mas com interruptores MOSFET, portanto sem fa\u00edscas e sem perigo de inc\u00eandio.<\/p>\n<p><strong>O Battery Protect Victron Smart 12\/24V 100A pode ser definido para ligar\/desligar em v\u00e1rias tens\u00f5es diferentes<\/strong>. O ecr\u00e3 de sete segmentos indicar\u00e1 qual a defini\u00e7\u00e3o que foi escolhida. Outra carater\u00edstica interessante do Battery Protect Victron Smart 12\/24V 100A \u00e9 a capacidade de liga\u00e7\u00e3o a baterias de l\u00edtio, atrav\u00e9s do VE.Bus BMS.<\/p>\n<p>O Battery Protect Victron Smart 12\/24V 100A tem um consumo de corrente muito baixo, prote\u00e7\u00e3o contra sobretens\u00e3o e \u00e9 \u00e0 prova de fogo.<\/p>\n<p>A sa\u00edda de alarme \u00e9 activada se a tens\u00e3o da bateria descer abaixo do n\u00edvel de corte predefinido durante mais de 12 segundos. Por conseguinte, <strong>o arranque do motor n\u00e3o activar\u00e1 o alarme<\/strong>. A sa\u00edda de alarme \u00e9 uma sa\u00edda de coletor aberto \u00e0 prova de curto-circuito para o carril negativo (menos), com uma corrente m\u00e1xima de 50 mA. Normalmente, a sa\u00edda de alarme \u00e9 utilizada para ativar um sinal ac\u00fastico, um LED ou um rel\u00e9.<\/p>\n<p>A carga ser\u00e1 desligada 90 segundos ap\u00f3s a ativa\u00e7\u00e3o do alarme. <strong>Se a tens\u00e3o da bateria voltar a subir para o limiar de liga\u00e7\u00e3o durante este per\u00edodo de tempo (ap\u00f3s, por exemplo, o motor ter sido ligado)<\/strong>, a carga n\u00e3o ser\u00e1 desligada. A carga voltar\u00e1 a ligar-se 30 segundos depois de a tens\u00e3o da bateria ter ultrapassado a tens\u00e3o de religa\u00e7\u00e3o predefinida.<\/p>\n<p>Quando o Bluetooth \u00e9 utilizado para programar o Smart BatteryProtect, \u00e9 poss\u00edvel definir os n\u00edveis de liga\u00e7\u00e3o\/desliga\u00e7\u00e3o necess\u00e1rios. Ou pode definir um dos nove n\u00edveis de ativa\u00e7\u00e3o\/desativa\u00e7\u00e3o predefinidos com o pino de programa\u00e7\u00e3o (ver manual).<\/p>\n<p>Se necess\u00e1rio, o Bluetooth pode ser desativado.<\/p>\n<p>O Smart BatteryProtect \u00e9 um dispositivo unidirecional. S\u00f3 pode funcionar com corrente numa dire\u00e7\u00e3o: ou a corrente que flui para uma carga ou a corrente que flui de um carregador, mas n\u00e3o ambas ao mesmo tempo. Al\u00e9m disso, a corrente s\u00f3 pode fluir do terminal IN para o terminal OUT. Em caso de utiliza\u00e7\u00e3o com uma carga, a bateria \u00e9 ligada ao terminal IN e, em caso de utiliza\u00e7\u00e3o com um carregador, o carregador \u00e9 ligado ao terminal IN.<\/p>\n<h2><strong>Protetor de descarga profunda da bateria<\/strong><\/h2>\n<p>Quer se trate da bateria principal do nosso ve\u00edculo ou <strong>de baterias auxiliares em caravanas, autocaravanas, 4&#215;4 ou barcos<\/strong>, as baterias podem sofrer uma descarga profunda devido ao facto de ter deixado um consumo ligado ou de ter permitido um consumo continuado que leva ao esgotamento da bateria.<\/p>\n<p>Lembre-se que deixar as baterias descarregarem completamente, o que se diz uma descarga profunda, encurta muito a vida \u00fatil das mesmas e, pelo custo de um protetor de bateria, penso que vale bem a pena. Todos sabemos o valor das baterias, sejam elas AGM, Gel ou L\u00edtio.<\/p>\n<h3><strong>O que faz exatamente um protetor de bateria?<\/strong><\/h3>\n<p>Um <strong>protetor de bateria<\/strong> \u00e9 programado de acordo com as defini\u00e7\u00f5es para cortar a alimenta\u00e7\u00e3o se a bateria atingir um n\u00edvel de descarga espec\u00edfico, cada modelo e fabricante pode atuar em valores diferentes.<br \/>\nO <strong>Victron Battey Protect <\/strong> incorpora 8 programas pr\u00e9-definidos de 1 a 8 e cada um destes programas define o valor m\u00e1ximo e m\u00ednimo a que queremos proteger a nossa bateria.<br \/>\nUma vez escolhido o programa, n\u00e3o h\u00e1 mais nada a fazer, o sistema s\u00f3 proteger\u00e1 a bateria se os n\u00edveis programados forem ultrapassados.<\/p>\n<p>A desconex\u00e3o da carga no caso de atuar o protetor, f\u00e1-lo de forma retardada 90 segundos depois de detetar o n\u00edvel baixo, desta forma evitar\u00e1 erros de falha devido por exemplo ao arranque do motor do carro.<\/p>\n<p>Adicionalmente, liga-se um avisador luminoso ou ac\u00fastico a uma das sa\u00eddas, que nos avisar\u00e1 que a bateria est\u00e1 a atingir n\u00edveis baixos e o protetor desliga o consumo.<\/p>\n<p>Pode ver mais detalhes no s\u00edtio Web <a href=\"https:\/\/www.victronenergy.com.es\/battery_protect\/smart-battery-protect\" target=\"_blank\" rel=\"noopener\">da Victron energy.<\/a><\/p>\n","protected":false},"excerpt":{"rendered":"<p><strong>O Battery Protect Victron Smart 12\/24V 100A<\/strong> \u00e9 respons\u00e1vel por desconectar cargas n\u00e3o priorit\u00e1rias antes que a bateria possa sofrer problemas que afetem diretamente a sua efici\u00eancia ou vida \u00fatil.<br \/>\n<strong>Modelo inteligente com Bluetooth incorporado para liga\u00e7\u00e3o \u00e0 aplica\u00e7\u00e3o Victron Connect.<\/strong><br \/>\nAdequado para todos os tipos de baterias, incluindo l\u00edtio a partir de 100Ah<\/p>\n<p><span style=\"color: #ff0000;\"><a style=\"color: #ff0000;\" href=\"https:\/\/coelectrix.com\/wp-content\/uploads\/2021\/06\/Datasheet-Smart-Battery-Protect-65-A-100-A-220-A-ES.pdf\" target=\"_blank\" rel=\"noopener\">FICHA DE DADOS T\u00c9CNICOS<\/a><\/span><\/p>\n","protected":false},"featured_media":73558,"template":"","meta":{"_acf_changed":false},"product_brand":[],"product_cat":[1346,1342,1320,1338],"product_tag":[],"class_list":{"0":"post-74836","1":"product","2":"type-product","3":"status-publish","4":"has-post-thumbnail","6":"product_cat-baterias-agm-e-de-litio","7":"product_cat-carregadores-de-bateria","8":"product_cat-protectores-de-bateria-protectores-de-bateria","9":"product_cat-victron-energia","11":"first","12":"instock","13":"sale","14":"taxable","15":"shipping-taxable","16":"purchasable","17":"product-type-simple"},"acf":[],"yoast_head":"<!-- This site is optimized with the Yoast SEO plugin v27.2 - https:\/\/yoast.com\/product\/yoast-seo-wordpress\/ -->\n<title>\u25b7 Victron Smart Battery Protect 100A com Bluetooth | Coelectrix.com<\/title>\n<meta name=\"description\" content=\"Prote\u00e7\u00e3o da bateria O Victron Smart 12\/24V 100A \u00e9 respons\u00e1vel pela desconex\u00e3o de cargas n\u00e3o priorit\u00e1rias antes que a bateria possa ter problemas.\" \/>\n<meta name=\"robots\" content=\"index, follow, max-snippet:-1, max-image-preview:large, max-video-preview:-1\" \/>\n<link rel=\"canonical\" href=\"https:\/\/coelectrix.com\/pt-pt\/produto\/smart-battery-protect-100a-victron-com-bluetooth\" \/>\n<meta property=\"og:locale\" content=\"pt_PT\" \/>\n<meta property=\"og:type\" content=\"article\" \/>\n<meta property=\"og:title\" content=\"\u25b7 Victron Smart Battery Protect 100A com Bluetooth | Coelectrix.com\" \/>\n<meta property=\"og:description\" content=\"Prote\u00e7\u00e3o da bateria O Victron Smart 12\/24V 100A \u00e9 respons\u00e1vel pela desconex\u00e3o de cargas n\u00e3o priorit\u00e1rias antes que a bateria possa ter problemas.\" \/>\n<meta property=\"og:url\" content=\"https:\/\/coelectrix.com\/pt-pt\/produto\/smart-battery-protect-100a-victron-com-bluetooth\" \/>\n<meta property=\"og:site_name\" content=\"Coelectrix\" \/>\n<meta property=\"article:modified_time\" content=\"2025-08-19T04:03:36+00:00\" \/>\n<meta property=\"og:image\" content=\"https:\/\/coelectrix.com\/wp-content\/uploads\/2021\/06\/Smart-Battery-Protect-100A-Victron.jpg\" \/>\n\t<meta property=\"og:image:width\" content=\"800\" \/>\n\t<meta property=\"og:image:height\" content=\"600\" \/>\n\t<meta property=\"og:image:type\" content=\"image\/jpeg\" \/>\n<meta name=\"twitter:card\" content=\"summary_large_image\" \/>\n<meta name=\"twitter:label1\" content=\"Tempo estimado de leitura\" \/>\n\t<meta name=\"twitter:data1\" content=\"4 minutos\" \/>\n<script type=\"application\/ld+json\" class=\"yoast-schema-graph\">{\"@context\":\"https:\/\/schema.org\",\"@graph\":[{\"@type\":\"WebPage\",\"@id\":\"https:\/\/coelectrix.com\/pt-pt\/produto\/smart-battery-protect-100a-victron-com-bluetooth\",\"url\":\"https:\/\/coelectrix.com\/pt-pt\/produto\/smart-battery-protect-100a-victron-com-bluetooth\",\"name\":\"\u25b7 Victron Smart Battery Protect 100A com Bluetooth | Coelectrix.com\",\"isPartOf\":{\"@id\":\"https:\/\/coelectrix.com\/pt-pt\/#website\"},\"primaryImageOfPage\":{\"@id\":\"https:\/\/coelectrix.com\/pt-pt\/produto\/smart-battery-protect-100a-victron-com-bluetooth#primaryimage\"},\"image\":{\"@id\":\"https:\/\/coelectrix.com\/pt-pt\/produto\/smart-battery-protect-100a-victron-com-bluetooth#primaryimage\"},\"thumbnailUrl\":\"https:\/\/coelectrix.com\/wp-content\/uploads\/2021\/06\/Smart-Battery-Protect-100A-Victron.jpg\",\"datePublished\":\"2021-06-12T05:02:35+00:00\",\"dateModified\":\"2025-08-19T04:03:36+00:00\",\"description\":\"Prote\u00e7\u00e3o da bateria O Victron Smart 12\/24V 100A \u00e9 respons\u00e1vel pela desconex\u00e3o de cargas n\u00e3o priorit\u00e1rias antes que a bateria possa ter problemas.\",\"breadcrumb\":{\"@id\":\"https:\/\/coelectrix.com\/pt-pt\/produto\/smart-battery-protect-100a-victron-com-bluetooth#breadcrumb\"},\"inLanguage\":\"pt-PT\",\"potentialAction\":[{\"@type\":\"ReadAction\",\"target\":[\"https:\/\/coelectrix.com\/pt-pt\/produto\/smart-battery-protect-100a-victron-com-bluetooth\"]}]},{\"@type\":\"ImageObject\",\"inLanguage\":\"pt-PT\",\"@id\":\"https:\/\/coelectrix.com\/pt-pt\/produto\/smart-battery-protect-100a-victron-com-bluetooth#primaryimage\",\"url\":\"https:\/\/coelectrix.com\/wp-content\/uploads\/2021\/06\/Smart-Battery-Protect-100A-Victron.jpg\",\"contentUrl\":\"https:\/\/coelectrix.com\/wp-content\/uploads\/2021\/06\/Smart-Battery-Protect-100A-Victron.jpg\",\"width\":800,\"height\":600,\"caption\":\"Prote\u00e7\u00e3o de bateria inteligente 100A Victron\"},{\"@type\":\"BreadcrumbList\",\"@id\":\"https:\/\/coelectrix.com\/pt-pt\/produto\/smart-battery-protect-100a-victron-com-bluetooth#breadcrumb\",\"itemListElement\":[{\"@type\":\"ListItem\",\"position\":1,\"name\":\"Portada\",\"item\":\"https:\/\/coelectrix.com\/\"},{\"@type\":\"ListItem\",\"position\":2,\"name\":\"Loja\",\"item\":\"https:\/\/coelectrix.com\/pt-pt\/loja\"},{\"@type\":\"ListItem\",\"position\":3,\"name\":\"Victron Smart Battery Protect 100A com Bluetooth\"}]},{\"@type\":\"WebSite\",\"@id\":\"https:\/\/coelectrix.com\/pt-pt\/#website\",\"url\":\"https:\/\/coelectrix.com\/pt-pt\/\",\"name\":\"Coelectrix\",\"description\":\"Componentes el\u00e9ctricos\",\"publisher\":{\"@id\":\"https:\/\/coelectrix.com\/pt-pt\/#organization\"},\"potentialAction\":[{\"@type\":\"SearchAction\",\"target\":{\"@type\":\"EntryPoint\",\"urlTemplate\":\"https:\/\/coelectrix.com\/pt-pt\/?s={search_term_string}\"},\"query-input\":{\"@type\":\"PropertyValueSpecification\",\"valueRequired\":true,\"valueName\":\"search_term_string\"}}],\"inLanguage\":\"pt-PT\"},{\"@type\":\"Organization\",\"@id\":\"https:\/\/coelectrix.com\/pt-pt\/#organization\",\"name\":\"coelectrix.com\",\"url\":\"https:\/\/coelectrix.com\/pt-pt\/\",\"logo\":{\"@type\":\"ImageObject\",\"inLanguage\":\"pt-PT\",\"@id\":\"https:\/\/coelectrix.com\/pt-pt\/#\/schema\/logo\/image\/\",\"url\":\"https:\/\/coelectrix.com\/wp-content\/uploads\/2018\/05\/logo-coelectrix-400x400.jpg\",\"contentUrl\":\"https:\/\/coelectrix.com\/wp-content\/uploads\/2018\/05\/logo-coelectrix-400x400.jpg\",\"width\":300,\"height\":300,\"caption\":\"coelectrix.com\"},\"image\":{\"@id\":\"https:\/\/coelectrix.com\/pt-pt\/#\/schema\/logo\/image\/\"}}]}<\/script>\n<!-- \/ Yoast SEO plugin. -->","yoast_head_json":{"title":"\u25b7 Victron Smart Battery Protect 100A com Bluetooth | Coelectrix.com","description":"Prote\u00e7\u00e3o da bateria O Victron Smart 12\/24V 100A \u00e9 respons\u00e1vel pela desconex\u00e3o de cargas n\u00e3o priorit\u00e1rias antes que a bateria possa ter problemas.","robots":{"index":"index","follow":"follow","max-snippet":"max-snippet:-1","max-image-preview":"max-image-preview:large","max-video-preview":"max-video-preview:-1"},"canonical":"https:\/\/coelectrix.com\/pt-pt\/produto\/smart-battery-protect-100a-victron-com-bluetooth","og_locale":"pt_PT","og_type":"article","og_title":"\u25b7 Victron Smart Battery Protect 100A com Bluetooth | Coelectrix.com","og_description":"Prote\u00e7\u00e3o da bateria O Victron Smart 12\/24V 100A \u00e9 respons\u00e1vel pela desconex\u00e3o de cargas n\u00e3o priorit\u00e1rias antes que a bateria possa ter problemas.","og_url":"https:\/\/coelectrix.com\/pt-pt\/produto\/smart-battery-protect-100a-victron-com-bluetooth","og_site_name":"Coelectrix","article_modified_time":"2025-08-19T04:03:36+00:00","og_image":[{"width":800,"height":600,"url":"https:\/\/coelectrix.com\/wp-content\/uploads\/2021\/06\/Smart-Battery-Protect-100A-Victron.jpg","type":"image\/jpeg"}],"twitter_card":"summary_large_image","twitter_misc":{"Tempo estimado de leitura":"4 minutos"},"schema":{"@context":"https:\/\/schema.org","@graph":[{"@type":"WebPage","@id":"https:\/\/coelectrix.com\/pt-pt\/produto\/smart-battery-protect-100a-victron-com-bluetooth","url":"https:\/\/coelectrix.com\/pt-pt\/produto\/smart-battery-protect-100a-victron-com-bluetooth","name":"\u25b7 Victron Smart Battery Protect 100A com Bluetooth | Coelectrix.com","isPartOf":{"@id":"https:\/\/coelectrix.com\/pt-pt\/#website"},"primaryImageOfPage":{"@id":"https:\/\/coelectrix.com\/pt-pt\/produto\/smart-battery-protect-100a-victron-com-bluetooth#primaryimage"},"image":{"@id":"https:\/\/coelectrix.com\/pt-pt\/produto\/smart-battery-protect-100a-victron-com-bluetooth#primaryimage"},"thumbnailUrl":"https:\/\/coelectrix.com\/wp-content\/uploads\/2021\/06\/Smart-Battery-Protect-100A-Victron.jpg","datePublished":"2021-06-12T05:02:35+00:00","dateModified":"2025-08-19T04:03:36+00:00","description":"Prote\u00e7\u00e3o da bateria O Victron Smart 12\/24V 100A \u00e9 respons\u00e1vel pela desconex\u00e3o de cargas n\u00e3o priorit\u00e1rias antes que a bateria possa ter problemas.","breadcrumb":{"@id":"https:\/\/coelectrix.com\/pt-pt\/produto\/smart-battery-protect-100a-victron-com-bluetooth#breadcrumb"},"inLanguage":"pt-PT","potentialAction":[{"@type":"ReadAction","target":["https:\/\/coelectrix.com\/pt-pt\/produto\/smart-battery-protect-100a-victron-com-bluetooth"]}]},{"@type":"ImageObject","inLanguage":"pt-PT","@id":"https:\/\/coelectrix.com\/pt-pt\/produto\/smart-battery-protect-100a-victron-com-bluetooth#primaryimage","url":"https:\/\/coelectrix.com\/wp-content\/uploads\/2021\/06\/Smart-Battery-Protect-100A-Victron.jpg","contentUrl":"https:\/\/coelectrix.com\/wp-content\/uploads\/2021\/06\/Smart-Battery-Protect-100A-Victron.jpg","width":800,"height":600,"caption":"Prote\u00e7\u00e3o de bateria inteligente 100A Victron"},{"@type":"BreadcrumbList","@id":"https:\/\/coelectrix.com\/pt-pt\/produto\/smart-battery-protect-100a-victron-com-bluetooth#breadcrumb","itemListElement":[{"@type":"ListItem","position":1,"name":"Portada","item":"https:\/\/coelectrix.com\/"},{"@type":"ListItem","position":2,"name":"Loja","item":"https:\/\/coelectrix.com\/pt-pt\/loja"},{"@type":"ListItem","position":3,"name":"Victron Smart Battery Protect 100A com Bluetooth"}]},{"@type":"WebSite","@id":"https:\/\/coelectrix.com\/pt-pt\/#website","url":"https:\/\/coelectrix.com\/pt-pt\/","name":"Coelectrix","description":"Componentes el\u00e9ctricos","publisher":{"@id":"https:\/\/coelectrix.com\/pt-pt\/#organization"},"potentialAction":[{"@type":"SearchAction","target":{"@type":"EntryPoint","urlTemplate":"https:\/\/coelectrix.com\/pt-pt\/?s={search_term_string}"},"query-input":{"@type":"PropertyValueSpecification","valueRequired":true,"valueName":"search_term_string"}}],"inLanguage":"pt-PT"},{"@type":"Organization","@id":"https:\/\/coelectrix.com\/pt-pt\/#organization","name":"coelectrix.com","url":"https:\/\/coelectrix.com\/pt-pt\/","logo":{"@type":"ImageObject","inLanguage":"pt-PT","@id":"https:\/\/coelectrix.com\/pt-pt\/#\/schema\/logo\/image\/","url":"https:\/\/coelectrix.com\/wp-content\/uploads\/2018\/05\/logo-coelectrix-400x400.jpg","contentUrl":"https:\/\/coelectrix.com\/wp-content\/uploads\/2018\/05\/logo-coelectrix-400x400.jpg","width":300,"height":300,"caption":"coelectrix.com"},"image":{"@id":"https:\/\/coelectrix.com\/pt-pt\/#\/schema\/logo\/image\/"}}]}},"_links":{"self":[{"href":"https:\/\/coelectrix.com\/pt-pt\/wp-json\/wp\/v2\/product\/74836","targetHints":{"allow":["GET"]}}],"collection":[{"href":"https:\/\/coelectrix.com\/pt-pt\/wp-json\/wp\/v2\/product"}],"about":[{"href":"https:\/\/coelectrix.com\/pt-pt\/wp-json\/wp\/v2\/types\/product"}],"version-history":[{"count":1,"href":"https:\/\/coelectrix.com\/pt-pt\/wp-json\/wp\/v2\/product\/74836\/revisions"}],"predecessor-version":[{"id":75266,"href":"https:\/\/coelectrix.com\/pt-pt\/wp-json\/wp\/v2\/product\/74836\/revisions\/75266"}],"wp:featuredmedia":[{"embeddable":true,"href":"https:\/\/coelectrix.com\/pt-pt\/wp-json\/wp\/v2\/media\/73558"}],"wp:attachment":[{"href":"https:\/\/coelectrix.com\/pt-pt\/wp-json\/wp\/v2\/media?parent=74836"}],"wp:term":[{"taxonomy":"product_brand","embeddable":true,"href":"https:\/\/coelectrix.com\/pt-pt\/wp-json\/wp\/v2\/product_brand?post=74836"},{"taxonomy":"product_cat","embeddable":true,"href":"https:\/\/coelectrix.com\/pt-pt\/wp-json\/wp\/v2\/product_cat?post=74836"},{"taxonomy":"product_tag","embeddable":true,"href":"https:\/\/coelectrix.com\/pt-pt\/wp-json\/wp\/v2\/product_tag?post=74836"}],"curies":[{"name":"wp","href":"https:\/\/api.w.org\/{rel}","templated":true}]}}