{"id":74845,"date":"2025-07-05T10:51:10","date_gmt":"2025-07-05T08:51:10","guid":{"rendered":"https:\/\/coelectrix.com\/producto\/bateria-upower-ue-12li150-lifepo4-128v-150ah-1920-wh"},"modified":"2025-12-25T06:08:19","modified_gmt":"2025-12-25T05:08:19","slug":"bateria-upower-ue-12li150-lifepo4-128v-150ah-1920-wh","status":"publish","type":"product","link":"https:\/\/coelectrix.com\/pt-pt\/producto\/bateria-lifepo4-upower-ue-12li150-12-8v-150ah-1920wh","title":{"rendered":"Bateria UPOWER UE-12LI150 LiFePO4 &#8211; 12,8V 150Ah (1920 Wh)"},"content":{"rendered":"<h2><strong>Porqu\u00ea escolher a bateria UPOWER UE-12LI150 LiFePO4?<\/strong><\/h2>\n<p>A bateria <strong data-start=\"1079\" data-end=\"1117\">de l\u00edtio UPOWER UE-12LI150<\/strong> \u00e9 uma solu\u00e7\u00e3o avan\u00e7ada com tecnologia <strong data-start=\"1158\" data-end=\"1190\">LiFePO4 (l\u00edtio-ferrofosfato)<\/strong>, ideal para quem procura <strong data-start=\"1218\" data-end=\"1258\">desempenho, seguran\u00e7a e durabilidade<\/strong> no seu sistema de alimenta\u00e7\u00e3o. Com uma <strong data-start=\"1293\" data-end=\"1323\">capacidade de 200Ah e 12,8V<\/strong>, fornece <strong data-start=\"1337\" data-end=\"1354\">1920Wh reais<\/strong>, perfeita para alimentar equipamentos exigentes durante horas sem se preocupar com quedas de tens\u00e3o ou manuten\u00e7\u00e3o constante. \u00c9 uma bateria de l\u00edtio ideal para caravanas ou autocaravanas.<\/p>\n<h2><strong>Principais vantagens da bateria lifepo4 12v 150ah:<\/strong><\/h2>\n<ul>\n<li style=\"list-style-type: none;\" data-start=\"1513\" data-end=\"1563\">\n<ul>\n<li data-start=\"557\" data-end=\"596\">\n<p data-start=\"559\" data-end=\"596\"><span class=\"relative -mx-px my-[-0.2rem] rounded px-px py-[0.2rem] transition-colors duration-100 ease-in-out\">Capacidade nominal de <strong data-start=\"21\" data-end=\"40\" data-is-last-node=\"\">150 Ah a 12,8V.<\/strong><\/span><\/p>\n<\/li>\n<li data-start=\"597\" data-end=\"674\">\n<p data-start=\"599\" data-end=\"674\"><span class=\"relative -mx-px my-[-0.2rem] rounded px-px py-[0.2rem] transition-colors duration-100 ease-in-out\"><strong data-start=\"0\" data-end=\"22\" data-is-only-node=\"\">Mais de 2500 ciclos<\/strong> sem perda de desempenho<\/span><\/p>\n<\/li>\n<li data-start=\"675\" data-end=\"756\">\n<p data-start=\"677\" data-end=\"756\"><span class=\"relative -mx-px my-[-0.2rem] rounded px-px py-[0.2rem] transition-colors duration-100 ease-in-out\"><strong data-start=\"0\" data-end=\"26\" data-is-only-node=\"\">Carregamento r\u00e1pido e potente<\/strong>: Corrente de carga m\u00e1xima de 80 A<\/span><\/p>\n<\/li>\n<li data-start=\"757\" data-end=\"838\">\n<p data-start=\"759\" data-end=\"838\"><span class=\"relative -mx-px my-[-0.2rem] rounded px-px py-[0.2rem] transition-colors duration-100 ease-in-out\"><strong data-start=\"0\" data-end=\"31\" data-is-only-node=\"\">Descarga sustentada de 150 A<\/strong>, com picos elevados permitidos<\/span><\/p>\n<\/li>\n<li data-start=\"839\" data-end=\"920\">\n<p data-start=\"841\" data-end=\"920\"><span class=\"relative -mx-px my-[-0.2rem] rounded px-px py-[0.2rem] transition-colors duration-100 ease-in-out\"><strong data-start=\"0\" data-end=\"17\" data-is-only-node=\"\">BMS integrado<\/strong>: prote\u00e7\u00e3o contra sobrecarga, descarga excessiva, curto-circuito e temperatura<\/span><\/p>\n<\/li>\n<li data-start=\"839\" data-end=\"920\">\n<p data-start=\"841\" data-end=\"920\"><span class=\"relative -mx-px my-[-0.2rem] rounded px-px py-[0.2rem] transition-colors duration-100 ease-in-out\"><strong data-start=\"0\" data-end=\"24\" data-is-only-node=\"\">Ampla gama t\u00e9rmica<\/strong>: carga 0-45 \u00b0C, descarga -20 \u00b0C a 60 \u00b0C<\/span><\/p>\n<\/li>\n<li data-start=\"1003\" data-end=\"1044\">\n<p data-start=\"1005\" data-end=\"1044\"><span class=\"relative -mx-px my-[-0.2rem] rounded px-px py-[0.2rem] transition-colors duration-100 ease-in-out\">Liga\u00e7\u00e3o em paralelo (at\u00e9 4) para aumentar a capacidade<\/span><\/p>\n<\/li>\n<\/ul>\n<\/li>\n<\/ul>\n<h3><strong>Especifica\u00e7\u00f5es t\u00e9cnicas excepcionais da bateria de l\u00edtio 12v 150ah:<\/strong><\/h3>\n<table style=\"height: 551px;\" width=\"921\">\n<thead>\n<tr>\n<th>Especifica\u00e7\u00e3o<\/th>\n<th>Valor<\/th>\n<\/tr>\n<\/thead>\n<tbody>\n<tr>\n<td>Tens\u00e3o nominal<\/td>\n<td>12,8 V<\/td>\n<\/tr>\n<tr>\n<td>Capacidade nominal<\/td>\n<td>150Ah (1920 Wh)<\/td>\n<\/tr>\n<tr>\n<td>Corrente de carga recomendada<\/td>\n<td>30 A<\/td>\n<\/tr>\n<tr>\n<td>Corrente de carga m\u00e1xima<\/td>\n<td>80 A<\/td>\n<\/tr>\n<tr>\n<td>Corrente de descarga m\u00e1xima<\/td>\n<td>150 A<\/td>\n<\/tr>\n<tr>\n<td>Ciclos de vida (100% DoD)<\/td>\n<td>\u2265 2500 ciclos<\/td>\n<\/tr>\n<tr>\n<td>Peso aproximado<\/td>\n<td>24,5 kg<\/td>\n<\/tr>\n<tr>\n<td>Dimens\u00f5es (C x L x A)<\/td>\n<td>490 \u00d7 240 \u00d7 170 mm<\/td>\n<\/tr>\n<tr>\n<td>Conector<\/td>\n<td>M8<\/td>\n<\/tr>\n<tr>\n<td>Tens\u00e3o de corte de descarga<\/td>\n<td>10 V<\/td>\n<\/tr>\n<tr>\n<td>Tens\u00e3o de massa \/ flutuante<\/td>\n<td>14,6 V \/ 13,8 &#8211; 14 V<\/td>\n<\/tr>\n<tr>\n<td>Resist\u00eancia interna<\/td>\n<td>\u2264 10 m\u03a9<\/td>\n<\/tr>\n<tr>\n<td>Certifica\u00e7\u00f5es<\/td>\n<td>CE, UN38.8, MSDS, certificado DG<\/td>\n<\/tr>\n<\/tbody>\n<\/table>\n<h3><strong>Compara\u00e7\u00e3o com baterias AGM ou de gel<\/strong><\/h3>\n<table>\n<thead>\n<tr>\n<th>Carater\u00edsticas<\/th>\n<th>AGM \/ Gel<\/th>\n<th>LiFePO4 UPOWER UE-12LI200 LiFePO4 UE-12LI200<\/th>\n<\/tr>\n<\/thead>\n<tbody>\n<tr>\n<td>Profundidade de descarga<\/td>\n<td>50-60%<\/td>\n<td>At\u00e9 100% sem danos<\/td>\n<\/tr>\n<tr>\n<td>Ciclo de vida<\/td>\n<td>500-700<\/td>\n<td>+2500<\/td>\n<\/tr>\n<tr>\n<td>Peso<\/td>\n<td>Muito alto<\/td>\n<td>40-60% mais leve<\/td>\n<\/tr>\n<tr>\n<td>Efici\u00eancia de carga<\/td>\n<td>~80%<\/td>\n<td>&gt;95%<\/td>\n<\/tr>\n<tr>\n<td>Auto-descarga<\/td>\n<td>Alta<\/td>\n<td>Muito baixa<\/td>\n<\/tr>\n<tr>\n<td>Manuten\u00e7\u00e3o<\/td>\n<td>Servi\u00e7o necess\u00e1rio<\/td>\n<td>Sem manuten\u00e7\u00e3o<\/td>\n<\/tr>\n<tr>\n<td>Seguran\u00e7a t\u00e9rmica<\/td>\n<td>Inferior<\/td>\n<td>Elevada (sem risco de fugas)<\/td>\n<\/tr>\n<\/tbody>\n<\/table>\n<h2><strong>Perguntas mais frequentes (FAQ) relacionadas com a bateria UPOWER 12v<\/strong><\/h2>\n<p data-start=\"3933\" data-end=\"4068\"><strong data-start=\"3933\" data-end=\"3987\">Posso ligar v\u00e1rias baterias UPOWER UE-12LI150?<\/strong><br data-start=\"3987\" data-end=\"3990\" \/>Sim, \u00e9 poss\u00edvel lig\u00e1-las em paralelo ou em s\u00e9rie at\u00e9 4&#215;4 (m\u00e1ximo 16 unidades).<\/p>\n<p data-start=\"4070\" data-end=\"4298\"><strong data-start=\"4070\" data-end=\"4129\">\u00c9 adequada para uma instala\u00e7\u00e3o solar numa casa ou numa autocaravana?<\/strong><br data-start=\"4129\" data-end=\"4132\" \/>Sem d\u00favida. \u00c9 uma excelente op\u00e7\u00e3o para <strong data-start=\"4173\" data-end=\"4194\">sistemas fora da rede<\/strong>, campistas, caravanas, telecomunica\u00e7\u00f5es ou qualquer aplica\u00e7\u00e3o que requeira <strong data-start=\"4271\" data-end=\"4297\">autonomia e fiabilidade<\/strong>.<\/p>\n<p data-start=\"4300\" data-end=\"4467\"><strong data-start=\"4300\" data-end=\"4344\">Pode ser carregado com carregadores Victron?<\/strong><br data-start=\"4344\" data-end=\"4347\" \/>Sim, desde que estejam configurados com os par\u00e2metros corretos para LiFePO4: bulk 14,6 V e flutua\u00e7\u00e3o entre 13,8 &#8211; 14 V.<\/p>\n<p data-start=\"4300\" data-end=\"4467\"><a href=\"https:\/\/coelectrix.com\/wp-content\/uploads\/2025\/07\/Proyecto-nuevo-2.pdf\" target=\"_blank\" rel=\"noopener\">Descarregar a ficha de dados da bateria<\/a><\/p>\n<p data-start=\"4300\" data-end=\"4467\"><strong data-start=\"4507\" data-end=\"4600\">Obtenha a bateria mais eficiente do mercado e melhore o seu sistema de energia hoje mesmo!<\/strong><br data-start=\"4600\" data-end=\"4603\" \/>\ud83d\udce6 Envio r\u00e1pido de Espanha &#8211; \ud83d\udee1\ufe0f Garantia oficial &#8211; \ud83d\udd0b Compatibilidade total<\/p>\n","protected":false},"excerpt":{"rendered":"<p>Bateria de l\u00edtio UPOWER UE-12LI150 &#8211; 12,8V 200Ah (1920Wh), com tecnologia LiFePO4.<br \/>\nAlta densidade de energia, mais de 2500 ciclos, sem manuten\u00e7\u00e3o e perfeita para instala\u00e7\u00f5es solares, autocaravanas ou sistemas de reserva.<\/p>\n<p>Dimens\u00f5es da bateria: 490 \u00d7 240 \u00d7 170 mm<\/p>\n","protected":false},"featured_media":74726,"template":"","meta":{"_acf_changed":false},"product_brand":[],"product_cat":[1346,1261],"product_tag":[],"class_list":{"0":"post-74845","1":"product","2":"type-product","3":"status-publish","4":"has-post-thumbnail","6":"product_cat-baterias-agm-e-de-litio","7":"product_cat-pilhas-de-litio-lifepo4","9":"first","10":"instock","11":"taxable","12":"shipping-taxable","13":"purchasable","14":"product-type-simple"},"acf":[],"yoast_head":"<!-- This site is optimized with the Yoast SEO plugin v27.2 - https:\/\/yoast.com\/product\/yoast-seo-wordpress\/ -->\n<title>\u25b7 Bateria UPOWER UE-12LI150 LiFePO4 - 12,8V 150Ah (1920 Wh) | Coelectrix.com<\/title>\n<meta name=\"description\" content=\"Alimente a sua instala\u00e7\u00e3o solar ou a sua caravana com a bateria de l\u00edtio UPOWER UE-12LI150 LiFePO4 (12,8V 150Ah). Mais de 2500 ciclos, 100% descarreg\u00e1vel, segura e sem manuten\u00e7\u00e3o.\" \/>\n<meta name=\"robots\" content=\"index, follow, max-snippet:-1, max-image-preview:large, max-video-preview:-1\" \/>\n<link rel=\"canonical\" href=\"https:\/\/coelectrix.com\/pt-pt\/producto\/bateria-lifepo4-upower-ue-12li150-12-8v-150ah-1920wh\" \/>\n<meta property=\"og:locale\" content=\"pt_PT\" \/>\n<meta property=\"og:type\" content=\"article\" \/>\n<meta property=\"og:title\" content=\"\u25b7 Bateria UPOWER UE-12LI150 LiFePO4 - 12,8V 150Ah (1920 Wh) | Coelectrix.com\" \/>\n<meta property=\"og:description\" content=\"Alimente a sua instala\u00e7\u00e3o solar ou a sua caravana com a bateria de l\u00edtio UPOWER UE-12LI150 LiFePO4 (12,8V 150Ah). Mais de 2500 ciclos, 100% descarreg\u00e1vel, segura e sem manuten\u00e7\u00e3o.\" \/>\n<meta property=\"og:url\" content=\"https:\/\/coelectrix.com\/pt-pt\/producto\/bateria-lifepo4-upower-ue-12li150-12-8v-150ah-1920wh\" \/>\n<meta property=\"og:site_name\" content=\"Coelectrix\" \/>\n<meta property=\"article:modified_time\" content=\"2025-12-25T05:08:19+00:00\" \/>\n<meta property=\"og:image\" content=\"https:\/\/coelectrix.com\/wp-content\/uploads\/2025\/07\/Proyecto-nuevo-37.jpg\" \/>\n\t<meta property=\"og:image:width\" content=\"800\" \/>\n\t<meta property=\"og:image:height\" content=\"800\" \/>\n\t<meta property=\"og:image:type\" content=\"image\/jpeg\" \/>\n<meta name=\"twitter:card\" content=\"summary_large_image\" \/>\n<meta name=\"twitter:label1\" content=\"Tempo estimado de leitura\" \/>\n\t<meta name=\"twitter:data1\" content=\"2 minutos\" \/>\n<script type=\"application\/ld+json\" class=\"yoast-schema-graph\">{\"@context\":\"https:\/\/schema.org\",\"@graph\":[{\"@type\":\"WebPage\",\"@id\":\"https:\/\/coelectrix.com\/pt-pt\/producto\/bateria-lifepo4-upower-ue-12li150-12-8v-150ah-1920wh\",\"url\":\"https:\/\/coelectrix.com\/pt-pt\/producto\/bateria-lifepo4-upower-ue-12li150-12-8v-150ah-1920wh\",\"name\":\"\u25b7 Bateria UPOWER UE-12LI150 LiFePO4 - 12,8V 150Ah (1920 Wh) | Coelectrix.com\",\"isPartOf\":{\"@id\":\"https:\/\/coelectrix.com\/pt-pt\/#website\"},\"primaryImageOfPage\":{\"@id\":\"https:\/\/coelectrix.com\/pt-pt\/producto\/bateria-lifepo4-upower-ue-12li150-12-8v-150ah-1920wh#primaryimage\"},\"image\":{\"@id\":\"https:\/\/coelectrix.com\/pt-pt\/producto\/bateria-lifepo4-upower-ue-12li150-12-8v-150ah-1920wh#primaryimage\"},\"thumbnailUrl\":\"https:\/\/coelectrix.com\/wp-content\/uploads\/2025\/07\/Proyecto-nuevo-37.jpg\",\"datePublished\":\"2025-07-05T08:51:10+00:00\",\"dateModified\":\"2025-12-25T05:08:19+00:00\",\"description\":\"Alimente a sua instala\u00e7\u00e3o solar ou a sua caravana com a bateria de l\u00edtio UPOWER UE-12LI150 LiFePO4 (12,8V 150Ah). Mais de 2500 ciclos, 100% descarreg\u00e1vel, segura e sem manuten\u00e7\u00e3o.\",\"breadcrumb\":{\"@id\":\"https:\/\/coelectrix.com\/pt-pt\/producto\/bateria-lifepo4-upower-ue-12li150-12-8v-150ah-1920wh#breadcrumb\"},\"inLanguage\":\"pt-PT\",\"potentialAction\":[{\"@type\":\"ReadAction\",\"target\":[\"https:\/\/coelectrix.com\/pt-pt\/producto\/bateria-lifepo4-upower-ue-12li150-12-8v-150ah-1920wh\"]}]},{\"@type\":\"ImageObject\",\"inLanguage\":\"pt-PT\",\"@id\":\"https:\/\/coelectrix.com\/pt-pt\/producto\/bateria-lifepo4-upower-ue-12li150-12-8v-150ah-1920wh#primaryimage\",\"url\":\"https:\/\/coelectrix.com\/wp-content\/uploads\/2025\/07\/Proyecto-nuevo-37.jpg\",\"contentUrl\":\"https:\/\/coelectrix.com\/wp-content\/uploads\/2025\/07\/Proyecto-nuevo-37.jpg\",\"width\":800,\"height\":800,\"caption\":\"Bateria frontal LiFePO4 UPOWER 150ah\"},{\"@type\":\"BreadcrumbList\",\"@id\":\"https:\/\/coelectrix.com\/pt-pt\/producto\/bateria-lifepo4-upower-ue-12li150-12-8v-150ah-1920wh#breadcrumb\",\"itemListElement\":[{\"@type\":\"ListItem\",\"position\":1,\"name\":\"Portada\",\"item\":\"https:\/\/coelectrix.com\/\"},{\"@type\":\"ListItem\",\"position\":2,\"name\":\"Loja\",\"item\":\"https:\/\/coelectrix.com\/pt-pt\/loja\"},{\"@type\":\"ListItem\",\"position\":3,\"name\":\"Bateria UPOWER UE-12LI150 LiFePO4 &#8211; 12,8V 150Ah (1920 Wh)\"}]},{\"@type\":\"WebSite\",\"@id\":\"https:\/\/coelectrix.com\/pt-pt\/#website\",\"url\":\"https:\/\/coelectrix.com\/pt-pt\/\",\"name\":\"Coelectrix\",\"description\":\"Componentes el\u00e9ctricos\",\"publisher\":{\"@id\":\"https:\/\/coelectrix.com\/pt-pt\/#organization\"},\"potentialAction\":[{\"@type\":\"SearchAction\",\"target\":{\"@type\":\"EntryPoint\",\"urlTemplate\":\"https:\/\/coelectrix.com\/pt-pt\/?s={search_term_string}\"},\"query-input\":{\"@type\":\"PropertyValueSpecification\",\"valueRequired\":true,\"valueName\":\"search_term_string\"}}],\"inLanguage\":\"pt-PT\"},{\"@type\":\"Organization\",\"@id\":\"https:\/\/coelectrix.com\/pt-pt\/#organization\",\"name\":\"coelectrix.com\",\"url\":\"https:\/\/coelectrix.com\/pt-pt\/\",\"logo\":{\"@type\":\"ImageObject\",\"inLanguage\":\"pt-PT\",\"@id\":\"https:\/\/coelectrix.com\/pt-pt\/#\/schema\/logo\/image\/\",\"url\":\"https:\/\/coelectrix.com\/wp-content\/uploads\/2018\/05\/logo-coelectrix-400x400.jpg\",\"contentUrl\":\"https:\/\/coelectrix.com\/wp-content\/uploads\/2018\/05\/logo-coelectrix-400x400.jpg\",\"width\":300,\"height\":300,\"caption\":\"coelectrix.com\"},\"image\":{\"@id\":\"https:\/\/coelectrix.com\/pt-pt\/#\/schema\/logo\/image\/\"}}]}<\/script>\n<!-- \/ Yoast SEO plugin. -->","yoast_head_json":{"title":"\u25b7 Bateria UPOWER UE-12LI150 LiFePO4 - 12,8V 150Ah (1920 Wh) | Coelectrix.com","description":"Alimente a sua instala\u00e7\u00e3o solar ou a sua caravana com a bateria de l\u00edtio UPOWER UE-12LI150 LiFePO4 (12,8V 150Ah). Mais de 2500 ciclos, 100% descarreg\u00e1vel, segura e sem manuten\u00e7\u00e3o.","robots":{"index":"index","follow":"follow","max-snippet":"max-snippet:-1","max-image-preview":"max-image-preview:large","max-video-preview":"max-video-preview:-1"},"canonical":"https:\/\/coelectrix.com\/pt-pt\/producto\/bateria-lifepo4-upower-ue-12li150-12-8v-150ah-1920wh","og_locale":"pt_PT","og_type":"article","og_title":"\u25b7 Bateria UPOWER UE-12LI150 LiFePO4 - 12,8V 150Ah (1920 Wh) | Coelectrix.com","og_description":"Alimente a sua instala\u00e7\u00e3o solar ou a sua caravana com a bateria de l\u00edtio UPOWER UE-12LI150 LiFePO4 (12,8V 150Ah). Mais de 2500 ciclos, 100% descarreg\u00e1vel, segura e sem manuten\u00e7\u00e3o.","og_url":"https:\/\/coelectrix.com\/pt-pt\/producto\/bateria-lifepo4-upower-ue-12li150-12-8v-150ah-1920wh","og_site_name":"Coelectrix","article_modified_time":"2025-12-25T05:08:19+00:00","og_image":[{"width":800,"height":800,"url":"https:\/\/coelectrix.com\/wp-content\/uploads\/2025\/07\/Proyecto-nuevo-37.jpg","type":"image\/jpeg"}],"twitter_card":"summary_large_image","twitter_misc":{"Tempo estimado de leitura":"2 minutos"},"schema":{"@context":"https:\/\/schema.org","@graph":[{"@type":"WebPage","@id":"https:\/\/coelectrix.com\/pt-pt\/producto\/bateria-lifepo4-upower-ue-12li150-12-8v-150ah-1920wh","url":"https:\/\/coelectrix.com\/pt-pt\/producto\/bateria-lifepo4-upower-ue-12li150-12-8v-150ah-1920wh","name":"\u25b7 Bateria UPOWER UE-12LI150 LiFePO4 - 12,8V 150Ah (1920 Wh) | Coelectrix.com","isPartOf":{"@id":"https:\/\/coelectrix.com\/pt-pt\/#website"},"primaryImageOfPage":{"@id":"https:\/\/coelectrix.com\/pt-pt\/producto\/bateria-lifepo4-upower-ue-12li150-12-8v-150ah-1920wh#primaryimage"},"image":{"@id":"https:\/\/coelectrix.com\/pt-pt\/producto\/bateria-lifepo4-upower-ue-12li150-12-8v-150ah-1920wh#primaryimage"},"thumbnailUrl":"https:\/\/coelectrix.com\/wp-content\/uploads\/2025\/07\/Proyecto-nuevo-37.jpg","datePublished":"2025-07-05T08:51:10+00:00","dateModified":"2025-12-25T05:08:19+00:00","description":"Alimente a sua instala\u00e7\u00e3o solar ou a sua caravana com a bateria de l\u00edtio UPOWER UE-12LI150 LiFePO4 (12,8V 150Ah). Mais de 2500 ciclos, 100% descarreg\u00e1vel, segura e sem manuten\u00e7\u00e3o.","breadcrumb":{"@id":"https:\/\/coelectrix.com\/pt-pt\/producto\/bateria-lifepo4-upower-ue-12li150-12-8v-150ah-1920wh#breadcrumb"},"inLanguage":"pt-PT","potentialAction":[{"@type":"ReadAction","target":["https:\/\/coelectrix.com\/pt-pt\/producto\/bateria-lifepo4-upower-ue-12li150-12-8v-150ah-1920wh"]}]},{"@type":"ImageObject","inLanguage":"pt-PT","@id":"https:\/\/coelectrix.com\/pt-pt\/producto\/bateria-lifepo4-upower-ue-12li150-12-8v-150ah-1920wh#primaryimage","url":"https:\/\/coelectrix.com\/wp-content\/uploads\/2025\/07\/Proyecto-nuevo-37.jpg","contentUrl":"https:\/\/coelectrix.com\/wp-content\/uploads\/2025\/07\/Proyecto-nuevo-37.jpg","width":800,"height":800,"caption":"Bateria frontal LiFePO4 UPOWER 150ah"},{"@type":"BreadcrumbList","@id":"https:\/\/coelectrix.com\/pt-pt\/producto\/bateria-lifepo4-upower-ue-12li150-12-8v-150ah-1920wh#breadcrumb","itemListElement":[{"@type":"ListItem","position":1,"name":"Portada","item":"https:\/\/coelectrix.com\/"},{"@type":"ListItem","position":2,"name":"Loja","item":"https:\/\/coelectrix.com\/pt-pt\/loja"},{"@type":"ListItem","position":3,"name":"Bateria UPOWER UE-12LI150 LiFePO4 &#8211; 12,8V 150Ah (1920 Wh)"}]},{"@type":"WebSite","@id":"https:\/\/coelectrix.com\/pt-pt\/#website","url":"https:\/\/coelectrix.com\/pt-pt\/","name":"Coelectrix","description":"Componentes el\u00e9ctricos","publisher":{"@id":"https:\/\/coelectrix.com\/pt-pt\/#organization"},"potentialAction":[{"@type":"SearchAction","target":{"@type":"EntryPoint","urlTemplate":"https:\/\/coelectrix.com\/pt-pt\/?s={search_term_string}"},"query-input":{"@type":"PropertyValueSpecification","valueRequired":true,"valueName":"search_term_string"}}],"inLanguage":"pt-PT"},{"@type":"Organization","@id":"https:\/\/coelectrix.com\/pt-pt\/#organization","name":"coelectrix.com","url":"https:\/\/coelectrix.com\/pt-pt\/","logo":{"@type":"ImageObject","inLanguage":"pt-PT","@id":"https:\/\/coelectrix.com\/pt-pt\/#\/schema\/logo\/image\/","url":"https:\/\/coelectrix.com\/wp-content\/uploads\/2018\/05\/logo-coelectrix-400x400.jpg","contentUrl":"https:\/\/coelectrix.com\/wp-content\/uploads\/2018\/05\/logo-coelectrix-400x400.jpg","width":300,"height":300,"caption":"coelectrix.com"},"image":{"@id":"https:\/\/coelectrix.com\/pt-pt\/#\/schema\/logo\/image\/"}}]}},"_links":{"self":[{"href":"https:\/\/coelectrix.com\/pt-pt\/wp-json\/wp\/v2\/product\/74845","targetHints":{"allow":["GET"]}}],"collection":[{"href":"https:\/\/coelectrix.com\/pt-pt\/wp-json\/wp\/v2\/product"}],"about":[{"href":"https:\/\/coelectrix.com\/pt-pt\/wp-json\/wp\/v2\/types\/product"}],"version-history":[{"count":1,"href":"https:\/\/coelectrix.com\/pt-pt\/wp-json\/wp\/v2\/product\/74845\/revisions"}],"predecessor-version":[{"id":75275,"href":"https:\/\/coelectrix.com\/pt-pt\/wp-json\/wp\/v2\/product\/74845\/revisions\/75275"}],"wp:featuredmedia":[{"embeddable":true,"href":"https:\/\/coelectrix.com\/pt-pt\/wp-json\/wp\/v2\/media\/74726"}],"wp:attachment":[{"href":"https:\/\/coelectrix.com\/pt-pt\/wp-json\/wp\/v2\/media?parent=74845"}],"wp:term":[{"taxonomy":"product_brand","embeddable":true,"href":"https:\/\/coelectrix.com\/pt-pt\/wp-json\/wp\/v2\/product_brand?post=74845"},{"taxonomy":"product_cat","embeddable":true,"href":"https:\/\/coelectrix.com\/pt-pt\/wp-json\/wp\/v2\/product_cat?post=74845"},{"taxonomy":"product_tag","embeddable":true,"href":"https:\/\/coelectrix.com\/pt-pt\/wp-json\/wp\/v2\/product_tag?post=74845"}],"curies":[{"name":"wp","href":"https:\/\/api.w.org\/{rel}","templated":true}]}}