{"id":74847,"date":"2025-06-21T11:33:42","date_gmt":"2025-06-21T09:33:42","guid":{"rendered":"https:\/\/coelectrix.com\/producto\/small-bms-ng-victron-energy"},"modified":"2025-12-25T06:07:57","modified_gmt":"2025-12-25T05:07:57","slug":"small-bms-ng-victron-energy","status":"publish","type":"product","link":"https:\/\/coelectrix.com\/pt-pt\/produto\/pequeno-bms-ng-victron-energy","title":{"rendered":"SMALL BMS NG Victron Energy"},"content":{"rendered":"<h2><strong>SMALL BMS NG Victron Energy<\/strong><\/h2>\n<p style=\"font-weight: 400;\">O SmallBMS NG \u00e9 uma alternativa simples e econ\u00f3mica ao VE.Bus BMS NG para aplica\u00e7\u00f5es que n\u00e3o requerem integra\u00e7\u00e3o com inversores\/carregadores Victron. Fornece prote\u00e7\u00e3o essencial para baterias de l\u00edtio sem a complexidade acrescida da comunica\u00e7\u00e3o VE.Bus, pelo que n\u00e3o \u00e9 adequado para utiliza\u00e7\u00e3o com inversores\/carregadores VE.Bus, como o MultiPlus e o Quattro.<\/p>\n<p style=\"font-weight: 400;\">Com Bluetooth integrado, liga-se diretamente a todas as baterias de l\u00edtio-g\u00e1s no sistema para monitoriza\u00e7\u00e3o centralizada atrav\u00e9s do VictronConnect. Tamb\u00e9m recebe dados de corrente e estado de carga diretamente das baterias, pelo que n\u00e3o \u00e9 necess\u00e1rio um SmartShunt separado.<\/p>\n<p style=\"font-weight: 400;\">Carater\u00edsticas principais:<\/p>\n<ul style=\"font-weight: 400;\">\n<li>Sa\u00edda de desconex\u00e3o de carga: controla a entrada remota de ligar\/desligar de um BatteryProtect, inversor, conversor CC-CC ou outras cargas com funcionalidade remota de ligar\/desligar para evitar descargas profundas.<\/li>\n<li>Sa\u00edda de desconex\u00e3o de carga: Controla a porta remota de ligar\/desligar de carregadores como o Carregador Inteligente IP43, um rel\u00e9 Cyrix-Li-Charge, um combinador de baterias Cyrix-Li-ct ou um BatteryProtect, para evitar a sobretens\u00e3o.<\/li>\n<li>Sa\u00edda de pr\u00e9-alarme: Alerta de baixa tens\u00e3o da bateria antes de desconectar as cargas. Pode ativar um rel\u00e9, um LED ou um sinal sonoro.<\/li>\n<li>Controlo remoto de ligar\/desligar: Permite o controlo externo das sa\u00eddas de carga e de desconex\u00e3o de carga.<\/li>\n<li>Indicadores LED: Inclui um LED azul para o estado do Bluetooth e um LED vermelho para avisos e erros.<\/li>\n<\/ul>\n","protected":false},"excerpt":{"rendered":"<p><span>O SmallBMS NG \u00e9 um sistema abrangente de gest\u00e3o de baterias (BMS) concebido para baterias Victron Lithium NG. <\/span><a href=\"https:\/\/www.victronenergy.com\/batteries\/lithium-ng-batteries\" target=\"_blank\" rel=\"noopener\"><span>Baterias Victron Lithium NG. <\/span><\/a><span> Monitoriza e protege as baterias gerindo o carregamento e as desconex\u00f5es de carga, e gerando pr\u00e9-alarmes de baixa tens\u00e3o.<\/span><\/p>\n<p><strong>Apenas adequado para instala\u00e7\u00f5es que n\u00e3o tenham um carregador\/inversor Multiplus.<\/strong><\/p>\n","protected":false},"featured_media":74716,"template":"","meta":{"_acf_changed":false},"product_brand":[],"product_cat":[1346,1261,1338],"product_tag":[1445],"class_list":{"0":"post-74847","1":"product","2":"type-product","3":"status-publish","4":"has-post-thumbnail","6":"product_cat-baterias-agm-e-de-litio","7":"product_cat-pilhas-de-litio-lifepo4","8":"product_cat-victron-energia","9":"product_tag-victron-pt","11":"first","12":"instock","13":"taxable","14":"shipping-taxable","15":"purchasable","16":"product-type-simple"},"acf":[],"yoast_head":"<!-- This site is optimized with the Yoast SEO plugin v27.2 - https:\/\/yoast.com\/product\/yoast-seo-wordpress\/ -->\n<title>\u25b7 SMALL BMS NG Victron Energy | Coelectrix.com<\/title>\n<meta name=\"robots\" content=\"index, follow, max-snippet:-1, max-image-preview:large, max-video-preview:-1\" \/>\n<link rel=\"canonical\" href=\"https:\/\/coelectrix.com\/pt-pt\/produto\/pequeno-bms-ng-victron-energy\" \/>\n<meta property=\"og:locale\" content=\"pt_PT\" \/>\n<meta property=\"og:type\" content=\"article\" \/>\n<meta property=\"og:title\" content=\"\u25b7 SMALL BMS NG Victron Energy | Coelectrix.com\" \/>\n<meta property=\"og:description\" content=\"O SmallBMS NG \u00e9 um sistema abrangente de gest\u00e3o de baterias (BMS) concebido para baterias Victron Lithium NG. Baterias Victron Lithium NG. Monitoriza e protege as baterias gerindo o carregamento e as desconex\u00f5es de carga, e gerando pr\u00e9-alarmes de baixa tens\u00e3o. Apenas adequado para instala\u00e7\u00f5es que n\u00e3o tenham um carregador\/inversor Multiplus.\" \/>\n<meta property=\"og:url\" content=\"https:\/\/coelectrix.com\/pt-pt\/produto\/pequeno-bms-ng-victron-energy\" \/>\n<meta property=\"og:site_name\" content=\"Coelectrix\" \/>\n<meta property=\"article:modified_time\" content=\"2025-12-25T05:07:57+00:00\" \/>\n<meta property=\"og:image\" content=\"https:\/\/coelectrix.com\/wp-content\/uploads\/2025\/06\/Proyecto-nuevo-35.jpg\" \/>\n\t<meta property=\"og:image:width\" content=\"800\" \/>\n\t<meta property=\"og:image:height\" content=\"800\" \/>\n\t<meta property=\"og:image:type\" content=\"image\/jpeg\" \/>\n<meta name=\"twitter:card\" content=\"summary_large_image\" \/>\n<meta name=\"twitter:label1\" content=\"Tempo estimado de leitura\" \/>\n\t<meta name=\"twitter:data1\" content=\"1 minuto\" \/>\n<script type=\"application\/ld+json\" class=\"yoast-schema-graph\">{\"@context\":\"https:\/\/schema.org\",\"@graph\":[{\"@type\":\"WebPage\",\"@id\":\"https:\/\/coelectrix.com\/pt-pt\/produto\/pequeno-bms-ng-victron-energy\",\"url\":\"https:\/\/coelectrix.com\/pt-pt\/produto\/pequeno-bms-ng-victron-energy\",\"name\":\"\u25b7 SMALL BMS NG Victron Energy | Coelectrix.com\",\"isPartOf\":{\"@id\":\"https:\/\/coelectrix.com\/pt-pt\/#website\"},\"primaryImageOfPage\":{\"@id\":\"https:\/\/coelectrix.com\/pt-pt\/produto\/pequeno-bms-ng-victron-energy#primaryimage\"},\"image\":{\"@id\":\"https:\/\/coelectrix.com\/pt-pt\/produto\/pequeno-bms-ng-victron-energy#primaryimage\"},\"thumbnailUrl\":\"https:\/\/coelectrix.com\/wp-content\/uploads\/2025\/06\/Proyecto-nuevo-35.jpg\",\"datePublished\":\"2025-06-21T09:33:42+00:00\",\"dateModified\":\"2025-12-25T05:07:57+00:00\",\"breadcrumb\":{\"@id\":\"https:\/\/coelectrix.com\/pt-pt\/produto\/pequeno-bms-ng-victron-energy#breadcrumb\"},\"inLanguage\":\"pt-PT\",\"potentialAction\":[{\"@type\":\"ReadAction\",\"target\":[\"https:\/\/coelectrix.com\/pt-pt\/produto\/pequeno-bms-ng-victron-energy\"]}]},{\"@type\":\"ImageObject\",\"inLanguage\":\"pt-PT\",\"@id\":\"https:\/\/coelectrix.com\/pt-pt\/produto\/pequeno-bms-ng-victron-energy#primaryimage\",\"url\":\"https:\/\/coelectrix.com\/wp-content\/uploads\/2025\/06\/Proyecto-nuevo-35.jpg\",\"contentUrl\":\"https:\/\/coelectrix.com\/wp-content\/uploads\/2025\/06\/Proyecto-nuevo-35.jpg\",\"width\":800,\"height\":800,\"caption\":\"BMS PEQUENO NG\"},{\"@type\":\"BreadcrumbList\",\"@id\":\"https:\/\/coelectrix.com\/pt-pt\/produto\/pequeno-bms-ng-victron-energy#breadcrumb\",\"itemListElement\":[{\"@type\":\"ListItem\",\"position\":1,\"name\":\"Portada\",\"item\":\"https:\/\/coelectrix.com\/\"},{\"@type\":\"ListItem\",\"position\":2,\"name\":\"Loja\",\"item\":\"https:\/\/coelectrix.com\/pt-pt\/loja\"},{\"@type\":\"ListItem\",\"position\":3,\"name\":\"SMALL BMS NG Victron Energy\"}]},{\"@type\":\"WebSite\",\"@id\":\"https:\/\/coelectrix.com\/pt-pt\/#website\",\"url\":\"https:\/\/coelectrix.com\/pt-pt\/\",\"name\":\"Coelectrix\",\"description\":\"Componentes el\u00e9ctricos\",\"publisher\":{\"@id\":\"https:\/\/coelectrix.com\/pt-pt\/#organization\"},\"potentialAction\":[{\"@type\":\"SearchAction\",\"target\":{\"@type\":\"EntryPoint\",\"urlTemplate\":\"https:\/\/coelectrix.com\/pt-pt\/?s={search_term_string}\"},\"query-input\":{\"@type\":\"PropertyValueSpecification\",\"valueRequired\":true,\"valueName\":\"search_term_string\"}}],\"inLanguage\":\"pt-PT\"},{\"@type\":\"Organization\",\"@id\":\"https:\/\/coelectrix.com\/pt-pt\/#organization\",\"name\":\"coelectrix.com\",\"url\":\"https:\/\/coelectrix.com\/pt-pt\/\",\"logo\":{\"@type\":\"ImageObject\",\"inLanguage\":\"pt-PT\",\"@id\":\"https:\/\/coelectrix.com\/pt-pt\/#\/schema\/logo\/image\/\",\"url\":\"https:\/\/coelectrix.com\/wp-content\/uploads\/2018\/05\/logo-coelectrix-400x400.jpg\",\"contentUrl\":\"https:\/\/coelectrix.com\/wp-content\/uploads\/2018\/05\/logo-coelectrix-400x400.jpg\",\"width\":300,\"height\":300,\"caption\":\"coelectrix.com\"},\"image\":{\"@id\":\"https:\/\/coelectrix.com\/pt-pt\/#\/schema\/logo\/image\/\"}}]}<\/script>\n<!-- \/ Yoast SEO plugin. -->","yoast_head_json":{"title":"\u25b7 SMALL BMS NG Victron Energy | Coelectrix.com","robots":{"index":"index","follow":"follow","max-snippet":"max-snippet:-1","max-image-preview":"max-image-preview:large","max-video-preview":"max-video-preview:-1"},"canonical":"https:\/\/coelectrix.com\/pt-pt\/produto\/pequeno-bms-ng-victron-energy","og_locale":"pt_PT","og_type":"article","og_title":"\u25b7 SMALL BMS NG Victron Energy | Coelectrix.com","og_description":"O SmallBMS NG \u00e9 um sistema abrangente de gest\u00e3o de baterias (BMS) concebido para baterias Victron Lithium NG. Baterias Victron Lithium NG. Monitoriza e protege as baterias gerindo o carregamento e as desconex\u00f5es de carga, e gerando pr\u00e9-alarmes de baixa tens\u00e3o. Apenas adequado para instala\u00e7\u00f5es que n\u00e3o tenham um carregador\/inversor Multiplus.","og_url":"https:\/\/coelectrix.com\/pt-pt\/produto\/pequeno-bms-ng-victron-energy","og_site_name":"Coelectrix","article_modified_time":"2025-12-25T05:07:57+00:00","og_image":[{"width":800,"height":800,"url":"https:\/\/coelectrix.com\/wp-content\/uploads\/2025\/06\/Proyecto-nuevo-35.jpg","type":"image\/jpeg"}],"twitter_card":"summary_large_image","twitter_misc":{"Tempo estimado de leitura":"1 minuto"},"schema":{"@context":"https:\/\/schema.org","@graph":[{"@type":"WebPage","@id":"https:\/\/coelectrix.com\/pt-pt\/produto\/pequeno-bms-ng-victron-energy","url":"https:\/\/coelectrix.com\/pt-pt\/produto\/pequeno-bms-ng-victron-energy","name":"\u25b7 SMALL BMS NG Victron Energy | Coelectrix.com","isPartOf":{"@id":"https:\/\/coelectrix.com\/pt-pt\/#website"},"primaryImageOfPage":{"@id":"https:\/\/coelectrix.com\/pt-pt\/produto\/pequeno-bms-ng-victron-energy#primaryimage"},"image":{"@id":"https:\/\/coelectrix.com\/pt-pt\/produto\/pequeno-bms-ng-victron-energy#primaryimage"},"thumbnailUrl":"https:\/\/coelectrix.com\/wp-content\/uploads\/2025\/06\/Proyecto-nuevo-35.jpg","datePublished":"2025-06-21T09:33:42+00:00","dateModified":"2025-12-25T05:07:57+00:00","breadcrumb":{"@id":"https:\/\/coelectrix.com\/pt-pt\/produto\/pequeno-bms-ng-victron-energy#breadcrumb"},"inLanguage":"pt-PT","potentialAction":[{"@type":"ReadAction","target":["https:\/\/coelectrix.com\/pt-pt\/produto\/pequeno-bms-ng-victron-energy"]}]},{"@type":"ImageObject","inLanguage":"pt-PT","@id":"https:\/\/coelectrix.com\/pt-pt\/produto\/pequeno-bms-ng-victron-energy#primaryimage","url":"https:\/\/coelectrix.com\/wp-content\/uploads\/2025\/06\/Proyecto-nuevo-35.jpg","contentUrl":"https:\/\/coelectrix.com\/wp-content\/uploads\/2025\/06\/Proyecto-nuevo-35.jpg","width":800,"height":800,"caption":"BMS PEQUENO NG"},{"@type":"BreadcrumbList","@id":"https:\/\/coelectrix.com\/pt-pt\/produto\/pequeno-bms-ng-victron-energy#breadcrumb","itemListElement":[{"@type":"ListItem","position":1,"name":"Portada","item":"https:\/\/coelectrix.com\/"},{"@type":"ListItem","position":2,"name":"Loja","item":"https:\/\/coelectrix.com\/pt-pt\/loja"},{"@type":"ListItem","position":3,"name":"SMALL BMS NG Victron Energy"}]},{"@type":"WebSite","@id":"https:\/\/coelectrix.com\/pt-pt\/#website","url":"https:\/\/coelectrix.com\/pt-pt\/","name":"Coelectrix","description":"Componentes el\u00e9ctricos","publisher":{"@id":"https:\/\/coelectrix.com\/pt-pt\/#organization"},"potentialAction":[{"@type":"SearchAction","target":{"@type":"EntryPoint","urlTemplate":"https:\/\/coelectrix.com\/pt-pt\/?s={search_term_string}"},"query-input":{"@type":"PropertyValueSpecification","valueRequired":true,"valueName":"search_term_string"}}],"inLanguage":"pt-PT"},{"@type":"Organization","@id":"https:\/\/coelectrix.com\/pt-pt\/#organization","name":"coelectrix.com","url":"https:\/\/coelectrix.com\/pt-pt\/","logo":{"@type":"ImageObject","inLanguage":"pt-PT","@id":"https:\/\/coelectrix.com\/pt-pt\/#\/schema\/logo\/image\/","url":"https:\/\/coelectrix.com\/wp-content\/uploads\/2018\/05\/logo-coelectrix-400x400.jpg","contentUrl":"https:\/\/coelectrix.com\/wp-content\/uploads\/2018\/05\/logo-coelectrix-400x400.jpg","width":300,"height":300,"caption":"coelectrix.com"},"image":{"@id":"https:\/\/coelectrix.com\/pt-pt\/#\/schema\/logo\/image\/"}}]}},"_links":{"self":[{"href":"https:\/\/coelectrix.com\/pt-pt\/wp-json\/wp\/v2\/product\/74847","targetHints":{"allow":["GET"]}}],"collection":[{"href":"https:\/\/coelectrix.com\/pt-pt\/wp-json\/wp\/v2\/product"}],"about":[{"href":"https:\/\/coelectrix.com\/pt-pt\/wp-json\/wp\/v2\/types\/product"}],"version-history":[{"count":1,"href":"https:\/\/coelectrix.com\/pt-pt\/wp-json\/wp\/v2\/product\/74847\/revisions"}],"predecessor-version":[{"id":75277,"href":"https:\/\/coelectrix.com\/pt-pt\/wp-json\/wp\/v2\/product\/74847\/revisions\/75277"}],"wp:featuredmedia":[{"embeddable":true,"href":"https:\/\/coelectrix.com\/pt-pt\/wp-json\/wp\/v2\/media\/74716"}],"wp:attachment":[{"href":"https:\/\/coelectrix.com\/pt-pt\/wp-json\/wp\/v2\/media?parent=74847"}],"wp:term":[{"taxonomy":"product_brand","embeddable":true,"href":"https:\/\/coelectrix.com\/pt-pt\/wp-json\/wp\/v2\/product_brand?post=74847"},{"taxonomy":"product_cat","embeddable":true,"href":"https:\/\/coelectrix.com\/pt-pt\/wp-json\/wp\/v2\/product_cat?post=74847"},{"taxonomy":"product_tag","embeddable":true,"href":"https:\/\/coelectrix.com\/pt-pt\/wp-json\/wp\/v2\/product_tag?post=74847"}],"curies":[{"name":"wp","href":"https:\/\/api.w.org\/{rel}","templated":true}]}}