{"id":74848,"date":"2025-06-21T11:27:27","date_gmt":"2025-06-21T09:27:27","guid":{"rendered":"https:\/\/coelectrix.com\/producto\/bms-lynx-smart-500-ng-m10"},"modified":"2025-12-25T06:07:52","modified_gmt":"2025-12-25T05:07:52","slug":"bms-lynx-smart-500-ng-m10","status":"publish","type":"product","link":"https:\/\/coelectrix.com\/pt-pt\/producto\/bms-lynx-smart-500-ng-m10","title":{"rendered":"BMS LYNX SMART 500 NG (M10)"},"content":{"rendered":"<p>Os sistemas de baterias podem ser configurados em s\u00e9rie, em paralelo ou numa combina\u00e7\u00e3o de ambos, sendo compat\u00edveis com sistemas de 12V, 24V e 48V. Cada sistema pode aceitar at\u00e9 50 baterias, fornecendo at\u00e9 192 kWh (12V) ou 384 kWh (24V\/48V) de armazenamento de energia. Ao ligar v\u00e1rias unidades Lynx Smart BMS em paralelo, a capacidade pode ser expandida e a redund\u00e2ncia assegurada.<\/p>\n<p style=\"font-weight: 400;\">Carater\u00edsticas principais:<\/p>\n<ul style=\"font-weight: 400;\">\n<li>Contactor integrado de 500 A ou 1000 A: Proporciona seguran\u00e7a auxiliar e permite ligar\/desligar remotamente o sistema principal.<\/li>\n<li>Monitoriza\u00e7\u00e3o da bateria: Apresenta o estado da carga e outros dados vitais para uma gest\u00e3o eficiente do sistema.<\/li>\n<li>Sinal de pr\u00e9-alarme: Alerta antes de o sistema se desligar devido a baixa tens\u00e3o da c\u00e9lula.<\/li>\n<li>Conectividade Bluetooth: Configure, monitorize e diagnostique o sistema com facilidade a partir da nossa <a href=\"https:\/\/www.victronenergy.com.es\/panel-systems-remote-monitoring\/victronconnect\">aplica\u00e7\u00e3o VictronConnect.<\/a><\/li>\n<li>Monitoriza\u00e7\u00e3o local e remota: Compat\u00edvel com dispositivos Victron GX, como o <a href=\"https:\/\/www.victronenergy.com.es\/communication-centres\/cerbo-gx\">Cerbo GX<\/a> e o <a href=\"https:\/\/www.victronenergy.com.es\/panel-systems-remote-monitoring\/vrm\">portal VRM<\/a> para monitoriza\u00e7\u00e3o em tempo real.<\/li>\n<li>Integra\u00e7\u00e3o de barramento M10: Liga-se facilmente a todos os produtos Lynx M10, assegurando uma integra\u00e7\u00e3o simples no <a href=\"https:\/\/www.victronenergy.com.es\/dc-distribution-systems\">sistema Lynx Distributor<\/a>.<\/li>\n<\/ul>\n<p style=\"font-weight: 400;\">O Lynx Smart BMS NG \u00e9 uma parte essencial do sistema modular Lynx Distribution.<\/p>\n","protected":false},"excerpt":{"rendered":"<p>O Lynx Smart BMS NG \u00e9 um sistema avan\u00e7ado de gest\u00e3o de baterias especialmente concebido para as baterias <a href=\"https:\/\/www.victronenergy.com.es\/batteries\/lithium-ng-batteries\">de l\u00edtio NG<\/a> da Victron Energy.<br \/>\nEste robusto sistema de gest\u00e3o de baterias assegura um funcionamento sem falhas, uma seguran\u00e7a \u00f3ptima e uma monitoriza\u00e7\u00e3o eficiente dos bancos de baterias de l\u00edtio NG, que est\u00e3o dispon\u00edveis com tens\u00f5es nominais de 12,8 V, 25,6 V e 51,2 V e com diferentes capacidades.<\/p>\n<p>Dispon\u00edvel em dois tamanhos &#8211; 500 A e 1000 A &#8211; o Lynx Smart BMS NG oferece uma solu\u00e7\u00e3o fi\u00e1vel, segura e f\u00e1cil de utilizar.<\/p>\n","protected":false},"featured_media":74717,"template":"","meta":{"_acf_changed":false},"product_brand":[],"product_cat":[1346,1261,1338],"product_tag":[1445],"class_list":{"0":"post-74848","1":"product","2":"type-product","3":"status-publish","4":"has-post-thumbnail","6":"product_cat-baterias-agm-e-de-litio","7":"product_cat-pilhas-de-litio-lifepo4","8":"product_cat-victron-energia","9":"product_tag-victron-pt","11":"first","12":"onbackorder","13":"taxable","14":"shipping-taxable","15":"purchasable","16":"product-type-simple"},"acf":[],"yoast_head":"<!-- This site is optimized with the Yoast SEO plugin v27.2 - https:\/\/yoast.com\/product\/yoast-seo-wordpress\/ -->\n<title>\u25b7 BMS LYNX SMART 500 NG (M10) | Coelectrix.com<\/title>\n<meta name=\"description\" content=\"O Lynx Smart BMS NG \u00e9 um sistema avan\u00e7ado de gest\u00e3o de baterias especialmente concebido para as baterias Victron Lithium NG.\" \/>\n<meta name=\"robots\" content=\"index, follow, max-snippet:-1, max-image-preview:large, max-video-preview:-1\" \/>\n<link rel=\"canonical\" href=\"https:\/\/coelectrix.com\/pt-pt\/producto\/bms-lynx-smart-500-ng-m10\" \/>\n<meta property=\"og:locale\" content=\"pt_PT\" \/>\n<meta property=\"og:type\" content=\"article\" \/>\n<meta property=\"og:title\" content=\"\u25b7 BMS LYNX SMART 500 NG (M10) | Coelectrix.com\" \/>\n<meta property=\"og:description\" content=\"O Lynx Smart BMS NG \u00e9 um sistema avan\u00e7ado de gest\u00e3o de baterias especialmente concebido para as baterias Victron Lithium NG.\" \/>\n<meta property=\"og:url\" content=\"https:\/\/coelectrix.com\/pt-pt\/producto\/bms-lynx-smart-500-ng-m10\" \/>\n<meta property=\"og:site_name\" content=\"Coelectrix\" \/>\n<meta property=\"article:modified_time\" content=\"2025-12-25T05:07:52+00:00\" \/>\n<meta property=\"og:image\" content=\"https:\/\/coelectrix.com\/wp-content\/uploads\/2025\/06\/Proyecto-nuevo-36.jpg\" \/>\n\t<meta property=\"og:image:width\" content=\"800\" \/>\n\t<meta property=\"og:image:height\" content=\"800\" \/>\n\t<meta property=\"og:image:type\" content=\"image\/jpeg\" \/>\n<meta name=\"twitter:card\" content=\"summary_large_image\" \/>\n<meta name=\"twitter:label1\" content=\"Tempo estimado de leitura\" \/>\n\t<meta name=\"twitter:data1\" content=\"1 minuto\" \/>\n<script type=\"application\/ld+json\" class=\"yoast-schema-graph\">{\"@context\":\"https:\/\/schema.org\",\"@graph\":[{\"@type\":\"WebPage\",\"@id\":\"https:\/\/coelectrix.com\/pt-pt\/producto\/bms-lynx-smart-500-ng-m10\",\"url\":\"https:\/\/coelectrix.com\/pt-pt\/producto\/bms-lynx-smart-500-ng-m10\",\"name\":\"\u25b7 BMS LYNX SMART 500 NG (M10) | Coelectrix.com\",\"isPartOf\":{\"@id\":\"https:\/\/coelectrix.com\/pt-pt\/#website\"},\"primaryImageOfPage\":{\"@id\":\"https:\/\/coelectrix.com\/pt-pt\/producto\/bms-lynx-smart-500-ng-m10#primaryimage\"},\"image\":{\"@id\":\"https:\/\/coelectrix.com\/pt-pt\/producto\/bms-lynx-smart-500-ng-m10#primaryimage\"},\"thumbnailUrl\":\"https:\/\/coelectrix.com\/wp-content\/uploads\/2025\/06\/Proyecto-nuevo-36.jpg\",\"datePublished\":\"2025-06-21T09:27:27+00:00\",\"dateModified\":\"2025-12-25T05:07:52+00:00\",\"description\":\"O Lynx Smart BMS NG \u00e9 um sistema avan\u00e7ado de gest\u00e3o de baterias especialmente concebido para as baterias Victron Lithium NG.\",\"breadcrumb\":{\"@id\":\"https:\/\/coelectrix.com\/pt-pt\/producto\/bms-lynx-smart-500-ng-m10#breadcrumb\"},\"inLanguage\":\"pt-PT\",\"potentialAction\":[{\"@type\":\"ReadAction\",\"target\":[\"https:\/\/coelectrix.com\/pt-pt\/producto\/bms-lynx-smart-500-ng-m10\"]}]},{\"@type\":\"ImageObject\",\"inLanguage\":\"pt-PT\",\"@id\":\"https:\/\/coelectrix.com\/pt-pt\/producto\/bms-lynx-smart-500-ng-m10#primaryimage\",\"url\":\"https:\/\/coelectrix.com\/wp-content\/uploads\/2025\/06\/Proyecto-nuevo-36.jpg\",\"contentUrl\":\"https:\/\/coelectrix.com\/wp-content\/uploads\/2025\/06\/Proyecto-nuevo-36.jpg\",\"width\":800,\"height\":800},{\"@type\":\"BreadcrumbList\",\"@id\":\"https:\/\/coelectrix.com\/pt-pt\/producto\/bms-lynx-smart-500-ng-m10#breadcrumb\",\"itemListElement\":[{\"@type\":\"ListItem\",\"position\":1,\"name\":\"Portada\",\"item\":\"https:\/\/coelectrix.com\/\"},{\"@type\":\"ListItem\",\"position\":2,\"name\":\"Loja\",\"item\":\"https:\/\/coelectrix.com\/pt-pt\/loja\"},{\"@type\":\"ListItem\",\"position\":3,\"name\":\"BMS LYNX SMART 500 NG (M10)\"}]},{\"@type\":\"WebSite\",\"@id\":\"https:\/\/coelectrix.com\/pt-pt\/#website\",\"url\":\"https:\/\/coelectrix.com\/pt-pt\/\",\"name\":\"Coelectrix\",\"description\":\"Componentes el\u00e9ctricos\",\"publisher\":{\"@id\":\"https:\/\/coelectrix.com\/pt-pt\/#organization\"},\"potentialAction\":[{\"@type\":\"SearchAction\",\"target\":{\"@type\":\"EntryPoint\",\"urlTemplate\":\"https:\/\/coelectrix.com\/pt-pt\/?s={search_term_string}\"},\"query-input\":{\"@type\":\"PropertyValueSpecification\",\"valueRequired\":true,\"valueName\":\"search_term_string\"}}],\"inLanguage\":\"pt-PT\"},{\"@type\":\"Organization\",\"@id\":\"https:\/\/coelectrix.com\/pt-pt\/#organization\",\"name\":\"coelectrix.com\",\"url\":\"https:\/\/coelectrix.com\/pt-pt\/\",\"logo\":{\"@type\":\"ImageObject\",\"inLanguage\":\"pt-PT\",\"@id\":\"https:\/\/coelectrix.com\/pt-pt\/#\/schema\/logo\/image\/\",\"url\":\"https:\/\/coelectrix.com\/wp-content\/uploads\/2018\/05\/logo-coelectrix-400x400.jpg\",\"contentUrl\":\"https:\/\/coelectrix.com\/wp-content\/uploads\/2018\/05\/logo-coelectrix-400x400.jpg\",\"width\":300,\"height\":300,\"caption\":\"coelectrix.com\"},\"image\":{\"@id\":\"https:\/\/coelectrix.com\/pt-pt\/#\/schema\/logo\/image\/\"}}]}<\/script>\n<!-- \/ Yoast SEO plugin. -->","yoast_head_json":{"title":"\u25b7 BMS LYNX SMART 500 NG (M10) | Coelectrix.com","description":"O Lynx Smart BMS NG \u00e9 um sistema avan\u00e7ado de gest\u00e3o de baterias especialmente concebido para as baterias Victron Lithium NG.","robots":{"index":"index","follow":"follow","max-snippet":"max-snippet:-1","max-image-preview":"max-image-preview:large","max-video-preview":"max-video-preview:-1"},"canonical":"https:\/\/coelectrix.com\/pt-pt\/producto\/bms-lynx-smart-500-ng-m10","og_locale":"pt_PT","og_type":"article","og_title":"\u25b7 BMS LYNX SMART 500 NG (M10) | Coelectrix.com","og_description":"O Lynx Smart BMS NG \u00e9 um sistema avan\u00e7ado de gest\u00e3o de baterias especialmente concebido para as baterias Victron Lithium NG.","og_url":"https:\/\/coelectrix.com\/pt-pt\/producto\/bms-lynx-smart-500-ng-m10","og_site_name":"Coelectrix","article_modified_time":"2025-12-25T05:07:52+00:00","og_image":[{"width":800,"height":800,"url":"https:\/\/coelectrix.com\/wp-content\/uploads\/2025\/06\/Proyecto-nuevo-36.jpg","type":"image\/jpeg"}],"twitter_card":"summary_large_image","twitter_misc":{"Tempo estimado de leitura":"1 minuto"},"schema":{"@context":"https:\/\/schema.org","@graph":[{"@type":"WebPage","@id":"https:\/\/coelectrix.com\/pt-pt\/producto\/bms-lynx-smart-500-ng-m10","url":"https:\/\/coelectrix.com\/pt-pt\/producto\/bms-lynx-smart-500-ng-m10","name":"\u25b7 BMS LYNX SMART 500 NG (M10) | Coelectrix.com","isPartOf":{"@id":"https:\/\/coelectrix.com\/pt-pt\/#website"},"primaryImageOfPage":{"@id":"https:\/\/coelectrix.com\/pt-pt\/producto\/bms-lynx-smart-500-ng-m10#primaryimage"},"image":{"@id":"https:\/\/coelectrix.com\/pt-pt\/producto\/bms-lynx-smart-500-ng-m10#primaryimage"},"thumbnailUrl":"https:\/\/coelectrix.com\/wp-content\/uploads\/2025\/06\/Proyecto-nuevo-36.jpg","datePublished":"2025-06-21T09:27:27+00:00","dateModified":"2025-12-25T05:07:52+00:00","description":"O Lynx Smart BMS NG \u00e9 um sistema avan\u00e7ado de gest\u00e3o de baterias especialmente concebido para as baterias Victron Lithium NG.","breadcrumb":{"@id":"https:\/\/coelectrix.com\/pt-pt\/producto\/bms-lynx-smart-500-ng-m10#breadcrumb"},"inLanguage":"pt-PT","potentialAction":[{"@type":"ReadAction","target":["https:\/\/coelectrix.com\/pt-pt\/producto\/bms-lynx-smart-500-ng-m10"]}]},{"@type":"ImageObject","inLanguage":"pt-PT","@id":"https:\/\/coelectrix.com\/pt-pt\/producto\/bms-lynx-smart-500-ng-m10#primaryimage","url":"https:\/\/coelectrix.com\/wp-content\/uploads\/2025\/06\/Proyecto-nuevo-36.jpg","contentUrl":"https:\/\/coelectrix.com\/wp-content\/uploads\/2025\/06\/Proyecto-nuevo-36.jpg","width":800,"height":800},{"@type":"BreadcrumbList","@id":"https:\/\/coelectrix.com\/pt-pt\/producto\/bms-lynx-smart-500-ng-m10#breadcrumb","itemListElement":[{"@type":"ListItem","position":1,"name":"Portada","item":"https:\/\/coelectrix.com\/"},{"@type":"ListItem","position":2,"name":"Loja","item":"https:\/\/coelectrix.com\/pt-pt\/loja"},{"@type":"ListItem","position":3,"name":"BMS LYNX SMART 500 NG (M10)"}]},{"@type":"WebSite","@id":"https:\/\/coelectrix.com\/pt-pt\/#website","url":"https:\/\/coelectrix.com\/pt-pt\/","name":"Coelectrix","description":"Componentes el\u00e9ctricos","publisher":{"@id":"https:\/\/coelectrix.com\/pt-pt\/#organization"},"potentialAction":[{"@type":"SearchAction","target":{"@type":"EntryPoint","urlTemplate":"https:\/\/coelectrix.com\/pt-pt\/?s={search_term_string}"},"query-input":{"@type":"PropertyValueSpecification","valueRequired":true,"valueName":"search_term_string"}}],"inLanguage":"pt-PT"},{"@type":"Organization","@id":"https:\/\/coelectrix.com\/pt-pt\/#organization","name":"coelectrix.com","url":"https:\/\/coelectrix.com\/pt-pt\/","logo":{"@type":"ImageObject","inLanguage":"pt-PT","@id":"https:\/\/coelectrix.com\/pt-pt\/#\/schema\/logo\/image\/","url":"https:\/\/coelectrix.com\/wp-content\/uploads\/2018\/05\/logo-coelectrix-400x400.jpg","contentUrl":"https:\/\/coelectrix.com\/wp-content\/uploads\/2018\/05\/logo-coelectrix-400x400.jpg","width":300,"height":300,"caption":"coelectrix.com"},"image":{"@id":"https:\/\/coelectrix.com\/pt-pt\/#\/schema\/logo\/image\/"}}]}},"_links":{"self":[{"href":"https:\/\/coelectrix.com\/pt-pt\/wp-json\/wp\/v2\/product\/74848","targetHints":{"allow":["GET"]}}],"collection":[{"href":"https:\/\/coelectrix.com\/pt-pt\/wp-json\/wp\/v2\/product"}],"about":[{"href":"https:\/\/coelectrix.com\/pt-pt\/wp-json\/wp\/v2\/types\/product"}],"version-history":[{"count":1,"href":"https:\/\/coelectrix.com\/pt-pt\/wp-json\/wp\/v2\/product\/74848\/revisions"}],"predecessor-version":[{"id":75278,"href":"https:\/\/coelectrix.com\/pt-pt\/wp-json\/wp\/v2\/product\/74848\/revisions\/75278"}],"wp:featuredmedia":[{"embeddable":true,"href":"https:\/\/coelectrix.com\/pt-pt\/wp-json\/wp\/v2\/media\/74717"}],"wp:attachment":[{"href":"https:\/\/coelectrix.com\/pt-pt\/wp-json\/wp\/v2\/media?parent=74848"}],"wp:term":[{"taxonomy":"product_brand","embeddable":true,"href":"https:\/\/coelectrix.com\/pt-pt\/wp-json\/wp\/v2\/product_brand?post=74848"},{"taxonomy":"product_cat","embeddable":true,"href":"https:\/\/coelectrix.com\/pt-pt\/wp-json\/wp\/v2\/product_cat?post=74848"},{"taxonomy":"product_tag","embeddable":true,"href":"https:\/\/coelectrix.com\/pt-pt\/wp-json\/wp\/v2\/product_tag?post=74848"}],"curies":[{"name":"wp","href":"https:\/\/api.w.org\/{rel}","templated":true}]}}