{"id":74851,"date":"2025-06-21T10:36:44","date_gmt":"2025-06-21T08:36:44","guid":{"rendered":"https:\/\/coelectrix.com\/producto\/bateria-lifepo4-ng-128v-150ah-victron-energy"},"modified":"2025-12-25T06:07:41","modified_gmt":"2025-12-25T05:07:41","slug":"bateria-lifepo4-ng-128v-150ah-victron-energy","status":"publish","type":"product","link":"https:\/\/coelectrix.com\/pt-pt\/produto\/bateria-lifepo4-ng-128v-150ah-victron-energy","title":{"rendered":"BATERIA LIFEPO4 NG 12,8V\/150Ah Victron Energy"},"content":{"rendered":"<h2><strong>Baterias de l\u00edtio Victron Energy 150ah 12,8V &#8211; Tecnologia NG LiFePO\u2084<\/strong><\/h2>\n<p>As baterias de l\u00edtio de 12,8V da Victron Energy com tecnologia Lithium NG representam uma solu\u00e7\u00e3o avan\u00e7ada para armazenamento de energia. Dispon\u00edveis nas capacidades de 100Ah, 150Ah, 200Ah e 300Ah, oferecem uma elevada densidade energ\u00e9tica, baixa manuten\u00e7\u00e3o e m\u00e1xima seguran\u00e7a gra\u00e7as \u00e0 sua composi\u00e7\u00e3o LiFePO\u2084.<\/p>\n<table>\n<thead>\n<tr>\n<th>Modelo<\/th>\n<th>Capacidade<\/th>\n<th>Pot\u00eancia<\/th>\n<th>Corrente cont\u00ednua<\/th>\n<th>Corrente de pico (10s)<\/th>\n<th>Dimens\u00f5es (mm)<\/th>\n<th>Peso (mm)<\/th>\n<\/tr>\n<\/thead>\n<tbody>\n<tr>\n<td><span style=\"color: #999999;\"><strong>LFP-12,8\/100<\/strong><\/span><\/td>\n<td><span style=\"color: #999999;\"><strong>100 Ah<\/strong><\/span><\/td>\n<td><span style=\"color: #999999;\"><strong>1280 Wh<\/strong><\/span><\/td>\n<td><span style=\"color: #999999;\"><strong>100 A<\/strong><\/span><\/td>\n<td><span style=\"color: #999999;\"><strong>200 A<\/strong><\/span><\/td>\n<td><span style=\"color: #999999;\"><strong>235 x 197 x 160<\/strong><\/span><\/td>\n<td><span style=\"color: #999999;\"><strong>9 kg<\/strong><\/span><\/td>\n<\/tr>\n<tr>\n<td><span style=\"color: #000000;\"><strong>LFP-12,8\/150<\/strong><\/span><\/td>\n<td><span style=\"color: #000000;\"><strong>150 Ah<\/strong><\/span><\/td>\n<td><span style=\"color: #000000;\"><strong>1920 Wh<\/strong><\/span><\/td>\n<td><span style=\"color: #000000;\"><strong>150 A<\/strong><\/span><\/td>\n<td><span style=\"color: #000000;\"><strong>300 A<\/strong><\/span><\/td>\n<td><span style=\"color: #000000;\"><strong>205 x 250 x 205<\/strong><\/span><\/td>\n<td><span style=\"color: #000000;\"><strong>14 kg<\/strong><\/span><\/td>\n<\/tr>\n<tr>\n<td><span style=\"color: #999999;\">LFP-12,8\/200<\/span><\/td>\n<td><span style=\"color: #999999;\">200 Ah<\/span><\/td>\n<td><span style=\"color: #999999;\">2560 Wh<\/span><\/td>\n<td><span style=\"color: #999999;\">200 A<\/span><\/td>\n<td><span style=\"color: #999999;\">400 A<\/span><\/td>\n<td><span style=\"color: #999999;\">235 x 341 x 160<\/span><\/td>\n<td><span style=\"color: #999999;\">19 kg<\/span><\/td>\n<\/tr>\n<tr>\n<td><span style=\"color: #999999;\">LFP-12,8\/300<\/span><\/td>\n<td><span style=\"color: #999999;\">300 Ah<\/span><\/td>\n<td><span style=\"color: #999999;\">3840 Wh<\/span><\/td>\n<td><span style=\"color: #999999;\">300 A<\/span><\/td>\n<td><span style=\"color: #999999;\">600 A<\/span><\/td>\n<td><span style=\"color: #999999;\">206 x 447 x 205<\/span><\/td>\n<td><span style=\"color: #999999;\">29 kg<\/span><\/td>\n<\/tr>\n<\/tbody>\n<\/table>\n<h3><strong>Lifepo4 NG com Shunt integrado<\/strong><\/h3>\n<p><span style=\"color: #000000;\">Os dados da bateria (tens\u00e3o, corrente e temperatura da bateria) s\u00e3o transmitidos para o BMS e <\/span><span style=\"color: #000000;\">a\u00ed avaliados, por exemplo, para calcular o estado de carga, que pode depois ser lido atrav\u00e9s do <\/span><span style=\"color: #000000;\">VictronConnect ou de um centro de comunica\u00e7\u00e3o GX, ou utilizado para criar e emitir avisos e alarmes <\/span><span style=\"color: #000000;\">espec\u00edficos<\/span><span style=\"color: #000000;\">. <\/span><\/p>\n<h3><\/h3>\n<h3><strong>Carater\u00edsticas t\u00e9cnicas da bateria Victron Lifepo4 NG 150ah:<\/strong><\/h3>\n<ul>\n<li data-start=\"1664\" data-end=\"1691\">\n<p data-start=\"1666\" data-end=\"1691\">Efici\u00eancia do ciclo: 92%.<\/p>\n<\/li>\n<li data-start=\"1692\" data-end=\"1741\">\n<p data-start=\"1694\" data-end=\"1741\">Vida \u00fatil: at\u00e9 5000 ciclos a 50% de descarga<\/p>\n<\/li>\n<li data-start=\"1742\" data-end=\"1769\">\n<p data-start=\"1744\" data-end=\"1769\">Classe de prote\u00e7\u00e3o: IP65<\/p>\n<\/li>\n<li data-start=\"1770\" data-end=\"1813\">\n<p data-start=\"1772\" data-end=\"1813\">Temperatura de funcionamento: -20 \u00b0C a +50 \u00b0C -20 \u00b0C a +50 \u00b0C<\/p>\n<\/li>\n<li data-start=\"1814\" data-end=\"1845\">\n<p data-start=\"1816\" data-end=\"1845\">Bluetooth integrado (via BMS)<\/p>\n<\/li>\n<\/ul>\n<p data-start=\"1852\" data-end=\"1885\"><strong data-start=\"1852\" data-end=\"1885\">Aplica\u00e7\u00f5es recomendadas:<\/strong><\/p>\n<ul data-start=\"1886\" data-end=\"2022\">\n<li data-start=\"1886\" data-end=\"1918\">\n<p data-start=\"1888\" data-end=\"1918\">Sistemas solares fotovoltaicos<\/p>\n<\/li>\n<li data-start=\"1919\" data-end=\"1946\">\n<p data-start=\"1921\" data-end=\"1946\">Autocaravanas e caravanas<\/p>\n<\/li>\n<li data-start=\"1947\" data-end=\"1972\">\n<p data-start=\"1949\" data-end=\"1972\">Barcos e n\u00e1utica<\/p>\n<\/li>\n<li data-start=\"1973\" data-end=\"2001\">\n<p data-start=\"1975\" data-end=\"2001\">Instala\u00e7\u00f5es industriais<\/p>\n<\/li>\n<li data-start=\"2002\" data-end=\"2022\">\n<p data-start=\"2004\" data-end=\"2022\">Telecomunica\u00e7\u00f5es<\/p>\n<\/li>\n<\/ul>\n<p data-start=\"2029\" data-end=\"2056\"><strong data-start=\"2029\" data-end=\"2056\">Vantagens extraordin\u00e1rias:<\/strong><\/p>\n<ul data-start=\"2057\" data-end=\"2316\">\n<li data-start=\"2057\" data-end=\"2112\">\n<p data-start=\"2059\" data-end=\"2112\"><strong data-start=\"2059\" data-end=\"2073\">Seguran\u00e7a:<\/strong> qu\u00edmica LiFePO\u2084 com Lynx Smart NG BMS.<\/p>\n<\/li>\n<li data-start=\"2113\" data-end=\"2180\">\n<p data-start=\"2115\" data-end=\"2180\"><strong data-start=\"2115\" data-end=\"2132\">Conectividade:<\/strong> Monitoriza\u00e7\u00e3o atrav\u00e9s do VictronConnect ou do portal VRM.<\/p>\n<\/li>\n<li data-start=\"2181\" data-end=\"2242\">\n<p data-start=\"2183\" data-end=\"2242\"><strong data-start=\"2183\" data-end=\"2199\">Modularidade:<\/strong> At\u00e9 50 unidades conect\u00e1veis por sistema.<\/p>\n<\/li>\n<li data-start=\"2243\" data-end=\"2316\">\n<p data-start=\"2245\" data-end=\"2316\"><strong data-start=\"2245\" data-end=\"2260\">Fiabilidade:<\/strong> Baixa auto-descarga (&lt;2% mensal), firmware atualiz\u00e1vel.<\/p>\n<\/li>\n<\/ul>\n<p><a href=\"https:\/\/coelectrix.com\/wp-content\/uploads\/2025\/06\/Datasheet-Lithium-NG-batteries-128V-256V-512V-ES-2.pdf\" target=\"_blank\" rel=\"noopener\">Descarregar a ficha t\u00e9cnica da bateria lifepo4 NG da Victron Energy<\/a><\/p>\n","protected":false},"excerpt":{"rendered":"<p>Baterias de l\u00edtio Victron Energy 12.8V de alta efici\u00eancia e longa dura\u00e7\u00e3o com capacidade de 150ah.<br \/>\nIdeal para sistemas solares, marinha, ve\u00edculos e muito mais.<\/p>\n<div class=\"hsgcmsu mgz-element mgz-child mgz-element-product_attribute\">\n<div class=\"mgz-element-inner hsgcmsu-s\">\n<div class=\"ppbd-product-attribute\"><strong>Tipo de bateria<\/strong>: LiFePO4<\/div>\n<\/div>\n<\/div>\n<div class=\"aomier8 mgz-element mgz-child mgz-element-product_attribute\">\n<div class=\"mgz-element-inner aomier8-s\">\n<div class=\"ppbd-product-attribute\"><strong>Capacidade da bateria (Ah)<\/strong>: 150 Ah<\/div>\n<\/div>\n<\/div>\n<div class=\"lesdhqo mgz-element mgz-child mgz-element-product_attribute\">\n<div class=\"mgz-element-inner lesdhqo-s\">\n<div class=\"ppbd-product-attribute\"><strong>Tens\u00e3o da bateria<\/strong>: 12,8 V<\/div>\n<\/div>\n<\/div>\n<div class=\"uq8ixli mgz-element mgz-child mgz-element-product_attribute\">\n<div class=\"mgz-element-inner uq8ixli-s\">\n<div class=\"ppbd-product-attribute\"><strong>BMS compat\u00edvel<\/strong>: Lynx Smart BMS NG 500 A \/ 1000 A (n\u00e3o inclu\u00eddo)<\/div>\n<\/div>\n<\/div>\n<div class=\"tcw2q1n mgz-element mgz-child mgz-element-product_attribute\">\n<div class=\"mgz-element-inner tcw2q1n-s\">\n<div class=\"ppbd-product-attribute\"><strong>Efici\u00eancia m\u00e1xima (%)<\/strong>: 92<\/div>\n<\/div>\n<\/div>\n<div class=\"q7tufdx mgz-element mgz-child mgz-element-product_attribute\">\n<div class=\"mgz-element-inner q7tufdx-s\">\n<div class=\"ppbd-product-attribute\"><strong>Bluetooth<\/strong>: N\u00e3o<\/div>\n<\/div>\n<\/div>\n<div class=\"hqha5yu mgz-element mgz-child mgz-element-product_attribute\">\n<div class=\"mgz-element-inner hqha5yu-s\">\n<div class=\"ppbd-product-attribute\"><strong>Controlo remoto de ligar\/desligar<\/strong>: N\u00e3o<\/div>\n<\/div>\n<\/div>\n<div class=\"ewxmbfr mgz-element mgz-child mgz-element-product_attribute\">\n<div class=\"mgz-element-inner ewxmbfr-s\">\n<div class=\"ppbd-product-attribute\"><strong>Liga\u00e7\u00f5es de entrada AC\/DC<\/strong>: M8 (pe\u00e7as roscadas e parafusos)<\/div>\n<\/div>\n<\/div>\n<div class=\"xpgr1fn mgz-element mgz-child mgz-element-product_attribute\">\n<div class=\"mgz-element-inner xpgr1fn-s\">\n<div class=\"ppbd-product-attribute\"><strong>Per\u00edodo de garantia<\/strong>: 3 anos<\/div>\n<\/div>\n<\/div>\n<div class=\"r93heu9 mgz-element mgz-child mgz-element-text\">\n<div class=\"mgz-element-inner r93heu9-s\">\n<p><strong>Dimens\u00f5es (cm) e peso: <\/strong><strong>Altura<\/strong>: 20,50 <strong>Largura<\/strong>: 20 <strong>Comprimento<\/strong>: 20,5 <strong>Peso<\/strong>: 14,7<\/p>\n<\/div>\n<\/div>\n","protected":false},"featured_media":74712,"template":"","meta":{"_acf_changed":false},"product_brand":[],"product_cat":[1346,1261,1338],"product_tag":[1445],"class_list":{"0":"post-74851","1":"product","2":"type-product","3":"status-publish","4":"has-post-thumbnail","6":"product_cat-baterias-agm-e-de-litio","7":"product_cat-pilhas-de-litio-lifepo4","8":"product_cat-victron-energia","9":"product_tag-victron-pt","10":"product_shipping_class-baterias","12":"first","13":"onbackorder","14":"taxable","15":"shipping-taxable","16":"purchasable","17":"product-type-simple"},"acf":[],"yoast_head":"<!-- This site is optimized with the Yoast SEO plugin v27.2 - https:\/\/yoast.com\/product\/yoast-seo-wordpress\/ -->\n<title>\u25b7 BATERIA LIFEPO4 NG 12,8V\/150Ah Victron Energy | Coelectrix.com<\/title>\n<meta name=\"description\" content=\"Baterias de l\u00edtio Victron Energy 12.8V de alta efici\u00eancia e longa dura\u00e7\u00e3o com capacidade de 150ah Ideal para sistemas solares, marinha, ve\u00edculos e muito mais.\" \/>\n<meta name=\"robots\" content=\"index, follow, max-snippet:-1, max-image-preview:large, max-video-preview:-1\" \/>\n<link rel=\"canonical\" href=\"https:\/\/coelectrix.com\/pt-pt\/produto\/bateria-lifepo4-ng-128v-150ah-victron-energy\" \/>\n<meta property=\"og:locale\" content=\"pt_PT\" \/>\n<meta property=\"og:type\" content=\"article\" \/>\n<meta property=\"og:title\" content=\"\u25b7 BATERIA LIFEPO4 NG 12,8V\/150Ah Victron Energy | Coelectrix.com\" \/>\n<meta property=\"og:description\" content=\"Baterias de l\u00edtio Victron Energy 12.8V de alta efici\u00eancia e longa dura\u00e7\u00e3o com capacidade de 150ah Ideal para sistemas solares, marinha, ve\u00edculos e muito mais.\" \/>\n<meta property=\"og:url\" content=\"https:\/\/coelectrix.com\/pt-pt\/produto\/bateria-lifepo4-ng-128v-150ah-victron-energy\" \/>\n<meta property=\"og:site_name\" content=\"Coelectrix\" \/>\n<meta property=\"article:modified_time\" content=\"2025-12-25T05:07:41+00:00\" \/>\n<meta property=\"og:image\" content=\"https:\/\/coelectrix.com\/wp-content\/uploads\/2025\/06\/Proyecto-nuevo-31.jpg\" \/>\n\t<meta property=\"og:image:width\" content=\"800\" \/>\n\t<meta property=\"og:image:height\" content=\"800\" \/>\n\t<meta property=\"og:image:type\" content=\"image\/jpeg\" \/>\n<meta name=\"twitter:card\" content=\"summary_large_image\" \/>\n<meta name=\"twitter:label1\" content=\"Tempo estimado de leitura\" \/>\n\t<meta name=\"twitter:data1\" content=\"1 minuto\" \/>\n<script type=\"application\/ld+json\" class=\"yoast-schema-graph\">{\"@context\":\"https:\/\/schema.org\",\"@graph\":[{\"@type\":\"WebPage\",\"@id\":\"https:\/\/coelectrix.com\/pt-pt\/produto\/bateria-lifepo4-ng-128v-150ah-victron-energy\",\"url\":\"https:\/\/coelectrix.com\/pt-pt\/produto\/bateria-lifepo4-ng-128v-150ah-victron-energy\",\"name\":\"\u25b7 BATERIA LIFEPO4 NG 12,8V\/150Ah Victron Energy | Coelectrix.com\",\"isPartOf\":{\"@id\":\"https:\/\/coelectrix.com\/pt-pt\/#website\"},\"primaryImageOfPage\":{\"@id\":\"https:\/\/coelectrix.com\/pt-pt\/produto\/bateria-lifepo4-ng-128v-150ah-victron-energy#primaryimage\"},\"image\":{\"@id\":\"https:\/\/coelectrix.com\/pt-pt\/produto\/bateria-lifepo4-ng-128v-150ah-victron-energy#primaryimage\"},\"thumbnailUrl\":\"https:\/\/coelectrix.com\/wp-content\/uploads\/2025\/06\/Proyecto-nuevo-31.jpg\",\"datePublished\":\"2025-06-21T08:36:44+00:00\",\"dateModified\":\"2025-12-25T05:07:41+00:00\",\"description\":\"Baterias de l\u00edtio Victron Energy 12.8V de alta efici\u00eancia e longa dura\u00e7\u00e3o com capacidade de 150ah Ideal para sistemas solares, marinha, ve\u00edculos e muito mais.\",\"breadcrumb\":{\"@id\":\"https:\/\/coelectrix.com\/pt-pt\/produto\/bateria-lifepo4-ng-128v-150ah-victron-energy#breadcrumb\"},\"inLanguage\":\"pt-PT\",\"potentialAction\":[{\"@type\":\"ReadAction\",\"target\":[\"https:\/\/coelectrix.com\/pt-pt\/produto\/bateria-lifepo4-ng-128v-150ah-victron-energy\"]}]},{\"@type\":\"ImageObject\",\"inLanguage\":\"pt-PT\",\"@id\":\"https:\/\/coelectrix.com\/pt-pt\/produto\/bateria-lifepo4-ng-128v-150ah-victron-energy#primaryimage\",\"url\":\"https:\/\/coelectrix.com\/wp-content\/uploads\/2025\/06\/Proyecto-nuevo-31.jpg\",\"contentUrl\":\"https:\/\/coelectrix.com\/wp-content\/uploads\/2025\/06\/Proyecto-nuevo-31.jpg\",\"width\":800,\"height\":800,\"caption\":\"BATERIA LIFEPO4 NG 12,8V\/150Ah\"},{\"@type\":\"BreadcrumbList\",\"@id\":\"https:\/\/coelectrix.com\/pt-pt\/produto\/bateria-lifepo4-ng-128v-150ah-victron-energy#breadcrumb\",\"itemListElement\":[{\"@type\":\"ListItem\",\"position\":1,\"name\":\"Portada\",\"item\":\"https:\/\/coelectrix.com\/\"},{\"@type\":\"ListItem\",\"position\":2,\"name\":\"Loja\",\"item\":\"https:\/\/coelectrix.com\/pt-pt\/loja\"},{\"@type\":\"ListItem\",\"position\":3,\"name\":\"BATERIA LIFEPO4 NG 12,8V\/150Ah Victron Energy\"}]},{\"@type\":\"WebSite\",\"@id\":\"https:\/\/coelectrix.com\/pt-pt\/#website\",\"url\":\"https:\/\/coelectrix.com\/pt-pt\/\",\"name\":\"Coelectrix\",\"description\":\"Componentes el\u00e9ctricos\",\"publisher\":{\"@id\":\"https:\/\/coelectrix.com\/pt-pt\/#organization\"},\"potentialAction\":[{\"@type\":\"SearchAction\",\"target\":{\"@type\":\"EntryPoint\",\"urlTemplate\":\"https:\/\/coelectrix.com\/pt-pt\/?s={search_term_string}\"},\"query-input\":{\"@type\":\"PropertyValueSpecification\",\"valueRequired\":true,\"valueName\":\"search_term_string\"}}],\"inLanguage\":\"pt-PT\"},{\"@type\":\"Organization\",\"@id\":\"https:\/\/coelectrix.com\/pt-pt\/#organization\",\"name\":\"coelectrix.com\",\"url\":\"https:\/\/coelectrix.com\/pt-pt\/\",\"logo\":{\"@type\":\"ImageObject\",\"inLanguage\":\"pt-PT\",\"@id\":\"https:\/\/coelectrix.com\/pt-pt\/#\/schema\/logo\/image\/\",\"url\":\"https:\/\/coelectrix.com\/wp-content\/uploads\/2018\/05\/logo-coelectrix-400x400.jpg\",\"contentUrl\":\"https:\/\/coelectrix.com\/wp-content\/uploads\/2018\/05\/logo-coelectrix-400x400.jpg\",\"width\":300,\"height\":300,\"caption\":\"coelectrix.com\"},\"image\":{\"@id\":\"https:\/\/coelectrix.com\/pt-pt\/#\/schema\/logo\/image\/\"}}]}<\/script>\n<!-- \/ Yoast SEO plugin. -->","yoast_head_json":{"title":"\u25b7 BATERIA LIFEPO4 NG 12,8V\/150Ah Victron Energy | Coelectrix.com","description":"Baterias de l\u00edtio Victron Energy 12.8V de alta efici\u00eancia e longa dura\u00e7\u00e3o com capacidade de 150ah Ideal para sistemas solares, marinha, ve\u00edculos e muito mais.","robots":{"index":"index","follow":"follow","max-snippet":"max-snippet:-1","max-image-preview":"max-image-preview:large","max-video-preview":"max-video-preview:-1"},"canonical":"https:\/\/coelectrix.com\/pt-pt\/produto\/bateria-lifepo4-ng-128v-150ah-victron-energy","og_locale":"pt_PT","og_type":"article","og_title":"\u25b7 BATERIA LIFEPO4 NG 12,8V\/150Ah Victron Energy | Coelectrix.com","og_description":"Baterias de l\u00edtio Victron Energy 12.8V de alta efici\u00eancia e longa dura\u00e7\u00e3o com capacidade de 150ah Ideal para sistemas solares, marinha, ve\u00edculos e muito mais.","og_url":"https:\/\/coelectrix.com\/pt-pt\/produto\/bateria-lifepo4-ng-128v-150ah-victron-energy","og_site_name":"Coelectrix","article_modified_time":"2025-12-25T05:07:41+00:00","og_image":[{"width":800,"height":800,"url":"https:\/\/coelectrix.com\/wp-content\/uploads\/2025\/06\/Proyecto-nuevo-31.jpg","type":"image\/jpeg"}],"twitter_card":"summary_large_image","twitter_misc":{"Tempo estimado de leitura":"1 minuto"},"schema":{"@context":"https:\/\/schema.org","@graph":[{"@type":"WebPage","@id":"https:\/\/coelectrix.com\/pt-pt\/produto\/bateria-lifepo4-ng-128v-150ah-victron-energy","url":"https:\/\/coelectrix.com\/pt-pt\/produto\/bateria-lifepo4-ng-128v-150ah-victron-energy","name":"\u25b7 BATERIA LIFEPO4 NG 12,8V\/150Ah Victron Energy | Coelectrix.com","isPartOf":{"@id":"https:\/\/coelectrix.com\/pt-pt\/#website"},"primaryImageOfPage":{"@id":"https:\/\/coelectrix.com\/pt-pt\/produto\/bateria-lifepo4-ng-128v-150ah-victron-energy#primaryimage"},"image":{"@id":"https:\/\/coelectrix.com\/pt-pt\/produto\/bateria-lifepo4-ng-128v-150ah-victron-energy#primaryimage"},"thumbnailUrl":"https:\/\/coelectrix.com\/wp-content\/uploads\/2025\/06\/Proyecto-nuevo-31.jpg","datePublished":"2025-06-21T08:36:44+00:00","dateModified":"2025-12-25T05:07:41+00:00","description":"Baterias de l\u00edtio Victron Energy 12.8V de alta efici\u00eancia e longa dura\u00e7\u00e3o com capacidade de 150ah Ideal para sistemas solares, marinha, ve\u00edculos e muito mais.","breadcrumb":{"@id":"https:\/\/coelectrix.com\/pt-pt\/produto\/bateria-lifepo4-ng-128v-150ah-victron-energy#breadcrumb"},"inLanguage":"pt-PT","potentialAction":[{"@type":"ReadAction","target":["https:\/\/coelectrix.com\/pt-pt\/produto\/bateria-lifepo4-ng-128v-150ah-victron-energy"]}]},{"@type":"ImageObject","inLanguage":"pt-PT","@id":"https:\/\/coelectrix.com\/pt-pt\/produto\/bateria-lifepo4-ng-128v-150ah-victron-energy#primaryimage","url":"https:\/\/coelectrix.com\/wp-content\/uploads\/2025\/06\/Proyecto-nuevo-31.jpg","contentUrl":"https:\/\/coelectrix.com\/wp-content\/uploads\/2025\/06\/Proyecto-nuevo-31.jpg","width":800,"height":800,"caption":"BATERIA LIFEPO4 NG 12,8V\/150Ah"},{"@type":"BreadcrumbList","@id":"https:\/\/coelectrix.com\/pt-pt\/produto\/bateria-lifepo4-ng-128v-150ah-victron-energy#breadcrumb","itemListElement":[{"@type":"ListItem","position":1,"name":"Portada","item":"https:\/\/coelectrix.com\/"},{"@type":"ListItem","position":2,"name":"Loja","item":"https:\/\/coelectrix.com\/pt-pt\/loja"},{"@type":"ListItem","position":3,"name":"BATERIA LIFEPO4 NG 12,8V\/150Ah Victron Energy"}]},{"@type":"WebSite","@id":"https:\/\/coelectrix.com\/pt-pt\/#website","url":"https:\/\/coelectrix.com\/pt-pt\/","name":"Coelectrix","description":"Componentes el\u00e9ctricos","publisher":{"@id":"https:\/\/coelectrix.com\/pt-pt\/#organization"},"potentialAction":[{"@type":"SearchAction","target":{"@type":"EntryPoint","urlTemplate":"https:\/\/coelectrix.com\/pt-pt\/?s={search_term_string}"},"query-input":{"@type":"PropertyValueSpecification","valueRequired":true,"valueName":"search_term_string"}}],"inLanguage":"pt-PT"},{"@type":"Organization","@id":"https:\/\/coelectrix.com\/pt-pt\/#organization","name":"coelectrix.com","url":"https:\/\/coelectrix.com\/pt-pt\/","logo":{"@type":"ImageObject","inLanguage":"pt-PT","@id":"https:\/\/coelectrix.com\/pt-pt\/#\/schema\/logo\/image\/","url":"https:\/\/coelectrix.com\/wp-content\/uploads\/2018\/05\/logo-coelectrix-400x400.jpg","contentUrl":"https:\/\/coelectrix.com\/wp-content\/uploads\/2018\/05\/logo-coelectrix-400x400.jpg","width":300,"height":300,"caption":"coelectrix.com"},"image":{"@id":"https:\/\/coelectrix.com\/pt-pt\/#\/schema\/logo\/image\/"}}]}},"_links":{"self":[{"href":"https:\/\/coelectrix.com\/pt-pt\/wp-json\/wp\/v2\/product\/74851","targetHints":{"allow":["GET"]}}],"collection":[{"href":"https:\/\/coelectrix.com\/pt-pt\/wp-json\/wp\/v2\/product"}],"about":[{"href":"https:\/\/coelectrix.com\/pt-pt\/wp-json\/wp\/v2\/types\/product"}],"version-history":[{"count":1,"href":"https:\/\/coelectrix.com\/pt-pt\/wp-json\/wp\/v2\/product\/74851\/revisions"}],"predecessor-version":[{"id":75281,"href":"https:\/\/coelectrix.com\/pt-pt\/wp-json\/wp\/v2\/product\/74851\/revisions\/75281"}],"wp:featuredmedia":[{"embeddable":true,"href":"https:\/\/coelectrix.com\/pt-pt\/wp-json\/wp\/v2\/media\/74712"}],"wp:attachment":[{"href":"https:\/\/coelectrix.com\/pt-pt\/wp-json\/wp\/v2\/media?parent=74851"}],"wp:term":[{"taxonomy":"product_brand","embeddable":true,"href":"https:\/\/coelectrix.com\/pt-pt\/wp-json\/wp\/v2\/product_brand?post=74851"},{"taxonomy":"product_cat","embeddable":true,"href":"https:\/\/coelectrix.com\/pt-pt\/wp-json\/wp\/v2\/product_cat?post=74851"},{"taxonomy":"product_tag","embeddable":true,"href":"https:\/\/coelectrix.com\/pt-pt\/wp-json\/wp\/v2\/product_tag?post=74851"}],"curies":[{"name":"wp","href":"https:\/\/api.w.org\/{rel}","templated":true}]}}