{"id":74854,"date":"2024-09-30T06:46:59","date_gmt":"2024-09-30T04:46:59","guid":{"rendered":"https:\/\/coelectrix.com\/producto\/sistema-de-gestao-ve-bus-bms"},"modified":"2025-08-19T06:00:42","modified_gmt":"2025-08-19T04:00:42","slug":"sistema-de-gestao-ve-bus-bms","status":"publish","type":"product","link":"https:\/\/coelectrix.com\/pt-pt\/produto\/sistema-de-gestao-ve-bus-bms","title":{"rendered":"SISTEMA DE GEST\u00c3O VE BUS BMS"},"content":{"rendered":"<h2><strong>SISTEMA DE GEST\u00c3O VE BUS BMS<\/strong><\/h2>\n<p>Cada c\u00e9lula de uma bateria LiFePO4 tem de ser protegida contra sobretens\u00e3o, subtens\u00e3o e sobretemperatura. As baterias LiFePO4 da Victron t\u00eam controlo integrado de equil\u00edbrio, temperatura e tens\u00e3o (acr\u00f3nimo: BTV) e s\u00e3o ligadas ao VE.BUS BMS com dois conjuntos de cabos de liga\u00e7\u00e3o circular M8. Os BTVs de v\u00e1rias baterias podem ser ligados em cadeia. Para mais informa\u00e7\u00f5es, consulte a nossa documenta\u00e7\u00e3o sobre baterias LiFePO4.<\/p>\n<p>Desligar\u00e1 ou desconectar\u00e1 as cargas em caso de subtens\u00e3o iminente da c\u00e9lula.<br \/>\nReduz a corrente de carga em caso de sobretens\u00e3o iminente ou de sobreaquecimento das c\u00e9lulas (produtos VE.Bus, ver abaixo).<br \/>\nDesliga ou desconecta os carregadores de bateria em caso de sobretens\u00e3o ou sobretemperatura iminente das c\u00e9lulas.<\/p>\n<p>Carater\u00edsticas:<\/p>\n<p>Gama de tens\u00e3o de entrada 9 &#8211; 70VDC.<\/p>\n<p>Consumo de corrente, funcionamento normal 10 mA (excluindo a corrente de desconex\u00e3o da carga)<\/p>\n<p>Consumo de corrente, baixa tens\u00e3o da c\u00e9lula 2mA<\/p>\n<p><strong>Sa\u00edda de desconex\u00e3o da carga<\/strong><\/p>\n<p>-Normalmente alta<\/p>\n<p>-Limite de corrente de entrada: 2A<\/p>\n<p>-Corrente de dissipa\u00e7\u00e3o: 0A (sa\u00edda livremente flutuante)<\/p>\n<p><strong>Sa\u00edda de desconex\u00e3o do carregador<\/strong><\/p>\n<p>-Normalmente alta<\/p>\n<p>-Limite de corrente de entrada: 10 mA<\/p>\n<p>-Corrente de dissipa\u00e7\u00e3o: 0A (sa\u00edda livremente flutuante)<\/p>\n<p><strong>Sa\u00edda de pr\u00e9-alarme<\/strong><\/p>\n<p>-Normalmente livremente flutuante<\/p>\n<p>-Alto (Vbat) em caso de alarme, m\u00e1x. 1 A<\/p>\n<p>(sem prote\u00e7\u00e3o contra curto-circuitos) -Normalmente livremente flutuante<\/p>\n<p><strong>GERAL<\/strong><\/p>\n<p>Porta de comunica\u00e7\u00e3o VE.Bus Dois conectores RJ45 para conex\u00e3o a todos os produtos VE.Bus<\/p>\n<p>Temperatura de trabalho -20 a + 50\u00b0C 0 &#8211; 120\u00b0F<\/p>\n<p>Humidade M\u00e1x. 95% (sem condensa\u00e7\u00e3o)<\/p>\n<p>Classe de prote\u00e7\u00e3o IP20<\/p>\n<p><strong>CAIXA<\/strong><\/p>\n<p>Material e cor ABS, preto mate<\/p>\n<p>Peso 0,1 kg<\/p>\n<p>Dimens\u00f5es (A x L x P) 105 x 78 x 32mm<\/p>\n<p><strong>NORMAS<\/strong><\/p>\n<p>Normas: Seguran\u00e7a EN 60950<\/p>\n<p>Emiss\u00f5es EN 61000-6-3, EN 55014-1<\/p>\n<p>Imunidade EN 61000-6-2, EN 61000-6-1, EN 55014-2<\/p>\n<p>Setor autom\u00f3vel Regulamento UN\/ECE-R10 Rev. 4<\/p>\n","protected":false},"excerpt":{"rendered":"<p>O VE.Bus BMS protege cada c\u00e9lula das baterias Victron de fosfato de ferro-l\u00edtio (LiFePO4 ou LFP).<\/p>\n<p>Necess\u00e1rio para baterias Victron Smart Lifepo4, especialmente quando existe um Multiplus na instala\u00e7\u00e3o.<\/p>\n","protected":false},"featured_media":74528,"template":"","meta":{"_acf_changed":false},"product_brand":[],"product_cat":[1346,1261,1338],"product_tag":[1445],"class_list":{"0":"post-74854","1":"product","2":"type-product","3":"status-publish","4":"has-post-thumbnail","6":"product_cat-baterias-agm-e-de-litio","7":"product_cat-pilhas-de-litio-lifepo4","8":"product_cat-victron-energia","9":"product_tag-victron-pt","11":"first","12":"onbackorder","13":"taxable","14":"shipping-taxable","15":"purchasable","16":"product-type-simple"},"acf":[],"yoast_head":"<!-- This site is optimized with the Yoast SEO plugin v27.2 - https:\/\/yoast.com\/product\/yoast-seo-wordpress\/ -->\n<title>\u25b7 SISTEMA DE GEST\u00c3O VE BUS BMS | Coelectrix.com<\/title>\n<meta name=\"description\" content=\"O VE.Bus BMS protege cada c\u00e9lula das baterias Victron de fosfato de ferro-l\u00edtio (LiFePO4 ou LFP).\" \/>\n<meta name=\"robots\" content=\"index, follow, max-snippet:-1, max-image-preview:large, max-video-preview:-1\" \/>\n<link rel=\"canonical\" href=\"https:\/\/coelectrix.com\/pt-pt\/produto\/sistema-de-gestao-ve-bus-bms\" \/>\n<meta property=\"og:locale\" content=\"pt_PT\" \/>\n<meta property=\"og:type\" content=\"article\" \/>\n<meta property=\"og:title\" content=\"\u25b7 SISTEMA DE GEST\u00c3O VE BUS BMS | Coelectrix.com\" \/>\n<meta property=\"og:description\" content=\"O VE.Bus BMS protege cada c\u00e9lula das baterias Victron de fosfato de ferro-l\u00edtio (LiFePO4 ou LFP).\" \/>\n<meta property=\"og:url\" content=\"https:\/\/coelectrix.com\/pt-pt\/produto\/sistema-de-gestao-ve-bus-bms\" \/>\n<meta property=\"og:site_name\" content=\"Coelectrix\" \/>\n<meta property=\"article:modified_time\" content=\"2025-08-19T04:00:42+00:00\" \/>\n<meta property=\"og:image\" content=\"https:\/\/coelectrix.com\/wp-content\/uploads\/2024\/09\/Proyecto-nuevo-8.jpg\" \/>\n\t<meta property=\"og:image:width\" content=\"400\" \/>\n\t<meta property=\"og:image:height\" content=\"400\" \/>\n\t<meta property=\"og:image:type\" content=\"image\/jpeg\" \/>\n<meta name=\"twitter:card\" content=\"summary_large_image\" \/>\n<meta name=\"twitter:label1\" content=\"Tempo estimado de leitura\" \/>\n\t<meta name=\"twitter:data1\" content=\"2 minutos\" \/>\n<script type=\"application\/ld+json\" class=\"yoast-schema-graph\">{\"@context\":\"https:\/\/schema.org\",\"@graph\":[{\"@type\":\"WebPage\",\"@id\":\"https:\/\/coelectrix.com\/pt-pt\/produto\/sistema-de-gestao-ve-bus-bms\",\"url\":\"https:\/\/coelectrix.com\/pt-pt\/produto\/sistema-de-gestao-ve-bus-bms\",\"name\":\"\u25b7 SISTEMA DE GEST\u00c3O VE BUS BMS | Coelectrix.com\",\"isPartOf\":{\"@id\":\"https:\/\/coelectrix.com\/pt-pt\/#website\"},\"primaryImageOfPage\":{\"@id\":\"https:\/\/coelectrix.com\/pt-pt\/produto\/sistema-de-gestao-ve-bus-bms#primaryimage\"},\"image\":{\"@id\":\"https:\/\/coelectrix.com\/pt-pt\/produto\/sistema-de-gestao-ve-bus-bms#primaryimage\"},\"thumbnailUrl\":\"https:\/\/coelectrix.com\/wp-content\/uploads\/2024\/09\/Proyecto-nuevo-8.jpg\",\"datePublished\":\"2024-09-30T04:46:59+00:00\",\"dateModified\":\"2025-08-19T04:00:42+00:00\",\"description\":\"O VE.Bus BMS protege cada c\u00e9lula das baterias Victron de fosfato de ferro-l\u00edtio (LiFePO4 ou LFP).\",\"breadcrumb\":{\"@id\":\"https:\/\/coelectrix.com\/pt-pt\/produto\/sistema-de-gestao-ve-bus-bms#breadcrumb\"},\"inLanguage\":\"pt-PT\",\"potentialAction\":[{\"@type\":\"ReadAction\",\"target\":[\"https:\/\/coelectrix.com\/pt-pt\/produto\/sistema-de-gestao-ve-bus-bms\"]}]},{\"@type\":\"ImageObject\",\"inLanguage\":\"pt-PT\",\"@id\":\"https:\/\/coelectrix.com\/pt-pt\/produto\/sistema-de-gestao-ve-bus-bms#primaryimage\",\"url\":\"https:\/\/coelectrix.com\/wp-content\/uploads\/2024\/09\/Proyecto-nuevo-8.jpg\",\"contentUrl\":\"https:\/\/coelectrix.com\/wp-content\/uploads\/2024\/09\/Proyecto-nuevo-8.jpg\",\"width\":400,\"height\":400,\"caption\":\"SISTEMA DE GEST\u00c3O VE BUS BMS\"},{\"@type\":\"BreadcrumbList\",\"@id\":\"https:\/\/coelectrix.com\/pt-pt\/produto\/sistema-de-gestao-ve-bus-bms#breadcrumb\",\"itemListElement\":[{\"@type\":\"ListItem\",\"position\":1,\"name\":\"Portada\",\"item\":\"https:\/\/coelectrix.com\/\"},{\"@type\":\"ListItem\",\"position\":2,\"name\":\"Loja\",\"item\":\"https:\/\/coelectrix.com\/pt-pt\/loja\"},{\"@type\":\"ListItem\",\"position\":3,\"name\":\"SISTEMA DE GEST\u00c3O VE BUS BMS\"}]},{\"@type\":\"WebSite\",\"@id\":\"https:\/\/coelectrix.com\/pt-pt\/#website\",\"url\":\"https:\/\/coelectrix.com\/pt-pt\/\",\"name\":\"Coelectrix\",\"description\":\"Componentes el\u00e9ctricos\",\"publisher\":{\"@id\":\"https:\/\/coelectrix.com\/pt-pt\/#organization\"},\"potentialAction\":[{\"@type\":\"SearchAction\",\"target\":{\"@type\":\"EntryPoint\",\"urlTemplate\":\"https:\/\/coelectrix.com\/pt-pt\/?s={search_term_string}\"},\"query-input\":{\"@type\":\"PropertyValueSpecification\",\"valueRequired\":true,\"valueName\":\"search_term_string\"}}],\"inLanguage\":\"pt-PT\"},{\"@type\":\"Organization\",\"@id\":\"https:\/\/coelectrix.com\/pt-pt\/#organization\",\"name\":\"coelectrix.com\",\"url\":\"https:\/\/coelectrix.com\/pt-pt\/\",\"logo\":{\"@type\":\"ImageObject\",\"inLanguage\":\"pt-PT\",\"@id\":\"https:\/\/coelectrix.com\/pt-pt\/#\/schema\/logo\/image\/\",\"url\":\"https:\/\/coelectrix.com\/wp-content\/uploads\/2018\/05\/logo-coelectrix-400x400.jpg\",\"contentUrl\":\"https:\/\/coelectrix.com\/wp-content\/uploads\/2018\/05\/logo-coelectrix-400x400.jpg\",\"width\":300,\"height\":300,\"caption\":\"coelectrix.com\"},\"image\":{\"@id\":\"https:\/\/coelectrix.com\/pt-pt\/#\/schema\/logo\/image\/\"}}]}<\/script>\n<!-- \/ Yoast SEO plugin. -->","yoast_head_json":{"title":"\u25b7 SISTEMA DE GEST\u00c3O VE BUS BMS | Coelectrix.com","description":"O VE.Bus BMS protege cada c\u00e9lula das baterias Victron de fosfato de ferro-l\u00edtio (LiFePO4 ou LFP).","robots":{"index":"index","follow":"follow","max-snippet":"max-snippet:-1","max-image-preview":"max-image-preview:large","max-video-preview":"max-video-preview:-1"},"canonical":"https:\/\/coelectrix.com\/pt-pt\/produto\/sistema-de-gestao-ve-bus-bms","og_locale":"pt_PT","og_type":"article","og_title":"\u25b7 SISTEMA DE GEST\u00c3O VE BUS BMS | Coelectrix.com","og_description":"O VE.Bus BMS protege cada c\u00e9lula das baterias Victron de fosfato de ferro-l\u00edtio (LiFePO4 ou LFP).","og_url":"https:\/\/coelectrix.com\/pt-pt\/produto\/sistema-de-gestao-ve-bus-bms","og_site_name":"Coelectrix","article_modified_time":"2025-08-19T04:00:42+00:00","og_image":[{"width":400,"height":400,"url":"https:\/\/coelectrix.com\/wp-content\/uploads\/2024\/09\/Proyecto-nuevo-8.jpg","type":"image\/jpeg"}],"twitter_card":"summary_large_image","twitter_misc":{"Tempo estimado de leitura":"2 minutos"},"schema":{"@context":"https:\/\/schema.org","@graph":[{"@type":"WebPage","@id":"https:\/\/coelectrix.com\/pt-pt\/produto\/sistema-de-gestao-ve-bus-bms","url":"https:\/\/coelectrix.com\/pt-pt\/produto\/sistema-de-gestao-ve-bus-bms","name":"\u25b7 SISTEMA DE GEST\u00c3O VE BUS BMS | Coelectrix.com","isPartOf":{"@id":"https:\/\/coelectrix.com\/pt-pt\/#website"},"primaryImageOfPage":{"@id":"https:\/\/coelectrix.com\/pt-pt\/produto\/sistema-de-gestao-ve-bus-bms#primaryimage"},"image":{"@id":"https:\/\/coelectrix.com\/pt-pt\/produto\/sistema-de-gestao-ve-bus-bms#primaryimage"},"thumbnailUrl":"https:\/\/coelectrix.com\/wp-content\/uploads\/2024\/09\/Proyecto-nuevo-8.jpg","datePublished":"2024-09-30T04:46:59+00:00","dateModified":"2025-08-19T04:00:42+00:00","description":"O VE.Bus BMS protege cada c\u00e9lula das baterias Victron de fosfato de ferro-l\u00edtio (LiFePO4 ou LFP).","breadcrumb":{"@id":"https:\/\/coelectrix.com\/pt-pt\/produto\/sistema-de-gestao-ve-bus-bms#breadcrumb"},"inLanguage":"pt-PT","potentialAction":[{"@type":"ReadAction","target":["https:\/\/coelectrix.com\/pt-pt\/produto\/sistema-de-gestao-ve-bus-bms"]}]},{"@type":"ImageObject","inLanguage":"pt-PT","@id":"https:\/\/coelectrix.com\/pt-pt\/produto\/sistema-de-gestao-ve-bus-bms#primaryimage","url":"https:\/\/coelectrix.com\/wp-content\/uploads\/2024\/09\/Proyecto-nuevo-8.jpg","contentUrl":"https:\/\/coelectrix.com\/wp-content\/uploads\/2024\/09\/Proyecto-nuevo-8.jpg","width":400,"height":400,"caption":"SISTEMA DE GEST\u00c3O VE BUS BMS"},{"@type":"BreadcrumbList","@id":"https:\/\/coelectrix.com\/pt-pt\/produto\/sistema-de-gestao-ve-bus-bms#breadcrumb","itemListElement":[{"@type":"ListItem","position":1,"name":"Portada","item":"https:\/\/coelectrix.com\/"},{"@type":"ListItem","position":2,"name":"Loja","item":"https:\/\/coelectrix.com\/pt-pt\/loja"},{"@type":"ListItem","position":3,"name":"SISTEMA DE GEST\u00c3O VE BUS BMS"}]},{"@type":"WebSite","@id":"https:\/\/coelectrix.com\/pt-pt\/#website","url":"https:\/\/coelectrix.com\/pt-pt\/","name":"Coelectrix","description":"Componentes el\u00e9ctricos","publisher":{"@id":"https:\/\/coelectrix.com\/pt-pt\/#organization"},"potentialAction":[{"@type":"SearchAction","target":{"@type":"EntryPoint","urlTemplate":"https:\/\/coelectrix.com\/pt-pt\/?s={search_term_string}"},"query-input":{"@type":"PropertyValueSpecification","valueRequired":true,"valueName":"search_term_string"}}],"inLanguage":"pt-PT"},{"@type":"Organization","@id":"https:\/\/coelectrix.com\/pt-pt\/#organization","name":"coelectrix.com","url":"https:\/\/coelectrix.com\/pt-pt\/","logo":{"@type":"ImageObject","inLanguage":"pt-PT","@id":"https:\/\/coelectrix.com\/pt-pt\/#\/schema\/logo\/image\/","url":"https:\/\/coelectrix.com\/wp-content\/uploads\/2018\/05\/logo-coelectrix-400x400.jpg","contentUrl":"https:\/\/coelectrix.com\/wp-content\/uploads\/2018\/05\/logo-coelectrix-400x400.jpg","width":300,"height":300,"caption":"coelectrix.com"},"image":{"@id":"https:\/\/coelectrix.com\/pt-pt\/#\/schema\/logo\/image\/"}}]}},"_links":{"self":[{"href":"https:\/\/coelectrix.com\/pt-pt\/wp-json\/wp\/v2\/product\/74854","targetHints":{"allow":["GET"]}}],"collection":[{"href":"https:\/\/coelectrix.com\/pt-pt\/wp-json\/wp\/v2\/product"}],"about":[{"href":"https:\/\/coelectrix.com\/pt-pt\/wp-json\/wp\/v2\/types\/product"}],"version-history":[{"count":1,"href":"https:\/\/coelectrix.com\/pt-pt\/wp-json\/wp\/v2\/product\/74854\/revisions"}],"predecessor-version":[{"id":75286,"href":"https:\/\/coelectrix.com\/pt-pt\/wp-json\/wp\/v2\/product\/74854\/revisions\/75286"}],"wp:featuredmedia":[{"embeddable":true,"href":"https:\/\/coelectrix.com\/pt-pt\/wp-json\/wp\/v2\/media\/74528"}],"wp:attachment":[{"href":"https:\/\/coelectrix.com\/pt-pt\/wp-json\/wp\/v2\/media?parent=74854"}],"wp:term":[{"taxonomy":"product_brand","embeddable":true,"href":"https:\/\/coelectrix.com\/pt-pt\/wp-json\/wp\/v2\/product_brand?post=74854"},{"taxonomy":"product_cat","embeddable":true,"href":"https:\/\/coelectrix.com\/pt-pt\/wp-json\/wp\/v2\/product_cat?post=74854"},{"taxonomy":"product_tag","embeddable":true,"href":"https:\/\/coelectrix.com\/pt-pt\/wp-json\/wp\/v2\/product_tag?post=74854"}],"curies":[{"name":"wp","href":"https:\/\/api.w.org\/{rel}","templated":true}]}}