{"id":74855,"date":"2024-09-06T12:40:41","date_gmt":"2024-09-06T10:40:41","guid":{"rendered":"https:\/\/coelectrix.com\/producto\/ve-bus-bms-v2"},"modified":"2025-08-19T06:00:42","modified_gmt":"2025-08-19T04:00:42","slug":"ve-bus-bms-v2","status":"publish","type":"product","link":"https:\/\/coelectrix.com\/pt-pt\/produto\/ve-bus-bms-v2","title":{"rendered":"VE.BUS BMS V2"},"content":{"rendered":"<p>Dependendo do estado da(s) bateria(s), o BMS:<\/p>\n<ul>\n<li>Gera um sinal de pr\u00e9-alarme para avisar da subtens\u00e3o iminente da c\u00e9lula.<\/li>\n<li>Desativar a invers\u00e3o do inversor ou do inversor\/carregador VE.Bus atrav\u00e9s do VE.Bus e desativar outras cargas atrav\u00e9s do terminal &#8220;Load Disconnect&#8221; em caso de subtens\u00e3o das c\u00e9lulas.<\/li>\n<li>Desativar o processo de carregamento em inversores ou inversores\/carregadores VE.Bus atrav\u00e9s do VE.Bus e desativar outros carregadores atrav\u00e9s do terminal &#8220;Charge Disconnect&#8221; em caso de sobretens\u00e3o de um cub\u00edculo ou de temperatura demasiado alta ou demasiado baixa.<\/li>\n<li>Terminais de ligar\/desligar remotos.<\/li>\n<li>Possibilidade de desativar os carregadores solares VE.Diret e VE.Can atrav\u00e9s de um dispositivo GX.<\/li>\n<li>Possibilidade de controlar o inversor\/carregador VE.Bus a partir de diferentes dispositivos, como o Digital Multi Control, o VE.Bus Smart dongle e\/ou um dispositivo GX.<\/li>\n<li>Os terminais de entrada e sa\u00edda de energia auxiliar permitem que um dispositivo GX continue a receber energia em caso de paragem do sistema.<\/li>\n<\/ul>\n<p>Ficha de dados do produto<\/p>\n","protected":false},"excerpt":{"rendered":"<p>O VE.Bus BMS e o VE.Bus BMS V2 s\u00e3o sistemas de gest\u00e3o de baterias (BMS) concebidos para interagir com e proteger uma ou mais baterias de l\u00edtio inteligentes (LiFePO\u2084 ou LFP) de 12,8 V e 25,6 V da Victron em sistemas com inversores ou inversores\/carregadores da Victron que tenham comunica\u00e7\u00e3o VE.Bus. Monitorizam e protegem as baterias contra sobretens\u00e3o e subtens\u00e3o nas c\u00e9lulas individuais, e tamb\u00e9m contra temperaturas muito altas ou muito baixas.<\/p>\n","protected":false},"featured_media":74525,"template":"","meta":{"_acf_changed":false},"product_brand":[],"product_cat":[1261,1338],"product_tag":[1445],"class_list":{"0":"post-74855","1":"product","2":"type-product","3":"status-publish","4":"has-post-thumbnail","6":"product_cat-pilhas-de-litio-lifepo4","7":"product_cat-victron-energia","8":"product_tag-victron-pt","10":"first","11":"instock","12":"taxable","13":"shipping-taxable","14":"purchasable","15":"product-type-simple"},"acf":[],"yoast_head":"<!-- This site is optimized with the Yoast SEO plugin v27.2 - https:\/\/yoast.com\/product\/yoast-seo-wordpress\/ -->\n<title>\u25b7 VE.BUS BMS V2 | Coelectrix.com<\/title>\n<meta name=\"description\" content=\"O Victron VE.Bus BMS V2 \u00e9 um sistema de gest\u00e3o de bateria (BMS) concebido para gerir e atualizar qualquer bateria de l\u00edtio Victron de 12,8 V e 25,6 V.\" \/>\n<meta name=\"robots\" content=\"index, follow, max-snippet:-1, max-image-preview:large, max-video-preview:-1\" \/>\n<link rel=\"canonical\" href=\"https:\/\/coelectrix.com\/pt-pt\/produto\/ve-bus-bms-v2\" \/>\n<meta property=\"og:locale\" content=\"pt_PT\" \/>\n<meta property=\"og:type\" content=\"article\" \/>\n<meta property=\"og:title\" content=\"\u25b7 VE.BUS BMS V2 | Coelectrix.com\" \/>\n<meta property=\"og:description\" content=\"O Victron VE.Bus BMS V2 \u00e9 um sistema de gest\u00e3o de bateria (BMS) concebido para gerir e atualizar qualquer bateria de l\u00edtio Victron de 12,8 V e 25,6 V.\" \/>\n<meta property=\"og:url\" content=\"https:\/\/coelectrix.com\/pt-pt\/produto\/ve-bus-bms-v2\" \/>\n<meta property=\"og:site_name\" content=\"Coelectrix\" \/>\n<meta property=\"article:modified_time\" content=\"2025-08-19T04:00:42+00:00\" \/>\n<meta property=\"og:image\" content=\"https:\/\/coelectrix.com\/wp-content\/uploads\/2024\/09\/VE.BUS-BMS-V2.png\" \/>\n\t<meta property=\"og:image:width\" content=\"600\" \/>\n\t<meta property=\"og:image:height\" content=\"600\" \/>\n\t<meta property=\"og:image:type\" content=\"image\/png\" \/>\n<meta name=\"twitter:card\" content=\"summary_large_image\" \/>\n<meta name=\"twitter:label1\" content=\"Tempo estimado de leitura\" \/>\n\t<meta name=\"twitter:data1\" content=\"1 minuto\" \/>\n<script type=\"application\/ld+json\" class=\"yoast-schema-graph\">{\"@context\":\"https:\/\/schema.org\",\"@graph\":[{\"@type\":\"WebPage\",\"@id\":\"https:\/\/coelectrix.com\/pt-pt\/produto\/ve-bus-bms-v2\",\"url\":\"https:\/\/coelectrix.com\/pt-pt\/produto\/ve-bus-bms-v2\",\"name\":\"\u25b7 VE.BUS BMS V2 | Coelectrix.com\",\"isPartOf\":{\"@id\":\"https:\/\/coelectrix.com\/pt-pt\/#website\"},\"primaryImageOfPage\":{\"@id\":\"https:\/\/coelectrix.com\/pt-pt\/produto\/ve-bus-bms-v2#primaryimage\"},\"image\":{\"@id\":\"https:\/\/coelectrix.com\/pt-pt\/produto\/ve-bus-bms-v2#primaryimage\"},\"thumbnailUrl\":\"https:\/\/coelectrix.com\/wp-content\/uploads\/2024\/09\/VE.BUS-BMS-V2.png\",\"datePublished\":\"2024-09-06T10:40:41+00:00\",\"dateModified\":\"2025-08-19T04:00:42+00:00\",\"description\":\"O Victron VE.Bus BMS V2 \u00e9 um sistema de gest\u00e3o de bateria (BMS) concebido para gerir e atualizar qualquer bateria de l\u00edtio Victron de 12,8 V e 25,6 V.\",\"breadcrumb\":{\"@id\":\"https:\/\/coelectrix.com\/pt-pt\/produto\/ve-bus-bms-v2#breadcrumb\"},\"inLanguage\":\"pt-PT\",\"potentialAction\":[{\"@type\":\"ReadAction\",\"target\":[\"https:\/\/coelectrix.com\/pt-pt\/produto\/ve-bus-bms-v2\"]}]},{\"@type\":\"ImageObject\",\"inLanguage\":\"pt-PT\",\"@id\":\"https:\/\/coelectrix.com\/pt-pt\/produto\/ve-bus-bms-v2#primaryimage\",\"url\":\"https:\/\/coelectrix.com\/wp-content\/uploads\/2024\/09\/VE.BUS-BMS-V2.png\",\"contentUrl\":\"https:\/\/coelectrix.com\/wp-content\/uploads\/2024\/09\/VE.BUS-BMS-V2.png\",\"width\":600,\"height\":600,\"caption\":\"VE.Bus BMS V2\"},{\"@type\":\"BreadcrumbList\",\"@id\":\"https:\/\/coelectrix.com\/pt-pt\/produto\/ve-bus-bms-v2#breadcrumb\",\"itemListElement\":[{\"@type\":\"ListItem\",\"position\":1,\"name\":\"Portada\",\"item\":\"https:\/\/coelectrix.com\/\"},{\"@type\":\"ListItem\",\"position\":2,\"name\":\"Loja\",\"item\":\"https:\/\/coelectrix.com\/pt-pt\/loja\"},{\"@type\":\"ListItem\",\"position\":3,\"name\":\"VE.BUS BMS V2\"}]},{\"@type\":\"WebSite\",\"@id\":\"https:\/\/coelectrix.com\/pt-pt\/#website\",\"url\":\"https:\/\/coelectrix.com\/pt-pt\/\",\"name\":\"Coelectrix\",\"description\":\"Componentes el\u00e9ctricos\",\"publisher\":{\"@id\":\"https:\/\/coelectrix.com\/pt-pt\/#organization\"},\"potentialAction\":[{\"@type\":\"SearchAction\",\"target\":{\"@type\":\"EntryPoint\",\"urlTemplate\":\"https:\/\/coelectrix.com\/pt-pt\/?s={search_term_string}\"},\"query-input\":{\"@type\":\"PropertyValueSpecification\",\"valueRequired\":true,\"valueName\":\"search_term_string\"}}],\"inLanguage\":\"pt-PT\"},{\"@type\":\"Organization\",\"@id\":\"https:\/\/coelectrix.com\/pt-pt\/#organization\",\"name\":\"coelectrix.com\",\"url\":\"https:\/\/coelectrix.com\/pt-pt\/\",\"logo\":{\"@type\":\"ImageObject\",\"inLanguage\":\"pt-PT\",\"@id\":\"https:\/\/coelectrix.com\/pt-pt\/#\/schema\/logo\/image\/\",\"url\":\"https:\/\/coelectrix.com\/wp-content\/uploads\/2018\/05\/logo-coelectrix-400x400.jpg\",\"contentUrl\":\"https:\/\/coelectrix.com\/wp-content\/uploads\/2018\/05\/logo-coelectrix-400x400.jpg\",\"width\":300,\"height\":300,\"caption\":\"coelectrix.com\"},\"image\":{\"@id\":\"https:\/\/coelectrix.com\/pt-pt\/#\/schema\/logo\/image\/\"}}]}<\/script>\n<!-- \/ Yoast SEO plugin. -->","yoast_head_json":{"title":"\u25b7 VE.BUS BMS V2 | Coelectrix.com","description":"O Victron VE.Bus BMS V2 \u00e9 um sistema de gest\u00e3o de bateria (BMS) concebido para gerir e atualizar qualquer bateria de l\u00edtio Victron de 12,8 V e 25,6 V.","robots":{"index":"index","follow":"follow","max-snippet":"max-snippet:-1","max-image-preview":"max-image-preview:large","max-video-preview":"max-video-preview:-1"},"canonical":"https:\/\/coelectrix.com\/pt-pt\/produto\/ve-bus-bms-v2","og_locale":"pt_PT","og_type":"article","og_title":"\u25b7 VE.BUS BMS V2 | Coelectrix.com","og_description":"O Victron VE.Bus BMS V2 \u00e9 um sistema de gest\u00e3o de bateria (BMS) concebido para gerir e atualizar qualquer bateria de l\u00edtio Victron de 12,8 V e 25,6 V.","og_url":"https:\/\/coelectrix.com\/pt-pt\/produto\/ve-bus-bms-v2","og_site_name":"Coelectrix","article_modified_time":"2025-08-19T04:00:42+00:00","og_image":[{"width":600,"height":600,"url":"https:\/\/coelectrix.com\/wp-content\/uploads\/2024\/09\/VE.BUS-BMS-V2.png","type":"image\/png"}],"twitter_card":"summary_large_image","twitter_misc":{"Tempo estimado de leitura":"1 minuto"},"schema":{"@context":"https:\/\/schema.org","@graph":[{"@type":"WebPage","@id":"https:\/\/coelectrix.com\/pt-pt\/produto\/ve-bus-bms-v2","url":"https:\/\/coelectrix.com\/pt-pt\/produto\/ve-bus-bms-v2","name":"\u25b7 VE.BUS BMS V2 | Coelectrix.com","isPartOf":{"@id":"https:\/\/coelectrix.com\/pt-pt\/#website"},"primaryImageOfPage":{"@id":"https:\/\/coelectrix.com\/pt-pt\/produto\/ve-bus-bms-v2#primaryimage"},"image":{"@id":"https:\/\/coelectrix.com\/pt-pt\/produto\/ve-bus-bms-v2#primaryimage"},"thumbnailUrl":"https:\/\/coelectrix.com\/wp-content\/uploads\/2024\/09\/VE.BUS-BMS-V2.png","datePublished":"2024-09-06T10:40:41+00:00","dateModified":"2025-08-19T04:00:42+00:00","description":"O Victron VE.Bus BMS V2 \u00e9 um sistema de gest\u00e3o de bateria (BMS) concebido para gerir e atualizar qualquer bateria de l\u00edtio Victron de 12,8 V e 25,6 V.","breadcrumb":{"@id":"https:\/\/coelectrix.com\/pt-pt\/produto\/ve-bus-bms-v2#breadcrumb"},"inLanguage":"pt-PT","potentialAction":[{"@type":"ReadAction","target":["https:\/\/coelectrix.com\/pt-pt\/produto\/ve-bus-bms-v2"]}]},{"@type":"ImageObject","inLanguage":"pt-PT","@id":"https:\/\/coelectrix.com\/pt-pt\/produto\/ve-bus-bms-v2#primaryimage","url":"https:\/\/coelectrix.com\/wp-content\/uploads\/2024\/09\/VE.BUS-BMS-V2.png","contentUrl":"https:\/\/coelectrix.com\/wp-content\/uploads\/2024\/09\/VE.BUS-BMS-V2.png","width":600,"height":600,"caption":"VE.Bus BMS V2"},{"@type":"BreadcrumbList","@id":"https:\/\/coelectrix.com\/pt-pt\/produto\/ve-bus-bms-v2#breadcrumb","itemListElement":[{"@type":"ListItem","position":1,"name":"Portada","item":"https:\/\/coelectrix.com\/"},{"@type":"ListItem","position":2,"name":"Loja","item":"https:\/\/coelectrix.com\/pt-pt\/loja"},{"@type":"ListItem","position":3,"name":"VE.BUS BMS V2"}]},{"@type":"WebSite","@id":"https:\/\/coelectrix.com\/pt-pt\/#website","url":"https:\/\/coelectrix.com\/pt-pt\/","name":"Coelectrix","description":"Componentes el\u00e9ctricos","publisher":{"@id":"https:\/\/coelectrix.com\/pt-pt\/#organization"},"potentialAction":[{"@type":"SearchAction","target":{"@type":"EntryPoint","urlTemplate":"https:\/\/coelectrix.com\/pt-pt\/?s={search_term_string}"},"query-input":{"@type":"PropertyValueSpecification","valueRequired":true,"valueName":"search_term_string"}}],"inLanguage":"pt-PT"},{"@type":"Organization","@id":"https:\/\/coelectrix.com\/pt-pt\/#organization","name":"coelectrix.com","url":"https:\/\/coelectrix.com\/pt-pt\/","logo":{"@type":"ImageObject","inLanguage":"pt-PT","@id":"https:\/\/coelectrix.com\/pt-pt\/#\/schema\/logo\/image\/","url":"https:\/\/coelectrix.com\/wp-content\/uploads\/2018\/05\/logo-coelectrix-400x400.jpg","contentUrl":"https:\/\/coelectrix.com\/wp-content\/uploads\/2018\/05\/logo-coelectrix-400x400.jpg","width":300,"height":300,"caption":"coelectrix.com"},"image":{"@id":"https:\/\/coelectrix.com\/pt-pt\/#\/schema\/logo\/image\/"}}]}},"_links":{"self":[{"href":"https:\/\/coelectrix.com\/pt-pt\/wp-json\/wp\/v2\/product\/74855","targetHints":{"allow":["GET"]}}],"collection":[{"href":"https:\/\/coelectrix.com\/pt-pt\/wp-json\/wp\/v2\/product"}],"about":[{"href":"https:\/\/coelectrix.com\/pt-pt\/wp-json\/wp\/v2\/types\/product"}],"version-history":[{"count":1,"href":"https:\/\/coelectrix.com\/pt-pt\/wp-json\/wp\/v2\/product\/74855\/revisions"}],"predecessor-version":[{"id":75287,"href":"https:\/\/coelectrix.com\/pt-pt\/wp-json\/wp\/v2\/product\/74855\/revisions\/75287"}],"wp:featuredmedia":[{"embeddable":true,"href":"https:\/\/coelectrix.com\/pt-pt\/wp-json\/wp\/v2\/media\/74525"}],"wp:attachment":[{"href":"https:\/\/coelectrix.com\/pt-pt\/wp-json\/wp\/v2\/media?parent=74855"}],"wp:term":[{"taxonomy":"product_brand","embeddable":true,"href":"https:\/\/coelectrix.com\/pt-pt\/wp-json\/wp\/v2\/product_brand?post=74855"},{"taxonomy":"product_cat","embeddable":true,"href":"https:\/\/coelectrix.com\/pt-pt\/wp-json\/wp\/v2\/product_cat?post=74855"},{"taxonomy":"product_tag","embeddable":true,"href":"https:\/\/coelectrix.com\/pt-pt\/wp-json\/wp\/v2\/product_tag?post=74855"}],"curies":[{"name":"wp","href":"https:\/\/api.w.org\/{rel}","templated":true}]}}