{"id":74856,"date":"2024-09-05T11:39:50","date_gmt":"2024-09-05T09:39:50","guid":{"rendered":"https:\/\/coelectrix.com\/producto\/bateria-victron-lifepo4-12-8v-200ah-inteligente"},"modified":"2025-08-19T06:00:42","modified_gmt":"2025-08-19T04:00:42","slug":"bateria-victron-lifepo4-12-8v-200ah-inteligente","status":"publish","type":"product","link":"https:\/\/coelectrix.com\/pt-pt\/produto\/bateria-lifepo4-victron-12-8v-200ah-smart","title":{"rendered":"Bateria Victron LiFePO4 12.8V-200Ah inteligente"},"content":{"rendered":"<h3><strong>Comprar bateria LiFePO4 Victron 12.8V-200Ah Smart<\/strong><\/h3>\n<div>A bateria Victron LiFePO4 12.8V-200Ah Smart, tal como todas as baterias da fam\u00edlia LiFePO4, \u00e9 uma das baterias de i\u00f5es de l\u00edtio mais seguras do mercado. A tens\u00e3o nominal de uma c\u00e9lula LFP \u00e9 de 3,2V (chumbo-\u00e1cido: 2V\/c\u00e9lula). Assim, uma bateria LFP de 12,8V \u00e9 constitu\u00edda por 4 c\u00e9lulas ligadas em s\u00e9rie e uma bateria de 25,6V \u00e9 constitu\u00edda por 8 c\u00e9lulas ligadas em s\u00e9rie.<\/div>\n<div><\/div>\n<div>\n<div id=\"tech-chars-title\" class=\"tiwm5ii mgz-element mgz-child mgz-element-text title-text\">\n<div class=\"mgz-element-inner tiwm5ii-s\">\n<h3><strong>Carater\u00edsticas t\u00e9cnicas<\/strong><\/h3>\n<\/div>\n<\/div>\n<div id=\"tech-chars-attribute\" class=\"m1jemsj mgz-element mgz-child mgz-element-product_attribute content-text\">\n<div class=\"mgz-element-inner m1jemsj-s\">\n<div class=\"ppbd-product-attribute\">\n<ul>\n<li>Marca <a href=\"https:\/\/coelectrix.com\/pt-pt\/victron-energia\">Victron Energy<\/a><\/li>\n<li>N\u00famero de pe\u00e7a do fabricante BAT512120610<\/li>\n<li>GTIN 8719076045526<\/li>\n<li>Tens\u00e3o12,8V<\/li>\n<li>Capacidade da bateria (C20)200Ah<\/li>\n<li>Tipo de terminal M8<\/li>\n<li>Disposi\u00e7\u00e3o dos terminais Positivo esquerdo<\/li>\n<li>Dimens\u00f5es (incluindo os terminais) 237 x 321 x 152 mm<\/li>\n<li>Peso 20 kg<\/li>\n<li>Garantia 5 anos<\/li>\n<li>Tecnologia da bateria L\u00edtio<\/li>\n<\/ul>\n<\/div>\n<\/div>\n<\/div>\n<\/div>\n<h3><strong>Baterias dur\u00e1veis de fosfato de ferro e l\u00edtio (LiFePO4)<\/strong><\/h3>\n<div>\n<div>As baterias de fosfato de ferro e l\u00edtio (LiFePO4 ou LFP) s\u00e3o as baterias de i\u00f5es de l\u00edtio tradicionais mais seguras. A tens\u00e3o nominal de uma c\u00e9lula LFP \u00e9 de 3,2V (chumbo-\u00e1cido: 2V\/c\u00e9lula). Assim, uma bateria LFP de 12,8 V \u00e9 constitu\u00edda por 4 c\u00e9lulas ligadas em s\u00e9rie e uma bateria de 25,6 V \u00e9 constitu\u00edda por 8 c\u00e9lulas ligadas em s\u00e9rie.<\/div>\n<div><\/div>\n<div>Robustez<\/div>\n<div>Uma pilha de chumbo-\u00e1cido ir\u00e1 falhar prematuramente devido \u00e0 sulfata\u00e7\u00e3o se<\/div>\n<div><\/div>\n<div>funcionar em modo de d\u00e9fice durante longos per\u00edodos de tempo (ou seja, se a bateria raramente ou nunca estiver totalmente carregada).<\/div>\n<div>for deixada parcialmente carregada ou, pior ainda, completamente descarregada (iates ou caravanas durante o inverno).<\/div>\n<div>Uma bateria LFP n\u00e3o precisa de ser totalmente carregada. A sua dura\u00e7\u00e3o de vida ser\u00e1 mesmo melhorada se for parcialmente carregada em vez de totalmente carregada. Esta \u00e9 uma vantagem decisiva das LFP em rela\u00e7\u00e3o \u00e0s baterias de chumbo-\u00e1cido.<\/div>\n<div><\/div>\n<div>Outras vantagens s\u00e3o a vasta gama de temperaturas de funcionamento, o excelente desempenho c\u00edclico, a baixa resist\u00eancia interna e a elevada efici\u00eancia (ver abaixo).<\/div>\n<div><\/div>\n<div>A composi\u00e7\u00e3o qu\u00edmica das LFPs \u00e9 a escolha certa para aplica\u00e7\u00f5es muito exigentes.<\/div>\n<\/div>\n<h3><strong><br \/>\nEfici\u00eancia<\/strong><\/h3>\n<div>\n<div>Em v\u00e1rias aplica\u00e7\u00f5es (especialmente aplica\u00e7\u00f5es fora da rede, solares e\/ou e\u00f3licas), a efici\u00eancia energ\u00e9tica pode ser de import\u00e2ncia crucial.<\/div>\n<div><\/div>\n<div>A efici\u00eancia energ\u00e9tica do ciclo completo (descarga de 100% para 0% e recarga para 100%) de uma bateria de chumbo-\u00e1cido padr\u00e3o \u00e9 de 80%.<\/div>\n<div><\/div>\n<div>A efici\u00eancia energ\u00e9tica do ciclo completo de uma bateria LFP \u00e9 de 92%.<\/div>\n<div><\/div>\n<div>O processo de carregamento das baterias de chumbo-\u00e1cido torna-se particularmente ineficiente quando se atinge o estado de carga de 80%, resultando em efici\u00eancias de 50% ou mesmo inferiores em sistemas solares em que s\u00e3o necess\u00e1rias reservas de v\u00e1rios dias (baterias a funcionar com 70% a 100% de carga).<\/div>\n<div><\/div>\n<div>Em contraste, uma bateria LFP ainda atingir\u00e1 90% de efici\u00eancia em condi\u00e7\u00f5es de descarga moderadas.<\/div>\n<div><\/div>\n<\/div>\n<h3><strong>Tamanho e peso da bateria Victron 12.8V-200Ah Smart LiFePO4 LiFePO4<\/strong><\/h3>\n<div>\n<div>Poupa at\u00e9 70% de espa\u00e7o<\/div>\n<div><\/div>\n<div>Poupa at\u00e9 70% de peso<\/div>\n<\/div>\n<div><\/div>\n<h3><strong>As baterias LiFePO4 s\u00e3o econ\u00f3micas?<\/strong><\/h3>\n<div><\/div>\n<div>\n<p>Economizam at\u00e9 70% de espa\u00e7o<\/p>\n<p>Poupa at\u00e9 70% de peso<\/p>\n<h3><strong>Caro?<\/strong><\/h3>\n<p>As baterias LFP s\u00e3o caras em compara\u00e7\u00e3o com as baterias de chumbo-\u00e1cido. Mas se forem utilizadas em aplica\u00e7\u00f5es exigentes, o elevado custo inicial ser\u00e1 mais do que compensado por uma vida \u00fatil mais longa, fiabilidade superior e excelente efici\u00eancia.<\/p>\n<\/div>\n<div><\/div>\n<h3><strong>Conectividade Bluetooth<\/strong><\/h3>\n<div>\n<div>As tens\u00f5es das c\u00e9lulas, as temperaturas e o estado dos alarmes podem ser monitorizados atrav\u00e9s de Bluetooth.<\/div>\n<div><\/div>\n<div>Muito \u00fatil para identificar um (potencial) problema, como o desequil\u00edbrio das c\u00e9lulas.<\/div>\n<div><\/div>\n<div>Sistema de gest\u00e3o da bateria (BMS)<\/div>\n<div><\/div>\n<div>O BMS est\u00e1 ligado ao BTV e as suas fun\u00e7\u00f5es essenciais s\u00e3o:<\/div>\n<div><\/div>\n<ul>\n<li>      Pode gerar um pr\u00e9-alarme sempre que a tens\u00e3o de uma c\u00e9lula da bateria desce abaixo de 3,1 V (ajust\u00e1vel entre 2,85 V e 3,15 V).<\/li>\n<li>      Desligar ou interromper o carregamento quando a tens\u00e3o de um elemento da bateria desce abaixo de 2,8 V (regul\u00e1vel entre 2,6 V e 2,8 V).<\/li>\n<li>      Parar o processo de carregamento quando a tens\u00e3o de um elemento da bateria subir acima de 4,2 V.<\/li>\n<li>      Desligar o sistema sempre que a temperatura de uma pilha ultrapassar os 50\u00ba.<\/li>\n<\/ul>\n<\/div>\n<div><\/div>\n<div>\n<h3><strong>Sistema de gest\u00e3o da bateria (BMS)<\/strong><\/h3>\n<div>VE.Bus BMS &#8211; recomendado para sistemas com os nossos inversores\/carregadores.<\/div>\n<div>BMS pequeno &#8211; recomendado para utiliza\u00e7\u00e3o em sistemas pequenos.<\/div>\n<div>Sistema de gest\u00e3o de baterias BMS 12\/200 &#8211; recomendado para utiliza\u00e7\u00e3o em sistemas autom\u00f3veis e mar\u00edtimos com cargas DC e alternadores.<\/div>\n<p>Smart BMS CL 12\/100 &#8211; recomendado para utiliza\u00e7\u00e3o em sistemas autom\u00f3veis e mar\u00edtimos com cargas e alternadores de corrente cont\u00ednua.<\/p>\n<\/div>\n<div><\/div>\n<div><a href=\"https:\/\/coelectrix.com\/wp-content\/uploads\/2023\/04\/bateria-lifepo4-victron-energy-ficha-tecnica.pdf\" target=\"_blank\" rel=\"noopener\">Folha de dados da bateria LifepO4 da Victron Energy<\/a><\/div>\n","protected":false},"excerpt":{"rendered":"<p>As baterias de fosfato de ferro e l\u00edtio (LiFePO4 ou LFP) s\u00e3o as baterias de i\u00f5es de l\u00edtio tradicionais mais seguras. A tens\u00e3o nominal de uma c\u00e9lula LFP \u00e9 de 3,2V (chumbo-\u00e1cido: 2V\/c\u00e9lula). Assim, uma bateria LFP de 12,8 V \u00e9 constitu\u00edda por 4 c\u00e9lulas ligadas em s\u00e9rie e uma bateria de 25,6 V \u00e9 constitu\u00edda por 8 c\u00e9lulas ligadas em s\u00e9rie.<\/p>\n<p>Este modelo de bateria requer um BMS externo, como o <strong>VE.Bus BMS<\/strong> ou o<span style=\"color: #000000;\"><strong><em> <a style=\"color: #000000;\" href=\"https:\/\/coelectrix.com\/?post_type=product&amp;p=49956&amp;preview=true\" target=\"_blank\" rel=\"noopener\">smallBMS<\/a><\/em><\/strong><\/span> consoante o tipo de instala\u00e7\u00e3o.<\/p>\n","protected":false},"featured_media":74521,"template":"","meta":{"_acf_changed":false},"product_brand":[],"product_cat":[1346,1261,1338],"product_tag":[1445],"class_list":{"0":"post-74856","1":"product","2":"type-product","3":"status-publish","4":"has-post-thumbnail","6":"product_cat-baterias-agm-e-de-litio","7":"product_cat-pilhas-de-litio-lifepo4","8":"product_cat-victron-energia","9":"product_tag-victron-pt","10":"product_shipping_class-baterias","12":"first","13":"instock","14":"taxable","15":"shipping-taxable","16":"purchasable","17":"product-type-simple"},"acf":[],"yoast_head":"<!-- This site is optimized with the Yoast SEO plugin v27.2 - https:\/\/yoast.com\/product\/yoast-seo-wordpress\/ -->\n<title>\u25b7 Bateria LiFePO4 inteligente Victron 12.8V-200Ah |% Coelectrix.com<\/title>\n<meta name=\"description\" content=\"Bateria LiFePO4 Victron Energy 12.8V\/200AH - Smart : Industex.com, Compre online o Melhor Como Visto na TV \u27a4 Melhor Pre\u00e7o Online.\" \/>\n<meta name=\"robots\" content=\"index, follow, max-snippet:-1, max-image-preview:large, max-video-preview:-1\" \/>\n<link rel=\"canonical\" href=\"https:\/\/coelectrix.com\/pt-pt\/produto\/bateria-lifepo4-victron-12-8v-200ah-smart\" \/>\n<meta property=\"og:locale\" content=\"pt_PT\" \/>\n<meta property=\"og:type\" content=\"article\" \/>\n<meta property=\"og:title\" content=\"\u25b7 Bateria LiFePO4 inteligente Victron 12.8V-200Ah |% Coelectrix.com\" \/>\n<meta property=\"og:description\" content=\"Bateria LiFePO4 Victron Energy 12.8V\/200AH - Smart : Industex.com, Compre online o Melhor Como Visto na TV \u27a4 Melhor Pre\u00e7o Online.\" \/>\n<meta property=\"og:url\" content=\"https:\/\/coelectrix.com\/pt-pt\/produto\/bateria-lifepo4-victron-12-8v-200ah-smart\" \/>\n<meta property=\"og:site_name\" content=\"Coelectrix\" \/>\n<meta property=\"article:modified_time\" content=\"2025-08-19T04:00:42+00:00\" \/>\n<meta property=\"og:image\" content=\"https:\/\/coelectrix.com\/wp-content\/uploads\/2024\/09\/Bateria-LiFePO4-Victron-12.8V-200Ah-Smart.png\" \/>\n\t<meta property=\"og:image:width\" content=\"600\" \/>\n\t<meta property=\"og:image:height\" content=\"600\" \/>\n\t<meta property=\"og:image:type\" content=\"image\/png\" \/>\n<meta name=\"twitter:card\" content=\"summary_large_image\" \/>\n<meta name=\"twitter:label1\" content=\"Tempo estimado de leitura\" \/>\n\t<meta name=\"twitter:data1\" content=\"4 minutos\" \/>\n<script type=\"application\/ld+json\" class=\"yoast-schema-graph\">{\"@context\":\"https:\/\/schema.org\",\"@graph\":[{\"@type\":\"WebPage\",\"@id\":\"https:\/\/coelectrix.com\/pt-pt\/produto\/bateria-lifepo4-victron-12-8v-200ah-smart\",\"url\":\"https:\/\/coelectrix.com\/pt-pt\/produto\/bateria-lifepo4-victron-12-8v-200ah-smart\",\"name\":\"\u25b7 Bateria LiFePO4 inteligente Victron 12.8V-200Ah |% Coelectrix.com\",\"isPartOf\":{\"@id\":\"https:\/\/coelectrix.com\/pt-pt\/#website\"},\"primaryImageOfPage\":{\"@id\":\"https:\/\/coelectrix.com\/pt-pt\/produto\/bateria-lifepo4-victron-12-8v-200ah-smart#primaryimage\"},\"image\":{\"@id\":\"https:\/\/coelectrix.com\/pt-pt\/produto\/bateria-lifepo4-victron-12-8v-200ah-smart#primaryimage\"},\"thumbnailUrl\":\"https:\/\/coelectrix.com\/wp-content\/uploads\/2024\/09\/Bateria-LiFePO4-Victron-12.8V-200Ah-Smart.png\",\"datePublished\":\"2024-09-05T09:39:50+00:00\",\"dateModified\":\"2025-08-19T04:00:42+00:00\",\"description\":\"Bateria LiFePO4 Victron Energy 12.8V\/200AH - Smart : Industex.com, Compre online o Melhor Como Visto na TV \u27a4 Melhor Pre\u00e7o Online.\",\"breadcrumb\":{\"@id\":\"https:\/\/coelectrix.com\/pt-pt\/produto\/bateria-lifepo4-victron-12-8v-200ah-smart#breadcrumb\"},\"inLanguage\":\"pt-PT\",\"potentialAction\":[{\"@type\":\"ReadAction\",\"target\":[\"https:\/\/coelectrix.com\/pt-pt\/produto\/bateria-lifepo4-victron-12-8v-200ah-smart\"]}]},{\"@type\":\"ImageObject\",\"inLanguage\":\"pt-PT\",\"@id\":\"https:\/\/coelectrix.com\/pt-pt\/produto\/bateria-lifepo4-victron-12-8v-200ah-smart#primaryimage\",\"url\":\"https:\/\/coelectrix.com\/wp-content\/uploads\/2024\/09\/Bateria-LiFePO4-Victron-12.8V-200Ah-Smart.png\",\"contentUrl\":\"https:\/\/coelectrix.com\/wp-content\/uploads\/2024\/09\/Bateria-LiFePO4-Victron-12.8V-200Ah-Smart.png\",\"width\":600,\"height\":600,\"caption\":\"Bateria Victron LiFePO4 12.8V-200Ah inteligente\"},{\"@type\":\"BreadcrumbList\",\"@id\":\"https:\/\/coelectrix.com\/pt-pt\/produto\/bateria-lifepo4-victron-12-8v-200ah-smart#breadcrumb\",\"itemListElement\":[{\"@type\":\"ListItem\",\"position\":1,\"name\":\"Portada\",\"item\":\"https:\/\/coelectrix.com\/\"},{\"@type\":\"ListItem\",\"position\":2,\"name\":\"Loja\",\"item\":\"https:\/\/coelectrix.com\/pt-pt\/loja\"},{\"@type\":\"ListItem\",\"position\":3,\"name\":\"Bateria Victron LiFePO4 12.8V-200Ah inteligente\"}]},{\"@type\":\"WebSite\",\"@id\":\"https:\/\/coelectrix.com\/pt-pt\/#website\",\"url\":\"https:\/\/coelectrix.com\/pt-pt\/\",\"name\":\"Coelectrix\",\"description\":\"Componentes el\u00e9ctricos\",\"publisher\":{\"@id\":\"https:\/\/coelectrix.com\/pt-pt\/#organization\"},\"potentialAction\":[{\"@type\":\"SearchAction\",\"target\":{\"@type\":\"EntryPoint\",\"urlTemplate\":\"https:\/\/coelectrix.com\/pt-pt\/?s={search_term_string}\"},\"query-input\":{\"@type\":\"PropertyValueSpecification\",\"valueRequired\":true,\"valueName\":\"search_term_string\"}}],\"inLanguage\":\"pt-PT\"},{\"@type\":\"Organization\",\"@id\":\"https:\/\/coelectrix.com\/pt-pt\/#organization\",\"name\":\"coelectrix.com\",\"url\":\"https:\/\/coelectrix.com\/pt-pt\/\",\"logo\":{\"@type\":\"ImageObject\",\"inLanguage\":\"pt-PT\",\"@id\":\"https:\/\/coelectrix.com\/pt-pt\/#\/schema\/logo\/image\/\",\"url\":\"https:\/\/coelectrix.com\/wp-content\/uploads\/2018\/05\/logo-coelectrix-400x400.jpg\",\"contentUrl\":\"https:\/\/coelectrix.com\/wp-content\/uploads\/2018\/05\/logo-coelectrix-400x400.jpg\",\"width\":300,\"height\":300,\"caption\":\"coelectrix.com\"},\"image\":{\"@id\":\"https:\/\/coelectrix.com\/pt-pt\/#\/schema\/logo\/image\/\"}}]}<\/script>\n<!-- \/ Yoast SEO plugin. -->","yoast_head_json":{"title":"\u25b7 Bateria LiFePO4 inteligente Victron 12.8V-200Ah |% Coelectrix.com","description":"Bateria LiFePO4 Victron Energy 12.8V\/200AH - Smart : Industex.com, Compre online o Melhor Como Visto na TV \u27a4 Melhor Pre\u00e7o Online.","robots":{"index":"index","follow":"follow","max-snippet":"max-snippet:-1","max-image-preview":"max-image-preview:large","max-video-preview":"max-video-preview:-1"},"canonical":"https:\/\/coelectrix.com\/pt-pt\/produto\/bateria-lifepo4-victron-12-8v-200ah-smart","og_locale":"pt_PT","og_type":"article","og_title":"\u25b7 Bateria LiFePO4 inteligente Victron 12.8V-200Ah |% Coelectrix.com","og_description":"Bateria LiFePO4 Victron Energy 12.8V\/200AH - Smart : Industex.com, Compre online o Melhor Como Visto na TV \u27a4 Melhor Pre\u00e7o Online.","og_url":"https:\/\/coelectrix.com\/pt-pt\/produto\/bateria-lifepo4-victron-12-8v-200ah-smart","og_site_name":"Coelectrix","article_modified_time":"2025-08-19T04:00:42+00:00","og_image":[{"width":600,"height":600,"url":"https:\/\/coelectrix.com\/wp-content\/uploads\/2024\/09\/Bateria-LiFePO4-Victron-12.8V-200Ah-Smart.png","type":"image\/png"}],"twitter_card":"summary_large_image","twitter_misc":{"Tempo estimado de leitura":"4 minutos"},"schema":{"@context":"https:\/\/schema.org","@graph":[{"@type":"WebPage","@id":"https:\/\/coelectrix.com\/pt-pt\/produto\/bateria-lifepo4-victron-12-8v-200ah-smart","url":"https:\/\/coelectrix.com\/pt-pt\/produto\/bateria-lifepo4-victron-12-8v-200ah-smart","name":"\u25b7 Bateria LiFePO4 inteligente Victron 12.8V-200Ah |% Coelectrix.com","isPartOf":{"@id":"https:\/\/coelectrix.com\/pt-pt\/#website"},"primaryImageOfPage":{"@id":"https:\/\/coelectrix.com\/pt-pt\/produto\/bateria-lifepo4-victron-12-8v-200ah-smart#primaryimage"},"image":{"@id":"https:\/\/coelectrix.com\/pt-pt\/produto\/bateria-lifepo4-victron-12-8v-200ah-smart#primaryimage"},"thumbnailUrl":"https:\/\/coelectrix.com\/wp-content\/uploads\/2024\/09\/Bateria-LiFePO4-Victron-12.8V-200Ah-Smart.png","datePublished":"2024-09-05T09:39:50+00:00","dateModified":"2025-08-19T04:00:42+00:00","description":"Bateria LiFePO4 Victron Energy 12.8V\/200AH - Smart : Industex.com, Compre online o Melhor Como Visto na TV \u27a4 Melhor Pre\u00e7o Online.","breadcrumb":{"@id":"https:\/\/coelectrix.com\/pt-pt\/produto\/bateria-lifepo4-victron-12-8v-200ah-smart#breadcrumb"},"inLanguage":"pt-PT","potentialAction":[{"@type":"ReadAction","target":["https:\/\/coelectrix.com\/pt-pt\/produto\/bateria-lifepo4-victron-12-8v-200ah-smart"]}]},{"@type":"ImageObject","inLanguage":"pt-PT","@id":"https:\/\/coelectrix.com\/pt-pt\/produto\/bateria-lifepo4-victron-12-8v-200ah-smart#primaryimage","url":"https:\/\/coelectrix.com\/wp-content\/uploads\/2024\/09\/Bateria-LiFePO4-Victron-12.8V-200Ah-Smart.png","contentUrl":"https:\/\/coelectrix.com\/wp-content\/uploads\/2024\/09\/Bateria-LiFePO4-Victron-12.8V-200Ah-Smart.png","width":600,"height":600,"caption":"Bateria Victron LiFePO4 12.8V-200Ah inteligente"},{"@type":"BreadcrumbList","@id":"https:\/\/coelectrix.com\/pt-pt\/produto\/bateria-lifepo4-victron-12-8v-200ah-smart#breadcrumb","itemListElement":[{"@type":"ListItem","position":1,"name":"Portada","item":"https:\/\/coelectrix.com\/"},{"@type":"ListItem","position":2,"name":"Loja","item":"https:\/\/coelectrix.com\/pt-pt\/loja"},{"@type":"ListItem","position":3,"name":"Bateria Victron LiFePO4 12.8V-200Ah inteligente"}]},{"@type":"WebSite","@id":"https:\/\/coelectrix.com\/pt-pt\/#website","url":"https:\/\/coelectrix.com\/pt-pt\/","name":"Coelectrix","description":"Componentes el\u00e9ctricos","publisher":{"@id":"https:\/\/coelectrix.com\/pt-pt\/#organization"},"potentialAction":[{"@type":"SearchAction","target":{"@type":"EntryPoint","urlTemplate":"https:\/\/coelectrix.com\/pt-pt\/?s={search_term_string}"},"query-input":{"@type":"PropertyValueSpecification","valueRequired":true,"valueName":"search_term_string"}}],"inLanguage":"pt-PT"},{"@type":"Organization","@id":"https:\/\/coelectrix.com\/pt-pt\/#organization","name":"coelectrix.com","url":"https:\/\/coelectrix.com\/pt-pt\/","logo":{"@type":"ImageObject","inLanguage":"pt-PT","@id":"https:\/\/coelectrix.com\/pt-pt\/#\/schema\/logo\/image\/","url":"https:\/\/coelectrix.com\/wp-content\/uploads\/2018\/05\/logo-coelectrix-400x400.jpg","contentUrl":"https:\/\/coelectrix.com\/wp-content\/uploads\/2018\/05\/logo-coelectrix-400x400.jpg","width":300,"height":300,"caption":"coelectrix.com"},"image":{"@id":"https:\/\/coelectrix.com\/pt-pt\/#\/schema\/logo\/image\/"}}]}},"_links":{"self":[{"href":"https:\/\/coelectrix.com\/pt-pt\/wp-json\/wp\/v2\/product\/74856","targetHints":{"allow":["GET"]}}],"collection":[{"href":"https:\/\/coelectrix.com\/pt-pt\/wp-json\/wp\/v2\/product"}],"about":[{"href":"https:\/\/coelectrix.com\/pt-pt\/wp-json\/wp\/v2\/types\/product"}],"version-history":[{"count":2,"href":"https:\/\/coelectrix.com\/pt-pt\/wp-json\/wp\/v2\/product\/74856\/revisions"}],"predecessor-version":[{"id":75410,"href":"https:\/\/coelectrix.com\/pt-pt\/wp-json\/wp\/v2\/product\/74856\/revisions\/75410"}],"wp:featuredmedia":[{"embeddable":true,"href":"https:\/\/coelectrix.com\/pt-pt\/wp-json\/wp\/v2\/media\/74521"}],"wp:attachment":[{"href":"https:\/\/coelectrix.com\/pt-pt\/wp-json\/wp\/v2\/media?parent=74856"}],"wp:term":[{"taxonomy":"product_brand","embeddable":true,"href":"https:\/\/coelectrix.com\/pt-pt\/wp-json\/wp\/v2\/product_brand?post=74856"},{"taxonomy":"product_cat","embeddable":true,"href":"https:\/\/coelectrix.com\/pt-pt\/wp-json\/wp\/v2\/product_cat?post=74856"},{"taxonomy":"product_tag","embeddable":true,"href":"https:\/\/coelectrix.com\/pt-pt\/wp-json\/wp\/v2\/product_tag?post=74856"}],"curies":[{"name":"wp","href":"https:\/\/api.w.org\/{rel}","templated":true}]}}