{"id":74859,"date":"2024-01-15T15:58:17","date_gmt":"2024-01-15T14:58:17","guid":{"rendered":"https:\/\/coelectrix.com\/producto\/bateria-lifepo4-280ah-bms-bluetooth-heating-sob-o-assento"},"modified":"2025-08-19T06:00:47","modified_gmt":"2025-08-19T04:00:47","slug":"bateria-lifepo4-280ah-bms-bluetooth-heating-sob-o-assento","status":"publish","type":"product","link":"https:\/\/coelectrix.com\/pt-pt\/produto\/bateria-lifepo4-280ah-bms-bluetooth-under-seat-battery-heater","title":{"rendered":"Bateria LiFePO4 280Ah BMS-Bluetooth-Heating &#8211; Sob o assento"},"content":{"rendered":"<h2><strong>Bateria de servi\u00e7o LiFePO4 280Ah BMS integrada sob o assento e aquecida<\/strong><\/h2>\n<div dir=\"ltr\" role=\"presentation\" data-top=\"978.3264\" data-left=\"194.64936000000003\">\n<p>As baterias de l\u00edtio s\u00e3o, de longe, a melhor alternativa \u00e0s baterias de chumbo, uma vez que proporcionam uma alimenta\u00e7\u00e3o de tens\u00e3o est\u00e1vel mesmo com cargas pesadas. Para al\u00e9m da vantagem de serem extremamente leves, oferecem tamb\u00e9m uma enorme reserva de energia. O BMS (sistema de gest\u00e3o da bateria) integrado torna-o adequado para todas as aplica\u00e7\u00f5es de baterias de 12V DC Olalithium LiFePO4. A capacidade adicional pode ser facilmente alcan\u00e7ada. O fosfato de l\u00edtio e ferro (LiFePO4) \u00e9 o tipo mais seguro de bateria de l\u00edtio convencional. As baterias LiFePO4 t\u00eam uma tens\u00e3o nominal de 3,2 V em compara\u00e7\u00e3o com 2 V para as baterias de chumbo-\u00e1cido, pelo que <strong>uma bateria LiFePO4 de 12,8 V \u00e9 equivalente a quatro baterias em s\u00e9rie<\/strong>.<\/p>\n<h3><strong>Desempenho e efici\u00eancia da bateria LiFePO4<\/strong><\/h3>\n<p>As baterias Olalithium <strong>LiFePO4 podem armazenar mais de 96% da energia<\/strong> fornecida diretamente.<br \/>\nA nossa bateria LiFePO4 pode fornecer mais de 4000 ciclos, enquanto a bateria de chumbo-\u00e1cido pode fornecer 200 a 500 ciclos. <strong>A vida \u00fatil das baterias LiFePO4 \u00e9 8 a 10 vezes maior do que as baterias de chumbo-\u00e1cido padr\u00e3o<\/strong>. O peso da bateria de fosfato de ferro-l\u00edtio \u00e9 30% mais leve do que o da bateria de chumbo-\u00e1cido com a mesma capacidade. Sem efeito de mem\u00f3ria, independentemente do estado em que a bateria se encontra, pode ser utilizada logo que esteja carregada.<\/p>\n<h3><strong>Liga\u00e7\u00e3o sem fios Bluetooth<\/strong><\/h3>\n<p>A nossa pilha tem uma fun\u00e7\u00e3o Bluetooth, a pilha \u00e9 apenas uma fonte de energia, a pilha de l\u00edtio Olalitio acrescenta uma fun\u00e7\u00e3o Bluetooth para facilitar ao utilizador a monitoriza\u00e7\u00e3o da energia e do estado da pilha em tempo real.<\/p>\n<p><img fetchpriority=\"high\" decoding=\"async\" class=\"alignnone size-medium wp-image-39615\" src=\"https:\/\/coelectrix.com\/wp-content\/uploads\/2022\/03\/bluetooth-olalitio-300x300.jpg\" alt=\"\" width=\"300\" height=\"300\" srcset=\"https:\/\/coelectrix.com\/wp-content\/uploads\/2022\/03\/bluetooth-olalitio-300x300.jpg 300w, https:\/\/coelectrix.com\/wp-content\/uploads\/2022\/03\/bluetooth-olalitio-150x150.jpg 150w, https:\/\/coelectrix.com\/wp-content\/uploads\/2022\/03\/bluetooth-olalitio-196x196.jpg 196w, https:\/\/coelectrix.com\/wp-content\/uploads\/2022\/03\/bluetooth-olalitio-416x416.jpg 416w, https:\/\/coelectrix.com\/wp-content\/uploads\/2022\/03\/bluetooth-olalitio-100x100.jpg 100w, https:\/\/coelectrix.com\/wp-content\/uploads\/2022\/03\/bluetooth-olalitio-64x64.jpg 64w, https:\/\/coelectrix.com\/wp-content\/uploads\/2022\/03\/bluetooth-olalitio.jpg 600w\" sizes=\"(max-width: 300px) 100vw, 300px\" \/><\/p>\n<h3><strong>A tecnologia de l\u00edtio (LiFePO4) mais segura<\/strong><\/h3>\n<p>Fosfato f\u00e9rrico de l\u00edtio sem risco de g\u00e1s, explos\u00e3o ou inc\u00eandio e sem manuten\u00e7\u00e3o.<\/p>\n<h3><strong>Corrente de descarga elevada<\/strong><\/h3>\n<p>Proporciona um elevado desempenho de descarga sem queda de tens\u00e3o, especialmente adequado para um elevado consumo de energia, como m\u00e1quinas de caf\u00e9 ou sistemas de ar condicionado.<br \/>\n<em>Bateria de servi\u00e7o n\u00e3o adequada para arranque.<\/em><\/p>\n<h3><strong>BMS (Sistema de gest\u00e3o da bateria)<\/strong><\/h3>\n<p>\u00c9 um sistema eletr\u00f3nico que pode controlar e carregar diferentes componentes da bateria. O BMS incorporado em cada bateria assegura que a bateria n\u00e3o \u00e9 manipulada incorretamente. A bateria desligar-se-\u00e1 em caso de subtens\u00e3o ou sobrecarga e ligar-se-\u00e1 automaticamente assim que o problema for resolvido.<\/p>\n<h4><strong>As fun\u00e7\u00f5es adicionais do BMS s\u00e3o:<\/strong><\/h4>\n<ul>\n<li>Proteger a bateria contra a subtens\u00e3o cortando a carga antecipadamente.<\/li>\n<li>Prote\u00e7\u00e3o da bateria contra a sobretens\u00e3o, reduzindo a corrente de carga ou interrompendo o processo de carga.<\/li>\n<li>Desligar o sistema em caso de sobreaquecimento. O carregamento da bateria p\u00e1ra a baixa temperatura.<\/li>\n<\/ul>\n<table id=\"test-bg\" width=\"902\">\n<tbody>\n<tr>\n<td id=\"td-bg\" width=\"451\">Tipo de bateria<\/td>\n<td id=\"td-bg\" width=\"451\">L\u00cdTIO<\/td>\n<\/tr>\n<tr>\n<td width=\"451\">Intervalo de temperatura (descarga)<\/td>\n<td width=\"451\">\n<div class=\"sp-row\">\n<div class=\"sp-row\">\n<div class=\"sp-row\">-20 ~ 75 \u00b0C<\/div>\n<\/div>\n<\/div>\n<\/td>\n<\/tr>\n<tr>\n<td id=\"td-bg\" width=\"451\">Gama de temperaturas (carregamento)<\/td>\n<td id=\"td-bg\" width=\"451\">0 ~ 50 \u00b0C<\/td>\n<\/tr>\n<tr>\n<td id=\"td-bg\" width=\"451\">Gama de temperaturas de aquecimento<\/td>\n<td id=\"td-bg\" width=\"451\">-35 ~ 5 \u00b0C<\/td>\n<\/tr>\n<tr>\n<td width=\"451\">Faixa de temperatura (armazenamento)<\/td>\n<td width=\"451\">\n<div class=\"sp-row\">\n<div class=\"sp-row\">\n<div class=\"sp-row\">\n<div class=\"sp-row\">\n<div class=\"sp-row\">-5 ~ 35 \u00b0C<\/div>\n<\/div>\n<\/div>\n<\/div>\n<\/div>\n<\/td>\n<\/tr>\n<tr>\n<td id=\"td-bg\" width=\"451\">Peso l\u00edquido (kg)<\/td>\n<td id=\"td-bg\" width=\"451\">\n<div class=\"sp-row\">\n<div class=\"sp-row\">31 KG<\/div>\n<\/div>\n<\/td>\n<\/tr>\n<tr>\n<td width=\"451\">Tens\u00e3o nominal<\/td>\n<td width=\"451\">\n<div class=\"sp-row\">\n<div class=\"sp-row\">12.8V<\/div>\n<\/div>\n<\/td>\n<\/tr>\n<tr>\n<td width=\"451\">Tens\u00e3o de carregamento<\/td>\n<td width=\"451\">\n<div class=\"sp-row\">\n<div class=\"sp-row\">14.6V<\/div>\n<\/div>\n<\/td>\n<\/tr>\n<tr>\n<td width=\"451\">Modo de comunica\u00e7\u00e3o<\/td>\n<td width=\"451\">\n<div class=\"sp-row\">\n<div class=\"sp-row\">\n<div class=\"sp-row\">\n<div class=\"sp-row\">\n<div class=\"sp-row\">\n<div class=\"sp-row\">\n<div class=\"sp-row\">\n<div class=\"sp-row\">\n<div class=\"sp-row\">Bluetooth 4.0 (aplica\u00e7\u00e3o gratuita para smartphone)<\/div>\n<\/div>\n<\/div>\n<\/div>\n<\/div>\n<\/div>\n<\/div>\n<\/div>\n<\/div>\n<\/td>\n<\/tr>\n<tr>\n<td id=\"td-bg\" width=\"451\">\u00cdndice de prote\u00e7\u00e3o<\/td>\n<td id=\"td-bg\" width=\"451\">\n<div class=\"sp-row\">\n<div class=\"sp-row\">\n<div class=\"sp-row\">\n<div class=\"sp-row\">\n<div class=\"sp-row\">\n<div class=\"sp-row\">\n<div class=\"sp-row\">\n<div class=\"sp-row\">\n<div class=\"sp-row\">IP65<\/div>\n<\/div>\n<\/div>\n<\/div>\n<\/div>\n<\/div>\n<\/div>\n<\/div>\n<\/div>\n<\/td>\n<\/tr>\n<tr>\n<td width=\"451\">Corrente m\u00e1xima de carga<\/td>\n<td width=\"451\">\n<div class=\"sp-row\">\n<div class=\"sp-row\">\n<div class=\"sp-row\">\n<div class=\"sp-row\">\n<div class=\"sp-row\">\n<div class=\"sp-row\">\n<div class=\"sp-row\">140A<\/div>\n<\/div>\n<\/div>\n<\/div>\n<\/div>\n<\/div>\n<\/div>\n<\/td>\n<\/tr>\n<tr>\n<td id=\"td-bg\" width=\"451\">Corrente m\u00e1xima de descarga cont\u00ednua<\/td>\n<td id=\"td-bg\" width=\"451\">\n<div class=\"sp-row\">\n<div class=\"sp-row\">\n<div class=\"sp-row\">\n<div class=\"sp-row\">\n<div class=\"sp-row\">\n<div class=\"sp-row\">200A<\/div>\n<\/div>\n<\/div>\n<\/div>\n<\/div>\n<\/div>\n<\/td>\n<\/tr>\n<tr>\n<td width=\"451\">BMS (Sistema de gest\u00e3o da bateria)<\/td>\n<td width=\"451\">\n<div class=\"sp-row\">\n<div class=\"sp-row\">\n<div class=\"sp-row\">\n<div class=\"sp-row\">\n<div class=\"sp-row\">\n<div class=\"sp-row\">\n<div class=\"sp-row\">\n<div class=\"sp-row\">\n<div class=\"sp-row\">\n<div class=\"sp-row\">Integrado<\/div>\n<\/div>\n<\/div>\n<\/div>\n<\/div>\n<\/div>\n<\/div>\n<\/div>\n<\/div>\n<\/div>\n<\/td>\n<\/tr>\n<tr>\n<td id=\"td-bg\" width=\"451\">N\u00famero de ciclos a 90% DoD e 25\u00b0C<\/td>\n<td id=\"td-bg\" width=\"451\">\n<div class=\"sp-row\">\n<div class=\"sp-group\">\n<div class=\"sp-row\">\n<div class=\"sp-group\">\n<div class=\"sp-row\">\n<div class=\"sp-row\">\n<div class=\"sp-row\">\n<div class=\"sp-row\">\n<div class=\"sp-row\">\n<div class=\"sp-row\">\n<div class=\"sp-row\">&gt;4500<\/div>\n<\/div>\n<\/div>\n<\/div>\n<\/div>\n<\/div>\n<\/div>\n<\/div>\n<\/div>\n<\/div>\n<\/div>\n<\/td>\n<\/tr>\n<tr>\n<td width=\"451\">Capacidade nominal a 25\u00b0C<\/td>\n<td width=\"451\">\n<div class=\"sp-row\">\n<div class=\"sp-row\">\n<div class=\"sp-row\">\n<div class=\"sp-row\">\n<div class=\"sp-row\">\n<div class=\"sp-row\">\n<div class=\"sp-row\">280 Ah<\/div>\n<\/div>\n<\/div>\n<\/div>\n<\/div>\n<\/div>\n<\/div>\n<\/td>\n<\/tr>\n<tr>\n<td id=\"td-bg\" width=\"451\">Dimens\u00f5es (L x C x P)<\/td>\n<td id=\"td-bg\" width=\"451\">\n<div class=\"sp-row\">\n<div class=\"sp-row\">\n<div class=\"sp-row\">\n<div class=\"sp-row\">\n<div class=\"sp-row\">\n<div class=\"sp-row\">\n<div class=\"sp-row\">355 * 330 * 190mm<\/div>\n<\/div>\n<\/div>\n<\/div>\n<\/div>\n<\/div>\n<\/div>\n<\/td>\n<\/tr>\n<tr>\n<td id=\"td-bg\" width=\"451\">Garantia do fabricante<\/td>\n<td id=\"td-bg\" width=\"451\">\n<div class=\"sp-row\">\n<div class=\"sp-row\">\n<div class=\"sp-row\">\n<div class=\"sp-row\">\n<div class=\"sp-row\">\n<div class=\"sp-row\">\n<div class=\"sp-row\">5 anos* 5 anos de garantia* 5 anos de garantia* 5 anos de garantia* 5 anos de garantia* 5 anos de garantia* 5 anos de garantia<\/div>\n<\/div>\n<\/div>\n<\/div>\n<\/div>\n<\/div>\n<\/div>\n<\/td>\n<\/tr>\n<\/tbody>\n<\/table>\n<ul>\n<li><\/li>\n<\/ul>\n<p><a href=\"https:\/\/coelectrix.com\/wp-content\/uploads\/2024\/01\/Bateria-de-litio-280Ah-12.8V-LiFePO4-debajo-del-asiento-Bluetooth-BMS-Calefaccion-Olalitio-ES.pdf\" target=\"_blank\" rel=\"noopener\"><strong>DESCARREGAR A FICHA T\u00c9CNICA DA BATERIA DE 280AH<\/strong><\/a><\/p>\n<\/div>\n","protected":false},"excerpt":{"rendered":"<p><strong>Carater\u00edsticas principais:<\/strong><\/p>\n<ul>\n<li>Tecnologia de fosfato de ferro de l\u00edtio LiFePO4.<\/li>\n<li><span style=\"color: #ff0000;\">Encaixa-se perfeitamente no espa\u00e7o sob o assento do Fiat Ducato, Citro\u00ebn, Peugeot.<\/span><\/li>\n<li><span style=\"color: #ff0000;\">Pel\u00edcula de aquecimento integrada, que pode ser utilizada mesmo em temperaturas \u00e1rcticas t\u00e3o baixas como -35\u00b0C.<\/span><\/li>\n<li>C\u00e9lula de bateria presmatic classe A<\/li>\n<li><strong>Mais de 4000 ciclos de carga\/descarga garantidos<\/strong>. 8 a 10 vezes mais do que numa bateria de chumbo-\u00e1cido (AGM)<\/li>\n<li>BMS integrado com liga\u00e7\u00e3o sem fios Bluetooth 4.0.<\/li>\n<li><strong>Fabricante espanhol com sede em Sarago\u00e7a<\/strong>, servi\u00e7o t\u00e9cnico e garantia nacional.<\/li>\n<li>5 anos de garantia<\/li>\n<li>Peso reduzido, apenas 3kg<\/li>\n<\/ul>\n<p><strong>Dados t\u00e9cnicos: <\/strong><\/p>\n<ul>\n<li><b>BMS<\/b>(Battery Management System): Integrado<\/li>\n<li>Comunica\u00e7\u00e3o Bluetooth 4.0 com a aplica\u00e7\u00e3o<\/li>\n<li>Capacidade nominal: 280Ah \/ 2304Wh<\/li>\n<li>N\u00famero de ciclos: &gt;4500<\/li>\n<li>Peso: 23,7kg<\/li>\n<li>Dimens\u00f5es (C x L x A) mm: 355 * 330 * 190mm<\/li>\n<li>Tens\u00e3o de carregamento: 14,6V<\/li>\n<li>Corrente de carga m\u00e1xima recomendada: 140A<\/li>\n<li>Corrente m\u00e1xima de descarga: 200A<\/li>\n<li>Corrente m\u00e1xima de corte de descarga (5 ~ 15ms) 450A<\/li>\n<\/ul>\n","protected":false},"featured_media":74351,"template":"","meta":{"_acf_changed":false},"product_brand":[],"product_cat":[1346,1311,1261],"product_tag":[],"class_list":{"0":"post-74859","1":"product","2":"type-product","3":"status-publish","4":"has-post-thumbnail","6":"product_cat-baterias-agm-e-de-litio","7":"product_cat-olalitio-2","8":"product_cat-pilhas-de-litio-lifepo4","10":"first","11":"outofstock","12":"taxable","13":"shipping-taxable","14":"purchasable","15":"product-type-simple"},"acf":[],"yoast_head":"<!-- This site is optimized with the Yoast SEO plugin v27.2 - https:\/\/yoast.com\/product\/yoast-seo-wordpress\/ -->\n<title>Bateria LiFePO4 280Ah BMS-Bluetooth-Heating - Sob o assento% %<\/title>\n<meta name=\"description\" content=\"Bateria LiFePO4 280Ah com BMS integrado e liga\u00e7\u00e3o Bluetooth. Sob o assento e aquecido\" \/>\n<meta name=\"robots\" content=\"index, follow, max-snippet:-1, max-image-preview:large, max-video-preview:-1\" \/>\n<link rel=\"canonical\" href=\"https:\/\/coelectrix.com\/pt-pt\/produto\/bateria-lifepo4-280ah-bms-bluetooth-under-seat-battery-heater\" \/>\n<meta property=\"og:locale\" content=\"pt_PT\" \/>\n<meta property=\"og:type\" content=\"article\" \/>\n<meta property=\"og:title\" content=\"Bateria LiFePO4 280Ah BMS-Bluetooth-Heating - Sob o assento% %\" \/>\n<meta property=\"og:description\" content=\"Bateria LiFePO4 280Ah com BMS integrado e liga\u00e7\u00e3o Bluetooth. Sob o assento e aquecido\" \/>\n<meta property=\"og:url\" content=\"https:\/\/coelectrix.com\/pt-pt\/produto\/bateria-lifepo4-280ah-bms-bluetooth-under-seat-battery-heater\" \/>\n<meta property=\"og:site_name\" content=\"Coelectrix\" \/>\n<meta property=\"article:modified_time\" content=\"2025-08-19T04:00:47+00:00\" \/>\n<meta property=\"og:image\" content=\"https:\/\/coelectrix.com\/wp-content\/uploads\/2024\/01\/lifepo4-280ah-debajo-del-asiento-calefactada.jpg\" \/>\n\t<meta property=\"og:image:width\" content=\"600\" \/>\n\t<meta property=\"og:image:height\" content=\"600\" \/>\n\t<meta property=\"og:image:type\" content=\"image\/jpeg\" \/>\n<meta name=\"twitter:card\" content=\"summary_large_image\" \/>\n<meta name=\"twitter:label1\" content=\"Tempo estimado de leitura\" \/>\n\t<meta name=\"twitter:data1\" content=\"3 minutos\" \/>\n<script type=\"application\/ld+json\" class=\"yoast-schema-graph\">{\"@context\":\"https:\/\/schema.org\",\"@graph\":[{\"@type\":\"WebPage\",\"@id\":\"https:\/\/coelectrix.com\/pt-pt\/produto\/bateria-lifepo4-280ah-bms-bluetooth-under-seat-battery-heater\",\"url\":\"https:\/\/coelectrix.com\/pt-pt\/produto\/bateria-lifepo4-280ah-bms-bluetooth-under-seat-battery-heater\",\"name\":\"Bateria LiFePO4 280Ah BMS-Bluetooth-Heating - Sob o assento% %\",\"isPartOf\":{\"@id\":\"https:\/\/coelectrix.com\/pt-pt\/#website\"},\"primaryImageOfPage\":{\"@id\":\"https:\/\/coelectrix.com\/pt-pt\/produto\/bateria-lifepo4-280ah-bms-bluetooth-under-seat-battery-heater#primaryimage\"},\"image\":{\"@id\":\"https:\/\/coelectrix.com\/pt-pt\/produto\/bateria-lifepo4-280ah-bms-bluetooth-under-seat-battery-heater#primaryimage\"},\"thumbnailUrl\":\"https:\/\/coelectrix.com\/wp-content\/uploads\/2024\/01\/lifepo4-280ah-debajo-del-asiento-calefactada.jpg\",\"datePublished\":\"2024-01-15T14:58:17+00:00\",\"dateModified\":\"2025-08-19T04:00:47+00:00\",\"description\":\"Bateria LiFePO4 280Ah com BMS integrado e liga\u00e7\u00e3o Bluetooth. Sob o assento e aquecido\",\"breadcrumb\":{\"@id\":\"https:\/\/coelectrix.com\/pt-pt\/produto\/bateria-lifepo4-280ah-bms-bluetooth-under-seat-battery-heater#breadcrumb\"},\"inLanguage\":\"pt-PT\",\"potentialAction\":[{\"@type\":\"ReadAction\",\"target\":[\"https:\/\/coelectrix.com\/pt-pt\/produto\/bateria-lifepo4-280ah-bms-bluetooth-under-seat-battery-heater\"]}]},{\"@type\":\"ImageObject\",\"inLanguage\":\"pt-PT\",\"@id\":\"https:\/\/coelectrix.com\/pt-pt\/produto\/bateria-lifepo4-280ah-bms-bluetooth-under-seat-battery-heater#primaryimage\",\"url\":\"https:\/\/coelectrix.com\/wp-content\/uploads\/2024\/01\/lifepo4-280ah-debajo-del-asiento-calefactada.jpg\",\"contentUrl\":\"https:\/\/coelectrix.com\/wp-content\/uploads\/2024\/01\/lifepo4-280ah-debajo-del-asiento-calefactada.jpg\",\"width\":600,\"height\":600,\"caption\":\"lifepo4 280ah sob o assento aquecido\"},{\"@type\":\"BreadcrumbList\",\"@id\":\"https:\/\/coelectrix.com\/pt-pt\/produto\/bateria-lifepo4-280ah-bms-bluetooth-under-seat-battery-heater#breadcrumb\",\"itemListElement\":[{\"@type\":\"ListItem\",\"position\":1,\"name\":\"Portada\",\"item\":\"https:\/\/coelectrix.com\/\"},{\"@type\":\"ListItem\",\"position\":2,\"name\":\"Loja\",\"item\":\"https:\/\/coelectrix.com\/pt-pt\/loja\"},{\"@type\":\"ListItem\",\"position\":3,\"name\":\"Bateria LiFePO4 280Ah BMS-Bluetooth-Heating &#8211; Sob o assento\"}]},{\"@type\":\"WebSite\",\"@id\":\"https:\/\/coelectrix.com\/pt-pt\/#website\",\"url\":\"https:\/\/coelectrix.com\/pt-pt\/\",\"name\":\"Coelectrix\",\"description\":\"Componentes el\u00e9ctricos\",\"publisher\":{\"@id\":\"https:\/\/coelectrix.com\/pt-pt\/#organization\"},\"potentialAction\":[{\"@type\":\"SearchAction\",\"target\":{\"@type\":\"EntryPoint\",\"urlTemplate\":\"https:\/\/coelectrix.com\/pt-pt\/?s={search_term_string}\"},\"query-input\":{\"@type\":\"PropertyValueSpecification\",\"valueRequired\":true,\"valueName\":\"search_term_string\"}}],\"inLanguage\":\"pt-PT\"},{\"@type\":\"Organization\",\"@id\":\"https:\/\/coelectrix.com\/pt-pt\/#organization\",\"name\":\"coelectrix.com\",\"url\":\"https:\/\/coelectrix.com\/pt-pt\/\",\"logo\":{\"@type\":\"ImageObject\",\"inLanguage\":\"pt-PT\",\"@id\":\"https:\/\/coelectrix.com\/pt-pt\/#\/schema\/logo\/image\/\",\"url\":\"https:\/\/coelectrix.com\/wp-content\/uploads\/2018\/05\/logo-coelectrix-400x400.jpg\",\"contentUrl\":\"https:\/\/coelectrix.com\/wp-content\/uploads\/2018\/05\/logo-coelectrix-400x400.jpg\",\"width\":300,\"height\":300,\"caption\":\"coelectrix.com\"},\"image\":{\"@id\":\"https:\/\/coelectrix.com\/pt-pt\/#\/schema\/logo\/image\/\"}}]}<\/script>\n<!-- \/ Yoast SEO plugin. -->","yoast_head_json":{"title":"Bateria LiFePO4 280Ah BMS-Bluetooth-Heating - Sob o assento% %","description":"Bateria LiFePO4 280Ah com BMS integrado e liga\u00e7\u00e3o Bluetooth. Sob o assento e aquecido","robots":{"index":"index","follow":"follow","max-snippet":"max-snippet:-1","max-image-preview":"max-image-preview:large","max-video-preview":"max-video-preview:-1"},"canonical":"https:\/\/coelectrix.com\/pt-pt\/produto\/bateria-lifepo4-280ah-bms-bluetooth-under-seat-battery-heater","og_locale":"pt_PT","og_type":"article","og_title":"Bateria LiFePO4 280Ah BMS-Bluetooth-Heating - Sob o assento% %","og_description":"Bateria LiFePO4 280Ah com BMS integrado e liga\u00e7\u00e3o Bluetooth. Sob o assento e aquecido","og_url":"https:\/\/coelectrix.com\/pt-pt\/produto\/bateria-lifepo4-280ah-bms-bluetooth-under-seat-battery-heater","og_site_name":"Coelectrix","article_modified_time":"2025-08-19T04:00:47+00:00","og_image":[{"width":600,"height":600,"url":"https:\/\/coelectrix.com\/wp-content\/uploads\/2024\/01\/lifepo4-280ah-debajo-del-asiento-calefactada.jpg","type":"image\/jpeg"}],"twitter_card":"summary_large_image","twitter_misc":{"Tempo estimado de leitura":"3 minutos"},"schema":{"@context":"https:\/\/schema.org","@graph":[{"@type":"WebPage","@id":"https:\/\/coelectrix.com\/pt-pt\/produto\/bateria-lifepo4-280ah-bms-bluetooth-under-seat-battery-heater","url":"https:\/\/coelectrix.com\/pt-pt\/produto\/bateria-lifepo4-280ah-bms-bluetooth-under-seat-battery-heater","name":"Bateria LiFePO4 280Ah BMS-Bluetooth-Heating - Sob o assento% %","isPartOf":{"@id":"https:\/\/coelectrix.com\/pt-pt\/#website"},"primaryImageOfPage":{"@id":"https:\/\/coelectrix.com\/pt-pt\/produto\/bateria-lifepo4-280ah-bms-bluetooth-under-seat-battery-heater#primaryimage"},"image":{"@id":"https:\/\/coelectrix.com\/pt-pt\/produto\/bateria-lifepo4-280ah-bms-bluetooth-under-seat-battery-heater#primaryimage"},"thumbnailUrl":"https:\/\/coelectrix.com\/wp-content\/uploads\/2024\/01\/lifepo4-280ah-debajo-del-asiento-calefactada.jpg","datePublished":"2024-01-15T14:58:17+00:00","dateModified":"2025-08-19T04:00:47+00:00","description":"Bateria LiFePO4 280Ah com BMS integrado e liga\u00e7\u00e3o Bluetooth. Sob o assento e aquecido","breadcrumb":{"@id":"https:\/\/coelectrix.com\/pt-pt\/produto\/bateria-lifepo4-280ah-bms-bluetooth-under-seat-battery-heater#breadcrumb"},"inLanguage":"pt-PT","potentialAction":[{"@type":"ReadAction","target":["https:\/\/coelectrix.com\/pt-pt\/produto\/bateria-lifepo4-280ah-bms-bluetooth-under-seat-battery-heater"]}]},{"@type":"ImageObject","inLanguage":"pt-PT","@id":"https:\/\/coelectrix.com\/pt-pt\/produto\/bateria-lifepo4-280ah-bms-bluetooth-under-seat-battery-heater#primaryimage","url":"https:\/\/coelectrix.com\/wp-content\/uploads\/2024\/01\/lifepo4-280ah-debajo-del-asiento-calefactada.jpg","contentUrl":"https:\/\/coelectrix.com\/wp-content\/uploads\/2024\/01\/lifepo4-280ah-debajo-del-asiento-calefactada.jpg","width":600,"height":600,"caption":"lifepo4 280ah sob o assento aquecido"},{"@type":"BreadcrumbList","@id":"https:\/\/coelectrix.com\/pt-pt\/produto\/bateria-lifepo4-280ah-bms-bluetooth-under-seat-battery-heater#breadcrumb","itemListElement":[{"@type":"ListItem","position":1,"name":"Portada","item":"https:\/\/coelectrix.com\/"},{"@type":"ListItem","position":2,"name":"Loja","item":"https:\/\/coelectrix.com\/pt-pt\/loja"},{"@type":"ListItem","position":3,"name":"Bateria LiFePO4 280Ah BMS-Bluetooth-Heating &#8211; Sob o assento"}]},{"@type":"WebSite","@id":"https:\/\/coelectrix.com\/pt-pt\/#website","url":"https:\/\/coelectrix.com\/pt-pt\/","name":"Coelectrix","description":"Componentes el\u00e9ctricos","publisher":{"@id":"https:\/\/coelectrix.com\/pt-pt\/#organization"},"potentialAction":[{"@type":"SearchAction","target":{"@type":"EntryPoint","urlTemplate":"https:\/\/coelectrix.com\/pt-pt\/?s={search_term_string}"},"query-input":{"@type":"PropertyValueSpecification","valueRequired":true,"valueName":"search_term_string"}}],"inLanguage":"pt-PT"},{"@type":"Organization","@id":"https:\/\/coelectrix.com\/pt-pt\/#organization","name":"coelectrix.com","url":"https:\/\/coelectrix.com\/pt-pt\/","logo":{"@type":"ImageObject","inLanguage":"pt-PT","@id":"https:\/\/coelectrix.com\/pt-pt\/#\/schema\/logo\/image\/","url":"https:\/\/coelectrix.com\/wp-content\/uploads\/2018\/05\/logo-coelectrix-400x400.jpg","contentUrl":"https:\/\/coelectrix.com\/wp-content\/uploads\/2018\/05\/logo-coelectrix-400x400.jpg","width":300,"height":300,"caption":"coelectrix.com"},"image":{"@id":"https:\/\/coelectrix.com\/pt-pt\/#\/schema\/logo\/image\/"}}]}},"_links":{"self":[{"href":"https:\/\/coelectrix.com\/pt-pt\/wp-json\/wp\/v2\/product\/74859","targetHints":{"allow":["GET"]}}],"collection":[{"href":"https:\/\/coelectrix.com\/pt-pt\/wp-json\/wp\/v2\/product"}],"about":[{"href":"https:\/\/coelectrix.com\/pt-pt\/wp-json\/wp\/v2\/types\/product"}],"version-history":[{"count":1,"href":"https:\/\/coelectrix.com\/pt-pt\/wp-json\/wp\/v2\/product\/74859\/revisions"}],"predecessor-version":[{"id":75293,"href":"https:\/\/coelectrix.com\/pt-pt\/wp-json\/wp\/v2\/product\/74859\/revisions\/75293"}],"wp:featuredmedia":[{"embeddable":true,"href":"https:\/\/coelectrix.com\/pt-pt\/wp-json\/wp\/v2\/media\/74351"}],"wp:attachment":[{"href":"https:\/\/coelectrix.com\/pt-pt\/wp-json\/wp\/v2\/media?parent=74859"}],"wp:term":[{"taxonomy":"product_brand","embeddable":true,"href":"https:\/\/coelectrix.com\/pt-pt\/wp-json\/wp\/v2\/product_brand?post=74859"},{"taxonomy":"product_cat","embeddable":true,"href":"https:\/\/coelectrix.com\/pt-pt\/wp-json\/wp\/v2\/product_cat?post=74859"},{"taxonomy":"product_tag","embeddable":true,"href":"https:\/\/coelectrix.com\/pt-pt\/wp-json\/wp\/v2\/product_tag?post=74859"}],"curies":[{"name":"wp","href":"https:\/\/api.w.org\/{rel}","templated":true}]}}