{"id":74860,"date":"2024-01-06T10:10:45","date_gmt":"2024-01-06T09:10:45","guid":{"rendered":"https:\/\/coelectrix.com\/producto\/bateria-lifepo4-200ah-bms-bluetooth-sob-o-assento"},"modified":"2025-08-19T06:00:47","modified_gmt":"2025-08-19T04:00:47","slug":"bateria-lifepo4-200ah-bms-bluetooth-sob-o-assento","status":"publish","type":"product","link":"https:\/\/coelectrix.com\/pt-pt\/produto\/bateria-lifepo4-200ah-bms-bluetooth-under-seat-battery-heater","title":{"rendered":"Bateria LiFePO4 200Ah BMS-Bluetooth &#8211; Sob o assento"},"content":{"rendered":"<h2><strong>Bateria de servi\u00e7o LiFePO4 200Ah BMS Bateria integrada sob o assento <\/strong><\/h2>\n<div dir=\"ltr\" role=\"presentation\" data-top=\"978.3264\" data-left=\"194.64936000000003\">\n<p>As baterias de l\u00edtio s\u00e3o, de longe, a melhor alternativa \u00e0s baterias de chumbo, uma vez que proporcionam uma alimenta\u00e7\u00e3o de tens\u00e3o est\u00e1vel mesmo com cargas pesadas. Para al\u00e9m da vantagem de serem extremamente leves, oferecem tamb\u00e9m uma enorme reserva de energia. O BMS (sistema de gest\u00e3o da bateria) integrado torna-o adequado para todas as aplica\u00e7\u00f5es de baterias de 12V DC Olalithium LiFePO4. A capacidade adicional pode ser facilmente alcan\u00e7ada. O fosfato de l\u00edtio e ferro (LiFePO4) \u00e9 o tipo mais seguro de bateria de l\u00edtio convencional. As baterias LiFePO4 t\u00eam uma tens\u00e3o nominal de 3,2 V em compara\u00e7\u00e3o com 2 V para as baterias de chumbo-\u00e1cido, pelo que <strong>uma bateria LiFePO4 de 12,8 V \u00e9 equivalente a quatro baterias em s\u00e9rie<\/strong>.<\/p>\n<h3><strong>Desempenho e efici\u00eancia da bateria LiFePO4<\/strong><\/h3>\n<p>As baterias Olalithium <strong>LiFePO4 podem armazenar mais de 96% da energia<\/strong> fornecida diretamente.<br \/>\nA nossa bateria LiFePO4 pode fornecer mais de 4000 ciclos, enquanto a bateria de chumbo-\u00e1cido pode fornecer 200 a 500 ciclos. <strong>A vida \u00fatil das baterias LiFePO4 \u00e9 8 a 10 vezes maior do que as baterias de chumbo-\u00e1cido padr\u00e3o<\/strong>. O peso da bateria de fosfato de ferro-l\u00edtio \u00e9 30% mais leve do que o da bateria de chumbo-\u00e1cido com a mesma capacidade. Sem efeito de mem\u00f3ria, independentemente do estado em que a bateria se encontra, pode ser utilizada logo que esteja carregada.<\/p>\n<h3><strong>Liga\u00e7\u00e3o sem fios Bluetooth<\/strong><\/h3>\n<p>A nossa bateria tem uma fun\u00e7\u00e3o Bluetooth, a bateria \u00e9 apenas uma fonte de energia, a bateria de l\u00edtio Olalitio adiciona uma fun\u00e7\u00e3o Bluetooth para facilitar ao utilizador a monitoriza\u00e7\u00e3o da energia e do estado da bateria em tempo real.<\/p>\n<p><img fetchpriority=\"high\" decoding=\"async\" class=\"alignnone size-medium wp-image-39615\" src=\"https:\/\/coelectrix.com\/wp-content\/uploads\/2022\/03\/bluetooth-olalitio-300x300.jpg\" alt=\"\" width=\"300\" height=\"300\" srcset=\"https:\/\/coelectrix.com\/wp-content\/uploads\/2022\/03\/bluetooth-olalitio-300x300.jpg 300w, https:\/\/coelectrix.com\/wp-content\/uploads\/2022\/03\/bluetooth-olalitio-150x150.jpg 150w, https:\/\/coelectrix.com\/wp-content\/uploads\/2022\/03\/bluetooth-olalitio-196x196.jpg 196w, https:\/\/coelectrix.com\/wp-content\/uploads\/2022\/03\/bluetooth-olalitio-416x416.jpg 416w, https:\/\/coelectrix.com\/wp-content\/uploads\/2022\/03\/bluetooth-olalitio-100x100.jpg 100w, https:\/\/coelectrix.com\/wp-content\/uploads\/2022\/03\/bluetooth-olalitio-64x64.jpg 64w, https:\/\/coelectrix.com\/wp-content\/uploads\/2022\/03\/bluetooth-olalitio.jpg 600w\" sizes=\"(max-width: 300px) 100vw, 300px\" \/><\/p>\n<h3><strong>A tecnologia de l\u00edtio (LiFePO4) mais segura<\/strong><\/h3>\n<p>Fosfato f\u00e9rrico de l\u00edtio sem risco de g\u00e1s, explos\u00e3o ou inc\u00eandio e sem manuten\u00e7\u00e3o.<\/p>\n<h3><strong>Corrente de descarga elevada<\/strong><\/h3>\n<p>Proporciona um elevado desempenho de descarga sem queda de tens\u00e3o, especialmente adequado para grandes consumos, como m\u00e1quinas de caf\u00e9 ou sistemas de ar condicionado.<br \/>\n<em>Bateria de servi\u00e7o n\u00e3o adequada para arranque.<\/em><\/p>\n<h3><strong>BMS (Sistema de gest\u00e3o da bateria)<\/strong><\/h3>\n<p>\u00c9 um sistema eletr\u00f3nico que pode controlar e carregar diferentes componentes da bateria. O BMS incorporado em cada bateria assegura que a bateria n\u00e3o \u00e9 manipulada incorretamente. A bateria desligar-se-\u00e1 em caso de subtens\u00e3o ou sobrecarga e ligar-se-\u00e1 automaticamente assim que o problema for resolvido.<\/p>\n<h4><strong>As fun\u00e7\u00f5es adicionais do BMS s\u00e3o:<\/strong><\/h4>\n<ul>\n<li>Proteger a bateria contra a subtens\u00e3o cortando a carga antecipadamente.<\/li>\n<li>Prote\u00e7\u00e3o da bateria contra a sobretens\u00e3o, reduzindo a corrente de carga ou interrompendo o processo de carga.<\/li>\n<li>Desligar o sistema em caso de sobreaquecimento. O carregamento da bateria p\u00e1ra a baixa temperatura.<\/li>\n<li><\/li>\n<\/ul>\n<p><a href=\"https:\/\/coelectrix.com\/wp-content\/uploads\/2024\/06\/OLA-12-200-M-Hoja-de-datos-Olalitio-Lihtium-Battery-12V200Ah-bajo-el-asiento-ES.pdf\" target=\"_blank\" rel=\"noopener\"><strong>DESCARREGAR A FICHA T\u00c9CNICA DA BATERIA DE 200AH<\/strong><\/a><\/p>\n<\/div>\n","protected":false},"excerpt":{"rendered":"<p><strong>Carater\u00edsticas principais:<\/strong><\/p>\n<ul>\n<li>Tecnologia de fosfato de ferro de l\u00edtio LiFePO4.<\/li>\n<li><span style=\"color: #ff0000;\">Encaixa-se perfeitamente no espa\u00e7o sob o assento do Fiat Ducato, Citro\u00ebn, Peugeot.<\/span><\/li>\n<li><span style=\"color: #ff0000;\">Pel\u00edcula de aquecimento integrada, que pode ser utilizada mesmo em temperaturas \u00e1rcticas t\u00e3o baixas como -35\u00b0C.<\/span><\/li>\n<li>C\u00e9lula de bateria presmatic classe A<\/li>\n<li><strong>Mais de 4000 ciclos de carga\/descarga garantidos<\/strong>. 8 a 10 vezes mais do que numa bateria de chumbo-\u00e1cido (AGM)<\/li>\n<li>BMS integrado com liga\u00e7\u00e3o sem fios Bluetooth 4.0.<\/li>\n<li><strong>Fabricante espanhol com sede em Sarago\u00e7a<\/strong>, servi\u00e7o t\u00e9cnico e garantia nacional.<\/li>\n<li>Garantia de 5 anos<\/li>\n<li>Dimens\u00f5es: 357 * 338 * 152mm<\/li>\n<li>Peso reduzido, apenas 23,7kg<\/li>\n<\/ul>\n<p><strong>Detalhes t\u00e9cnicos: <\/strong><\/p>\n<ul>\n<li><b>BMS<\/b>(Battery Management System): Incorporado.<\/li>\n<li>Comunica\u00e7\u00e3o Bluetooth 4.0 com a aplica\u00e7\u00e3o<\/li>\n<li>Capacidade nominal: 200Ah \/ 2560Wh<\/li>\n<li>N\u00famero de ciclos: &gt;6000 @ 80% D.o.D<\/li>\n<li>Peso: 21,5 kg<\/li>\n<li>Dimens\u00f5es (C x L x A) mm: 357*338*152mm<\/li>\n<li>Tens\u00e3o de carregamento: 14,6V<\/li>\n<li>Corrente de carga recomendada: 60A<\/li>\n<li>Corrente m\u00e1xima de carga: 100A<\/li>\n<li>Corrente m\u00e1xima de descarga: 150A<\/li>\n<li>Corrente m\u00e1xima de corte de descarga (5 ~ 15ms) 450A<\/li>\n<\/ul>\n","protected":false},"featured_media":74443,"template":"","meta":{"_acf_changed":false},"product_brand":[],"product_cat":[1346,1311,1261],"product_tag":[],"class_list":{"0":"post-74860","1":"product","2":"type-product","3":"status-publish","4":"has-post-thumbnail","6":"product_cat-baterias-agm-e-de-litio","7":"product_cat-olalitio-2","8":"product_cat-pilhas-de-litio-lifepo4","10":"first","11":"outofstock","12":"taxable","13":"shipping-taxable","14":"purchasable","15":"product-type-simple"},"acf":[],"yoast_head":"<!-- This site is optimized with the Yoast SEO plugin v27.2 - https:\/\/yoast.com\/product\/yoast-seo-wordpress\/ -->\n<title>Bateria LiFePO4 200Ah BMS-Bluetooth - Sob o assento% %<\/title>\n<meta name=\"description\" content=\"Bateria LiFePO4 200Ah com BMS integrado e liga\u00e7\u00e3o Bluetooth. Sob o assento\" \/>\n<meta name=\"robots\" content=\"index, follow, max-snippet:-1, max-image-preview:large, max-video-preview:-1\" \/>\n<link rel=\"canonical\" href=\"https:\/\/coelectrix.com\/pt-pt\/produto\/bateria-lifepo4-200ah-bms-bluetooth-under-seat-battery-heater\" \/>\n<meta property=\"og:locale\" content=\"pt_PT\" \/>\n<meta property=\"og:type\" content=\"article\" \/>\n<meta property=\"og:title\" content=\"Bateria LiFePO4 200Ah BMS-Bluetooth - Sob o assento% %\" \/>\n<meta property=\"og:description\" content=\"Bateria LiFePO4 200Ah com BMS integrado e liga\u00e7\u00e3o Bluetooth. Sob o assento\" \/>\n<meta property=\"og:url\" content=\"https:\/\/coelectrix.com\/pt-pt\/produto\/bateria-lifepo4-200ah-bms-bluetooth-under-seat-battery-heater\" \/>\n<meta property=\"og:site_name\" content=\"Coelectrix\" \/>\n<meta property=\"article:modified_time\" content=\"2025-08-19T04:00:47+00:00\" \/>\n<meta property=\"og:image\" content=\"https:\/\/coelectrix.com\/wp-content\/uploads\/2024\/01\/lifepo4-200ah-debajo-del-asiento.jpg\" \/>\n\t<meta property=\"og:image:width\" content=\"600\" \/>\n\t<meta property=\"og:image:height\" content=\"600\" \/>\n\t<meta property=\"og:image:type\" content=\"image\/jpeg\" \/>\n<meta name=\"twitter:card\" content=\"summary_large_image\" \/>\n<meta name=\"twitter:label1\" content=\"Tempo estimado de leitura\" \/>\n\t<meta name=\"twitter:data1\" content=\"2 minutos\" \/>\n<script type=\"application\/ld+json\" class=\"yoast-schema-graph\">{\"@context\":\"https:\/\/schema.org\",\"@graph\":[{\"@type\":\"WebPage\",\"@id\":\"https:\/\/coelectrix.com\/pt-pt\/produto\/bateria-lifepo4-200ah-bms-bluetooth-under-seat-battery-heater\",\"url\":\"https:\/\/coelectrix.com\/pt-pt\/produto\/bateria-lifepo4-200ah-bms-bluetooth-under-seat-battery-heater\",\"name\":\"Bateria LiFePO4 200Ah BMS-Bluetooth - Sob o assento% %\",\"isPartOf\":{\"@id\":\"https:\/\/coelectrix.com\/pt-pt\/#website\"},\"primaryImageOfPage\":{\"@id\":\"https:\/\/coelectrix.com\/pt-pt\/produto\/bateria-lifepo4-200ah-bms-bluetooth-under-seat-battery-heater#primaryimage\"},\"image\":{\"@id\":\"https:\/\/coelectrix.com\/pt-pt\/produto\/bateria-lifepo4-200ah-bms-bluetooth-under-seat-battery-heater#primaryimage\"},\"thumbnailUrl\":\"https:\/\/coelectrix.com\/wp-content\/uploads\/2024\/01\/lifepo4-200ah-debajo-del-asiento.jpg\",\"datePublished\":\"2024-01-06T09:10:45+00:00\",\"dateModified\":\"2025-08-19T04:00:47+00:00\",\"description\":\"Bateria LiFePO4 200Ah com BMS integrado e liga\u00e7\u00e3o Bluetooth. Sob o assento\",\"breadcrumb\":{\"@id\":\"https:\/\/coelectrix.com\/pt-pt\/produto\/bateria-lifepo4-200ah-bms-bluetooth-under-seat-battery-heater#breadcrumb\"},\"inLanguage\":\"pt-PT\",\"potentialAction\":[{\"@type\":\"ReadAction\",\"target\":[\"https:\/\/coelectrix.com\/pt-pt\/produto\/bateria-lifepo4-200ah-bms-bluetooth-under-seat-battery-heater\"]}]},{\"@type\":\"ImageObject\",\"inLanguage\":\"pt-PT\",\"@id\":\"https:\/\/coelectrix.com\/pt-pt\/produto\/bateria-lifepo4-200ah-bms-bluetooth-under-seat-battery-heater#primaryimage\",\"url\":\"https:\/\/coelectrix.com\/wp-content\/uploads\/2024\/01\/lifepo4-200ah-debajo-del-asiento.jpg\",\"contentUrl\":\"https:\/\/coelectrix.com\/wp-content\/uploads\/2024\/01\/lifepo4-200ah-debajo-del-asiento.jpg\",\"width\":600,\"height\":600,\"caption\":\"Bateria LIFEPO4 200Ah BMS e bluetooth sob o assento\"},{\"@type\":\"BreadcrumbList\",\"@id\":\"https:\/\/coelectrix.com\/pt-pt\/produto\/bateria-lifepo4-200ah-bms-bluetooth-under-seat-battery-heater#breadcrumb\",\"itemListElement\":[{\"@type\":\"ListItem\",\"position\":1,\"name\":\"Portada\",\"item\":\"https:\/\/coelectrix.com\/\"},{\"@type\":\"ListItem\",\"position\":2,\"name\":\"Loja\",\"item\":\"https:\/\/coelectrix.com\/pt-pt\/loja\"},{\"@type\":\"ListItem\",\"position\":3,\"name\":\"Bateria LiFePO4 200Ah BMS-Bluetooth &#8211; Sob o assento\"}]},{\"@type\":\"WebSite\",\"@id\":\"https:\/\/coelectrix.com\/pt-pt\/#website\",\"url\":\"https:\/\/coelectrix.com\/pt-pt\/\",\"name\":\"Coelectrix\",\"description\":\"Componentes el\u00e9ctricos\",\"publisher\":{\"@id\":\"https:\/\/coelectrix.com\/pt-pt\/#organization\"},\"potentialAction\":[{\"@type\":\"SearchAction\",\"target\":{\"@type\":\"EntryPoint\",\"urlTemplate\":\"https:\/\/coelectrix.com\/pt-pt\/?s={search_term_string}\"},\"query-input\":{\"@type\":\"PropertyValueSpecification\",\"valueRequired\":true,\"valueName\":\"search_term_string\"}}],\"inLanguage\":\"pt-PT\"},{\"@type\":\"Organization\",\"@id\":\"https:\/\/coelectrix.com\/pt-pt\/#organization\",\"name\":\"coelectrix.com\",\"url\":\"https:\/\/coelectrix.com\/pt-pt\/\",\"logo\":{\"@type\":\"ImageObject\",\"inLanguage\":\"pt-PT\",\"@id\":\"https:\/\/coelectrix.com\/pt-pt\/#\/schema\/logo\/image\/\",\"url\":\"https:\/\/coelectrix.com\/wp-content\/uploads\/2018\/05\/logo-coelectrix-400x400.jpg\",\"contentUrl\":\"https:\/\/coelectrix.com\/wp-content\/uploads\/2018\/05\/logo-coelectrix-400x400.jpg\",\"width\":300,\"height\":300,\"caption\":\"coelectrix.com\"},\"image\":{\"@id\":\"https:\/\/coelectrix.com\/pt-pt\/#\/schema\/logo\/image\/\"}}]}<\/script>\n<!-- \/ Yoast SEO plugin. -->","yoast_head_json":{"title":"Bateria LiFePO4 200Ah BMS-Bluetooth - Sob o assento% %","description":"Bateria LiFePO4 200Ah com BMS integrado e liga\u00e7\u00e3o Bluetooth. Sob o assento","robots":{"index":"index","follow":"follow","max-snippet":"max-snippet:-1","max-image-preview":"max-image-preview:large","max-video-preview":"max-video-preview:-1"},"canonical":"https:\/\/coelectrix.com\/pt-pt\/produto\/bateria-lifepo4-200ah-bms-bluetooth-under-seat-battery-heater","og_locale":"pt_PT","og_type":"article","og_title":"Bateria LiFePO4 200Ah BMS-Bluetooth - Sob o assento% %","og_description":"Bateria LiFePO4 200Ah com BMS integrado e liga\u00e7\u00e3o Bluetooth. Sob o assento","og_url":"https:\/\/coelectrix.com\/pt-pt\/produto\/bateria-lifepo4-200ah-bms-bluetooth-under-seat-battery-heater","og_site_name":"Coelectrix","article_modified_time":"2025-08-19T04:00:47+00:00","og_image":[{"width":600,"height":600,"url":"https:\/\/coelectrix.com\/wp-content\/uploads\/2024\/01\/lifepo4-200ah-debajo-del-asiento.jpg","type":"image\/jpeg"}],"twitter_card":"summary_large_image","twitter_misc":{"Tempo estimado de leitura":"2 minutos"},"schema":{"@context":"https:\/\/schema.org","@graph":[{"@type":"WebPage","@id":"https:\/\/coelectrix.com\/pt-pt\/produto\/bateria-lifepo4-200ah-bms-bluetooth-under-seat-battery-heater","url":"https:\/\/coelectrix.com\/pt-pt\/produto\/bateria-lifepo4-200ah-bms-bluetooth-under-seat-battery-heater","name":"Bateria LiFePO4 200Ah BMS-Bluetooth - Sob o assento% %","isPartOf":{"@id":"https:\/\/coelectrix.com\/pt-pt\/#website"},"primaryImageOfPage":{"@id":"https:\/\/coelectrix.com\/pt-pt\/produto\/bateria-lifepo4-200ah-bms-bluetooth-under-seat-battery-heater#primaryimage"},"image":{"@id":"https:\/\/coelectrix.com\/pt-pt\/produto\/bateria-lifepo4-200ah-bms-bluetooth-under-seat-battery-heater#primaryimage"},"thumbnailUrl":"https:\/\/coelectrix.com\/wp-content\/uploads\/2024\/01\/lifepo4-200ah-debajo-del-asiento.jpg","datePublished":"2024-01-06T09:10:45+00:00","dateModified":"2025-08-19T04:00:47+00:00","description":"Bateria LiFePO4 200Ah com BMS integrado e liga\u00e7\u00e3o Bluetooth. Sob o assento","breadcrumb":{"@id":"https:\/\/coelectrix.com\/pt-pt\/produto\/bateria-lifepo4-200ah-bms-bluetooth-under-seat-battery-heater#breadcrumb"},"inLanguage":"pt-PT","potentialAction":[{"@type":"ReadAction","target":["https:\/\/coelectrix.com\/pt-pt\/produto\/bateria-lifepo4-200ah-bms-bluetooth-under-seat-battery-heater"]}]},{"@type":"ImageObject","inLanguage":"pt-PT","@id":"https:\/\/coelectrix.com\/pt-pt\/produto\/bateria-lifepo4-200ah-bms-bluetooth-under-seat-battery-heater#primaryimage","url":"https:\/\/coelectrix.com\/wp-content\/uploads\/2024\/01\/lifepo4-200ah-debajo-del-asiento.jpg","contentUrl":"https:\/\/coelectrix.com\/wp-content\/uploads\/2024\/01\/lifepo4-200ah-debajo-del-asiento.jpg","width":600,"height":600,"caption":"Bateria LIFEPO4 200Ah BMS e bluetooth sob o assento"},{"@type":"BreadcrumbList","@id":"https:\/\/coelectrix.com\/pt-pt\/produto\/bateria-lifepo4-200ah-bms-bluetooth-under-seat-battery-heater#breadcrumb","itemListElement":[{"@type":"ListItem","position":1,"name":"Portada","item":"https:\/\/coelectrix.com\/"},{"@type":"ListItem","position":2,"name":"Loja","item":"https:\/\/coelectrix.com\/pt-pt\/loja"},{"@type":"ListItem","position":3,"name":"Bateria LiFePO4 200Ah BMS-Bluetooth &#8211; Sob o assento"}]},{"@type":"WebSite","@id":"https:\/\/coelectrix.com\/pt-pt\/#website","url":"https:\/\/coelectrix.com\/pt-pt\/","name":"Coelectrix","description":"Componentes el\u00e9ctricos","publisher":{"@id":"https:\/\/coelectrix.com\/pt-pt\/#organization"},"potentialAction":[{"@type":"SearchAction","target":{"@type":"EntryPoint","urlTemplate":"https:\/\/coelectrix.com\/pt-pt\/?s={search_term_string}"},"query-input":{"@type":"PropertyValueSpecification","valueRequired":true,"valueName":"search_term_string"}}],"inLanguage":"pt-PT"},{"@type":"Organization","@id":"https:\/\/coelectrix.com\/pt-pt\/#organization","name":"coelectrix.com","url":"https:\/\/coelectrix.com\/pt-pt\/","logo":{"@type":"ImageObject","inLanguage":"pt-PT","@id":"https:\/\/coelectrix.com\/pt-pt\/#\/schema\/logo\/image\/","url":"https:\/\/coelectrix.com\/wp-content\/uploads\/2018\/05\/logo-coelectrix-400x400.jpg","contentUrl":"https:\/\/coelectrix.com\/wp-content\/uploads\/2018\/05\/logo-coelectrix-400x400.jpg","width":300,"height":300,"caption":"coelectrix.com"},"image":{"@id":"https:\/\/coelectrix.com\/pt-pt\/#\/schema\/logo\/image\/"}}]}},"_links":{"self":[{"href":"https:\/\/coelectrix.com\/pt-pt\/wp-json\/wp\/v2\/product\/74860","targetHints":{"allow":["GET"]}}],"collection":[{"href":"https:\/\/coelectrix.com\/pt-pt\/wp-json\/wp\/v2\/product"}],"about":[{"href":"https:\/\/coelectrix.com\/pt-pt\/wp-json\/wp\/v2\/types\/product"}],"version-history":[{"count":1,"href":"https:\/\/coelectrix.com\/pt-pt\/wp-json\/wp\/v2\/product\/74860\/revisions"}],"predecessor-version":[{"id":75294,"href":"https:\/\/coelectrix.com\/pt-pt\/wp-json\/wp\/v2\/product\/74860\/revisions\/75294"}],"wp:featuredmedia":[{"embeddable":true,"href":"https:\/\/coelectrix.com\/pt-pt\/wp-json\/wp\/v2\/media\/74443"}],"wp:attachment":[{"href":"https:\/\/coelectrix.com\/pt-pt\/wp-json\/wp\/v2\/media?parent=74860"}],"wp:term":[{"taxonomy":"product_brand","embeddable":true,"href":"https:\/\/coelectrix.com\/pt-pt\/wp-json\/wp\/v2\/product_brand?post=74860"},{"taxonomy":"product_cat","embeddable":true,"href":"https:\/\/coelectrix.com\/pt-pt\/wp-json\/wp\/v2\/product_cat?post=74860"},{"taxonomy":"product_tag","embeddable":true,"href":"https:\/\/coelectrix.com\/pt-pt\/wp-json\/wp\/v2\/product_tag?post=74860"}],"curies":[{"name":"wp","href":"https:\/\/api.w.org\/{rel}","templated":true}]}}