{"id":74863,"date":"2023-04-01T11:31:58","date_gmt":"2023-04-01T09:31:58","guid":{"rendered":"https:\/\/coelectrix.com\/producto\/pequeno-controlador-de-bateria-bms-victron-energy-lifepo4"},"modified":"2025-08-19T06:01:57","modified_gmt":"2025-08-19T04:01:57","slug":"pequeno-controlador-de-bateria-bms-victron-energy-lifepo4","status":"publish","type":"product","link":"https:\/\/coelectrix.com\/pt-pt\/produto\/pequeno-bms-victron-controlador-de-energia-baterias-lifepo4","title":{"rendered":"Pequeno controlador de bateria BMS Victron Energy lifepo4"},"content":{"rendered":"<h2><strong>SMALL BMS Victron Energy<\/strong><\/h2>\n<div>O smallBMS destina-se a ser utilizado com baterias Victron Smart LiFePo4 com conectores circulares M8.<\/div>\n<div>O smallBMS tem tr\u00eas sa\u00eddas, semelhantes \u00e0s do VE.Bus BMS.<\/div>\n<div><\/div>\n<h3><strong>Sa\u00edda de desconex\u00e3o de carga<\/strong><\/h3>\n<div>A sa\u00edda de carga \u00e9 normalmente alta e torna-se flutuante em caso de subtens\u00e3o da c\u00e9lula (predefini\u00e7\u00e3o 2,8 V\/c\u00e9lula, ajust\u00e1vel na bateria entre 2,6 V e 2,8 V por c\u00e9lula). Corrente m\u00e1xima: 1A. A sa\u00edda de carga<\/div>\n<div>n\u00e3o est\u00e1 protegida contra curto-circuitos.<\/div>\n<div>A sa\u00edda de carga pode ser utilizada para controlar:<\/div>\n<div>&#8211; Um rel\u00e9 ou contactor de alta corrente.<\/div>\n<div>&#8211; A entrada remota on\/off de um Battery Protect, inversor ou conversor DC-DC ou outras cargas (pode ser necess\u00e1rio um cabo on\/off n\u00e3o inversor ou inversor, ver manual detalhado no nosso s\u00edtio Web).<\/div>\n<div><\/div>\n<h3><strong>Sa\u00edda de pr\u00e9-alarme<\/strong><\/h3>\n<div>A sa\u00edda de pr\u00e9-alarme \u00e9 normalmente flutuante e fica alta em caso de subtens\u00e3o iminente da c\u00e9lula (por defeito 3,1V\/c\u00e9lula, ajust\u00e1vel na bateria entre 2,85V e 3,15V por c\u00e9lula). Corrente m\u00e1xima: 1A (sem prote\u00e7\u00e3o contra curto-circuito).<\/div>\n<div>O atraso m\u00ednimo entre o pr\u00e9-alarme e a desconex\u00e3o da carga \u00e9 de 30 segundos.<\/div>\n<div><\/div>\n<h3><strong>Sa\u00edda de desconex\u00e3o da carga<\/strong><\/h3>\n<div>A sa\u00edda do carregador \u00e9 normalmente alta e torna-se flutuante em caso de sobretens\u00e3o ou sobretemperatura iminente da c\u00e9lula.<\/div>\n<div>ou sobretemperatura. Corrente m\u00e1xima: 10mA.<\/div>\n<div>A sa\u00edda do carregador n\u00e3o \u00e9 adequada para alimentar uma carga indutiva, como uma bobina de rel\u00e9.<\/div>\n<div>A sa\u00edda do carregador pode ser utilizada para controlar:<\/div>\n<div>&#8211; A liga\u00e7\u00e3o\/desligamento remoto de um carregador.<\/div>\n<div>&#8211; Um rel\u00e9 Cyrix-Li-Charge<\/div>\n<div>&#8211; Um combinador de baterias Cyrix-Li-ct<\/div>\n<div><\/div>\n<h3><strong>Entrada On\/Off do sistema<\/strong><\/h3>\n<div>A entrada On\/Off do sistema controla ambas as sa\u00eddas. Quando desligada, ambas as sa\u00eddas est\u00e3o livres para que as cargas e os carregadores estejam desligados.<\/div>\n<div>A entrada de sistema ligado\/desligado \u00e9 constitu\u00edda por dois terminais: Remoto L e Remoto H.<\/div>\n<div>Entre L e H pode ser ligado um interrutor de ligar\/desligar remoto ou um contacto de rel\u00e9.<\/div>\n<div>Em alternativa, o terminal H pode ser comutado para bateria mais, ou o terminal L pode ser comutado para bateria<\/div>\n<div>menos.<\/div>\n<div><\/div>\n<div>Protege sistemas de 12V, 24V e 48V.<\/div>\n<div>Gama de tens\u00f5es de funcionamento: 8 a 70V DC.<\/div>\n<div><\/div>\n<div>Indicadores LED<\/div>\n<div>&#8211; Charge ON (azul): Sa\u00edda de carga elevada (tens\u00e3o da c\u00e9lula &gt;2,8V, ajust\u00e1vel na bateria).<\/div>\n<div>&#8211; Temp ou OVP (vermelho): Sa\u00edda do carregador livre (devido a sobreaquecimento da c\u00e9lula (&gt;50 \u00b0C), temperatura da c\u00e9lula<\/div>\n<div>temperatura da pilha (&lt;5 \u00b0C) ou sobretens\u00e3o da pilha.<\/div>\n<div><\/div>\n<div>\n<div id=\"tech-chars-title\" class=\"tiwm5ii mgz-element mgz-child mgz-element-text title-text\">\n<div class=\"mgz-element-inner tiwm5ii-s\">\n<h3><strong>Carater\u00edsticas t\u00e9cnicas<\/strong><\/h3>\n<\/div>\n<\/div>\n<div id=\"tech-chars-attribute\" class=\"m1jemsj mgz-element mgz-child mgz-element-product_attribute content-text\">\n<div class=\"mgz-element-inner m1jemsj-s\">\n<div class=\"ppbd-product-attribute\">\n<div><strong>GERAL<\/strong><\/div>\n<div>Temperatura de funcionamento -20 a +50\u00b0C 0 &#8211; 120\u00b0F<\/div>\n<div>Humidade M\u00e1x. 95% (sem condensa\u00e7\u00e3o)<\/div>\n<div>Grau de prote\u00e7\u00e3o IP20<\/div>\n<div><\/div>\n<div><strong>CAPA<\/strong><\/div>\n<div>Material e cor ABS, preto mate<\/div>\n<div>Peso 0,1 kg<\/div>\n<div>Dimens\u00f5es (h x w x d) 106 x 42 x 42 x 23mm<\/div>\n<div><\/div>\n<div><strong>NORMAS<\/strong><\/div>\n<div>Normas: Seguran\u00e7a EN 60950<\/div>\n<div> Emiss\u00e3o EN 61000-6-3, EN 55014-1<\/div>\n<div> Imunidade EN 61000-6-2, EN 61000-6-1, EN 55014-2<\/div>\n<div> Regulamento autom\u00f3vel UN\/ECE-R10 Rev.4<\/div>\n<\/div>\n<\/div>\n<\/div>\n<\/div>\n<div><\/div>\n","protected":false},"excerpt":{"rendered":"<p>O <strong>sistema de monitoriza\u00e7\u00e3o de baterias Mini BMS com pr\u00e9-alarme<\/strong> \u00e9 uma alternativa simples e de baixo custo que pode substituir o EV. Bus BMS.<\/p>\n<div>O pequeno BMS destina-se a ser utilizado com baterias Victron Smart LiFePo4 com conectores circulares M8, tem tr\u00eas sa\u00eddas, semelhantes \u00e0s do VE.Bus BMS.<\/div>\n<div>Ideal para baterias Victron Smart LiFePo4.<\/div>\n","protected":false},"featured_media":74142,"template":"","meta":{"_acf_changed":false},"product_brand":[],"product_cat":[1346,1261,1320,1338],"product_tag":[1445],"class_list":{"0":"post-74863","1":"product","2":"type-product","3":"status-publish","4":"has-post-thumbnail","6":"product_cat-baterias-agm-e-de-litio","7":"product_cat-pilhas-de-litio-lifepo4","8":"product_cat-protectores-de-bateria-protectores-de-bateria","9":"product_cat-victron-energia","10":"product_tag-victron-pt","12":"first","13":"instock","14":"taxable","15":"shipping-taxable","16":"purchasable","17":"product-type-simple"},"acf":[],"yoast_head":"<!-- This site is optimized with the Yoast SEO plugin v27.2 - https:\/\/yoast.com\/product\/yoast-seo-wordpress\/ -->\n<title>\u25b7 Controlador de bateria BMS pequeno Victron Energy Lifepo4<\/title>\n<meta name=\"description\" content=\"SMALL BMS Victron Energy battery controller lifepo4 | Envio em 24\/48 horas | Loja online l\u00edder em eletr\u00f3nica autom\u00f3vel \u27a4 Melhor pre\u00e7o online.\" \/>\n<meta name=\"robots\" content=\"index, follow, max-snippet:-1, max-image-preview:large, max-video-preview:-1\" \/>\n<link rel=\"canonical\" href=\"https:\/\/coelectrix.com\/pt-pt\/produto\/pequeno-bms-victron-controlador-de-energia-baterias-lifepo4\" \/>\n<meta property=\"og:locale\" content=\"pt_PT\" \/>\n<meta property=\"og:type\" content=\"article\" \/>\n<meta property=\"og:title\" content=\"\u25b7 Controlador de bateria BMS pequeno Victron Energy Lifepo4\" \/>\n<meta property=\"og:description\" content=\"SMALL BMS Victron Energy battery controller lifepo4 | Envio em 24\/48 horas | Loja online l\u00edder em eletr\u00f3nica autom\u00f3vel \u27a4 Melhor pre\u00e7o online.\" \/>\n<meta property=\"og:url\" content=\"https:\/\/coelectrix.com\/pt-pt\/produto\/pequeno-bms-victron-controlador-de-energia-baterias-lifepo4\" \/>\n<meta property=\"og:site_name\" content=\"Coelectrix\" \/>\n<meta property=\"article:modified_time\" content=\"2025-08-19T04:01:57+00:00\" \/>\n<meta property=\"og:image\" content=\"https:\/\/coelectrix.com\/wp-content\/uploads\/2023\/04\/small-bms-victron-energy.jpg\" \/>\n\t<meta property=\"og:image:width\" content=\"600\" \/>\n\t<meta property=\"og:image:height\" content=\"600\" \/>\n\t<meta property=\"og:image:type\" content=\"image\/jpeg\" \/>\n<meta name=\"twitter:card\" content=\"summary_large_image\" \/>\n<meta name=\"twitter:label1\" content=\"Tempo estimado de leitura\" \/>\n\t<meta name=\"twitter:data1\" content=\"3 minutos\" \/>\n<script type=\"application\/ld+json\" class=\"yoast-schema-graph\">{\"@context\":\"https:\/\/schema.org\",\"@graph\":[{\"@type\":\"WebPage\",\"@id\":\"https:\/\/coelectrix.com\/pt-pt\/produto\/pequeno-bms-victron-controlador-de-energia-baterias-lifepo4\",\"url\":\"https:\/\/coelectrix.com\/pt-pt\/produto\/pequeno-bms-victron-controlador-de-energia-baterias-lifepo4\",\"name\":\"\u25b7 Controlador de bateria BMS pequeno Victron Energy Lifepo4\",\"isPartOf\":{\"@id\":\"https:\/\/coelectrix.com\/pt-pt\/#website\"},\"primaryImageOfPage\":{\"@id\":\"https:\/\/coelectrix.com\/pt-pt\/produto\/pequeno-bms-victron-controlador-de-energia-baterias-lifepo4#primaryimage\"},\"image\":{\"@id\":\"https:\/\/coelectrix.com\/pt-pt\/produto\/pequeno-bms-victron-controlador-de-energia-baterias-lifepo4#primaryimage\"},\"thumbnailUrl\":\"https:\/\/coelectrix.com\/wp-content\/uploads\/2023\/04\/small-bms-victron-energy.jpg\",\"datePublished\":\"2023-04-01T09:31:58+00:00\",\"dateModified\":\"2025-08-19T04:01:57+00:00\",\"description\":\"SMALL BMS Victron Energy battery controller lifepo4 | Envio em 24\/48 horas | Loja online l\u00edder em eletr\u00f3nica autom\u00f3vel \u27a4 Melhor pre\u00e7o online.\",\"breadcrumb\":{\"@id\":\"https:\/\/coelectrix.com\/pt-pt\/produto\/pequeno-bms-victron-controlador-de-energia-baterias-lifepo4#breadcrumb\"},\"inLanguage\":\"pt-PT\",\"potentialAction\":[{\"@type\":\"ReadAction\",\"target\":[\"https:\/\/coelectrix.com\/pt-pt\/produto\/pequeno-bms-victron-controlador-de-energia-baterias-lifepo4\"]}]},{\"@type\":\"ImageObject\",\"inLanguage\":\"pt-PT\",\"@id\":\"https:\/\/coelectrix.com\/pt-pt\/produto\/pequeno-bms-victron-controlador-de-energia-baterias-lifepo4#primaryimage\",\"url\":\"https:\/\/coelectrix.com\/wp-content\/uploads\/2023\/04\/small-bms-victron-energy.jpg\",\"contentUrl\":\"https:\/\/coelectrix.com\/wp-content\/uploads\/2023\/04\/small-bms-victron-energy.jpg\",\"width\":600,\"height\":600,\"caption\":\"comprar pequeno bms victron energy sistema de monitoriza\u00e7\u00e3o de baterias Mini BMS com pr\u00e9-alarme\"},{\"@type\":\"BreadcrumbList\",\"@id\":\"https:\/\/coelectrix.com\/pt-pt\/produto\/pequeno-bms-victron-controlador-de-energia-baterias-lifepo4#breadcrumb\",\"itemListElement\":[{\"@type\":\"ListItem\",\"position\":1,\"name\":\"Portada\",\"item\":\"https:\/\/coelectrix.com\/\"},{\"@type\":\"ListItem\",\"position\":2,\"name\":\"Loja\",\"item\":\"https:\/\/coelectrix.com\/pt-pt\/loja\"},{\"@type\":\"ListItem\",\"position\":3,\"name\":\"Pequeno controlador de bateria BMS Victron Energy lifepo4\"}]},{\"@type\":\"WebSite\",\"@id\":\"https:\/\/coelectrix.com\/pt-pt\/#website\",\"url\":\"https:\/\/coelectrix.com\/pt-pt\/\",\"name\":\"Coelectrix\",\"description\":\"Componentes el\u00e9ctricos\",\"publisher\":{\"@id\":\"https:\/\/coelectrix.com\/pt-pt\/#organization\"},\"potentialAction\":[{\"@type\":\"SearchAction\",\"target\":{\"@type\":\"EntryPoint\",\"urlTemplate\":\"https:\/\/coelectrix.com\/pt-pt\/?s={search_term_string}\"},\"query-input\":{\"@type\":\"PropertyValueSpecification\",\"valueRequired\":true,\"valueName\":\"search_term_string\"}}],\"inLanguage\":\"pt-PT\"},{\"@type\":\"Organization\",\"@id\":\"https:\/\/coelectrix.com\/pt-pt\/#organization\",\"name\":\"coelectrix.com\",\"url\":\"https:\/\/coelectrix.com\/pt-pt\/\",\"logo\":{\"@type\":\"ImageObject\",\"inLanguage\":\"pt-PT\",\"@id\":\"https:\/\/coelectrix.com\/pt-pt\/#\/schema\/logo\/image\/\",\"url\":\"https:\/\/coelectrix.com\/wp-content\/uploads\/2018\/05\/logo-coelectrix-400x400.jpg\",\"contentUrl\":\"https:\/\/coelectrix.com\/wp-content\/uploads\/2018\/05\/logo-coelectrix-400x400.jpg\",\"width\":300,\"height\":300,\"caption\":\"coelectrix.com\"},\"image\":{\"@id\":\"https:\/\/coelectrix.com\/pt-pt\/#\/schema\/logo\/image\/\"}}]}<\/script>\n<!-- \/ Yoast SEO plugin. -->","yoast_head_json":{"title":"\u25b7 Controlador de bateria BMS pequeno Victron Energy Lifepo4","description":"SMALL BMS Victron Energy battery controller lifepo4 | Envio em 24\/48 horas | Loja online l\u00edder em eletr\u00f3nica autom\u00f3vel \u27a4 Melhor pre\u00e7o online.","robots":{"index":"index","follow":"follow","max-snippet":"max-snippet:-1","max-image-preview":"max-image-preview:large","max-video-preview":"max-video-preview:-1"},"canonical":"https:\/\/coelectrix.com\/pt-pt\/produto\/pequeno-bms-victron-controlador-de-energia-baterias-lifepo4","og_locale":"pt_PT","og_type":"article","og_title":"\u25b7 Controlador de bateria BMS pequeno Victron Energy Lifepo4","og_description":"SMALL BMS Victron Energy battery controller lifepo4 | Envio em 24\/48 horas | Loja online l\u00edder em eletr\u00f3nica autom\u00f3vel \u27a4 Melhor pre\u00e7o online.","og_url":"https:\/\/coelectrix.com\/pt-pt\/produto\/pequeno-bms-victron-controlador-de-energia-baterias-lifepo4","og_site_name":"Coelectrix","article_modified_time":"2025-08-19T04:01:57+00:00","og_image":[{"width":600,"height":600,"url":"https:\/\/coelectrix.com\/wp-content\/uploads\/2023\/04\/small-bms-victron-energy.jpg","type":"image\/jpeg"}],"twitter_card":"summary_large_image","twitter_misc":{"Tempo estimado de leitura":"3 minutos"},"schema":{"@context":"https:\/\/schema.org","@graph":[{"@type":"WebPage","@id":"https:\/\/coelectrix.com\/pt-pt\/produto\/pequeno-bms-victron-controlador-de-energia-baterias-lifepo4","url":"https:\/\/coelectrix.com\/pt-pt\/produto\/pequeno-bms-victron-controlador-de-energia-baterias-lifepo4","name":"\u25b7 Controlador de bateria BMS pequeno Victron Energy Lifepo4","isPartOf":{"@id":"https:\/\/coelectrix.com\/pt-pt\/#website"},"primaryImageOfPage":{"@id":"https:\/\/coelectrix.com\/pt-pt\/produto\/pequeno-bms-victron-controlador-de-energia-baterias-lifepo4#primaryimage"},"image":{"@id":"https:\/\/coelectrix.com\/pt-pt\/produto\/pequeno-bms-victron-controlador-de-energia-baterias-lifepo4#primaryimage"},"thumbnailUrl":"https:\/\/coelectrix.com\/wp-content\/uploads\/2023\/04\/small-bms-victron-energy.jpg","datePublished":"2023-04-01T09:31:58+00:00","dateModified":"2025-08-19T04:01:57+00:00","description":"SMALL BMS Victron Energy battery controller lifepo4 | Envio em 24\/48 horas | Loja online l\u00edder em eletr\u00f3nica autom\u00f3vel \u27a4 Melhor pre\u00e7o online.","breadcrumb":{"@id":"https:\/\/coelectrix.com\/pt-pt\/produto\/pequeno-bms-victron-controlador-de-energia-baterias-lifepo4#breadcrumb"},"inLanguage":"pt-PT","potentialAction":[{"@type":"ReadAction","target":["https:\/\/coelectrix.com\/pt-pt\/produto\/pequeno-bms-victron-controlador-de-energia-baterias-lifepo4"]}]},{"@type":"ImageObject","inLanguage":"pt-PT","@id":"https:\/\/coelectrix.com\/pt-pt\/produto\/pequeno-bms-victron-controlador-de-energia-baterias-lifepo4#primaryimage","url":"https:\/\/coelectrix.com\/wp-content\/uploads\/2023\/04\/small-bms-victron-energy.jpg","contentUrl":"https:\/\/coelectrix.com\/wp-content\/uploads\/2023\/04\/small-bms-victron-energy.jpg","width":600,"height":600,"caption":"comprar pequeno bms victron energy sistema de monitoriza\u00e7\u00e3o de baterias Mini BMS com pr\u00e9-alarme"},{"@type":"BreadcrumbList","@id":"https:\/\/coelectrix.com\/pt-pt\/produto\/pequeno-bms-victron-controlador-de-energia-baterias-lifepo4#breadcrumb","itemListElement":[{"@type":"ListItem","position":1,"name":"Portada","item":"https:\/\/coelectrix.com\/"},{"@type":"ListItem","position":2,"name":"Loja","item":"https:\/\/coelectrix.com\/pt-pt\/loja"},{"@type":"ListItem","position":3,"name":"Pequeno controlador de bateria BMS Victron Energy lifepo4"}]},{"@type":"WebSite","@id":"https:\/\/coelectrix.com\/pt-pt\/#website","url":"https:\/\/coelectrix.com\/pt-pt\/","name":"Coelectrix","description":"Componentes el\u00e9ctricos","publisher":{"@id":"https:\/\/coelectrix.com\/pt-pt\/#organization"},"potentialAction":[{"@type":"SearchAction","target":{"@type":"EntryPoint","urlTemplate":"https:\/\/coelectrix.com\/pt-pt\/?s={search_term_string}"},"query-input":{"@type":"PropertyValueSpecification","valueRequired":true,"valueName":"search_term_string"}}],"inLanguage":"pt-PT"},{"@type":"Organization","@id":"https:\/\/coelectrix.com\/pt-pt\/#organization","name":"coelectrix.com","url":"https:\/\/coelectrix.com\/pt-pt\/","logo":{"@type":"ImageObject","inLanguage":"pt-PT","@id":"https:\/\/coelectrix.com\/pt-pt\/#\/schema\/logo\/image\/","url":"https:\/\/coelectrix.com\/wp-content\/uploads\/2018\/05\/logo-coelectrix-400x400.jpg","contentUrl":"https:\/\/coelectrix.com\/wp-content\/uploads\/2018\/05\/logo-coelectrix-400x400.jpg","width":300,"height":300,"caption":"coelectrix.com"},"image":{"@id":"https:\/\/coelectrix.com\/pt-pt\/#\/schema\/logo\/image\/"}}]}},"_links":{"self":[{"href":"https:\/\/coelectrix.com\/pt-pt\/wp-json\/wp\/v2\/product\/74863","targetHints":{"allow":["GET"]}}],"collection":[{"href":"https:\/\/coelectrix.com\/pt-pt\/wp-json\/wp\/v2\/product"}],"about":[{"href":"https:\/\/coelectrix.com\/pt-pt\/wp-json\/wp\/v2\/types\/product"}],"version-history":[{"count":1,"href":"https:\/\/coelectrix.com\/pt-pt\/wp-json\/wp\/v2\/product\/74863\/revisions"}],"predecessor-version":[{"id":75323,"href":"https:\/\/coelectrix.com\/pt-pt\/wp-json\/wp\/v2\/product\/74863\/revisions\/75323"}],"wp:featuredmedia":[{"embeddable":true,"href":"https:\/\/coelectrix.com\/pt-pt\/wp-json\/wp\/v2\/media\/74142"}],"wp:attachment":[{"href":"https:\/\/coelectrix.com\/pt-pt\/wp-json\/wp\/v2\/media?parent=74863"}],"wp:term":[{"taxonomy":"product_brand","embeddable":true,"href":"https:\/\/coelectrix.com\/pt-pt\/wp-json\/wp\/v2\/product_brand?post=74863"},{"taxonomy":"product_cat","embeddable":true,"href":"https:\/\/coelectrix.com\/pt-pt\/wp-json\/wp\/v2\/product_cat?post=74863"},{"taxonomy":"product_tag","embeddable":true,"href":"https:\/\/coelectrix.com\/pt-pt\/wp-json\/wp\/v2\/product_tag?post=74863"}],"curies":[{"name":"wp","href":"https:\/\/api.w.org\/{rel}","templated":true}]}}