{"id":74865,"date":"2020-05-17T19:19:18","date_gmt":"2020-05-17T17:19:18","guid":{"rendered":"https:\/\/coelectrix.com\/producto\/bateria-de-litio-victron-energy-superpack-128v-100ah-1280wh"},"modified":"2025-08-19T06:04:11","modified_gmt":"2025-08-19T04:04:11","slug":"bateria-de-litio-victron-energy-superpack-128v-100ah-1280wh","status":"publish","type":"product","link":"https:\/\/coelectrix.com\/pt-pt\/produto\/victron-bateria-de-litio-energia-superpack-128v-100ah-1280wh","title":{"rendered":"Bateria de l\u00edtio Victron Energy SuperPack 12,8V 100Ah 1280Wh"},"content":{"rendered":"<h2>Comprar Bateria de l\u00edtio Victron Energy SuperPack 12,8V 100Ah 1280Wh<\/h2>\n<h3><strong>BMS integrado e interrutor de seguran\u00e7a<\/strong><\/h3>\n<p>As baterias SuperPack s\u00e3o muito f\u00e1ceis de instalar e n\u00e3o requerem componentes adicionais.<br \/>\nO interrutor interno desliga a bateria em caso de descarga excessiva, sobrecarga ou temperatura demasiado elevada.<\/p>\n<p><img decoding=\"async\" src=\"https:\/\/www.teknosolar.com\/wp-content\/uploads\/2019\/01\/litiosuperpackvictron.jpg\" \/><\/p>\n<h3><strong>\u00c0 prova de abusos<\/strong><\/h3>\n<p>Uma pilha de chumbo-\u00e1cido falha prematuramente devido \u00e0 sulfata\u00e7\u00e3o:<\/p>\n<p>&#8211; se for utilizada em modo de d\u00e9fice durante longos per\u00edodos de tempo (ou seja, se a bateria for raramente ou nunca totalmente<br \/>\ncarregada).<\/p>\n<p>&#8211; se for deixada parcialmente descarregada ou, pior ainda, completamente descarregada.<\/p>\n<p>Uma bateria de i\u00f5es de l\u00edtio n\u00e3o precisa de ser totalmente carregada. A sua vida \u00fatil ser\u00e1 mesmo melhorada se for carregada parcialmente, em vez de totalmente. Esta \u00e9 uma vantagem decisiva das baterias de i\u00f5es de l\u00edtio em rela\u00e7\u00e3o \u00e0s baterias de chumbo-\u00e1cido.<\/p>\n<p>As baterias SuperPack cortam a corrente de carga ou descarga quando a capacidade nominal m\u00e1xima \u00e9 excedida.<\/p>\n<h3><strong>Eficiente<\/strong><\/h3>\n<p>Em algumas aplica\u00e7\u00f5es (especialmente fora da rede), a efici\u00eancia energ\u00e9tica pode ser de import\u00e2ncia crucial.<\/p>\n<p>A efici\u00eancia energ\u00e9tica do ciclo completo (descarga de 100% para 0% e recarga para 100%) de uma bateria de chumbo-\u00e1cido t\u00edpica \u00e9 de 80%.<\/p>\n<p>A efici\u00eancia de ciclo completo de uma bateria de i\u00f5es de l\u00edtio \u00e9 de 92%.<\/p>\n<p>O processo de carregamento das baterias de chumbo-\u00e1cido torna-se particularmente ineficiente quando se atinge o estado de carga de 80%, resultando em efici\u00eancias de 50% ou mesmo inferiores em sistemas solares em que s\u00e3o necess\u00e1rios v\u00e1rios dias de reservas de energia (baterias a funcionar entre 70% e 100% de carga).<\/p>\n<p>Em contrapartida, uma bateria de i\u00f5es de l\u00edtio atinge ainda uma efici\u00eancia de 90% em condi\u00e7\u00f5es de descarga moderadas.<\/p>\n<h3><strong>Pode ser ligada em paralelo<\/strong><\/h3>\n<p>As baterias podem ser ligadas em paralelo sem limite. A liga\u00e7\u00e3o em s\u00e9rie n\u00e3o \u00e9 poss\u00edvel.<\/p>\n<p>Utilizar apenas na posi\u00e7\u00e3o vertical.<\/p>\n<p>Pode ler aqui o que dissemos no blogue sobre <a href=\"http:\/\/Bater\u00eda de Litio para Autocaravana y Camper\"><em>Bateria de l\u00edtio para autocaravanas e campervans<\/em><\/a><\/p>\n<h3><strong>Carater\u00edsticas t\u00e9cnicas:<\/strong><\/h3>\n<p>SuperPack de L\u00edtio LSP 12,8\/100ah<br \/>\nQu\u00edmica LiFePO4<br \/>\nTens\u00e3o nominal 12,8 V<br \/>\nCapacidade nominal a 25\u00b0C 100 Ah<br \/>\nEnergia nominal a 25\u00b0C 1280 Wh<br \/>\nN\u00famero de ciclos a 80% DoD e 25\u00b0C 2500 ciclos<\/p>\n<h3><strong>CARGA E DESCARGA<\/strong><\/h3>\n<p>Corrente m\u00e1xima de descarga cont\u00ednua 50 A<br \/>\nCorrente de descarga m\u00e1xima (10 segundos) 100 A<br \/>\nTens\u00e3o final de descarga 10 V<br \/>\nTens\u00e3o de carga, absor\u00e7\u00e3o** 14,2 V &#8211; 14,4 V T<br \/>\nTens\u00e3o de carga, flutuante** 13,5 V<br \/>\nCorrente m\u00e1xima de carga cont\u00ednua 50 A<\/p>\n<h3><strong>CONDI\u00c7\u00d5ES DE FUNCIONAMENTO<\/strong><\/h3>\n<p>Configura\u00e7\u00e3o em paralelo Sim, sem limita\u00e7\u00f5es<br \/>\nConfigura\u00e7\u00e3o em s\u00e9rie N\u00e3o<br \/>\nTemperatura de funcionamento Descarga: -10\u00b0C a +50\u00b0C<br \/>\nCarga: Entre +5\u00b0C e +45\u00b0C<br \/>\nTemperatura de armazenamento Entre -40\u00b0C e +65\u00b0C<br \/>\nPer\u00edodo m\u00e1ximo de armazenamento com carga completa 1 ano \u2264 25\u00b0C 3 meses \u2264 40\u00b0C<br \/>\nHumidade (sem condensa\u00e7\u00e3o) M\u00e1x. 95% M\u00e1x. 95%<br \/>\nClasse de prote\u00e7\u00e3o IP 43<\/p>\n<h3><strong>OUTROS<\/strong><\/h3>\n<p>Liga\u00e7\u00e3o el\u00e9ctrica (inser\u00e7\u00f5es roscadas) M8<\/p>\n<p>Dimens\u00f5es (A x L x P) mm 330 x 171 x 235<\/p>\n<p>Peso: 15 kg<\/p>\n","protected":false},"excerpt":{"rendered":"<p>Bateria de l\u00edtio Victron Energy SuperPack 12,8V 100Ah 1280Wh<\/p>\n<p>As baterias SuperPack s\u00e3o muito f\u00e1ceis de instalar e n\u00e3o requerem componentes adicionais.<br \/>\nO interrutor interno desligar\u00e1 a bateria em caso de descarga excessiva, sobrecarga ou temperatura demasiado elevada.<\/p>\n<p>SuperPack de l\u00edtio LSP 12.8\/100ah<br \/>\nQu\u00edmica LiFePO4<br \/>\nTens\u00e3o nominal 12,8 V<br \/>\nCapacidade nominal a 25\u00b0C 100 Ah<br \/>\nEnergia nominal a 25\u00b0C 1280 Wh<br \/>\nN\u00famero de ciclos a 80% DoD e 25\u00b0C 2500 ciclos<br \/>\n<span style=\"color: #008000; font-size: 1.618em; margin-top: 15px;\"><strong>ENTREGA EM 48\/72h<\/strong><\/span><\/p>\n","protected":false},"featured_media":73310,"template":"","meta":{"_acf_changed":false},"product_brand":[],"product_cat":[1346,1261,1338],"product_tag":[1445],"class_list":{"0":"post-74865","1":"product","2":"type-product","3":"status-publish","4":"has-post-thumbnail","6":"product_cat-baterias-agm-e-de-litio","7":"product_cat-pilhas-de-litio-lifepo4","8":"product_cat-victron-energia","9":"product_tag-victron-pt","10":"product_shipping_class-baterias","12":"first","13":"onbackorder","14":"taxable","15":"shipping-taxable","16":"purchasable","17":"product-type-simple"},"acf":[],"yoast_head":"<!-- This site is optimized with the Yoast SEO plugin v27.2 - https:\/\/yoast.com\/product\/yoast-seo-wordpress\/ -->\n<title>\u25b7 Bateria de l\u00edtio Victron Energy SuperPack 12,8V |% Coelectrix.com<\/title>\n<meta name=\"description\" content=\"Comprar Victron Energy SuperPack Bateria de l\u00edtio 12,8V 100Ah 1280Wh | Baterias de l\u00edtio \u00e0 venda ao melhor pre\u00e7o | Eletricidade autom\u00f3vel.\" \/>\n<meta name=\"robots\" content=\"index, follow, max-snippet:-1, max-image-preview:large, max-video-preview:-1\" \/>\n<link rel=\"canonical\" href=\"https:\/\/coelectrix.com\/pt-pt\/produto\/victron-bateria-de-litio-energia-superpack-128v-100ah-1280wh\" \/>\n<meta property=\"og:locale\" content=\"pt_PT\" \/>\n<meta property=\"og:type\" content=\"article\" \/>\n<meta property=\"og:title\" content=\"\u25b7 Bateria de l\u00edtio Victron Energy SuperPack 12,8V |% Coelectrix.com\" \/>\n<meta property=\"og:description\" content=\"Comprar Victron Energy SuperPack Bateria de l\u00edtio 12,8V 100Ah 1280Wh | Baterias de l\u00edtio \u00e0 venda ao melhor pre\u00e7o | Eletricidade autom\u00f3vel.\" \/>\n<meta property=\"og:url\" content=\"https:\/\/coelectrix.com\/pt-pt\/produto\/victron-bateria-de-litio-energia-superpack-128v-100ah-1280wh\" \/>\n<meta property=\"og:site_name\" content=\"Coelectrix\" \/>\n<meta property=\"article:modified_time\" content=\"2025-08-19T04:04:11+00:00\" \/>\n<meta property=\"og:image\" content=\"https:\/\/coelectrix.com\/wp-content\/uploads\/2020\/05\/Bater\u00eda-de-Litio-Victron-Energy-SuperPack-128V-100Ah-1280Wh.jpg\" \/>\n\t<meta property=\"og:image:width\" content=\"800\" \/>\n\t<meta property=\"og:image:height\" content=\"600\" \/>\n\t<meta property=\"og:image:type\" content=\"image\/jpeg\" \/>\n<meta name=\"twitter:card\" content=\"summary_large_image\" \/>\n<meta name=\"twitter:label1\" content=\"Tempo estimado de leitura\" \/>\n\t<meta name=\"twitter:data1\" content=\"3 minutos\" \/>\n<script type=\"application\/ld+json\" class=\"yoast-schema-graph\">{\"@context\":\"https:\/\/schema.org\",\"@graph\":[{\"@type\":\"WebPage\",\"@id\":\"https:\/\/coelectrix.com\/pt-pt\/produto\/victron-bateria-de-litio-energia-superpack-128v-100ah-1280wh\",\"url\":\"https:\/\/coelectrix.com\/pt-pt\/produto\/victron-bateria-de-litio-energia-superpack-128v-100ah-1280wh\",\"name\":\"\u25b7 Bateria de l\u00edtio Victron Energy SuperPack 12,8V |% Coelectrix.com\",\"isPartOf\":{\"@id\":\"https:\/\/coelectrix.com\/pt-pt\/#website\"},\"primaryImageOfPage\":{\"@id\":\"https:\/\/coelectrix.com\/pt-pt\/produto\/victron-bateria-de-litio-energia-superpack-128v-100ah-1280wh#primaryimage\"},\"image\":{\"@id\":\"https:\/\/coelectrix.com\/pt-pt\/produto\/victron-bateria-de-litio-energia-superpack-128v-100ah-1280wh#primaryimage\"},\"thumbnailUrl\":\"https:\/\/coelectrix.com\/wp-content\/uploads\/2020\/05\/Bater\u00eda-de-Litio-Victron-Energy-SuperPack-128V-100Ah-1280Wh.jpg\",\"datePublished\":\"2020-05-17T17:19:18+00:00\",\"dateModified\":\"2025-08-19T04:04:11+00:00\",\"description\":\"Comprar Victron Energy SuperPack Bateria de l\u00edtio 12,8V 100Ah 1280Wh | Baterias de l\u00edtio \u00e0 venda ao melhor pre\u00e7o | Eletricidade autom\u00f3vel.\",\"breadcrumb\":{\"@id\":\"https:\/\/coelectrix.com\/pt-pt\/produto\/victron-bateria-de-litio-energia-superpack-128v-100ah-1280wh#breadcrumb\"},\"inLanguage\":\"pt-PT\",\"potentialAction\":[{\"@type\":\"ReadAction\",\"target\":[\"https:\/\/coelectrix.com\/pt-pt\/produto\/victron-bateria-de-litio-energia-superpack-128v-100ah-1280wh\"]}]},{\"@type\":\"ImageObject\",\"inLanguage\":\"pt-PT\",\"@id\":\"https:\/\/coelectrix.com\/pt-pt\/produto\/victron-bateria-de-litio-energia-superpack-128v-100ah-1280wh#primaryimage\",\"url\":\"https:\/\/coelectrix.com\/wp-content\/uploads\/2020\/05\/Bater\u00eda-de-Litio-Victron-Energy-SuperPack-128V-100Ah-1280Wh.jpg\",\"contentUrl\":\"https:\/\/coelectrix.com\/wp-content\/uploads\/2020\/05\/Bater\u00eda-de-Litio-Victron-Energy-SuperPack-128V-100Ah-1280Wh.jpg\",\"width\":800,\"height\":600,\"caption\":\"Comprar bateria de l\u00edtio Victron Energy SuperPack 12,8V\"},{\"@type\":\"BreadcrumbList\",\"@id\":\"https:\/\/coelectrix.com\/pt-pt\/produto\/victron-bateria-de-litio-energia-superpack-128v-100ah-1280wh#breadcrumb\",\"itemListElement\":[{\"@type\":\"ListItem\",\"position\":1,\"name\":\"Portada\",\"item\":\"https:\/\/coelectrix.com\/\"},{\"@type\":\"ListItem\",\"position\":2,\"name\":\"Loja\",\"item\":\"https:\/\/coelectrix.com\/pt-pt\/loja\"},{\"@type\":\"ListItem\",\"position\":3,\"name\":\"Bateria de l\u00edtio Victron Energy SuperPack 12,8V 100Ah 1280Wh\"}]},{\"@type\":\"WebSite\",\"@id\":\"https:\/\/coelectrix.com\/pt-pt\/#website\",\"url\":\"https:\/\/coelectrix.com\/pt-pt\/\",\"name\":\"Coelectrix\",\"description\":\"Componentes el\u00e9ctricos\",\"publisher\":{\"@id\":\"https:\/\/coelectrix.com\/pt-pt\/#organization\"},\"potentialAction\":[{\"@type\":\"SearchAction\",\"target\":{\"@type\":\"EntryPoint\",\"urlTemplate\":\"https:\/\/coelectrix.com\/pt-pt\/?s={search_term_string}\"},\"query-input\":{\"@type\":\"PropertyValueSpecification\",\"valueRequired\":true,\"valueName\":\"search_term_string\"}}],\"inLanguage\":\"pt-PT\"},{\"@type\":\"Organization\",\"@id\":\"https:\/\/coelectrix.com\/pt-pt\/#organization\",\"name\":\"coelectrix.com\",\"url\":\"https:\/\/coelectrix.com\/pt-pt\/\",\"logo\":{\"@type\":\"ImageObject\",\"inLanguage\":\"pt-PT\",\"@id\":\"https:\/\/coelectrix.com\/pt-pt\/#\/schema\/logo\/image\/\",\"url\":\"https:\/\/coelectrix.com\/wp-content\/uploads\/2018\/05\/logo-coelectrix-400x400.jpg\",\"contentUrl\":\"https:\/\/coelectrix.com\/wp-content\/uploads\/2018\/05\/logo-coelectrix-400x400.jpg\",\"width\":300,\"height\":300,\"caption\":\"coelectrix.com\"},\"image\":{\"@id\":\"https:\/\/coelectrix.com\/pt-pt\/#\/schema\/logo\/image\/\"}}]}<\/script>\n<!-- \/ Yoast SEO plugin. -->","yoast_head_json":{"title":"\u25b7 Bateria de l\u00edtio Victron Energy SuperPack 12,8V |% Coelectrix.com","description":"Comprar Victron Energy SuperPack Bateria de l\u00edtio 12,8V 100Ah 1280Wh | Baterias de l\u00edtio \u00e0 venda ao melhor pre\u00e7o | Eletricidade autom\u00f3vel.","robots":{"index":"index","follow":"follow","max-snippet":"max-snippet:-1","max-image-preview":"max-image-preview:large","max-video-preview":"max-video-preview:-1"},"canonical":"https:\/\/coelectrix.com\/pt-pt\/produto\/victron-bateria-de-litio-energia-superpack-128v-100ah-1280wh","og_locale":"pt_PT","og_type":"article","og_title":"\u25b7 Bateria de l\u00edtio Victron Energy SuperPack 12,8V |% Coelectrix.com","og_description":"Comprar Victron Energy SuperPack Bateria de l\u00edtio 12,8V 100Ah 1280Wh | Baterias de l\u00edtio \u00e0 venda ao melhor pre\u00e7o | Eletricidade autom\u00f3vel.","og_url":"https:\/\/coelectrix.com\/pt-pt\/produto\/victron-bateria-de-litio-energia-superpack-128v-100ah-1280wh","og_site_name":"Coelectrix","article_modified_time":"2025-08-19T04:04:11+00:00","og_image":[{"width":800,"height":600,"url":"https:\/\/coelectrix.com\/wp-content\/uploads\/2020\/05\/Bater\u00eda-de-Litio-Victron-Energy-SuperPack-128V-100Ah-1280Wh.jpg","type":"image\/jpeg"}],"twitter_card":"summary_large_image","twitter_misc":{"Tempo estimado de leitura":"3 minutos"},"schema":{"@context":"https:\/\/schema.org","@graph":[{"@type":"WebPage","@id":"https:\/\/coelectrix.com\/pt-pt\/produto\/victron-bateria-de-litio-energia-superpack-128v-100ah-1280wh","url":"https:\/\/coelectrix.com\/pt-pt\/produto\/victron-bateria-de-litio-energia-superpack-128v-100ah-1280wh","name":"\u25b7 Bateria de l\u00edtio Victron Energy SuperPack 12,8V |% Coelectrix.com","isPartOf":{"@id":"https:\/\/coelectrix.com\/pt-pt\/#website"},"primaryImageOfPage":{"@id":"https:\/\/coelectrix.com\/pt-pt\/produto\/victron-bateria-de-litio-energia-superpack-128v-100ah-1280wh#primaryimage"},"image":{"@id":"https:\/\/coelectrix.com\/pt-pt\/produto\/victron-bateria-de-litio-energia-superpack-128v-100ah-1280wh#primaryimage"},"thumbnailUrl":"https:\/\/coelectrix.com\/wp-content\/uploads\/2020\/05\/Bater\u00eda-de-Litio-Victron-Energy-SuperPack-128V-100Ah-1280Wh.jpg","datePublished":"2020-05-17T17:19:18+00:00","dateModified":"2025-08-19T04:04:11+00:00","description":"Comprar Victron Energy SuperPack Bateria de l\u00edtio 12,8V 100Ah 1280Wh | Baterias de l\u00edtio \u00e0 venda ao melhor pre\u00e7o | Eletricidade autom\u00f3vel.","breadcrumb":{"@id":"https:\/\/coelectrix.com\/pt-pt\/produto\/victron-bateria-de-litio-energia-superpack-128v-100ah-1280wh#breadcrumb"},"inLanguage":"pt-PT","potentialAction":[{"@type":"ReadAction","target":["https:\/\/coelectrix.com\/pt-pt\/produto\/victron-bateria-de-litio-energia-superpack-128v-100ah-1280wh"]}]},{"@type":"ImageObject","inLanguage":"pt-PT","@id":"https:\/\/coelectrix.com\/pt-pt\/produto\/victron-bateria-de-litio-energia-superpack-128v-100ah-1280wh#primaryimage","url":"https:\/\/coelectrix.com\/wp-content\/uploads\/2020\/05\/Bater\u00eda-de-Litio-Victron-Energy-SuperPack-128V-100Ah-1280Wh.jpg","contentUrl":"https:\/\/coelectrix.com\/wp-content\/uploads\/2020\/05\/Bater\u00eda-de-Litio-Victron-Energy-SuperPack-128V-100Ah-1280Wh.jpg","width":800,"height":600,"caption":"Comprar bateria de l\u00edtio Victron Energy SuperPack 12,8V"},{"@type":"BreadcrumbList","@id":"https:\/\/coelectrix.com\/pt-pt\/produto\/victron-bateria-de-litio-energia-superpack-128v-100ah-1280wh#breadcrumb","itemListElement":[{"@type":"ListItem","position":1,"name":"Portada","item":"https:\/\/coelectrix.com\/"},{"@type":"ListItem","position":2,"name":"Loja","item":"https:\/\/coelectrix.com\/pt-pt\/loja"},{"@type":"ListItem","position":3,"name":"Bateria de l\u00edtio Victron Energy SuperPack 12,8V 100Ah 1280Wh"}]},{"@type":"WebSite","@id":"https:\/\/coelectrix.com\/pt-pt\/#website","url":"https:\/\/coelectrix.com\/pt-pt\/","name":"Coelectrix","description":"Componentes el\u00e9ctricos","publisher":{"@id":"https:\/\/coelectrix.com\/pt-pt\/#organization"},"potentialAction":[{"@type":"SearchAction","target":{"@type":"EntryPoint","urlTemplate":"https:\/\/coelectrix.com\/pt-pt\/?s={search_term_string}"},"query-input":{"@type":"PropertyValueSpecification","valueRequired":true,"valueName":"search_term_string"}}],"inLanguage":"pt-PT"},{"@type":"Organization","@id":"https:\/\/coelectrix.com\/pt-pt\/#organization","name":"coelectrix.com","url":"https:\/\/coelectrix.com\/pt-pt\/","logo":{"@type":"ImageObject","inLanguage":"pt-PT","@id":"https:\/\/coelectrix.com\/pt-pt\/#\/schema\/logo\/image\/","url":"https:\/\/coelectrix.com\/wp-content\/uploads\/2018\/05\/logo-coelectrix-400x400.jpg","contentUrl":"https:\/\/coelectrix.com\/wp-content\/uploads\/2018\/05\/logo-coelectrix-400x400.jpg","width":300,"height":300,"caption":"coelectrix.com"},"image":{"@id":"https:\/\/coelectrix.com\/pt-pt\/#\/schema\/logo\/image\/"}}]}},"_links":{"self":[{"href":"https:\/\/coelectrix.com\/pt-pt\/wp-json\/wp\/v2\/product\/74865","targetHints":{"allow":["GET"]}}],"collection":[{"href":"https:\/\/coelectrix.com\/pt-pt\/wp-json\/wp\/v2\/product"}],"about":[{"href":"https:\/\/coelectrix.com\/pt-pt\/wp-json\/wp\/v2\/types\/product"}],"version-history":[{"count":1,"href":"https:\/\/coelectrix.com\/pt-pt\/wp-json\/wp\/v2\/product\/74865\/revisions"}],"predecessor-version":[{"id":75352,"href":"https:\/\/coelectrix.com\/pt-pt\/wp-json\/wp\/v2\/product\/74865\/revisions\/75352"}],"wp:featuredmedia":[{"embeddable":true,"href":"https:\/\/coelectrix.com\/pt-pt\/wp-json\/wp\/v2\/media\/73310"}],"wp:attachment":[{"href":"https:\/\/coelectrix.com\/pt-pt\/wp-json\/wp\/v2\/media?parent=74865"}],"wp:term":[{"taxonomy":"product_brand","embeddable":true,"href":"https:\/\/coelectrix.com\/pt-pt\/wp-json\/wp\/v2\/product_brand?post=74865"},{"taxonomy":"product_cat","embeddable":true,"href":"https:\/\/coelectrix.com\/pt-pt\/wp-json\/wp\/v2\/product_cat?post=74865"},{"taxonomy":"product_tag","embeddable":true,"href":"https:\/\/coelectrix.com\/pt-pt\/wp-json\/wp\/v2\/product_tag?post=74865"}],"curies":[{"name":"wp","href":"https:\/\/api.w.org\/{rel}","templated":true}]}}