{"id":74866,"date":"2020-05-17T19:16:01","date_gmt":"2020-05-17T17:16:01","guid":{"rendered":"https:\/\/coelectrix.com\/producto\/bateria-de-litio-victron-energy-superpack-128v-60ah-768wh"},"modified":"2025-08-19T06:04:11","modified_gmt":"2025-08-19T04:04:11","slug":"bateria-de-litio-victron-energy-superpack-128v-60ah-768wh","status":"publish","type":"product","link":"https:\/\/coelectrix.com\/pt-pt\/produto\/victron-bateria-de-litio-energia-superpack-128v-60ah-768wh","title":{"rendered":"Bateria de l\u00edtio Victron Energy SuperPack 12,8V 60Ah 768Wh"},"content":{"rendered":"<h1><strong>Baterias de l\u00edtio Victron Energy 12.8V 60Ah SuperPack<\/strong><\/h1>\n<p><strong>BMS integrado e interrutor de seguran\u00e7a<\/strong><\/p>\n<p>As baterias SuperPack s\u00e3o muito f\u00e1ceis de instalar e n\u00e3o requerem componentes adicionais.<br \/>\nO interrutor interno desliga a bateria em caso de descarga excessiva, sobrecarga ou temperatura demasiado elevada.<\/p>\n<p><img decoding=\"async\" src=\"https:\/\/www.teknosolar.com\/wp-content\/uploads\/2019\/01\/litiosuperpackvictron.jpg\" \/><\/p>\n<p><strong>\u00c0 prova de abusos<\/strong><\/p>\n<p>Uma pilha de chumbo-\u00e1cido falha prematuramente devido \u00e0 sulfata\u00e7\u00e3o:<\/p>\n<p>&#8211; se for utilizada em modo de d\u00e9fice durante longos per\u00edodos de tempo (ou seja, se a bateria for raramente ou nunca totalmente<br \/>\ncarregada).<\/p>\n<p>&#8211; se for deixada parcialmente descarregada ou, pior ainda, completamente descarregada.<\/p>\n<p>Uma bateria de i\u00f5es de l\u00edtio n\u00e3o precisa de ser totalmente carregada. A sua vida \u00fatil ser\u00e1 mesmo melhorada se for carregada parcialmente, em vez de totalmente. Esta \u00e9 uma vantagem decisiva das baterias de i\u00f5es de l\u00edtio em rela\u00e7\u00e3o \u00e0s baterias de chumbo-\u00e1cido.<\/p>\n<p>As baterias SuperPack cortam a corrente de carga ou descarga quando a capacidade nominal m\u00e1xima \u00e9 excedida.<\/p>\n<p><strong>Eficiente<\/strong><\/p>\n<p>Em algumas aplica\u00e7\u00f5es (especialmente fora da rede), a efici\u00eancia energ\u00e9tica pode ser de import\u00e2ncia crucial.<\/p>\n<p>A efici\u00eancia energ\u00e9tica do ciclo completo (descarga de 100% para 0% e recarga para 100%) de uma bateria de chumbo-\u00e1cido t\u00edpica \u00e9 de 80%.<\/p>\n<p>A efici\u00eancia do ciclo completo de uma bateria de i\u00f5es de l\u00edtio \u00e9 de 92%.<\/p>\n<p>O processo de carregamento das baterias de chumbo-\u00e1cido torna-se particularmente ineficiente quando se atinge o estado de carga de 80%, resultando em efici\u00eancias de 50% ou mesmo inferiores em sistemas solares em que s\u00e3o necess\u00e1rios v\u00e1rios dias de reservas de energia (baterias a funcionar entre 70% e 100% de carga).<\/p>\n<p>Em contrapartida, uma bateria de i\u00f5es de l\u00edtio atinge ainda uma efici\u00eancia de 90% em condi\u00e7\u00f5es de descarga moderadas.<\/p>\n<p><strong>Pode ser ligada em paralelo<\/strong><\/p>\n<p>As baterias podem ser ligadas em paralelo sem limite. A liga\u00e7\u00e3o em s\u00e9rie n\u00e3o \u00e9 poss\u00edvel.<\/p>\n<p>Utilizar apenas na posi\u00e7\u00e3o vertical.<\/p>\n<p>Pode ler aqui o que dissemos no blogue sobre <a href=\"http:\/\/Bater\u00eda de Litio para Autocaravana y Camper\"><em>Bateria de l\u00edtio para autocaravanas e campervans<\/em><\/a><\/p>\n<p><strong>Carater\u00edsticas t\u00e9cnicas:<\/strong><\/p>\n<p>Tipo de bateria: LiFePO4<br \/>\nTens\u00e3o nominal 12,8 V<br \/>\nCapacidade nominal a 25\u00ba: 60 Ah<br \/>\nCorrente m\u00e1xima de descarga: 30A<br \/>\nCorrente m\u00e1xima de carga cont\u00ednua: 30A<br \/>\nConfigura\u00e7\u00e3o em paralelo: Sem limite<br \/>\nClasse de prote\u00e7\u00e3o: IP43<\/p>\n<p><strong>Dimens\u00f5es e peso:<\/strong><\/p>\n<p>Dimens\u00f5es: 229 x 138 x 213 mm<br \/>\nPeso: 9,5 Kg<\/p>\n","protected":false},"excerpt":{"rendered":"<p>Bateria de l\u00edtio Victron Energy SuperPack 12,8V 60Ah<\/p>\n<p>As baterias SuperPack s\u00e3o muito f\u00e1ceis de instalar e n\u00e3o requerem componentes adicionais.<br \/>\nO interrutor interno desligar\u00e1 a bateria em caso de descarga excessiva, sobrecarga ou temperatura demasiado elevada.<\/p>\n<p>Tipo de bateria: LiFePO4<br \/>\nTens\u00e3o nominal 12,8 V<br \/>\nCapacidade nominal a 25\u00ba: 60 Ah<br \/>\nCorrente m\u00e1xima de descarga: 30A<br \/>\nCorrente m\u00e1xima de carga cont\u00ednua: 30A<br \/>\nConfigura\u00e7\u00e3o em paralelo: Sem limite<br \/>\nClasse de prote\u00e7\u00e3o: IP43<\/p>\n<h3><span style=\"color: #008000;\"><strong>ENTREGA EM 48\/72h<\/strong><\/span><\/h3>\n","protected":false},"featured_media":73308,"template":"","meta":{"_acf_changed":false},"product_brand":[],"product_cat":[1346,1261,1338],"product_tag":[1445],"class_list":{"0":"post-74866","1":"product","2":"type-product","3":"status-publish","4":"has-post-thumbnail","6":"product_cat-baterias-agm-e-de-litio","7":"product_cat-pilhas-de-litio-lifepo4","8":"product_cat-victron-energia","9":"product_tag-victron-pt","10":"product_shipping_class-baterias","12":"first","13":"instock","14":"taxable","15":"shipping-taxable","16":"purchasable","17":"product-type-simple"},"acf":[],"yoast_head":"<!-- This site is optimized with the Yoast SEO plugin v27.2 - https:\/\/yoast.com\/product\/yoast-seo-wordpress\/ -->\n<title>\u25b7 Bateria de l\u00edtio Victron Energy SuperPack 12,8V 60Ah 768Wh | Coelectrix.com<\/title>\n<meta name=\"robots\" content=\"index, follow, max-snippet:-1, max-image-preview:large, max-video-preview:-1\" \/>\n<link rel=\"canonical\" href=\"https:\/\/coelectrix.com\/pt-pt\/produto\/victron-bateria-de-litio-energia-superpack-128v-60ah-768wh\" \/>\n<meta property=\"og:locale\" content=\"pt_PT\" \/>\n<meta property=\"og:type\" content=\"article\" \/>\n<meta property=\"og:title\" content=\"\u25b7 Bateria de l\u00edtio Victron Energy SuperPack 12,8V 60Ah 768Wh | Coelectrix.com\" \/>\n<meta property=\"og:description\" content=\"Bateria de l\u00edtio Victron Energy SuperPack 12,8V 60Ah As baterias SuperPack s\u00e3o muito f\u00e1ceis de instalar e n\u00e3o requerem componentes adicionais. O interrutor interno desligar\u00e1 a bateria em caso de descarga excessiva, sobrecarga ou temperatura demasiado elevada. Tipo de bateria: LiFePO4 Tens\u00e3o nominal 12,8 V Capacidade nominal a 25\u00ba: 60 Ah Corrente m\u00e1xima de descarga: 30A Corrente m\u00e1xima de carga cont\u00ednua: 30A Configura\u00e7\u00e3o em paralelo: Sem limite Classe de prote\u00e7\u00e3o: IP43 ENTREGA EM 48\/72h\" \/>\n<meta property=\"og:url\" content=\"https:\/\/coelectrix.com\/pt-pt\/produto\/victron-bateria-de-litio-energia-superpack-128v-60ah-768wh\" \/>\n<meta property=\"og:site_name\" content=\"Coelectrix\" \/>\n<meta property=\"article:modified_time\" content=\"2025-08-19T04:04:11+00:00\" \/>\n<meta property=\"og:image\" content=\"https:\/\/coelectrix.com\/wp-content\/uploads\/2020\/05\/bateria-litio-100ah-victron-energy.jpg\" \/>\n\t<meta property=\"og:image:width\" content=\"800\" \/>\n\t<meta property=\"og:image:height\" content=\"600\" \/>\n\t<meta property=\"og:image:type\" content=\"image\/jpeg\" \/>\n<meta name=\"twitter:card\" content=\"summary_large_image\" \/>\n<meta name=\"twitter:label1\" content=\"Tempo estimado de leitura\" \/>\n\t<meta name=\"twitter:data1\" content=\"2 minutos\" \/>\n<script type=\"application\/ld+json\" class=\"yoast-schema-graph\">{\"@context\":\"https:\/\/schema.org\",\"@graph\":[{\"@type\":\"WebPage\",\"@id\":\"https:\/\/coelectrix.com\/pt-pt\/produto\/victron-bateria-de-litio-energia-superpack-128v-60ah-768wh\",\"url\":\"https:\/\/coelectrix.com\/pt-pt\/produto\/victron-bateria-de-litio-energia-superpack-128v-60ah-768wh\",\"name\":\"\u25b7 Bateria de l\u00edtio Victron Energy SuperPack 12,8V 60Ah 768Wh | Coelectrix.com\",\"isPartOf\":{\"@id\":\"https:\/\/coelectrix.com\/pt-pt\/#website\"},\"primaryImageOfPage\":{\"@id\":\"https:\/\/coelectrix.com\/pt-pt\/produto\/victron-bateria-de-litio-energia-superpack-128v-60ah-768wh#primaryimage\"},\"image\":{\"@id\":\"https:\/\/coelectrix.com\/pt-pt\/produto\/victron-bateria-de-litio-energia-superpack-128v-60ah-768wh#primaryimage\"},\"thumbnailUrl\":\"https:\/\/coelectrix.com\/wp-content\/uploads\/2020\/05\/bateria-litio-100ah-victron-energy.jpg\",\"datePublished\":\"2020-05-17T17:16:01+00:00\",\"dateModified\":\"2025-08-19T04:04:11+00:00\",\"breadcrumb\":{\"@id\":\"https:\/\/coelectrix.com\/pt-pt\/produto\/victron-bateria-de-litio-energia-superpack-128v-60ah-768wh#breadcrumb\"},\"inLanguage\":\"pt-PT\",\"potentialAction\":[{\"@type\":\"ReadAction\",\"target\":[\"https:\/\/coelectrix.com\/pt-pt\/produto\/victron-bateria-de-litio-energia-superpack-128v-60ah-768wh\"]}]},{\"@type\":\"ImageObject\",\"inLanguage\":\"pt-PT\",\"@id\":\"https:\/\/coelectrix.com\/pt-pt\/produto\/victron-bateria-de-litio-energia-superpack-128v-60ah-768wh#primaryimage\",\"url\":\"https:\/\/coelectrix.com\/wp-content\/uploads\/2020\/05\/bateria-litio-100ah-victron-energy.jpg\",\"contentUrl\":\"https:\/\/coelectrix.com\/wp-content\/uploads\/2020\/05\/bateria-litio-100ah-victron-energy.jpg\",\"width\":800,\"height\":600,\"caption\":\"Bateria de l\u00edtio Victron Energy SuperPack 12,8V 100Ah\"},{\"@type\":\"BreadcrumbList\",\"@id\":\"https:\/\/coelectrix.com\/pt-pt\/produto\/victron-bateria-de-litio-energia-superpack-128v-60ah-768wh#breadcrumb\",\"itemListElement\":[{\"@type\":\"ListItem\",\"position\":1,\"name\":\"Portada\",\"item\":\"https:\/\/coelectrix.com\/\"},{\"@type\":\"ListItem\",\"position\":2,\"name\":\"Loja\",\"item\":\"https:\/\/coelectrix.com\/pt-pt\/loja\"},{\"@type\":\"ListItem\",\"position\":3,\"name\":\"Bateria de l\u00edtio Victron Energy SuperPack 12,8V 60Ah 768Wh\"}]},{\"@type\":\"WebSite\",\"@id\":\"https:\/\/coelectrix.com\/pt-pt\/#website\",\"url\":\"https:\/\/coelectrix.com\/pt-pt\/\",\"name\":\"Coelectrix\",\"description\":\"Componentes el\u00e9ctricos\",\"publisher\":{\"@id\":\"https:\/\/coelectrix.com\/pt-pt\/#organization\"},\"potentialAction\":[{\"@type\":\"SearchAction\",\"target\":{\"@type\":\"EntryPoint\",\"urlTemplate\":\"https:\/\/coelectrix.com\/pt-pt\/?s={search_term_string}\"},\"query-input\":{\"@type\":\"PropertyValueSpecification\",\"valueRequired\":true,\"valueName\":\"search_term_string\"}}],\"inLanguage\":\"pt-PT\"},{\"@type\":\"Organization\",\"@id\":\"https:\/\/coelectrix.com\/pt-pt\/#organization\",\"name\":\"coelectrix.com\",\"url\":\"https:\/\/coelectrix.com\/pt-pt\/\",\"logo\":{\"@type\":\"ImageObject\",\"inLanguage\":\"pt-PT\",\"@id\":\"https:\/\/coelectrix.com\/pt-pt\/#\/schema\/logo\/image\/\",\"url\":\"https:\/\/coelectrix.com\/wp-content\/uploads\/2018\/05\/logo-coelectrix-400x400.jpg\",\"contentUrl\":\"https:\/\/coelectrix.com\/wp-content\/uploads\/2018\/05\/logo-coelectrix-400x400.jpg\",\"width\":300,\"height\":300,\"caption\":\"coelectrix.com\"},\"image\":{\"@id\":\"https:\/\/coelectrix.com\/pt-pt\/#\/schema\/logo\/image\/\"}}]}<\/script>\n<!-- \/ Yoast SEO plugin. -->","yoast_head_json":{"title":"\u25b7 Bateria de l\u00edtio Victron Energy SuperPack 12,8V 60Ah 768Wh | Coelectrix.com","robots":{"index":"index","follow":"follow","max-snippet":"max-snippet:-1","max-image-preview":"max-image-preview:large","max-video-preview":"max-video-preview:-1"},"canonical":"https:\/\/coelectrix.com\/pt-pt\/produto\/victron-bateria-de-litio-energia-superpack-128v-60ah-768wh","og_locale":"pt_PT","og_type":"article","og_title":"\u25b7 Bateria de l\u00edtio Victron Energy SuperPack 12,8V 60Ah 768Wh | Coelectrix.com","og_description":"Bateria de l\u00edtio Victron Energy SuperPack 12,8V 60Ah As baterias SuperPack s\u00e3o muito f\u00e1ceis de instalar e n\u00e3o requerem componentes adicionais. O interrutor interno desligar\u00e1 a bateria em caso de descarga excessiva, sobrecarga ou temperatura demasiado elevada. Tipo de bateria: LiFePO4 Tens\u00e3o nominal 12,8 V Capacidade nominal a 25\u00ba: 60 Ah Corrente m\u00e1xima de descarga: 30A Corrente m\u00e1xima de carga cont\u00ednua: 30A Configura\u00e7\u00e3o em paralelo: Sem limite Classe de prote\u00e7\u00e3o: IP43 ENTREGA EM 48\/72h","og_url":"https:\/\/coelectrix.com\/pt-pt\/produto\/victron-bateria-de-litio-energia-superpack-128v-60ah-768wh","og_site_name":"Coelectrix","article_modified_time":"2025-08-19T04:04:11+00:00","og_image":[{"width":800,"height":600,"url":"https:\/\/coelectrix.com\/wp-content\/uploads\/2020\/05\/bateria-litio-100ah-victron-energy.jpg","type":"image\/jpeg"}],"twitter_card":"summary_large_image","twitter_misc":{"Tempo estimado de leitura":"2 minutos"},"schema":{"@context":"https:\/\/schema.org","@graph":[{"@type":"WebPage","@id":"https:\/\/coelectrix.com\/pt-pt\/produto\/victron-bateria-de-litio-energia-superpack-128v-60ah-768wh","url":"https:\/\/coelectrix.com\/pt-pt\/produto\/victron-bateria-de-litio-energia-superpack-128v-60ah-768wh","name":"\u25b7 Bateria de l\u00edtio Victron Energy SuperPack 12,8V 60Ah 768Wh | Coelectrix.com","isPartOf":{"@id":"https:\/\/coelectrix.com\/pt-pt\/#website"},"primaryImageOfPage":{"@id":"https:\/\/coelectrix.com\/pt-pt\/produto\/victron-bateria-de-litio-energia-superpack-128v-60ah-768wh#primaryimage"},"image":{"@id":"https:\/\/coelectrix.com\/pt-pt\/produto\/victron-bateria-de-litio-energia-superpack-128v-60ah-768wh#primaryimage"},"thumbnailUrl":"https:\/\/coelectrix.com\/wp-content\/uploads\/2020\/05\/bateria-litio-100ah-victron-energy.jpg","datePublished":"2020-05-17T17:16:01+00:00","dateModified":"2025-08-19T04:04:11+00:00","breadcrumb":{"@id":"https:\/\/coelectrix.com\/pt-pt\/produto\/victron-bateria-de-litio-energia-superpack-128v-60ah-768wh#breadcrumb"},"inLanguage":"pt-PT","potentialAction":[{"@type":"ReadAction","target":["https:\/\/coelectrix.com\/pt-pt\/produto\/victron-bateria-de-litio-energia-superpack-128v-60ah-768wh"]}]},{"@type":"ImageObject","inLanguage":"pt-PT","@id":"https:\/\/coelectrix.com\/pt-pt\/produto\/victron-bateria-de-litio-energia-superpack-128v-60ah-768wh#primaryimage","url":"https:\/\/coelectrix.com\/wp-content\/uploads\/2020\/05\/bateria-litio-100ah-victron-energy.jpg","contentUrl":"https:\/\/coelectrix.com\/wp-content\/uploads\/2020\/05\/bateria-litio-100ah-victron-energy.jpg","width":800,"height":600,"caption":"Bateria de l\u00edtio Victron Energy SuperPack 12,8V 100Ah"},{"@type":"BreadcrumbList","@id":"https:\/\/coelectrix.com\/pt-pt\/produto\/victron-bateria-de-litio-energia-superpack-128v-60ah-768wh#breadcrumb","itemListElement":[{"@type":"ListItem","position":1,"name":"Portada","item":"https:\/\/coelectrix.com\/"},{"@type":"ListItem","position":2,"name":"Loja","item":"https:\/\/coelectrix.com\/pt-pt\/loja"},{"@type":"ListItem","position":3,"name":"Bateria de l\u00edtio Victron Energy SuperPack 12,8V 60Ah 768Wh"}]},{"@type":"WebSite","@id":"https:\/\/coelectrix.com\/pt-pt\/#website","url":"https:\/\/coelectrix.com\/pt-pt\/","name":"Coelectrix","description":"Componentes el\u00e9ctricos","publisher":{"@id":"https:\/\/coelectrix.com\/pt-pt\/#organization"},"potentialAction":[{"@type":"SearchAction","target":{"@type":"EntryPoint","urlTemplate":"https:\/\/coelectrix.com\/pt-pt\/?s={search_term_string}"},"query-input":{"@type":"PropertyValueSpecification","valueRequired":true,"valueName":"search_term_string"}}],"inLanguage":"pt-PT"},{"@type":"Organization","@id":"https:\/\/coelectrix.com\/pt-pt\/#organization","name":"coelectrix.com","url":"https:\/\/coelectrix.com\/pt-pt\/","logo":{"@type":"ImageObject","inLanguage":"pt-PT","@id":"https:\/\/coelectrix.com\/pt-pt\/#\/schema\/logo\/image\/","url":"https:\/\/coelectrix.com\/wp-content\/uploads\/2018\/05\/logo-coelectrix-400x400.jpg","contentUrl":"https:\/\/coelectrix.com\/wp-content\/uploads\/2018\/05\/logo-coelectrix-400x400.jpg","width":300,"height":300,"caption":"coelectrix.com"},"image":{"@id":"https:\/\/coelectrix.com\/pt-pt\/#\/schema\/logo\/image\/"}}]}},"_links":{"self":[{"href":"https:\/\/coelectrix.com\/pt-pt\/wp-json\/wp\/v2\/product\/74866","targetHints":{"allow":["GET"]}}],"collection":[{"href":"https:\/\/coelectrix.com\/pt-pt\/wp-json\/wp\/v2\/product"}],"about":[{"href":"https:\/\/coelectrix.com\/pt-pt\/wp-json\/wp\/v2\/types\/product"}],"version-history":[{"count":1,"href":"https:\/\/coelectrix.com\/pt-pt\/wp-json\/wp\/v2\/product\/74866\/revisions"}],"predecessor-version":[{"id":75353,"href":"https:\/\/coelectrix.com\/pt-pt\/wp-json\/wp\/v2\/product\/74866\/revisions\/75353"}],"wp:featuredmedia":[{"embeddable":true,"href":"https:\/\/coelectrix.com\/pt-pt\/wp-json\/wp\/v2\/media\/73308"}],"wp:attachment":[{"href":"https:\/\/coelectrix.com\/pt-pt\/wp-json\/wp\/v2\/media?parent=74866"}],"wp:term":[{"taxonomy":"product_brand","embeddable":true,"href":"https:\/\/coelectrix.com\/pt-pt\/wp-json\/wp\/v2\/product_brand?post=74866"},{"taxonomy":"product_cat","embeddable":true,"href":"https:\/\/coelectrix.com\/pt-pt\/wp-json\/wp\/v2\/product_cat?post=74866"},{"taxonomy":"product_tag","embeddable":true,"href":"https:\/\/coelectrix.com\/pt-pt\/wp-json\/wp\/v2\/product_tag?post=74866"}],"curies":[{"name":"wp","href":"https:\/\/api.w.org\/{rel}","templated":true}]}}