{"id":74869,"date":"2023-09-23T10:14:12","date_gmt":"2023-09-23T08:14:12","guid":{"rendered":"https:\/\/coelectrix.com\/producto\/abracadeiras-abracadeiras-de-nylon-preto-368x48mm-100-pcs"},"modified":"2025-08-19T06:01:22","modified_gmt":"2025-08-19T04:01:22","slug":"abracadeiras-abracadeiras-de-nylon-preto-368x48mm-100-pcs","status":"publish","type":"product","link":"https:\/\/coelectrix.com\/pt-pt\/produto\/flanges-cabos-clips-nylon-preto-300x48mm","title":{"rendered":"Abra\u00e7adeiras Abra\u00e7adeiras de Nylon Preto 368&#215;4,8mm 100 pcs."},"content":{"rendered":"<h2><strong>Abra\u00e7adeiras Abra\u00e7adeiras de nylon Preto 368&#215;4,8mm<\/strong><\/h2>\n<p>Abra\u00e7adeiras de qualidade profissional em embalagens de 100 unidades. Dispon\u00edvel em tamanhos de 100mm a 762mm.<\/p>\n<p><img fetchpriority=\"high\" decoding=\"async\" class=\"alignnone size-medium wp-image-54183\" src=\"https:\/\/coelectrix.com\/wp-content\/uploads\/2023\/09\/bridas-nylon-negras-varias-medidas-300x300.jpg\" alt=\"\" width=\"300\" height=\"300\" srcset=\"https:\/\/coelectrix.com\/wp-content\/uploads\/2023\/09\/bridas-nylon-negras-varias-medidas-300x300.jpg 300w, https:\/\/coelectrix.com\/wp-content\/uploads\/2023\/09\/bridas-nylon-negras-varias-medidas-150x150.jpg 150w, https:\/\/coelectrix.com\/wp-content\/uploads\/2023\/09\/bridas-nylon-negras-varias-medidas-196x196.jpg 196w, https:\/\/coelectrix.com\/wp-content\/uploads\/2023\/09\/bridas-nylon-negras-varias-medidas-416x416.jpg 416w, https:\/\/coelectrix.com\/wp-content\/uploads\/2023\/09\/bridas-nylon-negras-varias-medidas-100x100.jpg 100w, https:\/\/coelectrix.com\/wp-content\/uploads\/2023\/09\/bridas-nylon-negras-varias-medidas-50x50.jpg 50w, https:\/\/coelectrix.com\/wp-content\/uploads\/2023\/09\/bridas-nylon-negras-varias-medidas.jpg 600w\" sizes=\"(max-width: 300px) 100vw, 300px\" \/><\/p>\n<p><img decoding=\"async\" class=\"alignnone size-medium wp-image-54181\" src=\"https:\/\/coelectrix.com\/wp-content\/uploads\/2023\/09\/bridas-nylon-negras-cierre-300x300.jpg\" alt=\"\" width=\"300\" height=\"300\" srcset=\"https:\/\/coelectrix.com\/wp-content\/uploads\/2023\/09\/bridas-nylon-negras-cierre-300x300.jpg 300w, https:\/\/coelectrix.com\/wp-content\/uploads\/2023\/09\/bridas-nylon-negras-cierre-150x150.jpg 150w, https:\/\/coelectrix.com\/wp-content\/uploads\/2023\/09\/bridas-nylon-negras-cierre-196x196.jpg 196w, https:\/\/coelectrix.com\/wp-content\/uploads\/2023\/09\/bridas-nylon-negras-cierre-416x416.jpg 416w, https:\/\/coelectrix.com\/wp-content\/uploads\/2023\/09\/bridas-nylon-negras-cierre-100x100.jpg 100w, https:\/\/coelectrix.com\/wp-content\/uploads\/2023\/09\/bridas-nylon-negras-cierre-50x50.jpg 50w, https:\/\/coelectrix.com\/wp-content\/uploads\/2023\/09\/bridas-nylon-negras-cierre.jpg 600w\" sizes=\"(max-width: 300px) 100vw, 300px\" \/><\/p>\n","protected":false},"excerpt":{"rendered":"<h3><strong>Abra\u00e7adeiras de nylon de cor preta 368&#215;4,8mm (100 unid.)<\/strong><\/h3>\n<ul>\n<li>Material: <strong>NYLON 66<\/strong> Homologado<\/li>\n<li>Classifica\u00e7\u00e3o de inflamabilidade 94 V-2<\/li>\n<li>Fabricadas de acordo com as especifica\u00e7\u00f5es militares MS-3367.<\/li>\n<li>Cor: <strong>PRETO<br \/>\n<\/strong><\/li>\n<li>Pre\u00e7o por pacote de 100 unidades.<\/li>\n<li><strong>Tamanho: 100mm (comprimento) 2,5mm (largura)<\/strong><\/li>\n<\/ul>\n<p><strong>O pre\u00e7o \u00e9 para um pacote de 100 abra\u00e7adeiras.<\/strong><\/p>\n","protected":false},"featured_media":74257,"template":"","meta":{"_acf_changed":false},"product_brand":[],"product_cat":[1262],"product_tag":[],"class_list":{"0":"post-74869","1":"product","2":"type-product","3":"status-publish","4":"has-post-thumbnail","6":"product_cat-abracadeiras-abracadeiras-de-nylon-preto","8":"first","9":"instock","10":"taxable","11":"shipping-taxable","12":"purchasable","13":"product-type-simple"},"acf":[],"yoast_head":"<!-- This site is optimized with the Yoast SEO plugin v27.2 - https:\/\/yoast.com\/product\/yoast-seo-wordpress\/ -->\n<title>\u25b7 Abra\u00e7adeiras Abra\u00e7adeiras de Nylon Preto 368x4,8mm 100 pcs. | Coelectrix.com<\/title>\n<meta name=\"robots\" content=\"index, follow, max-snippet:-1, max-image-preview:large, max-video-preview:-1\" \/>\n<link rel=\"canonical\" href=\"https:\/\/coelectrix.com\/pt-pt\/produto\/flanges-cabos-clips-nylon-preto-300x48mm\" \/>\n<meta property=\"og:locale\" content=\"pt_PT\" \/>\n<meta property=\"og:type\" content=\"article\" \/>\n<meta property=\"og:title\" content=\"\u25b7 Abra\u00e7adeiras Abra\u00e7adeiras de Nylon Preto 368x4,8mm 100 pcs. | Coelectrix.com\" \/>\n<meta property=\"og:description\" content=\"Abra\u00e7adeiras de nylon de cor preta 368x4,8mm (100 unid.)  Material: NYLON 66 Homologado  Classifica\u00e7\u00e3o de inflamabilidade 94 V-2  Fabricadas de acordo com as especifica\u00e7\u00f5es militares MS-3367.  Cor: PRETO  Pre\u00e7o por pacote de 100 unidades.  Tamanho: 100mm (comprimento) 2,5mm (largura) O pre\u00e7o \u00e9 para um pacote de 100 abra\u00e7adeiras.\" \/>\n<meta property=\"og:url\" content=\"https:\/\/coelectrix.com\/pt-pt\/produto\/flanges-cabos-clips-nylon-preto-300x48mm\" \/>\n<meta property=\"og:site_name\" content=\"Coelectrix\" \/>\n<meta property=\"article:modified_time\" content=\"2025-08-19T04:01:22+00:00\" \/>\n<meta property=\"og:image\" content=\"https:\/\/coelectrix.com\/wp-content\/uploads\/2023\/09\/bridas-nylon-negras.jpg\" \/>\n\t<meta property=\"og:image:width\" content=\"600\" \/>\n\t<meta property=\"og:image:height\" content=\"600\" \/>\n\t<meta property=\"og:image:type\" content=\"image\/jpeg\" \/>\n<meta name=\"twitter:card\" content=\"summary_large_image\" \/>\n<script type=\"application\/ld+json\" class=\"yoast-schema-graph\">{\"@context\":\"https:\/\/schema.org\",\"@graph\":[{\"@type\":\"WebPage\",\"@id\":\"https:\/\/coelectrix.com\/pt-pt\/produto\/flanges-cabos-clips-nylon-preto-300x48mm\",\"url\":\"https:\/\/coelectrix.com\/pt-pt\/produto\/flanges-cabos-clips-nylon-preto-300x48mm\",\"name\":\"\u25b7 Abra\u00e7adeiras Abra\u00e7adeiras de Nylon Preto 368x4,8mm 100 pcs. | Coelectrix.com\",\"isPartOf\":{\"@id\":\"https:\/\/coelectrix.com\/pt-pt\/#website\"},\"primaryImageOfPage\":{\"@id\":\"https:\/\/coelectrix.com\/pt-pt\/produto\/flanges-cabos-clips-nylon-preto-300x48mm#primaryimage\"},\"image\":{\"@id\":\"https:\/\/coelectrix.com\/pt-pt\/produto\/flanges-cabos-clips-nylon-preto-300x48mm#primaryimage\"},\"thumbnailUrl\":\"https:\/\/coelectrix.com\/wp-content\/uploads\/2023\/09\/bridas-nylon-negras.jpg\",\"datePublished\":\"2023-09-23T08:14:12+00:00\",\"dateModified\":\"2025-08-19T04:01:22+00:00\",\"breadcrumb\":{\"@id\":\"https:\/\/coelectrix.com\/pt-pt\/produto\/flanges-cabos-clips-nylon-preto-300x48mm#breadcrumb\"},\"inLanguage\":\"pt-PT\",\"potentialAction\":[{\"@type\":\"ReadAction\",\"target\":[\"https:\/\/coelectrix.com\/pt-pt\/produto\/flanges-cabos-clips-nylon-preto-300x48mm\"]}]},{\"@type\":\"ImageObject\",\"inLanguage\":\"pt-PT\",\"@id\":\"https:\/\/coelectrix.com\/pt-pt\/produto\/flanges-cabos-clips-nylon-preto-300x48mm#primaryimage\",\"url\":\"https:\/\/coelectrix.com\/wp-content\/uploads\/2023\/09\/bridas-nylon-negras.jpg\",\"contentUrl\":\"https:\/\/coelectrix.com\/wp-content\/uploads\/2023\/09\/bridas-nylon-negras.jpg\",\"width\":600,\"height\":600},{\"@type\":\"BreadcrumbList\",\"@id\":\"https:\/\/coelectrix.com\/pt-pt\/produto\/flanges-cabos-clips-nylon-preto-300x48mm#breadcrumb\",\"itemListElement\":[{\"@type\":\"ListItem\",\"position\":1,\"name\":\"Portada\",\"item\":\"https:\/\/coelectrix.com\/\"},{\"@type\":\"ListItem\",\"position\":2,\"name\":\"Loja\",\"item\":\"https:\/\/coelectrix.com\/pt-pt\/loja\"},{\"@type\":\"ListItem\",\"position\":3,\"name\":\"Abra\u00e7adeiras Abra\u00e7adeiras de Nylon Preto 368&#215;4,8mm 100 pcs.\"}]},{\"@type\":\"WebSite\",\"@id\":\"https:\/\/coelectrix.com\/pt-pt\/#website\",\"url\":\"https:\/\/coelectrix.com\/pt-pt\/\",\"name\":\"Coelectrix\",\"description\":\"Componentes el\u00e9ctricos\",\"publisher\":{\"@id\":\"https:\/\/coelectrix.com\/pt-pt\/#organization\"},\"potentialAction\":[{\"@type\":\"SearchAction\",\"target\":{\"@type\":\"EntryPoint\",\"urlTemplate\":\"https:\/\/coelectrix.com\/pt-pt\/?s={search_term_string}\"},\"query-input\":{\"@type\":\"PropertyValueSpecification\",\"valueRequired\":true,\"valueName\":\"search_term_string\"}}],\"inLanguage\":\"pt-PT\"},{\"@type\":\"Organization\",\"@id\":\"https:\/\/coelectrix.com\/pt-pt\/#organization\",\"name\":\"coelectrix.com\",\"url\":\"https:\/\/coelectrix.com\/pt-pt\/\",\"logo\":{\"@type\":\"ImageObject\",\"inLanguage\":\"pt-PT\",\"@id\":\"https:\/\/coelectrix.com\/pt-pt\/#\/schema\/logo\/image\/\",\"url\":\"https:\/\/coelectrix.com\/wp-content\/uploads\/2018\/05\/logo-coelectrix-400x400.jpg\",\"contentUrl\":\"https:\/\/coelectrix.com\/wp-content\/uploads\/2018\/05\/logo-coelectrix-400x400.jpg\",\"width\":300,\"height\":300,\"caption\":\"coelectrix.com\"},\"image\":{\"@id\":\"https:\/\/coelectrix.com\/pt-pt\/#\/schema\/logo\/image\/\"}}]}<\/script>\n<!-- \/ Yoast SEO plugin. -->","yoast_head_json":{"title":"\u25b7 Abra\u00e7adeiras Abra\u00e7adeiras de Nylon Preto 368x4,8mm 100 pcs. | Coelectrix.com","robots":{"index":"index","follow":"follow","max-snippet":"max-snippet:-1","max-image-preview":"max-image-preview:large","max-video-preview":"max-video-preview:-1"},"canonical":"https:\/\/coelectrix.com\/pt-pt\/produto\/flanges-cabos-clips-nylon-preto-300x48mm","og_locale":"pt_PT","og_type":"article","og_title":"\u25b7 Abra\u00e7adeiras Abra\u00e7adeiras de Nylon Preto 368x4,8mm 100 pcs. | Coelectrix.com","og_description":"Abra\u00e7adeiras de nylon de cor preta 368x4,8mm (100 unid.)  Material: NYLON 66 Homologado  Classifica\u00e7\u00e3o de inflamabilidade 94 V-2  Fabricadas de acordo com as especifica\u00e7\u00f5es militares MS-3367.  Cor: PRETO  Pre\u00e7o por pacote de 100 unidades.  Tamanho: 100mm (comprimento) 2,5mm (largura) O pre\u00e7o \u00e9 para um pacote de 100 abra\u00e7adeiras.","og_url":"https:\/\/coelectrix.com\/pt-pt\/produto\/flanges-cabos-clips-nylon-preto-300x48mm","og_site_name":"Coelectrix","article_modified_time":"2025-08-19T04:01:22+00:00","og_image":[{"width":600,"height":600,"url":"https:\/\/coelectrix.com\/wp-content\/uploads\/2023\/09\/bridas-nylon-negras.jpg","type":"image\/jpeg"}],"twitter_card":"summary_large_image","schema":{"@context":"https:\/\/schema.org","@graph":[{"@type":"WebPage","@id":"https:\/\/coelectrix.com\/pt-pt\/produto\/flanges-cabos-clips-nylon-preto-300x48mm","url":"https:\/\/coelectrix.com\/pt-pt\/produto\/flanges-cabos-clips-nylon-preto-300x48mm","name":"\u25b7 Abra\u00e7adeiras Abra\u00e7adeiras de Nylon Preto 368x4,8mm 100 pcs. | Coelectrix.com","isPartOf":{"@id":"https:\/\/coelectrix.com\/pt-pt\/#website"},"primaryImageOfPage":{"@id":"https:\/\/coelectrix.com\/pt-pt\/produto\/flanges-cabos-clips-nylon-preto-300x48mm#primaryimage"},"image":{"@id":"https:\/\/coelectrix.com\/pt-pt\/produto\/flanges-cabos-clips-nylon-preto-300x48mm#primaryimage"},"thumbnailUrl":"https:\/\/coelectrix.com\/wp-content\/uploads\/2023\/09\/bridas-nylon-negras.jpg","datePublished":"2023-09-23T08:14:12+00:00","dateModified":"2025-08-19T04:01:22+00:00","breadcrumb":{"@id":"https:\/\/coelectrix.com\/pt-pt\/produto\/flanges-cabos-clips-nylon-preto-300x48mm#breadcrumb"},"inLanguage":"pt-PT","potentialAction":[{"@type":"ReadAction","target":["https:\/\/coelectrix.com\/pt-pt\/produto\/flanges-cabos-clips-nylon-preto-300x48mm"]}]},{"@type":"ImageObject","inLanguage":"pt-PT","@id":"https:\/\/coelectrix.com\/pt-pt\/produto\/flanges-cabos-clips-nylon-preto-300x48mm#primaryimage","url":"https:\/\/coelectrix.com\/wp-content\/uploads\/2023\/09\/bridas-nylon-negras.jpg","contentUrl":"https:\/\/coelectrix.com\/wp-content\/uploads\/2023\/09\/bridas-nylon-negras.jpg","width":600,"height":600},{"@type":"BreadcrumbList","@id":"https:\/\/coelectrix.com\/pt-pt\/produto\/flanges-cabos-clips-nylon-preto-300x48mm#breadcrumb","itemListElement":[{"@type":"ListItem","position":1,"name":"Portada","item":"https:\/\/coelectrix.com\/"},{"@type":"ListItem","position":2,"name":"Loja","item":"https:\/\/coelectrix.com\/pt-pt\/loja"},{"@type":"ListItem","position":3,"name":"Abra\u00e7adeiras Abra\u00e7adeiras de Nylon Preto 368&#215;4,8mm 100 pcs."}]},{"@type":"WebSite","@id":"https:\/\/coelectrix.com\/pt-pt\/#website","url":"https:\/\/coelectrix.com\/pt-pt\/","name":"Coelectrix","description":"Componentes el\u00e9ctricos","publisher":{"@id":"https:\/\/coelectrix.com\/pt-pt\/#organization"},"potentialAction":[{"@type":"SearchAction","target":{"@type":"EntryPoint","urlTemplate":"https:\/\/coelectrix.com\/pt-pt\/?s={search_term_string}"},"query-input":{"@type":"PropertyValueSpecification","valueRequired":true,"valueName":"search_term_string"}}],"inLanguage":"pt-PT"},{"@type":"Organization","@id":"https:\/\/coelectrix.com\/pt-pt\/#organization","name":"coelectrix.com","url":"https:\/\/coelectrix.com\/pt-pt\/","logo":{"@type":"ImageObject","inLanguage":"pt-PT","@id":"https:\/\/coelectrix.com\/pt-pt\/#\/schema\/logo\/image\/","url":"https:\/\/coelectrix.com\/wp-content\/uploads\/2018\/05\/logo-coelectrix-400x400.jpg","contentUrl":"https:\/\/coelectrix.com\/wp-content\/uploads\/2018\/05\/logo-coelectrix-400x400.jpg","width":300,"height":300,"caption":"coelectrix.com"},"image":{"@id":"https:\/\/coelectrix.com\/pt-pt\/#\/schema\/logo\/image\/"}}]}},"_links":{"self":[{"href":"https:\/\/coelectrix.com\/pt-pt\/wp-json\/wp\/v2\/product\/74869","targetHints":{"allow":["GET"]}}],"collection":[{"href":"https:\/\/coelectrix.com\/pt-pt\/wp-json\/wp\/v2\/product"}],"about":[{"href":"https:\/\/coelectrix.com\/pt-pt\/wp-json\/wp\/v2\/types\/product"}],"version-history":[{"count":1,"href":"https:\/\/coelectrix.com\/pt-pt\/wp-json\/wp\/v2\/product\/74869\/revisions"}],"predecessor-version":[{"id":75303,"href":"https:\/\/coelectrix.com\/pt-pt\/wp-json\/wp\/v2\/product\/74869\/revisions\/75303"}],"wp:featuredmedia":[{"embeddable":true,"href":"https:\/\/coelectrix.com\/pt-pt\/wp-json\/wp\/v2\/media\/74257"}],"wp:attachment":[{"href":"https:\/\/coelectrix.com\/pt-pt\/wp-json\/wp\/v2\/media?parent=74869"}],"wp:term":[{"taxonomy":"product_brand","embeddable":true,"href":"https:\/\/coelectrix.com\/pt-pt\/wp-json\/wp\/v2\/product_brand?post=74869"},{"taxonomy":"product_cat","embeddable":true,"href":"https:\/\/coelectrix.com\/pt-pt\/wp-json\/wp\/v2\/product_cat?post=74869"},{"taxonomy":"product_tag","embeddable":true,"href":"https:\/\/coelectrix.com\/pt-pt\/wp-json\/wp\/v2\/product_tag?post=74869"}],"curies":[{"name":"wp","href":"https:\/\/api.w.org\/{rel}","templated":true}]}}