{"id":74876,"date":"2020-03-22T09:39:43","date_gmt":"2020-03-22T08:39:43","guid":{"rendered":"https:\/\/coelectrix.com\/producto\/flanges-de-montagem-em-painel"},"modified":"2025-08-19T06:04:12","modified_gmt":"2025-08-19T04:04:12","slug":"flanges-de-montagem-em-painel","status":"publish","type":"product","link":"https:\/\/coelectrix.com\/pt-pt\/produto\/flange-de-montagem-em-painel-flanges-de-montagem-em-painel","title":{"rendered":"Flanges de montagem em painel"},"content":{"rendered":"<h1>Suportes de montagem em painel<\/h1>\n<p>Para a fixa\u00e7\u00e3o de cabos ou tubos, montagem em painel por meio de um tamp\u00e3o de press\u00e3o incorporado na pr\u00f3pria abra\u00e7adeira.<\/p>\n<p>2 formatos dispon\u00edveis<\/p>\n<p><img fetchpriority=\"high\" decoding=\"async\" class=\"alignnone wp-image-25328\" src=\"https:\/\/coelectrix.com\/wp-content\/uploads\/2020\/03\/bridas-a-panel-300x300.jpg\" alt=\"\" width=\"378\" height=\"378\" srcset=\"https:\/\/coelectrix.com\/wp-content\/uploads\/2020\/03\/bridas-a-panel-300x300.jpg 300w, https:\/\/coelectrix.com\/wp-content\/uploads\/2020\/03\/bridas-a-panel-196x196.jpg 196w, https:\/\/coelectrix.com\/wp-content\/uploads\/2020\/03\/bridas-a-panel-100x100.jpg 100w, https:\/\/coelectrix.com\/wp-content\/uploads\/2020\/03\/bridas-a-panel-416x416.jpg 416w, https:\/\/coelectrix.com\/wp-content\/uploads\/2020\/03\/bridas-a-panel-64x64.jpg 64w, https:\/\/coelectrix.com\/wp-content\/uploads\/2020\/03\/bridas-a-panel-150x150.jpg 150w, https:\/\/coelectrix.com\/wp-content\/uploads\/2020\/03\/bridas-a-panel-768x768.jpg 768w, https:\/\/coelectrix.com\/wp-content\/uploads\/2020\/03\/bridas-a-panel.jpg 800w\" sizes=\"(max-width: 378px) 100vw, 378px\" \/><\/p>\n<p><img decoding=\"async\" class=\" wp-image-25318 aligncenter\" src=\"https:\/\/coelectrix.com\/wp-content\/uploads\/2020\/03\/bridas-de-montaje-a-panel-medidas-300x300.jpg\" alt=\"\" width=\"540\" height=\"540\" srcset=\"https:\/\/coelectrix.com\/wp-content\/uploads\/2020\/03\/bridas-de-montaje-a-panel-medidas-300x300.jpg 300w, https:\/\/coelectrix.com\/wp-content\/uploads\/2020\/03\/bridas-de-montaje-a-panel-medidas-196x196.jpg 196w, https:\/\/coelectrix.com\/wp-content\/uploads\/2020\/03\/bridas-de-montaje-a-panel-medidas-100x100.jpg 100w, https:\/\/coelectrix.com\/wp-content\/uploads\/2020\/03\/bridas-de-montaje-a-panel-medidas-416x416.jpg 416w, https:\/\/coelectrix.com\/wp-content\/uploads\/2020\/03\/bridas-de-montaje-a-panel-medidas-64x64.jpg 64w, https:\/\/coelectrix.com\/wp-content\/uploads\/2020\/03\/bridas-de-montaje-a-panel-medidas-150x150.jpg 150w, https:\/\/coelectrix.com\/wp-content\/uploads\/2020\/03\/bridas-de-montaje-a-panel-medidas-768x768.jpg 768w, https:\/\/coelectrix.com\/wp-content\/uploads\/2020\/03\/bridas-de-montaje-a-panel-medidas.jpg 800w\" sizes=\"(max-width: 540px) 100vw, 540px\" \/><\/p>\n","protected":false},"excerpt":{"rendered":"<p>Abra\u00e7adeiras ou outros objectos para montagem em painel por meio de um bloco de press\u00e3o incorporado.<\/p>\n<p>2 modelos dispon\u00edveis<\/p>\n","protected":false},"featured_media":73282,"template":"","meta":{"_acf_changed":false},"product_brand":[],"product_cat":[1344,1343],"product_tag":[],"class_list":{"0":"post-74876","1":"product","2":"type-product","3":"status-publish","4":"has-post-thumbnail","6":"product_cat-abracadeiras","7":"product_cat-prensa-cabos-abracadeiras-abracadeiras-abracadeiras","9":"first","10":"instock","11":"taxable","12":"shipping-taxable","13":"purchasable","14":"product-type-variable"},"acf":[],"yoast_head":"<!-- This site is optimized with the Yoast SEO plugin v27.2 - https:\/\/yoast.com\/product\/yoast-seo-wordpress\/ -->\n<title>\u25b7 Flanges de montagem em painel | Coelectrix.com<\/title>\n<meta name=\"robots\" content=\"index, follow, max-snippet:-1, max-image-preview:large, max-video-preview:-1\" \/>\n<link rel=\"canonical\" href=\"https:\/\/coelectrix.com\/pt-pt\/produto\/flange-de-montagem-em-painel-flanges-de-montagem-em-painel\" \/>\n<meta property=\"og:locale\" content=\"pt_PT\" \/>\n<meta property=\"og:type\" content=\"article\" \/>\n<meta property=\"og:title\" content=\"\u25b7 Flanges de montagem em painel | Coelectrix.com\" \/>\n<meta property=\"og:description\" content=\"Abra\u00e7adeiras ou outros objectos para montagem em painel por meio de um bloco de press\u00e3o incorporado. 2 modelos dispon\u00edveis\" \/>\n<meta property=\"og:url\" content=\"https:\/\/coelectrix.com\/pt-pt\/produto\/flange-de-montagem-em-painel-flanges-de-montagem-em-painel\" \/>\n<meta property=\"og:site_name\" content=\"Coelectrix\" \/>\n<meta property=\"article:modified_time\" content=\"2025-08-19T04:04:12+00:00\" \/>\n<meta property=\"og:image\" content=\"https:\/\/coelectrix.com\/wp-content\/uploads\/2020\/03\/bridas-de-montaje-a-panel.jpg\" \/>\n\t<meta property=\"og:image:width\" content=\"800\" \/>\n\t<meta property=\"og:image:height\" content=\"800\" \/>\n\t<meta property=\"og:image:type\" content=\"image\/jpeg\" \/>\n<meta name=\"twitter:card\" content=\"summary_large_image\" \/>\n<script type=\"application\/ld+json\" class=\"yoast-schema-graph\">{\"@context\":\"https:\/\/schema.org\",\"@graph\":[{\"@type\":\"WebPage\",\"@id\":\"https:\/\/coelectrix.com\/pt-pt\/produto\/flange-de-montagem-em-painel-flanges-de-montagem-em-painel\",\"url\":\"https:\/\/coelectrix.com\/pt-pt\/produto\/flange-de-montagem-em-painel-flanges-de-montagem-em-painel\",\"name\":\"\u25b7 Flanges de montagem em painel | Coelectrix.com\",\"isPartOf\":{\"@id\":\"https:\/\/coelectrix.com\/pt-pt\/#website\"},\"primaryImageOfPage\":{\"@id\":\"https:\/\/coelectrix.com\/pt-pt\/produto\/flange-de-montagem-em-painel-flanges-de-montagem-em-painel#primaryimage\"},\"image\":{\"@id\":\"https:\/\/coelectrix.com\/pt-pt\/produto\/flange-de-montagem-em-painel-flanges-de-montagem-em-painel#primaryimage\"},\"thumbnailUrl\":\"https:\/\/coelectrix.com\/wp-content\/uploads\/2020\/03\/bridas-de-montaje-a-panel.jpg\",\"datePublished\":\"2020-03-22T08:39:43+00:00\",\"dateModified\":\"2025-08-19T04:04:12+00:00\",\"breadcrumb\":{\"@id\":\"https:\/\/coelectrix.com\/pt-pt\/produto\/flange-de-montagem-em-painel-flanges-de-montagem-em-painel#breadcrumb\"},\"inLanguage\":\"pt-PT\",\"potentialAction\":[{\"@type\":\"ReadAction\",\"target\":[\"https:\/\/coelectrix.com\/pt-pt\/produto\/flange-de-montagem-em-painel-flanges-de-montagem-em-painel\"]}]},{\"@type\":\"ImageObject\",\"inLanguage\":\"pt-PT\",\"@id\":\"https:\/\/coelectrix.com\/pt-pt\/produto\/flange-de-montagem-em-painel-flanges-de-montagem-em-painel#primaryimage\",\"url\":\"https:\/\/coelectrix.com\/wp-content\/uploads\/2020\/03\/bridas-de-montaje-a-panel.jpg\",\"contentUrl\":\"https:\/\/coelectrix.com\/wp-content\/uploads\/2020\/03\/bridas-de-montaje-a-panel.jpg\",\"width\":800,\"height\":800,\"caption\":\"Flanges de montagem em painel\"},{\"@type\":\"BreadcrumbList\",\"@id\":\"https:\/\/coelectrix.com\/pt-pt\/produto\/flange-de-montagem-em-painel-flanges-de-montagem-em-painel#breadcrumb\",\"itemListElement\":[{\"@type\":\"ListItem\",\"position\":1,\"name\":\"Portada\",\"item\":\"https:\/\/coelectrix.com\/\"},{\"@type\":\"ListItem\",\"position\":2,\"name\":\"Loja\",\"item\":\"https:\/\/coelectrix.com\/pt-pt\/loja\"},{\"@type\":\"ListItem\",\"position\":3,\"name\":\"Flanges de montagem em painel\"}]},{\"@type\":\"WebSite\",\"@id\":\"https:\/\/coelectrix.com\/pt-pt\/#website\",\"url\":\"https:\/\/coelectrix.com\/pt-pt\/\",\"name\":\"Coelectrix\",\"description\":\"Componentes el\u00e9ctricos\",\"publisher\":{\"@id\":\"https:\/\/coelectrix.com\/pt-pt\/#organization\"},\"potentialAction\":[{\"@type\":\"SearchAction\",\"target\":{\"@type\":\"EntryPoint\",\"urlTemplate\":\"https:\/\/coelectrix.com\/pt-pt\/?s={search_term_string}\"},\"query-input\":{\"@type\":\"PropertyValueSpecification\",\"valueRequired\":true,\"valueName\":\"search_term_string\"}}],\"inLanguage\":\"pt-PT\"},{\"@type\":\"Organization\",\"@id\":\"https:\/\/coelectrix.com\/pt-pt\/#organization\",\"name\":\"coelectrix.com\",\"url\":\"https:\/\/coelectrix.com\/pt-pt\/\",\"logo\":{\"@type\":\"ImageObject\",\"inLanguage\":\"pt-PT\",\"@id\":\"https:\/\/coelectrix.com\/pt-pt\/#\/schema\/logo\/image\/\",\"url\":\"https:\/\/coelectrix.com\/wp-content\/uploads\/2018\/05\/logo-coelectrix-400x400.jpg\",\"contentUrl\":\"https:\/\/coelectrix.com\/wp-content\/uploads\/2018\/05\/logo-coelectrix-400x400.jpg\",\"width\":300,\"height\":300,\"caption\":\"coelectrix.com\"},\"image\":{\"@id\":\"https:\/\/coelectrix.com\/pt-pt\/#\/schema\/logo\/image\/\"}}]}<\/script>\n<!-- \/ Yoast SEO plugin. -->","yoast_head_json":{"title":"\u25b7 Flanges de montagem em painel | Coelectrix.com","robots":{"index":"index","follow":"follow","max-snippet":"max-snippet:-1","max-image-preview":"max-image-preview:large","max-video-preview":"max-video-preview:-1"},"canonical":"https:\/\/coelectrix.com\/pt-pt\/produto\/flange-de-montagem-em-painel-flanges-de-montagem-em-painel","og_locale":"pt_PT","og_type":"article","og_title":"\u25b7 Flanges de montagem em painel | Coelectrix.com","og_description":"Abra\u00e7adeiras ou outros objectos para montagem em painel por meio de um bloco de press\u00e3o incorporado. 2 modelos dispon\u00edveis","og_url":"https:\/\/coelectrix.com\/pt-pt\/produto\/flange-de-montagem-em-painel-flanges-de-montagem-em-painel","og_site_name":"Coelectrix","article_modified_time":"2025-08-19T04:04:12+00:00","og_image":[{"width":800,"height":800,"url":"https:\/\/coelectrix.com\/wp-content\/uploads\/2020\/03\/bridas-de-montaje-a-panel.jpg","type":"image\/jpeg"}],"twitter_card":"summary_large_image","schema":{"@context":"https:\/\/schema.org","@graph":[{"@type":"WebPage","@id":"https:\/\/coelectrix.com\/pt-pt\/produto\/flange-de-montagem-em-painel-flanges-de-montagem-em-painel","url":"https:\/\/coelectrix.com\/pt-pt\/produto\/flange-de-montagem-em-painel-flanges-de-montagem-em-painel","name":"\u25b7 Flanges de montagem em painel | Coelectrix.com","isPartOf":{"@id":"https:\/\/coelectrix.com\/pt-pt\/#website"},"primaryImageOfPage":{"@id":"https:\/\/coelectrix.com\/pt-pt\/produto\/flange-de-montagem-em-painel-flanges-de-montagem-em-painel#primaryimage"},"image":{"@id":"https:\/\/coelectrix.com\/pt-pt\/produto\/flange-de-montagem-em-painel-flanges-de-montagem-em-painel#primaryimage"},"thumbnailUrl":"https:\/\/coelectrix.com\/wp-content\/uploads\/2020\/03\/bridas-de-montaje-a-panel.jpg","datePublished":"2020-03-22T08:39:43+00:00","dateModified":"2025-08-19T04:04:12+00:00","breadcrumb":{"@id":"https:\/\/coelectrix.com\/pt-pt\/produto\/flange-de-montagem-em-painel-flanges-de-montagem-em-painel#breadcrumb"},"inLanguage":"pt-PT","potentialAction":[{"@type":"ReadAction","target":["https:\/\/coelectrix.com\/pt-pt\/produto\/flange-de-montagem-em-painel-flanges-de-montagem-em-painel"]}]},{"@type":"ImageObject","inLanguage":"pt-PT","@id":"https:\/\/coelectrix.com\/pt-pt\/produto\/flange-de-montagem-em-painel-flanges-de-montagem-em-painel#primaryimage","url":"https:\/\/coelectrix.com\/wp-content\/uploads\/2020\/03\/bridas-de-montaje-a-panel.jpg","contentUrl":"https:\/\/coelectrix.com\/wp-content\/uploads\/2020\/03\/bridas-de-montaje-a-panel.jpg","width":800,"height":800,"caption":"Flanges de montagem em painel"},{"@type":"BreadcrumbList","@id":"https:\/\/coelectrix.com\/pt-pt\/produto\/flange-de-montagem-em-painel-flanges-de-montagem-em-painel#breadcrumb","itemListElement":[{"@type":"ListItem","position":1,"name":"Portada","item":"https:\/\/coelectrix.com\/"},{"@type":"ListItem","position":2,"name":"Loja","item":"https:\/\/coelectrix.com\/pt-pt\/loja"},{"@type":"ListItem","position":3,"name":"Flanges de montagem em painel"}]},{"@type":"WebSite","@id":"https:\/\/coelectrix.com\/pt-pt\/#website","url":"https:\/\/coelectrix.com\/pt-pt\/","name":"Coelectrix","description":"Componentes el\u00e9ctricos","publisher":{"@id":"https:\/\/coelectrix.com\/pt-pt\/#organization"},"potentialAction":[{"@type":"SearchAction","target":{"@type":"EntryPoint","urlTemplate":"https:\/\/coelectrix.com\/pt-pt\/?s={search_term_string}"},"query-input":{"@type":"PropertyValueSpecification","valueRequired":true,"valueName":"search_term_string"}}],"inLanguage":"pt-PT"},{"@type":"Organization","@id":"https:\/\/coelectrix.com\/pt-pt\/#organization","name":"coelectrix.com","url":"https:\/\/coelectrix.com\/pt-pt\/","logo":{"@type":"ImageObject","inLanguage":"pt-PT","@id":"https:\/\/coelectrix.com\/pt-pt\/#\/schema\/logo\/image\/","url":"https:\/\/coelectrix.com\/wp-content\/uploads\/2018\/05\/logo-coelectrix-400x400.jpg","contentUrl":"https:\/\/coelectrix.com\/wp-content\/uploads\/2018\/05\/logo-coelectrix-400x400.jpg","width":300,"height":300,"caption":"coelectrix.com"},"image":{"@id":"https:\/\/coelectrix.com\/pt-pt\/#\/schema\/logo\/image\/"}}]}},"_links":{"self":[{"href":"https:\/\/coelectrix.com\/pt-pt\/wp-json\/wp\/v2\/product\/74876","targetHints":{"allow":["GET"]}}],"collection":[{"href":"https:\/\/coelectrix.com\/pt-pt\/wp-json\/wp\/v2\/product"}],"about":[{"href":"https:\/\/coelectrix.com\/pt-pt\/wp-json\/wp\/v2\/types\/product"}],"version-history":[{"count":1,"href":"https:\/\/coelectrix.com\/pt-pt\/wp-json\/wp\/v2\/product\/74876\/revisions"}],"predecessor-version":[{"id":75354,"href":"https:\/\/coelectrix.com\/pt-pt\/wp-json\/wp\/v2\/product\/74876\/revisions\/75354"}],"wp:featuredmedia":[{"embeddable":true,"href":"https:\/\/coelectrix.com\/pt-pt\/wp-json\/wp\/v2\/media\/73282"}],"wp:attachment":[{"href":"https:\/\/coelectrix.com\/pt-pt\/wp-json\/wp\/v2\/media?parent=74876"}],"wp:term":[{"taxonomy":"product_brand","embeddable":true,"href":"https:\/\/coelectrix.com\/pt-pt\/wp-json\/wp\/v2\/product_brand?post=74876"},{"taxonomy":"product_cat","embeddable":true,"href":"https:\/\/coelectrix.com\/pt-pt\/wp-json\/wp\/v2\/product_cat?post=74876"},{"taxonomy":"product_tag","embeddable":true,"href":"https:\/\/coelectrix.com\/pt-pt\/wp-json\/wp\/v2\/product_tag?post=74876"}],"curies":[{"name":"wp","href":"https:\/\/api.w.org\/{rel}","templated":true}]}}