{"id":74879,"date":"2019-08-17T11:11:27","date_gmt":"2019-08-17T09:11:27","guid":{"rendered":"https:\/\/coelectrix.com\/producto\/abracadeiras-coloridas"},"modified":"2025-08-19T06:04:43","modified_gmt":"2025-08-19T04:04:43","slug":"abracadeiras-coloridas","status":"publish","type":"product","link":"https:\/\/coelectrix.com\/pt-pt\/produto\/franjas-de-cabos-de-cor-fixadores-de-cor","title":{"rendered":"Abra\u00e7adeiras coloridas"},"content":{"rendered":"<h1>Abra\u00e7adeiras coloridas<\/h1>\n<p><strong>Embalagem de 100 unidades.<br \/>\nMaterial:<\/strong> Nylon<br \/>\n<strong>Medidas<\/strong>: Comprimento 100mm.  Largura: 2,5mm.<\/p>\n<p>7 cores dispon\u00edveis<\/p>\n<h2><\/h2>\n","protected":false},"excerpt":{"rendered":"<p>Abra\u00e7adeiras coloridas.<br \/>\nIdeais para fixar feixes de cabos ou para marcar grupos para diferenciar por cores.<\/p>\n<p>Embalagens de 100 unidades. O pre\u00e7o indicado \u00e9 para 100 unidades.<\/p>\n<p><strong>Material:<\/strong> Nylon<br \/>\n<strong>Medidas<\/strong>: Comprimento 100mm.  Largura: 2,5mm.<\/p>\n<p>Dispon\u00edvel em 10 cores no menu suspenso.<\/p>\n","protected":false},"featured_media":73055,"template":"","meta":{"_acf_changed":false},"product_brand":[],"product_cat":[1344],"product_tag":[],"class_list":{"0":"post-74879","1":"product","2":"type-product","3":"status-publish","4":"has-post-thumbnail","6":"product_cat-abracadeiras","8":"first","9":"instock","10":"taxable","11":"shipping-taxable","12":"purchasable","13":"product-type-variable"},"acf":[],"yoast_head":"<!-- This site is optimized with the Yoast SEO plugin v27.2 - https:\/\/yoast.com\/product\/yoast-seo-wordpress\/ -->\n<title>\u25b7 Abra\u00e7adeiras coloridas | Coelectrix.com<\/title>\n<meta name=\"description\" content=\"Abra\u00e7adeiras coloridas ideais para fixar e diferenciar grupos de cabos por cor. Abra\u00e7adeiras de nylon em v\u00e1rios tamanhos e cores.\" \/>\n<meta name=\"robots\" content=\"index, follow, max-snippet:-1, max-image-preview:large, max-video-preview:-1\" \/>\n<link rel=\"canonical\" href=\"https:\/\/coelectrix.com\/pt-pt\/produto\/franjas-de-cabos-de-cor-fixadores-de-cor\" \/>\n<meta property=\"og:locale\" content=\"pt_PT\" \/>\n<meta property=\"og:type\" content=\"article\" \/>\n<meta property=\"og:title\" content=\"\u25b7 Abra\u00e7adeiras coloridas | Coelectrix.com\" \/>\n<meta property=\"og:description\" content=\"Abra\u00e7adeiras coloridas ideais para fixar e diferenciar grupos de cabos por cor. Abra\u00e7adeiras de nylon em v\u00e1rios tamanhos e cores.\" \/>\n<meta property=\"og:url\" content=\"https:\/\/coelectrix.com\/pt-pt\/produto\/franjas-de-cabos-de-cor-fixadores-de-cor\" \/>\n<meta property=\"og:site_name\" content=\"Coelectrix\" \/>\n<meta property=\"article:modified_time\" content=\"2025-08-19T04:04:43+00:00\" \/>\n<meta property=\"og:image\" content=\"https:\/\/coelectrix.com\/wp-content\/uploads\/2019\/08\/bridas-de-colores.jpg\" \/>\n\t<meta property=\"og:image:width\" content=\"800\" \/>\n\t<meta property=\"og:image:height\" content=\"800\" \/>\n\t<meta property=\"og:image:type\" content=\"image\/jpeg\" \/>\n<meta name=\"twitter:card\" content=\"summary_large_image\" \/>\n<script type=\"application\/ld+json\" class=\"yoast-schema-graph\">{\"@context\":\"https:\/\/schema.org\",\"@graph\":[{\"@type\":\"WebPage\",\"@id\":\"https:\/\/coelectrix.com\/pt-pt\/produto\/franjas-de-cabos-de-cor-fixadores-de-cor\",\"url\":\"https:\/\/coelectrix.com\/pt-pt\/produto\/franjas-de-cabos-de-cor-fixadores-de-cor\",\"name\":\"\u25b7 Abra\u00e7adeiras coloridas | Coelectrix.com\",\"isPartOf\":{\"@id\":\"https:\/\/coelectrix.com\/pt-pt\/#website\"},\"primaryImageOfPage\":{\"@id\":\"https:\/\/coelectrix.com\/pt-pt\/produto\/franjas-de-cabos-de-cor-fixadores-de-cor#primaryimage\"},\"image\":{\"@id\":\"https:\/\/coelectrix.com\/pt-pt\/produto\/franjas-de-cabos-de-cor-fixadores-de-cor#primaryimage\"},\"thumbnailUrl\":\"https:\/\/coelectrix.com\/wp-content\/uploads\/2019\/08\/bridas-de-colores.jpg\",\"datePublished\":\"2019-08-17T09:11:27+00:00\",\"dateModified\":\"2025-08-19T04:04:43+00:00\",\"description\":\"Abra\u00e7adeiras coloridas ideais para fixar e diferenciar grupos de cabos por cor. Abra\u00e7adeiras de nylon em v\u00e1rios tamanhos e cores.\",\"breadcrumb\":{\"@id\":\"https:\/\/coelectrix.com\/pt-pt\/produto\/franjas-de-cabos-de-cor-fixadores-de-cor#breadcrumb\"},\"inLanguage\":\"pt-PT\",\"potentialAction\":[{\"@type\":\"ReadAction\",\"target\":[\"https:\/\/coelectrix.com\/pt-pt\/produto\/franjas-de-cabos-de-cor-fixadores-de-cor\"]}]},{\"@type\":\"ImageObject\",\"inLanguage\":\"pt-PT\",\"@id\":\"https:\/\/coelectrix.com\/pt-pt\/produto\/franjas-de-cabos-de-cor-fixadores-de-cor#primaryimage\",\"url\":\"https:\/\/coelectrix.com\/wp-content\/uploads\/2019\/08\/bridas-de-colores.jpg\",\"contentUrl\":\"https:\/\/coelectrix.com\/wp-content\/uploads\/2019\/08\/bridas-de-colores.jpg\",\"width\":800,\"height\":800,\"caption\":\"bra\u00e7adeiras coloridas para cabos\"},{\"@type\":\"BreadcrumbList\",\"@id\":\"https:\/\/coelectrix.com\/pt-pt\/produto\/franjas-de-cabos-de-cor-fixadores-de-cor#breadcrumb\",\"itemListElement\":[{\"@type\":\"ListItem\",\"position\":1,\"name\":\"Portada\",\"item\":\"https:\/\/coelectrix.com\/\"},{\"@type\":\"ListItem\",\"position\":2,\"name\":\"Loja\",\"item\":\"https:\/\/coelectrix.com\/pt-pt\/loja\"},{\"@type\":\"ListItem\",\"position\":3,\"name\":\"Abra\u00e7adeiras coloridas\"}]},{\"@type\":\"WebSite\",\"@id\":\"https:\/\/coelectrix.com\/pt-pt\/#website\",\"url\":\"https:\/\/coelectrix.com\/pt-pt\/\",\"name\":\"Coelectrix\",\"description\":\"Componentes el\u00e9ctricos\",\"publisher\":{\"@id\":\"https:\/\/coelectrix.com\/pt-pt\/#organization\"},\"potentialAction\":[{\"@type\":\"SearchAction\",\"target\":{\"@type\":\"EntryPoint\",\"urlTemplate\":\"https:\/\/coelectrix.com\/pt-pt\/?s={search_term_string}\"},\"query-input\":{\"@type\":\"PropertyValueSpecification\",\"valueRequired\":true,\"valueName\":\"search_term_string\"}}],\"inLanguage\":\"pt-PT\"},{\"@type\":\"Organization\",\"@id\":\"https:\/\/coelectrix.com\/pt-pt\/#organization\",\"name\":\"coelectrix.com\",\"url\":\"https:\/\/coelectrix.com\/pt-pt\/\",\"logo\":{\"@type\":\"ImageObject\",\"inLanguage\":\"pt-PT\",\"@id\":\"https:\/\/coelectrix.com\/pt-pt\/#\/schema\/logo\/image\/\",\"url\":\"https:\/\/coelectrix.com\/wp-content\/uploads\/2018\/05\/logo-coelectrix-400x400.jpg\",\"contentUrl\":\"https:\/\/coelectrix.com\/wp-content\/uploads\/2018\/05\/logo-coelectrix-400x400.jpg\",\"width\":300,\"height\":300,\"caption\":\"coelectrix.com\"},\"image\":{\"@id\":\"https:\/\/coelectrix.com\/pt-pt\/#\/schema\/logo\/image\/\"}}]}<\/script>\n<!-- \/ Yoast SEO plugin. -->","yoast_head_json":{"title":"\u25b7 Abra\u00e7adeiras coloridas | Coelectrix.com","description":"Abra\u00e7adeiras coloridas ideais para fixar e diferenciar grupos de cabos por cor. Abra\u00e7adeiras de nylon em v\u00e1rios tamanhos e cores.","robots":{"index":"index","follow":"follow","max-snippet":"max-snippet:-1","max-image-preview":"max-image-preview:large","max-video-preview":"max-video-preview:-1"},"canonical":"https:\/\/coelectrix.com\/pt-pt\/produto\/franjas-de-cabos-de-cor-fixadores-de-cor","og_locale":"pt_PT","og_type":"article","og_title":"\u25b7 Abra\u00e7adeiras coloridas | Coelectrix.com","og_description":"Abra\u00e7adeiras coloridas ideais para fixar e diferenciar grupos de cabos por cor. Abra\u00e7adeiras de nylon em v\u00e1rios tamanhos e cores.","og_url":"https:\/\/coelectrix.com\/pt-pt\/produto\/franjas-de-cabos-de-cor-fixadores-de-cor","og_site_name":"Coelectrix","article_modified_time":"2025-08-19T04:04:43+00:00","og_image":[{"width":800,"height":800,"url":"https:\/\/coelectrix.com\/wp-content\/uploads\/2019\/08\/bridas-de-colores.jpg","type":"image\/jpeg"}],"twitter_card":"summary_large_image","schema":{"@context":"https:\/\/schema.org","@graph":[{"@type":"WebPage","@id":"https:\/\/coelectrix.com\/pt-pt\/produto\/franjas-de-cabos-de-cor-fixadores-de-cor","url":"https:\/\/coelectrix.com\/pt-pt\/produto\/franjas-de-cabos-de-cor-fixadores-de-cor","name":"\u25b7 Abra\u00e7adeiras coloridas | Coelectrix.com","isPartOf":{"@id":"https:\/\/coelectrix.com\/pt-pt\/#website"},"primaryImageOfPage":{"@id":"https:\/\/coelectrix.com\/pt-pt\/produto\/franjas-de-cabos-de-cor-fixadores-de-cor#primaryimage"},"image":{"@id":"https:\/\/coelectrix.com\/pt-pt\/produto\/franjas-de-cabos-de-cor-fixadores-de-cor#primaryimage"},"thumbnailUrl":"https:\/\/coelectrix.com\/wp-content\/uploads\/2019\/08\/bridas-de-colores.jpg","datePublished":"2019-08-17T09:11:27+00:00","dateModified":"2025-08-19T04:04:43+00:00","description":"Abra\u00e7adeiras coloridas ideais para fixar e diferenciar grupos de cabos por cor. Abra\u00e7adeiras de nylon em v\u00e1rios tamanhos e cores.","breadcrumb":{"@id":"https:\/\/coelectrix.com\/pt-pt\/produto\/franjas-de-cabos-de-cor-fixadores-de-cor#breadcrumb"},"inLanguage":"pt-PT","potentialAction":[{"@type":"ReadAction","target":["https:\/\/coelectrix.com\/pt-pt\/produto\/franjas-de-cabos-de-cor-fixadores-de-cor"]}]},{"@type":"ImageObject","inLanguage":"pt-PT","@id":"https:\/\/coelectrix.com\/pt-pt\/produto\/franjas-de-cabos-de-cor-fixadores-de-cor#primaryimage","url":"https:\/\/coelectrix.com\/wp-content\/uploads\/2019\/08\/bridas-de-colores.jpg","contentUrl":"https:\/\/coelectrix.com\/wp-content\/uploads\/2019\/08\/bridas-de-colores.jpg","width":800,"height":800,"caption":"bra\u00e7adeiras coloridas para cabos"},{"@type":"BreadcrumbList","@id":"https:\/\/coelectrix.com\/pt-pt\/produto\/franjas-de-cabos-de-cor-fixadores-de-cor#breadcrumb","itemListElement":[{"@type":"ListItem","position":1,"name":"Portada","item":"https:\/\/coelectrix.com\/"},{"@type":"ListItem","position":2,"name":"Loja","item":"https:\/\/coelectrix.com\/pt-pt\/loja"},{"@type":"ListItem","position":3,"name":"Abra\u00e7adeiras coloridas"}]},{"@type":"WebSite","@id":"https:\/\/coelectrix.com\/pt-pt\/#website","url":"https:\/\/coelectrix.com\/pt-pt\/","name":"Coelectrix","description":"Componentes el\u00e9ctricos","publisher":{"@id":"https:\/\/coelectrix.com\/pt-pt\/#organization"},"potentialAction":[{"@type":"SearchAction","target":{"@type":"EntryPoint","urlTemplate":"https:\/\/coelectrix.com\/pt-pt\/?s={search_term_string}"},"query-input":{"@type":"PropertyValueSpecification","valueRequired":true,"valueName":"search_term_string"}}],"inLanguage":"pt-PT"},{"@type":"Organization","@id":"https:\/\/coelectrix.com\/pt-pt\/#organization","name":"coelectrix.com","url":"https:\/\/coelectrix.com\/pt-pt\/","logo":{"@type":"ImageObject","inLanguage":"pt-PT","@id":"https:\/\/coelectrix.com\/pt-pt\/#\/schema\/logo\/image\/","url":"https:\/\/coelectrix.com\/wp-content\/uploads\/2018\/05\/logo-coelectrix-400x400.jpg","contentUrl":"https:\/\/coelectrix.com\/wp-content\/uploads\/2018\/05\/logo-coelectrix-400x400.jpg","width":300,"height":300,"caption":"coelectrix.com"},"image":{"@id":"https:\/\/coelectrix.com\/pt-pt\/#\/schema\/logo\/image\/"}}]}},"_links":{"self":[{"href":"https:\/\/coelectrix.com\/pt-pt\/wp-json\/wp\/v2\/product\/74879","targetHints":{"allow":["GET"]}}],"collection":[{"href":"https:\/\/coelectrix.com\/pt-pt\/wp-json\/wp\/v2\/product"}],"about":[{"href":"https:\/\/coelectrix.com\/pt-pt\/wp-json\/wp\/v2\/types\/product"}],"version-history":[{"count":1,"href":"https:\/\/coelectrix.com\/pt-pt\/wp-json\/wp\/v2\/product\/74879\/revisions"}],"predecessor-version":[{"id":75362,"href":"https:\/\/coelectrix.com\/pt-pt\/wp-json\/wp\/v2\/product\/74879\/revisions\/75362"}],"wp:featuredmedia":[{"embeddable":true,"href":"https:\/\/coelectrix.com\/pt-pt\/wp-json\/wp\/v2\/media\/73055"}],"wp:attachment":[{"href":"https:\/\/coelectrix.com\/pt-pt\/wp-json\/wp\/v2\/media?parent=74879"}],"wp:term":[{"taxonomy":"product_brand","embeddable":true,"href":"https:\/\/coelectrix.com\/pt-pt\/wp-json\/wp\/v2\/product_brand?post=74879"},{"taxonomy":"product_cat","embeddable":true,"href":"https:\/\/coelectrix.com\/pt-pt\/wp-json\/wp\/v2\/product_cat?post=74879"},{"taxonomy":"product_tag","embeddable":true,"href":"https:\/\/coelectrix.com\/pt-pt\/wp-json\/wp\/v2\/product_tag?post=74879"}],"curies":[{"name":"wp","href":"https:\/\/api.w.org\/{rel}","templated":true}]}}