{"id":75033,"date":"2016-02-07T12:33:58","date_gmt":"2016-02-07T11:33:58","guid":{"rendered":"https:\/\/coelectrix.com\/producto\/cabo-automovel-flry-de-1mm2-100mt"},"modified":"2025-08-19T06:06:29","modified_gmt":"2025-08-19T04:06:29","slug":"cabo-automovel-flry-de-1mm2-100mt","status":"publish","type":"product","link":"https:\/\/coelectrix.com\/pt-pt\/produto\/cabo-automotivo-flry-cable-1mm","title":{"rendered":"Cabo autom\u00f3vel FLRY de 1mm2 (100mt.)"},"content":{"rendered":"<p>Bobina de 100 metros de cabo autom\u00f3vel FLRY 1 mm2<\/p>\n<p>Os cabos FLRY-B 105\u00ba s\u00e3o adequados para a cablagem de componentes para ve\u00edculos de transporte rodovi\u00e1rio. A sua espessura reduzida e a flexibilidade do cobre tornam-nos particularmente f\u00e1ceis de manusear.<\/p>\n<p>Condutor \u00fanico flex\u00edvel extrudido com isolamento reduzido em PVC resistente a altas temperaturas e ao ataque de \u00f3leos lubrificantes, hidrocarbonetos e efeitos abrasivos. Fabricados de acordo com a norma ISO 6722.<\/p>\n<p>Normas de refer\u00eancia:<\/p>\n<p>ISO 6722, constru\u00e7\u00e3o de espessura reduzida classe B.<\/p>\n<p>Outras sec\u00e7\u00f5es transversais de cabos <a href=\"http:\/\/www.coelectrix.com\/cable-electrico\/cable-automocion-flry\">aqui.<\/a><\/p>\n<table id=\"Caracteristicas\">\n<tbody>\n<tr>\n<th class=\"cabecera\">1. condutor<\/th>\n<td>Cobre eletrol\u00edtico flex\u00edvel Cu-ETP-1 de acordo com a norma DIN EN 13602<\/td>\n<\/tr>\n<tr>\n<th class=\"cabecera\">2. Isolamento<\/th>\n<td>PVC fino de acordo com a norma ISO 6722<\/td>\n<\/tr>\n<tr>\n<th class=\"cabecera\">Tens\u00e3o nominal<\/th>\n<td>60 V<\/td>\n<\/tr>\n<tr>\n<th class=\"cabecera\">Tens\u00e3o de teste<\/th>\n<td>&lt;0,5mm2 3.000 V \/\/ &gt;0,5mm2 5.000 V<\/td>\n<\/tr>\n<tr>\n<th class=\"cabecera\">Temperatura de funcionamento<\/th>\n<td>-40 \u00baC a 105 \u00baC<\/td>\n<\/tr>\n<\/tbody>\n<\/table>\n<p>Os nossos cabos para autom\u00f3veis s\u00e3o utilizados numa vasta gama de aplica\u00e7\u00f5es em ve\u00edculos, tais como cablagens convencionais, aplica\u00e7\u00f5es especiais como bombas de combust\u00edvel permanentemente submersas em dep\u00f3sitos de combust\u00edvel, bem como outras aplica\u00e7\u00f5es em sistemas ABS, sistemas de airbag de seguran\u00e7a, far\u00f3is, v\u00e1rios sensores, etc.<\/p>\n<p>No dom\u00ednio dos sistemas de qualidade, os fornecimentos ao sector autom\u00f3vel devem cumprir a norma ISO\/TS 16 949\/2002, que excede os requisitos da norma do sistema de gest\u00e3o da qualidade ISO 9000 utilizada noutros sectores industriais.<\/p>\n<p><img fetchpriority=\"high\" decoding=\"async\" class=\"alignnone size-full wp-image-28827\" src=\"https:\/\/coelectrix.com\/wp-content\/uploads\/2016\/02\/ficha-cable-flry-b-scaled.jpg\" alt=\"\" width=\"1810\" height=\"2560\" srcset=\"https:\/\/coelectrix.com\/wp-content\/uploads\/2016\/02\/ficha-cable-flry-b-scaled.jpg 1810w, https:\/\/coelectrix.com\/wp-content\/uploads\/2016\/02\/ficha-cable-flry-b-scaled-416x588.jpg 416w, https:\/\/coelectrix.com\/wp-content\/uploads\/2016\/02\/ficha-cable-flry-b-scaled-64x91.jpg 64w, https:\/\/coelectrix.com\/wp-content\/uploads\/2016\/02\/ficha-cable-flry-b-212x300.jpg 212w, https:\/\/coelectrix.com\/wp-content\/uploads\/2016\/02\/ficha-cable-flry-b-724x1024.jpg 724w, https:\/\/coelectrix.com\/wp-content\/uploads\/2016\/02\/ficha-cable-flry-b-768x1086.jpg 768w, https:\/\/coelectrix.com\/wp-content\/uploads\/2016\/02\/ficha-cable-flry-b-1086x1536.jpg 1086w, https:\/\/coelectrix.com\/wp-content\/uploads\/2016\/02\/ficha-cable-flry-b-1448x2048.jpg 1448w\" sizes=\"(max-width: 1810px) 100vw, 1810px\" \/><\/p>\n","protected":false},"excerpt":{"rendered":"<p><strong><span style=\"font-family: helvetica, arial, sans-serif;\">Cabo autom\u00f3vel FLRY, sec\u00e7\u00e3o 1 mm2<\/span><\/strong><\/p>\n<p><span style=\"font-family: helvetica, arial, sans-serif;\">Cabo especial para instala\u00e7\u00f5es em autom\u00f3veis ou m\u00e1quinas industriais.<\/span><\/p>\n<p><span style=\"font-family: helvetica, arial, sans-serif;\">Rolos de 100 metros.<\/span><\/p>\n<p><span style=\"font-family: helvetica, arial, sans-serif;\">Pre\u00e7o com IVA inclu\u00eddo.<\/span><\/p>\n<p><img decoding=\"async\" class=\"alignnone size-full wp-image-304\" src=\"https:\/\/coelectrix.com\/wp-content\/uploads\/2016\/03\/formas-de-pago.png\" alt=\"formas de pago\" width=\"245\" height=\"62\" srcset=\"https:\/\/coelectrix.com\/wp-content\/uploads\/2016\/03\/formas-de-pago.png 245w, https:\/\/coelectrix.com\/wp-content\/uploads\/2016\/03\/formas-de-pago-64x16.png 64w\" sizes=\"(max-width: 245px) 100vw, 245px\" \/><\/p>\n","protected":false},"featured_media":72444,"template":"","meta":{"_acf_changed":false},"product_brand":[],"product_cat":[1361],"product_tag":[1412],"class_list":{"0":"post-75033","1":"product","2":"type-product","3":"status-publish","4":"has-post-thumbnail","6":"product_cat-cabo-automovel-em-bobinas","7":"product_tag-cabo-para-automoveis","9":"first","10":"instock","11":"taxable","12":"shipping-taxable","13":"purchasable","14":"product-type-variable"},"acf":[],"yoast_head":"<!-- This site is optimized with the Yoast SEO plugin v27.2 - https:\/\/yoast.com\/product\/yoast-seo-wordpress\/ -->\n<title>\u25b7 Cabo autom\u00f3vel FLRY de 1mm2 (100mt.) | Coelectrix.com<\/title>\n<meta name=\"description\" content=\"O cabo autom\u00f3vel FLRY-B 105\u00ba \u00e9 adequado para a cablagem de componentes para ve\u00edculos de transporte rodovi\u00e1rio.\" \/>\n<meta name=\"robots\" content=\"index, follow, max-snippet:-1, max-image-preview:large, max-video-preview:-1\" \/>\n<link rel=\"canonical\" href=\"https:\/\/coelectrix.com\/pt-pt\/produto\/cabo-automotivo-flry-cable-1mm\" \/>\n<meta property=\"og:locale\" content=\"pt_PT\" \/>\n<meta property=\"og:type\" content=\"article\" \/>\n<meta property=\"og:title\" content=\"\u25b7 Cabo autom\u00f3vel FLRY de 1mm2 (100mt.) | Coelectrix.com\" \/>\n<meta property=\"og:description\" content=\"O cabo autom\u00f3vel FLRY-B 105\u00ba \u00e9 adequado para a cablagem de componentes para ve\u00edculos de transporte rodovi\u00e1rio.\" \/>\n<meta property=\"og:url\" content=\"https:\/\/coelectrix.com\/pt-pt\/produto\/cabo-automotivo-flry-cable-1mm\" \/>\n<meta property=\"og:site_name\" content=\"Coelectrix\" \/>\n<meta property=\"article:modified_time\" content=\"2025-08-19T04:06:29+00:00\" \/>\n<meta property=\"og:image\" content=\"https:\/\/coelectrix.com\/wp-content\/uploads\/2016\/02\/cable-automoci\u00f3n-2.jpg\" \/>\n\t<meta property=\"og:image:width\" content=\"640\" \/>\n\t<meta property=\"og:image:height\" content=\"480\" \/>\n\t<meta property=\"og:image:type\" content=\"image\/jpeg\" \/>\n<meta name=\"twitter:card\" content=\"summary_large_image\" \/>\n<meta name=\"twitter:label1\" content=\"Tempo estimado de leitura\" \/>\n\t<meta name=\"twitter:data1\" content=\"1 minuto\" \/>\n<script type=\"application\/ld+json\" class=\"yoast-schema-graph\">{\"@context\":\"https:\/\/schema.org\",\"@graph\":[{\"@type\":\"WebPage\",\"@id\":\"https:\/\/coelectrix.com\/pt-pt\/produto\/cabo-automotivo-flry-cable-1mm\",\"url\":\"https:\/\/coelectrix.com\/pt-pt\/produto\/cabo-automotivo-flry-cable-1mm\",\"name\":\"\u25b7 Cabo autom\u00f3vel FLRY de 1mm2 (100mt.) | Coelectrix.com\",\"isPartOf\":{\"@id\":\"https:\/\/coelectrix.com\/pt-pt\/#website\"},\"primaryImageOfPage\":{\"@id\":\"https:\/\/coelectrix.com\/pt-pt\/produto\/cabo-automotivo-flry-cable-1mm#primaryimage\"},\"image\":{\"@id\":\"https:\/\/coelectrix.com\/pt-pt\/produto\/cabo-automotivo-flry-cable-1mm#primaryimage\"},\"thumbnailUrl\":\"https:\/\/coelectrix.com\/wp-content\/uploads\/2016\/02\/cable-automoci\u00f3n-2.jpg\",\"datePublished\":\"2016-02-07T11:33:58+00:00\",\"dateModified\":\"2025-08-19T04:06:29+00:00\",\"description\":\"O cabo autom\u00f3vel FLRY-B 105\u00ba \u00e9 adequado para a cablagem de componentes para ve\u00edculos de transporte rodovi\u00e1rio.\",\"breadcrumb\":{\"@id\":\"https:\/\/coelectrix.com\/pt-pt\/produto\/cabo-automotivo-flry-cable-1mm#breadcrumb\"},\"inLanguage\":\"pt-PT\",\"potentialAction\":[{\"@type\":\"ReadAction\",\"target\":[\"https:\/\/coelectrix.com\/pt-pt\/produto\/cabo-automotivo-flry-cable-1mm\"]}]},{\"@type\":\"ImageObject\",\"inLanguage\":\"pt-PT\",\"@id\":\"https:\/\/coelectrix.com\/pt-pt\/produto\/cabo-automotivo-flry-cable-1mm#primaryimage\",\"url\":\"https:\/\/coelectrix.com\/wp-content\/uploads\/2016\/02\/cable-automoci\u00f3n-2.jpg\",\"contentUrl\":\"https:\/\/coelectrix.com\/wp-content\/uploads\/2016\/02\/cable-automoci\u00f3n-2.jpg\",\"width\":640,\"height\":480,\"caption\":\"comprar cabo de 2,5\\\" para autom\u00f3vel\"},{\"@type\":\"BreadcrumbList\",\"@id\":\"https:\/\/coelectrix.com\/pt-pt\/produto\/cabo-automotivo-flry-cable-1mm#breadcrumb\",\"itemListElement\":[{\"@type\":\"ListItem\",\"position\":1,\"name\":\"Portada\",\"item\":\"https:\/\/coelectrix.com\/\"},{\"@type\":\"ListItem\",\"position\":2,\"name\":\"Loja\",\"item\":\"https:\/\/coelectrix.com\/pt-pt\/loja\"},{\"@type\":\"ListItem\",\"position\":3,\"name\":\"Cabo autom\u00f3vel FLRY de 1mm2 (100mt.)\"}]},{\"@type\":\"WebSite\",\"@id\":\"https:\/\/coelectrix.com\/pt-pt\/#website\",\"url\":\"https:\/\/coelectrix.com\/pt-pt\/\",\"name\":\"Coelectrix\",\"description\":\"Componentes el\u00e9ctricos\",\"publisher\":{\"@id\":\"https:\/\/coelectrix.com\/pt-pt\/#organization\"},\"potentialAction\":[{\"@type\":\"SearchAction\",\"target\":{\"@type\":\"EntryPoint\",\"urlTemplate\":\"https:\/\/coelectrix.com\/pt-pt\/?s={search_term_string}\"},\"query-input\":{\"@type\":\"PropertyValueSpecification\",\"valueRequired\":true,\"valueName\":\"search_term_string\"}}],\"inLanguage\":\"pt-PT\"},{\"@type\":\"Organization\",\"@id\":\"https:\/\/coelectrix.com\/pt-pt\/#organization\",\"name\":\"coelectrix.com\",\"url\":\"https:\/\/coelectrix.com\/pt-pt\/\",\"logo\":{\"@type\":\"ImageObject\",\"inLanguage\":\"pt-PT\",\"@id\":\"https:\/\/coelectrix.com\/pt-pt\/#\/schema\/logo\/image\/\",\"url\":\"https:\/\/coelectrix.com\/wp-content\/uploads\/2018\/05\/logo-coelectrix-400x400.jpg\",\"contentUrl\":\"https:\/\/coelectrix.com\/wp-content\/uploads\/2018\/05\/logo-coelectrix-400x400.jpg\",\"width\":300,\"height\":300,\"caption\":\"coelectrix.com\"},\"image\":{\"@id\":\"https:\/\/coelectrix.com\/pt-pt\/#\/schema\/logo\/image\/\"}}]}<\/script>\n<!-- \/ Yoast SEO plugin. -->","yoast_head_json":{"title":"\u25b7 Cabo autom\u00f3vel FLRY de 1mm2 (100mt.) | Coelectrix.com","description":"O cabo autom\u00f3vel FLRY-B 105\u00ba \u00e9 adequado para a cablagem de componentes para ve\u00edculos de transporte rodovi\u00e1rio.","robots":{"index":"index","follow":"follow","max-snippet":"max-snippet:-1","max-image-preview":"max-image-preview:large","max-video-preview":"max-video-preview:-1"},"canonical":"https:\/\/coelectrix.com\/pt-pt\/produto\/cabo-automotivo-flry-cable-1mm","og_locale":"pt_PT","og_type":"article","og_title":"\u25b7 Cabo autom\u00f3vel FLRY de 1mm2 (100mt.) | Coelectrix.com","og_description":"O cabo autom\u00f3vel FLRY-B 105\u00ba \u00e9 adequado para a cablagem de componentes para ve\u00edculos de transporte rodovi\u00e1rio.","og_url":"https:\/\/coelectrix.com\/pt-pt\/produto\/cabo-automotivo-flry-cable-1mm","og_site_name":"Coelectrix","article_modified_time":"2025-08-19T04:06:29+00:00","og_image":[{"width":640,"height":480,"url":"https:\/\/coelectrix.com\/wp-content\/uploads\/2016\/02\/cable-automoci\u00f3n-2.jpg","type":"image\/jpeg"}],"twitter_card":"summary_large_image","twitter_misc":{"Tempo estimado de leitura":"1 minuto"},"schema":{"@context":"https:\/\/schema.org","@graph":[{"@type":"WebPage","@id":"https:\/\/coelectrix.com\/pt-pt\/produto\/cabo-automotivo-flry-cable-1mm","url":"https:\/\/coelectrix.com\/pt-pt\/produto\/cabo-automotivo-flry-cable-1mm","name":"\u25b7 Cabo autom\u00f3vel FLRY de 1mm2 (100mt.) | Coelectrix.com","isPartOf":{"@id":"https:\/\/coelectrix.com\/pt-pt\/#website"},"primaryImageOfPage":{"@id":"https:\/\/coelectrix.com\/pt-pt\/produto\/cabo-automotivo-flry-cable-1mm#primaryimage"},"image":{"@id":"https:\/\/coelectrix.com\/pt-pt\/produto\/cabo-automotivo-flry-cable-1mm#primaryimage"},"thumbnailUrl":"https:\/\/coelectrix.com\/wp-content\/uploads\/2016\/02\/cable-automoci\u00f3n-2.jpg","datePublished":"2016-02-07T11:33:58+00:00","dateModified":"2025-08-19T04:06:29+00:00","description":"O cabo autom\u00f3vel FLRY-B 105\u00ba \u00e9 adequado para a cablagem de componentes para ve\u00edculos de transporte rodovi\u00e1rio.","breadcrumb":{"@id":"https:\/\/coelectrix.com\/pt-pt\/produto\/cabo-automotivo-flry-cable-1mm#breadcrumb"},"inLanguage":"pt-PT","potentialAction":[{"@type":"ReadAction","target":["https:\/\/coelectrix.com\/pt-pt\/produto\/cabo-automotivo-flry-cable-1mm"]}]},{"@type":"ImageObject","inLanguage":"pt-PT","@id":"https:\/\/coelectrix.com\/pt-pt\/produto\/cabo-automotivo-flry-cable-1mm#primaryimage","url":"https:\/\/coelectrix.com\/wp-content\/uploads\/2016\/02\/cable-automoci\u00f3n-2.jpg","contentUrl":"https:\/\/coelectrix.com\/wp-content\/uploads\/2016\/02\/cable-automoci\u00f3n-2.jpg","width":640,"height":480,"caption":"comprar cabo de 2,5\" para autom\u00f3vel"},{"@type":"BreadcrumbList","@id":"https:\/\/coelectrix.com\/pt-pt\/produto\/cabo-automotivo-flry-cable-1mm#breadcrumb","itemListElement":[{"@type":"ListItem","position":1,"name":"Portada","item":"https:\/\/coelectrix.com\/"},{"@type":"ListItem","position":2,"name":"Loja","item":"https:\/\/coelectrix.com\/pt-pt\/loja"},{"@type":"ListItem","position":3,"name":"Cabo autom\u00f3vel FLRY de 1mm2 (100mt.)"}]},{"@type":"WebSite","@id":"https:\/\/coelectrix.com\/pt-pt\/#website","url":"https:\/\/coelectrix.com\/pt-pt\/","name":"Coelectrix","description":"Componentes el\u00e9ctricos","publisher":{"@id":"https:\/\/coelectrix.com\/pt-pt\/#organization"},"potentialAction":[{"@type":"SearchAction","target":{"@type":"EntryPoint","urlTemplate":"https:\/\/coelectrix.com\/pt-pt\/?s={search_term_string}"},"query-input":{"@type":"PropertyValueSpecification","valueRequired":true,"valueName":"search_term_string"}}],"inLanguage":"pt-PT"},{"@type":"Organization","@id":"https:\/\/coelectrix.com\/pt-pt\/#organization","name":"coelectrix.com","url":"https:\/\/coelectrix.com\/pt-pt\/","logo":{"@type":"ImageObject","inLanguage":"pt-PT","@id":"https:\/\/coelectrix.com\/pt-pt\/#\/schema\/logo\/image\/","url":"https:\/\/coelectrix.com\/wp-content\/uploads\/2018\/05\/logo-coelectrix-400x400.jpg","contentUrl":"https:\/\/coelectrix.com\/wp-content\/uploads\/2018\/05\/logo-coelectrix-400x400.jpg","width":300,"height":300,"caption":"coelectrix.com"},"image":{"@id":"https:\/\/coelectrix.com\/pt-pt\/#\/schema\/logo\/image\/"}}]}},"_links":{"self":[{"href":"https:\/\/coelectrix.com\/pt-pt\/wp-json\/wp\/v2\/product\/75033","targetHints":{"allow":["GET"]}}],"collection":[{"href":"https:\/\/coelectrix.com\/pt-pt\/wp-json\/wp\/v2\/product"}],"about":[{"href":"https:\/\/coelectrix.com\/pt-pt\/wp-json\/wp\/v2\/types\/product"}],"version-history":[{"count":1,"href":"https:\/\/coelectrix.com\/pt-pt\/wp-json\/wp\/v2\/product\/75033\/revisions"}],"predecessor-version":[{"id":75398,"href":"https:\/\/coelectrix.com\/pt-pt\/wp-json\/wp\/v2\/product\/75033\/revisions\/75398"}],"wp:featuredmedia":[{"embeddable":true,"href":"https:\/\/coelectrix.com\/pt-pt\/wp-json\/wp\/v2\/media\/72444"}],"wp:attachment":[{"href":"https:\/\/coelectrix.com\/pt-pt\/wp-json\/wp\/v2\/media?parent=75033"}],"wp:term":[{"taxonomy":"product_brand","embeddable":true,"href":"https:\/\/coelectrix.com\/pt-pt\/wp-json\/wp\/v2\/product_brand?post=75033"},{"taxonomy":"product_cat","embeddable":true,"href":"https:\/\/coelectrix.com\/pt-pt\/wp-json\/wp\/v2\/product_cat?post=75033"},{"taxonomy":"product_tag","embeddable":true,"href":"https:\/\/coelectrix.com\/pt-pt\/wp-json\/wp\/v2\/product_tag?post=75033"}],"curies":[{"name":"wp","href":"https:\/\/api.w.org\/{rel}","templated":true}]}}