{"id":75045,"date":"2016-02-02T14:35:15","date_gmt":"2016-02-02T13:35:15","guid":{"rendered":"https:\/\/coelectrix.com\/producto\/cabo-automovel-flry-075mm2-100mt"},"modified":"2025-08-19T06:06:30","modified_gmt":"2025-08-19T04:06:30","slug":"cabo-automovel-flry-075mm2-100mt","status":"publish","type":"product","link":"https:\/\/coelectrix.com\/pt-pt\/produto\/cabo-para-automotiva-flry-5-metros","title":{"rendered":"Cabo autom\u00f3vel FLRY 0,75mm2 (100mt.)"},"content":{"rendered":"<p>Cabo autom\u00f3vel com 100 metros de bobina FLRY 0,75mm2 de sec\u00e7\u00e3o transversal<\/p>\n<p>Os cabos FLRY-B 105\u00ba s\u00e3o adequados para a cablagem de componentes para ve\u00edculos de transporte rodovi\u00e1rio. A sua espessura reduzida e o cobre flex\u00edvel tornam-nos particularmente f\u00e1ceis de manusear.<\/p>\n<p>\u00c9 adequado para a <strong>cablagem interna de ve\u00edculos<\/strong>.<\/p>\n<p>A sua espessura reduzida reduz o peso total do ve\u00edculo.<\/p>\n<p>Normas de refer\u00eancia:<\/p>\n<p>ISO 6722, Constru\u00e7\u00e3o de espessura reduzida classe B.<\/p>\n<table id=\"Caracteristicas\">\n<tbody>\n<tr>\n<th class=\"cabecera\">Condutor<\/th>\n<td>Cobre eletrol\u00edtico flex\u00edvel Cu-ETP-1 de acordo com a norma DIN EN 13602<\/td>\n<\/tr>\n<tr>\n<th class=\"cabecera\">2. Isolamento<\/th>\n<td>PVC fino de acordo com a norma ISO 6722<\/td>\n<\/tr>\n<tr>\n<th class=\"cabecera\">Tens\u00e3o nominal<\/th>\n<td>60 V<\/td>\n<\/tr>\n<tr>\n<th class=\"cabecera\">Tens\u00e3o de teste<\/th>\n<td>&lt;0,5mm2 3.000 V \/\/ &gt;0,5mm2 5.000 V<\/td>\n<\/tr>\n<tr>\n<th class=\"cabecera\">Temperatura de funcionamento<\/th>\n<td>-40 \u00baC a 105 \u00baC<\/td>\n<\/tr>\n<\/tbody>\n<\/table>\n<p>Outras sec\u00e7\u00f5es transversais de cabos <a href=\"http:\/\/www.coelectrix.com\/cable-electrico\/cable-automocion-flry\">aqui.<\/a><\/p>\n","protected":false},"excerpt":{"rendered":"<p><span style=\"font-family: helvetica, arial, sans-serif;\">Cabo autom\u00f3vel FLRY de sec\u00e7\u00e3o 0,75mm2.<\/span><\/p>\n<p><span style=\"font-family: helvetica, arial, sans-serif;\">Cabo especial para instala\u00e7\u00f5es em autom\u00f3veis ou m\u00e1quinas industriais.<\/span><\/p>\n<p><span style=\"font-family: helvetica, arial, sans-serif;\"><a href=\"https:\/\/coelectrix.com\/ficha-tecnica-del-cable-automocion-flry\" target=\"_blank\" rel=\"noopener noreferrer\">Ficha t\u00e9cnica do produto<\/a><\/span><\/p>\n<p><span style=\"font-family: helvetica, arial, sans-serif;\">Rolos de 100 metros.<\/span><\/p>\n<p><span style=\"font-family: helvetica, arial, sans-serif;\">Pre\u00e7o com IVA inclu\u00eddo.<\/span><\/p>\n<p><img decoding=\"async\" class=\"alignnone size-full wp-image-304\" src=\"https:\/\/coelectrix.com\/wp-content\/uploads\/2016\/03\/formas-de-pago.png\" alt=\"formas de pago\" width=\"245\" height=\"62\" srcset=\"https:\/\/coelectrix.com\/wp-content\/uploads\/2016\/03\/formas-de-pago.png 245w, https:\/\/coelectrix.com\/wp-content\/uploads\/2016\/03\/formas-de-pago-64x16.png 64w\" sizes=\"(max-width: 245px) 100vw, 245px\" \/><\/p>\n","protected":false},"featured_media":72444,"template":"","meta":{"_acf_changed":false},"product_brand":[],"product_cat":[1361],"product_tag":[1412],"class_list":{"0":"post-75045","1":"product","2":"type-product","3":"status-publish","4":"has-post-thumbnail","6":"product_cat-cabo-automovel-em-bobinas","7":"product_tag-cabo-para-automoveis","9":"first","10":"instock","11":"taxable","12":"shipping-taxable","13":"purchasable","14":"product-type-variable"},"acf":[],"yoast_head":"<!-- This site is optimized with the Yoast SEO plugin v27.2 - https:\/\/yoast.com\/product\/yoast-seo-wordpress\/ -->\n<title>\u25b7 Cabo autom\u00f3vel FLRY 0,75mm2 (100mt.) | Coelectrix.com<\/title>\n<meta name=\"description\" content=\"Cabo Autom\u00f3vel FLRY Bobina de 100 metros Cabos FLRY-B 105\u00b0 de 0,75 mm s\u00e3o adequados para a cablagem de componentes de ve\u00edculos....\" \/>\n<meta name=\"robots\" content=\"index, follow, max-snippet:-1, max-image-preview:large, max-video-preview:-1\" \/>\n<link rel=\"canonical\" href=\"https:\/\/coelectrix.com\/pt-pt\/produto\/cabo-para-automotiva-flry-5-metros\" \/>\n<meta property=\"og:locale\" content=\"pt_PT\" \/>\n<meta property=\"og:type\" content=\"article\" \/>\n<meta property=\"og:title\" content=\"\u25b7 Cabo autom\u00f3vel FLRY 0,75mm2 (100mt.) | Coelectrix.com\" \/>\n<meta property=\"og:description\" content=\"Cabo Autom\u00f3vel FLRY Bobina de 100 metros Cabos FLRY-B 105\u00b0 de 0,75 mm s\u00e3o adequados para a cablagem de componentes de ve\u00edculos....\" \/>\n<meta property=\"og:url\" content=\"https:\/\/coelectrix.com\/pt-pt\/produto\/cabo-para-automotiva-flry-5-metros\" \/>\n<meta property=\"og:site_name\" content=\"Coelectrix\" \/>\n<meta property=\"article:modified_time\" content=\"2025-08-19T04:06:30+00:00\" \/>\n<meta property=\"og:image\" content=\"https:\/\/coelectrix.com\/wp-content\/uploads\/2016\/02\/cable-automoci\u00f3n-2.jpg\" \/>\n\t<meta property=\"og:image:width\" content=\"640\" \/>\n\t<meta property=\"og:image:height\" content=\"480\" \/>\n\t<meta property=\"og:image:type\" content=\"image\/jpeg\" \/>\n<meta name=\"twitter:card\" content=\"summary_large_image\" \/>\n<meta name=\"twitter:label1\" content=\"Tempo estimado de leitura\" \/>\n\t<meta name=\"twitter:data1\" content=\"1 minuto\" \/>\n<script type=\"application\/ld+json\" class=\"yoast-schema-graph\">{\"@context\":\"https:\/\/schema.org\",\"@graph\":[{\"@type\":\"WebPage\",\"@id\":\"https:\/\/coelectrix.com\/pt-pt\/produto\/cabo-para-automotiva-flry-5-metros\",\"url\":\"https:\/\/coelectrix.com\/pt-pt\/produto\/cabo-para-automotiva-flry-5-metros\",\"name\":\"\u25b7 Cabo autom\u00f3vel FLRY 0,75mm2 (100mt.) | Coelectrix.com\",\"isPartOf\":{\"@id\":\"https:\/\/coelectrix.com\/pt-pt\/#website\"},\"primaryImageOfPage\":{\"@id\":\"https:\/\/coelectrix.com\/pt-pt\/produto\/cabo-para-automotiva-flry-5-metros#primaryimage\"},\"image\":{\"@id\":\"https:\/\/coelectrix.com\/pt-pt\/produto\/cabo-para-automotiva-flry-5-metros#primaryimage\"},\"thumbnailUrl\":\"https:\/\/coelectrix.com\/wp-content\/uploads\/2016\/02\/cable-automoci\u00f3n-2.jpg\",\"datePublished\":\"2016-02-02T13:35:15+00:00\",\"dateModified\":\"2025-08-19T04:06:30+00:00\",\"description\":\"Cabo Autom\u00f3vel FLRY Bobina de 100 metros Cabos FLRY-B 105\u00b0 de 0,75 mm s\u00e3o adequados para a cablagem de componentes de ve\u00edculos....\",\"breadcrumb\":{\"@id\":\"https:\/\/coelectrix.com\/pt-pt\/produto\/cabo-para-automotiva-flry-5-metros#breadcrumb\"},\"inLanguage\":\"pt-PT\",\"potentialAction\":[{\"@type\":\"ReadAction\",\"target\":[\"https:\/\/coelectrix.com\/pt-pt\/produto\/cabo-para-automotiva-flry-5-metros\"]}]},{\"@type\":\"ImageObject\",\"inLanguage\":\"pt-PT\",\"@id\":\"https:\/\/coelectrix.com\/pt-pt\/produto\/cabo-para-automotiva-flry-5-metros#primaryimage\",\"url\":\"https:\/\/coelectrix.com\/wp-content\/uploads\/2016\/02\/cable-automoci\u00f3n-2.jpg\",\"contentUrl\":\"https:\/\/coelectrix.com\/wp-content\/uploads\/2016\/02\/cable-automoci\u00f3n-2.jpg\",\"width\":640,\"height\":480,\"caption\":\"comprar cabo de 2,5\\\" para autom\u00f3vel\"},{\"@type\":\"BreadcrumbList\",\"@id\":\"https:\/\/coelectrix.com\/pt-pt\/produto\/cabo-para-automotiva-flry-5-metros#breadcrumb\",\"itemListElement\":[{\"@type\":\"ListItem\",\"position\":1,\"name\":\"Portada\",\"item\":\"https:\/\/coelectrix.com\/\"},{\"@type\":\"ListItem\",\"position\":2,\"name\":\"Loja\",\"item\":\"https:\/\/coelectrix.com\/pt-pt\/loja\"},{\"@type\":\"ListItem\",\"position\":3,\"name\":\"Cabo autom\u00f3vel FLRY 0,75mm2 (100mt.)\"}]},{\"@type\":\"WebSite\",\"@id\":\"https:\/\/coelectrix.com\/pt-pt\/#website\",\"url\":\"https:\/\/coelectrix.com\/pt-pt\/\",\"name\":\"Coelectrix\",\"description\":\"Componentes el\u00e9ctricos\",\"publisher\":{\"@id\":\"https:\/\/coelectrix.com\/pt-pt\/#organization\"},\"potentialAction\":[{\"@type\":\"SearchAction\",\"target\":{\"@type\":\"EntryPoint\",\"urlTemplate\":\"https:\/\/coelectrix.com\/pt-pt\/?s={search_term_string}\"},\"query-input\":{\"@type\":\"PropertyValueSpecification\",\"valueRequired\":true,\"valueName\":\"search_term_string\"}}],\"inLanguage\":\"pt-PT\"},{\"@type\":\"Organization\",\"@id\":\"https:\/\/coelectrix.com\/pt-pt\/#organization\",\"name\":\"coelectrix.com\",\"url\":\"https:\/\/coelectrix.com\/pt-pt\/\",\"logo\":{\"@type\":\"ImageObject\",\"inLanguage\":\"pt-PT\",\"@id\":\"https:\/\/coelectrix.com\/pt-pt\/#\/schema\/logo\/image\/\",\"url\":\"https:\/\/coelectrix.com\/wp-content\/uploads\/2018\/05\/logo-coelectrix-400x400.jpg\",\"contentUrl\":\"https:\/\/coelectrix.com\/wp-content\/uploads\/2018\/05\/logo-coelectrix-400x400.jpg\",\"width\":300,\"height\":300,\"caption\":\"coelectrix.com\"},\"image\":{\"@id\":\"https:\/\/coelectrix.com\/pt-pt\/#\/schema\/logo\/image\/\"}}]}<\/script>\n<!-- \/ Yoast SEO plugin. -->","yoast_head_json":{"title":"\u25b7 Cabo autom\u00f3vel FLRY 0,75mm2 (100mt.) | Coelectrix.com","description":"Cabo Autom\u00f3vel FLRY Bobina de 100 metros Cabos FLRY-B 105\u00b0 de 0,75 mm s\u00e3o adequados para a cablagem de componentes de ve\u00edculos....","robots":{"index":"index","follow":"follow","max-snippet":"max-snippet:-1","max-image-preview":"max-image-preview:large","max-video-preview":"max-video-preview:-1"},"canonical":"https:\/\/coelectrix.com\/pt-pt\/produto\/cabo-para-automotiva-flry-5-metros","og_locale":"pt_PT","og_type":"article","og_title":"\u25b7 Cabo autom\u00f3vel FLRY 0,75mm2 (100mt.) | Coelectrix.com","og_description":"Cabo Autom\u00f3vel FLRY Bobina de 100 metros Cabos FLRY-B 105\u00b0 de 0,75 mm s\u00e3o adequados para a cablagem de componentes de ve\u00edculos....","og_url":"https:\/\/coelectrix.com\/pt-pt\/produto\/cabo-para-automotiva-flry-5-metros","og_site_name":"Coelectrix","article_modified_time":"2025-08-19T04:06:30+00:00","og_image":[{"width":640,"height":480,"url":"https:\/\/coelectrix.com\/wp-content\/uploads\/2016\/02\/cable-automoci\u00f3n-2.jpg","type":"image\/jpeg"}],"twitter_card":"summary_large_image","twitter_misc":{"Tempo estimado de leitura":"1 minuto"},"schema":{"@context":"https:\/\/schema.org","@graph":[{"@type":"WebPage","@id":"https:\/\/coelectrix.com\/pt-pt\/produto\/cabo-para-automotiva-flry-5-metros","url":"https:\/\/coelectrix.com\/pt-pt\/produto\/cabo-para-automotiva-flry-5-metros","name":"\u25b7 Cabo autom\u00f3vel FLRY 0,75mm2 (100mt.) | Coelectrix.com","isPartOf":{"@id":"https:\/\/coelectrix.com\/pt-pt\/#website"},"primaryImageOfPage":{"@id":"https:\/\/coelectrix.com\/pt-pt\/produto\/cabo-para-automotiva-flry-5-metros#primaryimage"},"image":{"@id":"https:\/\/coelectrix.com\/pt-pt\/produto\/cabo-para-automotiva-flry-5-metros#primaryimage"},"thumbnailUrl":"https:\/\/coelectrix.com\/wp-content\/uploads\/2016\/02\/cable-automoci\u00f3n-2.jpg","datePublished":"2016-02-02T13:35:15+00:00","dateModified":"2025-08-19T04:06:30+00:00","description":"Cabo Autom\u00f3vel FLRY Bobina de 100 metros Cabos FLRY-B 105\u00b0 de 0,75 mm s\u00e3o adequados para a cablagem de componentes de ve\u00edculos....","breadcrumb":{"@id":"https:\/\/coelectrix.com\/pt-pt\/produto\/cabo-para-automotiva-flry-5-metros#breadcrumb"},"inLanguage":"pt-PT","potentialAction":[{"@type":"ReadAction","target":["https:\/\/coelectrix.com\/pt-pt\/produto\/cabo-para-automotiva-flry-5-metros"]}]},{"@type":"ImageObject","inLanguage":"pt-PT","@id":"https:\/\/coelectrix.com\/pt-pt\/produto\/cabo-para-automotiva-flry-5-metros#primaryimage","url":"https:\/\/coelectrix.com\/wp-content\/uploads\/2016\/02\/cable-automoci\u00f3n-2.jpg","contentUrl":"https:\/\/coelectrix.com\/wp-content\/uploads\/2016\/02\/cable-automoci\u00f3n-2.jpg","width":640,"height":480,"caption":"comprar cabo de 2,5\" para autom\u00f3vel"},{"@type":"BreadcrumbList","@id":"https:\/\/coelectrix.com\/pt-pt\/produto\/cabo-para-automotiva-flry-5-metros#breadcrumb","itemListElement":[{"@type":"ListItem","position":1,"name":"Portada","item":"https:\/\/coelectrix.com\/"},{"@type":"ListItem","position":2,"name":"Loja","item":"https:\/\/coelectrix.com\/pt-pt\/loja"},{"@type":"ListItem","position":3,"name":"Cabo autom\u00f3vel FLRY 0,75mm2 (100mt.)"}]},{"@type":"WebSite","@id":"https:\/\/coelectrix.com\/pt-pt\/#website","url":"https:\/\/coelectrix.com\/pt-pt\/","name":"Coelectrix","description":"Componentes el\u00e9ctricos","publisher":{"@id":"https:\/\/coelectrix.com\/pt-pt\/#organization"},"potentialAction":[{"@type":"SearchAction","target":{"@type":"EntryPoint","urlTemplate":"https:\/\/coelectrix.com\/pt-pt\/?s={search_term_string}"},"query-input":{"@type":"PropertyValueSpecification","valueRequired":true,"valueName":"search_term_string"}}],"inLanguage":"pt-PT"},{"@type":"Organization","@id":"https:\/\/coelectrix.com\/pt-pt\/#organization","name":"coelectrix.com","url":"https:\/\/coelectrix.com\/pt-pt\/","logo":{"@type":"ImageObject","inLanguage":"pt-PT","@id":"https:\/\/coelectrix.com\/pt-pt\/#\/schema\/logo\/image\/","url":"https:\/\/coelectrix.com\/wp-content\/uploads\/2018\/05\/logo-coelectrix-400x400.jpg","contentUrl":"https:\/\/coelectrix.com\/wp-content\/uploads\/2018\/05\/logo-coelectrix-400x400.jpg","width":300,"height":300,"caption":"coelectrix.com"},"image":{"@id":"https:\/\/coelectrix.com\/pt-pt\/#\/schema\/logo\/image\/"}}]}},"_links":{"self":[{"href":"https:\/\/coelectrix.com\/pt-pt\/wp-json\/wp\/v2\/product\/75045","targetHints":{"allow":["GET"]}}],"collection":[{"href":"https:\/\/coelectrix.com\/pt-pt\/wp-json\/wp\/v2\/product"}],"about":[{"href":"https:\/\/coelectrix.com\/pt-pt\/wp-json\/wp\/v2\/types\/product"}],"version-history":[{"count":1,"href":"https:\/\/coelectrix.com\/pt-pt\/wp-json\/wp\/v2\/product\/75045\/revisions"}],"predecessor-version":[{"id":75399,"href":"https:\/\/coelectrix.com\/pt-pt\/wp-json\/wp\/v2\/product\/75045\/revisions\/75399"}],"wp:featuredmedia":[{"embeddable":true,"href":"https:\/\/coelectrix.com\/pt-pt\/wp-json\/wp\/v2\/media\/72444"}],"wp:attachment":[{"href":"https:\/\/coelectrix.com\/pt-pt\/wp-json\/wp\/v2\/media?parent=75045"}],"wp:term":[{"taxonomy":"product_brand","embeddable":true,"href":"https:\/\/coelectrix.com\/pt-pt\/wp-json\/wp\/v2\/product_brand?post=75045"},{"taxonomy":"product_cat","embeddable":true,"href":"https:\/\/coelectrix.com\/pt-pt\/wp-json\/wp\/v2\/product_cat?post=75045"},{"taxonomy":"product_tag","embeddable":true,"href":"https:\/\/coelectrix.com\/pt-pt\/wp-json\/wp\/v2\/product_tag?post=75045"}],"curies":[{"name":"wp","href":"https:\/\/api.w.org\/{rel}","templated":true}]}}