{"id":75064,"date":"2016-02-20T07:00:32","date_gmt":"2016-02-20T06:00:32","guid":{"rendered":"https:\/\/coelectrix.com\/producto\/cabo-da-bateria-preto-cortado-ao-comprimento-todas-as-seccoes"},"modified":"2025-08-19T06:06:27","modified_gmt":"2025-08-19T04:06:27","slug":"cabo-da-bateria-preto-cortado-ao-comprimento-todas-as-seccoes","status":"publish","type":"product","link":"https:\/\/coelectrix.com\/pt-pt\/produto\/cabo-da-bateria-preto-metros","title":{"rendered":"Cabo da bateria Preto Cortado ao comprimento Todas as sec\u00e7\u00f5es"},"content":{"rendered":"<h2><strong>Comprar um cabo preto para a bateria<\/strong><\/h2>\n<h4>Cortamos o n\u00famero de metros de cabo preto para bateria que necessitar.<\/h4>\n<p>Tamb\u00e9m temos outras sec\u00e7\u00f5es de cabo de bateria dispon\u00edveis, pelo que podemos fornecer qualquer tipo de cabo, bem como os respectivos terminais.<\/p>\n<h4><\/h4>\n<h4><strong>DESCRI\u00c7\u00c3O<\/strong><\/h4>\n<p><strong>Cabo de bateria flex\u00edvel H07V-K<\/strong> com isolamento em PVC e bainha exterior.<\/p>\n<h4><strong>APLICA\u00c7\u00c3O<\/strong><\/h4>\n<p>Cabo para carregamento de baterias de autom\u00f3veis e arranque de motores.<\/p>\n<ul>\n<li><strong>Condutor:<\/strong> Cobre polido flex\u00edvel, classe 6, segundo a norma UNE 60228.<\/li>\n<li><strong>Isolamento:<\/strong> Composto de PVC, tipo TI1 de acordo com a norma UNE 50363-3.<\/li>\n<li><strong>Cor<\/strong>: <a href=\"http:\/\/www.coelectrix.com\/producto\/cable-de-bateria-rojo-a-metros-2\">vermelho<\/a> ou preto<\/li>\n<li><strong>Bainha exterior<\/strong>: Composto de PVC, tipo TM2, de acordo com a norma UNE 50363-4-1<\/li>\n<li><strong>Cor exterior<\/strong>: preto<\/li>\n<\/ul>\n<p><strong>Medida real dos cabos em di\u00e2metro externo com a bainha inclu\u00edda: <\/strong><\/p>\n<p>10mm2 (6,1mm exterior)<br \/>\n16mm2 (7,1mm exterior)<br \/>\n25mm2 (9,4mm exterior)<br \/>\n35mm2 (10,7mm exterior)<br \/>\n50mm2 (12,9mm exterior)<br \/>\n70mm2 (14,4mm exterior)<br \/>\n95mm2 (17mm exterior)<\/p>\n<h2><strong>Como saber a sec\u00e7\u00e3o transversal de um cabo<\/strong><\/h2>\n<p>Todos os cabos s\u00e3o medidos pelo termo sec\u00e7\u00e3o transversal que, ao contr\u00e1rio do que parece, n\u00e3o \u00e9 o mesmo que o di\u00e2metro ou medida real.<\/p>\n<p>A sec\u00e7\u00e3o transversal de um cabo de bateria resulta de uma f\u00f3rmula matem\u00e1tica, mas a melhor forma \u00e9 esta tabela de convers\u00e3o abaixo.<\/p>\n<p>Nesta tabela, pode ver as sec\u00e7\u00f5es transversais mais comuns dos cabos, bem como a medida real em mil\u00edmetros.<\/p>\n<p><img fetchpriority=\"high\" decoding=\"async\" class=\"wp-image-23224 aligncenter\" src=\"https:\/\/coelectrix.com\/wp-content\/uploads\/2016\/02\/GUIA-MEDIDAS-CABLES-BATER\u00cdA-300x200.jpg\" alt=\"cuia para conocer la medida de un cable de bater\u00eda\" width=\"375\" height=\"250\" srcset=\"https:\/\/coelectrix.com\/wp-content\/uploads\/2016\/02\/GUIA-MEDIDAS-CABLES-BATER\u00cdA-300x200.jpg 300w, https:\/\/coelectrix.com\/wp-content\/uploads\/2016\/02\/GUIA-MEDIDAS-CABLES-BATER\u00cdA-416x277.jpg 416w, https:\/\/coelectrix.com\/wp-content\/uploads\/2016\/02\/GUIA-MEDIDAS-CABLES-BATER\u00cdA-64x43.jpg 64w, https:\/\/coelectrix.com\/wp-content\/uploads\/2016\/02\/GUIA-MEDIDAS-CABLES-BATER\u00cdA-768x512.jpg 768w, https:\/\/coelectrix.com\/wp-content\/uploads\/2016\/02\/GUIA-MEDIDAS-CABLES-BATER\u00cdA.jpg 900w\" sizes=\"(max-width: 375px) 100vw, 375px\" \/><\/p>\n<h3><strong>Cabo de bateria at\u00e9 95mm2<\/strong><\/h3>\n<p>Adicion\u00e1mos a sec\u00e7\u00e3o <strong>de cabo de 95 mm2 em preto<\/strong> para cortar em metros.<\/p>\n","protected":false},"excerpt":{"rendered":"<p><span style=\"font-family: helvetica, arial, sans-serif;\"><strong>Cabo de bateria preto H07V-K<\/strong> cortado em comprimentos de diferentes sec\u00e7\u00f5es transversais.<\/span><\/p>\n<p><span style=\"font-family: helvetica, arial, sans-serif;\"><strong>Cabo para carregamento de baterias de autom\u00f3veis e arranque de motores. <span style=\"color: #ff0000;\">MUITO FLEX\u00cdVEL<\/span><\/strong><\/span><\/p>\n<p><span style=\"font-family: helvetica, arial, sans-serif;\"><strong>Dispon\u00edvel nas sec\u00e7\u00f5es 6|10|16|25|35|50|70 e 95mm. Selecione a que necessita no menu suspenso.<\/strong><\/span><\/p>\n<p><span style=\"font-family: helvetica, arial, sans-serif;\">Selecione o n\u00famero de unidades de que necessita e n\u00f3s cortamo-las todas de uma s\u00f3 vez.<\/span><\/p>\n<p><span style=\"font-family: helvetica, arial, sans-serif;\">O pre\u00e7o \u00e9 por metro e com IVA inclu\u00eddo.<\/span><\/p>\n<p class=\"p1\"><span style=\"color: #ff0000;\"><strong>IMPORTANTE<\/strong><\/span>A espessura dos cabos \u00e9 sempre indicada em mm2 de sec\u00e7\u00e3o, tenha cuidado para <strong>n\u00e3o confundir com mm de di\u00e2metro<\/strong>.<\/p>\n<p class=\"p1\"><strong>N\u00e3o podemos aceitar<\/strong> devolu\u00e7\u00f5es de cabos cortados ao comprimento devido a um erro de escolha.<\/p>\n<p style=\"text-align: center;\">[code_snippet id=15 format]]<\/p>\n<p><img decoding=\"async\" class=\"alignnone size-full wp-image-304\" src=\"https:\/\/coelectrix.com\/wp-content\/uploads\/2016\/03\/formas-de-pago.png\" alt=\"formas de pago\" width=\"245\" height=\"62\" srcset=\"https:\/\/coelectrix.com\/wp-content\/uploads\/2016\/03\/formas-de-pago.png 245w, https:\/\/coelectrix.com\/wp-content\/uploads\/2016\/03\/formas-de-pago-64x16.png 64w\" sizes=\"(max-width: 245px) 100vw, 245px\" \/><\/p>\n","protected":false},"featured_media":72454,"template":"","meta":{"_acf_changed":false},"product_brand":[],"product_cat":[1356],"product_tag":[1413],"class_list":{"0":"post-75064","1":"product","2":"type-product","3":"status-publish","4":"has-post-thumbnail","6":"product_cat-cabo-da-bateria-para-o-medidor","7":"product_tag-cabo-da-bateria","9":"first","10":"instock","11":"taxable","12":"shipping-taxable","13":"purchasable","14":"product-type-variable"},"acf":[],"yoast_head":"<!-- This site is optimized with the Yoast SEO plugin v27.2 - https:\/\/yoast.com\/product\/yoast-seo-wordpress\/ -->\n<title>\u25b7 Comprar Cabo de Bateria Preto para Medidor |% Coelectrix.com<\/title>\n<meta name=\"description\" content=\"Cabo preto para bateria H07V-K em diferentes sec\u00e7\u00f5es por metro \u2713 Dispon\u00edvel em vermelho ou preto, bem como em terminais.\" \/>\n<meta name=\"robots\" content=\"index, follow, max-snippet:-1, max-image-preview:large, max-video-preview:-1\" \/>\n<link rel=\"canonical\" href=\"https:\/\/coelectrix.com\/pt-pt\/produto\/cabo-da-bateria-preto-metros\" \/>\n<meta property=\"og:locale\" content=\"pt_PT\" \/>\n<meta property=\"og:type\" content=\"article\" \/>\n<meta property=\"og:title\" content=\"\u25b7 Comprar Cabo de Bateria Preto para Medidor |% Coelectrix.com\" \/>\n<meta property=\"og:description\" content=\"Cabo preto para bateria H07V-K em diferentes sec\u00e7\u00f5es por metro \u2713 Dispon\u00edvel em vermelho ou preto, bem como em terminais.\" \/>\n<meta property=\"og:url\" content=\"https:\/\/coelectrix.com\/pt-pt\/produto\/cabo-da-bateria-preto-metros\" \/>\n<meta property=\"og:site_name\" content=\"Coelectrix\" \/>\n<meta property=\"article:modified_time\" content=\"2025-08-19T04:06:27+00:00\" \/>\n<meta property=\"og:image\" content=\"https:\/\/coelectrix.com\/wp-content\/uploads\/2016\/02\/cable-bateria-negro-a-metros.jpg\" \/>\n\t<meta property=\"og:image:width\" content=\"300\" \/>\n\t<meta property=\"og:image:height\" content=\"300\" \/>\n\t<meta property=\"og:image:type\" content=\"image\/jpeg\" \/>\n<meta name=\"twitter:card\" content=\"summary_large_image\" \/>\n<meta name=\"twitter:label1\" content=\"Tempo estimado de leitura\" \/>\n\t<meta name=\"twitter:data1\" content=\"1 minuto\" \/>\n<script type=\"application\/ld+json\" class=\"yoast-schema-graph\">{\"@context\":\"https:\/\/schema.org\",\"@graph\":[{\"@type\":\"WebPage\",\"@id\":\"https:\/\/coelectrix.com\/pt-pt\/produto\/cabo-da-bateria-preto-metros\",\"url\":\"https:\/\/coelectrix.com\/pt-pt\/produto\/cabo-da-bateria-preto-metros\",\"name\":\"\u25b7 Comprar Cabo de Bateria Preto para Medidor |% Coelectrix.com\",\"isPartOf\":{\"@id\":\"https:\/\/coelectrix.com\/pt-pt\/#website\"},\"primaryImageOfPage\":{\"@id\":\"https:\/\/coelectrix.com\/pt-pt\/produto\/cabo-da-bateria-preto-metros#primaryimage\"},\"image\":{\"@id\":\"https:\/\/coelectrix.com\/pt-pt\/produto\/cabo-da-bateria-preto-metros#primaryimage\"},\"thumbnailUrl\":\"https:\/\/coelectrix.com\/wp-content\/uploads\/2016\/02\/cable-bateria-negro-a-metros.jpg\",\"datePublished\":\"2016-02-20T06:00:32+00:00\",\"dateModified\":\"2025-08-19T04:06:27+00:00\",\"description\":\"Cabo preto para bateria H07V-K em diferentes sec\u00e7\u00f5es por metro \u2713 Dispon\u00edvel em vermelho ou preto, bem como em terminais.\",\"breadcrumb\":{\"@id\":\"https:\/\/coelectrix.com\/pt-pt\/produto\/cabo-da-bateria-preto-metros#breadcrumb\"},\"inLanguage\":\"pt-PT\",\"potentialAction\":[{\"@type\":\"ReadAction\",\"target\":[\"https:\/\/coelectrix.com\/pt-pt\/produto\/cabo-da-bateria-preto-metros\"]}]},{\"@type\":\"ImageObject\",\"inLanguage\":\"pt-PT\",\"@id\":\"https:\/\/coelectrix.com\/pt-pt\/produto\/cabo-da-bateria-preto-metros#primaryimage\",\"url\":\"https:\/\/coelectrix.com\/wp-content\/uploads\/2016\/02\/cable-bateria-negro-a-metros.jpg\",\"contentUrl\":\"https:\/\/coelectrix.com\/wp-content\/uploads\/2016\/02\/cable-bateria-negro-a-metros.jpg\",\"width\":300,\"height\":300,\"caption\":\"comprar cabo preto para bateria\"},{\"@type\":\"BreadcrumbList\",\"@id\":\"https:\/\/coelectrix.com\/pt-pt\/produto\/cabo-da-bateria-preto-metros#breadcrumb\",\"itemListElement\":[{\"@type\":\"ListItem\",\"position\":1,\"name\":\"Portada\",\"item\":\"https:\/\/coelectrix.com\/\"},{\"@type\":\"ListItem\",\"position\":2,\"name\":\"Loja\",\"item\":\"https:\/\/coelectrix.com\/pt-pt\/loja\"},{\"@type\":\"ListItem\",\"position\":3,\"name\":\"Cabo da bateria Preto Cortado ao comprimento Todas as sec\u00e7\u00f5es\"}]},{\"@type\":\"WebSite\",\"@id\":\"https:\/\/coelectrix.com\/pt-pt\/#website\",\"url\":\"https:\/\/coelectrix.com\/pt-pt\/\",\"name\":\"Coelectrix\",\"description\":\"Componentes el\u00e9ctricos\",\"publisher\":{\"@id\":\"https:\/\/coelectrix.com\/pt-pt\/#organization\"},\"potentialAction\":[{\"@type\":\"SearchAction\",\"target\":{\"@type\":\"EntryPoint\",\"urlTemplate\":\"https:\/\/coelectrix.com\/pt-pt\/?s={search_term_string}\"},\"query-input\":{\"@type\":\"PropertyValueSpecification\",\"valueRequired\":true,\"valueName\":\"search_term_string\"}}],\"inLanguage\":\"pt-PT\"},{\"@type\":\"Organization\",\"@id\":\"https:\/\/coelectrix.com\/pt-pt\/#organization\",\"name\":\"coelectrix.com\",\"url\":\"https:\/\/coelectrix.com\/pt-pt\/\",\"logo\":{\"@type\":\"ImageObject\",\"inLanguage\":\"pt-PT\",\"@id\":\"https:\/\/coelectrix.com\/pt-pt\/#\/schema\/logo\/image\/\",\"url\":\"https:\/\/coelectrix.com\/wp-content\/uploads\/2018\/05\/logo-coelectrix-400x400.jpg\",\"contentUrl\":\"https:\/\/coelectrix.com\/wp-content\/uploads\/2018\/05\/logo-coelectrix-400x400.jpg\",\"width\":300,\"height\":300,\"caption\":\"coelectrix.com\"},\"image\":{\"@id\":\"https:\/\/coelectrix.com\/pt-pt\/#\/schema\/logo\/image\/\"}}]}<\/script>\n<!-- \/ Yoast SEO plugin. -->","yoast_head_json":{"title":"\u25b7 Comprar Cabo de Bateria Preto para Medidor |% Coelectrix.com","description":"Cabo preto para bateria H07V-K em diferentes sec\u00e7\u00f5es por metro \u2713 Dispon\u00edvel em vermelho ou preto, bem como em terminais.","robots":{"index":"index","follow":"follow","max-snippet":"max-snippet:-1","max-image-preview":"max-image-preview:large","max-video-preview":"max-video-preview:-1"},"canonical":"https:\/\/coelectrix.com\/pt-pt\/produto\/cabo-da-bateria-preto-metros","og_locale":"pt_PT","og_type":"article","og_title":"\u25b7 Comprar Cabo de Bateria Preto para Medidor |% Coelectrix.com","og_description":"Cabo preto para bateria H07V-K em diferentes sec\u00e7\u00f5es por metro \u2713 Dispon\u00edvel em vermelho ou preto, bem como em terminais.","og_url":"https:\/\/coelectrix.com\/pt-pt\/produto\/cabo-da-bateria-preto-metros","og_site_name":"Coelectrix","article_modified_time":"2025-08-19T04:06:27+00:00","og_image":[{"width":300,"height":300,"url":"https:\/\/coelectrix.com\/wp-content\/uploads\/2016\/02\/cable-bateria-negro-a-metros.jpg","type":"image\/jpeg"}],"twitter_card":"summary_large_image","twitter_misc":{"Tempo estimado de leitura":"1 minuto"},"schema":{"@context":"https:\/\/schema.org","@graph":[{"@type":"WebPage","@id":"https:\/\/coelectrix.com\/pt-pt\/produto\/cabo-da-bateria-preto-metros","url":"https:\/\/coelectrix.com\/pt-pt\/produto\/cabo-da-bateria-preto-metros","name":"\u25b7 Comprar Cabo de Bateria Preto para Medidor |% Coelectrix.com","isPartOf":{"@id":"https:\/\/coelectrix.com\/pt-pt\/#website"},"primaryImageOfPage":{"@id":"https:\/\/coelectrix.com\/pt-pt\/produto\/cabo-da-bateria-preto-metros#primaryimage"},"image":{"@id":"https:\/\/coelectrix.com\/pt-pt\/produto\/cabo-da-bateria-preto-metros#primaryimage"},"thumbnailUrl":"https:\/\/coelectrix.com\/wp-content\/uploads\/2016\/02\/cable-bateria-negro-a-metros.jpg","datePublished":"2016-02-20T06:00:32+00:00","dateModified":"2025-08-19T04:06:27+00:00","description":"Cabo preto para bateria H07V-K em diferentes sec\u00e7\u00f5es por metro \u2713 Dispon\u00edvel em vermelho ou preto, bem como em terminais.","breadcrumb":{"@id":"https:\/\/coelectrix.com\/pt-pt\/produto\/cabo-da-bateria-preto-metros#breadcrumb"},"inLanguage":"pt-PT","potentialAction":[{"@type":"ReadAction","target":["https:\/\/coelectrix.com\/pt-pt\/produto\/cabo-da-bateria-preto-metros"]}]},{"@type":"ImageObject","inLanguage":"pt-PT","@id":"https:\/\/coelectrix.com\/pt-pt\/produto\/cabo-da-bateria-preto-metros#primaryimage","url":"https:\/\/coelectrix.com\/wp-content\/uploads\/2016\/02\/cable-bateria-negro-a-metros.jpg","contentUrl":"https:\/\/coelectrix.com\/wp-content\/uploads\/2016\/02\/cable-bateria-negro-a-metros.jpg","width":300,"height":300,"caption":"comprar cabo preto para bateria"},{"@type":"BreadcrumbList","@id":"https:\/\/coelectrix.com\/pt-pt\/produto\/cabo-da-bateria-preto-metros#breadcrumb","itemListElement":[{"@type":"ListItem","position":1,"name":"Portada","item":"https:\/\/coelectrix.com\/"},{"@type":"ListItem","position":2,"name":"Loja","item":"https:\/\/coelectrix.com\/pt-pt\/loja"},{"@type":"ListItem","position":3,"name":"Cabo da bateria Preto Cortado ao comprimento Todas as sec\u00e7\u00f5es"}]},{"@type":"WebSite","@id":"https:\/\/coelectrix.com\/pt-pt\/#website","url":"https:\/\/coelectrix.com\/pt-pt\/","name":"Coelectrix","description":"Componentes el\u00e9ctricos","publisher":{"@id":"https:\/\/coelectrix.com\/pt-pt\/#organization"},"potentialAction":[{"@type":"SearchAction","target":{"@type":"EntryPoint","urlTemplate":"https:\/\/coelectrix.com\/pt-pt\/?s={search_term_string}"},"query-input":{"@type":"PropertyValueSpecification","valueRequired":true,"valueName":"search_term_string"}}],"inLanguage":"pt-PT"},{"@type":"Organization","@id":"https:\/\/coelectrix.com\/pt-pt\/#organization","name":"coelectrix.com","url":"https:\/\/coelectrix.com\/pt-pt\/","logo":{"@type":"ImageObject","inLanguage":"pt-PT","@id":"https:\/\/coelectrix.com\/pt-pt\/#\/schema\/logo\/image\/","url":"https:\/\/coelectrix.com\/wp-content\/uploads\/2018\/05\/logo-coelectrix-400x400.jpg","contentUrl":"https:\/\/coelectrix.com\/wp-content\/uploads\/2018\/05\/logo-coelectrix-400x400.jpg","width":300,"height":300,"caption":"coelectrix.com"},"image":{"@id":"https:\/\/coelectrix.com\/pt-pt\/#\/schema\/logo\/image\/"}}]}},"_links":{"self":[{"href":"https:\/\/coelectrix.com\/pt-pt\/wp-json\/wp\/v2\/product\/75064","targetHints":{"allow":["GET"]}}],"collection":[{"href":"https:\/\/coelectrix.com\/pt-pt\/wp-json\/wp\/v2\/product"}],"about":[{"href":"https:\/\/coelectrix.com\/pt-pt\/wp-json\/wp\/v2\/types\/product"}],"version-history":[{"count":1,"href":"https:\/\/coelectrix.com\/pt-pt\/wp-json\/wp\/v2\/product\/75064\/revisions"}],"predecessor-version":[{"id":75395,"href":"https:\/\/coelectrix.com\/pt-pt\/wp-json\/wp\/v2\/product\/75064\/revisions\/75395"}],"wp:featuredmedia":[{"embeddable":true,"href":"https:\/\/coelectrix.com\/pt-pt\/wp-json\/wp\/v2\/media\/72454"}],"wp:attachment":[{"href":"https:\/\/coelectrix.com\/pt-pt\/wp-json\/wp\/v2\/media?parent=75064"}],"wp:term":[{"taxonomy":"product_brand","embeddable":true,"href":"https:\/\/coelectrix.com\/pt-pt\/wp-json\/wp\/v2\/product_brand?post=75064"},{"taxonomy":"product_cat","embeddable":true,"href":"https:\/\/coelectrix.com\/pt-pt\/wp-json\/wp\/v2\/product_cat?post=75064"},{"taxonomy":"product_tag","embeddable":true,"href":"https:\/\/coelectrix.com\/pt-pt\/wp-json\/wp\/v2\/product_tag?post=75064"}],"curies":[{"name":"wp","href":"https:\/\/api.w.org\/{rel}","templated":true}]}}