{"id":75100,"date":"2016-02-20T07:17:38","date_gmt":"2016-02-20T06:17:38","guid":{"rendered":"https:\/\/coelectrix.com\/producto\/cabo-de-bateria-vermelho-25mts-rolo-de-25mts-todas-as-seccoes"},"modified":"2025-08-19T06:06:27","modified_gmt":"2025-08-19T04:06:27","slug":"cabo-de-bateria-vermelho-25mts-rolo-de-25mts-todas-as-seccoes","status":"publish","type":"product","link":"https:\/\/coelectrix.com\/pt-pt\/produto\/cabo-de-bateria-vermelho-rolo-de-25mts","title":{"rendered":"Cabo de bateria vermelho 25mts. Rolo de 25mts., todas as sec\u00e7\u00f5es."},"content":{"rendered":"<h2>Bobina de cabo de bateria vermelho em rolos de 25 metros.<\/h2>\n<p>Cabo de bateria flex\u00edvel com isolamento em PVC e bainha exterior.<\/p>\n<h4>APLICA\u00c7\u00c3O<\/h4>\n<p>Cabo de bateria para carregamento de baterias de autom\u00f3veis e arranque de motores.<\/p>\n<ul>\n<li><strong>Condutor:<\/strong> Cobre polido flex\u00edvel, classe 6, segundo a norma UNE 60228.<\/li>\n<li><strong>Isolamento:<\/strong> Composto de PVC, tipo TI1, de acordo com a norma UNE 50363-3.<\/li>\n<li><strong>Cor<\/strong>: vermelho e preto<\/li>\n<li><strong>Bainha exterior<\/strong>: Composto de PVC tipo TM2 segundo a norma UNE 50363-4-1<\/li>\n<li><strong>Cor exterior<\/strong>: Vermelho<\/li>\n<\/ul>\n<p><strong>Medida real dos cabos em di\u00e2metro exterior com a bainha inclu\u00edda: <\/strong><\/p>\n<p>10mm2 (6,1mm exterior)<br \/>\n16mm2 (7,1mm exterior)<br \/>\n25mm2 (9,4mm exterior)<br \/>\n35mm2 (10,7mm exterior)<br \/>\n50mm2 (12,9mm exterior)<br \/>\n70mm2 (14,4mm exterior)<\/p>\n<h2>Como saber a sec\u00e7\u00e3o transversal de um cabo<\/h2>\n<p>Todos os cabos s\u00e3o medidos pelo termo sec\u00e7\u00e3o transversal que, ao contr\u00e1rio do que parece, n\u00e3o \u00e9 o mesmo que o di\u00e2metro ou medida real.<\/p>\n<p>A sec\u00e7\u00e3o transversal de um cabo de bateria resulta de uma f\u00f3rmula matem\u00e1tica, mas a melhor \u00e9 esta tabela de convers\u00e3o abaixo.<\/p>\n<p>Nesta tabela, pode ver as sec\u00e7\u00f5es transversais mais comuns dos cabos, bem como a medida real em mil\u00edmetros.<\/p>\n<p><img fetchpriority=\"high\" decoding=\"async\" class=\"wp-image-23224 aligncenter\" src=\"https:\/\/coelectrix.com\/wp-content\/uploads\/2016\/02\/GUIA-MEDIDAS-CABLES-BATER\u00cdA-300x200.jpg\" alt=\"cuia para conocer la medida de un cable de bater\u00eda\" width=\"390\" height=\"260\" srcset=\"https:\/\/coelectrix.com\/wp-content\/uploads\/2016\/02\/GUIA-MEDIDAS-CABLES-BATER\u00cdA-300x200.jpg 300w, https:\/\/coelectrix.com\/wp-content\/uploads\/2016\/02\/GUIA-MEDIDAS-CABLES-BATER\u00cdA-416x277.jpg 416w, https:\/\/coelectrix.com\/wp-content\/uploads\/2016\/02\/GUIA-MEDIDAS-CABLES-BATER\u00cdA-64x43.jpg 64w, https:\/\/coelectrix.com\/wp-content\/uploads\/2016\/02\/GUIA-MEDIDAS-CABLES-BATER\u00cdA-768x512.jpg 768w, https:\/\/coelectrix.com\/wp-content\/uploads\/2016\/02\/GUIA-MEDIDAS-CABLES-BATER\u00cdA.jpg 900w\" sizes=\"(max-width: 390px) 100vw, 390px\" \/><\/p>\n<p>Mais tipos de cabos de bateria <a href=\"http:\/\/www.coelectrix.com\/cable-electrico\/cable-arranque\">AQUI<\/a><\/p>\n","protected":false},"excerpt":{"rendered":"<p>Rolo de 25 metros de <strong>cabo vermelho para bateria<\/strong> <strong>H07V-K <\/strong>em sec\u00e7\u00f5es transversais de 10 mm a 70 mm<\/p>\n<p><strong>Cabo para carregamento de baterias de autom\u00f3veis e arranque de motores.<\/strong><\/p>\n<p>O pre\u00e7o \u00e9 por rolo de 25m, incluindo IVA.<\/p>\n<p><img decoding=\"async\" class=\"alignnone size-full wp-image-304\" src=\"https:\/\/coelectrix.com\/wp-content\/uploads\/2016\/03\/formas-de-pago.png\" alt=\"formas de pago\" width=\"245\" height=\"62\" srcset=\"https:\/\/coelectrix.com\/wp-content\/uploads\/2016\/03\/formas-de-pago.png 245w, https:\/\/coelectrix.com\/wp-content\/uploads\/2016\/03\/formas-de-pago-64x16.png 64w\" sizes=\"(max-width: 245px) 100vw, 245px\" \/><\/p>\n","protected":false},"featured_media":72950,"template":"","meta":{"_acf_changed":false},"product_brand":[],"product_cat":[1355,1357],"product_tag":[1413],"class_list":{"0":"post-75100","1":"product","2":"type-product","3":"status-publish","4":"has-post-thumbnail","6":"product_cat-cabo-da-bateria-2","7":"product_cat-rolos-de-cabos-de-bateria-de-25-metros","8":"product_tag-cabo-da-bateria","10":"first","11":"instock","12":"taxable","13":"shipping-taxable","14":"purchasable","15":"product-type-variable"},"acf":[],"yoast_head":"<!-- This site is optimized with the Yoast SEO plugin v27.2 - https:\/\/yoast.com\/product\/yoast-seo-wordpress\/ -->\n<title>\u25b7 Cabo de bateria vermelho 25mts. Rolo de 25mts., todas as sec\u00e7\u00f5es. | Coelectrix.com<\/title>\n<meta name=\"description\" content=\"cabo de bateria vermelho em rolos de 25mts.25mts.25mts.25mts.cabo flex\u00edvel vermelho e preto para autom\u00f3veis.cabo para carregar baterias de autom\u00f3veis e motores de arranque.\" \/>\n<meta name=\"robots\" content=\"index, follow, max-snippet:-1, max-image-preview:large, max-video-preview:-1\" \/>\n<link rel=\"canonical\" href=\"https:\/\/coelectrix.com\/pt-pt\/produto\/cabo-de-bateria-vermelho-rolo-de-25mts\" \/>\n<meta property=\"og:locale\" content=\"pt_PT\" \/>\n<meta property=\"og:type\" content=\"article\" \/>\n<meta property=\"og:title\" content=\"\u25b7 Cabo de bateria vermelho 25mts. Rolo de 25mts., todas as sec\u00e7\u00f5es. | Coelectrix.com\" \/>\n<meta property=\"og:description\" content=\"cabo de bateria vermelho em rolos de 25mts.25mts.25mts.25mts.cabo flex\u00edvel vermelho e preto para autom\u00f3veis.cabo para carregar baterias de autom\u00f3veis e motores de arranque.\" \/>\n<meta property=\"og:url\" content=\"https:\/\/coelectrix.com\/pt-pt\/produto\/cabo-de-bateria-vermelho-rolo-de-25mts\" \/>\n<meta property=\"og:site_name\" content=\"Coelectrix\" \/>\n<meta property=\"article:modified_time\" content=\"2025-08-19T04:06:27+00:00\" \/>\n<meta property=\"og:image\" content=\"https:\/\/coelectrix.com\/wp-content\/uploads\/2016\/02\/cable-de-bateria-rojo.jpg\" \/>\n\t<meta property=\"og:image:width\" content=\"800\" \/>\n\t<meta property=\"og:image:height\" content=\"800\" \/>\n\t<meta property=\"og:image:type\" content=\"image\/jpeg\" \/>\n<meta name=\"twitter:card\" content=\"summary_large_image\" \/>\n<meta name=\"twitter:label1\" content=\"Tempo estimado de leitura\" \/>\n\t<meta name=\"twitter:data1\" content=\"1 minuto\" \/>\n<script type=\"application\/ld+json\" class=\"yoast-schema-graph\">{\"@context\":\"https:\/\/schema.org\",\"@graph\":[{\"@type\":\"WebPage\",\"@id\":\"https:\/\/coelectrix.com\/pt-pt\/produto\/cabo-de-bateria-vermelho-rolo-de-25mts\",\"url\":\"https:\/\/coelectrix.com\/pt-pt\/produto\/cabo-de-bateria-vermelho-rolo-de-25mts\",\"name\":\"\u25b7 Cabo de bateria vermelho 25mts. Rolo de 25mts., todas as sec\u00e7\u00f5es. | Coelectrix.com\",\"isPartOf\":{\"@id\":\"https:\/\/coelectrix.com\/pt-pt\/#website\"},\"primaryImageOfPage\":{\"@id\":\"https:\/\/coelectrix.com\/pt-pt\/produto\/cabo-de-bateria-vermelho-rolo-de-25mts#primaryimage\"},\"image\":{\"@id\":\"https:\/\/coelectrix.com\/pt-pt\/produto\/cabo-de-bateria-vermelho-rolo-de-25mts#primaryimage\"},\"thumbnailUrl\":\"https:\/\/coelectrix.com\/wp-content\/uploads\/2016\/02\/cable-de-bateria-rojo.jpg\",\"datePublished\":\"2016-02-20T06:17:38+00:00\",\"dateModified\":\"2025-08-19T04:06:27+00:00\",\"description\":\"cabo de bateria vermelho em rolos de 25mts.25mts.25mts.25mts.cabo flex\u00edvel vermelho e preto para autom\u00f3veis.cabo para carregar baterias de autom\u00f3veis e motores de arranque.\",\"breadcrumb\":{\"@id\":\"https:\/\/coelectrix.com\/pt-pt\/produto\/cabo-de-bateria-vermelho-rolo-de-25mts#breadcrumb\"},\"inLanguage\":\"pt-PT\",\"potentialAction\":[{\"@type\":\"ReadAction\",\"target\":[\"https:\/\/coelectrix.com\/pt-pt\/produto\/cabo-de-bateria-vermelho-rolo-de-25mts\"]}]},{\"@type\":\"ImageObject\",\"inLanguage\":\"pt-PT\",\"@id\":\"https:\/\/coelectrix.com\/pt-pt\/produto\/cabo-de-bateria-vermelho-rolo-de-25mts#primaryimage\",\"url\":\"https:\/\/coelectrix.com\/wp-content\/uploads\/2016\/02\/cable-de-bateria-rojo.jpg\",\"contentUrl\":\"https:\/\/coelectrix.com\/wp-content\/uploads\/2016\/02\/cable-de-bateria-rojo.jpg\",\"width\":800,\"height\":800,\"caption\":\"CABO DE BATERIA\"},{\"@type\":\"BreadcrumbList\",\"@id\":\"https:\/\/coelectrix.com\/pt-pt\/produto\/cabo-de-bateria-vermelho-rolo-de-25mts#breadcrumb\",\"itemListElement\":[{\"@type\":\"ListItem\",\"position\":1,\"name\":\"Portada\",\"item\":\"https:\/\/coelectrix.com\/\"},{\"@type\":\"ListItem\",\"position\":2,\"name\":\"Loja\",\"item\":\"https:\/\/coelectrix.com\/pt-pt\/loja\"},{\"@type\":\"ListItem\",\"position\":3,\"name\":\"Cabo de bateria vermelho 25mts. Rolo de 25mts., todas as sec\u00e7\u00f5es.\"}]},{\"@type\":\"WebSite\",\"@id\":\"https:\/\/coelectrix.com\/pt-pt\/#website\",\"url\":\"https:\/\/coelectrix.com\/pt-pt\/\",\"name\":\"Coelectrix\",\"description\":\"Componentes el\u00e9ctricos\",\"publisher\":{\"@id\":\"https:\/\/coelectrix.com\/pt-pt\/#organization\"},\"potentialAction\":[{\"@type\":\"SearchAction\",\"target\":{\"@type\":\"EntryPoint\",\"urlTemplate\":\"https:\/\/coelectrix.com\/pt-pt\/?s={search_term_string}\"},\"query-input\":{\"@type\":\"PropertyValueSpecification\",\"valueRequired\":true,\"valueName\":\"search_term_string\"}}],\"inLanguage\":\"pt-PT\"},{\"@type\":\"Organization\",\"@id\":\"https:\/\/coelectrix.com\/pt-pt\/#organization\",\"name\":\"coelectrix.com\",\"url\":\"https:\/\/coelectrix.com\/pt-pt\/\",\"logo\":{\"@type\":\"ImageObject\",\"inLanguage\":\"pt-PT\",\"@id\":\"https:\/\/coelectrix.com\/pt-pt\/#\/schema\/logo\/image\/\",\"url\":\"https:\/\/coelectrix.com\/wp-content\/uploads\/2018\/05\/logo-coelectrix-400x400.jpg\",\"contentUrl\":\"https:\/\/coelectrix.com\/wp-content\/uploads\/2018\/05\/logo-coelectrix-400x400.jpg\",\"width\":300,\"height\":300,\"caption\":\"coelectrix.com\"},\"image\":{\"@id\":\"https:\/\/coelectrix.com\/pt-pt\/#\/schema\/logo\/image\/\"}}]}<\/script>\n<!-- \/ Yoast SEO plugin. -->","yoast_head_json":{"title":"\u25b7 Cabo de bateria vermelho 25mts. Rolo de 25mts., todas as sec\u00e7\u00f5es. | Coelectrix.com","description":"cabo de bateria vermelho em rolos de 25mts.25mts.25mts.25mts.cabo flex\u00edvel vermelho e preto para autom\u00f3veis.cabo para carregar baterias de autom\u00f3veis e motores de arranque.","robots":{"index":"index","follow":"follow","max-snippet":"max-snippet:-1","max-image-preview":"max-image-preview:large","max-video-preview":"max-video-preview:-1"},"canonical":"https:\/\/coelectrix.com\/pt-pt\/produto\/cabo-de-bateria-vermelho-rolo-de-25mts","og_locale":"pt_PT","og_type":"article","og_title":"\u25b7 Cabo de bateria vermelho 25mts. Rolo de 25mts., todas as sec\u00e7\u00f5es. | Coelectrix.com","og_description":"cabo de bateria vermelho em rolos de 25mts.25mts.25mts.25mts.cabo flex\u00edvel vermelho e preto para autom\u00f3veis.cabo para carregar baterias de autom\u00f3veis e motores de arranque.","og_url":"https:\/\/coelectrix.com\/pt-pt\/produto\/cabo-de-bateria-vermelho-rolo-de-25mts","og_site_name":"Coelectrix","article_modified_time":"2025-08-19T04:06:27+00:00","og_image":[{"width":800,"height":800,"url":"https:\/\/coelectrix.com\/wp-content\/uploads\/2016\/02\/cable-de-bateria-rojo.jpg","type":"image\/jpeg"}],"twitter_card":"summary_large_image","twitter_misc":{"Tempo estimado de leitura":"1 minuto"},"schema":{"@context":"https:\/\/schema.org","@graph":[{"@type":"WebPage","@id":"https:\/\/coelectrix.com\/pt-pt\/produto\/cabo-de-bateria-vermelho-rolo-de-25mts","url":"https:\/\/coelectrix.com\/pt-pt\/produto\/cabo-de-bateria-vermelho-rolo-de-25mts","name":"\u25b7 Cabo de bateria vermelho 25mts. Rolo de 25mts., todas as sec\u00e7\u00f5es. | Coelectrix.com","isPartOf":{"@id":"https:\/\/coelectrix.com\/pt-pt\/#website"},"primaryImageOfPage":{"@id":"https:\/\/coelectrix.com\/pt-pt\/produto\/cabo-de-bateria-vermelho-rolo-de-25mts#primaryimage"},"image":{"@id":"https:\/\/coelectrix.com\/pt-pt\/produto\/cabo-de-bateria-vermelho-rolo-de-25mts#primaryimage"},"thumbnailUrl":"https:\/\/coelectrix.com\/wp-content\/uploads\/2016\/02\/cable-de-bateria-rojo.jpg","datePublished":"2016-02-20T06:17:38+00:00","dateModified":"2025-08-19T04:06:27+00:00","description":"cabo de bateria vermelho em rolos de 25mts.25mts.25mts.25mts.cabo flex\u00edvel vermelho e preto para autom\u00f3veis.cabo para carregar baterias de autom\u00f3veis e motores de arranque.","breadcrumb":{"@id":"https:\/\/coelectrix.com\/pt-pt\/produto\/cabo-de-bateria-vermelho-rolo-de-25mts#breadcrumb"},"inLanguage":"pt-PT","potentialAction":[{"@type":"ReadAction","target":["https:\/\/coelectrix.com\/pt-pt\/produto\/cabo-de-bateria-vermelho-rolo-de-25mts"]}]},{"@type":"ImageObject","inLanguage":"pt-PT","@id":"https:\/\/coelectrix.com\/pt-pt\/produto\/cabo-de-bateria-vermelho-rolo-de-25mts#primaryimage","url":"https:\/\/coelectrix.com\/wp-content\/uploads\/2016\/02\/cable-de-bateria-rojo.jpg","contentUrl":"https:\/\/coelectrix.com\/wp-content\/uploads\/2016\/02\/cable-de-bateria-rojo.jpg","width":800,"height":800,"caption":"CABO DE BATERIA"},{"@type":"BreadcrumbList","@id":"https:\/\/coelectrix.com\/pt-pt\/produto\/cabo-de-bateria-vermelho-rolo-de-25mts#breadcrumb","itemListElement":[{"@type":"ListItem","position":1,"name":"Portada","item":"https:\/\/coelectrix.com\/"},{"@type":"ListItem","position":2,"name":"Loja","item":"https:\/\/coelectrix.com\/pt-pt\/loja"},{"@type":"ListItem","position":3,"name":"Cabo de bateria vermelho 25mts. Rolo de 25mts., todas as sec\u00e7\u00f5es."}]},{"@type":"WebSite","@id":"https:\/\/coelectrix.com\/pt-pt\/#website","url":"https:\/\/coelectrix.com\/pt-pt\/","name":"Coelectrix","description":"Componentes el\u00e9ctricos","publisher":{"@id":"https:\/\/coelectrix.com\/pt-pt\/#organization"},"potentialAction":[{"@type":"SearchAction","target":{"@type":"EntryPoint","urlTemplate":"https:\/\/coelectrix.com\/pt-pt\/?s={search_term_string}"},"query-input":{"@type":"PropertyValueSpecification","valueRequired":true,"valueName":"search_term_string"}}],"inLanguage":"pt-PT"},{"@type":"Organization","@id":"https:\/\/coelectrix.com\/pt-pt\/#organization","name":"coelectrix.com","url":"https:\/\/coelectrix.com\/pt-pt\/","logo":{"@type":"ImageObject","inLanguage":"pt-PT","@id":"https:\/\/coelectrix.com\/pt-pt\/#\/schema\/logo\/image\/","url":"https:\/\/coelectrix.com\/wp-content\/uploads\/2018\/05\/logo-coelectrix-400x400.jpg","contentUrl":"https:\/\/coelectrix.com\/wp-content\/uploads\/2018\/05\/logo-coelectrix-400x400.jpg","width":300,"height":300,"caption":"coelectrix.com"},"image":{"@id":"https:\/\/coelectrix.com\/pt-pt\/#\/schema\/logo\/image\/"}}]}},"_links":{"self":[{"href":"https:\/\/coelectrix.com\/pt-pt\/wp-json\/wp\/v2\/product\/75100","targetHints":{"allow":["GET"]}}],"collection":[{"href":"https:\/\/coelectrix.com\/pt-pt\/wp-json\/wp\/v2\/product"}],"about":[{"href":"https:\/\/coelectrix.com\/pt-pt\/wp-json\/wp\/v2\/types\/product"}],"version-history":[{"count":1,"href":"https:\/\/coelectrix.com\/pt-pt\/wp-json\/wp\/v2\/product\/75100\/revisions"}],"predecessor-version":[{"id":75393,"href":"https:\/\/coelectrix.com\/pt-pt\/wp-json\/wp\/v2\/product\/75100\/revisions\/75393"}],"wp:featuredmedia":[{"embeddable":true,"href":"https:\/\/coelectrix.com\/pt-pt\/wp-json\/wp\/v2\/media\/72950"}],"wp:attachment":[{"href":"https:\/\/coelectrix.com\/pt-pt\/wp-json\/wp\/v2\/media?parent=75100"}],"wp:term":[{"taxonomy":"product_brand","embeddable":true,"href":"https:\/\/coelectrix.com\/pt-pt\/wp-json\/wp\/v2\/product_brand?post=75100"},{"taxonomy":"product_cat","embeddable":true,"href":"https:\/\/coelectrix.com\/pt-pt\/wp-json\/wp\/v2\/product_cat?post=75100"},{"taxonomy":"product_tag","embeddable":true,"href":"https:\/\/coelectrix.com\/pt-pt\/wp-json\/wp\/v2\/product_tag?post=75100"}],"curies":[{"name":"wp","href":"https:\/\/api.w.org\/{rel}","templated":true}]}}