{"id":75107,"date":"2016-02-20T07:11:46","date_gmt":"2016-02-20T06:11:46","guid":{"rendered":"https:\/\/coelectrix.com\/producto\/cabo-preto-para-bateria-rolo-de-25-mts"},"modified":"2025-08-19T06:06:27","modified_gmt":"2025-08-19T04:06:27","slug":"cabo-preto-para-bateria-rolo-de-25-mts","status":"publish","type":"product","link":"https:\/\/coelectrix.com\/pt-pt\/produto\/cabo-da-bateria-preto","title":{"rendered":"Cabo preto para bateria Rolo de 25 mts."},"content":{"rendered":"<h2>Comprar rolo de cabo preto para bateria<\/h2>\n<h3>Cabo preto para bateria em rolo de 25 metros.<\/h3>\n<h4> DESCRI\u00c7\u00c3O<\/h4>\n<p>Os cabos flex\u00edveis para autom\u00f3veis com <strong>isolamento em PVC e bainha exterior em PVC<\/strong> s\u00e3o um tipo de cabo el\u00e9trico utilizado nos ve\u00edculos para a liga\u00e7\u00e3o da bateria. O isolamento \u00e9 feito de cloreto de polivinilo (PVC), um material pl\u00e1stico habitualmente utilizado na ind\u00fastria autom\u00f3vel devido \u00e0 sua <strong>resist\u00eancia \u00e0 humidade, \u00e0 abras\u00e3o e aos produtos qu\u00edmicos<\/strong>. O revestimento exterior tamb\u00e9m \u00e9 feito de PVC e protege o cabo contra as intemp\u00e9ries e a abras\u00e3o. Os cabos flex\u00edveis para autom\u00f3veis com isolamento e revestimento exterior em PVC s\u00e3o normalmente utilizados para ligar componentes el\u00e9ctricos e electr\u00f3nicos num ve\u00edculo, tais como baterias de autom\u00f3veis, autocaravanas ou autocaravanas.<\/p>\n<h4>APLICA\u00c7\u00c3O<\/h4>\n<p>Cabo para carregamento de baterias de autom\u00f3veis e arranque de motores.<\/p>\n<ul>\n<li><strong>Condutor:<\/strong> Cobre polido flex\u00edvel de classe 6 de acordo com a norma UNE 60228.<\/li>\n<li><strong>Isolamento:<\/strong> Composto de PVC tipo TI1, de acordo com a norma UNE 50363-3.<\/li>\n<li><strong>Cor<\/strong>: vermelho e preto<\/li>\n<li><strong>Bainha exterior<\/strong>: Composto de PVC tipo TM2 de acordo com a norma UNE 50363-4-1<\/li>\n<li><strong>Cor exterior<\/strong>: preto<\/li>\n<\/ul>\n<p><strong>Medida real dos cabos em di\u00e2metro exterior com a bainha inclu\u00edda: <\/strong><\/p>\n<p>10mm2 (6,1mm exterior)<br \/>\n16mm2 (7,1mm exterior)<br \/>\n25mm2 (9,4mm exterior)<br \/>\n35mm2 (10,7mm exterior)<br \/>\n50mm2 (12,9mm exterior)<br \/>\n70mm2 (14,4mm exterior)<\/p>\n<h2>Como saber a sec\u00e7\u00e3o transversal de um cabo<\/h2>\n<p>Todos os cabos s\u00e3o medidos pelo termo sec\u00e7\u00e3o transversal que, ao contr\u00e1rio do que parece, n\u00e3o \u00e9 o mesmo que o di\u00e2metro ou medida real.<\/p>\n<p>A sec\u00e7\u00e3o transversal de um cabo de bateria resulta de uma f\u00f3rmula matem\u00e1tica, mas a melhor \u00e9 esta tabela de convers\u00e3o abaixo.<\/p>\n<p>Nesta tabela, pode ver as sec\u00e7\u00f5es transversais mais comuns dos cabos, bem como a medida real em mil\u00edmetros.<\/p>\n<p><img fetchpriority=\"high\" decoding=\"async\" class=\"wp-image-23224 aligncenter\" src=\"https:\/\/coelectrix.com\/wp-content\/uploads\/2016\/02\/GUIA-MEDIDAS-CABLES-BATER\u00cdA-300x200.jpg\" alt=\"cuia para conocer la medida de un cable de bater\u00eda\" width=\"395\" height=\"263\" srcset=\"https:\/\/coelectrix.com\/wp-content\/uploads\/2016\/02\/GUIA-MEDIDAS-CABLES-BATER\u00cdA-300x200.jpg 300w, https:\/\/coelectrix.com\/wp-content\/uploads\/2016\/02\/GUIA-MEDIDAS-CABLES-BATER\u00cdA-416x277.jpg 416w, https:\/\/coelectrix.com\/wp-content\/uploads\/2016\/02\/GUIA-MEDIDAS-CABLES-BATER\u00cdA-64x43.jpg 64w, https:\/\/coelectrix.com\/wp-content\/uploads\/2016\/02\/GUIA-MEDIDAS-CABLES-BATER\u00cdA-768x512.jpg 768w, https:\/\/coelectrix.com\/wp-content\/uploads\/2016\/02\/GUIA-MEDIDAS-CABLES-BATER\u00cdA.jpg 900w\" sizes=\"(max-width: 395px) 100vw, 395px\" \/><\/p>\n<p>Est\u00e3o dispon\u00edveis <a href=\"http:\/\/www.coelectrix.com\/cable-electrico\/cable-arranque\">aqui<\/a> outras sec\u00e7\u00f5es transversais de cabos de bateria <a href=\"http:\/\/www.coelectrix.com\/cable-electrico\/cable-arranque\">.<\/a><\/p>\n","protected":false},"excerpt":{"rendered":"<p><span style=\"font-size: 14pt;\"><strong><span style=\"font-family: helvetica, arial, sans-serif;\">Rolo de 25 metros de cabo preto para bateria com diferentes sec\u00e7\u00f5es.<\/span><\/strong><\/span><\/p>\n<p><span style=\"font-family: helvetica, arial, sans-serif;\"><strong>Cabo para carregamento de baterias de autom\u00f3veis e arranque de motores.<\/strong><\/span><\/p>\n<p><span style=\"font-family: helvetica, arial, sans-serif;\">Cabo com a norma <strong>H07V-K <\/strong><\/span><\/p>\n<p><span style=\"font-family: helvetica, arial, sans-serif;\"><strong>MUITO FLEX\u00cdVEL<\/strong><\/span><\/p>\n<p><span style=\"font-family: helvetica, arial, sans-serif;\">O pre\u00e7o \u00e9 por rolo de 25mts. IVA inclu\u00eddo.<\/span><\/p>\n","protected":false},"featured_media":72949,"template":"","meta":{"_acf_changed":false},"product_brand":[],"product_cat":[1357],"product_tag":[1413],"class_list":{"0":"post-75107","1":"product","2":"type-product","3":"status-publish","4":"has-post-thumbnail","6":"product_cat-rolos-de-cabos-de-bateria-de-25-metros","7":"product_tag-cabo-da-bateria","9":"first","10":"instock","11":"taxable","12":"shipping-taxable","13":"purchasable","14":"product-type-variable"},"acf":[],"yoast_head":"<!-- This site is optimized with the Yoast SEO plugin v27.2 - https:\/\/yoast.com\/product\/yoast-seo-wordpress\/ -->\n<title>\u25b7 Cabo de Bateria Preto 25mts. rolo |% Coelectrix.com<\/title>\n<meta name=\"description\" content=\"Cabo de bateria de alta qualidade em preto \u27a4 Dispon\u00edvel em rolos de 25 metros para ligar, carregar ou efetuar o arranque do seu ve\u00edculo.\" \/>\n<meta name=\"robots\" content=\"index, follow, max-snippet:-1, max-image-preview:large, max-video-preview:-1\" \/>\n<link rel=\"canonical\" href=\"https:\/\/coelectrix.com\/pt-pt\/produto\/cabo-da-bateria-preto\" \/>\n<meta property=\"og:locale\" content=\"pt_PT\" \/>\n<meta property=\"og:type\" content=\"article\" \/>\n<meta property=\"og:title\" content=\"\u25b7 Cabo de Bateria Preto 25mts. rolo |% Coelectrix.com\" \/>\n<meta property=\"og:description\" content=\"Cabo de bateria de alta qualidade em preto \u27a4 Dispon\u00edvel em rolos de 25 metros para ligar, carregar ou efetuar o arranque do seu ve\u00edculo.\" \/>\n<meta property=\"og:url\" content=\"https:\/\/coelectrix.com\/pt-pt\/produto\/cabo-da-bateria-preto\" \/>\n<meta property=\"og:site_name\" content=\"Coelectrix\" \/>\n<meta property=\"article:modified_time\" content=\"2025-08-19T04:06:27+00:00\" \/>\n<meta property=\"og:image\" content=\"https:\/\/coelectrix.com\/wp-content\/uploads\/2016\/02\/cable-de-bateria-negro.jpg\" \/>\n\t<meta property=\"og:image:width\" content=\"800\" \/>\n\t<meta property=\"og:image:height\" content=\"800\" \/>\n\t<meta property=\"og:image:type\" content=\"image\/jpeg\" \/>\n<meta name=\"twitter:card\" content=\"summary_large_image\" \/>\n<meta name=\"twitter:label1\" content=\"Tempo estimado de leitura\" \/>\n\t<meta name=\"twitter:data1\" content=\"2 minutos\" \/>\n<script type=\"application\/ld+json\" class=\"yoast-schema-graph\">{\"@context\":\"https:\/\/schema.org\",\"@graph\":[{\"@type\":\"WebPage\",\"@id\":\"https:\/\/coelectrix.com\/pt-pt\/produto\/cabo-da-bateria-preto\",\"url\":\"https:\/\/coelectrix.com\/pt-pt\/produto\/cabo-da-bateria-preto\",\"name\":\"\u25b7 Cabo de Bateria Preto 25mts. rolo |% Coelectrix.com\",\"isPartOf\":{\"@id\":\"https:\/\/coelectrix.com\/pt-pt\/#website\"},\"primaryImageOfPage\":{\"@id\":\"https:\/\/coelectrix.com\/pt-pt\/produto\/cabo-da-bateria-preto#primaryimage\"},\"image\":{\"@id\":\"https:\/\/coelectrix.com\/pt-pt\/produto\/cabo-da-bateria-preto#primaryimage\"},\"thumbnailUrl\":\"https:\/\/coelectrix.com\/wp-content\/uploads\/2016\/02\/cable-de-bateria-negro.jpg\",\"datePublished\":\"2016-02-20T06:11:46+00:00\",\"dateModified\":\"2025-08-19T04:06:27+00:00\",\"description\":\"Cabo de bateria de alta qualidade em preto \u27a4 Dispon\u00edvel em rolos de 25 metros para ligar, carregar ou efetuar o arranque do seu ve\u00edculo.\",\"breadcrumb\":{\"@id\":\"https:\/\/coelectrix.com\/pt-pt\/produto\/cabo-da-bateria-preto#breadcrumb\"},\"inLanguage\":\"pt-PT\",\"potentialAction\":[{\"@type\":\"ReadAction\",\"target\":[\"https:\/\/coelectrix.com\/pt-pt\/produto\/cabo-da-bateria-preto\"]}]},{\"@type\":\"ImageObject\",\"inLanguage\":\"pt-PT\",\"@id\":\"https:\/\/coelectrix.com\/pt-pt\/produto\/cabo-da-bateria-preto#primaryimage\",\"url\":\"https:\/\/coelectrix.com\/wp-content\/uploads\/2016\/02\/cable-de-bateria-negro.jpg\",\"contentUrl\":\"https:\/\/coelectrix.com\/wp-content\/uploads\/2016\/02\/cable-de-bateria-negro.jpg\",\"width\":800,\"height\":800,\"caption\":\"comprar cabo preto para bateria\"},{\"@type\":\"BreadcrumbList\",\"@id\":\"https:\/\/coelectrix.com\/pt-pt\/produto\/cabo-da-bateria-preto#breadcrumb\",\"itemListElement\":[{\"@type\":\"ListItem\",\"position\":1,\"name\":\"Portada\",\"item\":\"https:\/\/coelectrix.com\/\"},{\"@type\":\"ListItem\",\"position\":2,\"name\":\"Loja\",\"item\":\"https:\/\/coelectrix.com\/pt-pt\/loja\"},{\"@type\":\"ListItem\",\"position\":3,\"name\":\"Cabo preto para bateria Rolo de 25 mts.\"}]},{\"@type\":\"WebSite\",\"@id\":\"https:\/\/coelectrix.com\/pt-pt\/#website\",\"url\":\"https:\/\/coelectrix.com\/pt-pt\/\",\"name\":\"Coelectrix\",\"description\":\"Componentes el\u00e9ctricos\",\"publisher\":{\"@id\":\"https:\/\/coelectrix.com\/pt-pt\/#organization\"},\"potentialAction\":[{\"@type\":\"SearchAction\",\"target\":{\"@type\":\"EntryPoint\",\"urlTemplate\":\"https:\/\/coelectrix.com\/pt-pt\/?s={search_term_string}\"},\"query-input\":{\"@type\":\"PropertyValueSpecification\",\"valueRequired\":true,\"valueName\":\"search_term_string\"}}],\"inLanguage\":\"pt-PT\"},{\"@type\":\"Organization\",\"@id\":\"https:\/\/coelectrix.com\/pt-pt\/#organization\",\"name\":\"coelectrix.com\",\"url\":\"https:\/\/coelectrix.com\/pt-pt\/\",\"logo\":{\"@type\":\"ImageObject\",\"inLanguage\":\"pt-PT\",\"@id\":\"https:\/\/coelectrix.com\/pt-pt\/#\/schema\/logo\/image\/\",\"url\":\"https:\/\/coelectrix.com\/wp-content\/uploads\/2018\/05\/logo-coelectrix-400x400.jpg\",\"contentUrl\":\"https:\/\/coelectrix.com\/wp-content\/uploads\/2018\/05\/logo-coelectrix-400x400.jpg\",\"width\":300,\"height\":300,\"caption\":\"coelectrix.com\"},\"image\":{\"@id\":\"https:\/\/coelectrix.com\/pt-pt\/#\/schema\/logo\/image\/\"}}]}<\/script>\n<!-- \/ Yoast SEO plugin. -->","yoast_head_json":{"title":"\u25b7 Cabo de Bateria Preto 25mts. rolo |% Coelectrix.com","description":"Cabo de bateria de alta qualidade em preto \u27a4 Dispon\u00edvel em rolos de 25 metros para ligar, carregar ou efetuar o arranque do seu ve\u00edculo.","robots":{"index":"index","follow":"follow","max-snippet":"max-snippet:-1","max-image-preview":"max-image-preview:large","max-video-preview":"max-video-preview:-1"},"canonical":"https:\/\/coelectrix.com\/pt-pt\/produto\/cabo-da-bateria-preto","og_locale":"pt_PT","og_type":"article","og_title":"\u25b7 Cabo de Bateria Preto 25mts. rolo |% Coelectrix.com","og_description":"Cabo de bateria de alta qualidade em preto \u27a4 Dispon\u00edvel em rolos de 25 metros para ligar, carregar ou efetuar o arranque do seu ve\u00edculo.","og_url":"https:\/\/coelectrix.com\/pt-pt\/produto\/cabo-da-bateria-preto","og_site_name":"Coelectrix","article_modified_time":"2025-08-19T04:06:27+00:00","og_image":[{"width":800,"height":800,"url":"https:\/\/coelectrix.com\/wp-content\/uploads\/2016\/02\/cable-de-bateria-negro.jpg","type":"image\/jpeg"}],"twitter_card":"summary_large_image","twitter_misc":{"Tempo estimado de leitura":"2 minutos"},"schema":{"@context":"https:\/\/schema.org","@graph":[{"@type":"WebPage","@id":"https:\/\/coelectrix.com\/pt-pt\/produto\/cabo-da-bateria-preto","url":"https:\/\/coelectrix.com\/pt-pt\/produto\/cabo-da-bateria-preto","name":"\u25b7 Cabo de Bateria Preto 25mts. rolo |% Coelectrix.com","isPartOf":{"@id":"https:\/\/coelectrix.com\/pt-pt\/#website"},"primaryImageOfPage":{"@id":"https:\/\/coelectrix.com\/pt-pt\/produto\/cabo-da-bateria-preto#primaryimage"},"image":{"@id":"https:\/\/coelectrix.com\/pt-pt\/produto\/cabo-da-bateria-preto#primaryimage"},"thumbnailUrl":"https:\/\/coelectrix.com\/wp-content\/uploads\/2016\/02\/cable-de-bateria-negro.jpg","datePublished":"2016-02-20T06:11:46+00:00","dateModified":"2025-08-19T04:06:27+00:00","description":"Cabo de bateria de alta qualidade em preto \u27a4 Dispon\u00edvel em rolos de 25 metros para ligar, carregar ou efetuar o arranque do seu ve\u00edculo.","breadcrumb":{"@id":"https:\/\/coelectrix.com\/pt-pt\/produto\/cabo-da-bateria-preto#breadcrumb"},"inLanguage":"pt-PT","potentialAction":[{"@type":"ReadAction","target":["https:\/\/coelectrix.com\/pt-pt\/produto\/cabo-da-bateria-preto"]}]},{"@type":"ImageObject","inLanguage":"pt-PT","@id":"https:\/\/coelectrix.com\/pt-pt\/produto\/cabo-da-bateria-preto#primaryimage","url":"https:\/\/coelectrix.com\/wp-content\/uploads\/2016\/02\/cable-de-bateria-negro.jpg","contentUrl":"https:\/\/coelectrix.com\/wp-content\/uploads\/2016\/02\/cable-de-bateria-negro.jpg","width":800,"height":800,"caption":"comprar cabo preto para bateria"},{"@type":"BreadcrumbList","@id":"https:\/\/coelectrix.com\/pt-pt\/produto\/cabo-da-bateria-preto#breadcrumb","itemListElement":[{"@type":"ListItem","position":1,"name":"Portada","item":"https:\/\/coelectrix.com\/"},{"@type":"ListItem","position":2,"name":"Loja","item":"https:\/\/coelectrix.com\/pt-pt\/loja"},{"@type":"ListItem","position":3,"name":"Cabo preto para bateria Rolo de 25 mts."}]},{"@type":"WebSite","@id":"https:\/\/coelectrix.com\/pt-pt\/#website","url":"https:\/\/coelectrix.com\/pt-pt\/","name":"Coelectrix","description":"Componentes el\u00e9ctricos","publisher":{"@id":"https:\/\/coelectrix.com\/pt-pt\/#organization"},"potentialAction":[{"@type":"SearchAction","target":{"@type":"EntryPoint","urlTemplate":"https:\/\/coelectrix.com\/pt-pt\/?s={search_term_string}"},"query-input":{"@type":"PropertyValueSpecification","valueRequired":true,"valueName":"search_term_string"}}],"inLanguage":"pt-PT"},{"@type":"Organization","@id":"https:\/\/coelectrix.com\/pt-pt\/#organization","name":"coelectrix.com","url":"https:\/\/coelectrix.com\/pt-pt\/","logo":{"@type":"ImageObject","inLanguage":"pt-PT","@id":"https:\/\/coelectrix.com\/pt-pt\/#\/schema\/logo\/image\/","url":"https:\/\/coelectrix.com\/wp-content\/uploads\/2018\/05\/logo-coelectrix-400x400.jpg","contentUrl":"https:\/\/coelectrix.com\/wp-content\/uploads\/2018\/05\/logo-coelectrix-400x400.jpg","width":300,"height":300,"caption":"coelectrix.com"},"image":{"@id":"https:\/\/coelectrix.com\/pt-pt\/#\/schema\/logo\/image\/"}}]}},"_links":{"self":[{"href":"https:\/\/coelectrix.com\/pt-pt\/wp-json\/wp\/v2\/product\/75107","targetHints":{"allow":["GET"]}}],"collection":[{"href":"https:\/\/coelectrix.com\/pt-pt\/wp-json\/wp\/v2\/product"}],"about":[{"href":"https:\/\/coelectrix.com\/pt-pt\/wp-json\/wp\/v2\/types\/product"}],"version-history":[{"count":1,"href":"https:\/\/coelectrix.com\/pt-pt\/wp-json\/wp\/v2\/product\/75107\/revisions"}],"predecessor-version":[{"id":75394,"href":"https:\/\/coelectrix.com\/pt-pt\/wp-json\/wp\/v2\/product\/75107\/revisions\/75394"}],"wp:featuredmedia":[{"embeddable":true,"href":"https:\/\/coelectrix.com\/pt-pt\/wp-json\/wp\/v2\/media\/72949"}],"wp:attachment":[{"href":"https:\/\/coelectrix.com\/pt-pt\/wp-json\/wp\/v2\/media?parent=75107"}],"wp:term":[{"taxonomy":"product_brand","embeddable":true,"href":"https:\/\/coelectrix.com\/pt-pt\/wp-json\/wp\/v2\/product_brand?post=75107"},{"taxonomy":"product_cat","embeddable":true,"href":"https:\/\/coelectrix.com\/pt-pt\/wp-json\/wp\/v2\/product_cat?post=75107"},{"taxonomy":"product_tag","embeddable":true,"href":"https:\/\/coelectrix.com\/pt-pt\/wp-json\/wp\/v2\/product_tag?post=75107"}],"curies":[{"name":"wp","href":"https:\/\/api.w.org\/{rel}","templated":true}]}}