{"id":75136,"date":"2016-12-12T19:39:48","date_gmt":"2016-12-12T18:39:48","guid":{"rendered":"https:\/\/coelectrix.com\/producto\/cabo-de-reboque-mangueira-7x1-mm"},"modified":"2025-08-19T06:05:53","modified_gmt":"2025-08-19T04:05:53","slug":"cabo-de-reboque-mangueira-7x1-mm","status":"publish","type":"product","link":"https:\/\/coelectrix.com\/pt-pt\/produto\/reboque-de-cabo","title":{"rendered":"Cabo de reboque Mangueira 7&#215;1 mm."},"content":{"rendered":"<h2>Comprar cabo para reboque<\/h2>\n<p><strong>Mangueira el\u00e9ctrica<\/strong> de 7 fios de 1mm. em diferentes cores, v\u00e1lida para qualquer instala\u00e7\u00e3o industrial que requeira estas condi\u00e7\u00f5es, embora seja muito utilizada no sector dos reboques para fazer a instala\u00e7\u00e3o que vai desde o anan\u00e1s\/conetor do ve\u00edculo at\u00e9 \u00e0 zona das luzes do reboque.<\/p>\n<p>Outros tipos de mangueiras <a href=\"http:\/\/www.coelectrix.com\/cable-electrico\/manguera-electrica-multipolar\" target=\"_blank\" rel=\"noopener\">AQUI.<\/a><\/p>\n<h2>Cabo de reboque<\/h2>\n<p>Todos os reboques ou caravanas t\u00eam o cabo de toda a<strong> instala\u00e7\u00e3o el\u00e9ctrica<\/strong> e que termina num conetor de 7 ou 13 p\u00f3los que, por sua vez, est\u00e1 ligado ao conetor do nosso ve\u00edculo.<\/p>\n<p>Este <strong>cabo de reboque<\/strong> d\u00e1-nos corrente \u00e0 caravana ou ao reboque para que as luzes e os indicadores funcionem durante a condu\u00e7\u00e3o.<\/p>\n<h2>Cabo de reboque de 7 p\u00f3los<\/h2>\n<p>Neste caso, vendemos um cabo de 7 fios de cobre com uma sec\u00e7\u00e3o de 1 mm, que \u00e9 o mais utilizado at\u00e9 agora.<\/p>\n<p>Com este cabo de reboque, poder\u00e1 efetuar repara\u00e7\u00f5es ou novas instala\u00e7\u00f5es no seu reboque com liga\u00e7\u00e3o de 7 p\u00f3los.<\/p>\n<p>As liga\u00e7\u00f5es de 7 p\u00f3los permitem efetuar uma instala\u00e7\u00e3o de base nos reboques para controlar as luzes de presen\u00e7a, a marcha-atr\u00e1s e os indicadores.<\/p>\n<p><a href=\"https:\/\/coelectrix.com\/producto\/cable-remolque\/attachment\/conexion-7-polos\" rel=\"attachment wp-att-5868\"><img decoding=\"async\" class=\"alignleft size-medium wp-image-5868\" src=\"https:\/\/coelectrix.com\/wp-content\/uploads\/2016\/12\/conexi\u00f3n-7-polos-300x150.jpg\" alt=\"conexiones remolque\" width=\"300\" height=\"150\" srcset=\"https:\/\/coelectrix.com\/wp-content\/uploads\/2016\/12\/conexi\u00f3n-7-polos-300x150.jpg 300w, https:\/\/coelectrix.com\/wp-content\/uploads\/2016\/12\/conexi\u00f3n-7-polos-64x32.jpg 64w, https:\/\/coelectrix.com\/wp-content\/uploads\/2016\/12\/conexi\u00f3n-7-polos.jpg 400w\" sizes=\"(max-width: 300px) 100vw, 300px\" \/><\/a><\/p>\n<p>O cabo de reboque de 13 p\u00f3los \u00e9 tamb\u00e9m utilizado nas caravanas modernas.<\/p>\n<h3><\/h3>\n<p>A liga\u00e7\u00e3o do cabo de reboque de 7 p\u00f3los \u00e9 feita da seguinte forma:<\/p>\n<ul>\n<li>1 Amarelo &#8211; Indicador direito<\/li>\n<li>2 Azul &#8211; Luz de alimenta\u00e7\u00e3o\/nevoeiro<\/li>\n<li>3 Branco &#8211; Terra<\/li>\n<li>4 Verde &#8211; Indicador direito<\/li>\n<li>5 Castanho &#8211; Luz indicadora direita<\/li>\n<li>6 Vermelho &#8211; Luz de trav\u00e3o<\/li>\n<li>7 Preto &#8211; Luz piloto esquerda<\/li>\n<\/ul>\n<p>Esta \u00e9 a liga\u00e7\u00e3o b\u00e1sica do reboque.<\/p>\n<h3>Porqu\u00ea comprar cablagem para reboque aqui?<\/h3>\n<p>Compre a cablagem para o seu reboque em coelectrix.com, \u00e9 a melhor escolha!<\/p>\n<ul style=\"list-style-type: disc;\">\n<li>Comprar\u00e1 cabos da melhor qualidade dispon\u00edvel no mercado.<\/li>\n<li><strong>Vendemos o cabo ao metro, apenas os metros de que necessita.<\/strong><\/li>\n<li>N\u00e3o h\u00e1 compra m\u00ednima, se quiser apenas 1 metro, n\u00e3o precisa de comprar mais nada.<\/li>\n<li>Os envios s\u00e3o muito r\u00e1pidos, normalmente 24 horas na pen\u00ednsula e nas Ilhas Baleares.<\/li>\n<li>O s\u00edtio Web \u00e9 muito simples e f\u00e1cil de utilizar<\/li>\n<\/ul>\n","protected":false},"excerpt":{"rendered":"<p>Mangueira de 1 mm com 7 fios, ideal para instala\u00e7\u00f5es em reboques.<\/p>\n<p>O pre\u00e7o \u00e9 por metro e cortamos de uma s\u00f3 pe\u00e7a apenas os metros de que necessita.<\/p>\n<p>As unidades que escolher ser\u00e3o os metros que cortaremos.<\/p>\n","protected":false},"featured_media":72884,"template":"","meta":{"_acf_changed":false},"product_brand":[],"product_cat":[1353,1348,1362,1310],"product_tag":[],"class_list":{"0":"post-75136","1":"product","2":"type-product","3":"status-publish","4":"has-post-thumbnail","6":"product_cat-cabo-eletrico","7":"product_cat-ligacoes-do-reboque","8":"product_cat-mangueira-electrica-multipolar","9":"product_cat-mangueiras-de-reboque-de-7-polos","11":"first","12":"instock","13":"taxable","14":"shipping-taxable","15":"purchasable","16":"product-type-simple"},"acf":[],"yoast_head":"<!-- This site is optimized with the Yoast SEO plugin v27.2 - https:\/\/yoast.com\/product\/yoast-seo-wordpress\/ -->\n<title>\u25b7 Cabo de reboque de 7 p\u00f3los - Corte ao metro | Coelectrix.com<\/title>\n<meta name=\"description\" content=\"Compre cabo de reboque de 7 p\u00f3los | Com remessa 24\/48 horas | Loja online l\u00edder em eletr\u00f4nica automotiva \u27a4 Melhor pre\u00e7o online.\" \/>\n<meta name=\"robots\" content=\"index, follow, max-snippet:-1, max-image-preview:large, max-video-preview:-1\" \/>\n<link rel=\"canonical\" href=\"https:\/\/coelectrix.com\/pt-pt\/produto\/reboque-de-cabo\" \/>\n<meta property=\"og:locale\" content=\"pt_PT\" \/>\n<meta property=\"og:type\" content=\"article\" \/>\n<meta property=\"og:title\" content=\"\u25b7 Cabo de reboque de 7 p\u00f3los - Corte ao metro | Coelectrix.com\" \/>\n<meta property=\"og:description\" content=\"Compre cabo de reboque de 7 p\u00f3los | Com remessa 24\/48 horas | Loja online l\u00edder em eletr\u00f4nica automotiva \u27a4 Melhor pre\u00e7o online.\" \/>\n<meta property=\"og:url\" content=\"https:\/\/coelectrix.com\/pt-pt\/produto\/reboque-de-cabo\" \/>\n<meta property=\"og:site_name\" content=\"Coelectrix\" \/>\n<meta property=\"article:modified_time\" content=\"2025-08-19T04:05:53+00:00\" \/>\n<meta property=\"og:image\" content=\"https:\/\/coelectrix.com\/wp-content\/uploads\/2019\/03\/cable-remolque-7-polos-800x800.jpg\" \/>\n\t<meta property=\"og:image:width\" content=\"800\" \/>\n\t<meta property=\"og:image:height\" content=\"800\" \/>\n\t<meta property=\"og:image:type\" content=\"image\/jpeg\" \/>\n<meta name=\"twitter:card\" content=\"summary_large_image\" \/>\n<meta name=\"twitter:label1\" content=\"Tempo estimado de leitura\" \/>\n\t<meta name=\"twitter:data1\" content=\"2 minutos\" \/>\n<script type=\"application\/ld+json\" class=\"yoast-schema-graph\">{\"@context\":\"https:\/\/schema.org\",\"@graph\":[{\"@type\":\"WebPage\",\"@id\":\"https:\/\/coelectrix.com\/pt-pt\/produto\/reboque-de-cabo\",\"url\":\"https:\/\/coelectrix.com\/pt-pt\/produto\/reboque-de-cabo\",\"name\":\"\u25b7 Cabo de reboque de 7 p\u00f3los - Corte ao metro | Coelectrix.com\",\"isPartOf\":{\"@id\":\"https:\/\/coelectrix.com\/pt-pt\/#website\"},\"primaryImageOfPage\":{\"@id\":\"https:\/\/coelectrix.com\/pt-pt\/produto\/reboque-de-cabo#primaryimage\"},\"image\":{\"@id\":\"https:\/\/coelectrix.com\/pt-pt\/produto\/reboque-de-cabo#primaryimage\"},\"thumbnailUrl\":\"https:\/\/coelectrix.com\/wp-content\/uploads\/2019\/03\/cable-remolque-7-polos-800x800.jpg\",\"datePublished\":\"2016-12-12T18:39:48+00:00\",\"dateModified\":\"2025-08-19T04:05:53+00:00\",\"description\":\"Compre cabo de reboque de 7 p\u00f3los | Com remessa 24\/48 horas | Loja online l\u00edder em eletr\u00f4nica automotiva \u27a4 Melhor pre\u00e7o online.\",\"breadcrumb\":{\"@id\":\"https:\/\/coelectrix.com\/pt-pt\/produto\/reboque-de-cabo#breadcrumb\"},\"inLanguage\":\"pt-PT\",\"potentialAction\":[{\"@type\":\"ReadAction\",\"target\":[\"https:\/\/coelectrix.com\/pt-pt\/produto\/reboque-de-cabo\"]}]},{\"@type\":\"ImageObject\",\"inLanguage\":\"pt-PT\",\"@id\":\"https:\/\/coelectrix.com\/pt-pt\/produto\/reboque-de-cabo#primaryimage\",\"url\":\"https:\/\/coelectrix.com\/wp-content\/uploads\/2019\/03\/cable-remolque-7-polos-800x800.jpg\",\"contentUrl\":\"https:\/\/coelectrix.com\/wp-content\/uploads\/2019\/03\/cable-remolque-7-polos-800x800.jpg\",\"width\":800,\"height\":800,\"caption\":\"comprar cabo de reboque\"},{\"@type\":\"BreadcrumbList\",\"@id\":\"https:\/\/coelectrix.com\/pt-pt\/produto\/reboque-de-cabo#breadcrumb\",\"itemListElement\":[{\"@type\":\"ListItem\",\"position\":1,\"name\":\"Portada\",\"item\":\"https:\/\/coelectrix.com\/\"},{\"@type\":\"ListItem\",\"position\":2,\"name\":\"Loja\",\"item\":\"https:\/\/coelectrix.com\/pt-pt\/loja\"},{\"@type\":\"ListItem\",\"position\":3,\"name\":\"Cabo de reboque Mangueira 7&#215;1 mm.\"}]},{\"@type\":\"WebSite\",\"@id\":\"https:\/\/coelectrix.com\/pt-pt\/#website\",\"url\":\"https:\/\/coelectrix.com\/pt-pt\/\",\"name\":\"Coelectrix\",\"description\":\"Componentes el\u00e9ctricos\",\"publisher\":{\"@id\":\"https:\/\/coelectrix.com\/pt-pt\/#organization\"},\"potentialAction\":[{\"@type\":\"SearchAction\",\"target\":{\"@type\":\"EntryPoint\",\"urlTemplate\":\"https:\/\/coelectrix.com\/pt-pt\/?s={search_term_string}\"},\"query-input\":{\"@type\":\"PropertyValueSpecification\",\"valueRequired\":true,\"valueName\":\"search_term_string\"}}],\"inLanguage\":\"pt-PT\"},{\"@type\":\"Organization\",\"@id\":\"https:\/\/coelectrix.com\/pt-pt\/#organization\",\"name\":\"coelectrix.com\",\"url\":\"https:\/\/coelectrix.com\/pt-pt\/\",\"logo\":{\"@type\":\"ImageObject\",\"inLanguage\":\"pt-PT\",\"@id\":\"https:\/\/coelectrix.com\/pt-pt\/#\/schema\/logo\/image\/\",\"url\":\"https:\/\/coelectrix.com\/wp-content\/uploads\/2018\/05\/logo-coelectrix-400x400.jpg\",\"contentUrl\":\"https:\/\/coelectrix.com\/wp-content\/uploads\/2018\/05\/logo-coelectrix-400x400.jpg\",\"width\":300,\"height\":300,\"caption\":\"coelectrix.com\"},\"image\":{\"@id\":\"https:\/\/coelectrix.com\/pt-pt\/#\/schema\/logo\/image\/\"}}]}<\/script>\n<!-- \/ Yoast SEO plugin. -->","yoast_head_json":{"title":"\u25b7 Cabo de reboque de 7 p\u00f3los - Corte ao metro | Coelectrix.com","description":"Compre cabo de reboque de 7 p\u00f3los | Com remessa 24\/48 horas | Loja online l\u00edder em eletr\u00f4nica automotiva \u27a4 Melhor pre\u00e7o online.","robots":{"index":"index","follow":"follow","max-snippet":"max-snippet:-1","max-image-preview":"max-image-preview:large","max-video-preview":"max-video-preview:-1"},"canonical":"https:\/\/coelectrix.com\/pt-pt\/produto\/reboque-de-cabo","og_locale":"pt_PT","og_type":"article","og_title":"\u25b7 Cabo de reboque de 7 p\u00f3los - Corte ao metro | Coelectrix.com","og_description":"Compre cabo de reboque de 7 p\u00f3los | Com remessa 24\/48 horas | Loja online l\u00edder em eletr\u00f4nica automotiva \u27a4 Melhor pre\u00e7o online.","og_url":"https:\/\/coelectrix.com\/pt-pt\/produto\/reboque-de-cabo","og_site_name":"Coelectrix","article_modified_time":"2025-08-19T04:05:53+00:00","og_image":[{"width":800,"height":800,"url":"https:\/\/coelectrix.com\/wp-content\/uploads\/2019\/03\/cable-remolque-7-polos-800x800.jpg","type":"image\/jpeg"}],"twitter_card":"summary_large_image","twitter_misc":{"Tempo estimado de leitura":"2 minutos"},"schema":{"@context":"https:\/\/schema.org","@graph":[{"@type":"WebPage","@id":"https:\/\/coelectrix.com\/pt-pt\/produto\/reboque-de-cabo","url":"https:\/\/coelectrix.com\/pt-pt\/produto\/reboque-de-cabo","name":"\u25b7 Cabo de reboque de 7 p\u00f3los - Corte ao metro | Coelectrix.com","isPartOf":{"@id":"https:\/\/coelectrix.com\/pt-pt\/#website"},"primaryImageOfPage":{"@id":"https:\/\/coelectrix.com\/pt-pt\/produto\/reboque-de-cabo#primaryimage"},"image":{"@id":"https:\/\/coelectrix.com\/pt-pt\/produto\/reboque-de-cabo#primaryimage"},"thumbnailUrl":"https:\/\/coelectrix.com\/wp-content\/uploads\/2019\/03\/cable-remolque-7-polos-800x800.jpg","datePublished":"2016-12-12T18:39:48+00:00","dateModified":"2025-08-19T04:05:53+00:00","description":"Compre cabo de reboque de 7 p\u00f3los | Com remessa 24\/48 horas | Loja online l\u00edder em eletr\u00f4nica automotiva \u27a4 Melhor pre\u00e7o online.","breadcrumb":{"@id":"https:\/\/coelectrix.com\/pt-pt\/produto\/reboque-de-cabo#breadcrumb"},"inLanguage":"pt-PT","potentialAction":[{"@type":"ReadAction","target":["https:\/\/coelectrix.com\/pt-pt\/produto\/reboque-de-cabo"]}]},{"@type":"ImageObject","inLanguage":"pt-PT","@id":"https:\/\/coelectrix.com\/pt-pt\/produto\/reboque-de-cabo#primaryimage","url":"https:\/\/coelectrix.com\/wp-content\/uploads\/2019\/03\/cable-remolque-7-polos-800x800.jpg","contentUrl":"https:\/\/coelectrix.com\/wp-content\/uploads\/2019\/03\/cable-remolque-7-polos-800x800.jpg","width":800,"height":800,"caption":"comprar cabo de reboque"},{"@type":"BreadcrumbList","@id":"https:\/\/coelectrix.com\/pt-pt\/produto\/reboque-de-cabo#breadcrumb","itemListElement":[{"@type":"ListItem","position":1,"name":"Portada","item":"https:\/\/coelectrix.com\/"},{"@type":"ListItem","position":2,"name":"Loja","item":"https:\/\/coelectrix.com\/pt-pt\/loja"},{"@type":"ListItem","position":3,"name":"Cabo de reboque Mangueira 7&#215;1 mm."}]},{"@type":"WebSite","@id":"https:\/\/coelectrix.com\/pt-pt\/#website","url":"https:\/\/coelectrix.com\/pt-pt\/","name":"Coelectrix","description":"Componentes el\u00e9ctricos","publisher":{"@id":"https:\/\/coelectrix.com\/pt-pt\/#organization"},"potentialAction":[{"@type":"SearchAction","target":{"@type":"EntryPoint","urlTemplate":"https:\/\/coelectrix.com\/pt-pt\/?s={search_term_string}"},"query-input":{"@type":"PropertyValueSpecification","valueRequired":true,"valueName":"search_term_string"}}],"inLanguage":"pt-PT"},{"@type":"Organization","@id":"https:\/\/coelectrix.com\/pt-pt\/#organization","name":"coelectrix.com","url":"https:\/\/coelectrix.com\/pt-pt\/","logo":{"@type":"ImageObject","inLanguage":"pt-PT","@id":"https:\/\/coelectrix.com\/pt-pt\/#\/schema\/logo\/image\/","url":"https:\/\/coelectrix.com\/wp-content\/uploads\/2018\/05\/logo-coelectrix-400x400.jpg","contentUrl":"https:\/\/coelectrix.com\/wp-content\/uploads\/2018\/05\/logo-coelectrix-400x400.jpg","width":300,"height":300,"caption":"coelectrix.com"},"image":{"@id":"https:\/\/coelectrix.com\/pt-pt\/#\/schema\/logo\/image\/"}}]}},"_links":{"self":[{"href":"https:\/\/coelectrix.com\/pt-pt\/wp-json\/wp\/v2\/product\/75136","targetHints":{"allow":["GET"]}}],"collection":[{"href":"https:\/\/coelectrix.com\/pt-pt\/wp-json\/wp\/v2\/product"}],"about":[{"href":"https:\/\/coelectrix.com\/pt-pt\/wp-json\/wp\/v2\/types\/product"}],"version-history":[{"count":1,"href":"https:\/\/coelectrix.com\/pt-pt\/wp-json\/wp\/v2\/product\/75136\/revisions"}],"predecessor-version":[{"id":75380,"href":"https:\/\/coelectrix.com\/pt-pt\/wp-json\/wp\/v2\/product\/75136\/revisions\/75380"}],"wp:featuredmedia":[{"embeddable":true,"href":"https:\/\/coelectrix.com\/pt-pt\/wp-json\/wp\/v2\/media\/72884"}],"wp:attachment":[{"href":"https:\/\/coelectrix.com\/pt-pt\/wp-json\/wp\/v2\/media?parent=75136"}],"wp:term":[{"taxonomy":"product_brand","embeddable":true,"href":"https:\/\/coelectrix.com\/pt-pt\/wp-json\/wp\/v2\/product_brand?post=75136"},{"taxonomy":"product_cat","embeddable":true,"href":"https:\/\/coelectrix.com\/pt-pt\/wp-json\/wp\/v2\/product_cat?post=75136"},{"taxonomy":"product_tag","embeddable":true,"href":"https:\/\/coelectrix.com\/pt-pt\/wp-json\/wp\/v2\/product_tag?post=75136"}],"curies":[{"name":"wp","href":"https:\/\/api.w.org\/{rel}","templated":true}]}}