{"id":75241,"date":"2024-01-27T08:15:42","date_gmt":"2024-01-27T07:15:42","guid":{"rendered":"https:\/\/coelectrix.com\/producto\/carregador-de-inversor-victron-multiplus-12-2000-80-32"},"modified":"2025-08-19T06:00:46","modified_gmt":"2025-08-19T04:00:46","slug":"carregador-de-inversor-victron-multiplus-12-2000-80-32","status":"publish","type":"product","link":"https:\/\/coelectrix.com\/pt-pt\/producto\/inversor-cargador-victron-multiplus-12-2000-80-32","title":{"rendered":"Carregador de Inversor Victron MULTIPLUS 12\/2000\/80-32"},"content":{"rendered":"<h2 class=\"ppbd-product-name\"><strong>MULTIPLUS 12\/2000\/80-32<\/strong><\/h2>\n<p>O novo estilo MultiPlus foi concebido para substituir a anterior gama MultiPlus Compact. Re\u00fane, numa \u00fanica caixa compacta, um potente inversor sinusoidal, um sofisticado carregador de bateria com tecnologia de carga vari\u00e1vel e um interrutor de transfer\u00eancia CA de alta velocidade.<\/p>\n<div>\n<h3><strong> Principais <\/strong><span style=\"font-size: 25.888px;\"><b>carater\u00edsticas<\/b><\/span><strong> do carregador do inversor <\/strong><strong>MULTIPLUS 12\/2000\/80-32<\/strong><\/h3>\n<h3><strong>Alimenta\u00e7\u00e3o CA ininterrupta (fun\u00e7\u00e3o UPS)<\/strong><\/h3>\n<p>Em caso de falha de energia ou de desconex\u00e3o da rede de terra ou do gerador, o inversor integrado no Multi ativa-se automaticamente e assume o fornecimento para alimentar as cargas ligadas. Isto acontece t\u00e3o rapidamente (menos de 20 milissegundos) que os computadores e outros equipamentos electr\u00f3nicos continuam a funcionar sem interrup\u00e7\u00f5es.<\/p>\n<h3><strong>Monitoriza\u00e7\u00e3o e controlo remotos (opcional atrav\u00e9s do Color Control GX ou Venus GX)<\/strong><\/h3>\n<p>Monitorize e controle o(s) seu(s) sistema(s) MultiPlus localmente (LAN) ou remotamente atrav\u00e9s da Internet a partir de qualquer parte do mundo com a aplica\u00e7\u00e3o gratuita VRM e o portal gratuito VRM. O acesso pode ser efectuado a partir de um telem\u00f3vel, tablet ou PC com diferentes sistemas operativos. N\u00e3o h\u00e1 limite para o n\u00edvel de controlo, sempre atrav\u00e9s do indispens\u00e1vel Color Control GX ou Venus GX.<\/p>\n<\/div>\n<div>\n<h3><strong>PowerControl &#8211; Pot\u00eancia limitada do gerador, da rede de terra ou da rede el\u00e9ctrica (800VA\/2000VA)<\/strong><\/h3>\n<p>No painel de controlo do MultiPlus pode ser definida uma corrente m\u00e1xima do gerador ou da doca. O MultiPlus assumir\u00e1 ent\u00e3o outras cargas CA e utilizar\u00e1 a corrente em excesso para carregar, evitando assim a sobrecarga do gerador ou da rede de terra.<\/p>\n<h3><strong>PowerAssist &#8211; Aumentar a capacidade el\u00e9ctrica da alimenta\u00e7\u00e3o em terra ou do gerador (800VA\/2000VA)<\/strong><\/h3>\n<p>Quando \u00e9 necess\u00e1rio um pico de pot\u00eancia durante um curto per\u00edodo de tempo, como \u00e9 frequentemente o caso, o MultiPlus compensa imediatamente a poss\u00edvel falta de pot\u00eancia da rede el\u00e9ctrica ou do gerador com pot\u00eancia da bateria. Quando a carga \u00e9 reduzida, a energia excedente \u00e9 utilizada para recarregar a bateria.<\/p>\n<h3><strong>Modo de pesquisa<\/strong><\/h3>\n<p>Quando o modo de pesquisa \u00e9 ativado, o consumo do inversor em funcionamento sem carga \u00e9 reduzido em cerca de 70%. Neste modo, o Multi, quando funciona no modo de inversor, desliga-se se n\u00e3o houver carga ou se houver muito pouca carga e volta a ligar-se de dois em dois segundos durante um curto per\u00edodo de tempo. Se a corrente de sa\u00edda exceder um n\u00edvel predefinido, o inversor continuar\u00e1 a funcionar. Caso contr\u00e1rio, o inversor desliga-se novamente.<\/p>\n<h3><strong>Rel\u00e9 program\u00e1vel<\/strong><\/h3>\n<p>O rel\u00e9 program\u00e1vel est\u00e1, por defeito, configurado como um rel\u00e9 de alarme, ou seja, o rel\u00e9 ser\u00e1 desenergizado em caso de alarme ou pr\u00e9-alarme (o inversor est\u00e1 demasiado quente, a ondula\u00e7\u00e3o de entrada \u00e9 quase demasiado elevada e a tens\u00e3o da bateria \u00e9 demasiado baixa).<\/p>\n<\/div>\n<div>\n<h3><strong>Carregador do inversor MultiPlus 12\/2000\/80-32 Especifica\u00e7\u00f5es do carregador do inversor<\/strong><\/h3>\n<div>Tens\u00e3o do inversor 12 V<\/div>\n<div>Peso do inversor 15,5 kg<\/div>\n<div>Dimens\u00f5es do Inversor 506 x 236 x 147 mm<\/div>\n<div>Efici\u00eancia m\u00e1xima 93%.<\/div>\n<div>Classe de prote\u00e7\u00e3o IP22<\/div>\n<div>Tens\u00e3o de entrada 12 V<\/div>\n<div>Pot\u00eancia nominal de sa\u00edda (W) 2000 VA<\/div>\n<div>Pot\u00eancia de sa\u00edda 2000 VA<\/div>\n<div>Pot\u00eancia de pico (W) 3500 W<\/div>\n<div>Tens\u00e3o \/ Frequ\u00eancia Sa\u00edda AC 230 VAC \u00b1 2% \/ 50Hz \u00b1 0,1%.<\/div>\n<div>Tipo de onda pura<\/div>\n<div>Garantia 5 anos<\/div>\n<div>Tipo de inversor Inversor &#8211; carregador<\/div>\n<div><\/div>\n<p><a href=\"https:\/\/coelectrix.com\/wp-content\/uploads\/2024\/01\/Ficha_t__rcnica_inversor_cargador_MultiPlus_500VA_2000VA_1d3c.pdf\" target=\"_blank\" rel=\"noopener\">Ver \/ Descarregar a folha de dados do MultiPlus 12\/2000\/80-32<\/a><\/p>\n<\/div>\n","protected":false},"excerpt":{"rendered":"<p><strong>Carregador de Inversor VICTRON Energy MultiPlus 12\/2000\/80-32.<\/strong><br \/>\nO MultiPlus combina um potente inversor de onda sinusoidal, um sofisticado carregador de bateria com tecnologia adaptativa e um interrutor de transfer\u00eancia CA de alta velocidade numa \u00fanica caixa compacta.<\/p>\n","protected":false},"featured_media":74370,"template":"","meta":{"_acf_changed":false},"product_brand":[],"product_cat":[1342,1349,1338],"product_tag":[1445],"class_list":{"0":"post-75241","1":"product","2":"type-product","3":"status-publish","4":"has-post-thumbnail","6":"product_cat-carregadores-de-bateria","7":"product_cat-investidores","8":"product_cat-victron-energia","9":"product_tag-victron-pt","11":"first","12":"instock","13":"taxable","14":"shipping-taxable","15":"purchasable","16":"product-type-simple"},"acf":[],"yoast_head":"<!-- This site is optimized with the Yoast SEO plugin v27.2 - https:\/\/yoast.com\/product\/yoast-seo-wordpress\/ -->\n<title>\u25b7 Carregador de Inversor Victron MULTIPLUS 12\/2000\/80-32 | Coelectrix.com<\/title>\n<meta name=\"description\" content=\"O carregador de inversor MultiPlus 12\/2000\/80-32 \u00e9 um inversor de onda sinusoidal verdadeiramente potente, um carregador de bateria sofisticado.\" \/>\n<meta name=\"robots\" content=\"index, follow, max-snippet:-1, max-image-preview:large, max-video-preview:-1\" \/>\n<link rel=\"canonical\" href=\"https:\/\/coelectrix.com\/pt-pt\/producto\/inversor-cargador-victron-multiplus-12-2000-80-32\" \/>\n<meta property=\"og:locale\" content=\"pt_PT\" \/>\n<meta property=\"og:type\" content=\"article\" \/>\n<meta property=\"og:title\" content=\"\u25b7 Carregador de Inversor Victron MULTIPLUS 12\/2000\/80-32 | Coelectrix.com\" \/>\n<meta property=\"og:description\" content=\"O carregador de inversor MultiPlus 12\/2000\/80-32 \u00e9 um inversor de onda sinusoidal verdadeiramente potente, um carregador de bateria sofisticado.\" \/>\n<meta property=\"og:url\" content=\"https:\/\/coelectrix.com\/pt-pt\/producto\/inversor-cargador-victron-multiplus-12-2000-80-32\" \/>\n<meta property=\"og:site_name\" content=\"Coelectrix\" \/>\n<meta property=\"article:modified_time\" content=\"2025-08-19T04:00:46+00:00\" \/>\n<meta property=\"og:image\" content=\"https:\/\/coelectrix.com\/wp-content\/uploads\/2024\/01\/MultiPlus-12_2000_80_32-.jpg\" \/>\n\t<meta property=\"og:image:width\" content=\"600\" \/>\n\t<meta property=\"og:image:height\" content=\"600\" \/>\n\t<meta property=\"og:image:type\" content=\"image\/jpeg\" \/>\n<meta name=\"twitter:card\" content=\"summary_large_image\" \/>\n<meta name=\"twitter:label1\" content=\"Tempo estimado de leitura\" \/>\n\t<meta name=\"twitter:data1\" content=\"3 minutos\" \/>\n<script type=\"application\/ld+json\" class=\"yoast-schema-graph\">{\"@context\":\"https:\/\/schema.org\",\"@graph\":[{\"@type\":\"WebPage\",\"@id\":\"https:\/\/coelectrix.com\/pt-pt\/producto\/inversor-cargador-victron-multiplus-12-2000-80-32\",\"url\":\"https:\/\/coelectrix.com\/pt-pt\/producto\/inversor-cargador-victron-multiplus-12-2000-80-32\",\"name\":\"\u25b7 Carregador de Inversor Victron MULTIPLUS 12\/2000\/80-32 | Coelectrix.com\",\"isPartOf\":{\"@id\":\"https:\/\/coelectrix.com\/pt-pt\/#website\"},\"primaryImageOfPage\":{\"@id\":\"https:\/\/coelectrix.com\/pt-pt\/producto\/inversor-cargador-victron-multiplus-12-2000-80-32#primaryimage\"},\"image\":{\"@id\":\"https:\/\/coelectrix.com\/pt-pt\/producto\/inversor-cargador-victron-multiplus-12-2000-80-32#primaryimage\"},\"thumbnailUrl\":\"https:\/\/coelectrix.com\/wp-content\/uploads\/2024\/01\/MultiPlus-12_2000_80_32-.jpg\",\"datePublished\":\"2024-01-27T07:15:42+00:00\",\"dateModified\":\"2025-08-19T04:00:46+00:00\",\"description\":\"O carregador de inversor MultiPlus 12\/2000\/80-32 \u00e9 um inversor de onda sinusoidal verdadeiramente potente, um carregador de bateria sofisticado.\",\"breadcrumb\":{\"@id\":\"https:\/\/coelectrix.com\/pt-pt\/producto\/inversor-cargador-victron-multiplus-12-2000-80-32#breadcrumb\"},\"inLanguage\":\"pt-PT\",\"potentialAction\":[{\"@type\":\"ReadAction\",\"target\":[\"https:\/\/coelectrix.com\/pt-pt\/producto\/inversor-cargador-victron-multiplus-12-2000-80-32\"]}]},{\"@type\":\"ImageObject\",\"inLanguage\":\"pt-PT\",\"@id\":\"https:\/\/coelectrix.com\/pt-pt\/producto\/inversor-cargador-victron-multiplus-12-2000-80-32#primaryimage\",\"url\":\"https:\/\/coelectrix.com\/wp-content\/uploads\/2024\/01\/MultiPlus-12_2000_80_32-.jpg\",\"contentUrl\":\"https:\/\/coelectrix.com\/wp-content\/uploads\/2024\/01\/MultiPlus-12_2000_80_32-.jpg\",\"width\":600,\"height\":600,\"caption\":\"MultiPlus 12_2000_80_32\"},{\"@type\":\"BreadcrumbList\",\"@id\":\"https:\/\/coelectrix.com\/pt-pt\/producto\/inversor-cargador-victron-multiplus-12-2000-80-32#breadcrumb\",\"itemListElement\":[{\"@type\":\"ListItem\",\"position\":1,\"name\":\"Portada\",\"item\":\"https:\/\/coelectrix.com\/\"},{\"@type\":\"ListItem\",\"position\":2,\"name\":\"Loja\",\"item\":\"https:\/\/coelectrix.com\/pt-pt\/loja\"},{\"@type\":\"ListItem\",\"position\":3,\"name\":\"Carregador de Inversor Victron MULTIPLUS 12\/2000\/80-32\"}]},{\"@type\":\"WebSite\",\"@id\":\"https:\/\/coelectrix.com\/pt-pt\/#website\",\"url\":\"https:\/\/coelectrix.com\/pt-pt\/\",\"name\":\"Coelectrix\",\"description\":\"Componentes el\u00e9ctricos\",\"publisher\":{\"@id\":\"https:\/\/coelectrix.com\/pt-pt\/#organization\"},\"potentialAction\":[{\"@type\":\"SearchAction\",\"target\":{\"@type\":\"EntryPoint\",\"urlTemplate\":\"https:\/\/coelectrix.com\/pt-pt\/?s={search_term_string}\"},\"query-input\":{\"@type\":\"PropertyValueSpecification\",\"valueRequired\":true,\"valueName\":\"search_term_string\"}}],\"inLanguage\":\"pt-PT\"},{\"@type\":\"Organization\",\"@id\":\"https:\/\/coelectrix.com\/pt-pt\/#organization\",\"name\":\"coelectrix.com\",\"url\":\"https:\/\/coelectrix.com\/pt-pt\/\",\"logo\":{\"@type\":\"ImageObject\",\"inLanguage\":\"pt-PT\",\"@id\":\"https:\/\/coelectrix.com\/pt-pt\/#\/schema\/logo\/image\/\",\"url\":\"https:\/\/coelectrix.com\/wp-content\/uploads\/2018\/05\/logo-coelectrix-400x400.jpg\",\"contentUrl\":\"https:\/\/coelectrix.com\/wp-content\/uploads\/2018\/05\/logo-coelectrix-400x400.jpg\",\"width\":300,\"height\":300,\"caption\":\"coelectrix.com\"},\"image\":{\"@id\":\"https:\/\/coelectrix.com\/pt-pt\/#\/schema\/logo\/image\/\"}}]}<\/script>\n<!-- \/ Yoast SEO plugin. -->","yoast_head_json":{"title":"\u25b7 Carregador de Inversor Victron MULTIPLUS 12\/2000\/80-32 | Coelectrix.com","description":"O carregador de inversor MultiPlus 12\/2000\/80-32 \u00e9 um inversor de onda sinusoidal verdadeiramente potente, um carregador de bateria sofisticado.","robots":{"index":"index","follow":"follow","max-snippet":"max-snippet:-1","max-image-preview":"max-image-preview:large","max-video-preview":"max-video-preview:-1"},"canonical":"https:\/\/coelectrix.com\/pt-pt\/producto\/inversor-cargador-victron-multiplus-12-2000-80-32","og_locale":"pt_PT","og_type":"article","og_title":"\u25b7 Carregador de Inversor Victron MULTIPLUS 12\/2000\/80-32 | Coelectrix.com","og_description":"O carregador de inversor MultiPlus 12\/2000\/80-32 \u00e9 um inversor de onda sinusoidal verdadeiramente potente, um carregador de bateria sofisticado.","og_url":"https:\/\/coelectrix.com\/pt-pt\/producto\/inversor-cargador-victron-multiplus-12-2000-80-32","og_site_name":"Coelectrix","article_modified_time":"2025-08-19T04:00:46+00:00","og_image":[{"width":600,"height":600,"url":"https:\/\/coelectrix.com\/wp-content\/uploads\/2024\/01\/MultiPlus-12_2000_80_32-.jpg","type":"image\/jpeg"}],"twitter_card":"summary_large_image","twitter_misc":{"Tempo estimado de leitura":"3 minutos"},"schema":{"@context":"https:\/\/schema.org","@graph":[{"@type":"WebPage","@id":"https:\/\/coelectrix.com\/pt-pt\/producto\/inversor-cargador-victron-multiplus-12-2000-80-32","url":"https:\/\/coelectrix.com\/pt-pt\/producto\/inversor-cargador-victron-multiplus-12-2000-80-32","name":"\u25b7 Carregador de Inversor Victron MULTIPLUS 12\/2000\/80-32 | Coelectrix.com","isPartOf":{"@id":"https:\/\/coelectrix.com\/pt-pt\/#website"},"primaryImageOfPage":{"@id":"https:\/\/coelectrix.com\/pt-pt\/producto\/inversor-cargador-victron-multiplus-12-2000-80-32#primaryimage"},"image":{"@id":"https:\/\/coelectrix.com\/pt-pt\/producto\/inversor-cargador-victron-multiplus-12-2000-80-32#primaryimage"},"thumbnailUrl":"https:\/\/coelectrix.com\/wp-content\/uploads\/2024\/01\/MultiPlus-12_2000_80_32-.jpg","datePublished":"2024-01-27T07:15:42+00:00","dateModified":"2025-08-19T04:00:46+00:00","description":"O carregador de inversor MultiPlus 12\/2000\/80-32 \u00e9 um inversor de onda sinusoidal verdadeiramente potente, um carregador de bateria sofisticado.","breadcrumb":{"@id":"https:\/\/coelectrix.com\/pt-pt\/producto\/inversor-cargador-victron-multiplus-12-2000-80-32#breadcrumb"},"inLanguage":"pt-PT","potentialAction":[{"@type":"ReadAction","target":["https:\/\/coelectrix.com\/pt-pt\/producto\/inversor-cargador-victron-multiplus-12-2000-80-32"]}]},{"@type":"ImageObject","inLanguage":"pt-PT","@id":"https:\/\/coelectrix.com\/pt-pt\/producto\/inversor-cargador-victron-multiplus-12-2000-80-32#primaryimage","url":"https:\/\/coelectrix.com\/wp-content\/uploads\/2024\/01\/MultiPlus-12_2000_80_32-.jpg","contentUrl":"https:\/\/coelectrix.com\/wp-content\/uploads\/2024\/01\/MultiPlus-12_2000_80_32-.jpg","width":600,"height":600,"caption":"MultiPlus 12_2000_80_32"},{"@type":"BreadcrumbList","@id":"https:\/\/coelectrix.com\/pt-pt\/producto\/inversor-cargador-victron-multiplus-12-2000-80-32#breadcrumb","itemListElement":[{"@type":"ListItem","position":1,"name":"Portada","item":"https:\/\/coelectrix.com\/"},{"@type":"ListItem","position":2,"name":"Loja","item":"https:\/\/coelectrix.com\/pt-pt\/loja"},{"@type":"ListItem","position":3,"name":"Carregador de Inversor Victron MULTIPLUS 12\/2000\/80-32"}]},{"@type":"WebSite","@id":"https:\/\/coelectrix.com\/pt-pt\/#website","url":"https:\/\/coelectrix.com\/pt-pt\/","name":"Coelectrix","description":"Componentes el\u00e9ctricos","publisher":{"@id":"https:\/\/coelectrix.com\/pt-pt\/#organization"},"potentialAction":[{"@type":"SearchAction","target":{"@type":"EntryPoint","urlTemplate":"https:\/\/coelectrix.com\/pt-pt\/?s={search_term_string}"},"query-input":{"@type":"PropertyValueSpecification","valueRequired":true,"valueName":"search_term_string"}}],"inLanguage":"pt-PT"},{"@type":"Organization","@id":"https:\/\/coelectrix.com\/pt-pt\/#organization","name":"coelectrix.com","url":"https:\/\/coelectrix.com\/pt-pt\/","logo":{"@type":"ImageObject","inLanguage":"pt-PT","@id":"https:\/\/coelectrix.com\/pt-pt\/#\/schema\/logo\/image\/","url":"https:\/\/coelectrix.com\/wp-content\/uploads\/2018\/05\/logo-coelectrix-400x400.jpg","contentUrl":"https:\/\/coelectrix.com\/wp-content\/uploads\/2018\/05\/logo-coelectrix-400x400.jpg","width":300,"height":300,"caption":"coelectrix.com"},"image":{"@id":"https:\/\/coelectrix.com\/pt-pt\/#\/schema\/logo\/image\/"}}]}},"_links":{"self":[{"href":"https:\/\/coelectrix.com\/pt-pt\/wp-json\/wp\/v2\/product\/75241","targetHints":{"allow":["GET"]}}],"collection":[{"href":"https:\/\/coelectrix.com\/pt-pt\/wp-json\/wp\/v2\/product"}],"about":[{"href":"https:\/\/coelectrix.com\/pt-pt\/wp-json\/wp\/v2\/types\/product"}],"version-history":[{"count":1,"href":"https:\/\/coelectrix.com\/pt-pt\/wp-json\/wp\/v2\/product\/75241\/revisions"}],"predecessor-version":[{"id":75290,"href":"https:\/\/coelectrix.com\/pt-pt\/wp-json\/wp\/v2\/product\/75241\/revisions\/75290"}],"wp:featuredmedia":[{"embeddable":true,"href":"https:\/\/coelectrix.com\/pt-pt\/wp-json\/wp\/v2\/media\/74370"}],"wp:attachment":[{"href":"https:\/\/coelectrix.com\/pt-pt\/wp-json\/wp\/v2\/media?parent=75241"}],"wp:term":[{"taxonomy":"product_brand","embeddable":true,"href":"https:\/\/coelectrix.com\/pt-pt\/wp-json\/wp\/v2\/product_brand?post=75241"},{"taxonomy":"product_cat","embeddable":true,"href":"https:\/\/coelectrix.com\/pt-pt\/wp-json\/wp\/v2\/product_cat?post=75241"},{"taxonomy":"product_tag","embeddable":true,"href":"https:\/\/coelectrix.com\/pt-pt\/wp-json\/wp\/v2\/product_tag?post=75241"}],"curies":[{"name":"wp","href":"https:\/\/api.w.org\/{rel}","templated":true}]}}