{"id":75242,"date":"2024-01-27T07:44:43","date_gmt":"2024-01-27T06:44:43","guid":{"rendered":"https:\/\/coelectrix.com\/producto\/carregador-de-inversor-victron-multiplus-ii-12-3000-120-32"},"modified":"2025-08-19T06:00:46","modified_gmt":"2025-08-19T04:00:46","slug":"carregador-de-inversor-victron-multiplus-ii-12-3000-120-32","status":"publish","type":"product","link":"https:\/\/coelectrix.com\/pt-pt\/producto\/inversor-cargador-victron-multiplus-ii-12-3000-120-32","title":{"rendered":"Carregador de Inversor Victron MULTIPLUS-II 12\/3000\/120-32"},"content":{"rendered":"<h2 class=\"ppbd-product-name\"><strong>MULTIPLUS-II 12\/3000\/120-32<\/strong><\/h2>\n<p>Um MultiPlus, com funcionalidade ESS (Sistema de Armazenamento de Energia)<\/p>\n<p>O MultiPlus-II combina as fun\u00e7\u00f5es do MultiPlus e do MultiGrid.<\/p>\n<p>Tem todas as carater\u00edsticas do MultiPlus mais um sensor de corrente externo opcional que aumenta a fun\u00e7\u00e3o do PowerControl e do PowerAssist para 32 A.<\/p>\n<p>Tamb\u00e9m tem todas as carater\u00edsticas do MultiGrid com anti-ilhamento integrado e uma lista crescente de pa\u00edses que j\u00e1 o aprovaram.<\/p>\n<p><strong>PowerControl e PowerAssist &#8211; aumento da capacidade da rede ou da pot\u00eancia do gerador<\/strong><\/p>\n<div>\n<h3><span style=\"font-size: 25.888px;\"><b>Carater\u00edsticas<\/b><\/span><strong> principais do carregador do inversor MULTIPLUS-II 12\/3000\/120-32<\/strong><\/h3>\n<p>Pode ser definido um valor m\u00e1ximo de corrente do gerador ou da rede. O Multi ter\u00e1 em conta as outras cargas CA e utilizar\u00e1 a corrente em excesso para carregar a bateria, evitando assim sobrecarregar o gerador ou a rede (fun\u00e7\u00e3o PowerControl).<\/p>\n<p>O PowerAssist leva o princ\u00edpio do PowerControl para outra dimens\u00e3o. Quando \u00e9 necess\u00e1rio um pico de pot\u00eancia durante um curto per\u00edodo de tempo, como \u00e9 frequentemente o caso, o Multi compensa imediatamente a poss\u00edvel falta de energia do gerador, da rede de terra ou da rede com energia da bateria. Quando a carga \u00e9 reduzida, a energia excedente \u00e9 utilizada para recarregar a bateria.<\/p>\n<h3><strong>ESS: Sistema de armazenamento de energia<\/strong><\/h3>\n<p>O MultiPlus pode ser utilizado em sistemas fotovoltaicos ligados \u00e0 rede ou fora da rede e noutros sistemas de energia alternativa.<\/p>\n<p>S\u00e3o poss\u00edveis diferentes configura\u00e7\u00f5es de sistema, podendo ser encontrada informa\u00e7\u00e3o mais detalhada no Manual de Conce\u00e7\u00e3o e Configura\u00e7\u00e3o do ESS.<\/p>\n<h3><strong>Monitoriza\u00e7\u00e3o e controlo no local<\/strong><\/h3>\n<p>Est\u00e3o dispon\u00edveis v\u00e1rias op\u00e7\u00f5es: Monitor de bateria, painel de controlo digital m\u00faltiplo, painel de controlo a cores, Bluetooth (requer painel de controlo a cores ou Venus GX) ou computador port\u00e1til ou de secret\u00e1ria.<\/p>\n<h3><strong>Configura\u00e7\u00e3o e monitoriza\u00e7\u00e3o remotas<\/strong><\/h3>\n<p>Instale um painel Color Control ou Venus GX para se ligar \u00e0 Internet.<\/p>\n<p>Os dados podem ser armazenados e apresentados gratuitamente no s\u00edtio Web VRM (Victron Remote Management).<\/p>\n<p>Uma vez ligados \u00e0 Ethernet, os sistemas podem ser acedidos remotamente e as defini\u00e7\u00f5es podem ser alteradas.<\/p>\n<\/div>\n<div>\n<h3><strong>Especifica\u00e7\u00f5es do carregador do inversor MULTIPLUS-II 12\/3000\/120-32<\/strong><\/h3>\n<p><strong>Peso<\/strong>: 25 kg<br \/>\n<strong>Fabricante<\/strong> Victron Energy<br \/>\n<strong>Pot\u00eancia do inversor<\/strong> 3000W<br \/>\n<strong>Tens\u00e3o<\/strong> 12V<br \/>\n<strong>Tipo de onda<\/strong> pura<br \/>\n<strong>Garantia<\/strong> 5 anos<br \/>\n<strong>Tipo de Inversor Inversor &#8211; carregador<\/strong><\/p>\n<p><a href=\"https:\/\/coelectrix.com\/wp-content\/uploads\/2024\/01\/Datasheet-MultiPlus-II-inverter-charger-ES-2.pdf\" target=\"_blank\" rel=\"noopener\">Ver \/ Descarregar a ficha t\u00e9cnica do Multiplus II 12\/3000<\/a><\/p>\n<\/div>\n","protected":false},"excerpt":{"rendered":"<p>Inversor de 12v a 3kv com carregador integrado de 120A e fun\u00e7\u00e3o de prioridade de rede.<br \/>\nO MultiPlus-II \u00e9 um inversor\/carregador multifuncional com todas as fun\u00e7\u00f5es do MultiPlus, mais um sensor de corrente externo opcional que amplia as fun\u00e7\u00f5es PowerControl e PowerAssist at\u00e9 50A e 100A, respetivamente.<br \/>\nUm MultiPlus, com funcionalidade ESS (Sistema de Armazenamento de Energia)<br \/>\nO MultiPlus-II combina as fun\u00e7\u00f5es do MultiPlus e do MultiGrid.<br \/>\nTem tamb\u00e9m todas as carater\u00edsticas do MultiGrid com anti-ilhamento integrado e uma lista crescente de pa\u00edses que j\u00e1 o aprovaram.<\/p>\n","protected":false},"featured_media":74365,"template":"","meta":{"_acf_changed":false},"product_brand":[],"product_cat":[1342,1349,1338],"product_tag":[1445],"class_list":{"0":"post-75242","1":"product","2":"type-product","3":"status-publish","4":"has-post-thumbnail","6":"product_cat-carregadores-de-bateria","7":"product_cat-investidores","8":"product_cat-victron-energia","9":"product_tag-victron-pt","11":"first","12":"instock","13":"taxable","14":"shipping-taxable","15":"purchasable","16":"product-type-simple"},"acf":[],"yoast_head":"<!-- This site is optimized with the Yoast SEO plugin v27.2 - https:\/\/yoast.com\/product\/yoast-seo-wordpress\/ -->\n<title>\u25b7 Carregador de Inversor Victron MULTIPLUS-II 12\/3000\/120-32 | Coelectrix.com<\/title>\n<meta name=\"description\" content=\"O carregador do inversor MULTIPLUS-II 12\/3000\/120-32 \u00e9 um inversor de onda sinusoidal verdadeiramente potente, um carregador de bateria sofisticado.\" \/>\n<meta name=\"robots\" content=\"index, follow, max-snippet:-1, max-image-preview:large, max-video-preview:-1\" \/>\n<link rel=\"canonical\" href=\"https:\/\/coelectrix.com\/pt-pt\/producto\/inversor-cargador-victron-multiplus-ii-12-3000-120-32\" \/>\n<meta property=\"og:locale\" content=\"pt_PT\" \/>\n<meta property=\"og:type\" content=\"article\" \/>\n<meta property=\"og:title\" content=\"\u25b7 Carregador de Inversor Victron MULTIPLUS-II 12\/3000\/120-32 | Coelectrix.com\" \/>\n<meta property=\"og:description\" content=\"O carregador do inversor MULTIPLUS-II 12\/3000\/120-32 \u00e9 um inversor de onda sinusoidal verdadeiramente potente, um carregador de bateria sofisticado.\" \/>\n<meta property=\"og:url\" content=\"https:\/\/coelectrix.com\/pt-pt\/producto\/inversor-cargador-victron-multiplus-ii-12-3000-120-32\" \/>\n<meta property=\"og:site_name\" content=\"Coelectrix\" \/>\n<meta property=\"article:modified_time\" content=\"2025-08-19T04:00:46+00:00\" \/>\n<meta property=\"og:image\" content=\"https:\/\/coelectrix.com\/wp-content\/uploads\/2024\/01\/MULTIPLUS-II-12_3000_120_32-.jpg\" \/>\n\t<meta property=\"og:image:width\" content=\"600\" \/>\n\t<meta property=\"og:image:height\" content=\"600\" \/>\n\t<meta property=\"og:image:type\" content=\"image\/jpeg\" \/>\n<meta name=\"twitter:card\" content=\"summary_large_image\" \/>\n<meta name=\"twitter:label1\" content=\"Tempo estimado de leitura\" \/>\n\t<meta name=\"twitter:data1\" content=\"2 minutos\" \/>\n<script type=\"application\/ld+json\" class=\"yoast-schema-graph\">{\"@context\":\"https:\/\/schema.org\",\"@graph\":[{\"@type\":\"WebPage\",\"@id\":\"https:\/\/coelectrix.com\/pt-pt\/producto\/inversor-cargador-victron-multiplus-ii-12-3000-120-32\",\"url\":\"https:\/\/coelectrix.com\/pt-pt\/producto\/inversor-cargador-victron-multiplus-ii-12-3000-120-32\",\"name\":\"\u25b7 Carregador de Inversor Victron MULTIPLUS-II 12\/3000\/120-32 | Coelectrix.com\",\"isPartOf\":{\"@id\":\"https:\/\/coelectrix.com\/pt-pt\/#website\"},\"primaryImageOfPage\":{\"@id\":\"https:\/\/coelectrix.com\/pt-pt\/producto\/inversor-cargador-victron-multiplus-ii-12-3000-120-32#primaryimage\"},\"image\":{\"@id\":\"https:\/\/coelectrix.com\/pt-pt\/producto\/inversor-cargador-victron-multiplus-ii-12-3000-120-32#primaryimage\"},\"thumbnailUrl\":\"https:\/\/coelectrix.com\/wp-content\/uploads\/2024\/01\/MULTIPLUS-II-12_3000_120_32-.jpg\",\"datePublished\":\"2024-01-27T06:44:43+00:00\",\"dateModified\":\"2025-08-19T04:00:46+00:00\",\"description\":\"O carregador do inversor MULTIPLUS-II 12\/3000\/120-32 \u00e9 um inversor de onda sinusoidal verdadeiramente potente, um carregador de bateria sofisticado.\",\"breadcrumb\":{\"@id\":\"https:\/\/coelectrix.com\/pt-pt\/producto\/inversor-cargador-victron-multiplus-ii-12-3000-120-32#breadcrumb\"},\"inLanguage\":\"pt-PT\",\"potentialAction\":[{\"@type\":\"ReadAction\",\"target\":[\"https:\/\/coelectrix.com\/pt-pt\/producto\/inversor-cargador-victron-multiplus-ii-12-3000-120-32\"]}]},{\"@type\":\"ImageObject\",\"inLanguage\":\"pt-PT\",\"@id\":\"https:\/\/coelectrix.com\/pt-pt\/producto\/inversor-cargador-victron-multiplus-ii-12-3000-120-32#primaryimage\",\"url\":\"https:\/\/coelectrix.com\/wp-content\/uploads\/2024\/01\/MULTIPLUS-II-12_3000_120_32-.jpg\",\"contentUrl\":\"https:\/\/coelectrix.com\/wp-content\/uploads\/2024\/01\/MULTIPLUS-II-12_3000_120_32-.jpg\",\"width\":600,\"height\":600,\"caption\":\"MULTIPLUS-II 12_3000_120_32\"},{\"@type\":\"BreadcrumbList\",\"@id\":\"https:\/\/coelectrix.com\/pt-pt\/producto\/inversor-cargador-victron-multiplus-ii-12-3000-120-32#breadcrumb\",\"itemListElement\":[{\"@type\":\"ListItem\",\"position\":1,\"name\":\"Portada\",\"item\":\"https:\/\/coelectrix.com\/\"},{\"@type\":\"ListItem\",\"position\":2,\"name\":\"Loja\",\"item\":\"https:\/\/coelectrix.com\/pt-pt\/loja\"},{\"@type\":\"ListItem\",\"position\":3,\"name\":\"Carregador de Inversor Victron MULTIPLUS-II 12\/3000\/120-32\"}]},{\"@type\":\"WebSite\",\"@id\":\"https:\/\/coelectrix.com\/pt-pt\/#website\",\"url\":\"https:\/\/coelectrix.com\/pt-pt\/\",\"name\":\"Coelectrix\",\"description\":\"Componentes el\u00e9ctricos\",\"publisher\":{\"@id\":\"https:\/\/coelectrix.com\/pt-pt\/#organization\"},\"potentialAction\":[{\"@type\":\"SearchAction\",\"target\":{\"@type\":\"EntryPoint\",\"urlTemplate\":\"https:\/\/coelectrix.com\/pt-pt\/?s={search_term_string}\"},\"query-input\":{\"@type\":\"PropertyValueSpecification\",\"valueRequired\":true,\"valueName\":\"search_term_string\"}}],\"inLanguage\":\"pt-PT\"},{\"@type\":\"Organization\",\"@id\":\"https:\/\/coelectrix.com\/pt-pt\/#organization\",\"name\":\"coelectrix.com\",\"url\":\"https:\/\/coelectrix.com\/pt-pt\/\",\"logo\":{\"@type\":\"ImageObject\",\"inLanguage\":\"pt-PT\",\"@id\":\"https:\/\/coelectrix.com\/pt-pt\/#\/schema\/logo\/image\/\",\"url\":\"https:\/\/coelectrix.com\/wp-content\/uploads\/2018\/05\/logo-coelectrix-400x400.jpg\",\"contentUrl\":\"https:\/\/coelectrix.com\/wp-content\/uploads\/2018\/05\/logo-coelectrix-400x400.jpg\",\"width\":300,\"height\":300,\"caption\":\"coelectrix.com\"},\"image\":{\"@id\":\"https:\/\/coelectrix.com\/pt-pt\/#\/schema\/logo\/image\/\"}}]}<\/script>\n<!-- \/ Yoast SEO plugin. -->","yoast_head_json":{"title":"\u25b7 Carregador de Inversor Victron MULTIPLUS-II 12\/3000\/120-32 | Coelectrix.com","description":"O carregador do inversor MULTIPLUS-II 12\/3000\/120-32 \u00e9 um inversor de onda sinusoidal verdadeiramente potente, um carregador de bateria sofisticado.","robots":{"index":"index","follow":"follow","max-snippet":"max-snippet:-1","max-image-preview":"max-image-preview:large","max-video-preview":"max-video-preview:-1"},"canonical":"https:\/\/coelectrix.com\/pt-pt\/producto\/inversor-cargador-victron-multiplus-ii-12-3000-120-32","og_locale":"pt_PT","og_type":"article","og_title":"\u25b7 Carregador de Inversor Victron MULTIPLUS-II 12\/3000\/120-32 | Coelectrix.com","og_description":"O carregador do inversor MULTIPLUS-II 12\/3000\/120-32 \u00e9 um inversor de onda sinusoidal verdadeiramente potente, um carregador de bateria sofisticado.","og_url":"https:\/\/coelectrix.com\/pt-pt\/producto\/inversor-cargador-victron-multiplus-ii-12-3000-120-32","og_site_name":"Coelectrix","article_modified_time":"2025-08-19T04:00:46+00:00","og_image":[{"width":600,"height":600,"url":"https:\/\/coelectrix.com\/wp-content\/uploads\/2024\/01\/MULTIPLUS-II-12_3000_120_32-.jpg","type":"image\/jpeg"}],"twitter_card":"summary_large_image","twitter_misc":{"Tempo estimado de leitura":"2 minutos"},"schema":{"@context":"https:\/\/schema.org","@graph":[{"@type":"WebPage","@id":"https:\/\/coelectrix.com\/pt-pt\/producto\/inversor-cargador-victron-multiplus-ii-12-3000-120-32","url":"https:\/\/coelectrix.com\/pt-pt\/producto\/inversor-cargador-victron-multiplus-ii-12-3000-120-32","name":"\u25b7 Carregador de Inversor Victron MULTIPLUS-II 12\/3000\/120-32 | Coelectrix.com","isPartOf":{"@id":"https:\/\/coelectrix.com\/pt-pt\/#website"},"primaryImageOfPage":{"@id":"https:\/\/coelectrix.com\/pt-pt\/producto\/inversor-cargador-victron-multiplus-ii-12-3000-120-32#primaryimage"},"image":{"@id":"https:\/\/coelectrix.com\/pt-pt\/producto\/inversor-cargador-victron-multiplus-ii-12-3000-120-32#primaryimage"},"thumbnailUrl":"https:\/\/coelectrix.com\/wp-content\/uploads\/2024\/01\/MULTIPLUS-II-12_3000_120_32-.jpg","datePublished":"2024-01-27T06:44:43+00:00","dateModified":"2025-08-19T04:00:46+00:00","description":"O carregador do inversor MULTIPLUS-II 12\/3000\/120-32 \u00e9 um inversor de onda sinusoidal verdadeiramente potente, um carregador de bateria sofisticado.","breadcrumb":{"@id":"https:\/\/coelectrix.com\/pt-pt\/producto\/inversor-cargador-victron-multiplus-ii-12-3000-120-32#breadcrumb"},"inLanguage":"pt-PT","potentialAction":[{"@type":"ReadAction","target":["https:\/\/coelectrix.com\/pt-pt\/producto\/inversor-cargador-victron-multiplus-ii-12-3000-120-32"]}]},{"@type":"ImageObject","inLanguage":"pt-PT","@id":"https:\/\/coelectrix.com\/pt-pt\/producto\/inversor-cargador-victron-multiplus-ii-12-3000-120-32#primaryimage","url":"https:\/\/coelectrix.com\/wp-content\/uploads\/2024\/01\/MULTIPLUS-II-12_3000_120_32-.jpg","contentUrl":"https:\/\/coelectrix.com\/wp-content\/uploads\/2024\/01\/MULTIPLUS-II-12_3000_120_32-.jpg","width":600,"height":600,"caption":"MULTIPLUS-II 12_3000_120_32"},{"@type":"BreadcrumbList","@id":"https:\/\/coelectrix.com\/pt-pt\/producto\/inversor-cargador-victron-multiplus-ii-12-3000-120-32#breadcrumb","itemListElement":[{"@type":"ListItem","position":1,"name":"Portada","item":"https:\/\/coelectrix.com\/"},{"@type":"ListItem","position":2,"name":"Loja","item":"https:\/\/coelectrix.com\/pt-pt\/loja"},{"@type":"ListItem","position":3,"name":"Carregador de Inversor Victron MULTIPLUS-II 12\/3000\/120-32"}]},{"@type":"WebSite","@id":"https:\/\/coelectrix.com\/pt-pt\/#website","url":"https:\/\/coelectrix.com\/pt-pt\/","name":"Coelectrix","description":"Componentes el\u00e9ctricos","publisher":{"@id":"https:\/\/coelectrix.com\/pt-pt\/#organization"},"potentialAction":[{"@type":"SearchAction","target":{"@type":"EntryPoint","urlTemplate":"https:\/\/coelectrix.com\/pt-pt\/?s={search_term_string}"},"query-input":{"@type":"PropertyValueSpecification","valueRequired":true,"valueName":"search_term_string"}}],"inLanguage":"pt-PT"},{"@type":"Organization","@id":"https:\/\/coelectrix.com\/pt-pt\/#organization","name":"coelectrix.com","url":"https:\/\/coelectrix.com\/pt-pt\/","logo":{"@type":"ImageObject","inLanguage":"pt-PT","@id":"https:\/\/coelectrix.com\/pt-pt\/#\/schema\/logo\/image\/","url":"https:\/\/coelectrix.com\/wp-content\/uploads\/2018\/05\/logo-coelectrix-400x400.jpg","contentUrl":"https:\/\/coelectrix.com\/wp-content\/uploads\/2018\/05\/logo-coelectrix-400x400.jpg","width":300,"height":300,"caption":"coelectrix.com"},"image":{"@id":"https:\/\/coelectrix.com\/pt-pt\/#\/schema\/logo\/image\/"}}]}},"_links":{"self":[{"href":"https:\/\/coelectrix.com\/pt-pt\/wp-json\/wp\/v2\/product\/75242","targetHints":{"allow":["GET"]}}],"collection":[{"href":"https:\/\/coelectrix.com\/pt-pt\/wp-json\/wp\/v2\/product"}],"about":[{"href":"https:\/\/coelectrix.com\/pt-pt\/wp-json\/wp\/v2\/types\/product"}],"version-history":[{"count":1,"href":"https:\/\/coelectrix.com\/pt-pt\/wp-json\/wp\/v2\/product\/75242\/revisions"}],"predecessor-version":[{"id":75291,"href":"https:\/\/coelectrix.com\/pt-pt\/wp-json\/wp\/v2\/product\/75242\/revisions\/75291"}],"wp:featuredmedia":[{"embeddable":true,"href":"https:\/\/coelectrix.com\/pt-pt\/wp-json\/wp\/v2\/media\/74365"}],"wp:attachment":[{"href":"https:\/\/coelectrix.com\/pt-pt\/wp-json\/wp\/v2\/media?parent=75242"}],"wp:term":[{"taxonomy":"product_brand","embeddable":true,"href":"https:\/\/coelectrix.com\/pt-pt\/wp-json\/wp\/v2\/product_brand?post=75242"},{"taxonomy":"product_cat","embeddable":true,"href":"https:\/\/coelectrix.com\/pt-pt\/wp-json\/wp\/v2\/product_cat?post=75242"},{"taxonomy":"product_tag","embeddable":true,"href":"https:\/\/coelectrix.com\/pt-pt\/wp-json\/wp\/v2\/product_tag?post=75242"}],"curies":[{"name":"wp","href":"https:\/\/api.w.org\/{rel}","templated":true}]}}