{"id":75250,"date":"2023-04-06T08:48:44","date_gmt":"2023-04-06T06:48:44","guid":{"rendered":"https:\/\/coelectrix.com\/producto\/victron-argodiode-120-2ac-2-baterias-120a"},"modified":"2025-08-19T06:01:57","modified_gmt":"2025-08-19T04:01:57","slug":"victron-argodiode-120-2ac-2-baterias-120a","status":"publish","type":"product","link":"https:\/\/coelectrix.com\/pt-pt\/produto\/victron-argodiode-120-2ac-2-baterias-120a","title":{"rendered":"Victron ARGODIODE 120-2AC 2 BATERIAS 120A"},"content":{"rendered":"<h2><strong>Jumper de d\u00edodos ARGODIODE para 2 baterias e alternadores at\u00e9 120A<\/strong><\/h2>\n<p>As pontes de d\u00edodos <strong>permitem carregar v\u00e1rias baterias simultaneamente<\/strong> a partir de um \u00fanico alternador sem ligar as baterias entre si. Mesmo quando descarregadas, as baterias permanecem isoladas, de modo a que a utiliza\u00e7\u00e3o da bateria de servi\u00e7o, por exemplo, n\u00e3o possa descarregar a bateria de arranque.<\/p>\n<p> <strong>As pontes de d\u00edodos ARGO<\/strong> t\u00eam uma queda de tens\u00e3o reduzida gra\u00e7as \u00e0 utiliza\u00e7\u00e3o de d\u00edodos Schottky: a baixa corrente, a perda ser\u00e1 de aproximadamente 0,3 V, e a plena pot\u00eancia, 0,45 V. Todos os modelos est\u00e3o equipados com um d\u00edodo de compensa\u00e7\u00e3o que permite aumentar ligeiramente a tens\u00e3o de sa\u00edda do alternador para compensar a perda de tens\u00e3o da ponte de d\u00edodos.<\/p>\n<p><a href=\"https:\/\/coelectrix.com\/wp-content\/uploads\/2023\/04\/Datasheet-Argodiode-Battery-Isolators-ES.pdf\" target=\"_blank\" rel=\"noopener\">Descarregar a ficha t\u00e9cnica do ARGODIODE<\/a><\/p>\n<div id=\"tech-chars-title\" class=\"tiwm5ii mgz-element mgz-child mgz-element-text title-text\">\n<div class=\"mgz-element-inner tiwm5ii-s\">\n<p><strong>CARACTER\u00cdSTICAS T\u00c9CNICAS<\/strong><\/p>\n<\/div>\n<\/div>\n<div id=\"tech-chars-attribute\" class=\"m1jemsj mgz-element mgz-child mgz-element-product_attribute content-text\">\n<div class=\"mgz-element-inner m1jemsj-s\">\n<div class=\"ppbd-product-attribute\">\n<ul>\n<li>Marca: <a href=\"https:\/\/coelectrix.com\/pt-pt\/victron-energia\">Victron Energy<\/a><\/li>\n<li>N\u00famero de Pe\u00e7a do Fabricante: ARG120201020R<\/li>\n<li>Corrente de carga m\u00e1xima (A)120<\/li>\n<li>Corrente m\u00e1xima do alternador (A)120<\/li>\n<li>N\u00famero de baterias 2<\/li>\n<li>Entrada de energia do alternador Sim<\/li>\n<li>Conex\u00e3o parafusos M8<\/li>\n<li>D\u00edodo de compensa\u00e7\u00e3o e liga\u00e7\u00e3o de energiza\u00e7\u00e3o Faston de 6,3 mm<\/li>\n<li>Dimens\u00f5esH60 x L120 x P115mm<\/li>\n<li>Peso (kg)0,8<\/li>\n<li>Garantia 5 anos<\/li>\n<\/ul>\n<\/div>\n<\/div>\n<\/div>\n","protected":false},"excerpt":{"rendered":"<p>A ponte de d\u00edodos Argodiode permite que <strong>duas ou mais baterias<\/strong> sejam <strong>carregadas simultaneamente<\/strong> a partir do mesmo alternador, sem ligar as baterias entre si. Por exemplo, o facto de descarregar a bateria de servi\u00e7o n\u00e3o descarrega a bateria de arranque e vice-versa. Tem uma baixa queda de tens\u00e3o gra\u00e7as \u00e0 utiliza\u00e7\u00e3o de d\u00edodos Schottky de alta efici\u00eancia.<\/p>\n<p>Victron ARGODIODE 120-2AC 2 BATERIAS 120A ideal para carregar 2 baterias auxiliares em ve\u00edculos com alternador at\u00e9 120A.<\/p>\n","protected":false},"featured_media":74146,"template":"","meta":{"_acf_changed":false},"product_brand":[],"product_cat":[1342,1334,1338],"product_tag":[1445],"class_list":{"0":"post-75250","1":"product","2":"type-product","3":"status-publish","4":"has-post-thumbnail","6":"product_cat-carregadores-de-bateria","7":"product_cat-distribuidores-actuais","8":"product_cat-victron-energia","9":"product_tag-victron-pt","11":"first","12":"instock","13":"taxable","14":"shipping-taxable","15":"purchasable","16":"product-type-simple"},"acf":[],"yoast_head":"<!-- This site is optimized with the Yoast SEO plugin v27.2 - https:\/\/yoast.com\/product\/yoast-seo-wordpress\/ -->\n<title>\u25b7 ARGODIODE 120-2AC 2 Baterias 120A |% Coelectrix.com<\/title>\n<meta name=\"description\" content=\"A ponte de d\u00edodos Argodiode 120-2AC carrega duas ou mais baterias simultaneamente a partir do mesmo alternador, sem ligar as baterias entre si.\" \/>\n<meta name=\"robots\" content=\"index, follow, max-snippet:-1, max-image-preview:large, max-video-preview:-1\" \/>\n<link rel=\"canonical\" href=\"https:\/\/coelectrix.com\/pt-pt\/produto\/victron-argodiode-120-2ac-2-baterias-120a\" \/>\n<meta property=\"og:locale\" content=\"pt_PT\" \/>\n<meta property=\"og:type\" content=\"article\" \/>\n<meta property=\"og:title\" content=\"\u25b7 ARGODIODE 120-2AC 2 Baterias 120A |% Coelectrix.com\" \/>\n<meta property=\"og:description\" content=\"A ponte de d\u00edodos Argodiode 120-2AC carrega duas ou mais baterias simultaneamente a partir do mesmo alternador, sem ligar as baterias entre si.\" \/>\n<meta property=\"og:url\" content=\"https:\/\/coelectrix.com\/pt-pt\/produto\/victron-argodiode-120-2ac-2-baterias-120a\" \/>\n<meta property=\"og:site_name\" content=\"Coelectrix\" \/>\n<meta property=\"article:modified_time\" content=\"2025-08-19T04:01:57+00:00\" \/>\n<meta property=\"og:image\" content=\"https:\/\/coelectrix.com\/wp-content\/uploads\/2023\/04\/puende-de-diodo-argodiode-para-2-baterias.jpg\" \/>\n\t<meta property=\"og:image:width\" content=\"600\" \/>\n\t<meta property=\"og:image:height\" content=\"600\" \/>\n\t<meta property=\"og:image:type\" content=\"image\/jpeg\" \/>\n<meta name=\"twitter:card\" content=\"summary_large_image\" \/>\n<meta name=\"twitter:label1\" content=\"Tempo estimado de leitura\" \/>\n\t<meta name=\"twitter:data1\" content=\"1 minuto\" \/>\n<script type=\"application\/ld+json\" class=\"yoast-schema-graph\">{\"@context\":\"https:\/\/schema.org\",\"@graph\":[{\"@type\":\"WebPage\",\"@id\":\"https:\/\/coelectrix.com\/pt-pt\/produto\/victron-argodiode-120-2ac-2-baterias-120a\",\"url\":\"https:\/\/coelectrix.com\/pt-pt\/produto\/victron-argodiode-120-2ac-2-baterias-120a\",\"name\":\"\u25b7 ARGODIODE 120-2AC 2 Baterias 120A |% Coelectrix.com\",\"isPartOf\":{\"@id\":\"https:\/\/coelectrix.com\/pt-pt\/#website\"},\"primaryImageOfPage\":{\"@id\":\"https:\/\/coelectrix.com\/pt-pt\/produto\/victron-argodiode-120-2ac-2-baterias-120a#primaryimage\"},\"image\":{\"@id\":\"https:\/\/coelectrix.com\/pt-pt\/produto\/victron-argodiode-120-2ac-2-baterias-120a#primaryimage\"},\"thumbnailUrl\":\"https:\/\/coelectrix.com\/wp-content\/uploads\/2023\/04\/puende-de-diodo-argodiode-para-2-baterias.jpg\",\"datePublished\":\"2023-04-06T06:48:44+00:00\",\"dateModified\":\"2025-08-19T04:01:57+00:00\",\"description\":\"A ponte de d\u00edodos Argodiode 120-2AC carrega duas ou mais baterias simultaneamente a partir do mesmo alternador, sem ligar as baterias entre si.\",\"breadcrumb\":{\"@id\":\"https:\/\/coelectrix.com\/pt-pt\/produto\/victron-argodiode-120-2ac-2-baterias-120a#breadcrumb\"},\"inLanguage\":\"pt-PT\",\"potentialAction\":[{\"@type\":\"ReadAction\",\"target\":[\"https:\/\/coelectrix.com\/pt-pt\/produto\/victron-argodiode-120-2ac-2-baterias-120a\"]}]},{\"@type\":\"ImageObject\",\"inLanguage\":\"pt-PT\",\"@id\":\"https:\/\/coelectrix.com\/pt-pt\/produto\/victron-argodiode-120-2ac-2-baterias-120a#primaryimage\",\"url\":\"https:\/\/coelectrix.com\/wp-content\/uploads\/2023\/04\/puende-de-diodo-argodiode-para-2-baterias.jpg\",\"contentUrl\":\"https:\/\/coelectrix.com\/wp-content\/uploads\/2023\/04\/puende-de-diodo-argodiode-para-2-baterias.jpg\",\"width\":600,\"height\":600,\"caption\":\"comprar ponte de d\u00edodos de argod\u00edodos para 2 baterias e alternadores\"},{\"@type\":\"BreadcrumbList\",\"@id\":\"https:\/\/coelectrix.com\/pt-pt\/produto\/victron-argodiode-120-2ac-2-baterias-120a#breadcrumb\",\"itemListElement\":[{\"@type\":\"ListItem\",\"position\":1,\"name\":\"Portada\",\"item\":\"https:\/\/coelectrix.com\/\"},{\"@type\":\"ListItem\",\"position\":2,\"name\":\"Loja\",\"item\":\"https:\/\/coelectrix.com\/pt-pt\/loja\"},{\"@type\":\"ListItem\",\"position\":3,\"name\":\"Victron ARGODIODE 120-2AC 2 BATERIAS 120A\"}]},{\"@type\":\"WebSite\",\"@id\":\"https:\/\/coelectrix.com\/pt-pt\/#website\",\"url\":\"https:\/\/coelectrix.com\/pt-pt\/\",\"name\":\"Coelectrix\",\"description\":\"Componentes el\u00e9ctricos\",\"publisher\":{\"@id\":\"https:\/\/coelectrix.com\/pt-pt\/#organization\"},\"potentialAction\":[{\"@type\":\"SearchAction\",\"target\":{\"@type\":\"EntryPoint\",\"urlTemplate\":\"https:\/\/coelectrix.com\/pt-pt\/?s={search_term_string}\"},\"query-input\":{\"@type\":\"PropertyValueSpecification\",\"valueRequired\":true,\"valueName\":\"search_term_string\"}}],\"inLanguage\":\"pt-PT\"},{\"@type\":\"Organization\",\"@id\":\"https:\/\/coelectrix.com\/pt-pt\/#organization\",\"name\":\"coelectrix.com\",\"url\":\"https:\/\/coelectrix.com\/pt-pt\/\",\"logo\":{\"@type\":\"ImageObject\",\"inLanguage\":\"pt-PT\",\"@id\":\"https:\/\/coelectrix.com\/pt-pt\/#\/schema\/logo\/image\/\",\"url\":\"https:\/\/coelectrix.com\/wp-content\/uploads\/2018\/05\/logo-coelectrix-400x400.jpg\",\"contentUrl\":\"https:\/\/coelectrix.com\/wp-content\/uploads\/2018\/05\/logo-coelectrix-400x400.jpg\",\"width\":300,\"height\":300,\"caption\":\"coelectrix.com\"},\"image\":{\"@id\":\"https:\/\/coelectrix.com\/pt-pt\/#\/schema\/logo\/image\/\"}}]}<\/script>\n<!-- \/ Yoast SEO plugin. -->","yoast_head_json":{"title":"\u25b7 ARGODIODE 120-2AC 2 Baterias 120A |% Coelectrix.com","description":"A ponte de d\u00edodos Argodiode 120-2AC carrega duas ou mais baterias simultaneamente a partir do mesmo alternador, sem ligar as baterias entre si.","robots":{"index":"index","follow":"follow","max-snippet":"max-snippet:-1","max-image-preview":"max-image-preview:large","max-video-preview":"max-video-preview:-1"},"canonical":"https:\/\/coelectrix.com\/pt-pt\/produto\/victron-argodiode-120-2ac-2-baterias-120a","og_locale":"pt_PT","og_type":"article","og_title":"\u25b7 ARGODIODE 120-2AC 2 Baterias 120A |% Coelectrix.com","og_description":"A ponte de d\u00edodos Argodiode 120-2AC carrega duas ou mais baterias simultaneamente a partir do mesmo alternador, sem ligar as baterias entre si.","og_url":"https:\/\/coelectrix.com\/pt-pt\/produto\/victron-argodiode-120-2ac-2-baterias-120a","og_site_name":"Coelectrix","article_modified_time":"2025-08-19T04:01:57+00:00","og_image":[{"width":600,"height":600,"url":"https:\/\/coelectrix.com\/wp-content\/uploads\/2023\/04\/puende-de-diodo-argodiode-para-2-baterias.jpg","type":"image\/jpeg"}],"twitter_card":"summary_large_image","twitter_misc":{"Tempo estimado de leitura":"1 minuto"},"schema":{"@context":"https:\/\/schema.org","@graph":[{"@type":"WebPage","@id":"https:\/\/coelectrix.com\/pt-pt\/produto\/victron-argodiode-120-2ac-2-baterias-120a","url":"https:\/\/coelectrix.com\/pt-pt\/produto\/victron-argodiode-120-2ac-2-baterias-120a","name":"\u25b7 ARGODIODE 120-2AC 2 Baterias 120A |% Coelectrix.com","isPartOf":{"@id":"https:\/\/coelectrix.com\/pt-pt\/#website"},"primaryImageOfPage":{"@id":"https:\/\/coelectrix.com\/pt-pt\/produto\/victron-argodiode-120-2ac-2-baterias-120a#primaryimage"},"image":{"@id":"https:\/\/coelectrix.com\/pt-pt\/produto\/victron-argodiode-120-2ac-2-baterias-120a#primaryimage"},"thumbnailUrl":"https:\/\/coelectrix.com\/wp-content\/uploads\/2023\/04\/puende-de-diodo-argodiode-para-2-baterias.jpg","datePublished":"2023-04-06T06:48:44+00:00","dateModified":"2025-08-19T04:01:57+00:00","description":"A ponte de d\u00edodos Argodiode 120-2AC carrega duas ou mais baterias simultaneamente a partir do mesmo alternador, sem ligar as baterias entre si.","breadcrumb":{"@id":"https:\/\/coelectrix.com\/pt-pt\/produto\/victron-argodiode-120-2ac-2-baterias-120a#breadcrumb"},"inLanguage":"pt-PT","potentialAction":[{"@type":"ReadAction","target":["https:\/\/coelectrix.com\/pt-pt\/produto\/victron-argodiode-120-2ac-2-baterias-120a"]}]},{"@type":"ImageObject","inLanguage":"pt-PT","@id":"https:\/\/coelectrix.com\/pt-pt\/produto\/victron-argodiode-120-2ac-2-baterias-120a#primaryimage","url":"https:\/\/coelectrix.com\/wp-content\/uploads\/2023\/04\/puende-de-diodo-argodiode-para-2-baterias.jpg","contentUrl":"https:\/\/coelectrix.com\/wp-content\/uploads\/2023\/04\/puende-de-diodo-argodiode-para-2-baterias.jpg","width":600,"height":600,"caption":"comprar ponte de d\u00edodos de argod\u00edodos para 2 baterias e alternadores"},{"@type":"BreadcrumbList","@id":"https:\/\/coelectrix.com\/pt-pt\/produto\/victron-argodiode-120-2ac-2-baterias-120a#breadcrumb","itemListElement":[{"@type":"ListItem","position":1,"name":"Portada","item":"https:\/\/coelectrix.com\/"},{"@type":"ListItem","position":2,"name":"Loja","item":"https:\/\/coelectrix.com\/pt-pt\/loja"},{"@type":"ListItem","position":3,"name":"Victron ARGODIODE 120-2AC 2 BATERIAS 120A"}]},{"@type":"WebSite","@id":"https:\/\/coelectrix.com\/pt-pt\/#website","url":"https:\/\/coelectrix.com\/pt-pt\/","name":"Coelectrix","description":"Componentes el\u00e9ctricos","publisher":{"@id":"https:\/\/coelectrix.com\/pt-pt\/#organization"},"potentialAction":[{"@type":"SearchAction","target":{"@type":"EntryPoint","urlTemplate":"https:\/\/coelectrix.com\/pt-pt\/?s={search_term_string}"},"query-input":{"@type":"PropertyValueSpecification","valueRequired":true,"valueName":"search_term_string"}}],"inLanguage":"pt-PT"},{"@type":"Organization","@id":"https:\/\/coelectrix.com\/pt-pt\/#organization","name":"coelectrix.com","url":"https:\/\/coelectrix.com\/pt-pt\/","logo":{"@type":"ImageObject","inLanguage":"pt-PT","@id":"https:\/\/coelectrix.com\/pt-pt\/#\/schema\/logo\/image\/","url":"https:\/\/coelectrix.com\/wp-content\/uploads\/2018\/05\/logo-coelectrix-400x400.jpg","contentUrl":"https:\/\/coelectrix.com\/wp-content\/uploads\/2018\/05\/logo-coelectrix-400x400.jpg","width":300,"height":300,"caption":"coelectrix.com"},"image":{"@id":"https:\/\/coelectrix.com\/pt-pt\/#\/schema\/logo\/image\/"}}]}},"_links":{"self":[{"href":"https:\/\/coelectrix.com\/pt-pt\/wp-json\/wp\/v2\/product\/75250","targetHints":{"allow":["GET"]}}],"collection":[{"href":"https:\/\/coelectrix.com\/pt-pt\/wp-json\/wp\/v2\/product"}],"about":[{"href":"https:\/\/coelectrix.com\/pt-pt\/wp-json\/wp\/v2\/types\/product"}],"version-history":[{"count":1,"href":"https:\/\/coelectrix.com\/pt-pt\/wp-json\/wp\/v2\/product\/75250\/revisions"}],"predecessor-version":[{"id":75321,"href":"https:\/\/coelectrix.com\/pt-pt\/wp-json\/wp\/v2\/product\/75250\/revisions\/75321"}],"wp:featuredmedia":[{"embeddable":true,"href":"https:\/\/coelectrix.com\/pt-pt\/wp-json\/wp\/v2\/media\/74146"}],"wp:attachment":[{"href":"https:\/\/coelectrix.com\/pt-pt\/wp-json\/wp\/v2\/media?parent=75250"}],"wp:term":[{"taxonomy":"product_brand","embeddable":true,"href":"https:\/\/coelectrix.com\/pt-pt\/wp-json\/wp\/v2\/product_brand?post=75250"},{"taxonomy":"product_cat","embeddable":true,"href":"https:\/\/coelectrix.com\/pt-pt\/wp-json\/wp\/v2\/product_cat?post=75250"},{"taxonomy":"product_tag","embeddable":true,"href":"https:\/\/coelectrix.com\/pt-pt\/wp-json\/wp\/v2\/product_tag?post=75250"}],"curies":[{"name":"wp","href":"https:\/\/api.w.org\/{rel}","templated":true}]}}