{"id":75253,"date":"2022-12-10T07:15:52","date_gmt":"2022-12-10T06:15:52","guid":{"rendered":"https:\/\/coelectrix.com\/producto\/carregador-de-inversor-carregador-de-inversor-victron-multiplus-12-1600-70-16"},"modified":"2025-08-19T06:02:29","modified_gmt":"2025-08-19T04:02:29","slug":"carregador-de-inversor-carregador-de-inversor-victron-multiplus-12-1600-70-16","status":"publish","type":"product","link":"https:\/\/coelectrix.com\/pt-pt\/product\/inverter-charger-victron-multiplus-12v-1600va-70-16","title":{"rendered":"Carregador de Inversor Carregador de Inversor Victron MultiPlus 12\/1600\/70-16"},"content":{"rendered":"<h2><strong>Carregador inversor MultiPlus 12V 1600VA 70-16<\/strong><\/h2>\n<p>O <strong>MultiPlus Inverter Charger 12V 1600VA 70-16<\/strong> \u00e9 um inversor de onda sinusoidal verdadeiramente potente, um carregador de bateria sofisticado<strong> <\/strong> com tecnologia de carregamento adapt\u00e1vel e um interrutor de transfer\u00eancia CA de alta velocidade numa \u00fanica caixa compacta.<\/p>\n<div>\n<h3><span style=\"font-size: 25.888px;\"><b>Carater\u00edsticas<\/b><\/span><strong> Principais carater\u00edsticas do carregador inversor MultiPlus 12V 1600VA 70-16<\/strong><\/h3>\n<ol>\n<li>Fiabilidade comprovada<\/li>\n<li>A topologia de ponte completa e transformador toroidal provou a sua fiabilidade ao longo de muitos anos. O inversor \u00e9 \u00e0 prova de curto-circuito e est\u00e1 protegido contra o sobreaquecimento, quer devido a sobrecarga ou a temperatura ambiente elevada.<\/li>\n<li>Elevada pot\u00eancia de arranque<\/li>\n<li>Necess\u00e1ria para o arranque de cargas de arranque elevadas, tais como conversores de pot\u00eancia para l\u00e2mpadas LED, l\u00e2mpadas de halog\u00e9neo ou ferramentas el\u00e9ctricas.<\/li>\n<li>Modo de pesquisa Quando o modo de pesquisa \u00e9 ativado, o consumo de energia do inversor em funcionamento sem carga diminui em cerca de 70%. Neste modo, o MultiPlus, quando funciona em modo de inversor, desliga-se em caso de carga insuficiente ou de carga muito baixa e liga-se de dois em dois segundos durante um curto per\u00edodo de tempo. Se a corrente de sa\u00edda exceder um n\u00edvel definido, o inversor continuar\u00e1 a funcionar. Caso contr\u00e1rio, o inversor desliga-se novamente.<\/li>\n<li>Rel\u00e9 program\u00e1vel<\/li>\n<li>Por predefini\u00e7\u00e3o, o rel\u00e9 program\u00e1vel est\u00e1 configurado como um rel\u00e9 de alarme, ou seja, o rel\u00e9 ser\u00e1 desativado em caso de alarme ou pr\u00e9-alarme (inversor demasiado quente, entrada quase demasiado alta, tens\u00e3o da bateria demasiado baixa).<\/li>\n<li>Ligado \/ desligado \/ carregador remoto ligado<\/li>\n<li>Conector de tr\u00eas p\u00f3los.<\/li>\n<\/ol>\n<\/div>\n<div>\n<h3><strong>Carregador de Inversor MultiPlus 12V 1600VA 70-16 Especifica\u00e7\u00f5es do Carregador de Inversor<\/strong><\/h3>\n<div>Tens\u00e3o do inversor: 12 V<\/div>\n<div>Peso do inversor: 10,2 kg<\/div>\n<div>Dimens\u00f5es do inversor: 470 x 265 x 120 mm<\/div>\n<div>Efici\u00eancia m\u00e1xima: 93%.<\/div>\n<div>Classe de prote\u00e7\u00e3o: IP21<\/div>\n<div>Pot\u00eancia nominal de sa\u00edda (W): 1600 VA<\/div>\n<div>Pot\u00eancia de sa\u00edda: 1600 VA<\/div>\n<div>Pot\u00eancia de Pico (W): 2800 W<\/div>\n<div>Tens\u00e3o \/ Frequ\u00eancia de sa\u00edda AC: 230VAC \u00b1 2% &#8211; 50Hz \u00b1 0,1%<\/div>\n<div>Tipo de onda: Pura<\/div>\n<p><strong>Tipo de inversor Inversor &#8211; carregador<\/strong><\/p>\n<p><strong>DOCUMENTOS<br \/>\n<\/strong><a href=\"https:\/\/coelectrix.com\/wp-content\/uploads\/2022\/12\/Gu__a_instalaci__n_r__pida_MC_800_1200_1600_249e.pdf\" target=\"_blank\" rel=\"noopener\">Manual de instala\u00e7\u00e3o<\/a><br \/>\n<a href=\"https:\/\/coelectrix.com\/wp-content\/uploads\/2022\/12\/Ficha_t__cnica_MultiPlus_inverter_charger__800VA_5kVA_ES_da0e.pdf\" target=\"_blank\" rel=\"noopener\">Folha de dados t\u00e9cnicos<\/a><br \/>\n<a href=\"https:\/\/coelectrix.com\/wp-content\/uploads\/2022\/12\/Manual_MultiPlus_Compact_800_1200_1600_EN_NL_FR_DE_ES_a529.pdf\" target=\"_blank\" rel=\"noopener\">Manual de funcionamento<\/a><\/p>\n<\/div>\n","protected":false},"excerpt":{"rendered":"<p><strong>O MultiPlus Inverter Charger 12V 1600VA 70-16<\/strong> \u00e9 um inversor de onda sinusoidal verdadeiramente potente e um carregador de bateria sofisticado que inclui tecnologia de carregamento adapt\u00e1vel e um interrutor de transfer\u00eancia CA de alta velocidade numa \u00fanica caixa compacta.<\/p>\n","protected":false},"featured_media":74065,"template":"","meta":{"_acf_changed":false},"product_brand":[],"product_cat":[1342,1349,1338],"product_tag":[1445],"class_list":{"0":"post-75253","1":"product","2":"type-product","3":"status-publish","4":"has-post-thumbnail","6":"product_cat-carregadores-de-bateria","7":"product_cat-investidores","8":"product_cat-victron-energia","9":"product_tag-victron-pt","11":"first","12":"instock","13":"taxable","14":"shipping-taxable","15":"purchasable","16":"product-type-simple"},"acf":[],"yoast_head":"<!-- This site is optimized with the Yoast SEO plugin v27.2 - https:\/\/yoast.com\/product\/yoast-seo-wordpress\/ -->\n<title>\u25b7 Carregador de Inversor Carregador de Inversor Victron MultiPlus 12\/1600\/70-16 | Coelectrix.com<\/title>\n<meta name=\"description\" content=\"O carregador de inversor MultiPlus 12V 1600VA 70-16 \u00e9 um inversor de onda sinusoidal verdadeiramente potente, um carregador de bateria sofisticado.\" \/>\n<meta name=\"robots\" content=\"index, follow, max-snippet:-1, max-image-preview:large, max-video-preview:-1\" \/>\n<link rel=\"canonical\" href=\"https:\/\/coelectrix.com\/pt-pt\/product\/inverter-charger-victron-multiplus-12v-1600va-70-16\" \/>\n<meta property=\"og:locale\" content=\"pt_PT\" \/>\n<meta property=\"og:type\" content=\"article\" \/>\n<meta property=\"og:title\" content=\"\u25b7 Carregador de Inversor Carregador de Inversor Victron MultiPlus 12\/1600\/70-16 | Coelectrix.com\" \/>\n<meta property=\"og:description\" content=\"O carregador de inversor MultiPlus 12V 1600VA 70-16 \u00e9 um inversor de onda sinusoidal verdadeiramente potente, um carregador de bateria sofisticado.\" \/>\n<meta property=\"og:url\" content=\"https:\/\/coelectrix.com\/pt-pt\/product\/inverter-charger-victron-multiplus-12v-1600va-70-16\" \/>\n<meta property=\"og:site_name\" content=\"Coelectrix\" \/>\n<meta property=\"article:modified_time\" content=\"2025-08-19T04:02:29+00:00\" \/>\n<meta property=\"og:image\" content=\"https:\/\/coelectrix.com\/wp-content\/uploads\/2022\/12\/MultiPlus-12_1600_70_16-1.jpg\" \/>\n\t<meta property=\"og:image:width\" content=\"600\" \/>\n\t<meta property=\"og:image:height\" content=\"600\" \/>\n\t<meta property=\"og:image:type\" content=\"image\/jpeg\" \/>\n<meta name=\"twitter:card\" content=\"summary_large_image\" \/>\n<meta name=\"twitter:label1\" content=\"Tempo estimado de leitura\" \/>\n\t<meta name=\"twitter:data1\" content=\"2 minutos\" \/>\n<script type=\"application\/ld+json\" class=\"yoast-schema-graph\">{\"@context\":\"https:\/\/schema.org\",\"@graph\":[{\"@type\":\"WebPage\",\"@id\":\"https:\/\/coelectrix.com\/pt-pt\/product\/inverter-charger-victron-multiplus-12v-1600va-70-16\",\"url\":\"https:\/\/coelectrix.com\/pt-pt\/product\/inverter-charger-victron-multiplus-12v-1600va-70-16\",\"name\":\"\u25b7 Carregador de Inversor Carregador de Inversor Victron MultiPlus 12\/1600\/70-16 | Coelectrix.com\",\"isPartOf\":{\"@id\":\"https:\/\/coelectrix.com\/pt-pt\/#website\"},\"primaryImageOfPage\":{\"@id\":\"https:\/\/coelectrix.com\/pt-pt\/product\/inverter-charger-victron-multiplus-12v-1600va-70-16#primaryimage\"},\"image\":{\"@id\":\"https:\/\/coelectrix.com\/pt-pt\/product\/inverter-charger-victron-multiplus-12v-1600va-70-16#primaryimage\"},\"thumbnailUrl\":\"https:\/\/coelectrix.com\/wp-content\/uploads\/2022\/12\/MultiPlus-12_1600_70_16-1.jpg\",\"datePublished\":\"2022-12-10T06:15:52+00:00\",\"dateModified\":\"2025-08-19T04:02:29+00:00\",\"description\":\"O carregador de inversor MultiPlus 12V 1600VA 70-16 \u00e9 um inversor de onda sinusoidal verdadeiramente potente, um carregador de bateria sofisticado.\",\"breadcrumb\":{\"@id\":\"https:\/\/coelectrix.com\/pt-pt\/product\/inverter-charger-victron-multiplus-12v-1600va-70-16#breadcrumb\"},\"inLanguage\":\"pt-PT\",\"potentialAction\":[{\"@type\":\"ReadAction\",\"target\":[\"https:\/\/coelectrix.com\/pt-pt\/product\/inverter-charger-victron-multiplus-12v-1600va-70-16\"]}]},{\"@type\":\"ImageObject\",\"inLanguage\":\"pt-PT\",\"@id\":\"https:\/\/coelectrix.com\/pt-pt\/product\/inverter-charger-victron-multiplus-12v-1600va-70-16#primaryimage\",\"url\":\"https:\/\/coelectrix.com\/wp-content\/uploads\/2022\/12\/MultiPlus-12_1600_70_16-1.jpg\",\"contentUrl\":\"https:\/\/coelectrix.com\/wp-content\/uploads\/2022\/12\/MultiPlus-12_1600_70_16-1.jpg\",\"width\":600,\"height\":600,\"caption\":\"Carregador de Inversor Carregador de Inversor Victron MultiPlus 12V 1600VA 70-16\"},{\"@type\":\"BreadcrumbList\",\"@id\":\"https:\/\/coelectrix.com\/pt-pt\/product\/inverter-charger-victron-multiplus-12v-1600va-70-16#breadcrumb\",\"itemListElement\":[{\"@type\":\"ListItem\",\"position\":1,\"name\":\"Portada\",\"item\":\"https:\/\/coelectrix.com\/\"},{\"@type\":\"ListItem\",\"position\":2,\"name\":\"Loja\",\"item\":\"https:\/\/coelectrix.com\/pt-pt\/loja\"},{\"@type\":\"ListItem\",\"position\":3,\"name\":\"Carregador de Inversor Carregador de Inversor Victron MultiPlus 12\/1600\/70-16\"}]},{\"@type\":\"WebSite\",\"@id\":\"https:\/\/coelectrix.com\/pt-pt\/#website\",\"url\":\"https:\/\/coelectrix.com\/pt-pt\/\",\"name\":\"Coelectrix\",\"description\":\"Componentes el\u00e9ctricos\",\"publisher\":{\"@id\":\"https:\/\/coelectrix.com\/pt-pt\/#organization\"},\"potentialAction\":[{\"@type\":\"SearchAction\",\"target\":{\"@type\":\"EntryPoint\",\"urlTemplate\":\"https:\/\/coelectrix.com\/pt-pt\/?s={search_term_string}\"},\"query-input\":{\"@type\":\"PropertyValueSpecification\",\"valueRequired\":true,\"valueName\":\"search_term_string\"}}],\"inLanguage\":\"pt-PT\"},{\"@type\":\"Organization\",\"@id\":\"https:\/\/coelectrix.com\/pt-pt\/#organization\",\"name\":\"coelectrix.com\",\"url\":\"https:\/\/coelectrix.com\/pt-pt\/\",\"logo\":{\"@type\":\"ImageObject\",\"inLanguage\":\"pt-PT\",\"@id\":\"https:\/\/coelectrix.com\/pt-pt\/#\/schema\/logo\/image\/\",\"url\":\"https:\/\/coelectrix.com\/wp-content\/uploads\/2018\/05\/logo-coelectrix-400x400.jpg\",\"contentUrl\":\"https:\/\/coelectrix.com\/wp-content\/uploads\/2018\/05\/logo-coelectrix-400x400.jpg\",\"width\":300,\"height\":300,\"caption\":\"coelectrix.com\"},\"image\":{\"@id\":\"https:\/\/coelectrix.com\/pt-pt\/#\/schema\/logo\/image\/\"}}]}<\/script>\n<!-- \/ Yoast SEO plugin. -->","yoast_head_json":{"title":"\u25b7 Carregador de Inversor Carregador de Inversor Victron MultiPlus 12\/1600\/70-16 | Coelectrix.com","description":"O carregador de inversor MultiPlus 12V 1600VA 70-16 \u00e9 um inversor de onda sinusoidal verdadeiramente potente, um carregador de bateria sofisticado.","robots":{"index":"index","follow":"follow","max-snippet":"max-snippet:-1","max-image-preview":"max-image-preview:large","max-video-preview":"max-video-preview:-1"},"canonical":"https:\/\/coelectrix.com\/pt-pt\/product\/inverter-charger-victron-multiplus-12v-1600va-70-16","og_locale":"pt_PT","og_type":"article","og_title":"\u25b7 Carregador de Inversor Carregador de Inversor Victron MultiPlus 12\/1600\/70-16 | Coelectrix.com","og_description":"O carregador de inversor MultiPlus 12V 1600VA 70-16 \u00e9 um inversor de onda sinusoidal verdadeiramente potente, um carregador de bateria sofisticado.","og_url":"https:\/\/coelectrix.com\/pt-pt\/product\/inverter-charger-victron-multiplus-12v-1600va-70-16","og_site_name":"Coelectrix","article_modified_time":"2025-08-19T04:02:29+00:00","og_image":[{"width":600,"height":600,"url":"https:\/\/coelectrix.com\/wp-content\/uploads\/2022\/12\/MultiPlus-12_1600_70_16-1.jpg","type":"image\/jpeg"}],"twitter_card":"summary_large_image","twitter_misc":{"Tempo estimado de leitura":"2 minutos"},"schema":{"@context":"https:\/\/schema.org","@graph":[{"@type":"WebPage","@id":"https:\/\/coelectrix.com\/pt-pt\/product\/inverter-charger-victron-multiplus-12v-1600va-70-16","url":"https:\/\/coelectrix.com\/pt-pt\/product\/inverter-charger-victron-multiplus-12v-1600va-70-16","name":"\u25b7 Carregador de Inversor Carregador de Inversor Victron MultiPlus 12\/1600\/70-16 | Coelectrix.com","isPartOf":{"@id":"https:\/\/coelectrix.com\/pt-pt\/#website"},"primaryImageOfPage":{"@id":"https:\/\/coelectrix.com\/pt-pt\/product\/inverter-charger-victron-multiplus-12v-1600va-70-16#primaryimage"},"image":{"@id":"https:\/\/coelectrix.com\/pt-pt\/product\/inverter-charger-victron-multiplus-12v-1600va-70-16#primaryimage"},"thumbnailUrl":"https:\/\/coelectrix.com\/wp-content\/uploads\/2022\/12\/MultiPlus-12_1600_70_16-1.jpg","datePublished":"2022-12-10T06:15:52+00:00","dateModified":"2025-08-19T04:02:29+00:00","description":"O carregador de inversor MultiPlus 12V 1600VA 70-16 \u00e9 um inversor de onda sinusoidal verdadeiramente potente, um carregador de bateria sofisticado.","breadcrumb":{"@id":"https:\/\/coelectrix.com\/pt-pt\/product\/inverter-charger-victron-multiplus-12v-1600va-70-16#breadcrumb"},"inLanguage":"pt-PT","potentialAction":[{"@type":"ReadAction","target":["https:\/\/coelectrix.com\/pt-pt\/product\/inverter-charger-victron-multiplus-12v-1600va-70-16"]}]},{"@type":"ImageObject","inLanguage":"pt-PT","@id":"https:\/\/coelectrix.com\/pt-pt\/product\/inverter-charger-victron-multiplus-12v-1600va-70-16#primaryimage","url":"https:\/\/coelectrix.com\/wp-content\/uploads\/2022\/12\/MultiPlus-12_1600_70_16-1.jpg","contentUrl":"https:\/\/coelectrix.com\/wp-content\/uploads\/2022\/12\/MultiPlus-12_1600_70_16-1.jpg","width":600,"height":600,"caption":"Carregador de Inversor Carregador de Inversor Victron MultiPlus 12V 1600VA 70-16"},{"@type":"BreadcrumbList","@id":"https:\/\/coelectrix.com\/pt-pt\/product\/inverter-charger-victron-multiplus-12v-1600va-70-16#breadcrumb","itemListElement":[{"@type":"ListItem","position":1,"name":"Portada","item":"https:\/\/coelectrix.com\/"},{"@type":"ListItem","position":2,"name":"Loja","item":"https:\/\/coelectrix.com\/pt-pt\/loja"},{"@type":"ListItem","position":3,"name":"Carregador de Inversor Carregador de Inversor Victron MultiPlus 12\/1600\/70-16"}]},{"@type":"WebSite","@id":"https:\/\/coelectrix.com\/pt-pt\/#website","url":"https:\/\/coelectrix.com\/pt-pt\/","name":"Coelectrix","description":"Componentes el\u00e9ctricos","publisher":{"@id":"https:\/\/coelectrix.com\/pt-pt\/#organization"},"potentialAction":[{"@type":"SearchAction","target":{"@type":"EntryPoint","urlTemplate":"https:\/\/coelectrix.com\/pt-pt\/?s={search_term_string}"},"query-input":{"@type":"PropertyValueSpecification","valueRequired":true,"valueName":"search_term_string"}}],"inLanguage":"pt-PT"},{"@type":"Organization","@id":"https:\/\/coelectrix.com\/pt-pt\/#organization","name":"coelectrix.com","url":"https:\/\/coelectrix.com\/pt-pt\/","logo":{"@type":"ImageObject","inLanguage":"pt-PT","@id":"https:\/\/coelectrix.com\/pt-pt\/#\/schema\/logo\/image\/","url":"https:\/\/coelectrix.com\/wp-content\/uploads\/2018\/05\/logo-coelectrix-400x400.jpg","contentUrl":"https:\/\/coelectrix.com\/wp-content\/uploads\/2018\/05\/logo-coelectrix-400x400.jpg","width":300,"height":300,"caption":"coelectrix.com"},"image":{"@id":"https:\/\/coelectrix.com\/pt-pt\/#\/schema\/logo\/image\/"}}]}},"_links":{"self":[{"href":"https:\/\/coelectrix.com\/pt-pt\/wp-json\/wp\/v2\/product\/75253","targetHints":{"allow":["GET"]}}],"collection":[{"href":"https:\/\/coelectrix.com\/pt-pt\/wp-json\/wp\/v2\/product"}],"about":[{"href":"https:\/\/coelectrix.com\/pt-pt\/wp-json\/wp\/v2\/types\/product"}],"version-history":[{"count":1,"href":"https:\/\/coelectrix.com\/pt-pt\/wp-json\/wp\/v2\/product\/75253\/revisions"}],"predecessor-version":[{"id":75328,"href":"https:\/\/coelectrix.com\/pt-pt\/wp-json\/wp\/v2\/product\/75253\/revisions\/75328"}],"wp:featuredmedia":[{"embeddable":true,"href":"https:\/\/coelectrix.com\/pt-pt\/wp-json\/wp\/v2\/media\/74065"}],"wp:attachment":[{"href":"https:\/\/coelectrix.com\/pt-pt\/wp-json\/wp\/v2\/media?parent=75253"}],"wp:term":[{"taxonomy":"product_brand","embeddable":true,"href":"https:\/\/coelectrix.com\/pt-pt\/wp-json\/wp\/v2\/product_brand?post=75253"},{"taxonomy":"product_cat","embeddable":true,"href":"https:\/\/coelectrix.com\/pt-pt\/wp-json\/wp\/v2\/product_cat?post=75253"},{"taxonomy":"product_tag","embeddable":true,"href":"https:\/\/coelectrix.com\/pt-pt\/wp-json\/wp\/v2\/product_tag?post=75253"}],"curies":[{"name":"wp","href":"https:\/\/api.w.org\/{rel}","templated":true}]}}