{"id":75254,"date":"2022-10-06T13:44:50","date_gmt":"2022-10-06T11:44:50","guid":{"rendered":"https:\/\/coelectrix.com\/producto\/carregador-blue-smart-ip22-12v-20a-1-saida-victron-energy"},"modified":"2025-08-19T06:02:30","modified_gmt":"2025-08-19T04:02:30","slug":"carregador-blue-smart-ip22-12v-20a-1-saida-victron-energy","status":"publish","type":"product","link":"https:\/\/coelectrix.com\/pt-pt\/produto\/carregador-azul-smart-ip22-12v-20a-1-saida-victron-energy","title":{"rendered":"Carregador Blue Smart IP22 12v 20A 1 sa\u00edda Victron Energy"},"content":{"rendered":"<h2><strong>Carregador Blue Smart IP22 12v 20A 1 sa\u00edda<\/strong><\/h2>\n<p>O Blue Smart IP22 Charger \u00e9 o novo carregador de bateria profissional com Bluetooth integrado. O carregador Blue Smart IP22 pode ser utilizado para dispositivos na sua oficina, bem como em ve\u00edculos motorizados, tais como carros (cl\u00e1ssicos), motas, barcos e autocaravanas.<\/p>\n<h3><strong>Bluetooth inteligente<\/strong><\/h3>\n<p>A solu\u00e7\u00e3o sem fios para monitorizar a tens\u00e3o e a corrente, alterar as defini\u00e7\u00f5es e atualizar o carregador quando est\u00e3o dispon\u00edveis novas fun\u00e7\u00f5es.<br \/>\nnovas fun\u00e7\u00f5es.<\/p>\n<h3><strong>Alta efici\u00eancia<\/strong><\/h3>\n<p>Com uma efici\u00eancia de at\u00e9 94%, estes carregadores geram at\u00e9 quatro vezes menos calor em compara\u00e7\u00e3o com o padr\u00e3o da ind\u00fastria.<br \/>\npadr\u00e3o da ind\u00fastria.<br \/>\nE quando a bateria est\u00e1 totalmente carregada, o consumo de energia \u00e9 reduzido para 0,5 watts, cinco a dez vezes menos do que o padr\u00e3o da ind\u00fastria.<br \/>\npadr\u00e3o da ind\u00fastria.<\/p>\n<h3><strong>Algoritmo de carregamento vari\u00e1vel em 6 fases: teste &#8211; carga inicial &#8211; absor\u00e7\u00e3o &#8211; recondicionamento &#8211; flutua\u00e7\u00e3o &#8211;<\/strong><br \/>\n<strong>armazenamento<\/strong><\/h3>\n<p>O carregador Blue Smart possui uma gest\u00e3o de bateria &#8220;adaptativa&#8221; controlada por microprocessador. A sua fun\u00e7\u00e3o &#8220;adaptativa<br \/>\noptimiza automaticamente o processo de carregamento em fun\u00e7\u00e3o da utiliza\u00e7\u00e3o da bateria.<\/p>\n<h3><strong>Algoritmo de carregamento totalmente program\u00e1vel<\/strong><\/h3>\n<p>Com a aplica\u00e7\u00e3o Bluetooth, \u00e9 poss\u00edvel programar as tens\u00f5es de absor\u00e7\u00e3o, flutua\u00e7\u00e3o e armazenamento, bem como a configura\u00e7\u00e3o de recondicionamento e o valor de compensa\u00e7\u00e3o de temperatura.<br \/>\nA aplica\u00e7\u00e3o permite programar a configura\u00e7\u00e3o de recondicionamento e o valor de compensa\u00e7\u00e3o de temperatura.<br \/>\nDepois de ativar o modo especialista, a aplica\u00e7\u00e3o permite alterar praticamente todos os par\u00e2metros e limites de tempo utilizados pelo algoritmo de carregamento.<br \/>\nutilizados pelo algoritmo de carregamento.<\/p>\n<h3><strong>Tamb\u00e9m carrega baterias de i\u00f5es de l\u00edtio.<\/strong><\/h3>\n<p>As baterias de i\u00f5es de l\u00edtio s\u00e3o carregadas com um algoritmo simples de carga inicial &#8211; absor\u00e7\u00e3o &#8211; flutua\u00e7\u00e3o.<\/p>\n<p><a href=\"https:\/\/coelectrix.com\/wp-content\/uploads\/2022\/03\/Datasheet-Blue-Smart-IP22-Charger-230-VAC-ES.pdf\" target=\"_blank\" rel=\"noopener\">DESCARREGAR FICHA T\u00c9CNICA<\/a><\/p>\n","protected":false},"excerpt":{"rendered":"<p>O <strong>Blue Smart IP22 Charger<\/strong> \u00e9 o novo carregador de bateria profissional com Bluetooth integrado. O carregador Blue Smart IP22 pode ser utilizado para dispositivos na sua oficina, bem como em ve\u00edculos motorizados, tais como carros (cl\u00e1ssicos), motas, barcos e autocaravanas.<\/p>\n<p>Com a <strong>aplica\u00e7\u00e3o Bluetooth<\/strong>, pode programar as tens\u00f5es de absor\u00e7\u00e3o, flutua\u00e7\u00e3o e armazenamento, bem como a defini\u00e7\u00e3o de recondicionamento e o valor de<br \/>\nrecondicionamento e o valor de compensa\u00e7\u00e3o da temperatura.<br \/>\nUma vez ativado o modo especialista, a aplica\u00e7\u00e3o permite alterar praticamente todos os par\u00e2metros e limites de tempo utilizados pelo algoritmo de carregamento.<br \/>\nutilizados pelo algoritmo de carregamento.<\/p>\n<ul>\n<li>Corrente de carga: 20A<\/li>\n<li>Consumo em vazio: 0,5w<\/li>\n<li>N.\u00ba de sa\u00eddas: 1<\/li>\n<li>Tens\u00e3o de carga &#8220;absor\u00e7\u00e3o&#8221;: 14,4 &#8211; 14,7v<\/li>\n<li>Tens\u00e3o de carga &#8220;flutuante&#8221;: 13,8v<\/li>\n<li>Pode ser utilizado como fonte de alimenta\u00e7\u00e3o: Sim<\/li>\n<li>Adequado para baterias de l\u00edtio: Sim<\/li>\n<li>Dimens\u00f5es (A x L x P) 235 x 108 x 65 mm<\/li>\n<li>Peso: 1,3 kg.<\/li>\n<\/ul>\n","protected":false},"featured_media":74251,"template":"","meta":{"_acf_changed":false},"product_brand":[],"product_cat":[1342,1338],"product_tag":[],"class_list":{"0":"post-75254","1":"product","2":"type-product","3":"status-publish","4":"has-post-thumbnail","6":"product_cat-carregadores-de-bateria","7":"product_cat-victron-energia","9":"first","10":"instock","11":"taxable","12":"shipping-taxable","13":"purchasable","14":"product-type-simple"},"acf":[],"yoast_head":"<!-- This site is optimized with the Yoast SEO plugin v27.2 - https:\/\/yoast.com\/product\/yoast-seo-wordpress\/ -->\n<title>\u25b7 Carregador Blue Smart IP22 12v 20A 1 sa\u00edda Victron Energy | Coelectrix.com<\/title>\n<meta name=\"description\" content=\"Blue Smart IP22 12v 20A 1 sa\u00edda Victron Energy 30A Carregador para todos os tipos de baterias, incluindo l\u00edtio com bluetooth\" \/>\n<meta name=\"robots\" content=\"index, follow, max-snippet:-1, max-image-preview:large, max-video-preview:-1\" \/>\n<link rel=\"canonical\" href=\"https:\/\/coelectrix.com\/pt-pt\/produto\/carregador-azul-smart-ip22-12v-20a-1-saida-victron-energy\" \/>\n<meta property=\"og:locale\" content=\"pt_PT\" \/>\n<meta property=\"og:type\" content=\"article\" \/>\n<meta property=\"og:title\" content=\"\u25b7 Carregador Blue Smart IP22 12v 20A 1 sa\u00edda Victron Energy | Coelectrix.com\" \/>\n<meta property=\"og:description\" content=\"Blue Smart IP22 12v 20A 1 sa\u00edda Victron Energy 30A Carregador para todos os tipos de baterias, incluindo l\u00edtio com bluetooth\" \/>\n<meta property=\"og:url\" content=\"https:\/\/coelectrix.com\/pt-pt\/produto\/carregador-azul-smart-ip22-12v-20a-1-saida-victron-energy\" \/>\n<meta property=\"og:site_name\" content=\"Coelectrix\" \/>\n<meta property=\"article:modified_time\" content=\"2025-08-19T04:02:30+00:00\" \/>\n<meta property=\"og:image\" content=\"https:\/\/coelectrix.com\/wp-content\/uploads\/2022\/10\/cargador-smart-solar-ip22-20a-1-salida-victron-energy.jpg\" \/>\n\t<meta property=\"og:image:width\" content=\"600\" \/>\n\t<meta property=\"og:image:height\" content=\"600\" \/>\n\t<meta property=\"og:image:type\" content=\"image\/jpeg\" \/>\n<meta name=\"twitter:card\" content=\"summary_large_image\" \/>\n<meta name=\"twitter:label1\" content=\"Tempo estimado de leitura\" \/>\n\t<meta name=\"twitter:data1\" content=\"2 minutos\" \/>\n<script type=\"application\/ld+json\" class=\"yoast-schema-graph\">{\"@context\":\"https:\/\/schema.org\",\"@graph\":[{\"@type\":\"WebPage\",\"@id\":\"https:\/\/coelectrix.com\/pt-pt\/produto\/carregador-azul-smart-ip22-12v-20a-1-saida-victron-energy\",\"url\":\"https:\/\/coelectrix.com\/pt-pt\/produto\/carregador-azul-smart-ip22-12v-20a-1-saida-victron-energy\",\"name\":\"\u25b7 Carregador Blue Smart IP22 12v 20A 1 sa\u00edda Victron Energy | Coelectrix.com\",\"isPartOf\":{\"@id\":\"https:\/\/coelectrix.com\/pt-pt\/#website\"},\"primaryImageOfPage\":{\"@id\":\"https:\/\/coelectrix.com\/pt-pt\/produto\/carregador-azul-smart-ip22-12v-20a-1-saida-victron-energy#primaryimage\"},\"image\":{\"@id\":\"https:\/\/coelectrix.com\/pt-pt\/produto\/carregador-azul-smart-ip22-12v-20a-1-saida-victron-energy#primaryimage\"},\"thumbnailUrl\":\"https:\/\/coelectrix.com\/wp-content\/uploads\/2022\/10\/cargador-smart-solar-ip22-20a-1-salida-victron-energy.jpg\",\"datePublished\":\"2022-10-06T11:44:50+00:00\",\"dateModified\":\"2025-08-19T04:02:30+00:00\",\"description\":\"Blue Smart IP22 12v 20A 1 sa\u00edda Victron Energy 30A Carregador para todos os tipos de baterias, incluindo l\u00edtio com bluetooth\",\"breadcrumb\":{\"@id\":\"https:\/\/coelectrix.com\/pt-pt\/produto\/carregador-azul-smart-ip22-12v-20a-1-saida-victron-energy#breadcrumb\"},\"inLanguage\":\"pt-PT\",\"potentialAction\":[{\"@type\":\"ReadAction\",\"target\":[\"https:\/\/coelectrix.com\/pt-pt\/produto\/carregador-azul-smart-ip22-12v-20a-1-saida-victron-energy\"]}]},{\"@type\":\"ImageObject\",\"inLanguage\":\"pt-PT\",\"@id\":\"https:\/\/coelectrix.com\/pt-pt\/produto\/carregador-azul-smart-ip22-12v-20a-1-saida-victron-energy#primaryimage\",\"url\":\"https:\/\/coelectrix.com\/wp-content\/uploads\/2022\/10\/cargador-smart-solar-ip22-20a-1-salida-victron-energy.jpg\",\"contentUrl\":\"https:\/\/coelectrix.com\/wp-content\/uploads\/2022\/10\/cargador-smart-solar-ip22-20a-1-salida-victron-energy.jpg\",\"width\":600,\"height\":600,\"caption\":\"Blue Smart IP22 12v 20A 1 sa\u00edda Victron Energy\"},{\"@type\":\"BreadcrumbList\",\"@id\":\"https:\/\/coelectrix.com\/pt-pt\/produto\/carregador-azul-smart-ip22-12v-20a-1-saida-victron-energy#breadcrumb\",\"itemListElement\":[{\"@type\":\"ListItem\",\"position\":1,\"name\":\"Portada\",\"item\":\"https:\/\/coelectrix.com\/\"},{\"@type\":\"ListItem\",\"position\":2,\"name\":\"Loja\",\"item\":\"https:\/\/coelectrix.com\/pt-pt\/loja\"},{\"@type\":\"ListItem\",\"position\":3,\"name\":\"Carregador Blue Smart IP22 12v 20A 1 sa\u00edda Victron Energy\"}]},{\"@type\":\"WebSite\",\"@id\":\"https:\/\/coelectrix.com\/pt-pt\/#website\",\"url\":\"https:\/\/coelectrix.com\/pt-pt\/\",\"name\":\"Coelectrix\",\"description\":\"Componentes el\u00e9ctricos\",\"publisher\":{\"@id\":\"https:\/\/coelectrix.com\/pt-pt\/#organization\"},\"potentialAction\":[{\"@type\":\"SearchAction\",\"target\":{\"@type\":\"EntryPoint\",\"urlTemplate\":\"https:\/\/coelectrix.com\/pt-pt\/?s={search_term_string}\"},\"query-input\":{\"@type\":\"PropertyValueSpecification\",\"valueRequired\":true,\"valueName\":\"search_term_string\"}}],\"inLanguage\":\"pt-PT\"},{\"@type\":\"Organization\",\"@id\":\"https:\/\/coelectrix.com\/pt-pt\/#organization\",\"name\":\"coelectrix.com\",\"url\":\"https:\/\/coelectrix.com\/pt-pt\/\",\"logo\":{\"@type\":\"ImageObject\",\"inLanguage\":\"pt-PT\",\"@id\":\"https:\/\/coelectrix.com\/pt-pt\/#\/schema\/logo\/image\/\",\"url\":\"https:\/\/coelectrix.com\/wp-content\/uploads\/2018\/05\/logo-coelectrix-400x400.jpg\",\"contentUrl\":\"https:\/\/coelectrix.com\/wp-content\/uploads\/2018\/05\/logo-coelectrix-400x400.jpg\",\"width\":300,\"height\":300,\"caption\":\"coelectrix.com\"},\"image\":{\"@id\":\"https:\/\/coelectrix.com\/pt-pt\/#\/schema\/logo\/image\/\"}}]}<\/script>\n<!-- \/ Yoast SEO plugin. -->","yoast_head_json":{"title":"\u25b7 Carregador Blue Smart IP22 12v 20A 1 sa\u00edda Victron Energy | Coelectrix.com","description":"Blue Smart IP22 12v 20A 1 sa\u00edda Victron Energy 30A Carregador para todos os tipos de baterias, incluindo l\u00edtio com bluetooth","robots":{"index":"index","follow":"follow","max-snippet":"max-snippet:-1","max-image-preview":"max-image-preview:large","max-video-preview":"max-video-preview:-1"},"canonical":"https:\/\/coelectrix.com\/pt-pt\/produto\/carregador-azul-smart-ip22-12v-20a-1-saida-victron-energy","og_locale":"pt_PT","og_type":"article","og_title":"\u25b7 Carregador Blue Smart IP22 12v 20A 1 sa\u00edda Victron Energy | Coelectrix.com","og_description":"Blue Smart IP22 12v 20A 1 sa\u00edda Victron Energy 30A Carregador para todos os tipos de baterias, incluindo l\u00edtio com bluetooth","og_url":"https:\/\/coelectrix.com\/pt-pt\/produto\/carregador-azul-smart-ip22-12v-20a-1-saida-victron-energy","og_site_name":"Coelectrix","article_modified_time":"2025-08-19T04:02:30+00:00","og_image":[{"width":600,"height":600,"url":"https:\/\/coelectrix.com\/wp-content\/uploads\/2022\/10\/cargador-smart-solar-ip22-20a-1-salida-victron-energy.jpg","type":"image\/jpeg"}],"twitter_card":"summary_large_image","twitter_misc":{"Tempo estimado de leitura":"2 minutos"},"schema":{"@context":"https:\/\/schema.org","@graph":[{"@type":"WebPage","@id":"https:\/\/coelectrix.com\/pt-pt\/produto\/carregador-azul-smart-ip22-12v-20a-1-saida-victron-energy","url":"https:\/\/coelectrix.com\/pt-pt\/produto\/carregador-azul-smart-ip22-12v-20a-1-saida-victron-energy","name":"\u25b7 Carregador Blue Smart IP22 12v 20A 1 sa\u00edda Victron Energy | Coelectrix.com","isPartOf":{"@id":"https:\/\/coelectrix.com\/pt-pt\/#website"},"primaryImageOfPage":{"@id":"https:\/\/coelectrix.com\/pt-pt\/produto\/carregador-azul-smart-ip22-12v-20a-1-saida-victron-energy#primaryimage"},"image":{"@id":"https:\/\/coelectrix.com\/pt-pt\/produto\/carregador-azul-smart-ip22-12v-20a-1-saida-victron-energy#primaryimage"},"thumbnailUrl":"https:\/\/coelectrix.com\/wp-content\/uploads\/2022\/10\/cargador-smart-solar-ip22-20a-1-salida-victron-energy.jpg","datePublished":"2022-10-06T11:44:50+00:00","dateModified":"2025-08-19T04:02:30+00:00","description":"Blue Smart IP22 12v 20A 1 sa\u00edda Victron Energy 30A Carregador para todos os tipos de baterias, incluindo l\u00edtio com bluetooth","breadcrumb":{"@id":"https:\/\/coelectrix.com\/pt-pt\/produto\/carregador-azul-smart-ip22-12v-20a-1-saida-victron-energy#breadcrumb"},"inLanguage":"pt-PT","potentialAction":[{"@type":"ReadAction","target":["https:\/\/coelectrix.com\/pt-pt\/produto\/carregador-azul-smart-ip22-12v-20a-1-saida-victron-energy"]}]},{"@type":"ImageObject","inLanguage":"pt-PT","@id":"https:\/\/coelectrix.com\/pt-pt\/produto\/carregador-azul-smart-ip22-12v-20a-1-saida-victron-energy#primaryimage","url":"https:\/\/coelectrix.com\/wp-content\/uploads\/2022\/10\/cargador-smart-solar-ip22-20a-1-salida-victron-energy.jpg","contentUrl":"https:\/\/coelectrix.com\/wp-content\/uploads\/2022\/10\/cargador-smart-solar-ip22-20a-1-salida-victron-energy.jpg","width":600,"height":600,"caption":"Blue Smart IP22 12v 20A 1 sa\u00edda Victron Energy"},{"@type":"BreadcrumbList","@id":"https:\/\/coelectrix.com\/pt-pt\/produto\/carregador-azul-smart-ip22-12v-20a-1-saida-victron-energy#breadcrumb","itemListElement":[{"@type":"ListItem","position":1,"name":"Portada","item":"https:\/\/coelectrix.com\/"},{"@type":"ListItem","position":2,"name":"Loja","item":"https:\/\/coelectrix.com\/pt-pt\/loja"},{"@type":"ListItem","position":3,"name":"Carregador Blue Smart IP22 12v 20A 1 sa\u00edda Victron Energy"}]},{"@type":"WebSite","@id":"https:\/\/coelectrix.com\/pt-pt\/#website","url":"https:\/\/coelectrix.com\/pt-pt\/","name":"Coelectrix","description":"Componentes el\u00e9ctricos","publisher":{"@id":"https:\/\/coelectrix.com\/pt-pt\/#organization"},"potentialAction":[{"@type":"SearchAction","target":{"@type":"EntryPoint","urlTemplate":"https:\/\/coelectrix.com\/pt-pt\/?s={search_term_string}"},"query-input":{"@type":"PropertyValueSpecification","valueRequired":true,"valueName":"search_term_string"}}],"inLanguage":"pt-PT"},{"@type":"Organization","@id":"https:\/\/coelectrix.com\/pt-pt\/#organization","name":"coelectrix.com","url":"https:\/\/coelectrix.com\/pt-pt\/","logo":{"@type":"ImageObject","inLanguage":"pt-PT","@id":"https:\/\/coelectrix.com\/pt-pt\/#\/schema\/logo\/image\/","url":"https:\/\/coelectrix.com\/wp-content\/uploads\/2018\/05\/logo-coelectrix-400x400.jpg","contentUrl":"https:\/\/coelectrix.com\/wp-content\/uploads\/2018\/05\/logo-coelectrix-400x400.jpg","width":300,"height":300,"caption":"coelectrix.com"},"image":{"@id":"https:\/\/coelectrix.com\/pt-pt\/#\/schema\/logo\/image\/"}}]}},"_links":{"self":[{"href":"https:\/\/coelectrix.com\/pt-pt\/wp-json\/wp\/v2\/product\/75254","targetHints":{"allow":["GET"]}}],"collection":[{"href":"https:\/\/coelectrix.com\/pt-pt\/wp-json\/wp\/v2\/product"}],"about":[{"href":"https:\/\/coelectrix.com\/pt-pt\/wp-json\/wp\/v2\/types\/product"}],"version-history":[{"count":1,"href":"https:\/\/coelectrix.com\/pt-pt\/wp-json\/wp\/v2\/product\/75254\/revisions"}],"predecessor-version":[{"id":75329,"href":"https:\/\/coelectrix.com\/pt-pt\/wp-json\/wp\/v2\/product\/75254\/revisions\/75329"}],"wp:featuredmedia":[{"embeddable":true,"href":"https:\/\/coelectrix.com\/pt-pt\/wp-json\/wp\/v2\/media\/74251"}],"wp:attachment":[{"href":"https:\/\/coelectrix.com\/pt-pt\/wp-json\/wp\/v2\/media?parent=75254"}],"wp:term":[{"taxonomy":"product_brand","embeddable":true,"href":"https:\/\/coelectrix.com\/pt-pt\/wp-json\/wp\/v2\/product_brand?post=75254"},{"taxonomy":"product_cat","embeddable":true,"href":"https:\/\/coelectrix.com\/pt-pt\/wp-json\/wp\/v2\/product_cat?post=75254"},{"taxonomy":"product_tag","embeddable":true,"href":"https:\/\/coelectrix.com\/pt-pt\/wp-json\/wp\/v2\/product_tag?post=75254"}],"curies":[{"name":"wp","href":"https:\/\/api.w.org\/{rel}","templated":true}]}}